{"id":55248,"date":"2021-12-15T09:26:34","date_gmt":"2021-12-15T07:26:34","guid":{"rendered":"https:\/\/bien-etreiris.ch\/?page_id=55248"},"modified":"2022-09-23T18:13:04","modified_gmt":"2022-09-23T16:13:04","slug":"koerperoel","status":"publish","type":"page","link":"https:\/\/bien-etreiris.ch\/de\/produktpraesentation\/natuerliche-kosmetik\/gesicht-koerper\/balsame-und-gels\/koerperoel\/","title":{"rendered":"K\u00d6RPER\u00d6L"},"content":{"rendered":"\n<h2>K\u00f6rper\u00f6l mit Ingwer und Schwarzk\u00fcmmel<\/h2>\n\n\n\n<p><a href=\"https:\/\/bien-etreiris.ch\/wp-content\/uploads\/2021\/12\/Huile-corporelle-au-gingembre-et-au-cumin-noir.jpg\"><img loading=\"lazy\" decoding=\"async\" class=\"wp-image-55249 alignleft\" src=\"https:\/\/bien-etreiris.ch\/wp-content\/uploads\/2021\/12\/Huile-corporelle-au-gingembre-et-au-cumin-noir-120x300.jpg\" alt=\"\" width=\"216\" height=\"540\" srcset=\"https:\/\/bien-etreiris.ch\/wp-content\/uploads\/2021\/12\/Huile-corporelle-au-gingembre-et-au-cumin-noir-120x300.jpg 120w, https:\/\/bien-etreiris.ch\/wp-content\/uploads\/2021\/12\/Huile-corporelle-au-gingembre-et-au-cumin-noir-410x1024.jpg 410w, https:\/\/bien-etreiris.ch\/wp-content\/uploads\/2021\/12\/Huile-corporelle-au-gingembre-et-au-cumin-noir-615x1536.jpg 615w, https:\/\/bien-etreiris.ch\/wp-content\/uploads\/2021\/12\/Huile-corporelle-au-gingembre-et-au-cumin-noir.jpg 709w\" sizes=\"auto, (max-width: 216px) 100vw, 216px\" \/><\/a><\/p>\n<p>&nbsp;<\/p>\n<p>&nbsp;<\/p>\n<p>&nbsp;<\/p>\n<p>&nbsp;<\/p>\n<p>&nbsp;<\/p>\n<p>&nbsp;<\/p>\n<p><a href=\"https:\/\/bien-etreiris.ch\/wp-content\/uploads\/2021\/12\/bio-inspecta.png\"><img loading=\"lazy\" decoding=\"async\" class=\"alignnone  wp-image-55159\" src=\"https:\/\/bien-etreiris.ch\/wp-content\/uploads\/2021\/12\/bio-inspecta.png\" alt=\"\" width=\"58\" height=\"58\" srcset=\"https:\/\/bien-etreiris.ch\/wp-content\/uploads\/2021\/12\/bio-inspecta.png 225w, https:\/\/bien-etreiris.ch\/wp-content\/uploads\/2021\/12\/bio-inspecta-150x150.png 150w\" sizes=\"auto, (max-width: 58px) 100vw, 58px\" \/><\/a><\/p>\n<p>&nbsp;<\/p>\n<p>Spr\u00fcflasche von 100 ml <strong>CHF 21.00<\/strong><\/p>\n<p>&nbsp;<\/p>\n<p>&nbsp;<\/p>\n<p>&nbsp;<\/p>\n<p>&nbsp;<\/p>\n<p>&nbsp;<\/p>\n<p>Produktinformationen \"Body Oil Ingwer Schwarzk\u00fcmmel Sesam 100 ml BIO\/kbA\".<\/p>\n<p>Das K\u00f6rper\u00f6l ist ideal f\u00fcr Massagen, zur Pflege des ganzen K\u00f6rpers oder als Zusatz zum aromatischen, wohltuenden \u00d6lbad. Anwendung als Hautpflege: Tragen Sie das \u00d6l sparsam auf die leicht feuchte Haut auf und massieren Sie es sanft ein. Ingwer wirkt aufgrund seiner anregenden Wirkung und seiner Wirkung auf die Durchblutung angenehm w\u00e4rmend.<\/p>\n<p>Zutaten: Nigella Sativa (Black Cumin) Seed Oil*, Sesamum Indicum Nigrum (Black Sesam) Seed Oil**, Zingimber Officinale (Ginger) Root Oil**.<br>* zertifiziert Demeter \/ certified Demeter \/ Demetercertificato \/ certified Demeter.<br>** zertifiziert biologisch \/ certifi\u00e9 biologique \/ biologica certificato \/ certified organic.<\/p>\n<p>Haltbarkeitsdauer ab Herstellung: 24 Monate<\/p>\n","protected":false},"excerpt":{"rendered":"<p>K\u00f6rper\u00f6l mit Ingwer und Schwarzk\u00fcmmel &nbsp; &nbsp; &nbsp; &nbsp; &nbsp; &nbsp; &nbsp; Spr\u00fcflasche von 100 ml CHF 21.00 &nbsp; &nbsp; &nbsp; &nbsp; &nbsp; Produktinformationen \"Body Oil Ingwer Schwarzk\u00fcmmel Sesam 100 ml BIO\/kbA\". Das K\u00f6rper\u00f6l ist ideal f\u00fcr Massagen, zur Pflege des ganzen K\u00f6rpers oder als Zusatz zum aromatischen, wohltuenden \u00d6lbad. Anwendung als Hautpflege: Tragen Sie das \u00d6l sparsam auf die&nbsp;<a href=\"https:\/\/bien-etreiris.ch\/de\/produktpraesentation\/natuerliche-kosmetik\/gesicht-koerper\/balsame-und-gels\/koerperoel\/\" class=\"read-more\">Weiter lesen<\/a><\/p>\n","protected":false},"author":1,"featured_media":55246,"parent":44092,"menu_order":4895,"comment_status":"closed","ping_status":"closed","template":"page-with-child.php","meta":{"_acf_changed":false,"ngg_post_thumbnail":0,"footnotes":""},"class_list":["post-55248","page","type-page","status-publish","has-post-thumbnail","hentry"],"acf":[],"yoast_head":"<!-- This site is optimized with the Yoast SEO plugin v27.5 - https:\/\/yoast.com\/product\/yoast-seo-wordpress\/ -->\n<title>K\u00d6RPER\u00d6L - WOHLBEFINDEN<\/title>\n<meta name=\"robots\" content=\"index, follow, max-snippet:-1, max-image-preview:large, max-video-preview:-1\" \/>\n<link rel=\"canonical\" href=\"https:\/\/bien-etreiris.ch\/de\/produktpraesentation\/natuerliche-kosmetik\/gesicht-koerper\/balsame-und-gels\/koerperoel\/\" \/>\n<meta property=\"og:locale\" content=\"de_DE\" \/>\n<meta property=\"og:type\" content=\"article\" \/>\n<meta property=\"og:title\" content=\"K\u00d6RPER\u00d6L - WOHLBEFINDEN\" \/>\n<meta property=\"og:description\" content=\"K\u00f6rper\u00f6l mit Ingwer und Schwarzk\u00fcmmel &nbsp; &nbsp; &nbsp; &nbsp; &nbsp; &nbsp; &nbsp; Spr\u00fcflasche von 100 ml CHF 21.00 &nbsp; &nbsp; &nbsp; &nbsp; &nbsp; Produktinformationen &quot;Body Oil Ingwer Schwarzk\u00fcmmel Sesam 100 ml BIO\/kbA&quot;. Das K\u00f6rper\u00f6l ist ideal f\u00fcr Massagen, zur Pflege des ganzen K\u00f6rpers oder als Zusatz zum aromatischen, wohltuenden \u00d6lbad. Anwendung als Hautpflege: Tragen Sie das \u00d6l sparsam auf die&nbsp;Weiter lesen\" \/>\n<meta property=\"og:url\" content=\"https:\/\/bien-etreiris.ch\/de\/produktpraesentation\/natuerliche-kosmetik\/gesicht-koerper\/balsame-und-gels\/koerperoel\/\" \/>\n<meta property=\"og:site_name\" content=\"WOHLBEFINDEN\" \/>\n<meta property=\"article:publisher\" content=\"https:\/\/www.facebook.com\/bienetreiris\/\" \/>\n<meta property=\"article:modified_time\" content=\"2022-09-23T16:13:04+00:00\" \/>\n<meta property=\"og:image\" content=\"https:\/\/bien-etreiris.ch\/wp-content\/uploads\/2021\/12\/acceuil-huiles-corporelle.jpg\" \/>\n\t<meta property=\"og:image:width\" content=\"550\" \/>\n\t<meta property=\"og:image:height\" content=\"365\" \/>\n\t<meta property=\"og:image:type\" content=\"image\/jpeg\" \/>\n<meta name=\"twitter:label1\" content=\"Gesch\u00e4tzte Lesezeit\" \/>\n\t<meta name=\"twitter:data1\" content=\"2\u00a0Minuten\" \/>\n<script type=\"application\/ld+json\" class=\"yoast-schema-graph\">{\"@context\":\"https:\\\/\\\/schema.org\",\"@graph\":[{\"@type\":\"WebPage\",\"@id\":\"https:\\\/\\\/bien-etreiris.ch\\\/de\\\/produktpraesentation\\\/natuerliche-kosmetik\\\/gesicht-koerper\\\/balsame-und-gels\\\/koerperoel\\\/\",\"url\":\"https:\\\/\\\/bien-etreiris.ch\\\/de\\\/produktpraesentation\\\/natuerliche-kosmetik\\\/gesicht-koerper\\\/balsame-und-gels\\\/koerperoel\\\/\",\"name\":\"K\u00d6RPER\u00d6L - WOHLBEFINDEN\",\"isPartOf\":{\"@id\":\"https:\\\/\\\/bien-etreiris.ch\\\/de\\\/#website\"},\"primaryImageOfPage\":{\"@id\":\"https:\\\/\\\/bien-etreiris.ch\\\/de\\\/produktpraesentation\\\/natuerliche-kosmetik\\\/gesicht-koerper\\\/balsame-und-gels\\\/koerperoel\\\/#primaryimage\"},\"image\":{\"@id\":\"https:\\\/\\\/bien-etreiris.ch\\\/de\\\/produktpraesentation\\\/natuerliche-kosmetik\\\/gesicht-koerper\\\/balsame-und-gels\\\/koerperoel\\\/#primaryimage\"},\"thumbnailUrl\":\"https:\\\/\\\/bien-etreiris.ch\\\/wp-content\\\/uploads\\\/2021\\\/12\\\/acceuil-huiles-corporelle.jpg\",\"datePublished\":\"2021-12-15T07:26:34+00:00\",\"dateModified\":\"2022-09-23T16:13:04+00:00\",\"breadcrumb\":{\"@id\":\"https:\\\/\\\/bien-etreiris.ch\\\/de\\\/produktpraesentation\\\/natuerliche-kosmetik\\\/gesicht-koerper\\\/balsame-und-gels\\\/koerperoel\\\/#breadcrumb\"},\"inLanguage\":\"de\",\"potentialAction\":[{\"@type\":\"ReadAction\",\"target\":[\"https:\\\/\\\/bien-etreiris.ch\\\/de\\\/produktpraesentation\\\/natuerliche-kosmetik\\\/gesicht-koerper\\\/balsame-und-gels\\\/koerperoel\\\/\"]}]},{\"@type\":\"ImageObject\",\"inLanguage\":\"de\",\"@id\":\"https:\\\/\\\/bien-etreiris.ch\\\/de\\\/produktpraesentation\\\/natuerliche-kosmetik\\\/gesicht-koerper\\\/balsame-und-gels\\\/koerperoel\\\/#primaryimage\",\"url\":\"https:\\\/\\\/bien-etreiris.ch\\\/wp-content\\\/uploads\\\/2021\\\/12\\\/acceuil-huiles-corporelle.jpg\",\"contentUrl\":\"https:\\\/\\\/bien-etreiris.ch\\\/wp-content\\\/uploads\\\/2021\\\/12\\\/acceuil-huiles-corporelle.jpg\",\"width\":550,\"height\":365},{\"@type\":\"BreadcrumbList\",\"@id\":\"https:\\\/\\\/bien-etreiris.ch\\\/de\\\/produktpraesentation\\\/natuerliche-kosmetik\\\/gesicht-koerper\\\/balsame-und-gels\\\/koerperoel\\\/#breadcrumb\",\"itemListElement\":[{\"@type\":\"ListItem\",\"position\":1,\"name\":\"Home\",\"item\":\"https:\\\/\\\/bien-etreiris.ch\\\/de\\\/\"},{\"@type\":\"ListItem\",\"position\":2,\"name\":\"PRODUKTPR\u00c4SENTATION\",\"item\":\"https:\\\/\\\/bien-etreiris.ch\\\/de\\\/produktpraesentation\\\/\"},{\"@type\":\"ListItem\",\"position\":3,\"name\":\"NAT\u00dcRLICHE KOSMETIK\",\"item\":\"https:\\\/\\\/bien-etreiris.ch\\\/de\\\/produktpraesentation\\\/natuerliche-kosmetik\\\/\"},{\"@type\":\"ListItem\",\"position\":4,\"name\":\"GESICHT &#038; K\u00d6RPER\",\"item\":\"https:\\\/\\\/bien-etreiris.ch\\\/de\\\/produktpraesentation\\\/natuerliche-kosmetik\\\/gesicht-koerper\\\/\"},{\"@type\":\"ListItem\",\"position\":5,\"name\":\"BALSAME &#038; GELS\",\"item\":\"https:\\\/\\\/bien-etreiris.ch\\\/de\\\/produktpraesentation\\\/natuerliche-kosmetik\\\/gesicht-koerper\\\/balsame-und-gels\\\/\"},{\"@type\":\"ListItem\",\"position\":6,\"name\":\"K\u00d6RPER\u00d6L\"}]},{\"@type\":\"WebSite\",\"@id\":\"https:\\\/\\\/bien-etreiris.ch\\\/de\\\/#website\",\"url\":\"https:\\\/\\\/bien-etreiris.ch\\\/de\\\/\",\"name\":\"Bien-\u00eatre Iris\",\"description\":\"IHRE Gesundheit ist uns wichtig\",\"potentialAction\":[{\"@type\":\"SearchAction\",\"target\":{\"@type\":\"EntryPoint\",\"urlTemplate\":\"https:\\\/\\\/bien-etreiris.ch\\\/de\\\/?s={search_term_string}\"},\"query-input\":{\"@type\":\"PropertyValueSpecification\",\"valueRequired\":true,\"valueName\":\"search_term_string\"}}],\"inLanguage\":\"de\"}]}<\/script>\n<!-- \/ Yoast SEO plugin. -->","yoast_head_json":{"title":"K\u00d6RPER\u00d6L - WOHLBEFINDEN","robots":{"index":"index","follow":"follow","max-snippet":"max-snippet:-1","max-image-preview":"max-image-preview:large","max-video-preview":"max-video-preview:-1"},"canonical":"https:\/\/bien-etreiris.ch\/de\/produktpraesentation\/natuerliche-kosmetik\/gesicht-koerper\/balsame-und-gels\/koerperoel\/","og_locale":"de_DE","og_type":"article","og_title":"K\u00d6RPER\u00d6L - WOHLBEFINDEN","og_description":"K\u00f6rper\u00f6l mit Ingwer und Schwarzk\u00fcmmel &nbsp; &nbsp; &nbsp; &nbsp; &nbsp; &nbsp; &nbsp; Spr\u00fcflasche von 100 ml CHF 21.00 &nbsp; &nbsp; &nbsp; &nbsp; &nbsp; Produktinformationen \"Body Oil Ingwer Schwarzk\u00fcmmel Sesam 100 ml BIO\/kbA\". Das K\u00f6rper\u00f6l ist ideal f\u00fcr Massagen, zur Pflege des ganzen K\u00f6rpers oder als Zusatz zum aromatischen, wohltuenden \u00d6lbad. Anwendung als Hautpflege: Tragen Sie das \u00d6l sparsam auf die&nbsp;Weiter lesen","og_url":"https:\/\/bien-etreiris.ch\/de\/produktpraesentation\/natuerliche-kosmetik\/gesicht-koerper\/balsame-und-gels\/koerperoel\/","og_site_name":"WOHLBEFINDEN","article_publisher":"https:\/\/www.facebook.com\/bienetreiris\/","article_modified_time":"2022-09-23T16:13:04+00:00","og_image":[{"width":550,"height":365,"url":"https:\/\/bien-etreiris.ch\/wp-content\/uploads\/2021\/12\/acceuil-huiles-corporelle.jpg","type":"image\/jpeg"}],"twitter_misc":{"Gesch\u00e4tzte Lesezeit":"2\u00a0Minuten"},"schema":{"@context":"https:\/\/schema.org","@graph":[{"@type":"WebPage","@id":"https:\/\/bien-etreiris.ch\/de\/produktpraesentation\/natuerliche-kosmetik\/gesicht-koerper\/balsame-und-gels\/koerperoel\/","url":"https:\/\/bien-etreiris.ch\/de\/produktpraesentation\/natuerliche-kosmetik\/gesicht-koerper\/balsame-und-gels\/koerperoel\/","name":"K\u00d6RPER\u00d6L - WOHLBEFINDEN","isPartOf":{"@id":"https:\/\/bien-etreiris.ch\/de\/#website"},"primaryImageOfPage":{"@id":"https:\/\/bien-etreiris.ch\/de\/produktpraesentation\/natuerliche-kosmetik\/gesicht-koerper\/balsame-und-gels\/koerperoel\/#primaryimage"},"image":{"@id":"https:\/\/bien-etreiris.ch\/de\/produktpraesentation\/natuerliche-kosmetik\/gesicht-koerper\/balsame-und-gels\/koerperoel\/#primaryimage"},"thumbnailUrl":"https:\/\/bien-etreiris.ch\/wp-content\/uploads\/2021\/12\/acceuil-huiles-corporelle.jpg","datePublished":"2021-12-15T07:26:34+00:00","dateModified":"2022-09-23T16:13:04+00:00","breadcrumb":{"@id":"https:\/\/bien-etreiris.ch\/de\/produktpraesentation\/natuerliche-kosmetik\/gesicht-koerper\/balsame-und-gels\/koerperoel\/#breadcrumb"},"inLanguage":"de","potentialAction":[{"@type":"ReadAction","target":["https:\/\/bien-etreiris.ch\/de\/produktpraesentation\/natuerliche-kosmetik\/gesicht-koerper\/balsame-und-gels\/koerperoel\/"]}]},{"@type":"ImageObject","inLanguage":"de","@id":"https:\/\/bien-etreiris.ch\/de\/produktpraesentation\/natuerliche-kosmetik\/gesicht-koerper\/balsame-und-gels\/koerperoel\/#primaryimage","url":"https:\/\/bien-etreiris.ch\/wp-content\/uploads\/2021\/12\/acceuil-huiles-corporelle.jpg","contentUrl":"https:\/\/bien-etreiris.ch\/wp-content\/uploads\/2021\/12\/acceuil-huiles-corporelle.jpg","width":550,"height":365},{"@type":"BreadcrumbList","@id":"https:\/\/bien-etreiris.ch\/de\/produktpraesentation\/natuerliche-kosmetik\/gesicht-koerper\/balsame-und-gels\/koerperoel\/#breadcrumb","itemListElement":[{"@type":"ListItem","position":1,"name":"Home","item":"https:\/\/bien-etreiris.ch\/de\/"},{"@type":"ListItem","position":2,"name":"PRODUKTPR\u00c4SENTATION","item":"https:\/\/bien-etreiris.ch\/de\/produktpraesentation\/"},{"@type":"ListItem","position":3,"name":"NAT\u00dcRLICHE KOSMETIK","item":"https:\/\/bien-etreiris.ch\/de\/produktpraesentation\/natuerliche-kosmetik\/"},{"@type":"ListItem","position":4,"name":"GESICHT &#038; K\u00d6RPER","item":"https:\/\/bien-etreiris.ch\/de\/produktpraesentation\/natuerliche-kosmetik\/gesicht-koerper\/"},{"@type":"ListItem","position":5,"name":"BALSAME &#038; GELS","item":"https:\/\/bien-etreiris.ch\/de\/produktpraesentation\/natuerliche-kosmetik\/gesicht-koerper\/balsame-und-gels\/"},{"@type":"ListItem","position":6,"name":"K\u00d6RPER\u00d6L"}]},{"@type":"WebSite","@id":"https:\/\/bien-etreiris.ch\/de\/#website","url":"https:\/\/bien-etreiris.ch\/de\/","name":"Bien-\u00eatre Iris","description":"IHRE Gesundheit ist uns wichtig","potentialAction":[{"@type":"SearchAction","target":{"@type":"EntryPoint","urlTemplate":"https:\/\/bien-etreiris.ch\/de\/?s={search_term_string}"},"query-input":{"@type":"PropertyValueSpecification","valueRequired":true,"valueName":"search_term_string"}}],"inLanguage":"de"}]}},"_links":{"self":[{"href":"https:\/\/bien-etreiris.ch\/de\/wp-json\/wp\/v2\/pages\/55248","targetHints":{"allow":["GET"]}}],"collection":[{"href":"https:\/\/bien-etreiris.ch\/de\/wp-json\/wp\/v2\/pages"}],"about":[{"href":"https:\/\/bien-etreiris.ch\/de\/wp-json\/wp\/v2\/types\/page"}],"author":[{"embeddable":true,"href":"https:\/\/bien-etreiris.ch\/de\/wp-json\/wp\/v2\/users\/1"}],"replies":[{"embeddable":true,"href":"https:\/\/bien-etreiris.ch\/de\/wp-json\/wp\/v2\/comments?post=55248"}],"version-history":[{"count":4,"href":"https:\/\/bien-etreiris.ch\/de\/wp-json\/wp\/v2\/pages\/55248\/revisions"}],"predecessor-version":[{"id":60245,"href":"https:\/\/bien-etreiris.ch\/de\/wp-json\/wp\/v2\/pages\/55248\/revisions\/60245"}],"up":[{"embeddable":true,"href":"https:\/\/bien-etreiris.ch\/de\/wp-json\/wp\/v2\/pages\/44092"}],"wp:featuredmedia":[{"embeddable":true,"href":"https:\/\/bien-etreiris.ch\/de\/wp-json\/wp\/v2\/media\/55246"}],"wp:attachment":[{"href":"https:\/\/bien-etreiris.ch\/de\/wp-json\/wp\/v2\/media?parent=55248"}],"curies":[{"name":"wp","href":"https:\/\/api.w.org\/{rel}","templated":true}]}}