{"id":55185,"date":"2021-12-15T07:24:49","date_gmt":"2021-12-15T05:24:49","guid":{"rendered":"https:\/\/bien-etreiris.ch\/?page_id=55185"},"modified":"2025-03-03T12:54:13","modified_gmt":"2025-03-03T10:54:13","slug":"soigner-les-blessures","status":"publish","type":"page","link":"https:\/\/bien-etreiris.ch\/de\/produktpraesentation\/natuerliche-heilmittel\/premiers-secours\/soigner-les-blessures\/","title":{"rendered":"SOIGNER LES BLESSURES"},"content":{"rendered":"\n<h2>Soigner les blessures<\/h2>\n<h2>&nbsp;<\/h2>\n<h2>&nbsp;<\/h2>\n<h2>Achill\u00e9e millefeuille<\/h2>\n<table width=\"249\">\n<tbody>\n<tr>\n<td colspan=\"2\"><strong>Usage externe:<\/strong><\/td>\n<td>&nbsp;<\/td>\n<td>&nbsp;<\/td>\n<td>&nbsp;<\/td>\n<td>&nbsp;<\/td>\n<\/tr>\n<tr>\n<td colspan=\"3\" rowspan=\"2\">Arr\u00eater le saignement, soigner les blessures et les inflammations de la peau<\/td>\n<\/tr>\n<\/tbody>\n<\/table>\n<p>&nbsp;<\/p>\n<p>&nbsp;<\/p>\n<hr>\n<h2><span dir=\"ltr\" role=\"presentation\">Mode d\u2019emploi pour <\/span><span dir=\"ltr\" role=\"presentation\">les \u00e9corchures, <\/span><span dir=\"ltr\" role=\"presentation\">les br\u00fblures, les cou<\/span><span dir=\"ltr\" role=\"presentation\">pures et les plaies<\/span><\/h2>\n<h4>avec l'argile<\/h4>\n<p><span dir=\"ltr\" role=\"presentation\">Sans attendre et sans chercher \u00e0 nettoyer <\/span><span dir=\"ltr\" role=\"presentation\">la blessure, saupoudrez imm\u00e9diatement et <\/span><span dir=\"ltr\" role=\"presentation\">g\u00e9n\u00e9reusement l\u2019argile. Laissez l\u2019argile agir <\/span><span dir=\"ltr\" role=\"presentation\">et s\u00e9cher \u00e0 l\u2019air libre. Renouvelez le pou<\/span><span dir=\"ltr\" role=\"presentation\">drage aussi souvent que n\u00e9cessaire. L\u2019ar<\/span><span dir=\"ltr\" role=\"presentation\">gile attire \u00e0 elle les impuret\u00e9s (jusqu\u2019aux <\/span><span dir=\"ltr\" role=\"presentation\">plus microscopiques) qui se trouvent dans <\/span><span dir=\"ltr\" role=\"presentation\">la plaie et qui vont naturellement remonter vers la surface.&nbsp; Elle aide \u00e0 stopper le saignement et elle forme un tr\u00e8s bon pansement couvrant naturel. Elle combat l\u2019infection, l\u2019apparition de cloques et acc\u00e9l\u00e8re les processus de cicatrisation.<\/span><\/p>\n<p>&nbsp;<\/p>\n<p>&nbsp;<\/p>\n","protected":false},"excerpt":{"rendered":"<p>Soigner les blessures &nbsp; &nbsp; Achill\u00e9e millefeuille Usage externe: &nbsp; &nbsp; &nbsp; &nbsp; Arr\u00eater le saignement, soigner les blessures et les inflammations de la peau &nbsp; &nbsp; Mode d\u2019emploi pour les \u00e9corchures, les br\u00fblures, les coupures et les plaies avec l'argile Sans attendre et sans chercher \u00e0 nettoyer la blessure, saupoudrez imm\u00e9diatement et g\u00e9n\u00e9reusement l\u2019argile. Laissez l\u2019argile agir et s\u00e9cher&nbsp;<a href=\"https:\/\/bien-etreiris.ch\/de\/produktpraesentation\/natuerliche-heilmittel\/premiers-secours\/soigner-les-blessures\/\" class=\"read-more\">Weiter lesen<\/a><\/p>\n","protected":false},"author":1,"featured_media":55183,"parent":44143,"menu_order":4903,"comment_status":"closed","ping_status":"closed","template":"page-with-child.php","meta":{"_acf_changed":false,"ngg_post_thumbnail":0,"footnotes":""},"class_list":["post-55185","page","type-page","status-publish","has-post-thumbnail","hentry"],"acf":[],"yoast_head":"<!-- This site is optimized with the Yoast SEO plugin v27.5 - https:\/\/yoast.com\/product\/yoast-seo-wordpress\/ -->\n<title>SOIGNER LES BLESSURES - WOHLBEFINDEN<\/title>\n<meta name=\"robots\" content=\"index, follow, max-snippet:-1, max-image-preview:large, max-video-preview:-1\" \/>\n<link rel=\"canonical\" href=\"https:\/\/bien-etreiris.ch\/de\/produktpraesentation\/natuerliche-heilmittel\/premiers-secours\/soigner-les-blessures\/\" \/>\n<meta property=\"og:locale\" content=\"de_DE\" \/>\n<meta property=\"og:type\" content=\"article\" \/>\n<meta property=\"og:title\" content=\"SOIGNER LES BLESSURES - WOHLBEFINDEN\" \/>\n<meta property=\"og:description\" content=\"Soigner les blessures &nbsp; &nbsp; Achill\u00e9e millefeuille Usage externe: &nbsp; &nbsp; &nbsp; &nbsp; Arr\u00eater le saignement, soigner les blessures et les inflammations de la peau &nbsp; &nbsp; Mode d\u2019emploi pour les \u00e9corchures, les br\u00fblures, les coupures et les plaies avec l&#039;argile Sans attendre et sans chercher \u00e0 nettoyer la blessure, saupoudrez imm\u00e9diatement et g\u00e9n\u00e9reusement l\u2019argile. Laissez l\u2019argile agir et s\u00e9cher&nbsp;Weiter lesen\" \/>\n<meta property=\"og:url\" content=\"https:\/\/bien-etreiris.ch\/de\/produktpraesentation\/natuerliche-heilmittel\/premiers-secours\/soigner-les-blessures\/\" \/>\n<meta property=\"og:site_name\" content=\"WOHLBEFINDEN\" \/>\n<meta property=\"article:publisher\" content=\"https:\/\/www.facebook.com\/bienetreiris\/\" \/>\n<meta property=\"article:modified_time\" content=\"2025-03-03T10:54:13+00:00\" \/>\n<meta property=\"og:image\" content=\"https:\/\/bien-etreiris.ch\/wp-content\/uploads\/2021\/12\/acceuil-soigner-les-blessures.jpg\" \/>\n\t<meta property=\"og:image:width\" content=\"550\" \/>\n\t<meta property=\"og:image:height\" content=\"341\" \/>\n\t<meta property=\"og:image:type\" content=\"image\/jpeg\" \/>\n<meta name=\"twitter:label1\" content=\"Gesch\u00e4tzte Lesezeit\" \/>\n\t<meta name=\"twitter:data1\" content=\"1\u00a0Minute\" \/>\n<script type=\"application\/ld+json\" class=\"yoast-schema-graph\">{\"@context\":\"https:\\\/\\\/schema.org\",\"@graph\":[{\"@type\":\"WebPage\",\"@id\":\"https:\\\/\\\/bien-etreiris.ch\\\/de\\\/produktpraesentation\\\/natuerliche-heilmittel\\\/premiers-secours\\\/soigner-les-blessures\\\/\",\"url\":\"https:\\\/\\\/bien-etreiris.ch\\\/de\\\/produktpraesentation\\\/natuerliche-heilmittel\\\/premiers-secours\\\/soigner-les-blessures\\\/\",\"name\":\"SOIGNER LES BLESSURES - WOHLBEFINDEN\",\"isPartOf\":{\"@id\":\"https:\\\/\\\/bien-etreiris.ch\\\/de\\\/#website\"},\"primaryImageOfPage\":{\"@id\":\"https:\\\/\\\/bien-etreiris.ch\\\/de\\\/produktpraesentation\\\/natuerliche-heilmittel\\\/premiers-secours\\\/soigner-les-blessures\\\/#primaryimage\"},\"image\":{\"@id\":\"https:\\\/\\\/bien-etreiris.ch\\\/de\\\/produktpraesentation\\\/natuerliche-heilmittel\\\/premiers-secours\\\/soigner-les-blessures\\\/#primaryimage\"},\"thumbnailUrl\":\"https:\\\/\\\/bien-etreiris.ch\\\/wp-content\\\/uploads\\\/2021\\\/12\\\/acceuil-soigner-les-blessures.jpg\",\"datePublished\":\"2021-12-15T05:24:49+00:00\",\"dateModified\":\"2025-03-03T10:54:13+00:00\",\"breadcrumb\":{\"@id\":\"https:\\\/\\\/bien-etreiris.ch\\\/de\\\/produktpraesentation\\\/natuerliche-heilmittel\\\/premiers-secours\\\/soigner-les-blessures\\\/#breadcrumb\"},\"inLanguage\":\"de\",\"potentialAction\":[{\"@type\":\"ReadAction\",\"target\":[\"https:\\\/\\\/bien-etreiris.ch\\\/de\\\/produktpraesentation\\\/natuerliche-heilmittel\\\/premiers-secours\\\/soigner-les-blessures\\\/\"]}]},{\"@type\":\"ImageObject\",\"inLanguage\":\"de\",\"@id\":\"https:\\\/\\\/bien-etreiris.ch\\\/de\\\/produktpraesentation\\\/natuerliche-heilmittel\\\/premiers-secours\\\/soigner-les-blessures\\\/#primaryimage\",\"url\":\"https:\\\/\\\/bien-etreiris.ch\\\/wp-content\\\/uploads\\\/2021\\\/12\\\/acceuil-soigner-les-blessures.jpg\",\"contentUrl\":\"https:\\\/\\\/bien-etreiris.ch\\\/wp-content\\\/uploads\\\/2021\\\/12\\\/acceuil-soigner-les-blessures.jpg\",\"width\":550,\"height\":341},{\"@type\":\"BreadcrumbList\",\"@id\":\"https:\\\/\\\/bien-etreiris.ch\\\/de\\\/produktpraesentation\\\/natuerliche-heilmittel\\\/premiers-secours\\\/soigner-les-blessures\\\/#breadcrumb\",\"itemListElement\":[{\"@type\":\"ListItem\",\"position\":1,\"name\":\"Home\",\"item\":\"https:\\\/\\\/bien-etreiris.ch\\\/de\\\/\"},{\"@type\":\"ListItem\",\"position\":2,\"name\":\"PRODUKTPR\u00c4SENTATION\",\"item\":\"https:\\\/\\\/bien-etreiris.ch\\\/de\\\/produktpraesentation\\\/\"},{\"@type\":\"ListItem\",\"position\":3,\"name\":\"NAT\u00dcRLICHE HEILMITTEL\",\"item\":\"https:\\\/\\\/bien-etreiris.ch\\\/de\\\/produktpraesentation\\\/natuerliche-heilmittel\\\/\"},{\"@type\":\"ListItem\",\"position\":4,\"name\":\"ERSTE HILFE\",\"item\":\"https:\\\/\\\/bien-etreiris.ch\\\/de\\\/produktpraesentation\\\/natuerliche-heilmittel\\\/premiers-secours\\\/\"},{\"@type\":\"ListItem\",\"position\":5,\"name\":\"SOIGNER LES BLESSURES\"}]},{\"@type\":\"WebSite\",\"@id\":\"https:\\\/\\\/bien-etreiris.ch\\\/de\\\/#website\",\"url\":\"https:\\\/\\\/bien-etreiris.ch\\\/de\\\/\",\"name\":\"Bien-\u00eatre Iris\",\"description\":\"IHRE Gesundheit ist uns wichtig\",\"potentialAction\":[{\"@type\":\"SearchAction\",\"target\":{\"@type\":\"EntryPoint\",\"urlTemplate\":\"https:\\\/\\\/bien-etreiris.ch\\\/de\\\/?s={search_term_string}\"},\"query-input\":{\"@type\":\"PropertyValueSpecification\",\"valueRequired\":true,\"valueName\":\"search_term_string\"}}],\"inLanguage\":\"de\"}]}<\/script>\n<!-- \/ Yoast SEO plugin. -->","yoast_head_json":{"title":"SOIGNER LES BLESSURES - WOHLBEFINDEN","robots":{"index":"index","follow":"follow","max-snippet":"max-snippet:-1","max-image-preview":"max-image-preview:large","max-video-preview":"max-video-preview:-1"},"canonical":"https:\/\/bien-etreiris.ch\/de\/produktpraesentation\/natuerliche-heilmittel\/premiers-secours\/soigner-les-blessures\/","og_locale":"de_DE","og_type":"article","og_title":"SOIGNER LES BLESSURES - WOHLBEFINDEN","og_description":"Soigner les blessures &nbsp; &nbsp; Achill\u00e9e millefeuille Usage externe: &nbsp; &nbsp; &nbsp; &nbsp; Arr\u00eater le saignement, soigner les blessures et les inflammations de la peau &nbsp; &nbsp; Mode d\u2019emploi pour les \u00e9corchures, les br\u00fblures, les coupures et les plaies avec l'argile Sans attendre et sans chercher \u00e0 nettoyer la blessure, saupoudrez imm\u00e9diatement et g\u00e9n\u00e9reusement l\u2019argile. Laissez l\u2019argile agir et s\u00e9cher&nbsp;Weiter lesen","og_url":"https:\/\/bien-etreiris.ch\/de\/produktpraesentation\/natuerliche-heilmittel\/premiers-secours\/soigner-les-blessures\/","og_site_name":"WOHLBEFINDEN","article_publisher":"https:\/\/www.facebook.com\/bienetreiris\/","article_modified_time":"2025-03-03T10:54:13+00:00","og_image":[{"width":550,"height":341,"url":"https:\/\/bien-etreiris.ch\/wp-content\/uploads\/2021\/12\/acceuil-soigner-les-blessures.jpg","type":"image\/jpeg"}],"twitter_misc":{"Gesch\u00e4tzte Lesezeit":"1\u00a0Minute"},"schema":{"@context":"https:\/\/schema.org","@graph":[{"@type":"WebPage","@id":"https:\/\/bien-etreiris.ch\/de\/produktpraesentation\/natuerliche-heilmittel\/premiers-secours\/soigner-les-blessures\/","url":"https:\/\/bien-etreiris.ch\/de\/produktpraesentation\/natuerliche-heilmittel\/premiers-secours\/soigner-les-blessures\/","name":"SOIGNER LES BLESSURES - WOHLBEFINDEN","isPartOf":{"@id":"https:\/\/bien-etreiris.ch\/de\/#website"},"primaryImageOfPage":{"@id":"https:\/\/bien-etreiris.ch\/de\/produktpraesentation\/natuerliche-heilmittel\/premiers-secours\/soigner-les-blessures\/#primaryimage"},"image":{"@id":"https:\/\/bien-etreiris.ch\/de\/produktpraesentation\/natuerliche-heilmittel\/premiers-secours\/soigner-les-blessures\/#primaryimage"},"thumbnailUrl":"https:\/\/bien-etreiris.ch\/wp-content\/uploads\/2021\/12\/acceuil-soigner-les-blessures.jpg","datePublished":"2021-12-15T05:24:49+00:00","dateModified":"2025-03-03T10:54:13+00:00","breadcrumb":{"@id":"https:\/\/bien-etreiris.ch\/de\/produktpraesentation\/natuerliche-heilmittel\/premiers-secours\/soigner-les-blessures\/#breadcrumb"},"inLanguage":"de","potentialAction":[{"@type":"ReadAction","target":["https:\/\/bien-etreiris.ch\/de\/produktpraesentation\/natuerliche-heilmittel\/premiers-secours\/soigner-les-blessures\/"]}]},{"@type":"ImageObject","inLanguage":"de","@id":"https:\/\/bien-etreiris.ch\/de\/produktpraesentation\/natuerliche-heilmittel\/premiers-secours\/soigner-les-blessures\/#primaryimage","url":"https:\/\/bien-etreiris.ch\/wp-content\/uploads\/2021\/12\/acceuil-soigner-les-blessures.jpg","contentUrl":"https:\/\/bien-etreiris.ch\/wp-content\/uploads\/2021\/12\/acceuil-soigner-les-blessures.jpg","width":550,"height":341},{"@type":"BreadcrumbList","@id":"https:\/\/bien-etreiris.ch\/de\/produktpraesentation\/natuerliche-heilmittel\/premiers-secours\/soigner-les-blessures\/#breadcrumb","itemListElement":[{"@type":"ListItem","position":1,"name":"Home","item":"https:\/\/bien-etreiris.ch\/de\/"},{"@type":"ListItem","position":2,"name":"PRODUKTPR\u00c4SENTATION","item":"https:\/\/bien-etreiris.ch\/de\/produktpraesentation\/"},{"@type":"ListItem","position":3,"name":"NAT\u00dcRLICHE HEILMITTEL","item":"https:\/\/bien-etreiris.ch\/de\/produktpraesentation\/natuerliche-heilmittel\/"},{"@type":"ListItem","position":4,"name":"ERSTE HILFE","item":"https:\/\/bien-etreiris.ch\/de\/produktpraesentation\/natuerliche-heilmittel\/premiers-secours\/"},{"@type":"ListItem","position":5,"name":"SOIGNER LES BLESSURES"}]},{"@type":"WebSite","@id":"https:\/\/bien-etreiris.ch\/de\/#website","url":"https:\/\/bien-etreiris.ch\/de\/","name":"Bien-\u00eatre Iris","description":"IHRE Gesundheit ist uns wichtig","potentialAction":[{"@type":"SearchAction","target":{"@type":"EntryPoint","urlTemplate":"https:\/\/bien-etreiris.ch\/de\/?s={search_term_string}"},"query-input":{"@type":"PropertyValueSpecification","valueRequired":true,"valueName":"search_term_string"}}],"inLanguage":"de"}]}},"_links":{"self":[{"href":"https:\/\/bien-etreiris.ch\/de\/wp-json\/wp\/v2\/pages\/55185","targetHints":{"allow":["GET"]}}],"collection":[{"href":"https:\/\/bien-etreiris.ch\/de\/wp-json\/wp\/v2\/pages"}],"about":[{"href":"https:\/\/bien-etreiris.ch\/de\/wp-json\/wp\/v2\/types\/page"}],"author":[{"embeddable":true,"href":"https:\/\/bien-etreiris.ch\/de\/wp-json\/wp\/v2\/users\/1"}],"replies":[{"embeddable":true,"href":"https:\/\/bien-etreiris.ch\/de\/wp-json\/wp\/v2\/comments?post=55185"}],"version-history":[{"count":5,"href":"https:\/\/bien-etreiris.ch\/de\/wp-json\/wp\/v2\/pages\/55185\/revisions"}],"predecessor-version":[{"id":96322,"href":"https:\/\/bien-etreiris.ch\/de\/wp-json\/wp\/v2\/pages\/55185\/revisions\/96322"}],"up":[{"embeddable":true,"href":"https:\/\/bien-etreiris.ch\/de\/wp-json\/wp\/v2\/pages\/44143"}],"wp:featuredmedia":[{"embeddable":true,"href":"https:\/\/bien-etreiris.ch\/de\/wp-json\/wp\/v2\/media\/55183"}],"wp:attachment":[{"href":"https:\/\/bien-etreiris.ch\/de\/wp-json\/wp\/v2\/media?parent=55185"}],"curies":[{"name":"wp","href":"https:\/\/api.w.org\/{rel}","templated":true}]}}