{"id":55157,"date":"2021-12-15T06:49:17","date_gmt":"2021-12-15T04:49:17","guid":{"rendered":"https:\/\/bien-etreiris.ch\/produktpraesentation\/natuerliche-heilmittel\/premiers-secours\/coup-de-soleil\/"},"modified":"2021-12-15T07:49:48","modified_gmt":"2021-12-15T05:49:48","slug":"coup-de-soleil","status":"publish","type":"page","link":"https:\/\/bien-etreiris.ch\/de\/produktpraesentation\/natuerliche-heilmittel\/premiers-secours\/coup-de-soleil\/","title":{"rendered":"COUP DE SOLEIL"},"content":{"rendered":"\n<h2>Coup de soleil<\/h2>\n<p><a href=\"https:\/\/bien-etreiris.ch\/wp-content\/uploads\/2021\/12\/aloe-vera-gel.jpg\"><img loading=\"lazy\" decoding=\"async\" class=\"wp-image-55152  alignleft\" src=\"https:\/\/bien-etreiris.ch\/wp-content\/uploads\/2021\/12\/aloe-vera-gel-393x1024.jpg\" alt=\"\" width=\"156\" height=\"406\" srcset=\"https:\/\/bien-etreiris.ch\/wp-content\/uploads\/2021\/12\/aloe-vera-gel-393x1024.jpg 393w, https:\/\/bien-etreiris.ch\/wp-content\/uploads\/2021\/12\/aloe-vera-gel-115x300.jpg 115w, https:\/\/bien-etreiris.ch\/wp-content\/uploads\/2021\/12\/aloe-vera-gel.jpg 453w\" sizes=\"auto, (max-width: 156px) 100vw, 156px\" \/><\/a><\/p>\n<p>&nbsp;<\/p>\n<p>&nbsp;<\/p>\n<p>&nbsp;<\/p>\n<p><a href=\"https:\/\/bien-etreiris.ch\/wp-content\/uploads\/2021\/12\/bio-inspecta.png\"><img loading=\"lazy\" decoding=\"async\" class=\"alignnone  wp-image-55159\" src=\"https:\/\/bien-etreiris.ch\/wp-content\/uploads\/2021\/12\/bio-inspecta.png\" alt=\"\" width=\"40\" height=\"40\" srcset=\"https:\/\/bien-etreiris.ch\/wp-content\/uploads\/2021\/12\/bio-inspecta.png 225w, https:\/\/bien-etreiris.ch\/wp-content\/uploads\/2021\/12\/bio-inspecta-150x150.png 150w\" sizes=\"auto, (max-width: 40px) 100vw, 40px\" \/><\/a><\/p>\n<p><strong>NaturKraftWerke\u00ae<\/strong><\/p>\n<p>Gel d'aloe vera bio en vaporisateur.<br>Le gel au pur jus de feuilles d'aloe vera BIO (97%) hydrate et rafra\u00eechit.<\/p>\n<p>&nbsp;<\/p>\n<p>Flacon en verre 100 ml <strong>CHF 21.00<\/strong><\/p>\n<p>Fabriqu\u00e9 en Suisse<\/p>\n<p>&nbsp;<\/p>\n<p>&nbsp;<\/p>\n<h4>Informations sur le produit \"Aloe Vera Gel natural BIO\/kbA 97%\"<\/h4>\n<p>Apr\u00e8s un coup soleil, en cas de piq\u00fbres d'insectes, mais aussi dans les soins quotidiens de la peau, ce gel a un effet r\u00e9g\u00e9n\u00e9rant, bienfaisant et rafra\u00eechissant. Application pratique et propre avec le flacon spray. Petit et maniable, \u00e9galement pour les d\u00e9placements. Le gel p\u00e9n\u00e8tre rapidement et compl\u00e8tement dans la peau, il prot\u00e8ge et rafra\u00eechit en profondeur et durablement.<\/p>\n<h4><br>Ingr\u00e9dients :<\/h4>\n<p>Jus de feuilles d'aloe vera* 97 % (Br\u00e9sil), glyc\u00e9rine v\u00e9g\u00e9tale 2 %,<br>xanthane, sorbate de potassium, benzoate de sodium, acide ascorbique, acide citrique, arginine<br>(*issu de l'agriculture biologique contr\u00f4l\u00e9e)<\/p>\n<ul style=\"list-style-type: disc;\">\n<li>sans colorants ni parfums synth\u00e9tiques<\/li>\n<li>sans paraffines<\/li>\n<li>sans mati\u00e8res premi\u00e8res d'origine animale<\/li>\n<\/ul>\n<p>&nbsp;<\/p>\n<hr>\n<p>&nbsp;<\/p>\n<h4>CONCENTRATE - CONCENTRE HYDRATANT GEL<\/h4>\n<p><a href=\"https:\/\/decoiris.ch\/wp-content\/uploads\/2021\/03\/Concentrated.png\"><img loading=\"lazy\" decoding=\"async\" class=\"wp-image-39507 size-full alignleft\" src=\"https:\/\/decoiris.ch\/wp-content\/uploads\/2021\/03\/Concentrated.png\" alt=\"\" width=\"130\" height=\"285\"><\/a><\/p>\n<p>&nbsp;<\/p>\n<p>L\u2019\u00e9veil du printemps pour votre peau, cette fois avec un peu d\u2019avance. Un compagnon id\u00e9al pour la saison froide. Une haute concentration en Aloe V\u00e9ra r\u00e9g\u00e9n\u00e8re votre peau apr\u00e8s les attaques du froid et le stress d\u2019un chauffage intense.<\/p>\n<p>1 tube 100 ml <strong>CHF 15.30<\/strong><\/p>\n<p>&nbsp;<\/p>\n<p>&nbsp;<\/p>\n<p>&nbsp;<\/p>\n<p>&nbsp;<\/p>\n<p><strong><a href=\"https:\/\/decoiris.ch\/wp-content\/uploads\/2019\/08\/DESCRIPTION-Concentrate-concentr\u00e9-hydratant-.pdf\">DESCRIPTION&nbsp;<\/a><\/strong><strong> &nbsp; &nbsp; &nbsp; &nbsp;&nbsp; &nbsp; <a href=\"https:\/\/decoiris.ch\/wp-content\/uploads\/2019\/08\/INGREDIENT-Concentrate-.-concentr\u00e9-hydratant.pdf\">INGREDIENT<\/a> &nbsp; &nbsp; &nbsp; &nbsp;&nbsp; <a href=\"https:\/\/decoiris.ch\/wp-content\/uploads\/2019\/08\/APPLICATION-Concentrate-concentr\u00e9-hydratant.pdf\">APPLICATION&nbsp;<\/a> <\/strong><strong>&nbsp;&nbsp;&nbsp;&nbsp;&nbsp;&nbsp; &nbsp; <a href=\"https:\/\/decoiris.ch\/wp-content\/uploads\/2019\/08\/FAQ-Concentrate-concentr\u00e9-hydratant-.pdf\">FAQ<\/a><\/strong><\/p>\n","protected":false},"excerpt":{"rendered":"<p>Coup de soleil &nbsp; &nbsp; &nbsp; NaturKraftWerke\u00ae Gel d'aloe vera bio en vaporisateur.Le gel au pur jus de feuilles d'aloe vera BIO (97%) hydrate et rafra\u00eechit. &nbsp; Flacon en verre 100 ml CHF 21.00 Fabriqu\u00e9 en Suisse &nbsp; &nbsp; Informations sur le produit \"Aloe Vera Gel natural BIO\/kbA 97%\" Apr\u00e8s un coup soleil, en cas de piq\u00fbres d'insectes, mais aussi&nbsp;<a href=\"https:\/\/bien-etreiris.ch\/de\/produktpraesentation\/natuerliche-heilmittel\/premiers-secours\/coup-de-soleil\/\" class=\"read-more\">Weiter lesen<\/a><\/p>\n","protected":false},"author":1,"featured_media":55151,"parent":44143,"menu_order":4902,"comment_status":"closed","ping_status":"closed","template":"page-with-child.php","meta":{"_acf_changed":false,"ngg_post_thumbnail":0,"footnotes":""},"class_list":["post-55157","page","type-page","status-publish","has-post-thumbnail","hentry"],"acf":[],"yoast_head":"<!-- This site is optimized with the Yoast SEO plugin v27.4 - https:\/\/yoast.com\/product\/yoast-seo-wordpress\/ -->\n<title>COUP DE SOLEIL - WOHLBEFINDEN<\/title>\n<meta name=\"robots\" content=\"index, follow, max-snippet:-1, max-image-preview:large, max-video-preview:-1\" \/>\n<link rel=\"canonical\" href=\"https:\/\/bien-etreiris.ch\/de\/produktpraesentation\/natuerliche-heilmittel\/premiers-secours\/coup-de-soleil\/\" \/>\n<meta property=\"og:locale\" content=\"de_DE\" \/>\n<meta property=\"og:type\" content=\"article\" \/>\n<meta property=\"og:title\" content=\"COUP DE SOLEIL - WOHLBEFINDEN\" \/>\n<meta property=\"og:description\" content=\"Coup de soleil &nbsp; &nbsp; &nbsp; NaturKraftWerke\u00ae Gel d&#039;aloe vera bio en vaporisateur.Le gel au pur jus de feuilles d&#039;aloe vera BIO (97%) hydrate et rafra\u00eechit. &nbsp; Flacon en verre 100 ml CHF 21.00 Fabriqu\u00e9 en Suisse &nbsp; &nbsp; Informations sur le produit &quot;Aloe Vera Gel natural BIO\/kbA 97%&quot; Apr\u00e8s un coup soleil, en cas de piq\u00fbres d&#039;insectes, mais aussi&nbsp;Weiter lesen\" \/>\n<meta property=\"og:url\" content=\"https:\/\/bien-etreiris.ch\/de\/produktpraesentation\/natuerliche-heilmittel\/premiers-secours\/coup-de-soleil\/\" \/>\n<meta property=\"og:site_name\" content=\"WOHLBEFINDEN\" \/>\n<meta property=\"article:publisher\" content=\"https:\/\/www.facebook.com\/bienetreiris\/\" \/>\n<meta property=\"article:modified_time\" content=\"2021-12-15T05:49:48+00:00\" \/>\n<meta property=\"og:image\" content=\"https:\/\/bien-etreiris.ch\/wp-content\/uploads\/2021\/12\/acceuil-coup-soleil.jpg\" \/>\n\t<meta property=\"og:image:width\" content=\"550\" \/>\n\t<meta property=\"og:image:height\" content=\"368\" \/>\n\t<meta property=\"og:image:type\" content=\"image\/jpeg\" \/>\n<meta name=\"twitter:label1\" content=\"Gesch\u00e4tzte Lesezeit\" \/>\n\t<meta name=\"twitter:data1\" content=\"2\u00a0Minuten\" \/>\n<script type=\"application\/ld+json\" class=\"yoast-schema-graph\">{\"@context\":\"https:\\\/\\\/schema.org\",\"@graph\":[{\"@type\":\"WebPage\",\"@id\":\"https:\\\/\\\/bien-etreiris.ch\\\/de\\\/produktpraesentation\\\/natuerliche-heilmittel\\\/premiers-secours\\\/coup-de-soleil\\\/\",\"url\":\"https:\\\/\\\/bien-etreiris.ch\\\/de\\\/produktpraesentation\\\/natuerliche-heilmittel\\\/premiers-secours\\\/coup-de-soleil\\\/\",\"name\":\"COUP DE SOLEIL - WOHLBEFINDEN\",\"isPartOf\":{\"@id\":\"https:\\\/\\\/bien-etreiris.ch\\\/de\\\/#website\"},\"primaryImageOfPage\":{\"@id\":\"https:\\\/\\\/bien-etreiris.ch\\\/de\\\/produktpraesentation\\\/natuerliche-heilmittel\\\/premiers-secours\\\/coup-de-soleil\\\/#primaryimage\"},\"image\":{\"@id\":\"https:\\\/\\\/bien-etreiris.ch\\\/de\\\/produktpraesentation\\\/natuerliche-heilmittel\\\/premiers-secours\\\/coup-de-soleil\\\/#primaryimage\"},\"thumbnailUrl\":\"https:\\\/\\\/bien-etreiris.ch\\\/wp-content\\\/uploads\\\/2021\\\/12\\\/acceuil-coup-soleil.jpg\",\"datePublished\":\"2021-12-15T04:49:17+00:00\",\"dateModified\":\"2021-12-15T05:49:48+00:00\",\"breadcrumb\":{\"@id\":\"https:\\\/\\\/bien-etreiris.ch\\\/de\\\/produktpraesentation\\\/natuerliche-heilmittel\\\/premiers-secours\\\/coup-de-soleil\\\/#breadcrumb\"},\"inLanguage\":\"de\",\"potentialAction\":[{\"@type\":\"ReadAction\",\"target\":[\"https:\\\/\\\/bien-etreiris.ch\\\/de\\\/produktpraesentation\\\/natuerliche-heilmittel\\\/premiers-secours\\\/coup-de-soleil\\\/\"]}]},{\"@type\":\"ImageObject\",\"inLanguage\":\"de\",\"@id\":\"https:\\\/\\\/bien-etreiris.ch\\\/de\\\/produktpraesentation\\\/natuerliche-heilmittel\\\/premiers-secours\\\/coup-de-soleil\\\/#primaryimage\",\"url\":\"https:\\\/\\\/bien-etreiris.ch\\\/wp-content\\\/uploads\\\/2021\\\/12\\\/acceuil-coup-soleil.jpg\",\"contentUrl\":\"https:\\\/\\\/bien-etreiris.ch\\\/wp-content\\\/uploads\\\/2021\\\/12\\\/acceuil-coup-soleil.jpg\",\"width\":550,\"height\":368},{\"@type\":\"BreadcrumbList\",\"@id\":\"https:\\\/\\\/bien-etreiris.ch\\\/de\\\/produktpraesentation\\\/natuerliche-heilmittel\\\/premiers-secours\\\/coup-de-soleil\\\/#breadcrumb\",\"itemListElement\":[{\"@type\":\"ListItem\",\"position\":1,\"name\":\"Home\",\"item\":\"https:\\\/\\\/bien-etreiris.ch\\\/de\\\/\"},{\"@type\":\"ListItem\",\"position\":2,\"name\":\"PRODUKTPR\u00c4SENTATION\",\"item\":\"https:\\\/\\\/bien-etreiris.ch\\\/de\\\/produktpraesentation\\\/\"},{\"@type\":\"ListItem\",\"position\":3,\"name\":\"NAT\u00dcRLICHE HEILMITTEL\",\"item\":\"https:\\\/\\\/bien-etreiris.ch\\\/de\\\/produktpraesentation\\\/natuerliche-heilmittel\\\/\"},{\"@type\":\"ListItem\",\"position\":4,\"name\":\"ERSTE HILFE\",\"item\":\"https:\\\/\\\/bien-etreiris.ch\\\/de\\\/produktpraesentation\\\/natuerliche-heilmittel\\\/premiers-secours\\\/\"},{\"@type\":\"ListItem\",\"position\":5,\"name\":\"COUP DE SOLEIL\"}]},{\"@type\":\"WebSite\",\"@id\":\"https:\\\/\\\/bien-etreiris.ch\\\/de\\\/#website\",\"url\":\"https:\\\/\\\/bien-etreiris.ch\\\/de\\\/\",\"name\":\"Bien-\u00eatre Iris\",\"description\":\"IHRE Gesundheit ist uns wichtig\",\"potentialAction\":[{\"@type\":\"SearchAction\",\"target\":{\"@type\":\"EntryPoint\",\"urlTemplate\":\"https:\\\/\\\/bien-etreiris.ch\\\/de\\\/?s={search_term_string}\"},\"query-input\":{\"@type\":\"PropertyValueSpecification\",\"valueRequired\":true,\"valueName\":\"search_term_string\"}}],\"inLanguage\":\"de\"}]}<\/script>\n<!-- \/ Yoast SEO plugin. -->","yoast_head_json":{"title":"COUP DE SOLEIL - WOHLBEFINDEN","robots":{"index":"index","follow":"follow","max-snippet":"max-snippet:-1","max-image-preview":"max-image-preview:large","max-video-preview":"max-video-preview:-1"},"canonical":"https:\/\/bien-etreiris.ch\/de\/produktpraesentation\/natuerliche-heilmittel\/premiers-secours\/coup-de-soleil\/","og_locale":"de_DE","og_type":"article","og_title":"COUP DE SOLEIL - WOHLBEFINDEN","og_description":"Coup de soleil &nbsp; &nbsp; &nbsp; NaturKraftWerke\u00ae Gel d'aloe vera bio en vaporisateur.Le gel au pur jus de feuilles d'aloe vera BIO (97%) hydrate et rafra\u00eechit. &nbsp; Flacon en verre 100 ml CHF 21.00 Fabriqu\u00e9 en Suisse &nbsp; &nbsp; Informations sur le produit \"Aloe Vera Gel natural BIO\/kbA 97%\" Apr\u00e8s un coup soleil, en cas de piq\u00fbres d'insectes, mais aussi&nbsp;Weiter lesen","og_url":"https:\/\/bien-etreiris.ch\/de\/produktpraesentation\/natuerliche-heilmittel\/premiers-secours\/coup-de-soleil\/","og_site_name":"WOHLBEFINDEN","article_publisher":"https:\/\/www.facebook.com\/bienetreiris\/","article_modified_time":"2021-12-15T05:49:48+00:00","og_image":[{"width":550,"height":368,"url":"https:\/\/bien-etreiris.ch\/wp-content\/uploads\/2021\/12\/acceuil-coup-soleil.jpg","type":"image\/jpeg"}],"twitter_misc":{"Gesch\u00e4tzte Lesezeit":"2\u00a0Minuten"},"schema":{"@context":"https:\/\/schema.org","@graph":[{"@type":"WebPage","@id":"https:\/\/bien-etreiris.ch\/de\/produktpraesentation\/natuerliche-heilmittel\/premiers-secours\/coup-de-soleil\/","url":"https:\/\/bien-etreiris.ch\/de\/produktpraesentation\/natuerliche-heilmittel\/premiers-secours\/coup-de-soleil\/","name":"COUP DE SOLEIL - WOHLBEFINDEN","isPartOf":{"@id":"https:\/\/bien-etreiris.ch\/de\/#website"},"primaryImageOfPage":{"@id":"https:\/\/bien-etreiris.ch\/de\/produktpraesentation\/natuerliche-heilmittel\/premiers-secours\/coup-de-soleil\/#primaryimage"},"image":{"@id":"https:\/\/bien-etreiris.ch\/de\/produktpraesentation\/natuerliche-heilmittel\/premiers-secours\/coup-de-soleil\/#primaryimage"},"thumbnailUrl":"https:\/\/bien-etreiris.ch\/wp-content\/uploads\/2021\/12\/acceuil-coup-soleil.jpg","datePublished":"2021-12-15T04:49:17+00:00","dateModified":"2021-12-15T05:49:48+00:00","breadcrumb":{"@id":"https:\/\/bien-etreiris.ch\/de\/produktpraesentation\/natuerliche-heilmittel\/premiers-secours\/coup-de-soleil\/#breadcrumb"},"inLanguage":"de","potentialAction":[{"@type":"ReadAction","target":["https:\/\/bien-etreiris.ch\/de\/produktpraesentation\/natuerliche-heilmittel\/premiers-secours\/coup-de-soleil\/"]}]},{"@type":"ImageObject","inLanguage":"de","@id":"https:\/\/bien-etreiris.ch\/de\/produktpraesentation\/natuerliche-heilmittel\/premiers-secours\/coup-de-soleil\/#primaryimage","url":"https:\/\/bien-etreiris.ch\/wp-content\/uploads\/2021\/12\/acceuil-coup-soleil.jpg","contentUrl":"https:\/\/bien-etreiris.ch\/wp-content\/uploads\/2021\/12\/acceuil-coup-soleil.jpg","width":550,"height":368},{"@type":"BreadcrumbList","@id":"https:\/\/bien-etreiris.ch\/de\/produktpraesentation\/natuerliche-heilmittel\/premiers-secours\/coup-de-soleil\/#breadcrumb","itemListElement":[{"@type":"ListItem","position":1,"name":"Home","item":"https:\/\/bien-etreiris.ch\/de\/"},{"@type":"ListItem","position":2,"name":"PRODUKTPR\u00c4SENTATION","item":"https:\/\/bien-etreiris.ch\/de\/produktpraesentation\/"},{"@type":"ListItem","position":3,"name":"NAT\u00dcRLICHE HEILMITTEL","item":"https:\/\/bien-etreiris.ch\/de\/produktpraesentation\/natuerliche-heilmittel\/"},{"@type":"ListItem","position":4,"name":"ERSTE HILFE","item":"https:\/\/bien-etreiris.ch\/de\/produktpraesentation\/natuerliche-heilmittel\/premiers-secours\/"},{"@type":"ListItem","position":5,"name":"COUP DE SOLEIL"}]},{"@type":"WebSite","@id":"https:\/\/bien-etreiris.ch\/de\/#website","url":"https:\/\/bien-etreiris.ch\/de\/","name":"Bien-\u00eatre Iris","description":"IHRE Gesundheit ist uns wichtig","potentialAction":[{"@type":"SearchAction","target":{"@type":"EntryPoint","urlTemplate":"https:\/\/bien-etreiris.ch\/de\/?s={search_term_string}"},"query-input":{"@type":"PropertyValueSpecification","valueRequired":true,"valueName":"search_term_string"}}],"inLanguage":"de"}]}},"_links":{"self":[{"href":"https:\/\/bien-etreiris.ch\/de\/wp-json\/wp\/v2\/pages\/55157","targetHints":{"allow":["GET"]}}],"collection":[{"href":"https:\/\/bien-etreiris.ch\/de\/wp-json\/wp\/v2\/pages"}],"about":[{"href":"https:\/\/bien-etreiris.ch\/de\/wp-json\/wp\/v2\/types\/page"}],"author":[{"embeddable":true,"href":"https:\/\/bien-etreiris.ch\/de\/wp-json\/wp\/v2\/users\/1"}],"replies":[{"embeddable":true,"href":"https:\/\/bien-etreiris.ch\/de\/wp-json\/wp\/v2\/comments?post=55157"}],"version-history":[{"count":3,"href":"https:\/\/bien-etreiris.ch\/de\/wp-json\/wp\/v2\/pages\/55157\/revisions"}],"predecessor-version":[{"id":55207,"href":"https:\/\/bien-etreiris.ch\/de\/wp-json\/wp\/v2\/pages\/55157\/revisions\/55207"}],"up":[{"embeddable":true,"href":"https:\/\/bien-etreiris.ch\/de\/wp-json\/wp\/v2\/pages\/44143"}],"wp:featuredmedia":[{"embeddable":true,"href":"https:\/\/bien-etreiris.ch\/de\/wp-json\/wp\/v2\/media\/55151"}],"wp:attachment":[{"href":"https:\/\/bien-etreiris.ch\/de\/wp-json\/wp\/v2\/media?parent=55157"}],"curies":[{"name":"wp","href":"https:\/\/api.w.org\/{rel}","templated":true}]}}