{"id":54896,"date":"2021-11-27T17:00:30","date_gmt":"2021-11-27T15:00:30","guid":{"rendered":"https:\/\/bien-etreiris.ch\/?page_id=54896"},"modified":"2022-09-23T18:19:19","modified_gmt":"2022-09-23T16:19:19","slug":"universalbalsam","status":"publish","type":"page","link":"https:\/\/bien-etreiris.ch\/de\/produktpraesentation\/natuerliche-kosmetik\/gesicht-koerper\/balsame-und-gels\/universalbalsam\/","title":{"rendered":"UNIVERSALBALSAM"},"content":{"rendered":"\n<h2>DER FEUCHTIGKEITSSPENDENDE BIO-UNIVERSALBALSAM<\/h2>\n<p><a href=\"https:\/\/bien-etreiris.ch\/wp-content\/uploads\/2021\/11\/baume-universel.jpg\"><img loading=\"lazy\" decoding=\"async\" class=\"size-medium wp-image-54890 alignleft\" src=\"https:\/\/bien-etreiris.ch\/wp-content\/uploads\/2021\/11\/baume-universel-300x235.jpg\" alt=\"\" width=\"300\" height=\"235\" srcset=\"https:\/\/bien-etreiris.ch\/wp-content\/uploads\/2021\/11\/baume-universel-300x235.jpg 300w, https:\/\/bien-etreiris.ch\/wp-content\/uploads\/2021\/11\/baume-universel.jpg 670w\" sizes=\"auto, (max-width: 300px) 100vw, 300px\" \/><\/a><\/p>\n<h4>Gaiia<\/h4>\n<ul>\n<li>K\u00d6RPERBALSAM OHNE DUFTSTOFFE<\/li>\n<li>NEUTRALER FEUCHTIGKEITSBALSAM<\/li>\n<li>TROCKENE UND EMPFINDLICHE HAUT<\/li>\n<li>SEHR MILD<\/li>\n<li>WEDER FETTIG NOCH KLEBRIG<\/li>\n<li>INHALT 50ML<\/li>\n<li>ALUMINIUMDOSE<\/li>\n<li>VEGANE KOSMETIK<\/li>\n<\/ul>\n<p>&nbsp;<\/p>\n<p>50 ml <strong>CHF 13.80<\/strong><\/p>\n<p>&nbsp;<\/p>\n<p>&nbsp;<\/p>\n<p>Spendet Feuchtigkeit, sch\u00fctzt, n\u00e4hrt und regeneriert die Epidermis. Hilft, gesch\u00e4digte, rissige und trockene Haut zu lindern und zu reparieren.<br>Sorgt f\u00fcr ein angenehmes Muskelgef\u00fchl.<\/p>\n<h4>KLEINER TIPP<\/h4>\n<p>Massieren Sie das Produkt, damit es vollst\u00e4ndig in die Haut einzieht.<\/p>\n<p>&nbsp;<\/p>\n<p><br>Unser neutraler Universalbalsam ohne Duftstoffe Der Gaiia Feuchtigkeitsbalsam ohne Duftstoffe ist ein kleines Wunder, um selbst die trockenste und empfindlichste Haut zu n\u00e4hren und zu beruhigen. Er kombiniert Candellila-Wachs mit Bio-Pflanzen\u00f6len aus Jojoba oder Shea, um die Haut vor dem Austrocknen zu bewahren und vor sch\u00e4dlichen Umwelteinfl\u00fcssen zu sch\u00fctzen.<\/p>\n<p>Der Gaiia Universal-Feuchtigkeitsbalsam ist vielseitig einsetzbar: Er ist ideal f\u00fcr die Babypflege, kann auf Gesicht und K\u00f6rper aufgetragen werden und repariert trockene Stellen wie Ellenbogen, Knie, F\u00fc\u00dfe oder Nagelhaut.<\/p>\n<p>Ohne \u00e4therische \u00d6le, Bienenwachs und Parf\u00fcm formuliert.<\/p>\n<h4>ANWENDUNGSHINWEISE<\/h4>\n<p><br>Dieser Balsam dient dazu, trockene Haut von Erwachsenen und Kindern mit Feuchtigkeit zu versorgen. Er heilt trockene Haut am ganzen K\u00f6rper! Dieser Balsam kann auch verwendet werden, um H\u00e4nde, N\u00e4gel und Nagelhaut zu befeuchten. Du kannst diesen Universalbalsam auch auf dem Gesicht verwenden. Bei frisch gestochenen T\u00e4towierungen kann der Balsam die Haut mit Feuchtigkeit versorgen, sie beruhigen und die alten T\u00e4towierungen hervorheben.<\/p>\n<p>F\u00fcr die Tattoopflege waschen Sie Ihr Tattoo mit einer unserer Seifen, klopfen Sie die getrocknete Stelle ab und tragen Sie eine d\u00fcnne Schicht des Balsams auf das Tattoo auf.<\/p>\n<p>&nbsp;<\/p>\n<p>&nbsp;<\/p>\n<p>&nbsp;<\/p>\n<p>&nbsp;<\/p>\n","protected":false},"excerpt":{"rendered":"<p>DER FEUCHTIGKEITSSPENDENDE BIO-UNIVERSALBALSAM Gaiia K\u00d6RPERBALSAM OHNE DUFTSTOFFE NEUTRALER FEUCHTIGKEITSBALSAM TROCKENE UND EMPFINDLICHE HAUT SEHR MILD WEDER FETTIG NOCH KLEBRIG INHALT 50ML ALUMINIUMDOSE VEGANE KOSMETIK &nbsp; 50 ml CHF 13.80 &nbsp; &nbsp; Spendet Feuchtigkeit, sch\u00fctzt, n\u00e4hrt und regeneriert die Epidermis. Hilft, gesch\u00e4digte, rissige und trockene Haut zu lindern und zu reparieren.Sorgt f\u00fcr ein angenehmes Muskelgef\u00fchl. KLEINER TIPP Massieren Sie das Produkt,&nbsp;<a href=\"https:\/\/bien-etreiris.ch\/de\/produktpraesentation\/natuerliche-kosmetik\/gesicht-koerper\/balsame-und-gels\/universalbalsam\/\" class=\"read-more\">Weiter lesen<\/a><\/p>\n","protected":false},"author":1,"featured_media":54891,"parent":44092,"menu_order":4931,"comment_status":"closed","ping_status":"closed","template":"page-with-child.php","meta":{"_acf_changed":false,"ngg_post_thumbnail":0,"footnotes":""},"class_list":["post-54896","page","type-page","status-publish","has-post-thumbnail","hentry"],"acf":[],"yoast_head":"<!-- This site is optimized with the Yoast SEO plugin v27.5 - https:\/\/yoast.com\/product\/yoast-seo-wordpress\/ -->\n<title>UNIVERSALBALSAM - WOHLBEFINDEN<\/title>\n<meta name=\"robots\" content=\"index, follow, max-snippet:-1, max-image-preview:large, max-video-preview:-1\" \/>\n<link rel=\"canonical\" href=\"https:\/\/bien-etreiris.ch\/de\/produktpraesentation\/natuerliche-kosmetik\/gesicht-koerper\/balsame-und-gels\/universalbalsam\/\" \/>\n<meta property=\"og:locale\" content=\"de_DE\" \/>\n<meta property=\"og:type\" content=\"article\" \/>\n<meta property=\"og:title\" content=\"UNIVERSALBALSAM - WOHLBEFINDEN\" \/>\n<meta property=\"og:description\" content=\"DER FEUCHTIGKEITSSPENDENDE BIO-UNIVERSALBALSAM Gaiia K\u00d6RPERBALSAM OHNE DUFTSTOFFE NEUTRALER FEUCHTIGKEITSBALSAM TROCKENE UND EMPFINDLICHE HAUT SEHR MILD WEDER FETTIG NOCH KLEBRIG INHALT 50ML ALUMINIUMDOSE VEGANE KOSMETIK &nbsp; 50 ml CHF 13.80 &nbsp; &nbsp; Spendet Feuchtigkeit, sch\u00fctzt, n\u00e4hrt und regeneriert die Epidermis. Hilft, gesch\u00e4digte, rissige und trockene Haut zu lindern und zu reparieren.Sorgt f\u00fcr ein angenehmes Muskelgef\u00fchl. KLEINER TIPP Massieren Sie das Produkt,&nbsp;Weiter lesen\" \/>\n<meta property=\"og:url\" content=\"https:\/\/bien-etreiris.ch\/de\/produktpraesentation\/natuerliche-kosmetik\/gesicht-koerper\/balsame-und-gels\/universalbalsam\/\" \/>\n<meta property=\"og:site_name\" content=\"WOHLBEFINDEN\" \/>\n<meta property=\"article:publisher\" content=\"https:\/\/www.facebook.com\/bienetreiris\/\" \/>\n<meta property=\"article:modified_time\" content=\"2022-09-23T16:19:19+00:00\" \/>\n<meta property=\"og:image\" content=\"https:\/\/bien-etreiris.ch\/wp-content\/uploads\/2021\/11\/acceuil-le-baume-universel.jpg\" \/>\n\t<meta property=\"og:image:width\" content=\"550\" \/>\n\t<meta property=\"og:image:height\" content=\"368\" \/>\n\t<meta property=\"og:image:type\" content=\"image\/jpeg\" \/>\n<meta name=\"twitter:label1\" content=\"Gesch\u00e4tzte Lesezeit\" \/>\n\t<meta name=\"twitter:data1\" content=\"2\u00a0Minuten\" \/>\n<script type=\"application\/ld+json\" class=\"yoast-schema-graph\">{\"@context\":\"https:\\\/\\\/schema.org\",\"@graph\":[{\"@type\":\"WebPage\",\"@id\":\"https:\\\/\\\/bien-etreiris.ch\\\/de\\\/produktpraesentation\\\/natuerliche-kosmetik\\\/gesicht-koerper\\\/balsame-und-gels\\\/universalbalsam\\\/\",\"url\":\"https:\\\/\\\/bien-etreiris.ch\\\/de\\\/produktpraesentation\\\/natuerliche-kosmetik\\\/gesicht-koerper\\\/balsame-und-gels\\\/universalbalsam\\\/\",\"name\":\"UNIVERSALBALSAM - WOHLBEFINDEN\",\"isPartOf\":{\"@id\":\"https:\\\/\\\/bien-etreiris.ch\\\/de\\\/#website\"},\"primaryImageOfPage\":{\"@id\":\"https:\\\/\\\/bien-etreiris.ch\\\/de\\\/produktpraesentation\\\/natuerliche-kosmetik\\\/gesicht-koerper\\\/balsame-und-gels\\\/universalbalsam\\\/#primaryimage\"},\"image\":{\"@id\":\"https:\\\/\\\/bien-etreiris.ch\\\/de\\\/produktpraesentation\\\/natuerliche-kosmetik\\\/gesicht-koerper\\\/balsame-und-gels\\\/universalbalsam\\\/#primaryimage\"},\"thumbnailUrl\":\"https:\\\/\\\/bien-etreiris.ch\\\/wp-content\\\/uploads\\\/2021\\\/11\\\/acceuil-le-baume-universel.jpg\",\"datePublished\":\"2021-11-27T15:00:30+00:00\",\"dateModified\":\"2022-09-23T16:19:19+00:00\",\"breadcrumb\":{\"@id\":\"https:\\\/\\\/bien-etreiris.ch\\\/de\\\/produktpraesentation\\\/natuerliche-kosmetik\\\/gesicht-koerper\\\/balsame-und-gels\\\/universalbalsam\\\/#breadcrumb\"},\"inLanguage\":\"de\",\"potentialAction\":[{\"@type\":\"ReadAction\",\"target\":[\"https:\\\/\\\/bien-etreiris.ch\\\/de\\\/produktpraesentation\\\/natuerliche-kosmetik\\\/gesicht-koerper\\\/balsame-und-gels\\\/universalbalsam\\\/\"]}]},{\"@type\":\"ImageObject\",\"inLanguage\":\"de\",\"@id\":\"https:\\\/\\\/bien-etreiris.ch\\\/de\\\/produktpraesentation\\\/natuerliche-kosmetik\\\/gesicht-koerper\\\/balsame-und-gels\\\/universalbalsam\\\/#primaryimage\",\"url\":\"https:\\\/\\\/bien-etreiris.ch\\\/wp-content\\\/uploads\\\/2021\\\/11\\\/acceuil-le-baume-universel.jpg\",\"contentUrl\":\"https:\\\/\\\/bien-etreiris.ch\\\/wp-content\\\/uploads\\\/2021\\\/11\\\/acceuil-le-baume-universel.jpg\",\"width\":550,\"height\":368},{\"@type\":\"BreadcrumbList\",\"@id\":\"https:\\\/\\\/bien-etreiris.ch\\\/de\\\/produktpraesentation\\\/natuerliche-kosmetik\\\/gesicht-koerper\\\/balsame-und-gels\\\/universalbalsam\\\/#breadcrumb\",\"itemListElement\":[{\"@type\":\"ListItem\",\"position\":1,\"name\":\"Home\",\"item\":\"https:\\\/\\\/bien-etreiris.ch\\\/de\\\/\"},{\"@type\":\"ListItem\",\"position\":2,\"name\":\"PRODUKTPR\u00c4SENTATION\",\"item\":\"https:\\\/\\\/bien-etreiris.ch\\\/de\\\/produktpraesentation\\\/\"},{\"@type\":\"ListItem\",\"position\":3,\"name\":\"NAT\u00dcRLICHE KOSMETIK\",\"item\":\"https:\\\/\\\/bien-etreiris.ch\\\/de\\\/produktpraesentation\\\/natuerliche-kosmetik\\\/\"},{\"@type\":\"ListItem\",\"position\":4,\"name\":\"GESICHT &#038; K\u00d6RPER\",\"item\":\"https:\\\/\\\/bien-etreiris.ch\\\/de\\\/produktpraesentation\\\/natuerliche-kosmetik\\\/gesicht-koerper\\\/\"},{\"@type\":\"ListItem\",\"position\":5,\"name\":\"BALSAME &#038; GELS\",\"item\":\"https:\\\/\\\/bien-etreiris.ch\\\/de\\\/produktpraesentation\\\/natuerliche-kosmetik\\\/gesicht-koerper\\\/balsame-und-gels\\\/\"},{\"@type\":\"ListItem\",\"position\":6,\"name\":\"UNIVERSALBALSAM\"}]},{\"@type\":\"WebSite\",\"@id\":\"https:\\\/\\\/bien-etreiris.ch\\\/de\\\/#website\",\"url\":\"https:\\\/\\\/bien-etreiris.ch\\\/de\\\/\",\"name\":\"Bien-\u00eatre Iris\",\"description\":\"IHRE Gesundheit ist uns wichtig\",\"potentialAction\":[{\"@type\":\"SearchAction\",\"target\":{\"@type\":\"EntryPoint\",\"urlTemplate\":\"https:\\\/\\\/bien-etreiris.ch\\\/de\\\/?s={search_term_string}\"},\"query-input\":{\"@type\":\"PropertyValueSpecification\",\"valueRequired\":true,\"valueName\":\"search_term_string\"}}],\"inLanguage\":\"de\"}]}<\/script>\n<!-- \/ Yoast SEO plugin. -->","yoast_head_json":{"title":"UNIVERSALBALSAM - WOHLBEFINDEN","robots":{"index":"index","follow":"follow","max-snippet":"max-snippet:-1","max-image-preview":"max-image-preview:large","max-video-preview":"max-video-preview:-1"},"canonical":"https:\/\/bien-etreiris.ch\/de\/produktpraesentation\/natuerliche-kosmetik\/gesicht-koerper\/balsame-und-gels\/universalbalsam\/","og_locale":"de_DE","og_type":"article","og_title":"UNIVERSALBALSAM - WOHLBEFINDEN","og_description":"DER FEUCHTIGKEITSSPENDENDE BIO-UNIVERSALBALSAM Gaiia K\u00d6RPERBALSAM OHNE DUFTSTOFFE NEUTRALER FEUCHTIGKEITSBALSAM TROCKENE UND EMPFINDLICHE HAUT SEHR MILD WEDER FETTIG NOCH KLEBRIG INHALT 50ML ALUMINIUMDOSE VEGANE KOSMETIK &nbsp; 50 ml CHF 13.80 &nbsp; &nbsp; Spendet Feuchtigkeit, sch\u00fctzt, n\u00e4hrt und regeneriert die Epidermis. Hilft, gesch\u00e4digte, rissige und trockene Haut zu lindern und zu reparieren.Sorgt f\u00fcr ein angenehmes Muskelgef\u00fchl. KLEINER TIPP Massieren Sie das Produkt,&nbsp;Weiter lesen","og_url":"https:\/\/bien-etreiris.ch\/de\/produktpraesentation\/natuerliche-kosmetik\/gesicht-koerper\/balsame-und-gels\/universalbalsam\/","og_site_name":"WOHLBEFINDEN","article_publisher":"https:\/\/www.facebook.com\/bienetreiris\/","article_modified_time":"2022-09-23T16:19:19+00:00","og_image":[{"width":550,"height":368,"url":"https:\/\/bien-etreiris.ch\/wp-content\/uploads\/2021\/11\/acceuil-le-baume-universel.jpg","type":"image\/jpeg"}],"twitter_misc":{"Gesch\u00e4tzte Lesezeit":"2\u00a0Minuten"},"schema":{"@context":"https:\/\/schema.org","@graph":[{"@type":"WebPage","@id":"https:\/\/bien-etreiris.ch\/de\/produktpraesentation\/natuerliche-kosmetik\/gesicht-koerper\/balsame-und-gels\/universalbalsam\/","url":"https:\/\/bien-etreiris.ch\/de\/produktpraesentation\/natuerliche-kosmetik\/gesicht-koerper\/balsame-und-gels\/universalbalsam\/","name":"UNIVERSALBALSAM - WOHLBEFINDEN","isPartOf":{"@id":"https:\/\/bien-etreiris.ch\/de\/#website"},"primaryImageOfPage":{"@id":"https:\/\/bien-etreiris.ch\/de\/produktpraesentation\/natuerliche-kosmetik\/gesicht-koerper\/balsame-und-gels\/universalbalsam\/#primaryimage"},"image":{"@id":"https:\/\/bien-etreiris.ch\/de\/produktpraesentation\/natuerliche-kosmetik\/gesicht-koerper\/balsame-und-gels\/universalbalsam\/#primaryimage"},"thumbnailUrl":"https:\/\/bien-etreiris.ch\/wp-content\/uploads\/2021\/11\/acceuil-le-baume-universel.jpg","datePublished":"2021-11-27T15:00:30+00:00","dateModified":"2022-09-23T16:19:19+00:00","breadcrumb":{"@id":"https:\/\/bien-etreiris.ch\/de\/produktpraesentation\/natuerliche-kosmetik\/gesicht-koerper\/balsame-und-gels\/universalbalsam\/#breadcrumb"},"inLanguage":"de","potentialAction":[{"@type":"ReadAction","target":["https:\/\/bien-etreiris.ch\/de\/produktpraesentation\/natuerliche-kosmetik\/gesicht-koerper\/balsame-und-gels\/universalbalsam\/"]}]},{"@type":"ImageObject","inLanguage":"de","@id":"https:\/\/bien-etreiris.ch\/de\/produktpraesentation\/natuerliche-kosmetik\/gesicht-koerper\/balsame-und-gels\/universalbalsam\/#primaryimage","url":"https:\/\/bien-etreiris.ch\/wp-content\/uploads\/2021\/11\/acceuil-le-baume-universel.jpg","contentUrl":"https:\/\/bien-etreiris.ch\/wp-content\/uploads\/2021\/11\/acceuil-le-baume-universel.jpg","width":550,"height":368},{"@type":"BreadcrumbList","@id":"https:\/\/bien-etreiris.ch\/de\/produktpraesentation\/natuerliche-kosmetik\/gesicht-koerper\/balsame-und-gels\/universalbalsam\/#breadcrumb","itemListElement":[{"@type":"ListItem","position":1,"name":"Home","item":"https:\/\/bien-etreiris.ch\/de\/"},{"@type":"ListItem","position":2,"name":"PRODUKTPR\u00c4SENTATION","item":"https:\/\/bien-etreiris.ch\/de\/produktpraesentation\/"},{"@type":"ListItem","position":3,"name":"NAT\u00dcRLICHE KOSMETIK","item":"https:\/\/bien-etreiris.ch\/de\/produktpraesentation\/natuerliche-kosmetik\/"},{"@type":"ListItem","position":4,"name":"GESICHT &#038; K\u00d6RPER","item":"https:\/\/bien-etreiris.ch\/de\/produktpraesentation\/natuerliche-kosmetik\/gesicht-koerper\/"},{"@type":"ListItem","position":5,"name":"BALSAME &#038; GELS","item":"https:\/\/bien-etreiris.ch\/de\/produktpraesentation\/natuerliche-kosmetik\/gesicht-koerper\/balsame-und-gels\/"},{"@type":"ListItem","position":6,"name":"UNIVERSALBALSAM"}]},{"@type":"WebSite","@id":"https:\/\/bien-etreiris.ch\/de\/#website","url":"https:\/\/bien-etreiris.ch\/de\/","name":"Bien-\u00eatre Iris","description":"IHRE Gesundheit ist uns wichtig","potentialAction":[{"@type":"SearchAction","target":{"@type":"EntryPoint","urlTemplate":"https:\/\/bien-etreiris.ch\/de\/?s={search_term_string}"},"query-input":{"@type":"PropertyValueSpecification","valueRequired":true,"valueName":"search_term_string"}}],"inLanguage":"de"}]}},"_links":{"self":[{"href":"https:\/\/bien-etreiris.ch\/de\/wp-json\/wp\/v2\/pages\/54896","targetHints":{"allow":["GET"]}}],"collection":[{"href":"https:\/\/bien-etreiris.ch\/de\/wp-json\/wp\/v2\/pages"}],"about":[{"href":"https:\/\/bien-etreiris.ch\/de\/wp-json\/wp\/v2\/types\/page"}],"author":[{"embeddable":true,"href":"https:\/\/bien-etreiris.ch\/de\/wp-json\/wp\/v2\/users\/1"}],"replies":[{"embeddable":true,"href":"https:\/\/bien-etreiris.ch\/de\/wp-json\/wp\/v2\/comments?post=54896"}],"version-history":[{"count":5,"href":"https:\/\/bien-etreiris.ch\/de\/wp-json\/wp\/v2\/pages\/54896\/revisions"}],"predecessor-version":[{"id":60247,"href":"https:\/\/bien-etreiris.ch\/de\/wp-json\/wp\/v2\/pages\/54896\/revisions\/60247"}],"up":[{"embeddable":true,"href":"https:\/\/bien-etreiris.ch\/de\/wp-json\/wp\/v2\/pages\/44092"}],"wp:featuredmedia":[{"embeddable":true,"href":"https:\/\/bien-etreiris.ch\/de\/wp-json\/wp\/v2\/media\/54891"}],"wp:attachment":[{"href":"https:\/\/bien-etreiris.ch\/de\/wp-json\/wp\/v2\/media?parent=54896"}],"curies":[{"name":"wp","href":"https:\/\/api.w.org\/{rel}","templated":true}]}}