{"id":54878,"date":"2021-11-27T14:57:55","date_gmt":"2021-11-27T12:57:55","guid":{"rendered":"https:\/\/bien-etreiris.ch\/?page_id=54878"},"modified":"2021-11-27T15:07:45","modified_gmt":"2021-11-27T13:07:45","slug":"ph-streifen","status":"publish","type":"page","link":"https:\/\/bien-etreiris.ch\/de\/produktpraesentation\/gesundes-leben\/nahrungsergaenzungsmittel\/selbsttests\/ph-streifen\/","title":{"rendered":"pH STREIFEN"},"content":{"rendered":"\n<div class=\"product-title container\">\n<h2 class=\"hyphenate\">pH-Streifen<\/h2>\n<h2 class=\"subheadline\">Inklusive Urinmessprotokoll<\/h2>\n<\/div>\n<p>&nbsp;<\/p>\n<p><a href=\"https:\/\/bien-etreiris.ch\/wp-content\/uploads\/2021\/11\/Bandelettes-pH.png\"><img loading=\"lazy\" decoding=\"async\" class=\"size-medium wp-image-54868 alignleft\" src=\"https:\/\/bien-etreiris.ch\/wp-content\/uploads\/2021\/11\/Bandelettes-pH-209x300.png\" alt=\"\" width=\"209\" height=\"300\" srcset=\"https:\/\/bien-etreiris.ch\/wp-content\/uploads\/2021\/11\/Bandelettes-pH-209x300.png 209w, https:\/\/bien-etreiris.ch\/wp-content\/uploads\/2021\/11\/Bandelettes-pH.png 400w\" sizes=\"auto, (max-width: 209px) 100vw, 209px\" \/><\/a><\/p>\n<p>&nbsp;<\/p>\n<p>&nbsp;<\/p>\n<p>&nbsp;<\/p>\n<p>&nbsp;<\/p>\n<ul>\n<li>Inhalt: 100 St\u00fcck&nbsp;<strong> CHF 18.00<\/strong><\/li>\n<li>Messbereich: pH 4,5 \u2013 10,0<\/li>\n<\/ul>\n<p>&nbsp;<\/p>\n<p>Mit den pH-Streifen kann einfach und schnell der pH-Wert von Urin, Getr\u00e4nken oder anderen Fl\u00fcssigkeiten gemessen werden. Interessant ist es, den pH-Wert des Wassers vor und nach dem basischen Voll- oder Fu\u00dfbad zu vergleichen.<\/p>\n<p>&nbsp;<\/p>\n<p>&nbsp;<\/p>\n<section class=\"section-with-image themenwelt-container \">\n<div class=\"text\">\n<div>\n<h2 class=\"section-with-image-headline word-wrap \"><a href=\"https:\/\/bien-etreiris.ch\/wp-content\/uploads\/2021\/11\/mesurer-le-taux-pH.jpg\"><img loading=\"lazy\" decoding=\"async\" class=\"size-medium wp-image-54871 alignleft\" src=\"https:\/\/bien-etreiris.ch\/wp-content\/uploads\/2021\/11\/mesurer-le-taux-pH-300x209.jpg\" alt=\"\" width=\"300\" height=\"209\" srcset=\"https:\/\/bien-etreiris.ch\/wp-content\/uploads\/2021\/11\/mesurer-le-taux-pH-300x209.jpg 300w, https:\/\/bien-etreiris.ch\/wp-content\/uploads\/2021\/11\/mesurer-le-taux-pH.jpg 550w\" sizes=\"auto, (max-width: 300px) 100vw, 300px\" \/><\/a><\/h2>\n<div class=\"text\">\n<div>\n<h2 class=\"section-with-image-headline word-wrap \">Anwendung <span class=\"subheadline\">der pH-Streifen<\/span><\/h2>\n<p>Zum Messen des pH-Wertes wird ein St\u00e4bchen in die Fl\u00fcssigkeit eingetaucht, bis sich die Farben nicht mehr \u00e4ndern. Anhand der in der Packung befindlichen Farbskala kann der pH-Wert abgelesen werden.<\/p>\n<p><strong>Urinmessprotokoll<\/strong><\/p>\n<p>Zu den pH-Streifen erhalten Sie zus\u00e4tzlich ein drei- bis f\u00fcnft\u00e4giges Urinmess- sowie Ern\u00e4hrungsprotokoll. Es enth\u00e4lt eine ausf\u00fchrliche Anleitung und weitere wissenswerte Informationen \u00fcber die richtige Handhabung der Urinmessung.<\/p>\n<\/div>\n<\/div>\n<\/div>\n<\/div>\n<\/section>\n<section id=\"experiences\" class=\"kundenstimmen\">\n<h2>&nbsp;<\/h2>\n<\/section>\n","protected":false},"excerpt":{"rendered":"<p>pH-Streifen Inklusive Urinmessprotokoll &nbsp; &nbsp; &nbsp; &nbsp; &nbsp; Inhalt: 100 St\u00fcck&nbsp; CHF 18.00 Messbereich: pH 4,5 \u2013 10,0 &nbsp; Mit den pH-Streifen kann einfach und schnell der pH-Wert von Urin, Getr\u00e4nken oder anderen Fl\u00fcssigkeiten gemessen werden. Interessant ist es, den pH-Wert des Wassers vor und nach dem basischen Voll- oder Fu\u00dfbad zu vergleichen. &nbsp; &nbsp; Anwendung der pH-Streifen Zum Messen&nbsp;<a href=\"https:\/\/bien-etreiris.ch\/de\/produktpraesentation\/gesundes-leben\/nahrungsergaenzungsmittel\/selbsttests\/ph-streifen\/\" class=\"read-more\">Weiter lesen<\/a><\/p>\n","protected":false},"author":1,"featured_media":54876,"parent":34112,"menu_order":4930,"comment_status":"closed","ping_status":"closed","template":"page-with-child.php","meta":{"_acf_changed":false,"ngg_post_thumbnail":0,"footnotes":""},"class_list":["post-54878","page","type-page","status-publish","has-post-thumbnail","hentry"],"acf":[],"yoast_head":"<!-- This site is optimized with the Yoast SEO plugin v27.5 - https:\/\/yoast.com\/product\/yoast-seo-wordpress\/ -->\n<title>pH STREIFEN - WOHLBEFINDEN<\/title>\n<meta name=\"robots\" content=\"index, follow, max-snippet:-1, max-image-preview:large, max-video-preview:-1\" \/>\n<link rel=\"canonical\" href=\"https:\/\/bien-etreiris.ch\/de\/produktpraesentation\/gesundes-leben\/nahrungsergaenzungsmittel\/selbsttests\/ph-streifen\/\" \/>\n<meta property=\"og:locale\" content=\"de_DE\" \/>\n<meta property=\"og:type\" content=\"article\" \/>\n<meta property=\"og:title\" content=\"pH STREIFEN - WOHLBEFINDEN\" \/>\n<meta property=\"og:description\" content=\"pH-Streifen Inklusive Urinmessprotokoll &nbsp; &nbsp; &nbsp; &nbsp; &nbsp; Inhalt: 100 St\u00fcck&nbsp; CHF 18.00 Messbereich: pH 4,5 \u2013 10,0 &nbsp; Mit den pH-Streifen kann einfach und schnell der pH-Wert von Urin, Getr\u00e4nken oder anderen Fl\u00fcssigkeiten gemessen werden. Interessant ist es, den pH-Wert des Wassers vor und nach dem basischen Voll- oder Fu\u00dfbad zu vergleichen. &nbsp; &nbsp; Anwendung der pH-Streifen Zum Messen&nbsp;Weiter lesen\" \/>\n<meta property=\"og:url\" content=\"https:\/\/bien-etreiris.ch\/de\/produktpraesentation\/gesundes-leben\/nahrungsergaenzungsmittel\/selbsttests\/ph-streifen\/\" \/>\n<meta property=\"og:site_name\" content=\"WOHLBEFINDEN\" \/>\n<meta property=\"article:publisher\" content=\"https:\/\/www.facebook.com\/bienetreiris\/\" \/>\n<meta property=\"article:modified_time\" content=\"2021-11-27T13:07:45+00:00\" \/>\n<meta property=\"og:image\" content=\"https:\/\/bien-etreiris.ch\/wp-content\/uploads\/2021\/11\/acceuil-bandelettes-pH.jpg\" \/>\n\t<meta property=\"og:image:width\" content=\"550\" \/>\n\t<meta property=\"og:image:height\" content=\"367\" \/>\n\t<meta property=\"og:image:type\" content=\"image\/jpeg\" \/>\n<meta name=\"twitter:label1\" content=\"Gesch\u00e4tzte Lesezeit\" \/>\n\t<meta name=\"twitter:data1\" content=\"1\u00a0Minute\" \/>\n<script type=\"application\/ld+json\" class=\"yoast-schema-graph\">{\"@context\":\"https:\\\/\\\/schema.org\",\"@graph\":[{\"@type\":\"WebPage\",\"@id\":\"https:\\\/\\\/bien-etreiris.ch\\\/de\\\/produktpraesentation\\\/gesundes-leben\\\/nahrungsergaenzungsmittel\\\/selbsttests\\\/ph-streifen\\\/\",\"url\":\"https:\\\/\\\/bien-etreiris.ch\\\/de\\\/produktpraesentation\\\/gesundes-leben\\\/nahrungsergaenzungsmittel\\\/selbsttests\\\/ph-streifen\\\/\",\"name\":\"pH STREIFEN - WOHLBEFINDEN\",\"isPartOf\":{\"@id\":\"https:\\\/\\\/bien-etreiris.ch\\\/de\\\/#website\"},\"primaryImageOfPage\":{\"@id\":\"https:\\\/\\\/bien-etreiris.ch\\\/de\\\/produktpraesentation\\\/gesundes-leben\\\/nahrungsergaenzungsmittel\\\/selbsttests\\\/ph-streifen\\\/#primaryimage\"},\"image\":{\"@id\":\"https:\\\/\\\/bien-etreiris.ch\\\/de\\\/produktpraesentation\\\/gesundes-leben\\\/nahrungsergaenzungsmittel\\\/selbsttests\\\/ph-streifen\\\/#primaryimage\"},\"thumbnailUrl\":\"https:\\\/\\\/bien-etreiris.ch\\\/wp-content\\\/uploads\\\/2021\\\/11\\\/acceuil-bandelettes-pH.jpg\",\"datePublished\":\"2021-11-27T12:57:55+00:00\",\"dateModified\":\"2021-11-27T13:07:45+00:00\",\"breadcrumb\":{\"@id\":\"https:\\\/\\\/bien-etreiris.ch\\\/de\\\/produktpraesentation\\\/gesundes-leben\\\/nahrungsergaenzungsmittel\\\/selbsttests\\\/ph-streifen\\\/#breadcrumb\"},\"inLanguage\":\"de\",\"potentialAction\":[{\"@type\":\"ReadAction\",\"target\":[\"https:\\\/\\\/bien-etreiris.ch\\\/de\\\/produktpraesentation\\\/gesundes-leben\\\/nahrungsergaenzungsmittel\\\/selbsttests\\\/ph-streifen\\\/\"]}]},{\"@type\":\"ImageObject\",\"inLanguage\":\"de\",\"@id\":\"https:\\\/\\\/bien-etreiris.ch\\\/de\\\/produktpraesentation\\\/gesundes-leben\\\/nahrungsergaenzungsmittel\\\/selbsttests\\\/ph-streifen\\\/#primaryimage\",\"url\":\"https:\\\/\\\/bien-etreiris.ch\\\/wp-content\\\/uploads\\\/2021\\\/11\\\/acceuil-bandelettes-pH.jpg\",\"contentUrl\":\"https:\\\/\\\/bien-etreiris.ch\\\/wp-content\\\/uploads\\\/2021\\\/11\\\/acceuil-bandelettes-pH.jpg\",\"width\":550,\"height\":367},{\"@type\":\"BreadcrumbList\",\"@id\":\"https:\\\/\\\/bien-etreiris.ch\\\/de\\\/produktpraesentation\\\/gesundes-leben\\\/nahrungsergaenzungsmittel\\\/selbsttests\\\/ph-streifen\\\/#breadcrumb\",\"itemListElement\":[{\"@type\":\"ListItem\",\"position\":1,\"name\":\"Home\",\"item\":\"https:\\\/\\\/bien-etreiris.ch\\\/de\\\/\"},{\"@type\":\"ListItem\",\"position\":2,\"name\":\"PRODUKTPR\u00c4SENTATION\",\"item\":\"https:\\\/\\\/bien-etreiris.ch\\\/de\\\/produktpraesentation\\\/\"},{\"@type\":\"ListItem\",\"position\":3,\"name\":\"GESUNDES LEBEN\",\"item\":\"https:\\\/\\\/bien-etreiris.ch\\\/de\\\/produktpraesentation\\\/gesundes-leben\\\/\"},{\"@type\":\"ListItem\",\"position\":4,\"name\":\"NAHRUNGSERG\u00c4NZUNG\",\"item\":\"https:\\\/\\\/bien-etreiris.ch\\\/de\\\/produktpraesentation\\\/gesundes-leben\\\/nahrungsergaenzungsmittel\\\/\"},{\"@type\":\"ListItem\",\"position\":5,\"name\":\"&#8211; SELBSTTESTS\",\"item\":\"https:\\\/\\\/bien-etreiris.ch\\\/de\\\/produktpraesentation\\\/gesundes-leben\\\/nahrungsergaenzungsmittel\\\/selbsttests\\\/\"},{\"@type\":\"ListItem\",\"position\":6,\"name\":\"pH STREIFEN\"}]},{\"@type\":\"WebSite\",\"@id\":\"https:\\\/\\\/bien-etreiris.ch\\\/de\\\/#website\",\"url\":\"https:\\\/\\\/bien-etreiris.ch\\\/de\\\/\",\"name\":\"Bien-\u00eatre Iris\",\"description\":\"IHRE Gesundheit ist uns wichtig\",\"potentialAction\":[{\"@type\":\"SearchAction\",\"target\":{\"@type\":\"EntryPoint\",\"urlTemplate\":\"https:\\\/\\\/bien-etreiris.ch\\\/de\\\/?s={search_term_string}\"},\"query-input\":{\"@type\":\"PropertyValueSpecification\",\"valueRequired\":true,\"valueName\":\"search_term_string\"}}],\"inLanguage\":\"de\"}]}<\/script>\n<!-- \/ Yoast SEO plugin. -->","yoast_head_json":{"title":"pH STREIFEN - WOHLBEFINDEN","robots":{"index":"index","follow":"follow","max-snippet":"max-snippet:-1","max-image-preview":"max-image-preview:large","max-video-preview":"max-video-preview:-1"},"canonical":"https:\/\/bien-etreiris.ch\/de\/produktpraesentation\/gesundes-leben\/nahrungsergaenzungsmittel\/selbsttests\/ph-streifen\/","og_locale":"de_DE","og_type":"article","og_title":"pH STREIFEN - WOHLBEFINDEN","og_description":"pH-Streifen Inklusive Urinmessprotokoll &nbsp; &nbsp; &nbsp; &nbsp; &nbsp; Inhalt: 100 St\u00fcck&nbsp; CHF 18.00 Messbereich: pH 4,5 \u2013 10,0 &nbsp; Mit den pH-Streifen kann einfach und schnell der pH-Wert von Urin, Getr\u00e4nken oder anderen Fl\u00fcssigkeiten gemessen werden. Interessant ist es, den pH-Wert des Wassers vor und nach dem basischen Voll- oder Fu\u00dfbad zu vergleichen. &nbsp; &nbsp; Anwendung der pH-Streifen Zum Messen&nbsp;Weiter lesen","og_url":"https:\/\/bien-etreiris.ch\/de\/produktpraesentation\/gesundes-leben\/nahrungsergaenzungsmittel\/selbsttests\/ph-streifen\/","og_site_name":"WOHLBEFINDEN","article_publisher":"https:\/\/www.facebook.com\/bienetreiris\/","article_modified_time":"2021-11-27T13:07:45+00:00","og_image":[{"width":550,"height":367,"url":"https:\/\/bien-etreiris.ch\/wp-content\/uploads\/2021\/11\/acceuil-bandelettes-pH.jpg","type":"image\/jpeg"}],"twitter_misc":{"Gesch\u00e4tzte Lesezeit":"1\u00a0Minute"},"schema":{"@context":"https:\/\/schema.org","@graph":[{"@type":"WebPage","@id":"https:\/\/bien-etreiris.ch\/de\/produktpraesentation\/gesundes-leben\/nahrungsergaenzungsmittel\/selbsttests\/ph-streifen\/","url":"https:\/\/bien-etreiris.ch\/de\/produktpraesentation\/gesundes-leben\/nahrungsergaenzungsmittel\/selbsttests\/ph-streifen\/","name":"pH STREIFEN - WOHLBEFINDEN","isPartOf":{"@id":"https:\/\/bien-etreiris.ch\/de\/#website"},"primaryImageOfPage":{"@id":"https:\/\/bien-etreiris.ch\/de\/produktpraesentation\/gesundes-leben\/nahrungsergaenzungsmittel\/selbsttests\/ph-streifen\/#primaryimage"},"image":{"@id":"https:\/\/bien-etreiris.ch\/de\/produktpraesentation\/gesundes-leben\/nahrungsergaenzungsmittel\/selbsttests\/ph-streifen\/#primaryimage"},"thumbnailUrl":"https:\/\/bien-etreiris.ch\/wp-content\/uploads\/2021\/11\/acceuil-bandelettes-pH.jpg","datePublished":"2021-11-27T12:57:55+00:00","dateModified":"2021-11-27T13:07:45+00:00","breadcrumb":{"@id":"https:\/\/bien-etreiris.ch\/de\/produktpraesentation\/gesundes-leben\/nahrungsergaenzungsmittel\/selbsttests\/ph-streifen\/#breadcrumb"},"inLanguage":"de","potentialAction":[{"@type":"ReadAction","target":["https:\/\/bien-etreiris.ch\/de\/produktpraesentation\/gesundes-leben\/nahrungsergaenzungsmittel\/selbsttests\/ph-streifen\/"]}]},{"@type":"ImageObject","inLanguage":"de","@id":"https:\/\/bien-etreiris.ch\/de\/produktpraesentation\/gesundes-leben\/nahrungsergaenzungsmittel\/selbsttests\/ph-streifen\/#primaryimage","url":"https:\/\/bien-etreiris.ch\/wp-content\/uploads\/2021\/11\/acceuil-bandelettes-pH.jpg","contentUrl":"https:\/\/bien-etreiris.ch\/wp-content\/uploads\/2021\/11\/acceuil-bandelettes-pH.jpg","width":550,"height":367},{"@type":"BreadcrumbList","@id":"https:\/\/bien-etreiris.ch\/de\/produktpraesentation\/gesundes-leben\/nahrungsergaenzungsmittel\/selbsttests\/ph-streifen\/#breadcrumb","itemListElement":[{"@type":"ListItem","position":1,"name":"Home","item":"https:\/\/bien-etreiris.ch\/de\/"},{"@type":"ListItem","position":2,"name":"PRODUKTPR\u00c4SENTATION","item":"https:\/\/bien-etreiris.ch\/de\/produktpraesentation\/"},{"@type":"ListItem","position":3,"name":"GESUNDES LEBEN","item":"https:\/\/bien-etreiris.ch\/de\/produktpraesentation\/gesundes-leben\/"},{"@type":"ListItem","position":4,"name":"NAHRUNGSERG\u00c4NZUNG","item":"https:\/\/bien-etreiris.ch\/de\/produktpraesentation\/gesundes-leben\/nahrungsergaenzungsmittel\/"},{"@type":"ListItem","position":5,"name":"&#8211; SELBSTTESTS","item":"https:\/\/bien-etreiris.ch\/de\/produktpraesentation\/gesundes-leben\/nahrungsergaenzungsmittel\/selbsttests\/"},{"@type":"ListItem","position":6,"name":"pH STREIFEN"}]},{"@type":"WebSite","@id":"https:\/\/bien-etreiris.ch\/de\/#website","url":"https:\/\/bien-etreiris.ch\/de\/","name":"Bien-\u00eatre Iris","description":"IHRE Gesundheit ist uns wichtig","potentialAction":[{"@type":"SearchAction","target":{"@type":"EntryPoint","urlTemplate":"https:\/\/bien-etreiris.ch\/de\/?s={search_term_string}"},"query-input":{"@type":"PropertyValueSpecification","valueRequired":true,"valueName":"search_term_string"}}],"inLanguage":"de"}]}},"_links":{"self":[{"href":"https:\/\/bien-etreiris.ch\/de\/wp-json\/wp\/v2\/pages\/54878","targetHints":{"allow":["GET"]}}],"collection":[{"href":"https:\/\/bien-etreiris.ch\/de\/wp-json\/wp\/v2\/pages"}],"about":[{"href":"https:\/\/bien-etreiris.ch\/de\/wp-json\/wp\/v2\/types\/page"}],"author":[{"embeddable":true,"href":"https:\/\/bien-etreiris.ch\/de\/wp-json\/wp\/v2\/users\/1"}],"replies":[{"embeddable":true,"href":"https:\/\/bien-etreiris.ch\/de\/wp-json\/wp\/v2\/comments?post=54878"}],"version-history":[{"count":4,"href":"https:\/\/bien-etreiris.ch\/de\/wp-json\/wp\/v2\/pages\/54878\/revisions"}],"predecessor-version":[{"id":54886,"href":"https:\/\/bien-etreiris.ch\/de\/wp-json\/wp\/v2\/pages\/54878\/revisions\/54886"}],"up":[{"embeddable":true,"href":"https:\/\/bien-etreiris.ch\/de\/wp-json\/wp\/v2\/pages\/34112"}],"wp:featuredmedia":[{"embeddable":true,"href":"https:\/\/bien-etreiris.ch\/de\/wp-json\/wp\/v2\/media\/54876"}],"wp:attachment":[{"href":"https:\/\/bien-etreiris.ch\/de\/wp-json\/wp\/v2\/media?parent=54878"}],"curies":[{"name":"wp","href":"https:\/\/api.w.org\/{rel}","templated":true}]}}