{"id":54707,"date":"2021-11-22T00:37:47","date_gmt":"2021-11-21T22:37:47","guid":{"rendered":"https:\/\/bien-etreiris.ch\/?page_id=54707"},"modified":"2022-09-13T12:14:24","modified_gmt":"2022-09-13T10:14:24","slug":"raecherstaebchen","status":"publish","type":"page","link":"https:\/\/bien-etreiris.ch\/de\/produktpraesentation\/aromatherapie\/raeuchern\/raecherstaebchen\/","title":{"rendered":"R\u00c4UCHERST\u00c4BCHEN"},"content":{"rendered":"\n<h2>R\u00e4ucherst\u00e4bchen<\/h2>\n\n\n\n<p><\/p>\n\n\n\n<h2 class=\"product-info-title\">1. Bernstein \/ Kokooning<\/h2>\n<p><a href=\"https:\/\/bien-etreiris.ch\/wp-content\/uploads\/2021\/11\/Ambre.png\"><img loading=\"lazy\" decoding=\"async\" class=\"size-medium wp-image-54780 alignleft\" src=\"https:\/\/bien-etreiris.ch\/wp-content\/uploads\/2021\/11\/Ambre-188x300.png\" alt=\"\" width=\"188\" height=\"300\" srcset=\"https:\/\/bien-etreiris.ch\/wp-content\/uploads\/2021\/11\/Ambre-188x300.png 188w, https:\/\/bien-etreiris.ch\/wp-content\/uploads\/2021\/11\/Ambre.png 500w\" sizes=\"auto, (max-width: 188px) 100vw, 188px\" \/><\/a><\/p>\n<p>&nbsp;<\/p>\n<p>&nbsp;<\/p>\n<p>&nbsp;<\/p>\n<p>&nbsp;<\/p>\n<p>&nbsp;<\/p>\n<p>&nbsp;<\/p>\n<ul>\n<li class=\"product-info-description\">Eine pflanzliche Mischung aus Labdanumharz mit Benzoe.<br>Warm und w\u00fcrzig<\/li>\n<\/ul>\n<p>10 St\u00e4bchen <strong>CHF 5.50<br><\/strong><\/p>\n<p>&nbsp;<\/p>\n<hr>\n<h2 class=\"product-zoom\">2. Zimt \/ Aufw\u00e4rmen<\/h2>\n<p><a href=\"https:\/\/bien-etreiris.ch\/wp-content\/uploads\/2021\/11\/Cannelle.png\"><img loading=\"lazy\" decoding=\"async\" class=\"size-medium wp-image-54789 alignleft\" src=\"https:\/\/bien-etreiris.ch\/wp-content\/uploads\/2021\/11\/Cannelle-188x300.png\" alt=\"\" width=\"188\" height=\"300\" srcset=\"https:\/\/bien-etreiris.ch\/wp-content\/uploads\/2021\/11\/Cannelle-188x300.png 188w, https:\/\/bien-etreiris.ch\/wp-content\/uploads\/2021\/11\/Cannelle.png 500w\" sizes=\"auto, (max-width: 188px) 100vw, 188px\" \/><\/a><\/p>\n<p>&nbsp;<\/p>\n<p>&nbsp;<\/p>\n<p>&nbsp;<\/p>\n<p>&nbsp;<\/p>\n<p>&nbsp;<\/p>\n<p>&nbsp;<\/p>\n<div class=\"product-details\">\n<ul style=\"list-style-type: disc;\">\n<li class=\"product-info-description\">Der raffinierte Duft von Zimtrinde mit einem Hauch von Mandarinen\u00f6l.<br>Kalk und festlich<\/li>\n<\/ul>\n<\/div>\n<p>10 St\u00e4bchen <strong>CHF 5.50<\/strong><\/p>\n<p>&nbsp;<\/p>\n<p>&nbsp;<\/p>\n<hr>\n<h2 class=\"product-info-title\">3. Zeder \/ Waldduft<\/h2>\n<p>&nbsp;<\/p>\n<ul style=\"list-style-type: disc;\">\n<li class=\"product-info-description\">Der Duft der majest\u00e4tischen Zeder<\/li>\n<li class=\"product-info-description\">Edles und sch\u00fctzendes Holz<\/li>\n<\/ul>\n<p>10 St\u00e4bchen <strong>CHF 5.50<\/strong><\/p>\n<p>&nbsp;<\/p>\n<p>&nbsp;<\/p>\n<hr>\n<div class=\"product-image\" data-src=\"\/media\/products\/rsfcle-web-fc_lemongrass.jpg.1220x1040_q100.jpg\">&nbsp;<\/div>\n<h2 class=\"slideshow-pagination\">4.Zitronengras \/ Entspannung auf der Erde<\/h2>\n<div>&nbsp;<\/div>\n<div class=\"product-details\">\n<ul style=\"list-style-type: disc;\">\n<li class=\"product-info-description\">Ein erfrischender Duft<br>Zitronengrasbl\u00fcte<\/li>\n<\/ul>\n<p>10 St\u00e4bchen <strong>CHF 5.50<\/strong><\/p>\n<\/div>\n<p>&nbsp;<\/p>\n<p>&nbsp;<\/p>\n<hr>\n<div class=\"product-details\">\n<h2 class=\"product-info-title\">5. Encens \/ Aura<\/h2>\n<p>&nbsp;<\/p>\n<ul style=\"list-style-type: disc;\">\n<li class=\"product-info-description\">Noble, fin et \u00e9difiant, avec de l'encens indien<\/li>\n<li class=\"product-info-description\">Relaxe et incite \u00e0 la m\u00e9ditation<\/li>\n<\/ul>\n<p>10 b\u00e2tons <strong>CHF 5.50<\/strong><\/p>\n<\/div>\n<p>&nbsp;<\/p>\n<p>&nbsp;<\/p>\n<hr>\n<h2 class=\"slideshow-pagination\">6. G\u00e9ranium \/ R\u00e9confortant<\/h2>\n<div>&nbsp;<\/div>\n<div>&nbsp;<\/div>\n<div class=\"product-details\">\n<ul style=\"list-style-type: disc;\">\n<li class=\"product-info-description\">Le parfum c\u00e2linant du g\u00e9ranium rose<\/li>\n<li class=\"product-info-description\">Rend l'harmonie et la stabilit\u00e9<\/li>\n<\/ul>\n<p>10 b\u00e2tons <strong>CHF 5.50<\/strong><\/p>\n<\/div>\n<p>&nbsp;<\/p>\n<p>&nbsp;<\/p>\n<hr>\n<h2 class=\"slideshow-pagination\">7. Lavande \/ Anti-Stress<\/h2>\n<div class=\"product-details\">\n<p>&nbsp;<\/p>\n<ul style=\"list-style-type: disc;\">\n<li class=\"product-info-description\">Un parfum relaxant<\/li>\n<li class=\"product-info-description\">Fleur de lavande<\/li>\n<\/ul>\n<p>10 b\u00e2tons <strong>CHF 5.50<\/strong><\/p>\n<p>&nbsp;<\/p>\n<\/div>\n<p>&nbsp;<\/p>\n<hr>\n<div class=\"product-image\" data-src=\"\/media\/products\/rsfcpa-web-fc_patchouli.jpg.1220x1040_q100.jpg\">&nbsp;<\/div>\n<h2 class=\"slideshow-pagination\">8. Patchouli \/ R\u00eave d'Asie<\/h2>\n<div>&nbsp;<\/div>\n<h2>&nbsp;<\/h2>\n<div class=\"product-details\">\n<ul style=\"list-style-type: disc;\">\n<li class=\"product-info-description\">Aucun parfum n'incarne les myst\u00e8res de l'Inde aussi bien que l'herbe de patchouli<\/li>\n<li class=\"product-info-description\">Parfum profond \u00e0 la senteur du terroir<\/li>\n<\/ul>\n<\/div>\n<p>10 b\u00e2tons <strong>CHF 5.50<\/strong><\/p>\n<p>&nbsp;<\/p>\n<p>&nbsp;<\/p>\n<hr>\n<div class=\"product-image\" data-src=\"\/media\/products\/rsfcsa-web-fc_sandelholz.jpg.1220x1040_q100.jpg\">&nbsp;<\/div>\n<h2 class=\"slideshow-pagination\">9. Santal \/ Compassion<\/h2>\n<div class=\"product-details\">\n<p>&nbsp;<\/p>\n<ul style=\"list-style-type: disc;\">\n<li class=\"product-info-description\">Un des plus nobles bois aromatiques&nbsp;<\/li>\n<li class=\"product-info-description\">parfum chaud et moelleux<\/li>\n<\/ul>\n<p>10 b\u00e2tons <strong>CHF 5.50<\/strong><\/p>\n<\/div>\n<p>&nbsp;<\/p>\n<p>&nbsp;<\/p>\n<hr>\n<div class=\"product-image\" data-src=\"\/media\/products\/rsfcva-web-fc_vanilla.jpg.1220x1040_q100.jpg\">&nbsp;<\/div>\n<h2 class=\"slideshow-pagination\">10. Vanille-benjoin<\/h2>\n<div>&nbsp;<\/div>\n<div>&nbsp;<\/div>\n<div class=\"product-details\">\n<div class=\"product-image\" data-src=\"\/media\/products\/rsfcve-web-fc_vetiver.jpg.1220x1040_q100.jpg\">&nbsp;<\/div>\n<div class=\"product-zoom\">&nbsp;<\/div>\n<div class=\"product-details\">\n<p class=\"product-info-description\">10 b\u00e2tons <strong>CHF 5.50<\/strong><\/p>\n<\/div>\n<\/div>\n<p>&nbsp;<\/p>\n<p>&nbsp;<\/p>\n<p>&nbsp;<\/p>\n<hr>\n<p>&nbsp;<\/p>\n\n\n\n<div class=\"product-image\" data-src=\"\/media\/products\/rsfcve-web-fc_vetiver.jpg.1220x1040_q100.jpg\">\n<div class=\"slideshow attr-anim-fade\" data-anim=\"fade\">\n<div class=\"slideshow-pagination\">\n<h2 class=\"product-info-title\">11. V\u00e9tiver \/ Tropical Forest<\/h2>\n<\/div>\n<\/div>\n<\/div>\n<p>&nbsp;<\/p>\n<p>&nbsp;<\/p>\n<div class=\"product-details\">\n<ul style=\"list-style-type: disc;\">\n<li class=\"product-info-description\">Parfum chaleureux et \u00e9pic\u00e9<\/li>\n<li class=\"product-info-description\">Avec racine de v\u00e9tiver<\/li>\n<\/ul>\n<p>10 b\u00e2tons <strong>CHF 5.50<\/strong><\/p>\n<\/div>\n<p>&nbsp;<\/p>\n<p>&nbsp;<\/p>\n<hr>\n<h2 class=\"slideshow-pagination\">12. Ylang Ylang \/ Joie de vivre<\/h2>\n<div>&nbsp;<\/div>\n<div>&nbsp;<\/div>\n<div class=\"product-details\">\n<ul style=\"list-style-type: disc;\">\n<li class=\"product-info-description\">La fleur par excellence<\/li>\n<li class=\"product-info-description\">Un parfum enjouant, doux, sensuel et bouquet<\/li>\n<\/ul>\n<p>10 b\u00e2tons <strong>CHF 5.50<\/strong><\/p>\n<\/div>\n","protected":false},"excerpt":{"rendered":"<p>R\u00e4ucherst\u00e4bchen 1. Bernstein \/ Kokooning &nbsp; &nbsp; &nbsp; &nbsp; &nbsp; &nbsp; Eine pflanzliche Mischung aus Labdanumharz mit Benzoe.Warm und w\u00fcrzig 10 St\u00e4bchen CHF 5.50 &nbsp; 2. Zimt \/ Aufw\u00e4rmen &nbsp; &nbsp; &nbsp; &nbsp; &nbsp; &nbsp; Der raffinierte Duft von Zimtrinde mit einem Hauch von Mandarinen\u00f6l.Kalk und festlich 10 St\u00e4bchen CHF 5.50 &nbsp; &nbsp; 3. Zeder \/ Waldduft &nbsp; Der Duft&nbsp;<a href=\"https:\/\/bien-etreiris.ch\/de\/produktpraesentation\/aromatherapie\/raeuchern\/raecherstaebchen\/\" class=\"read-more\">Weiter lesen<\/a><\/p>\n","protected":false},"author":1,"featured_media":54705,"parent":30686,"menu_order":4953,"comment_status":"closed","ping_status":"closed","template":"page-with-child.php","meta":{"_acf_changed":false,"ngg_post_thumbnail":0,"footnotes":""},"class_list":["post-54707","page","type-page","status-publish","has-post-thumbnail","hentry"],"acf":[],"yoast_head":"<!-- This site is optimized with the Yoast SEO plugin v27.5 - https:\/\/yoast.com\/product\/yoast-seo-wordpress\/ -->\n<title>R\u00c4UCHERST\u00c4BCHEN - WOHLBEFINDEN<\/title>\n<meta name=\"robots\" content=\"index, follow, max-snippet:-1, max-image-preview:large, max-video-preview:-1\" \/>\n<link rel=\"canonical\" href=\"https:\/\/bien-etreiris.ch\/de\/produktpraesentation\/aromatherapie\/raeuchern\/raecherstaebchen\/\" \/>\n<meta property=\"og:locale\" content=\"de_DE\" \/>\n<meta property=\"og:type\" content=\"article\" \/>\n<meta property=\"og:title\" content=\"R\u00c4UCHERST\u00c4BCHEN - WOHLBEFINDEN\" \/>\n<meta property=\"og:description\" content=\"R\u00e4ucherst\u00e4bchen 1. Bernstein \/ Kokooning &nbsp; &nbsp; &nbsp; &nbsp; &nbsp; &nbsp; Eine pflanzliche Mischung aus Labdanumharz mit Benzoe.Warm und w\u00fcrzig 10 St\u00e4bchen CHF 5.50 &nbsp; 2. Zimt \/ Aufw\u00e4rmen &nbsp; &nbsp; &nbsp; &nbsp; &nbsp; &nbsp; Der raffinierte Duft von Zimtrinde mit einem Hauch von Mandarinen\u00f6l.Kalk und festlich 10 St\u00e4bchen CHF 5.50 &nbsp; &nbsp; 3. Zeder \/ Waldduft &nbsp; Der Duft&nbsp;Weiter lesen\" \/>\n<meta property=\"og:url\" content=\"https:\/\/bien-etreiris.ch\/de\/produktpraesentation\/aromatherapie\/raeuchern\/raecherstaebchen\/\" \/>\n<meta property=\"og:site_name\" content=\"WOHLBEFINDEN\" \/>\n<meta property=\"article:publisher\" content=\"https:\/\/www.facebook.com\/bienetreiris\/\" \/>\n<meta property=\"article:modified_time\" content=\"2022-09-13T10:14:24+00:00\" \/>\n<meta property=\"og:image\" content=\"https:\/\/bien-etreiris.ch\/wp-content\/uploads\/2021\/11\/acceuil-Batons-dencens-.jpg\" \/>\n\t<meta property=\"og:image:width\" content=\"550\" \/>\n\t<meta property=\"og:image:height\" content=\"366\" \/>\n\t<meta property=\"og:image:type\" content=\"image\/jpeg\" \/>\n<meta name=\"twitter:label1\" content=\"Gesch\u00e4tzte Lesezeit\" \/>\n\t<meta name=\"twitter:data1\" content=\"2\u00a0Minuten\" \/>\n<script type=\"application\/ld+json\" class=\"yoast-schema-graph\">{\"@context\":\"https:\\\/\\\/schema.org\",\"@graph\":[{\"@type\":\"WebPage\",\"@id\":\"https:\\\/\\\/bien-etreiris.ch\\\/de\\\/produktpraesentation\\\/aromatherapie\\\/raeuchern\\\/raecherstaebchen\\\/\",\"url\":\"https:\\\/\\\/bien-etreiris.ch\\\/de\\\/produktpraesentation\\\/aromatherapie\\\/raeuchern\\\/raecherstaebchen\\\/\",\"name\":\"R\u00c4UCHERST\u00c4BCHEN - WOHLBEFINDEN\",\"isPartOf\":{\"@id\":\"https:\\\/\\\/bien-etreiris.ch\\\/de\\\/#website\"},\"primaryImageOfPage\":{\"@id\":\"https:\\\/\\\/bien-etreiris.ch\\\/de\\\/produktpraesentation\\\/aromatherapie\\\/raeuchern\\\/raecherstaebchen\\\/#primaryimage\"},\"image\":{\"@id\":\"https:\\\/\\\/bien-etreiris.ch\\\/de\\\/produktpraesentation\\\/aromatherapie\\\/raeuchern\\\/raecherstaebchen\\\/#primaryimage\"},\"thumbnailUrl\":\"https:\\\/\\\/bien-etreiris.ch\\\/wp-content\\\/uploads\\\/2021\\\/11\\\/acceuil-Batons-dencens-.jpg\",\"datePublished\":\"2021-11-21T22:37:47+00:00\",\"dateModified\":\"2022-09-13T10:14:24+00:00\",\"breadcrumb\":{\"@id\":\"https:\\\/\\\/bien-etreiris.ch\\\/de\\\/produktpraesentation\\\/aromatherapie\\\/raeuchern\\\/raecherstaebchen\\\/#breadcrumb\"},\"inLanguage\":\"de\",\"potentialAction\":[{\"@type\":\"ReadAction\",\"target\":[\"https:\\\/\\\/bien-etreiris.ch\\\/de\\\/produktpraesentation\\\/aromatherapie\\\/raeuchern\\\/raecherstaebchen\\\/\"]}]},{\"@type\":\"ImageObject\",\"inLanguage\":\"de\",\"@id\":\"https:\\\/\\\/bien-etreiris.ch\\\/de\\\/produktpraesentation\\\/aromatherapie\\\/raeuchern\\\/raecherstaebchen\\\/#primaryimage\",\"url\":\"https:\\\/\\\/bien-etreiris.ch\\\/wp-content\\\/uploads\\\/2021\\\/11\\\/acceuil-Batons-dencens-.jpg\",\"contentUrl\":\"https:\\\/\\\/bien-etreiris.ch\\\/wp-content\\\/uploads\\\/2021\\\/11\\\/acceuil-Batons-dencens-.jpg\",\"width\":550,\"height\":366},{\"@type\":\"BreadcrumbList\",\"@id\":\"https:\\\/\\\/bien-etreiris.ch\\\/de\\\/produktpraesentation\\\/aromatherapie\\\/raeuchern\\\/raecherstaebchen\\\/#breadcrumb\",\"itemListElement\":[{\"@type\":\"ListItem\",\"position\":1,\"name\":\"Home\",\"item\":\"https:\\\/\\\/bien-etreiris.ch\\\/de\\\/\"},{\"@type\":\"ListItem\",\"position\":2,\"name\":\"PRODUKTPR\u00c4SENTATION\",\"item\":\"https:\\\/\\\/bien-etreiris.ch\\\/de\\\/produktpraesentation\\\/\"},{\"@type\":\"ListItem\",\"position\":3,\"name\":\"AROMATHERAPIE\",\"item\":\"https:\\\/\\\/bien-etreiris.ch\\\/de\\\/produktpraesentation\\\/aromatherapie\\\/\"},{\"@type\":\"ListItem\",\"position\":4,\"name\":\"R\u00e4UCHERN\",\"item\":\"https:\\\/\\\/bien-etreiris.ch\\\/de\\\/produktpraesentation\\\/aromatherapie\\\/raeuchern\\\/\"},{\"@type\":\"ListItem\",\"position\":5,\"name\":\"R\u00c4UCHERST\u00c4BCHEN\"}]},{\"@type\":\"WebSite\",\"@id\":\"https:\\\/\\\/bien-etreiris.ch\\\/de\\\/#website\",\"url\":\"https:\\\/\\\/bien-etreiris.ch\\\/de\\\/\",\"name\":\"Bien-\u00eatre Iris\",\"description\":\"IHRE Gesundheit ist uns wichtig\",\"potentialAction\":[{\"@type\":\"SearchAction\",\"target\":{\"@type\":\"EntryPoint\",\"urlTemplate\":\"https:\\\/\\\/bien-etreiris.ch\\\/de\\\/?s={search_term_string}\"},\"query-input\":{\"@type\":\"PropertyValueSpecification\",\"valueRequired\":true,\"valueName\":\"search_term_string\"}}],\"inLanguage\":\"de\"}]}<\/script>\n<!-- \/ Yoast SEO plugin. -->","yoast_head_json":{"title":"R\u00c4UCHERST\u00c4BCHEN - WOHLBEFINDEN","robots":{"index":"index","follow":"follow","max-snippet":"max-snippet:-1","max-image-preview":"max-image-preview:large","max-video-preview":"max-video-preview:-1"},"canonical":"https:\/\/bien-etreiris.ch\/de\/produktpraesentation\/aromatherapie\/raeuchern\/raecherstaebchen\/","og_locale":"de_DE","og_type":"article","og_title":"R\u00c4UCHERST\u00c4BCHEN - WOHLBEFINDEN","og_description":"R\u00e4ucherst\u00e4bchen 1. Bernstein \/ Kokooning &nbsp; &nbsp; &nbsp; &nbsp; &nbsp; &nbsp; Eine pflanzliche Mischung aus Labdanumharz mit Benzoe.Warm und w\u00fcrzig 10 St\u00e4bchen CHF 5.50 &nbsp; 2. Zimt \/ Aufw\u00e4rmen &nbsp; &nbsp; &nbsp; &nbsp; &nbsp; &nbsp; Der raffinierte Duft von Zimtrinde mit einem Hauch von Mandarinen\u00f6l.Kalk und festlich 10 St\u00e4bchen CHF 5.50 &nbsp; &nbsp; 3. Zeder \/ Waldduft &nbsp; Der Duft&nbsp;Weiter lesen","og_url":"https:\/\/bien-etreiris.ch\/de\/produktpraesentation\/aromatherapie\/raeuchern\/raecherstaebchen\/","og_site_name":"WOHLBEFINDEN","article_publisher":"https:\/\/www.facebook.com\/bienetreiris\/","article_modified_time":"2022-09-13T10:14:24+00:00","og_image":[{"width":550,"height":366,"url":"https:\/\/bien-etreiris.ch\/wp-content\/uploads\/2021\/11\/acceuil-Batons-dencens-.jpg","type":"image\/jpeg"}],"twitter_misc":{"Gesch\u00e4tzte Lesezeit":"2\u00a0Minuten"},"schema":{"@context":"https:\/\/schema.org","@graph":[{"@type":"WebPage","@id":"https:\/\/bien-etreiris.ch\/de\/produktpraesentation\/aromatherapie\/raeuchern\/raecherstaebchen\/","url":"https:\/\/bien-etreiris.ch\/de\/produktpraesentation\/aromatherapie\/raeuchern\/raecherstaebchen\/","name":"R\u00c4UCHERST\u00c4BCHEN - WOHLBEFINDEN","isPartOf":{"@id":"https:\/\/bien-etreiris.ch\/de\/#website"},"primaryImageOfPage":{"@id":"https:\/\/bien-etreiris.ch\/de\/produktpraesentation\/aromatherapie\/raeuchern\/raecherstaebchen\/#primaryimage"},"image":{"@id":"https:\/\/bien-etreiris.ch\/de\/produktpraesentation\/aromatherapie\/raeuchern\/raecherstaebchen\/#primaryimage"},"thumbnailUrl":"https:\/\/bien-etreiris.ch\/wp-content\/uploads\/2021\/11\/acceuil-Batons-dencens-.jpg","datePublished":"2021-11-21T22:37:47+00:00","dateModified":"2022-09-13T10:14:24+00:00","breadcrumb":{"@id":"https:\/\/bien-etreiris.ch\/de\/produktpraesentation\/aromatherapie\/raeuchern\/raecherstaebchen\/#breadcrumb"},"inLanguage":"de","potentialAction":[{"@type":"ReadAction","target":["https:\/\/bien-etreiris.ch\/de\/produktpraesentation\/aromatherapie\/raeuchern\/raecherstaebchen\/"]}]},{"@type":"ImageObject","inLanguage":"de","@id":"https:\/\/bien-etreiris.ch\/de\/produktpraesentation\/aromatherapie\/raeuchern\/raecherstaebchen\/#primaryimage","url":"https:\/\/bien-etreiris.ch\/wp-content\/uploads\/2021\/11\/acceuil-Batons-dencens-.jpg","contentUrl":"https:\/\/bien-etreiris.ch\/wp-content\/uploads\/2021\/11\/acceuil-Batons-dencens-.jpg","width":550,"height":366},{"@type":"BreadcrumbList","@id":"https:\/\/bien-etreiris.ch\/de\/produktpraesentation\/aromatherapie\/raeuchern\/raecherstaebchen\/#breadcrumb","itemListElement":[{"@type":"ListItem","position":1,"name":"Home","item":"https:\/\/bien-etreiris.ch\/de\/"},{"@type":"ListItem","position":2,"name":"PRODUKTPR\u00c4SENTATION","item":"https:\/\/bien-etreiris.ch\/de\/produktpraesentation\/"},{"@type":"ListItem","position":3,"name":"AROMATHERAPIE","item":"https:\/\/bien-etreiris.ch\/de\/produktpraesentation\/aromatherapie\/"},{"@type":"ListItem","position":4,"name":"R\u00e4UCHERN","item":"https:\/\/bien-etreiris.ch\/de\/produktpraesentation\/aromatherapie\/raeuchern\/"},{"@type":"ListItem","position":5,"name":"R\u00c4UCHERST\u00c4BCHEN"}]},{"@type":"WebSite","@id":"https:\/\/bien-etreiris.ch\/de\/#website","url":"https:\/\/bien-etreiris.ch\/de\/","name":"Bien-\u00eatre Iris","description":"IHRE Gesundheit ist uns wichtig","potentialAction":[{"@type":"SearchAction","target":{"@type":"EntryPoint","urlTemplate":"https:\/\/bien-etreiris.ch\/de\/?s={search_term_string}"},"query-input":{"@type":"PropertyValueSpecification","valueRequired":true,"valueName":"search_term_string"}}],"inLanguage":"de"}]}},"_links":{"self":[{"href":"https:\/\/bien-etreiris.ch\/de\/wp-json\/wp\/v2\/pages\/54707","targetHints":{"allow":["GET"]}}],"collection":[{"href":"https:\/\/bien-etreiris.ch\/de\/wp-json\/wp\/v2\/pages"}],"about":[{"href":"https:\/\/bien-etreiris.ch\/de\/wp-json\/wp\/v2\/types\/page"}],"author":[{"embeddable":true,"href":"https:\/\/bien-etreiris.ch\/de\/wp-json\/wp\/v2\/users\/1"}],"replies":[{"embeddable":true,"href":"https:\/\/bien-etreiris.ch\/de\/wp-json\/wp\/v2\/comments?post=54707"}],"version-history":[{"count":11,"href":"https:\/\/bien-etreiris.ch\/de\/wp-json\/wp\/v2\/pages\/54707\/revisions"}],"predecessor-version":[{"id":59763,"href":"https:\/\/bien-etreiris.ch\/de\/wp-json\/wp\/v2\/pages\/54707\/revisions\/59763"}],"up":[{"embeddable":true,"href":"https:\/\/bien-etreiris.ch\/de\/wp-json\/wp\/v2\/pages\/30686"}],"wp:featuredmedia":[{"embeddable":true,"href":"https:\/\/bien-etreiris.ch\/de\/wp-json\/wp\/v2\/media\/54705"}],"wp:attachment":[{"href":"https:\/\/bien-etreiris.ch\/de\/wp-json\/wp\/v2\/media?parent=54707"}],"curies":[{"name":"wp","href":"https:\/\/api.w.org\/{rel}","templated":true}]}}