{"id":54376,"date":"2021-10-01T06:55:59","date_gmt":"2021-10-01T04:55:59","guid":{"rendered":"https:\/\/bien-etreiris.ch\/?page_id=54376"},"modified":"2021-10-04T07:27:51","modified_gmt":"2021-10-04T05:27:51","slug":"yoghourt","status":"publish","type":"page","link":"https:\/\/bien-etreiris.ch\/de\/produktpraesentation\/gesundes-leben\/gesunde-lebensmittel\/fermentieren\/yoghourt\/","title":{"rendered":"YOGHOURT"},"content":{"rendered":"\n<h2>Yoghourt nature (lait)<\/h2>\n<p><a href=\"https:\/\/bien-etreiris.ch\/wp-content\/uploads\/2021\/10\/kit-Yoghourt.png\"><img loading=\"lazy\" decoding=\"async\" class=\"wp-image-54377 alignleft\" src=\"https:\/\/bien-etreiris.ch\/wp-content\/uploads\/2021\/10\/kit-Yoghourt-300x300.png\" alt=\"\" width=\"429\" height=\"429\" srcset=\"https:\/\/bien-etreiris.ch\/wp-content\/uploads\/2021\/10\/kit-Yoghourt-300x300.png 300w, https:\/\/bien-etreiris.ch\/wp-content\/uploads\/2021\/10\/kit-Yoghourt-150x150.png 150w, https:\/\/bien-etreiris.ch\/wp-content\/uploads\/2021\/10\/kit-Yoghourt.png 720w\" sizes=\"auto, (max-width: 429px) 100vw, 429px\" \/> <\/a><\/p>\n<p>&nbsp;<\/p>\n<p>&nbsp;<\/p>\n<h4>fairment<\/h4>\n<p>Kit complet&nbsp; <strong>CHF 64.70<br><\/strong><\/p>\n<h4>Contenu :<\/h4>\n<p>1x yaourti\u00e8re<br>1x bocal de fermentation d'une capacit\u00e9 de 946 ml<br>1x couvercle<br>1x thermom\u00e8tre<br>1x instructions et guide du yaourt avec de nombreuses recettes et des connaissances sur la fermentation&nbsp;&nbsp;&nbsp;&nbsp; <strong>actuellement en traduction<\/strong><br>1x Yoghourt Nature Culture (3 sachets)<br>Acc\u00e8s gratuit \u00e0 l'Acad\u00e9mie en ligne Fairment par e-mail <strong>seulement en allemand <\/strong><\/p>\n<p>&nbsp;<\/p>\n<p>&nbsp;<\/p>\n<p><a href=\"https:\/\/bien-etreiris.ch\/wp-content\/uploads\/2021\/10\/Yogurth-cultur-sachets.png\"><img loading=\"lazy\" decoding=\"async\" class=\"size-medium wp-image-54480 alignleft\" src=\"https:\/\/bien-etreiris.ch\/wp-content\/uploads\/2021\/10\/Yogurth-cultur-sachets-300x300.png\" alt=\"\" width=\"300\" height=\"300\" srcset=\"https:\/\/bien-etreiris.ch\/wp-content\/uploads\/2021\/10\/Yogurth-cultur-sachets-300x300.png 300w, https:\/\/bien-etreiris.ch\/wp-content\/uploads\/2021\/10\/Yogurth-cultur-sachets-150x150.png 150w, https:\/\/bien-etreiris.ch\/wp-content\/uploads\/2021\/10\/Yogurth-cultur-sachets.png 480w\" sizes=\"auto, (max-width: 300px) 100vw, 300px\" \/><\/a><\/p>\n<p>&nbsp;<\/p>\n<p>&nbsp;<\/p>\n<p>&nbsp;<\/p>\n<p>&nbsp;<\/p>\n<p>Culture Youghurt&nbsp; 3 sachets <strong>CHF 16.10<\/strong><\/p>\n<p>&nbsp;<\/p>\n<p>&nbsp;<\/p>\n<p>&nbsp;<\/p>\n<p>&nbsp;<\/p>\n<hr>\n<h2>Yoghourt&nbsp; avec lait v\u00e9getale<\/h2>\n<p><a href=\"https:\/\/bien-etreiris.ch\/wp-content\/uploads\/2021\/10\/Kit-vegane.jpg\"><img loading=\"lazy\" decoding=\"async\" class=\"wp-image-54380 alignleft\" src=\"https:\/\/bien-etreiris.ch\/wp-content\/uploads\/2021\/10\/Kit-vegane-300x300.jpg\" alt=\"\" width=\"429\" height=\"429\" srcset=\"https:\/\/bien-etreiris.ch\/wp-content\/uploads\/2021\/10\/Kit-vegane-300x300.jpg 300w, https:\/\/bien-etreiris.ch\/wp-content\/uploads\/2021\/10\/Kit-vegane-150x150.jpg 150w, https:\/\/bien-etreiris.ch\/wp-content\/uploads\/2021\/10\/Kit-vegane.jpg 720w\" sizes=\"auto, (max-width: 429px) 100vw, 429px\" \/><\/a><\/p>\n<p>&nbsp;<\/p>\n<p>&nbsp;<\/p>\n<h4>fairment<\/h4>\n<p>Kit complet <strong>CHF 69.90<br><\/strong><\/p>\n<h4>Contenu :<\/h4>\n<p>1x yaourti\u00e8re<br>1x bocal de fermentation d'une capacit\u00e9 de 946 ml<br>1x couvercle<br>1x thermom\u00e8tre<br>1x instructions et guide du yaourt avec de nombreuses recettes et des connaissances sur la fermentation&nbsp;&nbsp;&nbsp;&nbsp;&nbsp;&nbsp;&nbsp;&nbsp;&nbsp; <strong>actuellement en traduction<\/strong><br>1x Culture de yaourt Vegan (3 sachets)<br>60 g f\u00e9cule de tapioca<br>Acc\u00e8s gratuit \u00e0 l'Acad\u00e9mie en ligne Fairment par e-mail <strong>seulement en allemand<\/strong><\/p>\n<p>&nbsp;<\/p>\n<p>&nbsp;<\/p>\n<p><a href=\"https:\/\/bien-etreiris.ch\/wp-content\/uploads\/2021\/10\/culture-vegan.png\"><img loading=\"lazy\" decoding=\"async\" class=\"size-medium wp-image-54483 alignleft\" src=\"https:\/\/bien-etreiris.ch\/wp-content\/uploads\/2021\/10\/culture-vegan-188x300.png\" alt=\"\" width=\"188\" height=\"300\" srcset=\"https:\/\/bien-etreiris.ch\/wp-content\/uploads\/2021\/10\/culture-vegan-188x300.png 188w, https:\/\/bien-etreiris.ch\/wp-content\/uploads\/2021\/10\/culture-vegan.png 471w\" sizes=\"auto, (max-width: 188px) 100vw, 188px\" \/><\/a><\/p>\n<p>&nbsp;<\/p>\n<p>&nbsp;<\/p>\n<p>&nbsp;<\/p>\n<p>&nbsp;<\/p>\n<p>&nbsp;<\/p>\n<p>&nbsp;<\/p>\n<p>Cultur 3 sachets Yogourth vegan <strong>CHF 18.20<\/strong><\/p>\n<p>&nbsp;<\/p>\n<p>&nbsp;<\/p>\n<p>&nbsp;<\/p>\n<p>&nbsp;<\/p>\n<p>&nbsp;<\/p>\n<p>Cultures de yaourt biologique de fairment - v\u00e9g\u00e9talien et super productif ! Pr\u00e9parez votre propre yaourt v\u00e9g\u00e9talien \u00e0 la maison en un rien de temps : \u00e0 partir de boissons v\u00e9g\u00e9tales de votre choix, de lait de soja ou de coco et bien s\u00fbr aussi avec du lait animal \"conventionnel\". Les cultures de yaourt bio suffisent pour produire jusqu'\u00e0 30 litres de yaourt maison. Affin\u00e9 avec les fruits, les noix ou les baies de votre choix, vous ne regretterez plus les yaourts du supermarch\u00e9. Essayez-le !<br>Avec des instructions et des recettes d\u00e9taill\u00e9es<br>Pour la fermentation du lait animal, du lait de soja, du lait de coco et d'autres substituts v\u00e9g\u00e9taux.<br>Les cultures de yaourt sont 100% v\u00e9g\u00e9taliennes et certifi\u00e9es biologiques.<\/p>\n<p>&nbsp;<\/p>\n<p>&nbsp;<\/p>\n<hr>\n<p>&nbsp;<\/p>\n<p>&nbsp;<\/p>\n","protected":false},"excerpt":{"rendered":"<p>Yoghourt nature (lait) &nbsp; &nbsp; fairment Kit complet&nbsp; CHF 64.70 Contenu : 1x yaourti\u00e8re1x bocal de fermentation d'une capacit\u00e9 de 946 ml1x couvercle1x thermom\u00e8tre1x instructions et guide du yaourt avec de nombreuses recettes et des connaissances sur la fermentation&nbsp;&nbsp;&nbsp;&nbsp; actuellement en traduction1x Yoghourt Nature Culture (3 sachets)Acc\u00e8s gratuit \u00e0 l'Acad\u00e9mie en ligne Fairment par e-mail seulement en allemand &nbsp; &nbsp;&nbsp;<a href=\"https:\/\/bien-etreiris.ch\/de\/produktpraesentation\/gesundes-leben\/gesunde-lebensmittel\/fermentieren\/yoghourt\/\" class=\"read-more\">Weiter lesen<\/a><\/p>\n","protected":false},"author":1,"featured_media":54374,"parent":53603,"menu_order":4964,"comment_status":"closed","ping_status":"closed","template":"page-with-child.php","meta":{"_acf_changed":false,"ngg_post_thumbnail":0,"footnotes":""},"class_list":["post-54376","page","type-page","status-publish","has-post-thumbnail","hentry"],"acf":[],"yoast_head":"<!-- This site is optimized with the Yoast SEO plugin v27.5 - https:\/\/yoast.com\/product\/yoast-seo-wordpress\/ -->\n<title>YOGHOURT - WOHLBEFINDEN<\/title>\n<meta name=\"robots\" content=\"index, follow, max-snippet:-1, max-image-preview:large, max-video-preview:-1\" \/>\n<link rel=\"canonical\" href=\"https:\/\/bien-etreiris.ch\/de\/produktpraesentation\/gesundes-leben\/gesunde-lebensmittel\/fermentieren\/yoghourt\/\" \/>\n<meta property=\"og:locale\" content=\"de_DE\" \/>\n<meta property=\"og:type\" content=\"article\" \/>\n<meta property=\"og:title\" content=\"YOGHOURT - WOHLBEFINDEN\" \/>\n<meta property=\"og:description\" content=\"Yoghourt nature (lait) &nbsp; &nbsp; fairment Kit complet&nbsp; CHF 64.70 Contenu : 1x yaourti\u00e8re1x bocal de fermentation d&#039;une capacit\u00e9 de 946 ml1x couvercle1x thermom\u00e8tre1x instructions et guide du yaourt avec de nombreuses recettes et des connaissances sur la fermentation&nbsp;&nbsp;&nbsp;&nbsp; actuellement en traduction1x Yoghourt Nature Culture (3 sachets)Acc\u00e8s gratuit \u00e0 l&#039;Acad\u00e9mie en ligne Fairment par e-mail seulement en allemand &nbsp; &nbsp;&nbsp;Weiter lesen\" \/>\n<meta property=\"og:url\" content=\"https:\/\/bien-etreiris.ch\/de\/produktpraesentation\/gesundes-leben\/gesunde-lebensmittel\/fermentieren\/yoghourt\/\" \/>\n<meta property=\"og:site_name\" content=\"WOHLBEFINDEN\" \/>\n<meta property=\"article:publisher\" content=\"https:\/\/www.facebook.com\/bienetreiris\/\" \/>\n<meta property=\"article:modified_time\" content=\"2021-10-04T05:27:51+00:00\" \/>\n<meta property=\"og:image\" content=\"https:\/\/bien-etreiris.ch\/wp-content\/uploads\/2021\/10\/acceuil-Yoghourt.jpg\" \/>\n\t<meta property=\"og:image:width\" content=\"500\" \/>\n\t<meta property=\"og:image:height\" content=\"313\" \/>\n\t<meta property=\"og:image:type\" content=\"image\/jpeg\" \/>\n<meta name=\"twitter:label1\" content=\"Gesch\u00e4tzte Lesezeit\" \/>\n\t<meta name=\"twitter:data1\" content=\"3\u00a0Minuten\" \/>\n<script type=\"application\/ld+json\" class=\"yoast-schema-graph\">{\"@context\":\"https:\\\/\\\/schema.org\",\"@graph\":[{\"@type\":\"WebPage\",\"@id\":\"https:\\\/\\\/bien-etreiris.ch\\\/de\\\/produktpraesentation\\\/gesundes-leben\\\/gesunde-lebensmittel\\\/fermentieren\\\/yoghourt\\\/\",\"url\":\"https:\\\/\\\/bien-etreiris.ch\\\/de\\\/produktpraesentation\\\/gesundes-leben\\\/gesunde-lebensmittel\\\/fermentieren\\\/yoghourt\\\/\",\"name\":\"YOGHOURT - WOHLBEFINDEN\",\"isPartOf\":{\"@id\":\"https:\\\/\\\/bien-etreiris.ch\\\/de\\\/#website\"},\"primaryImageOfPage\":{\"@id\":\"https:\\\/\\\/bien-etreiris.ch\\\/de\\\/produktpraesentation\\\/gesundes-leben\\\/gesunde-lebensmittel\\\/fermentieren\\\/yoghourt\\\/#primaryimage\"},\"image\":{\"@id\":\"https:\\\/\\\/bien-etreiris.ch\\\/de\\\/produktpraesentation\\\/gesundes-leben\\\/gesunde-lebensmittel\\\/fermentieren\\\/yoghourt\\\/#primaryimage\"},\"thumbnailUrl\":\"https:\\\/\\\/bien-etreiris.ch\\\/wp-content\\\/uploads\\\/2021\\\/10\\\/acceuil-Yoghourt.jpg\",\"datePublished\":\"2021-10-01T04:55:59+00:00\",\"dateModified\":\"2021-10-04T05:27:51+00:00\",\"breadcrumb\":{\"@id\":\"https:\\\/\\\/bien-etreiris.ch\\\/de\\\/produktpraesentation\\\/gesundes-leben\\\/gesunde-lebensmittel\\\/fermentieren\\\/yoghourt\\\/#breadcrumb\"},\"inLanguage\":\"de\",\"potentialAction\":[{\"@type\":\"ReadAction\",\"target\":[\"https:\\\/\\\/bien-etreiris.ch\\\/de\\\/produktpraesentation\\\/gesundes-leben\\\/gesunde-lebensmittel\\\/fermentieren\\\/yoghourt\\\/\"]}]},{\"@type\":\"ImageObject\",\"inLanguage\":\"de\",\"@id\":\"https:\\\/\\\/bien-etreiris.ch\\\/de\\\/produktpraesentation\\\/gesundes-leben\\\/gesunde-lebensmittel\\\/fermentieren\\\/yoghourt\\\/#primaryimage\",\"url\":\"https:\\\/\\\/bien-etreiris.ch\\\/wp-content\\\/uploads\\\/2021\\\/10\\\/acceuil-Yoghourt.jpg\",\"contentUrl\":\"https:\\\/\\\/bien-etreiris.ch\\\/wp-content\\\/uploads\\\/2021\\\/10\\\/acceuil-Yoghourt.jpg\",\"width\":500,\"height\":313},{\"@type\":\"BreadcrumbList\",\"@id\":\"https:\\\/\\\/bien-etreiris.ch\\\/de\\\/produktpraesentation\\\/gesundes-leben\\\/gesunde-lebensmittel\\\/fermentieren\\\/yoghourt\\\/#breadcrumb\",\"itemListElement\":[{\"@type\":\"ListItem\",\"position\":1,\"name\":\"Home\",\"item\":\"https:\\\/\\\/bien-etreiris.ch\\\/de\\\/\"},{\"@type\":\"ListItem\",\"position\":2,\"name\":\"PRODUKTPR\u00c4SENTATION\",\"item\":\"https:\\\/\\\/bien-etreiris.ch\\\/de\\\/produktpraesentation\\\/\"},{\"@type\":\"ListItem\",\"position\":3,\"name\":\"GESUNDES LEBEN\",\"item\":\"https:\\\/\\\/bien-etreiris.ch\\\/de\\\/produktpraesentation\\\/gesundes-leben\\\/\"},{\"@type\":\"ListItem\",\"position\":4,\"name\":\"GESUNDE LEBENSMITTEL\",\"item\":\"https:\\\/\\\/bien-etreiris.ch\\\/de\\\/produktpraesentation\\\/gesundes-leben\\\/gesunde-lebensmittel\\\/\"},{\"@type\":\"ListItem\",\"position\":5,\"name\":\"FERMENTIEREN\",\"item\":\"https:\\\/\\\/bien-etreiris.ch\\\/de\\\/produktpraesentation\\\/gesundes-leben\\\/gesunde-lebensmittel\\\/fermentieren\\\/\"},{\"@type\":\"ListItem\",\"position\":6,\"name\":\"YOGHOURT\"}]},{\"@type\":\"WebSite\",\"@id\":\"https:\\\/\\\/bien-etreiris.ch\\\/de\\\/#website\",\"url\":\"https:\\\/\\\/bien-etreiris.ch\\\/de\\\/\",\"name\":\"Bien-\u00eatre Iris\",\"description\":\"IHRE Gesundheit ist uns wichtig\",\"potentialAction\":[{\"@type\":\"SearchAction\",\"target\":{\"@type\":\"EntryPoint\",\"urlTemplate\":\"https:\\\/\\\/bien-etreiris.ch\\\/de\\\/?s={search_term_string}\"},\"query-input\":{\"@type\":\"PropertyValueSpecification\",\"valueRequired\":true,\"valueName\":\"search_term_string\"}}],\"inLanguage\":\"de\"}]}<\/script>\n<!-- \/ Yoast SEO plugin. -->","yoast_head_json":{"title":"YOGHOURT - WOHLBEFINDEN","robots":{"index":"index","follow":"follow","max-snippet":"max-snippet:-1","max-image-preview":"max-image-preview:large","max-video-preview":"max-video-preview:-1"},"canonical":"https:\/\/bien-etreiris.ch\/de\/produktpraesentation\/gesundes-leben\/gesunde-lebensmittel\/fermentieren\/yoghourt\/","og_locale":"de_DE","og_type":"article","og_title":"YOGHOURT - WOHLBEFINDEN","og_description":"Yoghourt nature (lait) &nbsp; &nbsp; fairment Kit complet&nbsp; CHF 64.70 Contenu : 1x yaourti\u00e8re1x bocal de fermentation d'une capacit\u00e9 de 946 ml1x couvercle1x thermom\u00e8tre1x instructions et guide du yaourt avec de nombreuses recettes et des connaissances sur la fermentation&nbsp;&nbsp;&nbsp;&nbsp; actuellement en traduction1x Yoghourt Nature Culture (3 sachets)Acc\u00e8s gratuit \u00e0 l'Acad\u00e9mie en ligne Fairment par e-mail seulement en allemand &nbsp; &nbsp;&nbsp;Weiter lesen","og_url":"https:\/\/bien-etreiris.ch\/de\/produktpraesentation\/gesundes-leben\/gesunde-lebensmittel\/fermentieren\/yoghourt\/","og_site_name":"WOHLBEFINDEN","article_publisher":"https:\/\/www.facebook.com\/bienetreiris\/","article_modified_time":"2021-10-04T05:27:51+00:00","og_image":[{"width":500,"height":313,"url":"https:\/\/bien-etreiris.ch\/wp-content\/uploads\/2021\/10\/acceuil-Yoghourt.jpg","type":"image\/jpeg"}],"twitter_misc":{"Gesch\u00e4tzte Lesezeit":"3\u00a0Minuten"},"schema":{"@context":"https:\/\/schema.org","@graph":[{"@type":"WebPage","@id":"https:\/\/bien-etreiris.ch\/de\/produktpraesentation\/gesundes-leben\/gesunde-lebensmittel\/fermentieren\/yoghourt\/","url":"https:\/\/bien-etreiris.ch\/de\/produktpraesentation\/gesundes-leben\/gesunde-lebensmittel\/fermentieren\/yoghourt\/","name":"YOGHOURT - WOHLBEFINDEN","isPartOf":{"@id":"https:\/\/bien-etreiris.ch\/de\/#website"},"primaryImageOfPage":{"@id":"https:\/\/bien-etreiris.ch\/de\/produktpraesentation\/gesundes-leben\/gesunde-lebensmittel\/fermentieren\/yoghourt\/#primaryimage"},"image":{"@id":"https:\/\/bien-etreiris.ch\/de\/produktpraesentation\/gesundes-leben\/gesunde-lebensmittel\/fermentieren\/yoghourt\/#primaryimage"},"thumbnailUrl":"https:\/\/bien-etreiris.ch\/wp-content\/uploads\/2021\/10\/acceuil-Yoghourt.jpg","datePublished":"2021-10-01T04:55:59+00:00","dateModified":"2021-10-04T05:27:51+00:00","breadcrumb":{"@id":"https:\/\/bien-etreiris.ch\/de\/produktpraesentation\/gesundes-leben\/gesunde-lebensmittel\/fermentieren\/yoghourt\/#breadcrumb"},"inLanguage":"de","potentialAction":[{"@type":"ReadAction","target":["https:\/\/bien-etreiris.ch\/de\/produktpraesentation\/gesundes-leben\/gesunde-lebensmittel\/fermentieren\/yoghourt\/"]}]},{"@type":"ImageObject","inLanguage":"de","@id":"https:\/\/bien-etreiris.ch\/de\/produktpraesentation\/gesundes-leben\/gesunde-lebensmittel\/fermentieren\/yoghourt\/#primaryimage","url":"https:\/\/bien-etreiris.ch\/wp-content\/uploads\/2021\/10\/acceuil-Yoghourt.jpg","contentUrl":"https:\/\/bien-etreiris.ch\/wp-content\/uploads\/2021\/10\/acceuil-Yoghourt.jpg","width":500,"height":313},{"@type":"BreadcrumbList","@id":"https:\/\/bien-etreiris.ch\/de\/produktpraesentation\/gesundes-leben\/gesunde-lebensmittel\/fermentieren\/yoghourt\/#breadcrumb","itemListElement":[{"@type":"ListItem","position":1,"name":"Home","item":"https:\/\/bien-etreiris.ch\/de\/"},{"@type":"ListItem","position":2,"name":"PRODUKTPR\u00c4SENTATION","item":"https:\/\/bien-etreiris.ch\/de\/produktpraesentation\/"},{"@type":"ListItem","position":3,"name":"GESUNDES LEBEN","item":"https:\/\/bien-etreiris.ch\/de\/produktpraesentation\/gesundes-leben\/"},{"@type":"ListItem","position":4,"name":"GESUNDE LEBENSMITTEL","item":"https:\/\/bien-etreiris.ch\/de\/produktpraesentation\/gesundes-leben\/gesunde-lebensmittel\/"},{"@type":"ListItem","position":5,"name":"FERMENTIEREN","item":"https:\/\/bien-etreiris.ch\/de\/produktpraesentation\/gesundes-leben\/gesunde-lebensmittel\/fermentieren\/"},{"@type":"ListItem","position":6,"name":"YOGHOURT"}]},{"@type":"WebSite","@id":"https:\/\/bien-etreiris.ch\/de\/#website","url":"https:\/\/bien-etreiris.ch\/de\/","name":"Bien-\u00eatre Iris","description":"IHRE Gesundheit ist uns wichtig","potentialAction":[{"@type":"SearchAction","target":{"@type":"EntryPoint","urlTemplate":"https:\/\/bien-etreiris.ch\/de\/?s={search_term_string}"},"query-input":{"@type":"PropertyValueSpecification","valueRequired":true,"valueName":"search_term_string"}}],"inLanguage":"de"}]}},"_links":{"self":[{"href":"https:\/\/bien-etreiris.ch\/de\/wp-json\/wp\/v2\/pages\/54376","targetHints":{"allow":["GET"]}}],"collection":[{"href":"https:\/\/bien-etreiris.ch\/de\/wp-json\/wp\/v2\/pages"}],"about":[{"href":"https:\/\/bien-etreiris.ch\/de\/wp-json\/wp\/v2\/types\/page"}],"author":[{"embeddable":true,"href":"https:\/\/bien-etreiris.ch\/de\/wp-json\/wp\/v2\/users\/1"}],"replies":[{"embeddable":true,"href":"https:\/\/bien-etreiris.ch\/de\/wp-json\/wp\/v2\/comments?post=54376"}],"version-history":[{"count":11,"href":"https:\/\/bien-etreiris.ch\/de\/wp-json\/wp\/v2\/pages\/54376\/revisions"}],"predecessor-version":[{"id":54501,"href":"https:\/\/bien-etreiris.ch\/de\/wp-json\/wp\/v2\/pages\/54376\/revisions\/54501"}],"up":[{"embeddable":true,"href":"https:\/\/bien-etreiris.ch\/de\/wp-json\/wp\/v2\/pages\/53603"}],"wp:featuredmedia":[{"embeddable":true,"href":"https:\/\/bien-etreiris.ch\/de\/wp-json\/wp\/v2\/media\/54374"}],"wp:attachment":[{"href":"https:\/\/bien-etreiris.ch\/de\/wp-json\/wp\/v2\/media?parent=54376"}],"curies":[{"name":"wp","href":"https:\/\/api.w.org\/{rel}","templated":true}]}}