{"id":54219,"date":"2021-09-15T08:48:09","date_gmt":"2021-09-15T06:48:09","guid":{"rendered":"https:\/\/bien-etreiris.ch\/?page_id=54219"},"modified":"2021-09-15T17:59:11","modified_gmt":"2021-09-15T15:59:11","slug":"loewenzahn-extrakt","status":"publish","type":"page","link":"https:\/\/bien-etreiris.ch\/de\/produktpraesentation\/gesundes-leben\/nahrungsergaenzungsmittel\/pflanzenheilkunde-gleichgewicht-durch-heilpflanzen\/pflanzenextrakte\/loewenzahn-extrakt\/","title":{"rendered":"L\u00d6WENZAHN"},"content":{"rendered":"\n<h2>L\u00f6wenzahn Extrakt BIO - <i>Taraxacum<\/i><\/h2>\n<p><a href=\"https:\/\/bien-etreiris.ch\/wp-content\/uploads\/2021\/09\/Pissenlit-dent-de-lion.png\"><img loading=\"lazy\" decoding=\"async\" class=\" wp-image-54220 alignleft\" src=\"https:\/\/bien-etreiris.ch\/wp-content\/uploads\/2021\/09\/Pissenlit-dent-de-lion-300x300.png\" alt=\"\" width=\"347\" height=\"347\" srcset=\"https:\/\/bien-etreiris.ch\/wp-content\/uploads\/2021\/09\/Pissenlit-dent-de-lion-300x300.png 300w, https:\/\/bien-etreiris.ch\/wp-content\/uploads\/2021\/09\/Pissenlit-dent-de-lion-150x150.png 150w, https:\/\/bien-etreiris.ch\/wp-content\/uploads\/2021\/09\/Pissenlit-dent-de-lion.png 625w\" sizes=\"auto, (max-width: 347px) 100vw, 347px\" \/><\/a><\/p>\n<p>&nbsp;<\/p>\n<p>&nbsp;<\/p>\n<p>&nbsp;<\/p>\n<p><a href=\"https:\/\/bien-etreiris.ch\/de\/unsere-marken\/kraeuter-loetsch\/\" target=\"_blank\" rel=\"noopener\">Kr\u00e4uter L\u00f6tsch<\/a><\/p>\n<ul>\n<li>Certifi\u00e9 BIO<\/li>\n<li>naturel sans sucre<\/li>\n<li>sans additifs ni colorants artificiels<\/li>\n<li>pasteuris\u00e9<\/li>\n<li>sans alcool<\/li>\n<li>v\u00e9g\u00e9talien<\/li>\n<li>Description : Extrait aqueux de plantes<\/li>\n<\/ul>\n<p><br>100 ml dans un flacon en verre <strong>CHF<\/strong><\/p>\n<p>&nbsp;<\/p>\n<p>&nbsp;<\/p>\n<p>&nbsp;<\/p>\n<h4><br>Renforce la bile, le foie et le pancr\u00e9as<\/h4>\n<p>Le pissenlit commun est originaire d'Asie occidentale et d'Europe, mais il s'est largement r\u00e9pandu dans l'h\u00e9misph\u00e8re nord, en partie gr\u00e2ce \u00e0 l'intervention humaine. Toutes les parties de la plante sont comestibles et sont trait\u00e9es de diff\u00e9rentes mani\u00e8res : Les fleurs jaunes conviennent \u00e0 la pr\u00e9paration d'un sirop ou d'une gel\u00e9e savoureuse, semblable au miel. Les jeunes feuilles, au go\u00fbt l\u00e9g\u00e8rement amer, peuvent \u00eatre utilis\u00e9es en salade. La racine peut \u00e9galement \u00eatre transform\u00e9e en salade ou cuite. La racine s\u00e9ch\u00e9e et torr\u00e9fi\u00e9e de la plante a m\u00eame \u00e9t\u00e9 utilis\u00e9e pour fabriquer un substitut de caf\u00e9 dans les ann\u00e9es d'apr\u00e8s-guerre.<\/p>\n<p>Les substances actives les plus importantes du pissenlit sont les substances am\u00e8res. Ils favorisent g\u00e9n\u00e9ralement la s\u00e9cr\u00e9tion des glandes digestives. En outre, un effet diur\u00e9tique a \u00e9galement \u00e9t\u00e9 prouv\u00e9. Le pissenlit est \u00e9galement utilis\u00e9 pour traiter le manque d'app\u00e9tit, les troubles digestifs avec ballonnements et flatulences, les troubles du syst\u00e8me de drainage biliaire et pour stimuler l'excr\u00e9tion d'urine dans les maladies inflammatoires et la formation de calculs. L'extrait de pissenlit renforce la bile, le foie et le pancr\u00e9as gr\u00e2ce aux pr\u00e9cieuses substances am\u00e8res qu'il contient. Cet extrait est \u00e9galement bien adapt\u00e9 aux enfants car il ne contient ni sucre ni alcool.<br>Processus d'extraction<\/p>\n<p>Dans tous les extraits Kr\u00e4uter L\u00f6tsch, l'eau est utilis\u00e9e comme solvant pour l'extraction des substances v\u00e9g\u00e9tales. Aucune eau n'est ensuite ajout\u00e9e. L'extrait contient de nombreuses substances v\u00e9g\u00e9tales secondaires pr\u00e9cieuses, et donc toute la puissance de la plante.<\/p>\n<h4>Ingr\u00e9dients<\/h4>\n<p>Eau de source de Ronthaler, racine de pissenlit BIO et herbe de pissenlit<\/p>\n<h4><br>Dosage recommand\u00e9<\/h4>\n<p>Prenez 1 cuill\u00e8re \u00e0 caf\u00e9 d'extrait matin et soir, pure ou dilu\u00e9e dans de l'eau.<\/p>\n<h4>Pays d'origine<\/h4>\n<p>Fabriqu\u00e9 en Autriche<\/p>\n","protected":false},"excerpt":{"rendered":"<p>L\u00f6wenzahn Extrakt BIO - Taraxacum &nbsp; &nbsp; &nbsp; Kr\u00e4uter L\u00f6tsch Certifi\u00e9 BIO naturel sans sucre sans additifs ni colorants artificiels pasteuris\u00e9 sans alcool v\u00e9g\u00e9talien Description : Extrait aqueux de plantes 100 ml dans un flacon en verre CHF &nbsp; &nbsp; &nbsp; Renforce la bile, le foie et le pancr\u00e9as Le pissenlit commun est originaire d'Asie occidentale et d'Europe, mais il&nbsp;<a href=\"https:\/\/bien-etreiris.ch\/de\/produktpraesentation\/gesundes-leben\/nahrungsergaenzungsmittel\/pflanzenheilkunde-gleichgewicht-durch-heilpflanzen\/pflanzenextrakte\/loewenzahn-extrakt\/\" class=\"read-more\">Weiter lesen<\/a><\/p>\n","protected":false},"author":1,"featured_media":54225,"parent":41725,"menu_order":4978,"comment_status":"closed","ping_status":"closed","template":"page-with-child.php","meta":{"_acf_changed":false,"ngg_post_thumbnail":0,"footnotes":""},"class_list":["post-54219","page","type-page","status-publish","has-post-thumbnail","hentry"],"acf":[],"yoast_head":"<!-- This site is optimized with the Yoast SEO plugin v27.6 - https:\/\/yoast.com\/product\/yoast-seo-wordpress\/ -->\n<title>L\u00d6WENZAHN - WOHLBEFINDEN<\/title>\n<meta name=\"robots\" content=\"index, follow, max-snippet:-1, max-image-preview:large, max-video-preview:-1\" \/>\n<link rel=\"canonical\" href=\"https:\/\/bien-etreiris.ch\/de\/produktpraesentation\/gesundes-leben\/nahrungsergaenzungsmittel\/pflanzenheilkunde-gleichgewicht-durch-heilpflanzen\/pflanzenextrakte\/loewenzahn-extrakt\/\" \/>\n<meta property=\"og:locale\" content=\"de_DE\" \/>\n<meta property=\"og:type\" content=\"article\" \/>\n<meta property=\"og:title\" content=\"L\u00d6WENZAHN - WOHLBEFINDEN\" \/>\n<meta property=\"og:description\" content=\"L\u00f6wenzahn Extrakt BIO - Taraxacum &nbsp; &nbsp; &nbsp; Kr\u00e4uter L\u00f6tsch Certifi\u00e9 BIO naturel sans sucre sans additifs ni colorants artificiels pasteuris\u00e9 sans alcool v\u00e9g\u00e9talien Description : Extrait aqueux de plantes 100 ml dans un flacon en verre CHF &nbsp; &nbsp; &nbsp; Renforce la bile, le foie et le pancr\u00e9as Le pissenlit commun est originaire d&#039;Asie occidentale et d&#039;Europe, mais il&nbsp;Weiter lesen\" \/>\n<meta property=\"og:url\" content=\"https:\/\/bien-etreiris.ch\/de\/produktpraesentation\/gesundes-leben\/nahrungsergaenzungsmittel\/pflanzenheilkunde-gleichgewicht-durch-heilpflanzen\/pflanzenextrakte\/loewenzahn-extrakt\/\" \/>\n<meta property=\"og:site_name\" content=\"WOHLBEFINDEN\" \/>\n<meta property=\"article:publisher\" content=\"https:\/\/www.facebook.com\/bienetreiris\/\" \/>\n<meta property=\"article:modified_time\" content=\"2021-09-15T15:59:11+00:00\" \/>\n<meta property=\"og:image\" content=\"https:\/\/bien-etreiris.ch\/wp-content\/uploads\/2021\/09\/acceuil-pissenlit-dent-de-lion.jpg\" \/>\n\t<meta property=\"og:image:width\" content=\"500\" \/>\n\t<meta property=\"og:image:height\" content=\"332\" \/>\n\t<meta property=\"og:image:type\" content=\"image\/jpeg\" \/>\n<meta name=\"twitter:label1\" content=\"Gesch\u00e4tzte Lesezeit\" \/>\n\t<meta name=\"twitter:data1\" content=\"2\u00a0Minuten\" \/>\n<script type=\"application\/ld+json\" class=\"yoast-schema-graph\">{\"@context\":\"https:\\\/\\\/schema.org\",\"@graph\":[{\"@type\":\"WebPage\",\"@id\":\"https:\\\/\\\/bien-etreiris.ch\\\/de\\\/produktpraesentation\\\/gesundes-leben\\\/nahrungsergaenzungsmittel\\\/pflanzenheilkunde-gleichgewicht-durch-heilpflanzen\\\/pflanzenextrakte\\\/loewenzahn-extrakt\\\/\",\"url\":\"https:\\\/\\\/bien-etreiris.ch\\\/de\\\/produktpraesentation\\\/gesundes-leben\\\/nahrungsergaenzungsmittel\\\/pflanzenheilkunde-gleichgewicht-durch-heilpflanzen\\\/pflanzenextrakte\\\/loewenzahn-extrakt\\\/\",\"name\":\"L\u00d6WENZAHN - WOHLBEFINDEN\",\"isPartOf\":{\"@id\":\"https:\\\/\\\/bien-etreiris.ch\\\/de\\\/#website\"},\"primaryImageOfPage\":{\"@id\":\"https:\\\/\\\/bien-etreiris.ch\\\/de\\\/produktpraesentation\\\/gesundes-leben\\\/nahrungsergaenzungsmittel\\\/pflanzenheilkunde-gleichgewicht-durch-heilpflanzen\\\/pflanzenextrakte\\\/loewenzahn-extrakt\\\/#primaryimage\"},\"image\":{\"@id\":\"https:\\\/\\\/bien-etreiris.ch\\\/de\\\/produktpraesentation\\\/gesundes-leben\\\/nahrungsergaenzungsmittel\\\/pflanzenheilkunde-gleichgewicht-durch-heilpflanzen\\\/pflanzenextrakte\\\/loewenzahn-extrakt\\\/#primaryimage\"},\"thumbnailUrl\":\"https:\\\/\\\/bien-etreiris.ch\\\/wp-content\\\/uploads\\\/2021\\\/09\\\/acceuil-pissenlit-dent-de-lion.jpg\",\"datePublished\":\"2021-09-15T06:48:09+00:00\",\"dateModified\":\"2021-09-15T15:59:11+00:00\",\"breadcrumb\":{\"@id\":\"https:\\\/\\\/bien-etreiris.ch\\\/de\\\/produktpraesentation\\\/gesundes-leben\\\/nahrungsergaenzungsmittel\\\/pflanzenheilkunde-gleichgewicht-durch-heilpflanzen\\\/pflanzenextrakte\\\/loewenzahn-extrakt\\\/#breadcrumb\"},\"inLanguage\":\"de\",\"potentialAction\":[{\"@type\":\"ReadAction\",\"target\":[\"https:\\\/\\\/bien-etreiris.ch\\\/de\\\/produktpraesentation\\\/gesundes-leben\\\/nahrungsergaenzungsmittel\\\/pflanzenheilkunde-gleichgewicht-durch-heilpflanzen\\\/pflanzenextrakte\\\/loewenzahn-extrakt\\\/\"]}]},{\"@type\":\"ImageObject\",\"inLanguage\":\"de\",\"@id\":\"https:\\\/\\\/bien-etreiris.ch\\\/de\\\/produktpraesentation\\\/gesundes-leben\\\/nahrungsergaenzungsmittel\\\/pflanzenheilkunde-gleichgewicht-durch-heilpflanzen\\\/pflanzenextrakte\\\/loewenzahn-extrakt\\\/#primaryimage\",\"url\":\"https:\\\/\\\/bien-etreiris.ch\\\/wp-content\\\/uploads\\\/2021\\\/09\\\/acceuil-pissenlit-dent-de-lion.jpg\",\"contentUrl\":\"https:\\\/\\\/bien-etreiris.ch\\\/wp-content\\\/uploads\\\/2021\\\/09\\\/acceuil-pissenlit-dent-de-lion.jpg\",\"width\":500,\"height\":332},{\"@type\":\"BreadcrumbList\",\"@id\":\"https:\\\/\\\/bien-etreiris.ch\\\/de\\\/produktpraesentation\\\/gesundes-leben\\\/nahrungsergaenzungsmittel\\\/pflanzenheilkunde-gleichgewicht-durch-heilpflanzen\\\/pflanzenextrakte\\\/loewenzahn-extrakt\\\/#breadcrumb\",\"itemListElement\":[{\"@type\":\"ListItem\",\"position\":1,\"name\":\"Home\",\"item\":\"https:\\\/\\\/bien-etreiris.ch\\\/de\\\/\"},{\"@type\":\"ListItem\",\"position\":2,\"name\":\"PRODUKTPR\u00c4SENTATION\",\"item\":\"https:\\\/\\\/bien-etreiris.ch\\\/de\\\/produktpraesentation\\\/\"},{\"@type\":\"ListItem\",\"position\":3,\"name\":\"GESUNDES LEBEN\",\"item\":\"https:\\\/\\\/bien-etreiris.ch\\\/de\\\/produktpraesentation\\\/gesundes-leben\\\/\"},{\"@type\":\"ListItem\",\"position\":4,\"name\":\"NAHRUNGSERG\u00c4NZUNG\",\"item\":\"https:\\\/\\\/bien-etreiris.ch\\\/de\\\/produktpraesentation\\\/gesundes-leben\\\/nahrungsergaenzungsmittel\\\/\"},{\"@type\":\"ListItem\",\"position\":5,\"name\":\"PFLANZENHEILKUNDE\",\"item\":\"https:\\\/\\\/bien-etreiris.ch\\\/de\\\/produktpraesentation\\\/gesundes-leben\\\/nahrungsergaenzungsmittel\\\/pflanzenheilkunde-gleichgewicht-durch-heilpflanzen\\\/\"},{\"@type\":\"ListItem\",\"position\":6,\"name\":\"PFLANZENEXTRAKTE\",\"item\":\"https:\\\/\\\/bien-etreiris.ch\\\/de\\\/produktpraesentation\\\/gesundes-leben\\\/nahrungsergaenzungsmittel\\\/pflanzenheilkunde-gleichgewicht-durch-heilpflanzen\\\/pflanzenextrakte\\\/\"},{\"@type\":\"ListItem\",\"position\":7,\"name\":\"L\u00d6WENZAHN\"}]},{\"@type\":\"WebSite\",\"@id\":\"https:\\\/\\\/bien-etreiris.ch\\\/de\\\/#website\",\"url\":\"https:\\\/\\\/bien-etreiris.ch\\\/de\\\/\",\"name\":\"Bien-\u00eatre Iris\",\"description\":\"IHRE Gesundheit ist uns wichtig\",\"potentialAction\":[{\"@type\":\"SearchAction\",\"target\":{\"@type\":\"EntryPoint\",\"urlTemplate\":\"https:\\\/\\\/bien-etreiris.ch\\\/de\\\/?s={search_term_string}\"},\"query-input\":{\"@type\":\"PropertyValueSpecification\",\"valueRequired\":true,\"valueName\":\"search_term_string\"}}],\"inLanguage\":\"de\"}]}<\/script>\n<!-- \/ Yoast SEO plugin. -->","yoast_head_json":{"title":"L\u00d6WENZAHN - WOHLBEFINDEN","robots":{"index":"index","follow":"follow","max-snippet":"max-snippet:-1","max-image-preview":"max-image-preview:large","max-video-preview":"max-video-preview:-1"},"canonical":"https:\/\/bien-etreiris.ch\/de\/produktpraesentation\/gesundes-leben\/nahrungsergaenzungsmittel\/pflanzenheilkunde-gleichgewicht-durch-heilpflanzen\/pflanzenextrakte\/loewenzahn-extrakt\/","og_locale":"de_DE","og_type":"article","og_title":"L\u00d6WENZAHN - WOHLBEFINDEN","og_description":"L\u00f6wenzahn Extrakt BIO - Taraxacum &nbsp; &nbsp; &nbsp; Kr\u00e4uter L\u00f6tsch Certifi\u00e9 BIO naturel sans sucre sans additifs ni colorants artificiels pasteuris\u00e9 sans alcool v\u00e9g\u00e9talien Description : Extrait aqueux de plantes 100 ml dans un flacon en verre CHF &nbsp; &nbsp; &nbsp; Renforce la bile, le foie et le pancr\u00e9as Le pissenlit commun est originaire d'Asie occidentale et d'Europe, mais il&nbsp;Weiter lesen","og_url":"https:\/\/bien-etreiris.ch\/de\/produktpraesentation\/gesundes-leben\/nahrungsergaenzungsmittel\/pflanzenheilkunde-gleichgewicht-durch-heilpflanzen\/pflanzenextrakte\/loewenzahn-extrakt\/","og_site_name":"WOHLBEFINDEN","article_publisher":"https:\/\/www.facebook.com\/bienetreiris\/","article_modified_time":"2021-09-15T15:59:11+00:00","og_image":[{"width":500,"height":332,"url":"https:\/\/bien-etreiris.ch\/wp-content\/uploads\/2021\/09\/acceuil-pissenlit-dent-de-lion.jpg","type":"image\/jpeg"}],"twitter_misc":{"Gesch\u00e4tzte Lesezeit":"2\u00a0Minuten"},"schema":{"@context":"https:\/\/schema.org","@graph":[{"@type":"WebPage","@id":"https:\/\/bien-etreiris.ch\/de\/produktpraesentation\/gesundes-leben\/nahrungsergaenzungsmittel\/pflanzenheilkunde-gleichgewicht-durch-heilpflanzen\/pflanzenextrakte\/loewenzahn-extrakt\/","url":"https:\/\/bien-etreiris.ch\/de\/produktpraesentation\/gesundes-leben\/nahrungsergaenzungsmittel\/pflanzenheilkunde-gleichgewicht-durch-heilpflanzen\/pflanzenextrakte\/loewenzahn-extrakt\/","name":"L\u00d6WENZAHN - WOHLBEFINDEN","isPartOf":{"@id":"https:\/\/bien-etreiris.ch\/de\/#website"},"primaryImageOfPage":{"@id":"https:\/\/bien-etreiris.ch\/de\/produktpraesentation\/gesundes-leben\/nahrungsergaenzungsmittel\/pflanzenheilkunde-gleichgewicht-durch-heilpflanzen\/pflanzenextrakte\/loewenzahn-extrakt\/#primaryimage"},"image":{"@id":"https:\/\/bien-etreiris.ch\/de\/produktpraesentation\/gesundes-leben\/nahrungsergaenzungsmittel\/pflanzenheilkunde-gleichgewicht-durch-heilpflanzen\/pflanzenextrakte\/loewenzahn-extrakt\/#primaryimage"},"thumbnailUrl":"https:\/\/bien-etreiris.ch\/wp-content\/uploads\/2021\/09\/acceuil-pissenlit-dent-de-lion.jpg","datePublished":"2021-09-15T06:48:09+00:00","dateModified":"2021-09-15T15:59:11+00:00","breadcrumb":{"@id":"https:\/\/bien-etreiris.ch\/de\/produktpraesentation\/gesundes-leben\/nahrungsergaenzungsmittel\/pflanzenheilkunde-gleichgewicht-durch-heilpflanzen\/pflanzenextrakte\/loewenzahn-extrakt\/#breadcrumb"},"inLanguage":"de","potentialAction":[{"@type":"ReadAction","target":["https:\/\/bien-etreiris.ch\/de\/produktpraesentation\/gesundes-leben\/nahrungsergaenzungsmittel\/pflanzenheilkunde-gleichgewicht-durch-heilpflanzen\/pflanzenextrakte\/loewenzahn-extrakt\/"]}]},{"@type":"ImageObject","inLanguage":"de","@id":"https:\/\/bien-etreiris.ch\/de\/produktpraesentation\/gesundes-leben\/nahrungsergaenzungsmittel\/pflanzenheilkunde-gleichgewicht-durch-heilpflanzen\/pflanzenextrakte\/loewenzahn-extrakt\/#primaryimage","url":"https:\/\/bien-etreiris.ch\/wp-content\/uploads\/2021\/09\/acceuil-pissenlit-dent-de-lion.jpg","contentUrl":"https:\/\/bien-etreiris.ch\/wp-content\/uploads\/2021\/09\/acceuil-pissenlit-dent-de-lion.jpg","width":500,"height":332},{"@type":"BreadcrumbList","@id":"https:\/\/bien-etreiris.ch\/de\/produktpraesentation\/gesundes-leben\/nahrungsergaenzungsmittel\/pflanzenheilkunde-gleichgewicht-durch-heilpflanzen\/pflanzenextrakte\/loewenzahn-extrakt\/#breadcrumb","itemListElement":[{"@type":"ListItem","position":1,"name":"Home","item":"https:\/\/bien-etreiris.ch\/de\/"},{"@type":"ListItem","position":2,"name":"PRODUKTPR\u00c4SENTATION","item":"https:\/\/bien-etreiris.ch\/de\/produktpraesentation\/"},{"@type":"ListItem","position":3,"name":"GESUNDES LEBEN","item":"https:\/\/bien-etreiris.ch\/de\/produktpraesentation\/gesundes-leben\/"},{"@type":"ListItem","position":4,"name":"NAHRUNGSERG\u00c4NZUNG","item":"https:\/\/bien-etreiris.ch\/de\/produktpraesentation\/gesundes-leben\/nahrungsergaenzungsmittel\/"},{"@type":"ListItem","position":5,"name":"PFLANZENHEILKUNDE","item":"https:\/\/bien-etreiris.ch\/de\/produktpraesentation\/gesundes-leben\/nahrungsergaenzungsmittel\/pflanzenheilkunde-gleichgewicht-durch-heilpflanzen\/"},{"@type":"ListItem","position":6,"name":"PFLANZENEXTRAKTE","item":"https:\/\/bien-etreiris.ch\/de\/produktpraesentation\/gesundes-leben\/nahrungsergaenzungsmittel\/pflanzenheilkunde-gleichgewicht-durch-heilpflanzen\/pflanzenextrakte\/"},{"@type":"ListItem","position":7,"name":"L\u00d6WENZAHN"}]},{"@type":"WebSite","@id":"https:\/\/bien-etreiris.ch\/de\/#website","url":"https:\/\/bien-etreiris.ch\/de\/","name":"Bien-\u00eatre Iris","description":"IHRE Gesundheit ist uns wichtig","potentialAction":[{"@type":"SearchAction","target":{"@type":"EntryPoint","urlTemplate":"https:\/\/bien-etreiris.ch\/de\/?s={search_term_string}"},"query-input":{"@type":"PropertyValueSpecification","valueRequired":true,"valueName":"search_term_string"}}],"inLanguage":"de"}]}},"_links":{"self":[{"href":"https:\/\/bien-etreiris.ch\/de\/wp-json\/wp\/v2\/pages\/54219","targetHints":{"allow":["GET"]}}],"collection":[{"href":"https:\/\/bien-etreiris.ch\/de\/wp-json\/wp\/v2\/pages"}],"about":[{"href":"https:\/\/bien-etreiris.ch\/de\/wp-json\/wp\/v2\/types\/page"}],"author":[{"embeddable":true,"href":"https:\/\/bien-etreiris.ch\/de\/wp-json\/wp\/v2\/users\/1"}],"replies":[{"embeddable":true,"href":"https:\/\/bien-etreiris.ch\/de\/wp-json\/wp\/v2\/comments?post=54219"}],"version-history":[{"count":2,"href":"https:\/\/bien-etreiris.ch\/de\/wp-json\/wp\/v2\/pages\/54219\/revisions"}],"predecessor-version":[{"id":54303,"href":"https:\/\/bien-etreiris.ch\/de\/wp-json\/wp\/v2\/pages\/54219\/revisions\/54303"}],"up":[{"embeddable":true,"href":"https:\/\/bien-etreiris.ch\/de\/wp-json\/wp\/v2\/pages\/41725"}],"wp:featuredmedia":[{"embeddable":true,"href":"https:\/\/bien-etreiris.ch\/de\/wp-json\/wp\/v2\/media\/54225"}],"wp:attachment":[{"href":"https:\/\/bien-etreiris.ch\/de\/wp-json\/wp\/v2\/media?parent=54219"}],"curies":[{"name":"wp","href":"https:\/\/api.w.org\/{rel}","templated":true}]}}