{"id":54147,"date":"2021-09-15T06:27:19","date_gmt":"2021-09-15T04:27:19","guid":{"rendered":"https:\/\/bien-etreiris.ch\/?page_id=54147"},"modified":"2021-09-15T18:04:48","modified_gmt":"2021-09-15T16:04:48","slug":"thymian-extrakt","status":"publish","type":"page","link":"https:\/\/bien-etreiris.ch\/de\/produktpraesentation\/gesundes-leben\/nahrungsergaenzungsmittel\/pflanzenheilkunde-gleichgewicht-durch-heilpflanzen\/pflanzenextrakte\/thymian-extrakt\/","title":{"rendered":"THYMIAN"},"content":{"rendered":"\n<h2>Thymian Extrakt BIO <\/h2>\n<p><a href=\"https:\/\/bien-etreiris.ch\/wp-content\/uploads\/2021\/09\/Thym.png\"><img loading=\"lazy\" decoding=\"async\" class=\"wp-image-54173 alignleft\" src=\"https:\/\/bien-etreiris.ch\/wp-content\/uploads\/2021\/09\/Thym-300x300.png\" alt=\"\" width=\"361\" height=\"361\" srcset=\"https:\/\/bien-etreiris.ch\/wp-content\/uploads\/2021\/09\/Thym-300x300.png 300w, https:\/\/bien-etreiris.ch\/wp-content\/uploads\/2021\/09\/Thym-150x150.png 150w, https:\/\/bien-etreiris.ch\/wp-content\/uploads\/2021\/09\/Thym.png 625w\" sizes=\"auto, (max-width: 361px) 100vw, 361px\" \/><\/a><\/p>\n<p>&nbsp;<\/p>\n<p>&nbsp;<\/p>\n<p>&nbsp;<\/p>\n<p><a href=\"https:\/\/bien-etreiris.ch\/de\/unsere-marken\/kraeuter-loetsch\/\" target=\"_blank\" rel=\"noopener\">Kr\u00e4uter L\u00f6tsch<\/a><\/p>\n<ul style=\"list-style-type: disc;\">\n<li>naturel sans sucre<\/li>\n<li>issus de la culture biologique<\/li>\n<li>sans additifs ni colorants artificiels<\/li>\n<li>pasteuris\u00e9<\/li>\n<li>sans alcool<\/li>\n<li>v\u00e9g\u00e9talien<\/li>\n<li>Description : Extrait aqueux de plantes<\/li>\n<\/ul>\n<p><br>100 ml dans un flacon en verre <strong>CHF 17.50<br><\/strong><\/p>\n<h4>&nbsp;<\/h4>\n<h4><br>B\u00e9n\u00e9fique pour la bronchite et la toux<\/h4>\n<p>Le thym est originaire de la r\u00e9gion m\u00e9diterran\u00e9enne occidentale de l'Europe. Elle est utilis\u00e9e comme plante m\u00e9dicinale et comme \u00e9pice. On lui attribue un effet apaisant sur la bronchite et la toux ainsi qu'un effet antibact\u00e9rien et antiviral.<br>Processus d'extraction<\/p>\n<p>Dans tous les extraits Kr\u00e4uter L\u00f6tsch, l'eau est utilis\u00e9e comme solvant pour l'extraction des substances v\u00e9g\u00e9tales. Aucune eau n'est ensuite ajout\u00e9e. L'extrait contient de nombreuses substances v\u00e9g\u00e9tales secondaires pr\u00e9cieuses et donc toute la puissance de la plante.<\/p>\n<h4>Dosage recommand\u00e9<\/h4>\n<p>Gardez 1 cuill\u00e8re \u00e0 soupe d'extrait dans la bouche pendant 1 minute, puis avalez. 4 \u00e0 5 fois par jour jusqu'\u00e0 ce que le flacon soit vide.<\/p>\n<h4><br>Ingr\u00e9dients<\/h4>\n<p>Eau de source de Ronthaler, thym, m\u00e9lisse, feuilles de framboise et de m\u00fbre, sauge, \u00e9pilobe, anis, gingembre, clous de girofle, geni\u00e8vre.<\/p>\n<h4><br>Pays d'origine<\/h4>\n<p>Fabriqu\u00e9 en Autriche<\/p>\n","protected":false},"excerpt":{"rendered":"<p>Thymian Extrakt BIO &nbsp; &nbsp; &nbsp; Kr\u00e4uter L\u00f6tsch naturel sans sucre issus de la culture biologique sans additifs ni colorants artificiels pasteuris\u00e9 sans alcool v\u00e9g\u00e9talien Description : Extrait aqueux de plantes 100 ml dans un flacon en verre CHF 17.50 &nbsp; B\u00e9n\u00e9fique pour la bronchite et la toux Le thym est originaire de la r\u00e9gion m\u00e9diterran\u00e9enne occidentale de l'Europe. Elle&nbsp;<a href=\"https:\/\/bien-etreiris.ch\/de\/produktpraesentation\/gesundes-leben\/nahrungsergaenzungsmittel\/pflanzenheilkunde-gleichgewicht-durch-heilpflanzen\/pflanzenextrakte\/thymian-extrakt\/\" class=\"read-more\">Weiter lesen<\/a><\/p>\n","protected":false},"author":1,"featured_media":54145,"parent":41725,"menu_order":4990,"comment_status":"closed","ping_status":"closed","template":"page-with-child.php","meta":{"_acf_changed":false,"ngg_post_thumbnail":0,"footnotes":""},"class_list":["post-54147","page","type-page","status-publish","has-post-thumbnail","hentry"],"acf":[],"yoast_head":"<!-- This site is optimized with the Yoast SEO plugin v27.6 - https:\/\/yoast.com\/product\/yoast-seo-wordpress\/ -->\n<title>THYMIAN - WOHLBEFINDEN<\/title>\n<meta name=\"robots\" content=\"index, follow, max-snippet:-1, max-image-preview:large, max-video-preview:-1\" \/>\n<link rel=\"canonical\" href=\"https:\/\/bien-etreiris.ch\/de\/produktpraesentation\/gesundes-leben\/nahrungsergaenzungsmittel\/pflanzenheilkunde-gleichgewicht-durch-heilpflanzen\/pflanzenextrakte\/thymian-extrakt\/\" \/>\n<meta property=\"og:locale\" content=\"de_DE\" \/>\n<meta property=\"og:type\" content=\"article\" \/>\n<meta property=\"og:title\" content=\"THYMIAN - WOHLBEFINDEN\" \/>\n<meta property=\"og:description\" content=\"Thymian Extrakt BIO &nbsp; &nbsp; &nbsp; Kr\u00e4uter L\u00f6tsch naturel sans sucre issus de la culture biologique sans additifs ni colorants artificiels pasteuris\u00e9 sans alcool v\u00e9g\u00e9talien Description : Extrait aqueux de plantes 100 ml dans un flacon en verre CHF 17.50 &nbsp; B\u00e9n\u00e9fique pour la bronchite et la toux Le thym est originaire de la r\u00e9gion m\u00e9diterran\u00e9enne occidentale de l&#039;Europe. Elle&nbsp;Weiter lesen\" \/>\n<meta property=\"og:url\" content=\"https:\/\/bien-etreiris.ch\/de\/produktpraesentation\/gesundes-leben\/nahrungsergaenzungsmittel\/pflanzenheilkunde-gleichgewicht-durch-heilpflanzen\/pflanzenextrakte\/thymian-extrakt\/\" \/>\n<meta property=\"og:site_name\" content=\"WOHLBEFINDEN\" \/>\n<meta property=\"article:publisher\" content=\"https:\/\/www.facebook.com\/bienetreiris\/\" \/>\n<meta property=\"article:modified_time\" content=\"2021-09-15T16:04:48+00:00\" \/>\n<meta property=\"og:image\" content=\"https:\/\/bien-etreiris.ch\/wp-content\/uploads\/2021\/09\/acceuil-thym.jpg\" \/>\n\t<meta property=\"og:image:width\" content=\"500\" \/>\n\t<meta property=\"og:image:height\" content=\"332\" \/>\n\t<meta property=\"og:image:type\" content=\"image\/jpeg\" \/>\n<meta name=\"twitter:label1\" content=\"Gesch\u00e4tzte Lesezeit\" \/>\n\t<meta name=\"twitter:data1\" content=\"1\u00a0Minute\" \/>\n<script type=\"application\/ld+json\" class=\"yoast-schema-graph\">{\"@context\":\"https:\\\/\\\/schema.org\",\"@graph\":[{\"@type\":\"WebPage\",\"@id\":\"https:\\\/\\\/bien-etreiris.ch\\\/de\\\/produktpraesentation\\\/gesundes-leben\\\/nahrungsergaenzungsmittel\\\/pflanzenheilkunde-gleichgewicht-durch-heilpflanzen\\\/pflanzenextrakte\\\/thymian-extrakt\\\/\",\"url\":\"https:\\\/\\\/bien-etreiris.ch\\\/de\\\/produktpraesentation\\\/gesundes-leben\\\/nahrungsergaenzungsmittel\\\/pflanzenheilkunde-gleichgewicht-durch-heilpflanzen\\\/pflanzenextrakte\\\/thymian-extrakt\\\/\",\"name\":\"THYMIAN - WOHLBEFINDEN\",\"isPartOf\":{\"@id\":\"https:\\\/\\\/bien-etreiris.ch\\\/de\\\/#website\"},\"primaryImageOfPage\":{\"@id\":\"https:\\\/\\\/bien-etreiris.ch\\\/de\\\/produktpraesentation\\\/gesundes-leben\\\/nahrungsergaenzungsmittel\\\/pflanzenheilkunde-gleichgewicht-durch-heilpflanzen\\\/pflanzenextrakte\\\/thymian-extrakt\\\/#primaryimage\"},\"image\":{\"@id\":\"https:\\\/\\\/bien-etreiris.ch\\\/de\\\/produktpraesentation\\\/gesundes-leben\\\/nahrungsergaenzungsmittel\\\/pflanzenheilkunde-gleichgewicht-durch-heilpflanzen\\\/pflanzenextrakte\\\/thymian-extrakt\\\/#primaryimage\"},\"thumbnailUrl\":\"https:\\\/\\\/bien-etreiris.ch\\\/wp-content\\\/uploads\\\/2021\\\/09\\\/acceuil-thym.jpg\",\"datePublished\":\"2021-09-15T04:27:19+00:00\",\"dateModified\":\"2021-09-15T16:04:48+00:00\",\"breadcrumb\":{\"@id\":\"https:\\\/\\\/bien-etreiris.ch\\\/de\\\/produktpraesentation\\\/gesundes-leben\\\/nahrungsergaenzungsmittel\\\/pflanzenheilkunde-gleichgewicht-durch-heilpflanzen\\\/pflanzenextrakte\\\/thymian-extrakt\\\/#breadcrumb\"},\"inLanguage\":\"de\",\"potentialAction\":[{\"@type\":\"ReadAction\",\"target\":[\"https:\\\/\\\/bien-etreiris.ch\\\/de\\\/produktpraesentation\\\/gesundes-leben\\\/nahrungsergaenzungsmittel\\\/pflanzenheilkunde-gleichgewicht-durch-heilpflanzen\\\/pflanzenextrakte\\\/thymian-extrakt\\\/\"]}]},{\"@type\":\"ImageObject\",\"inLanguage\":\"de\",\"@id\":\"https:\\\/\\\/bien-etreiris.ch\\\/de\\\/produktpraesentation\\\/gesundes-leben\\\/nahrungsergaenzungsmittel\\\/pflanzenheilkunde-gleichgewicht-durch-heilpflanzen\\\/pflanzenextrakte\\\/thymian-extrakt\\\/#primaryimage\",\"url\":\"https:\\\/\\\/bien-etreiris.ch\\\/wp-content\\\/uploads\\\/2021\\\/09\\\/acceuil-thym.jpg\",\"contentUrl\":\"https:\\\/\\\/bien-etreiris.ch\\\/wp-content\\\/uploads\\\/2021\\\/09\\\/acceuil-thym.jpg\",\"width\":500,\"height\":332},{\"@type\":\"BreadcrumbList\",\"@id\":\"https:\\\/\\\/bien-etreiris.ch\\\/de\\\/produktpraesentation\\\/gesundes-leben\\\/nahrungsergaenzungsmittel\\\/pflanzenheilkunde-gleichgewicht-durch-heilpflanzen\\\/pflanzenextrakte\\\/thymian-extrakt\\\/#breadcrumb\",\"itemListElement\":[{\"@type\":\"ListItem\",\"position\":1,\"name\":\"Home\",\"item\":\"https:\\\/\\\/bien-etreiris.ch\\\/de\\\/\"},{\"@type\":\"ListItem\",\"position\":2,\"name\":\"PRODUKTPR\u00c4SENTATION\",\"item\":\"https:\\\/\\\/bien-etreiris.ch\\\/de\\\/produktpraesentation\\\/\"},{\"@type\":\"ListItem\",\"position\":3,\"name\":\"GESUNDES LEBEN\",\"item\":\"https:\\\/\\\/bien-etreiris.ch\\\/de\\\/produktpraesentation\\\/gesundes-leben\\\/\"},{\"@type\":\"ListItem\",\"position\":4,\"name\":\"NAHRUNGSERG\u00c4NZUNG\",\"item\":\"https:\\\/\\\/bien-etreiris.ch\\\/de\\\/produktpraesentation\\\/gesundes-leben\\\/nahrungsergaenzungsmittel\\\/\"},{\"@type\":\"ListItem\",\"position\":5,\"name\":\"PFLANZENHEILKUNDE\",\"item\":\"https:\\\/\\\/bien-etreiris.ch\\\/de\\\/produktpraesentation\\\/gesundes-leben\\\/nahrungsergaenzungsmittel\\\/pflanzenheilkunde-gleichgewicht-durch-heilpflanzen\\\/\"},{\"@type\":\"ListItem\",\"position\":6,\"name\":\"PFLANZENEXTRAKTE\",\"item\":\"https:\\\/\\\/bien-etreiris.ch\\\/de\\\/produktpraesentation\\\/gesundes-leben\\\/nahrungsergaenzungsmittel\\\/pflanzenheilkunde-gleichgewicht-durch-heilpflanzen\\\/pflanzenextrakte\\\/\"},{\"@type\":\"ListItem\",\"position\":7,\"name\":\"THYMIAN\"}]},{\"@type\":\"WebSite\",\"@id\":\"https:\\\/\\\/bien-etreiris.ch\\\/de\\\/#website\",\"url\":\"https:\\\/\\\/bien-etreiris.ch\\\/de\\\/\",\"name\":\"Bien-\u00eatre Iris\",\"description\":\"IHRE Gesundheit ist uns wichtig\",\"potentialAction\":[{\"@type\":\"SearchAction\",\"target\":{\"@type\":\"EntryPoint\",\"urlTemplate\":\"https:\\\/\\\/bien-etreiris.ch\\\/de\\\/?s={search_term_string}\"},\"query-input\":{\"@type\":\"PropertyValueSpecification\",\"valueRequired\":true,\"valueName\":\"search_term_string\"}}],\"inLanguage\":\"de\"}]}<\/script>\n<!-- \/ Yoast SEO plugin. -->","yoast_head_json":{"title":"THYMIAN - WOHLBEFINDEN","robots":{"index":"index","follow":"follow","max-snippet":"max-snippet:-1","max-image-preview":"max-image-preview:large","max-video-preview":"max-video-preview:-1"},"canonical":"https:\/\/bien-etreiris.ch\/de\/produktpraesentation\/gesundes-leben\/nahrungsergaenzungsmittel\/pflanzenheilkunde-gleichgewicht-durch-heilpflanzen\/pflanzenextrakte\/thymian-extrakt\/","og_locale":"de_DE","og_type":"article","og_title":"THYMIAN - WOHLBEFINDEN","og_description":"Thymian Extrakt BIO &nbsp; &nbsp; &nbsp; Kr\u00e4uter L\u00f6tsch naturel sans sucre issus de la culture biologique sans additifs ni colorants artificiels pasteuris\u00e9 sans alcool v\u00e9g\u00e9talien Description : Extrait aqueux de plantes 100 ml dans un flacon en verre CHF 17.50 &nbsp; B\u00e9n\u00e9fique pour la bronchite et la toux Le thym est originaire de la r\u00e9gion m\u00e9diterran\u00e9enne occidentale de l'Europe. Elle&nbsp;Weiter lesen","og_url":"https:\/\/bien-etreiris.ch\/de\/produktpraesentation\/gesundes-leben\/nahrungsergaenzungsmittel\/pflanzenheilkunde-gleichgewicht-durch-heilpflanzen\/pflanzenextrakte\/thymian-extrakt\/","og_site_name":"WOHLBEFINDEN","article_publisher":"https:\/\/www.facebook.com\/bienetreiris\/","article_modified_time":"2021-09-15T16:04:48+00:00","og_image":[{"width":500,"height":332,"url":"https:\/\/bien-etreiris.ch\/wp-content\/uploads\/2021\/09\/acceuil-thym.jpg","type":"image\/jpeg"}],"twitter_misc":{"Gesch\u00e4tzte Lesezeit":"1\u00a0Minute"},"schema":{"@context":"https:\/\/schema.org","@graph":[{"@type":"WebPage","@id":"https:\/\/bien-etreiris.ch\/de\/produktpraesentation\/gesundes-leben\/nahrungsergaenzungsmittel\/pflanzenheilkunde-gleichgewicht-durch-heilpflanzen\/pflanzenextrakte\/thymian-extrakt\/","url":"https:\/\/bien-etreiris.ch\/de\/produktpraesentation\/gesundes-leben\/nahrungsergaenzungsmittel\/pflanzenheilkunde-gleichgewicht-durch-heilpflanzen\/pflanzenextrakte\/thymian-extrakt\/","name":"THYMIAN - WOHLBEFINDEN","isPartOf":{"@id":"https:\/\/bien-etreiris.ch\/de\/#website"},"primaryImageOfPage":{"@id":"https:\/\/bien-etreiris.ch\/de\/produktpraesentation\/gesundes-leben\/nahrungsergaenzungsmittel\/pflanzenheilkunde-gleichgewicht-durch-heilpflanzen\/pflanzenextrakte\/thymian-extrakt\/#primaryimage"},"image":{"@id":"https:\/\/bien-etreiris.ch\/de\/produktpraesentation\/gesundes-leben\/nahrungsergaenzungsmittel\/pflanzenheilkunde-gleichgewicht-durch-heilpflanzen\/pflanzenextrakte\/thymian-extrakt\/#primaryimage"},"thumbnailUrl":"https:\/\/bien-etreiris.ch\/wp-content\/uploads\/2021\/09\/acceuil-thym.jpg","datePublished":"2021-09-15T04:27:19+00:00","dateModified":"2021-09-15T16:04:48+00:00","breadcrumb":{"@id":"https:\/\/bien-etreiris.ch\/de\/produktpraesentation\/gesundes-leben\/nahrungsergaenzungsmittel\/pflanzenheilkunde-gleichgewicht-durch-heilpflanzen\/pflanzenextrakte\/thymian-extrakt\/#breadcrumb"},"inLanguage":"de","potentialAction":[{"@type":"ReadAction","target":["https:\/\/bien-etreiris.ch\/de\/produktpraesentation\/gesundes-leben\/nahrungsergaenzungsmittel\/pflanzenheilkunde-gleichgewicht-durch-heilpflanzen\/pflanzenextrakte\/thymian-extrakt\/"]}]},{"@type":"ImageObject","inLanguage":"de","@id":"https:\/\/bien-etreiris.ch\/de\/produktpraesentation\/gesundes-leben\/nahrungsergaenzungsmittel\/pflanzenheilkunde-gleichgewicht-durch-heilpflanzen\/pflanzenextrakte\/thymian-extrakt\/#primaryimage","url":"https:\/\/bien-etreiris.ch\/wp-content\/uploads\/2021\/09\/acceuil-thym.jpg","contentUrl":"https:\/\/bien-etreiris.ch\/wp-content\/uploads\/2021\/09\/acceuil-thym.jpg","width":500,"height":332},{"@type":"BreadcrumbList","@id":"https:\/\/bien-etreiris.ch\/de\/produktpraesentation\/gesundes-leben\/nahrungsergaenzungsmittel\/pflanzenheilkunde-gleichgewicht-durch-heilpflanzen\/pflanzenextrakte\/thymian-extrakt\/#breadcrumb","itemListElement":[{"@type":"ListItem","position":1,"name":"Home","item":"https:\/\/bien-etreiris.ch\/de\/"},{"@type":"ListItem","position":2,"name":"PRODUKTPR\u00c4SENTATION","item":"https:\/\/bien-etreiris.ch\/de\/produktpraesentation\/"},{"@type":"ListItem","position":3,"name":"GESUNDES LEBEN","item":"https:\/\/bien-etreiris.ch\/de\/produktpraesentation\/gesundes-leben\/"},{"@type":"ListItem","position":4,"name":"NAHRUNGSERG\u00c4NZUNG","item":"https:\/\/bien-etreiris.ch\/de\/produktpraesentation\/gesundes-leben\/nahrungsergaenzungsmittel\/"},{"@type":"ListItem","position":5,"name":"PFLANZENHEILKUNDE","item":"https:\/\/bien-etreiris.ch\/de\/produktpraesentation\/gesundes-leben\/nahrungsergaenzungsmittel\/pflanzenheilkunde-gleichgewicht-durch-heilpflanzen\/"},{"@type":"ListItem","position":6,"name":"PFLANZENEXTRAKTE","item":"https:\/\/bien-etreiris.ch\/de\/produktpraesentation\/gesundes-leben\/nahrungsergaenzungsmittel\/pflanzenheilkunde-gleichgewicht-durch-heilpflanzen\/pflanzenextrakte\/"},{"@type":"ListItem","position":7,"name":"THYMIAN"}]},{"@type":"WebSite","@id":"https:\/\/bien-etreiris.ch\/de\/#website","url":"https:\/\/bien-etreiris.ch\/de\/","name":"Bien-\u00eatre Iris","description":"IHRE Gesundheit ist uns wichtig","potentialAction":[{"@type":"SearchAction","target":{"@type":"EntryPoint","urlTemplate":"https:\/\/bien-etreiris.ch\/de\/?s={search_term_string}"},"query-input":{"@type":"PropertyValueSpecification","valueRequired":true,"valueName":"search_term_string"}}],"inLanguage":"de"}]}},"_links":{"self":[{"href":"https:\/\/bien-etreiris.ch\/de\/wp-json\/wp\/v2\/pages\/54147","targetHints":{"allow":["GET"]}}],"collection":[{"href":"https:\/\/bien-etreiris.ch\/de\/wp-json\/wp\/v2\/pages"}],"about":[{"href":"https:\/\/bien-etreiris.ch\/de\/wp-json\/wp\/v2\/types\/page"}],"author":[{"embeddable":true,"href":"https:\/\/bien-etreiris.ch\/de\/wp-json\/wp\/v2\/users\/1"}],"replies":[{"embeddable":true,"href":"https:\/\/bien-etreiris.ch\/de\/wp-json\/wp\/v2\/comments?post=54147"}],"version-history":[{"count":5,"href":"https:\/\/bien-etreiris.ch\/de\/wp-json\/wp\/v2\/pages\/54147\/revisions"}],"predecessor-version":[{"id":54306,"href":"https:\/\/bien-etreiris.ch\/de\/wp-json\/wp\/v2\/pages\/54147\/revisions\/54306"}],"up":[{"embeddable":true,"href":"https:\/\/bien-etreiris.ch\/de\/wp-json\/wp\/v2\/pages\/41725"}],"wp:featuredmedia":[{"embeddable":true,"href":"https:\/\/bien-etreiris.ch\/de\/wp-json\/wp\/v2\/media\/54145"}],"wp:attachment":[{"href":"https:\/\/bien-etreiris.ch\/de\/wp-json\/wp\/v2\/media?parent=54147"}],"curies":[{"name":"wp","href":"https:\/\/api.w.org\/{rel}","templated":true}]}}