{"id":54138,"date":"2021-09-14T20:54:36","date_gmt":"2021-09-14T18:54:36","guid":{"rendered":"https:\/\/bien-etreiris.ch\/?page_id=54138"},"modified":"2021-09-15T18:21:25","modified_gmt":"2021-09-15T16:21:25","slug":"bitter-kraeuter","status":"publish","type":"page","link":"https:\/\/bien-etreiris.ch\/de\/produktpraesentation\/gesundes-leben\/nahrungsergaenzungsmittel\/pflanzenheilkunde-gleichgewicht-durch-heilpflanzen\/pflanzenextrakte\/bitter-kraeuter\/","title":{"rendered":"BITTER KR\u00c4UTER"},"content":{"rendered":"\n<h2>Bitter Kr\u00e4uter Extrakt mit gelben Enzian<\/h2>\n<p><a href=\"https:\/\/bien-etreiris.ch\/wp-content\/uploads\/2021\/09\/plantes-amer.png\"><img loading=\"lazy\" decoding=\"async\" class=\"wp-image-54160 alignleft\" src=\"https:\/\/bien-etreiris.ch\/wp-content\/uploads\/2021\/09\/plantes-amer-300x300.png\" alt=\"\" width=\"403\" height=\"403\" srcset=\"https:\/\/bien-etreiris.ch\/wp-content\/uploads\/2021\/09\/plantes-amer-300x300.png 300w, https:\/\/bien-etreiris.ch\/wp-content\/uploads\/2021\/09\/plantes-amer-150x150.png 150w, https:\/\/bien-etreiris.ch\/wp-content\/uploads\/2021\/09\/plantes-amer.png 625w\" sizes=\"auto, (max-width: 403px) 100vw, 403px\" \/><\/a><\/p>\n<p>&nbsp;<\/p>\n<p>&nbsp;<\/p>\n<p><a href=\"https:\/\/bien-etreiris.ch\/de\/unsere-marken\/kraeuter-loetsch\/\" target=\"_blank\" rel=\"noopener\">Kr\u00e4uter L\u00f6tsch<\/a><\/p>\n<ul style=\"list-style-type: disc;\">\n<li>sans sucre<\/li>\n<li>naturel<\/li>\n<li>sans additifs ni colorants artificiels<\/li>\n<li>pasteuris\u00e9<\/li>\n<li>sans alcool<\/li>\n<li>de l'agriculture biologique<\/li>\n<li>v\u00e9g\u00e9talien<\/li>\n<li>Description : Extrait aqueux de plantes<\/li>\n<\/ul>\n<p><br>100 ml dans un flacon en verre <strong>CHF 19.20<br><\/strong><\/p>\n<p>&nbsp;<\/p>\n<p>&nbsp;<\/p>\n<p>&nbsp;<\/p>\n<p>&nbsp;<\/p>\n<h4><br>L'amertume dans la bouche est saine<\/h4>\n<p>Les substances am\u00e8res stimulent sensiblement la digestion et soutiennent le syst\u00e8me immunitaire. Ils r\u00e9duisent l'exc\u00e8s d'acidit\u00e9 (acidose) et assurent un \u00e9quilibre alcalin intact et sont donc d'une importance pr\u00e9cieuse. Cependant, les substances am\u00e8res, que beaucoup \u00e9vitent, non seulement stimulent la production de bile, mais favorisent \u00e9galement une digestion saine car elles stimulent la circulation sanguine. En outre, les substances am\u00e8res soutiennent la fonction h\u00e9patique.<\/p>\n<p>L'un des rem\u00e8des amers, ou Amara pura \/ Amara tonica, est la gentiane jaune indig\u00e8ne, l'une des plantes am\u00e8res les plus fortes de toutes. L'amarogentine contenue dans sa racine a encore un go\u00fbt amer dans une dilution de 1 : 580000, c'est-\u00e0-dire qu'un gramme de cette substance dans 58000 litres d'eau donne un go\u00fbt amer \u00e0 toute cette \u00e9norme quantit\u00e9 de liquide. Il n'est pas \u00e9tonnant que cette plante impressionnante, qui peut vivre jusqu'\u00e0 60 ans, soit un important fournisseur de m\u00e9dicaments amers.<br>Processus d'extraction<\/p>\n<p>Dans tous les extraits Kr\u00e4uter L\u00f6tsch, l'eau est utilis\u00e9e comme solvant pour l'extraction des substances v\u00e9g\u00e9tales. Aucune eau n'est ensuite ajout\u00e9e. L'extrait contient de nombreuses substances v\u00e9g\u00e9tales secondaires pr\u00e9cieuses et donc toute la puissance de la plante.<br>Propri\u00e9t\u00e9s de l'extrait d'herbe am\u00e8re<\/p>\n<p>&nbsp;<\/p>\n<h4>Ingr\u00e9dients<\/h4>\n<p>Eau de source de Ronthaler, ciste, gentiane, m\u00e9lisse, achill\u00e9e millefeuille, m\u00e9lisse des montagnes, ribwort, curcuma, armoise, graines de chardon marie, alch\u00e9mille, racine d'ang\u00e9lique, calamus, \u00e9corce d'orange, feuilles de bouleau, romarin, anis, camomille, sauge, clous de girofle, coriandre, baies de gen\u00e9vrier.<\/p>\n<p>Toutes les plantes sont issues de l'agriculture biologique ou de la cueillette sauvage.<\/p>\n<h4><br><strong>Dosage recommand\u00e9<\/strong><\/h4>\n<p>Gardez 1 cuill\u00e8re \u00e0 caf\u00e9 d'extrait dans la bouche pendant 30 secondes, puis avalez. Prenez 2 \u00e0 3 cuill\u00e8res \u00e0 caf\u00e9 par jour, tout au long de la journ\u00e9e.<\/p>\n<h4><br><strong>Pays d'origine<\/strong><\/h4>\n<p>Fabriqu\u00e9 en Autriche<\/p>\n","protected":false},"excerpt":{"rendered":"<p>Bitter Kr\u00e4uter Extrakt mit gelben Enzian &nbsp; &nbsp; Kr\u00e4uter L\u00f6tsch sans sucre naturel sans additifs ni colorants artificiels pasteuris\u00e9 sans alcool de l'agriculture biologique v\u00e9g\u00e9talien Description : Extrait aqueux de plantes 100 ml dans un flacon en verre CHF 19.20 &nbsp; &nbsp; &nbsp; &nbsp; L'amertume dans la bouche est saine Les substances am\u00e8res stimulent sensiblement la digestion et soutiennent le&nbsp;<a href=\"https:\/\/bien-etreiris.ch\/de\/produktpraesentation\/gesundes-leben\/nahrungsergaenzungsmittel\/pflanzenheilkunde-gleichgewicht-durch-heilpflanzen\/pflanzenextrakte\/bitter-kraeuter\/\" class=\"read-more\">Weiter lesen<\/a><\/p>\n","protected":false},"author":1,"featured_media":54136,"parent":41725,"menu_order":4993,"comment_status":"closed","ping_status":"closed","template":"page-with-child.php","meta":{"_acf_changed":false,"ngg_post_thumbnail":0,"footnotes":""},"class_list":["post-54138","page","type-page","status-publish","has-post-thumbnail","hentry"],"acf":[],"yoast_head":"<!-- This site is optimized with the Yoast SEO plugin v27.6 - https:\/\/yoast.com\/product\/yoast-seo-wordpress\/ -->\n<title>BITTER KR\u00c4UTER - WOHLBEFINDEN<\/title>\n<meta name=\"robots\" content=\"index, follow, max-snippet:-1, max-image-preview:large, max-video-preview:-1\" \/>\n<link rel=\"canonical\" href=\"https:\/\/bien-etreiris.ch\/de\/produktpraesentation\/gesundes-leben\/nahrungsergaenzungsmittel\/pflanzenheilkunde-gleichgewicht-durch-heilpflanzen\/pflanzenextrakte\/bitter-kraeuter\/\" \/>\n<meta property=\"og:locale\" content=\"de_DE\" \/>\n<meta property=\"og:type\" content=\"article\" \/>\n<meta property=\"og:title\" content=\"BITTER KR\u00c4UTER - WOHLBEFINDEN\" \/>\n<meta property=\"og:description\" content=\"Bitter Kr\u00e4uter Extrakt mit gelben Enzian &nbsp; &nbsp; Kr\u00e4uter L\u00f6tsch sans sucre naturel sans additifs ni colorants artificiels pasteuris\u00e9 sans alcool de l&#039;agriculture biologique v\u00e9g\u00e9talien Description : Extrait aqueux de plantes 100 ml dans un flacon en verre CHF 19.20 &nbsp; &nbsp; &nbsp; &nbsp; L&#039;amertume dans la bouche est saine Les substances am\u00e8res stimulent sensiblement la digestion et soutiennent le&nbsp;Weiter lesen\" \/>\n<meta property=\"og:url\" content=\"https:\/\/bien-etreiris.ch\/de\/produktpraesentation\/gesundes-leben\/nahrungsergaenzungsmittel\/pflanzenheilkunde-gleichgewicht-durch-heilpflanzen\/pflanzenextrakte\/bitter-kraeuter\/\" \/>\n<meta property=\"og:site_name\" content=\"WOHLBEFINDEN\" \/>\n<meta property=\"article:publisher\" content=\"https:\/\/www.facebook.com\/bienetreiris\/\" \/>\n<meta property=\"article:modified_time\" content=\"2021-09-15T16:21:25+00:00\" \/>\n<meta property=\"og:image\" content=\"https:\/\/bien-etreiris.ch\/wp-content\/uploads\/2021\/09\/acceuil-GENTIANE-JAUNE.jpg\" \/>\n\t<meta property=\"og:image:width\" content=\"500\" \/>\n\t<meta property=\"og:image:height\" content=\"333\" \/>\n\t<meta property=\"og:image:type\" content=\"image\/jpeg\" \/>\n<meta name=\"twitter:label1\" content=\"Gesch\u00e4tzte Lesezeit\" \/>\n\t<meta name=\"twitter:data1\" content=\"2\u00a0Minuten\" \/>\n<script type=\"application\/ld+json\" class=\"yoast-schema-graph\">{\"@context\":\"https:\\\/\\\/schema.org\",\"@graph\":[{\"@type\":\"WebPage\",\"@id\":\"https:\\\/\\\/bien-etreiris.ch\\\/de\\\/produktpraesentation\\\/gesundes-leben\\\/nahrungsergaenzungsmittel\\\/pflanzenheilkunde-gleichgewicht-durch-heilpflanzen\\\/pflanzenextrakte\\\/bitter-kraeuter\\\/\",\"url\":\"https:\\\/\\\/bien-etreiris.ch\\\/de\\\/produktpraesentation\\\/gesundes-leben\\\/nahrungsergaenzungsmittel\\\/pflanzenheilkunde-gleichgewicht-durch-heilpflanzen\\\/pflanzenextrakte\\\/bitter-kraeuter\\\/\",\"name\":\"BITTER KR\u00c4UTER - WOHLBEFINDEN\",\"isPartOf\":{\"@id\":\"https:\\\/\\\/bien-etreiris.ch\\\/de\\\/#website\"},\"primaryImageOfPage\":{\"@id\":\"https:\\\/\\\/bien-etreiris.ch\\\/de\\\/produktpraesentation\\\/gesundes-leben\\\/nahrungsergaenzungsmittel\\\/pflanzenheilkunde-gleichgewicht-durch-heilpflanzen\\\/pflanzenextrakte\\\/bitter-kraeuter\\\/#primaryimage\"},\"image\":{\"@id\":\"https:\\\/\\\/bien-etreiris.ch\\\/de\\\/produktpraesentation\\\/gesundes-leben\\\/nahrungsergaenzungsmittel\\\/pflanzenheilkunde-gleichgewicht-durch-heilpflanzen\\\/pflanzenextrakte\\\/bitter-kraeuter\\\/#primaryimage\"},\"thumbnailUrl\":\"https:\\\/\\\/bien-etreiris.ch\\\/wp-content\\\/uploads\\\/2021\\\/09\\\/acceuil-GENTIANE-JAUNE.jpg\",\"datePublished\":\"2021-09-14T18:54:36+00:00\",\"dateModified\":\"2021-09-15T16:21:25+00:00\",\"breadcrumb\":{\"@id\":\"https:\\\/\\\/bien-etreiris.ch\\\/de\\\/produktpraesentation\\\/gesundes-leben\\\/nahrungsergaenzungsmittel\\\/pflanzenheilkunde-gleichgewicht-durch-heilpflanzen\\\/pflanzenextrakte\\\/bitter-kraeuter\\\/#breadcrumb\"},\"inLanguage\":\"de\",\"potentialAction\":[{\"@type\":\"ReadAction\",\"target\":[\"https:\\\/\\\/bien-etreiris.ch\\\/de\\\/produktpraesentation\\\/gesundes-leben\\\/nahrungsergaenzungsmittel\\\/pflanzenheilkunde-gleichgewicht-durch-heilpflanzen\\\/pflanzenextrakte\\\/bitter-kraeuter\\\/\"]}]},{\"@type\":\"ImageObject\",\"inLanguage\":\"de\",\"@id\":\"https:\\\/\\\/bien-etreiris.ch\\\/de\\\/produktpraesentation\\\/gesundes-leben\\\/nahrungsergaenzungsmittel\\\/pflanzenheilkunde-gleichgewicht-durch-heilpflanzen\\\/pflanzenextrakte\\\/bitter-kraeuter\\\/#primaryimage\",\"url\":\"https:\\\/\\\/bien-etreiris.ch\\\/wp-content\\\/uploads\\\/2021\\\/09\\\/acceuil-GENTIANE-JAUNE.jpg\",\"contentUrl\":\"https:\\\/\\\/bien-etreiris.ch\\\/wp-content\\\/uploads\\\/2021\\\/09\\\/acceuil-GENTIANE-JAUNE.jpg\",\"width\":500,\"height\":333},{\"@type\":\"BreadcrumbList\",\"@id\":\"https:\\\/\\\/bien-etreiris.ch\\\/de\\\/produktpraesentation\\\/gesundes-leben\\\/nahrungsergaenzungsmittel\\\/pflanzenheilkunde-gleichgewicht-durch-heilpflanzen\\\/pflanzenextrakte\\\/bitter-kraeuter\\\/#breadcrumb\",\"itemListElement\":[{\"@type\":\"ListItem\",\"position\":1,\"name\":\"Home\",\"item\":\"https:\\\/\\\/bien-etreiris.ch\\\/de\\\/\"},{\"@type\":\"ListItem\",\"position\":2,\"name\":\"PRODUKTPR\u00c4SENTATION\",\"item\":\"https:\\\/\\\/bien-etreiris.ch\\\/de\\\/produktpraesentation\\\/\"},{\"@type\":\"ListItem\",\"position\":3,\"name\":\"GESUNDES LEBEN\",\"item\":\"https:\\\/\\\/bien-etreiris.ch\\\/de\\\/produktpraesentation\\\/gesundes-leben\\\/\"},{\"@type\":\"ListItem\",\"position\":4,\"name\":\"NAHRUNGSERG\u00c4NZUNG\",\"item\":\"https:\\\/\\\/bien-etreiris.ch\\\/de\\\/produktpraesentation\\\/gesundes-leben\\\/nahrungsergaenzungsmittel\\\/\"},{\"@type\":\"ListItem\",\"position\":5,\"name\":\"PFLANZENHEILKUNDE\",\"item\":\"https:\\\/\\\/bien-etreiris.ch\\\/de\\\/produktpraesentation\\\/gesundes-leben\\\/nahrungsergaenzungsmittel\\\/pflanzenheilkunde-gleichgewicht-durch-heilpflanzen\\\/\"},{\"@type\":\"ListItem\",\"position\":6,\"name\":\"PFLANZENEXTRAKTE\",\"item\":\"https:\\\/\\\/bien-etreiris.ch\\\/de\\\/produktpraesentation\\\/gesundes-leben\\\/nahrungsergaenzungsmittel\\\/pflanzenheilkunde-gleichgewicht-durch-heilpflanzen\\\/pflanzenextrakte\\\/\"},{\"@type\":\"ListItem\",\"position\":7,\"name\":\"BITTER KR\u00c4UTER\"}]},{\"@type\":\"WebSite\",\"@id\":\"https:\\\/\\\/bien-etreiris.ch\\\/de\\\/#website\",\"url\":\"https:\\\/\\\/bien-etreiris.ch\\\/de\\\/\",\"name\":\"Bien-\u00eatre Iris\",\"description\":\"IHRE Gesundheit ist uns wichtig\",\"potentialAction\":[{\"@type\":\"SearchAction\",\"target\":{\"@type\":\"EntryPoint\",\"urlTemplate\":\"https:\\\/\\\/bien-etreiris.ch\\\/de\\\/?s={search_term_string}\"},\"query-input\":{\"@type\":\"PropertyValueSpecification\",\"valueRequired\":true,\"valueName\":\"search_term_string\"}}],\"inLanguage\":\"de\"}]}<\/script>\n<!-- \/ Yoast SEO plugin. -->","yoast_head_json":{"title":"BITTER KR\u00c4UTER - WOHLBEFINDEN","robots":{"index":"index","follow":"follow","max-snippet":"max-snippet:-1","max-image-preview":"max-image-preview:large","max-video-preview":"max-video-preview:-1"},"canonical":"https:\/\/bien-etreiris.ch\/de\/produktpraesentation\/gesundes-leben\/nahrungsergaenzungsmittel\/pflanzenheilkunde-gleichgewicht-durch-heilpflanzen\/pflanzenextrakte\/bitter-kraeuter\/","og_locale":"de_DE","og_type":"article","og_title":"BITTER KR\u00c4UTER - WOHLBEFINDEN","og_description":"Bitter Kr\u00e4uter Extrakt mit gelben Enzian &nbsp; &nbsp; Kr\u00e4uter L\u00f6tsch sans sucre naturel sans additifs ni colorants artificiels pasteuris\u00e9 sans alcool de l'agriculture biologique v\u00e9g\u00e9talien Description : Extrait aqueux de plantes 100 ml dans un flacon en verre CHF 19.20 &nbsp; &nbsp; &nbsp; &nbsp; L'amertume dans la bouche est saine Les substances am\u00e8res stimulent sensiblement la digestion et soutiennent le&nbsp;Weiter lesen","og_url":"https:\/\/bien-etreiris.ch\/de\/produktpraesentation\/gesundes-leben\/nahrungsergaenzungsmittel\/pflanzenheilkunde-gleichgewicht-durch-heilpflanzen\/pflanzenextrakte\/bitter-kraeuter\/","og_site_name":"WOHLBEFINDEN","article_publisher":"https:\/\/www.facebook.com\/bienetreiris\/","article_modified_time":"2021-09-15T16:21:25+00:00","og_image":[{"width":500,"height":333,"url":"https:\/\/bien-etreiris.ch\/wp-content\/uploads\/2021\/09\/acceuil-GENTIANE-JAUNE.jpg","type":"image\/jpeg"}],"twitter_misc":{"Gesch\u00e4tzte Lesezeit":"2\u00a0Minuten"},"schema":{"@context":"https:\/\/schema.org","@graph":[{"@type":"WebPage","@id":"https:\/\/bien-etreiris.ch\/de\/produktpraesentation\/gesundes-leben\/nahrungsergaenzungsmittel\/pflanzenheilkunde-gleichgewicht-durch-heilpflanzen\/pflanzenextrakte\/bitter-kraeuter\/","url":"https:\/\/bien-etreiris.ch\/de\/produktpraesentation\/gesundes-leben\/nahrungsergaenzungsmittel\/pflanzenheilkunde-gleichgewicht-durch-heilpflanzen\/pflanzenextrakte\/bitter-kraeuter\/","name":"BITTER KR\u00c4UTER - WOHLBEFINDEN","isPartOf":{"@id":"https:\/\/bien-etreiris.ch\/de\/#website"},"primaryImageOfPage":{"@id":"https:\/\/bien-etreiris.ch\/de\/produktpraesentation\/gesundes-leben\/nahrungsergaenzungsmittel\/pflanzenheilkunde-gleichgewicht-durch-heilpflanzen\/pflanzenextrakte\/bitter-kraeuter\/#primaryimage"},"image":{"@id":"https:\/\/bien-etreiris.ch\/de\/produktpraesentation\/gesundes-leben\/nahrungsergaenzungsmittel\/pflanzenheilkunde-gleichgewicht-durch-heilpflanzen\/pflanzenextrakte\/bitter-kraeuter\/#primaryimage"},"thumbnailUrl":"https:\/\/bien-etreiris.ch\/wp-content\/uploads\/2021\/09\/acceuil-GENTIANE-JAUNE.jpg","datePublished":"2021-09-14T18:54:36+00:00","dateModified":"2021-09-15T16:21:25+00:00","breadcrumb":{"@id":"https:\/\/bien-etreiris.ch\/de\/produktpraesentation\/gesundes-leben\/nahrungsergaenzungsmittel\/pflanzenheilkunde-gleichgewicht-durch-heilpflanzen\/pflanzenextrakte\/bitter-kraeuter\/#breadcrumb"},"inLanguage":"de","potentialAction":[{"@type":"ReadAction","target":["https:\/\/bien-etreiris.ch\/de\/produktpraesentation\/gesundes-leben\/nahrungsergaenzungsmittel\/pflanzenheilkunde-gleichgewicht-durch-heilpflanzen\/pflanzenextrakte\/bitter-kraeuter\/"]}]},{"@type":"ImageObject","inLanguage":"de","@id":"https:\/\/bien-etreiris.ch\/de\/produktpraesentation\/gesundes-leben\/nahrungsergaenzungsmittel\/pflanzenheilkunde-gleichgewicht-durch-heilpflanzen\/pflanzenextrakte\/bitter-kraeuter\/#primaryimage","url":"https:\/\/bien-etreiris.ch\/wp-content\/uploads\/2021\/09\/acceuil-GENTIANE-JAUNE.jpg","contentUrl":"https:\/\/bien-etreiris.ch\/wp-content\/uploads\/2021\/09\/acceuil-GENTIANE-JAUNE.jpg","width":500,"height":333},{"@type":"BreadcrumbList","@id":"https:\/\/bien-etreiris.ch\/de\/produktpraesentation\/gesundes-leben\/nahrungsergaenzungsmittel\/pflanzenheilkunde-gleichgewicht-durch-heilpflanzen\/pflanzenextrakte\/bitter-kraeuter\/#breadcrumb","itemListElement":[{"@type":"ListItem","position":1,"name":"Home","item":"https:\/\/bien-etreiris.ch\/de\/"},{"@type":"ListItem","position":2,"name":"PRODUKTPR\u00c4SENTATION","item":"https:\/\/bien-etreiris.ch\/de\/produktpraesentation\/"},{"@type":"ListItem","position":3,"name":"GESUNDES LEBEN","item":"https:\/\/bien-etreiris.ch\/de\/produktpraesentation\/gesundes-leben\/"},{"@type":"ListItem","position":4,"name":"NAHRUNGSERG\u00c4NZUNG","item":"https:\/\/bien-etreiris.ch\/de\/produktpraesentation\/gesundes-leben\/nahrungsergaenzungsmittel\/"},{"@type":"ListItem","position":5,"name":"PFLANZENHEILKUNDE","item":"https:\/\/bien-etreiris.ch\/de\/produktpraesentation\/gesundes-leben\/nahrungsergaenzungsmittel\/pflanzenheilkunde-gleichgewicht-durch-heilpflanzen\/"},{"@type":"ListItem","position":6,"name":"PFLANZENEXTRAKTE","item":"https:\/\/bien-etreiris.ch\/de\/produktpraesentation\/gesundes-leben\/nahrungsergaenzungsmittel\/pflanzenheilkunde-gleichgewicht-durch-heilpflanzen\/pflanzenextrakte\/"},{"@type":"ListItem","position":7,"name":"BITTER KR\u00c4UTER"}]},{"@type":"WebSite","@id":"https:\/\/bien-etreiris.ch\/de\/#website","url":"https:\/\/bien-etreiris.ch\/de\/","name":"Bien-\u00eatre Iris","description":"IHRE Gesundheit ist uns wichtig","potentialAction":[{"@type":"SearchAction","target":{"@type":"EntryPoint","urlTemplate":"https:\/\/bien-etreiris.ch\/de\/?s={search_term_string}"},"query-input":{"@type":"PropertyValueSpecification","valueRequired":true,"valueName":"search_term_string"}}],"inLanguage":"de"}]}},"_links":{"self":[{"href":"https:\/\/bien-etreiris.ch\/de\/wp-json\/wp\/v2\/pages\/54138","targetHints":{"allow":["GET"]}}],"collection":[{"href":"https:\/\/bien-etreiris.ch\/de\/wp-json\/wp\/v2\/pages"}],"about":[{"href":"https:\/\/bien-etreiris.ch\/de\/wp-json\/wp\/v2\/types\/page"}],"author":[{"embeddable":true,"href":"https:\/\/bien-etreiris.ch\/de\/wp-json\/wp\/v2\/users\/1"}],"replies":[{"embeddable":true,"href":"https:\/\/bien-etreiris.ch\/de\/wp-json\/wp\/v2\/comments?post=54138"}],"version-history":[{"count":4,"href":"https:\/\/bien-etreiris.ch\/de\/wp-json\/wp\/v2\/pages\/54138\/revisions"}],"predecessor-version":[{"id":54310,"href":"https:\/\/bien-etreiris.ch\/de\/wp-json\/wp\/v2\/pages\/54138\/revisions\/54310"}],"up":[{"embeddable":true,"href":"https:\/\/bien-etreiris.ch\/de\/wp-json\/wp\/v2\/pages\/41725"}],"wp:featuredmedia":[{"embeddable":true,"href":"https:\/\/bien-etreiris.ch\/de\/wp-json\/wp\/v2\/media\/54136"}],"wp:attachment":[{"href":"https:\/\/bien-etreiris.ch\/de\/wp-json\/wp\/v2\/media?parent=54138"}],"curies":[{"name":"wp","href":"https:\/\/api.w.org\/{rel}","templated":true}]}}