{"id":54070,"date":"2021-09-14T06:39:07","date_gmt":"2021-09-14T04:39:07","guid":{"rendered":"https:\/\/bien-etreiris.ch\/?page_id=54070"},"modified":"2023-05-28T07:30:40","modified_gmt":"2023-05-28T05:30:40","slug":"zistrose","status":"publish","type":"page","link":"https:\/\/bien-etreiris.ch\/de\/produktpraesentation\/lesen-und-entdecken\/heilpflanzen\/zistrose\/","title":{"rendered":"ZISTROSE"},"content":{"rendered":"\n<h2>\"Wunderpflanze Zistrose\"<\/h2>\n<p><a href=\"https:\/\/bien-etreiris.ch\/wp-content\/uploads\/2021\/09\/buch-zistrose.jpg\"><img loading=\"lazy\" decoding=\"async\" class=\"wp-image-54067  alignnone alignleft\" src=\"https:\/\/bien-etreiris.ch\/wp-content\/uploads\/2021\/09\/buch-zistrose.jpg\" alt=\"\" width=\"416\" height=\"654\" srcset=\"https:\/\/bien-etreiris.ch\/wp-content\/uploads\/2021\/09\/buch-zistrose.jpg 523w, https:\/\/bien-etreiris.ch\/wp-content\/uploads\/2021\/09\/buch-zistrose-191x300.jpg 191w\" sizes=\"auto, (max-width: 416px) 100vw, 416px\" \/><\/a><\/p>\n<p>&nbsp;<\/p>\n<p>&nbsp;<\/p>\n<p>&nbsp;<\/p>\n<p>&nbsp;<\/p>\n<p>&nbsp;<\/p>\n<p>&nbsp;<\/p>\n<p>&nbsp;<\/p>\n<p>&nbsp;<\/p>\n<div class=\"product-name\">\n<p><strong>&nbsp;&nbsp;&nbsp;&nbsp; Buch \"Wunderpflanze Zistrose\"<\/strong>&nbsp;<\/p>\n<p>&nbsp;&nbsp;&nbsp;&nbsp; Christopher Weidner<\/p>\n<p>&nbsp;&nbsp;&nbsp;&nbsp; ISBN-10: 3864450136<\/p>\n<\/div>\n<div class=\"short-description\">\n<div class=\"std\">\n<p>&nbsp;&nbsp;&nbsp;&nbsp;&nbsp;&nbsp;&nbsp;&nbsp;&nbsp;&nbsp;&nbsp;&nbsp;&nbsp;&nbsp;&nbsp;&nbsp;&nbsp;&nbsp;&nbsp;&nbsp;&nbsp;&nbsp;&nbsp;&nbsp;&nbsp;&nbsp;&nbsp;&nbsp; Keine Chance f\u00fcr Viren, Bakterien &amp; Co.&nbsp;<\/p>\n<p>&nbsp;&nbsp;&nbsp;&nbsp;&nbsp;&nbsp;&nbsp;&nbsp;&nbsp;&nbsp;&nbsp;&nbsp;&nbsp;&nbsp;&nbsp;&nbsp;&nbsp;&nbsp;&nbsp;&nbsp;&nbsp;&nbsp;&nbsp;&nbsp;&nbsp;&nbsp;&nbsp;&nbsp; zahlreiche Abbildungen<\/p>\n<p>&nbsp;&nbsp;&nbsp;&nbsp;&nbsp;&nbsp;&nbsp;&nbsp;&nbsp;&nbsp;&nbsp;&nbsp;&nbsp;&nbsp;&nbsp;&nbsp;&nbsp;&nbsp;&nbsp;&nbsp;&nbsp;&nbsp;&nbsp;&nbsp;&nbsp;&nbsp;&nbsp;&nbsp; Kopp Verlag<\/p>\n<p>&nbsp;&nbsp;&nbsp;&nbsp;&nbsp;&nbsp;&nbsp;&nbsp;&nbsp;&nbsp;&nbsp;&nbsp;&nbsp;&nbsp;&nbsp;&nbsp;&nbsp;&nbsp;&nbsp;&nbsp;&nbsp;&nbsp;&nbsp;&nbsp;&nbsp;&nbsp;&nbsp;&nbsp; 96 Seiten <strong>CHF 18.00<br><\/strong><\/p>\n<\/div>\n<\/div>\n<p>&nbsp;<\/p>\n<p>&nbsp;<\/p>\n<p>&nbsp;<\/p>\n<p>&nbsp;<\/p>\n<h2>Keine Chance f\u00fcr Viren, Bakterien &amp; Co.<\/h2>\n<p>Ein Naturheilmittel aus dem Mittelmeerraum beweist erstaunliche Kr\u00e4fte im Kampf gegen Viren, Bakterien und Pilzinfektionen: die graubehaarte Zistrose Cistus incanus. Die Zistrose ist eine uralte Arzneipflanze. Daraus zubereiteten Tee trinkt man auf den griechischen Inseln schon seit Jahrhunderten gegen Grippe und Erk\u00e4ltungskrankheiten. Schon in der Bibel findet das Harz der Zistrose unter dem Namen Myrrhe Erw\u00e4hnung.<br><br>Neueste Forschungsergebnisse best\u00e4tigen nun, was der Volksheilkunde schon lange bekannt ist: Cistus incanus erweist sich nicht nur als Bakterienkiller, sondern kann auch hervorragend gegen Viren eingesetzt werden und auf rein biophysikalischem Weg Grippeerreger unsch\u00e4dlich machen - etwas, das zuvor noch f\u00fcr unm\u00f6glich gehalten wurde. Das Geheimnis der Zistrose scheint in ihrem ungew\u00f6hnlich hohen Gehalt an Polyphenolen zu liegen. Diese Substanzen halten sch\u00e4dliche Oxidationsprozesse in den Zellen auf, wirken entz\u00fcndungshemmend und krebsvorbeugend.<br><br>So schreibt dann auch Natur &amp; Heilen: \u00bbKaum einer, der wirklich vor einer Grippe verschont bleibt. Mancher findet aus dem Niesen und Schnupfen, Husten und Halsweh gar nicht wieder heraus. Dann muss unbedingt wirksame Hilfe her! Dem Immunsystem sollte auf die Spr\u00fcnge geholfen werden und die Schleimh\u00e4ute brauchen Unterst\u00fctzung bei den fortw\u00e4hrenden Angriffen von Viren und Bakterien. Und genau dies alles liefert uns eine kleine Pflanze: die Zistrose. Sie stimuliert unser Immunsystem und st\u00e4rkt unsere Schleimh\u00e4ute. Doch sollte man diese Pflanze nicht auf die Hilfe in Hals und Rachen beschr\u00e4nken. Die Wissenschaft best\u00e4tigt: Die Zistrose hat das Zeug zum Multitalent gegen Infektionen aller Art und noch manches mehr.\u00ab<br><br>Die Heilkraft aus der Zistrose bew\u00e4hrt sich au\u00dferdem vor allem bei den verschiedensten Formen entz\u00fcndlicher Haut- und Schleimhauterkrankungen wie Akne, Neurodermitis, Mandelentz\u00fcndung und bakteriellen Magen-Darm-Erkrankungen sowie bei Pilzinfektionen aller Art. Die Zistrose entgiftet den ganzen Organismus, sch\u00fctzt vor Herzinfarkt und die Haut vor Alterungsprozessen.<br><br>In diesem Buch lesen Sie alles, was Sie \u00fcber die m\u00e4chtige Heilwirkung der Zistrose und ihre verschiedenen Anwendungsm\u00f6glichkeiten wissen m\u00fcssen.<\/p>\n","protected":false},"excerpt":{"rendered":"<p>\"Wunderpflanze Zistrose\" &nbsp; &nbsp; &nbsp; &nbsp; &nbsp; &nbsp; &nbsp; &nbsp; &nbsp;&nbsp;&nbsp;&nbsp; Buch \"Wunderpflanze Zistrose\"&nbsp; &nbsp;&nbsp;&nbsp;&nbsp; Christopher Weidner &nbsp;&nbsp;&nbsp;&nbsp; ISBN-10: 3864450136 &nbsp;&nbsp;&nbsp;&nbsp;&nbsp;&nbsp;&nbsp;&nbsp;&nbsp;&nbsp;&nbsp;&nbsp;&nbsp;&nbsp;&nbsp;&nbsp;&nbsp;&nbsp;&nbsp;&nbsp;&nbsp;&nbsp;&nbsp;&nbsp;&nbsp;&nbsp;&nbsp;&nbsp; Keine Chance f\u00fcr Viren, Bakterien &amp; Co.&nbsp; &nbsp;&nbsp;&nbsp;&nbsp;&nbsp;&nbsp;&nbsp;&nbsp;&nbsp;&nbsp;&nbsp;&nbsp;&nbsp;&nbsp;&nbsp;&nbsp;&nbsp;&nbsp;&nbsp;&nbsp;&nbsp;&nbsp;&nbsp;&nbsp;&nbsp;&nbsp;&nbsp;&nbsp; zahlreiche Abbildungen &nbsp;&nbsp;&nbsp;&nbsp;&nbsp;&nbsp;&nbsp;&nbsp;&nbsp;&nbsp;&nbsp;&nbsp;&nbsp;&nbsp;&nbsp;&nbsp;&nbsp;&nbsp;&nbsp;&nbsp;&nbsp;&nbsp;&nbsp;&nbsp;&nbsp;&nbsp;&nbsp;&nbsp; Kopp Verlag &nbsp;&nbsp;&nbsp;&nbsp;&nbsp;&nbsp;&nbsp;&nbsp;&nbsp;&nbsp;&nbsp;&nbsp;&nbsp;&nbsp;&nbsp;&nbsp;&nbsp;&nbsp;&nbsp;&nbsp;&nbsp;&nbsp;&nbsp;&nbsp;&nbsp;&nbsp;&nbsp;&nbsp; 96 Seiten CHF 18.00 &nbsp; &nbsp; &nbsp; &nbsp; Keine Chance f\u00fcr Viren, Bakterien &amp; Co. Ein Naturheilmittel aus dem Mittelmeerraum beweist erstaunliche Kr\u00e4fte im Kampf&nbsp;<a href=\"https:\/\/bien-etreiris.ch\/de\/produktpraesentation\/lesen-und-entdecken\/heilpflanzen\/zistrose\/\" class=\"read-more\">Weiter lesen<\/a><\/p>\n","protected":false},"author":1,"featured_media":54066,"parent":41892,"menu_order":4998,"comment_status":"closed","ping_status":"closed","template":"page-with-child.php","meta":{"_acf_changed":false,"ngg_post_thumbnail":0,"footnotes":""},"class_list":["post-54070","page","type-page","status-publish","has-post-thumbnail","hentry"],"acf":[],"yoast_head":"<!-- This site is optimized with the Yoast SEO plugin v27.6 - https:\/\/yoast.com\/product\/yoast-seo-wordpress\/ -->\n<title>ZISTROSE - WOHLBEFINDEN<\/title>\n<meta name=\"robots\" content=\"index, follow, max-snippet:-1, max-image-preview:large, max-video-preview:-1\" \/>\n<link rel=\"canonical\" href=\"https:\/\/bien-etreiris.ch\/de\/produktpraesentation\/lesen-und-entdecken\/heilpflanzen\/zistrose\/\" \/>\n<meta property=\"og:locale\" content=\"de_DE\" \/>\n<meta property=\"og:type\" content=\"article\" \/>\n<meta property=\"og:title\" content=\"ZISTROSE - WOHLBEFINDEN\" \/>\n<meta property=\"og:description\" content=\"&quot;Wunderpflanze Zistrose&quot; &nbsp; &nbsp; &nbsp; &nbsp; &nbsp; &nbsp; &nbsp; &nbsp; &nbsp;&nbsp;&nbsp;&nbsp; Buch &quot;Wunderpflanze Zistrose&quot;&nbsp; &nbsp;&nbsp;&nbsp;&nbsp; Christopher Weidner &nbsp;&nbsp;&nbsp;&nbsp; ISBN-10: 3864450136 &nbsp;&nbsp;&nbsp;&nbsp;&nbsp;&nbsp;&nbsp;&nbsp;&nbsp;&nbsp;&nbsp;&nbsp;&nbsp;&nbsp;&nbsp;&nbsp;&nbsp;&nbsp;&nbsp;&nbsp;&nbsp;&nbsp;&nbsp;&nbsp;&nbsp;&nbsp;&nbsp;&nbsp; Keine Chance f\u00fcr Viren, Bakterien &amp; Co.&nbsp; &nbsp;&nbsp;&nbsp;&nbsp;&nbsp;&nbsp;&nbsp;&nbsp;&nbsp;&nbsp;&nbsp;&nbsp;&nbsp;&nbsp;&nbsp;&nbsp;&nbsp;&nbsp;&nbsp;&nbsp;&nbsp;&nbsp;&nbsp;&nbsp;&nbsp;&nbsp;&nbsp;&nbsp; zahlreiche Abbildungen &nbsp;&nbsp;&nbsp;&nbsp;&nbsp;&nbsp;&nbsp;&nbsp;&nbsp;&nbsp;&nbsp;&nbsp;&nbsp;&nbsp;&nbsp;&nbsp;&nbsp;&nbsp;&nbsp;&nbsp;&nbsp;&nbsp;&nbsp;&nbsp;&nbsp;&nbsp;&nbsp;&nbsp; Kopp Verlag &nbsp;&nbsp;&nbsp;&nbsp;&nbsp;&nbsp;&nbsp;&nbsp;&nbsp;&nbsp;&nbsp;&nbsp;&nbsp;&nbsp;&nbsp;&nbsp;&nbsp;&nbsp;&nbsp;&nbsp;&nbsp;&nbsp;&nbsp;&nbsp;&nbsp;&nbsp;&nbsp;&nbsp; 96 Seiten CHF 18.00 &nbsp; &nbsp; &nbsp; &nbsp; Keine Chance f\u00fcr Viren, Bakterien &amp; Co. Ein Naturheilmittel aus dem Mittelmeerraum beweist erstaunliche Kr\u00e4fte im Kampf&nbsp;Weiter lesen\" \/>\n<meta property=\"og:url\" content=\"https:\/\/bien-etreiris.ch\/de\/produktpraesentation\/lesen-und-entdecken\/heilpflanzen\/zistrose\/\" \/>\n<meta property=\"og:site_name\" content=\"WOHLBEFINDEN\" \/>\n<meta property=\"article:publisher\" content=\"https:\/\/www.facebook.com\/bienetreiris\/\" \/>\n<meta property=\"article:modified_time\" content=\"2023-05-28T05:30:40+00:00\" \/>\n<meta property=\"og:image\" content=\"https:\/\/bien-etreiris.ch\/wp-content\/uploads\/2021\/09\/acceuil-Zistrose-1.jpg\" \/>\n\t<meta property=\"og:image:width\" content=\"500\" \/>\n\t<meta property=\"og:image:height\" content=\"282\" \/>\n\t<meta property=\"og:image:type\" content=\"image\/jpeg\" \/>\n<meta name=\"twitter:label1\" content=\"Gesch\u00e4tzte Lesezeit\" \/>\n\t<meta name=\"twitter:data1\" content=\"3\u00a0Minuten\" \/>\n<script type=\"application\/ld+json\" class=\"yoast-schema-graph\">{\"@context\":\"https:\\\/\\\/schema.org\",\"@graph\":[{\"@type\":\"WebPage\",\"@id\":\"https:\\\/\\\/bien-etreiris.ch\\\/de\\\/produktpraesentation\\\/lesen-und-entdecken\\\/heilpflanzen\\\/zistrose\\\/\",\"url\":\"https:\\\/\\\/bien-etreiris.ch\\\/de\\\/produktpraesentation\\\/lesen-und-entdecken\\\/heilpflanzen\\\/zistrose\\\/\",\"name\":\"ZISTROSE - WOHLBEFINDEN\",\"isPartOf\":{\"@id\":\"https:\\\/\\\/bien-etreiris.ch\\\/de\\\/#website\"},\"primaryImageOfPage\":{\"@id\":\"https:\\\/\\\/bien-etreiris.ch\\\/de\\\/produktpraesentation\\\/lesen-und-entdecken\\\/heilpflanzen\\\/zistrose\\\/#primaryimage\"},\"image\":{\"@id\":\"https:\\\/\\\/bien-etreiris.ch\\\/de\\\/produktpraesentation\\\/lesen-und-entdecken\\\/heilpflanzen\\\/zistrose\\\/#primaryimage\"},\"thumbnailUrl\":\"https:\\\/\\\/bien-etreiris.ch\\\/wp-content\\\/uploads\\\/2021\\\/09\\\/acceuil-Zistrose-1.jpg\",\"datePublished\":\"2021-09-14T04:39:07+00:00\",\"dateModified\":\"2023-05-28T05:30:40+00:00\",\"breadcrumb\":{\"@id\":\"https:\\\/\\\/bien-etreiris.ch\\\/de\\\/produktpraesentation\\\/lesen-und-entdecken\\\/heilpflanzen\\\/zistrose\\\/#breadcrumb\"},\"inLanguage\":\"de\",\"potentialAction\":[{\"@type\":\"ReadAction\",\"target\":[\"https:\\\/\\\/bien-etreiris.ch\\\/de\\\/produktpraesentation\\\/lesen-und-entdecken\\\/heilpflanzen\\\/zistrose\\\/\"]}]},{\"@type\":\"ImageObject\",\"inLanguage\":\"de\",\"@id\":\"https:\\\/\\\/bien-etreiris.ch\\\/de\\\/produktpraesentation\\\/lesen-und-entdecken\\\/heilpflanzen\\\/zistrose\\\/#primaryimage\",\"url\":\"https:\\\/\\\/bien-etreiris.ch\\\/wp-content\\\/uploads\\\/2021\\\/09\\\/acceuil-Zistrose-1.jpg\",\"contentUrl\":\"https:\\\/\\\/bien-etreiris.ch\\\/wp-content\\\/uploads\\\/2021\\\/09\\\/acceuil-Zistrose-1.jpg\",\"width\":500,\"height\":282},{\"@type\":\"BreadcrumbList\",\"@id\":\"https:\\\/\\\/bien-etreiris.ch\\\/de\\\/produktpraesentation\\\/lesen-und-entdecken\\\/heilpflanzen\\\/zistrose\\\/#breadcrumb\",\"itemListElement\":[{\"@type\":\"ListItem\",\"position\":1,\"name\":\"Home\",\"item\":\"https:\\\/\\\/bien-etreiris.ch\\\/de\\\/\"},{\"@type\":\"ListItem\",\"position\":2,\"name\":\"PRODUKTPR\u00c4SENTATION\",\"item\":\"https:\\\/\\\/bien-etreiris.ch\\\/de\\\/produktpraesentation\\\/\"},{\"@type\":\"ListItem\",\"position\":3,\"name\":\"LESEN UND ENTDECKEN\",\"item\":\"https:\\\/\\\/bien-etreiris.ch\\\/de\\\/produktpraesentation\\\/lesen-und-entdecken\\\/\"},{\"@type\":\"ListItem\",\"position\":4,\"name\":\"HEILPFLANZEN\",\"item\":\"https:\\\/\\\/bien-etreiris.ch\\\/de\\\/produktpraesentation\\\/lesen-und-entdecken\\\/heilpflanzen\\\/\"},{\"@type\":\"ListItem\",\"position\":5,\"name\":\"ZISTROSE\"}]},{\"@type\":\"WebSite\",\"@id\":\"https:\\\/\\\/bien-etreiris.ch\\\/de\\\/#website\",\"url\":\"https:\\\/\\\/bien-etreiris.ch\\\/de\\\/\",\"name\":\"Bien-\u00eatre Iris\",\"description\":\"IHRE Gesundheit ist uns wichtig\",\"potentialAction\":[{\"@type\":\"SearchAction\",\"target\":{\"@type\":\"EntryPoint\",\"urlTemplate\":\"https:\\\/\\\/bien-etreiris.ch\\\/de\\\/?s={search_term_string}\"},\"query-input\":{\"@type\":\"PropertyValueSpecification\",\"valueRequired\":true,\"valueName\":\"search_term_string\"}}],\"inLanguage\":\"de\"}]}<\/script>\n<!-- \/ Yoast SEO plugin. -->","yoast_head_json":{"title":"ZISTROSE - WOHLBEFINDEN","robots":{"index":"index","follow":"follow","max-snippet":"max-snippet:-1","max-image-preview":"max-image-preview:large","max-video-preview":"max-video-preview:-1"},"canonical":"https:\/\/bien-etreiris.ch\/de\/produktpraesentation\/lesen-und-entdecken\/heilpflanzen\/zistrose\/","og_locale":"de_DE","og_type":"article","og_title":"ZISTROSE - WOHLBEFINDEN","og_description":"\"Wunderpflanze Zistrose\" &nbsp; &nbsp; &nbsp; &nbsp; &nbsp; &nbsp; &nbsp; &nbsp; &nbsp;&nbsp;&nbsp;&nbsp; Buch \"Wunderpflanze Zistrose\"&nbsp; &nbsp;&nbsp;&nbsp;&nbsp; Christopher Weidner &nbsp;&nbsp;&nbsp;&nbsp; ISBN-10: 3864450136 &nbsp;&nbsp;&nbsp;&nbsp;&nbsp;&nbsp;&nbsp;&nbsp;&nbsp;&nbsp;&nbsp;&nbsp;&nbsp;&nbsp;&nbsp;&nbsp;&nbsp;&nbsp;&nbsp;&nbsp;&nbsp;&nbsp;&nbsp;&nbsp;&nbsp;&nbsp;&nbsp;&nbsp; Keine Chance f\u00fcr Viren, Bakterien &amp; Co.&nbsp; &nbsp;&nbsp;&nbsp;&nbsp;&nbsp;&nbsp;&nbsp;&nbsp;&nbsp;&nbsp;&nbsp;&nbsp;&nbsp;&nbsp;&nbsp;&nbsp;&nbsp;&nbsp;&nbsp;&nbsp;&nbsp;&nbsp;&nbsp;&nbsp;&nbsp;&nbsp;&nbsp;&nbsp; zahlreiche Abbildungen &nbsp;&nbsp;&nbsp;&nbsp;&nbsp;&nbsp;&nbsp;&nbsp;&nbsp;&nbsp;&nbsp;&nbsp;&nbsp;&nbsp;&nbsp;&nbsp;&nbsp;&nbsp;&nbsp;&nbsp;&nbsp;&nbsp;&nbsp;&nbsp;&nbsp;&nbsp;&nbsp;&nbsp; Kopp Verlag &nbsp;&nbsp;&nbsp;&nbsp;&nbsp;&nbsp;&nbsp;&nbsp;&nbsp;&nbsp;&nbsp;&nbsp;&nbsp;&nbsp;&nbsp;&nbsp;&nbsp;&nbsp;&nbsp;&nbsp;&nbsp;&nbsp;&nbsp;&nbsp;&nbsp;&nbsp;&nbsp;&nbsp; 96 Seiten CHF 18.00 &nbsp; &nbsp; &nbsp; &nbsp; Keine Chance f\u00fcr Viren, Bakterien &amp; Co. Ein Naturheilmittel aus dem Mittelmeerraum beweist erstaunliche Kr\u00e4fte im Kampf&nbsp;Weiter lesen","og_url":"https:\/\/bien-etreiris.ch\/de\/produktpraesentation\/lesen-und-entdecken\/heilpflanzen\/zistrose\/","og_site_name":"WOHLBEFINDEN","article_publisher":"https:\/\/www.facebook.com\/bienetreiris\/","article_modified_time":"2023-05-28T05:30:40+00:00","og_image":[{"width":500,"height":282,"url":"https:\/\/bien-etreiris.ch\/wp-content\/uploads\/2021\/09\/acceuil-Zistrose-1.jpg","type":"image\/jpeg"}],"twitter_misc":{"Gesch\u00e4tzte Lesezeit":"3\u00a0Minuten"},"schema":{"@context":"https:\/\/schema.org","@graph":[{"@type":"WebPage","@id":"https:\/\/bien-etreiris.ch\/de\/produktpraesentation\/lesen-und-entdecken\/heilpflanzen\/zistrose\/","url":"https:\/\/bien-etreiris.ch\/de\/produktpraesentation\/lesen-und-entdecken\/heilpflanzen\/zistrose\/","name":"ZISTROSE - WOHLBEFINDEN","isPartOf":{"@id":"https:\/\/bien-etreiris.ch\/de\/#website"},"primaryImageOfPage":{"@id":"https:\/\/bien-etreiris.ch\/de\/produktpraesentation\/lesen-und-entdecken\/heilpflanzen\/zistrose\/#primaryimage"},"image":{"@id":"https:\/\/bien-etreiris.ch\/de\/produktpraesentation\/lesen-und-entdecken\/heilpflanzen\/zistrose\/#primaryimage"},"thumbnailUrl":"https:\/\/bien-etreiris.ch\/wp-content\/uploads\/2021\/09\/acceuil-Zistrose-1.jpg","datePublished":"2021-09-14T04:39:07+00:00","dateModified":"2023-05-28T05:30:40+00:00","breadcrumb":{"@id":"https:\/\/bien-etreiris.ch\/de\/produktpraesentation\/lesen-und-entdecken\/heilpflanzen\/zistrose\/#breadcrumb"},"inLanguage":"de","potentialAction":[{"@type":"ReadAction","target":["https:\/\/bien-etreiris.ch\/de\/produktpraesentation\/lesen-und-entdecken\/heilpflanzen\/zistrose\/"]}]},{"@type":"ImageObject","inLanguage":"de","@id":"https:\/\/bien-etreiris.ch\/de\/produktpraesentation\/lesen-und-entdecken\/heilpflanzen\/zistrose\/#primaryimage","url":"https:\/\/bien-etreiris.ch\/wp-content\/uploads\/2021\/09\/acceuil-Zistrose-1.jpg","contentUrl":"https:\/\/bien-etreiris.ch\/wp-content\/uploads\/2021\/09\/acceuil-Zistrose-1.jpg","width":500,"height":282},{"@type":"BreadcrumbList","@id":"https:\/\/bien-etreiris.ch\/de\/produktpraesentation\/lesen-und-entdecken\/heilpflanzen\/zistrose\/#breadcrumb","itemListElement":[{"@type":"ListItem","position":1,"name":"Home","item":"https:\/\/bien-etreiris.ch\/de\/"},{"@type":"ListItem","position":2,"name":"PRODUKTPR\u00c4SENTATION","item":"https:\/\/bien-etreiris.ch\/de\/produktpraesentation\/"},{"@type":"ListItem","position":3,"name":"LESEN UND ENTDECKEN","item":"https:\/\/bien-etreiris.ch\/de\/produktpraesentation\/lesen-und-entdecken\/"},{"@type":"ListItem","position":4,"name":"HEILPFLANZEN","item":"https:\/\/bien-etreiris.ch\/de\/produktpraesentation\/lesen-und-entdecken\/heilpflanzen\/"},{"@type":"ListItem","position":5,"name":"ZISTROSE"}]},{"@type":"WebSite","@id":"https:\/\/bien-etreiris.ch\/de\/#website","url":"https:\/\/bien-etreiris.ch\/de\/","name":"Bien-\u00eatre Iris","description":"IHRE Gesundheit ist uns wichtig","potentialAction":[{"@type":"SearchAction","target":{"@type":"EntryPoint","urlTemplate":"https:\/\/bien-etreiris.ch\/de\/?s={search_term_string}"},"query-input":{"@type":"PropertyValueSpecification","valueRequired":true,"valueName":"search_term_string"}}],"inLanguage":"de"}]}},"_links":{"self":[{"href":"https:\/\/bien-etreiris.ch\/de\/wp-json\/wp\/v2\/pages\/54070","targetHints":{"allow":["GET"]}}],"collection":[{"href":"https:\/\/bien-etreiris.ch\/de\/wp-json\/wp\/v2\/pages"}],"about":[{"href":"https:\/\/bien-etreiris.ch\/de\/wp-json\/wp\/v2\/types\/page"}],"author":[{"embeddable":true,"href":"https:\/\/bien-etreiris.ch\/de\/wp-json\/wp\/v2\/users\/1"}],"replies":[{"embeddable":true,"href":"https:\/\/bien-etreiris.ch\/de\/wp-json\/wp\/v2\/comments?post=54070"}],"version-history":[{"count":6,"href":"https:\/\/bien-etreiris.ch\/de\/wp-json\/wp\/v2\/pages\/54070\/revisions"}],"predecessor-version":[{"id":70716,"href":"https:\/\/bien-etreiris.ch\/de\/wp-json\/wp\/v2\/pages\/54070\/revisions\/70716"}],"up":[{"embeddable":true,"href":"https:\/\/bien-etreiris.ch\/de\/wp-json\/wp\/v2\/pages\/41892"}],"wp:featuredmedia":[{"embeddable":true,"href":"https:\/\/bien-etreiris.ch\/de\/wp-json\/wp\/v2\/media\/54066"}],"wp:attachment":[{"href":"https:\/\/bien-etreiris.ch\/de\/wp-json\/wp\/v2\/media?parent=54070"}],"curies":[{"name":"wp","href":"https:\/\/api.w.org\/{rel}","templated":true}]}}