{"id":54052,"date":"2021-09-14T06:18:25","date_gmt":"2021-09-14T04:18:25","guid":{"rendered":"https:\/\/bien-etreiris.ch\/?page_id=54052"},"modified":"2021-09-14T07:01:07","modified_gmt":"2021-09-14T05:01:07","slug":"zistrosen-extrakt","status":"publish","type":"page","link":"https:\/\/bien-etreiris.ch\/de\/produktpraesentation\/gesundes-leben\/nahrungsergaenzungsmittel\/pflanzenheilkunde-gleichgewicht-durch-heilpflanzen\/pflanzenextrakte\/zistrosen-extrakt\/","title":{"rendered":"ZISTROSEN"},"content":{"rendered":"\n<h2>Zistrosen Extrakt BIO<\/h2>\n<p><a href=\"https:\/\/bien-etreiris.ch\/wp-content\/uploads\/2021\/09\/ciste.jpg\"><img loading=\"lazy\" decoding=\"async\" class=\" wp-image-54045 alignleft\" src=\"https:\/\/bien-etreiris.ch\/wp-content\/uploads\/2021\/09\/ciste-300x300.jpg\" alt=\"\" width=\"397\" height=\"397\" srcset=\"https:\/\/bien-etreiris.ch\/wp-content\/uploads\/2021\/09\/ciste-300x300.jpg 300w, https:\/\/bien-etreiris.ch\/wp-content\/uploads\/2021\/09\/ciste-150x150.jpg 150w, https:\/\/bien-etreiris.ch\/wp-content\/uploads\/2021\/09\/ciste.jpg 625w\" sizes=\"auto, (max-width: 397px) 100vw, 397px\" \/><\/a><\/p>\n<p>&nbsp;<\/p>\n<p>&nbsp;<\/p>\n<p>&nbsp;<\/p>\n<p><a href=\"https:\/\/bien-etreiris.ch\/de\/unsere-marken\/kraeuter-loetsch\/\" target=\"_blank\" rel=\"noopener\"><strong>Kr\u00e4uter L\u00f6tsch<\/strong><\/a><\/p>\n<ul>\n<li>BIO-zertifiziert<\/li>\n<li>zuckerfrei<\/li>\n<li>naturbelassen<\/li>\n<li>frei von k\u00fcnstlichen Zus\u00e4tzen und Farbstoffen<\/li>\n<li>pasteurisiert<\/li>\n<li>vegan<\/li>\n<li>Sachbezeichnung: W\u00e4ssriger Kr\u00e4uterauszug<\/li>\n<\/ul>\n<p>&nbsp;<\/p>\n<p>100 ml in Glasflasche <strong>CHF<\/strong><\/p>\n<p><strong>&nbsp;<\/strong><\/p>\n<p>&nbsp;<\/p>\n<p>&nbsp;<\/p>\n<p>&nbsp;<\/p>\n<h4>Naturbelassen &amp; zuckerfrei<\/h4>\n<p>Die Zistrose (<em>Cistus incanus<\/em>, Cistaceae) wird traditionell im Mittelmeerraum gegen Durchfall und Hauterkrankungen angewendet. Sie wirkt immunst\u00e4rkend und unterst\u00fctzend bei grippalen Infekten \u2013 am besten bereits vorbeugend. Bitte informieren Sie sich \u00fcber die Heilwirkung von Zistrose im Internet.<\/p>\n<h4>Extraktionsverfahren<\/h4>\n<p>Bei allen Extrakten von Kr\u00e4uter L\u00f6tsch wird Wasser als L\u00f6sungsmittel zur Extraktion der Pflanzenstoffe verwendet. Es wird kein Wasser nachtr\u00e4glich beigemischt. Der Extrakt enth\u00e4lt viele wertvolle, sekund\u00e4re Pflanzenstoffe und damit die volle Kraft der Pflanze. Bei diesem Extrakt wird beim Herstellungsprozess Alkohol beigemischt, um die harzigen Pflanzenbestandteile zu l\u00f6sen.<\/p>\n<p>&nbsp;<\/p>\n<p>&nbsp;<\/p>\n<h4>Einnahmeempfehlung<\/h4>\n<div>1 TL Extrakt 30 Sekunden im Mund behalten, dann schlucken. T\u00e4glich 3-5 TL \u00fcber den Tag verteilt einnehmen.<\/div>\n<h4>Zutaten<\/h4>\n<p>Ronthaler Quellwasser, BIO Zistrose, 4.8% Alkohol<\/p>\n<h4>Herkunftsland<\/h4>\n<p>Hergestellt in \u00d6sterreich<\/p>\n<p>&nbsp;<\/p>\n<p>&nbsp;<\/p>\n<h2 class=\"em-title\">Unsere Buchempfehlung zum Artikel :<\/h2>\n<div class=\"em-bild\">&nbsp;<\/div>\n<div class=\"em-pbox\">\n<h4 class=\"em-pbtitle\">Buch \"Wunderpflanze Zistrose\"<\/h4>\n<div class=\"em-pbul\">\n<p><a href=\"https:\/\/bien-etreiris.ch\/de\/produktpraesentation\/lesen-und-entdecken\/heilpflanzen\/zistrose\/\" target=\"_blank\" rel=\"noopener\">Leider d\u00fcrfen wir keine Heilaussagen zum Produkt machen, bitte recherchieren Sie selbstst\u00e4ndig im Internet oder kaufen Sie sich dieses Buch dazu.<\/a><\/p>\n<\/div>\n<\/div>\n<p>&nbsp;<\/p>\n<p><a href=\"https:\/\/bien-etreiris.ch\/de\/produktpraesentation\/lesen-und-entdecken\/heilpflanzen\/zistrose\/\" target=\"_blank\" rel=\"noopener\"><img loading=\"lazy\" decoding=\"async\" class=\"alignnone wp-image-54069 size-medium\" src=\"https:\/\/bien-etreiris.ch\/wp-content\/uploads\/2021\/09\/buch-zistrose-191x300.jpg\" alt=\"\" width=\"191\" height=\"300\" srcset=\"https:\/\/bien-etreiris.ch\/wp-content\/uploads\/2021\/09\/buch-zistrose-191x300.jpg 191w, https:\/\/bien-etreiris.ch\/wp-content\/uploads\/2021\/09\/buch-zistrose.jpg 523w\" sizes=\"auto, (max-width: 191px) 100vw, 191px\" \/><\/a><\/p>\n","protected":false},"excerpt":{"rendered":"<p>Zistrosen Extrakt BIO &nbsp; &nbsp; &nbsp; Kr\u00e4uter L\u00f6tsch BIO-zertifiziert zuckerfrei naturbelassen frei von k\u00fcnstlichen Zus\u00e4tzen und Farbstoffen pasteurisiert vegan Sachbezeichnung: W\u00e4ssriger Kr\u00e4uterauszug &nbsp; 100 ml in Glasflasche CHF &nbsp; &nbsp; &nbsp; &nbsp; Naturbelassen &amp; zuckerfrei Die Zistrose (Cistus incanus, Cistaceae) wird traditionell im Mittelmeerraum gegen Durchfall und Hauterkrankungen angewendet. Sie wirkt immunst\u00e4rkend und unterst\u00fctzend bei grippalen Infekten \u2013 am besten&nbsp;<a href=\"https:\/\/bien-etreiris.ch\/de\/produktpraesentation\/gesundes-leben\/nahrungsergaenzungsmittel\/pflanzenheilkunde-gleichgewicht-durch-heilpflanzen\/pflanzenextrakte\/zistrosen-extrakt\/\" class=\"read-more\">Weiter lesen<\/a><\/p>\n","protected":false},"author":1,"featured_media":54050,"parent":41725,"menu_order":5004,"comment_status":"closed","ping_status":"closed","template":"page-with-child.php","meta":{"_acf_changed":false,"ngg_post_thumbnail":0,"footnotes":""},"class_list":["post-54052","page","type-page","status-publish","has-post-thumbnail","hentry"],"acf":[],"yoast_head":"<!-- This site is optimized with the Yoast SEO plugin v27.6 - https:\/\/yoast.com\/product\/yoast-seo-wordpress\/ -->\n<title>ZISTROSEN - WOHLBEFINDEN<\/title>\n<meta name=\"robots\" content=\"index, follow, max-snippet:-1, max-image-preview:large, max-video-preview:-1\" \/>\n<link rel=\"canonical\" href=\"https:\/\/bien-etreiris.ch\/de\/produktpraesentation\/gesundes-leben\/nahrungsergaenzungsmittel\/pflanzenheilkunde-gleichgewicht-durch-heilpflanzen\/pflanzenextrakte\/zistrosen-extrakt\/\" \/>\n<meta property=\"og:locale\" content=\"de_DE\" \/>\n<meta property=\"og:type\" content=\"article\" \/>\n<meta property=\"og:title\" content=\"ZISTROSEN - WOHLBEFINDEN\" \/>\n<meta property=\"og:description\" content=\"Zistrosen Extrakt BIO &nbsp; &nbsp; &nbsp; Kr\u00e4uter L\u00f6tsch BIO-zertifiziert zuckerfrei naturbelassen frei von k\u00fcnstlichen Zus\u00e4tzen und Farbstoffen pasteurisiert vegan Sachbezeichnung: W\u00e4ssriger Kr\u00e4uterauszug &nbsp; 100 ml in Glasflasche CHF &nbsp; &nbsp; &nbsp; &nbsp; Naturbelassen &amp; zuckerfrei Die Zistrose (Cistus incanus, Cistaceae) wird traditionell im Mittelmeerraum gegen Durchfall und Hauterkrankungen angewendet. Sie wirkt immunst\u00e4rkend und unterst\u00fctzend bei grippalen Infekten \u2013 am besten&nbsp;Weiter lesen\" \/>\n<meta property=\"og:url\" content=\"https:\/\/bien-etreiris.ch\/de\/produktpraesentation\/gesundes-leben\/nahrungsergaenzungsmittel\/pflanzenheilkunde-gleichgewicht-durch-heilpflanzen\/pflanzenextrakte\/zistrosen-extrakt\/\" \/>\n<meta property=\"og:site_name\" content=\"WOHLBEFINDEN\" \/>\n<meta property=\"article:publisher\" content=\"https:\/\/www.facebook.com\/bienetreiris\/\" \/>\n<meta property=\"article:modified_time\" content=\"2021-09-14T05:01:07+00:00\" \/>\n<meta property=\"og:image\" content=\"https:\/\/bien-etreiris.ch\/wp-content\/uploads\/2021\/09\/acceuil-ciste.jpg\" \/>\n\t<meta property=\"og:image:width\" content=\"500\" \/>\n\t<meta property=\"og:image:height\" content=\"327\" \/>\n\t<meta property=\"og:image:type\" content=\"image\/jpeg\" \/>\n<meta name=\"twitter:label1\" content=\"Gesch\u00e4tzte Lesezeit\" \/>\n\t<meta name=\"twitter:data1\" content=\"2\u00a0Minuten\" \/>\n<script type=\"application\/ld+json\" class=\"yoast-schema-graph\">{\"@context\":\"https:\\\/\\\/schema.org\",\"@graph\":[{\"@type\":\"WebPage\",\"@id\":\"https:\\\/\\\/bien-etreiris.ch\\\/de\\\/produktpraesentation\\\/gesundes-leben\\\/nahrungsergaenzungsmittel\\\/pflanzenheilkunde-gleichgewicht-durch-heilpflanzen\\\/pflanzenextrakte\\\/zistrosen-extrakt\\\/\",\"url\":\"https:\\\/\\\/bien-etreiris.ch\\\/de\\\/produktpraesentation\\\/gesundes-leben\\\/nahrungsergaenzungsmittel\\\/pflanzenheilkunde-gleichgewicht-durch-heilpflanzen\\\/pflanzenextrakte\\\/zistrosen-extrakt\\\/\",\"name\":\"ZISTROSEN - WOHLBEFINDEN\",\"isPartOf\":{\"@id\":\"https:\\\/\\\/bien-etreiris.ch\\\/de\\\/#website\"},\"primaryImageOfPage\":{\"@id\":\"https:\\\/\\\/bien-etreiris.ch\\\/de\\\/produktpraesentation\\\/gesundes-leben\\\/nahrungsergaenzungsmittel\\\/pflanzenheilkunde-gleichgewicht-durch-heilpflanzen\\\/pflanzenextrakte\\\/zistrosen-extrakt\\\/#primaryimage\"},\"image\":{\"@id\":\"https:\\\/\\\/bien-etreiris.ch\\\/de\\\/produktpraesentation\\\/gesundes-leben\\\/nahrungsergaenzungsmittel\\\/pflanzenheilkunde-gleichgewicht-durch-heilpflanzen\\\/pflanzenextrakte\\\/zistrosen-extrakt\\\/#primaryimage\"},\"thumbnailUrl\":\"https:\\\/\\\/bien-etreiris.ch\\\/wp-content\\\/uploads\\\/2021\\\/09\\\/acceuil-ciste.jpg\",\"datePublished\":\"2021-09-14T04:18:25+00:00\",\"dateModified\":\"2021-09-14T05:01:07+00:00\",\"breadcrumb\":{\"@id\":\"https:\\\/\\\/bien-etreiris.ch\\\/de\\\/produktpraesentation\\\/gesundes-leben\\\/nahrungsergaenzungsmittel\\\/pflanzenheilkunde-gleichgewicht-durch-heilpflanzen\\\/pflanzenextrakte\\\/zistrosen-extrakt\\\/#breadcrumb\"},\"inLanguage\":\"de\",\"potentialAction\":[{\"@type\":\"ReadAction\",\"target\":[\"https:\\\/\\\/bien-etreiris.ch\\\/de\\\/produktpraesentation\\\/gesundes-leben\\\/nahrungsergaenzungsmittel\\\/pflanzenheilkunde-gleichgewicht-durch-heilpflanzen\\\/pflanzenextrakte\\\/zistrosen-extrakt\\\/\"]}]},{\"@type\":\"ImageObject\",\"inLanguage\":\"de\",\"@id\":\"https:\\\/\\\/bien-etreiris.ch\\\/de\\\/produktpraesentation\\\/gesundes-leben\\\/nahrungsergaenzungsmittel\\\/pflanzenheilkunde-gleichgewicht-durch-heilpflanzen\\\/pflanzenextrakte\\\/zistrosen-extrakt\\\/#primaryimage\",\"url\":\"https:\\\/\\\/bien-etreiris.ch\\\/wp-content\\\/uploads\\\/2021\\\/09\\\/acceuil-ciste.jpg\",\"contentUrl\":\"https:\\\/\\\/bien-etreiris.ch\\\/wp-content\\\/uploads\\\/2021\\\/09\\\/acceuil-ciste.jpg\",\"width\":500,\"height\":327},{\"@type\":\"BreadcrumbList\",\"@id\":\"https:\\\/\\\/bien-etreiris.ch\\\/de\\\/produktpraesentation\\\/gesundes-leben\\\/nahrungsergaenzungsmittel\\\/pflanzenheilkunde-gleichgewicht-durch-heilpflanzen\\\/pflanzenextrakte\\\/zistrosen-extrakt\\\/#breadcrumb\",\"itemListElement\":[{\"@type\":\"ListItem\",\"position\":1,\"name\":\"Home\",\"item\":\"https:\\\/\\\/bien-etreiris.ch\\\/de\\\/\"},{\"@type\":\"ListItem\",\"position\":2,\"name\":\"PRODUKTPR\u00c4SENTATION\",\"item\":\"https:\\\/\\\/bien-etreiris.ch\\\/de\\\/produktpraesentation\\\/\"},{\"@type\":\"ListItem\",\"position\":3,\"name\":\"GESUNDES LEBEN\",\"item\":\"https:\\\/\\\/bien-etreiris.ch\\\/de\\\/produktpraesentation\\\/gesundes-leben\\\/\"},{\"@type\":\"ListItem\",\"position\":4,\"name\":\"NAHRUNGSERG\u00c4NZUNG\",\"item\":\"https:\\\/\\\/bien-etreiris.ch\\\/de\\\/produktpraesentation\\\/gesundes-leben\\\/nahrungsergaenzungsmittel\\\/\"},{\"@type\":\"ListItem\",\"position\":5,\"name\":\"PFLANZENHEILKUNDE\",\"item\":\"https:\\\/\\\/bien-etreiris.ch\\\/de\\\/produktpraesentation\\\/gesundes-leben\\\/nahrungsergaenzungsmittel\\\/pflanzenheilkunde-gleichgewicht-durch-heilpflanzen\\\/\"},{\"@type\":\"ListItem\",\"position\":6,\"name\":\"PFLANZENEXTRAKTE\",\"item\":\"https:\\\/\\\/bien-etreiris.ch\\\/de\\\/produktpraesentation\\\/gesundes-leben\\\/nahrungsergaenzungsmittel\\\/pflanzenheilkunde-gleichgewicht-durch-heilpflanzen\\\/pflanzenextrakte\\\/\"},{\"@type\":\"ListItem\",\"position\":7,\"name\":\"ZISTROSEN\"}]},{\"@type\":\"WebSite\",\"@id\":\"https:\\\/\\\/bien-etreiris.ch\\\/de\\\/#website\",\"url\":\"https:\\\/\\\/bien-etreiris.ch\\\/de\\\/\",\"name\":\"Bien-\u00eatre Iris\",\"description\":\"IHRE Gesundheit ist uns wichtig\",\"potentialAction\":[{\"@type\":\"SearchAction\",\"target\":{\"@type\":\"EntryPoint\",\"urlTemplate\":\"https:\\\/\\\/bien-etreiris.ch\\\/de\\\/?s={search_term_string}\"},\"query-input\":{\"@type\":\"PropertyValueSpecification\",\"valueRequired\":true,\"valueName\":\"search_term_string\"}}],\"inLanguage\":\"de\"}]}<\/script>\n<!-- \/ Yoast SEO plugin. -->","yoast_head_json":{"title":"ZISTROSEN - WOHLBEFINDEN","robots":{"index":"index","follow":"follow","max-snippet":"max-snippet:-1","max-image-preview":"max-image-preview:large","max-video-preview":"max-video-preview:-1"},"canonical":"https:\/\/bien-etreiris.ch\/de\/produktpraesentation\/gesundes-leben\/nahrungsergaenzungsmittel\/pflanzenheilkunde-gleichgewicht-durch-heilpflanzen\/pflanzenextrakte\/zistrosen-extrakt\/","og_locale":"de_DE","og_type":"article","og_title":"ZISTROSEN - WOHLBEFINDEN","og_description":"Zistrosen Extrakt BIO &nbsp; &nbsp; &nbsp; Kr\u00e4uter L\u00f6tsch BIO-zertifiziert zuckerfrei naturbelassen frei von k\u00fcnstlichen Zus\u00e4tzen und Farbstoffen pasteurisiert vegan Sachbezeichnung: W\u00e4ssriger Kr\u00e4uterauszug &nbsp; 100 ml in Glasflasche CHF &nbsp; &nbsp; &nbsp; &nbsp; Naturbelassen &amp; zuckerfrei Die Zistrose (Cistus incanus, Cistaceae) wird traditionell im Mittelmeerraum gegen Durchfall und Hauterkrankungen angewendet. Sie wirkt immunst\u00e4rkend und unterst\u00fctzend bei grippalen Infekten \u2013 am besten&nbsp;Weiter lesen","og_url":"https:\/\/bien-etreiris.ch\/de\/produktpraesentation\/gesundes-leben\/nahrungsergaenzungsmittel\/pflanzenheilkunde-gleichgewicht-durch-heilpflanzen\/pflanzenextrakte\/zistrosen-extrakt\/","og_site_name":"WOHLBEFINDEN","article_publisher":"https:\/\/www.facebook.com\/bienetreiris\/","article_modified_time":"2021-09-14T05:01:07+00:00","og_image":[{"width":500,"height":327,"url":"https:\/\/bien-etreiris.ch\/wp-content\/uploads\/2021\/09\/acceuil-ciste.jpg","type":"image\/jpeg"}],"twitter_misc":{"Gesch\u00e4tzte Lesezeit":"2\u00a0Minuten"},"schema":{"@context":"https:\/\/schema.org","@graph":[{"@type":"WebPage","@id":"https:\/\/bien-etreiris.ch\/de\/produktpraesentation\/gesundes-leben\/nahrungsergaenzungsmittel\/pflanzenheilkunde-gleichgewicht-durch-heilpflanzen\/pflanzenextrakte\/zistrosen-extrakt\/","url":"https:\/\/bien-etreiris.ch\/de\/produktpraesentation\/gesundes-leben\/nahrungsergaenzungsmittel\/pflanzenheilkunde-gleichgewicht-durch-heilpflanzen\/pflanzenextrakte\/zistrosen-extrakt\/","name":"ZISTROSEN - WOHLBEFINDEN","isPartOf":{"@id":"https:\/\/bien-etreiris.ch\/de\/#website"},"primaryImageOfPage":{"@id":"https:\/\/bien-etreiris.ch\/de\/produktpraesentation\/gesundes-leben\/nahrungsergaenzungsmittel\/pflanzenheilkunde-gleichgewicht-durch-heilpflanzen\/pflanzenextrakte\/zistrosen-extrakt\/#primaryimage"},"image":{"@id":"https:\/\/bien-etreiris.ch\/de\/produktpraesentation\/gesundes-leben\/nahrungsergaenzungsmittel\/pflanzenheilkunde-gleichgewicht-durch-heilpflanzen\/pflanzenextrakte\/zistrosen-extrakt\/#primaryimage"},"thumbnailUrl":"https:\/\/bien-etreiris.ch\/wp-content\/uploads\/2021\/09\/acceuil-ciste.jpg","datePublished":"2021-09-14T04:18:25+00:00","dateModified":"2021-09-14T05:01:07+00:00","breadcrumb":{"@id":"https:\/\/bien-etreiris.ch\/de\/produktpraesentation\/gesundes-leben\/nahrungsergaenzungsmittel\/pflanzenheilkunde-gleichgewicht-durch-heilpflanzen\/pflanzenextrakte\/zistrosen-extrakt\/#breadcrumb"},"inLanguage":"de","potentialAction":[{"@type":"ReadAction","target":["https:\/\/bien-etreiris.ch\/de\/produktpraesentation\/gesundes-leben\/nahrungsergaenzungsmittel\/pflanzenheilkunde-gleichgewicht-durch-heilpflanzen\/pflanzenextrakte\/zistrosen-extrakt\/"]}]},{"@type":"ImageObject","inLanguage":"de","@id":"https:\/\/bien-etreiris.ch\/de\/produktpraesentation\/gesundes-leben\/nahrungsergaenzungsmittel\/pflanzenheilkunde-gleichgewicht-durch-heilpflanzen\/pflanzenextrakte\/zistrosen-extrakt\/#primaryimage","url":"https:\/\/bien-etreiris.ch\/wp-content\/uploads\/2021\/09\/acceuil-ciste.jpg","contentUrl":"https:\/\/bien-etreiris.ch\/wp-content\/uploads\/2021\/09\/acceuil-ciste.jpg","width":500,"height":327},{"@type":"BreadcrumbList","@id":"https:\/\/bien-etreiris.ch\/de\/produktpraesentation\/gesundes-leben\/nahrungsergaenzungsmittel\/pflanzenheilkunde-gleichgewicht-durch-heilpflanzen\/pflanzenextrakte\/zistrosen-extrakt\/#breadcrumb","itemListElement":[{"@type":"ListItem","position":1,"name":"Home","item":"https:\/\/bien-etreiris.ch\/de\/"},{"@type":"ListItem","position":2,"name":"PRODUKTPR\u00c4SENTATION","item":"https:\/\/bien-etreiris.ch\/de\/produktpraesentation\/"},{"@type":"ListItem","position":3,"name":"GESUNDES LEBEN","item":"https:\/\/bien-etreiris.ch\/de\/produktpraesentation\/gesundes-leben\/"},{"@type":"ListItem","position":4,"name":"NAHRUNGSERG\u00c4NZUNG","item":"https:\/\/bien-etreiris.ch\/de\/produktpraesentation\/gesundes-leben\/nahrungsergaenzungsmittel\/"},{"@type":"ListItem","position":5,"name":"PFLANZENHEILKUNDE","item":"https:\/\/bien-etreiris.ch\/de\/produktpraesentation\/gesundes-leben\/nahrungsergaenzungsmittel\/pflanzenheilkunde-gleichgewicht-durch-heilpflanzen\/"},{"@type":"ListItem","position":6,"name":"PFLANZENEXTRAKTE","item":"https:\/\/bien-etreiris.ch\/de\/produktpraesentation\/gesundes-leben\/nahrungsergaenzungsmittel\/pflanzenheilkunde-gleichgewicht-durch-heilpflanzen\/pflanzenextrakte\/"},{"@type":"ListItem","position":7,"name":"ZISTROSEN"}]},{"@type":"WebSite","@id":"https:\/\/bien-etreiris.ch\/de\/#website","url":"https:\/\/bien-etreiris.ch\/de\/","name":"Bien-\u00eatre Iris","description":"IHRE Gesundheit ist uns wichtig","potentialAction":[{"@type":"SearchAction","target":{"@type":"EntryPoint","urlTemplate":"https:\/\/bien-etreiris.ch\/de\/?s={search_term_string}"},"query-input":{"@type":"PropertyValueSpecification","valueRequired":true,"valueName":"search_term_string"}}],"inLanguage":"de"}]}},"_links":{"self":[{"href":"https:\/\/bien-etreiris.ch\/de\/wp-json\/wp\/v2\/pages\/54052","targetHints":{"allow":["GET"]}}],"collection":[{"href":"https:\/\/bien-etreiris.ch\/de\/wp-json\/wp\/v2\/pages"}],"about":[{"href":"https:\/\/bien-etreiris.ch\/de\/wp-json\/wp\/v2\/types\/page"}],"author":[{"embeddable":true,"href":"https:\/\/bien-etreiris.ch\/de\/wp-json\/wp\/v2\/users\/1"}],"replies":[{"embeddable":true,"href":"https:\/\/bien-etreiris.ch\/de\/wp-json\/wp\/v2\/comments?post=54052"}],"version-history":[{"count":7,"href":"https:\/\/bien-etreiris.ch\/de\/wp-json\/wp\/v2\/pages\/54052\/revisions"}],"predecessor-version":[{"id":54083,"href":"https:\/\/bien-etreiris.ch\/de\/wp-json\/wp\/v2\/pages\/54052\/revisions\/54083"}],"up":[{"embeddable":true,"href":"https:\/\/bien-etreiris.ch\/de\/wp-json\/wp\/v2\/pages\/41725"}],"wp:featuredmedia":[{"embeddable":true,"href":"https:\/\/bien-etreiris.ch\/de\/wp-json\/wp\/v2\/media\/54050"}],"wp:attachment":[{"href":"https:\/\/bien-etreiris.ch\/de\/wp-json\/wp\/v2\/media?parent=54052"}],"curies":[{"name":"wp","href":"https:\/\/api.w.org\/{rel}","templated":true}]}}