{"id":54016,"date":"2021-09-13T13:35:55","date_gmt":"2021-09-13T11:35:55","guid":{"rendered":"https:\/\/bien-etreiris.ch\/?page_id=54016"},"modified":"2023-01-23T01:18:45","modified_gmt":"2023-01-22T23:18:45","slug":"rotklee-extrakt","status":"publish","type":"page","link":"https:\/\/bien-etreiris.ch\/de\/produktpraesentation\/gesundes-leben\/nahrungsergaenzungsmittel\/pflanzenheilkunde-gleichgewicht-durch-heilpflanzen\/pflanzenextrakte\/rotklee-extrakt\/","title":{"rendered":"ROTKLEE"},"content":{"rendered":"\n<div id=\"product_tabs_description_contents\" class=\"product-tabs-content\">\n<div class=\"std\">\n<h2>Rotklee Extrakt (Bl\u00fctenextrakt)<\/h2>\n<p><a href=\"https:\/\/bien-etreiris.ch\/wp-content\/uploads\/2021\/09\/Exrait.png\"><img loading=\"lazy\" decoding=\"async\" class=\"size-medium wp-image-54019 alignleft\" src=\"https:\/\/bien-etreiris.ch\/wp-content\/uploads\/2021\/09\/Exrait-300x300.png\" alt=\"\" width=\"300\" height=\"300\" srcset=\"https:\/\/bien-etreiris.ch\/wp-content\/uploads\/2021\/09\/Exrait-300x300.png 300w, https:\/\/bien-etreiris.ch\/wp-content\/uploads\/2021\/09\/Exrait-150x150.png 150w, https:\/\/bien-etreiris.ch\/wp-content\/uploads\/2021\/09\/Exrait.png 625w\" sizes=\"auto, (max-width: 300px) 100vw, 300px\" \/><\/a><\/p>\n<h2>&nbsp;<\/h2>\n<p><strong> Kr\u00e4uter L\u00f6tsch<\/strong><\/p>\n<ul>\n<li>BIO-zertifiziert<\/li>\n<li>zuckerfrei<\/li>\n<li>naturbelassen<\/li>\n<li>frei von k\u00fcnstlichen Zus\u00e4tzen und Farbstoffen<\/li>\n<li>pasteurisiert<\/li>\n<li>alkoholfrei<\/li>\n<li>vegan<\/li>\n<li>Sachbezeichnung: W<span data-sheets-formula-bar-text-style=\"font-size:15px;color:#000000;font-weight:normal;text-decoration:none;font-family:'docs-Calibri';font-style:normal;text-decoration-skip-ink:none;\">\u00e4ssriger Kr\u00e4uterauszug <\/span><\/li>\n<\/ul>\n<\/div>\n<\/div>\n<p>100 ml in Glasflasche <strong>CHF 19.70<\/strong><\/p>\n<p>&nbsp;<\/p>\n<p>&nbsp;<\/p>\n<p>&nbsp;<\/p>\n<div id=\"product_tabs_description_contents\" class=\"product-tabs-content\">\n<div class=\"std\">\n<h4>Bei Wechseljahresbeschwerden und <strong>Schwankungen des \u00d6strogenspiegels<\/strong><\/h4>\n<p>Aufgrund des Gehaltes an Isoflavonen (vor allem Pratensein, Formononetin, Biochanin A) soll sich Rotklee Extrakt positiv bei Wechseljahresbeschwerden auswirken und die Beschwerden reduzieren.<\/p>\n<p>Bitte informieren Sie sich im Internet \u00fcber die Wirkungsweise von<strong> Rotklee und Rotklee-Extrak<\/strong>t.<\/p>\n<h4>Extraktionsverfahren<\/h4>\n<p>Bei allen Extrakten von Kr\u00e4uter L\u00f6tsch wird Wasser als L\u00f6sungsmittel zur Extraktion der Pflanzenstoffe verwendet. Es wird kein Wasser nachtr\u00e4glich beigemischt. Der Extrakt enth\u00e4lt viele wertvolle, sekund\u00e4re Pflanzenstoffe und damit die volle Kraft der Pflanze.<\/p>\n<h4>Einnahmeempfehlung<\/h4>\n<div>Extrakt 30 Sekunden im Mund behalten, dann schlucken. T\u00e4glich 2-4 TL Extrakt auf den Tag verteilt einnehmen.<\/div>\n<h4>Zutaten<\/h4>\n<p>Ronthaler Quellwasser, BIO Rotkleebl\u00fcten (pasteurisiert)<\/p>\n<h4>Herkunftsland<\/h4>\n<p>Hergestellt in \u00d6sterreich<\/p>\n<\/div>\n<\/div>\n<p>&nbsp;<\/p>\n<h2><span style=\"color: #ffcc00;\"><em><a style=\"color: #ffcc00;\" href=\"https:\/\/bien-etreiris.ch\/de\/ratgeber-klarheit-beratung\/natuerliche-heilmittel\/pflanzenheilkunde\/heilpflanzen\/rotklee\/\" target=\"_blank\" rel=\"noopener\">Wenn Sie mehr \u00fcber Rotklee erfahren m\u00f6chten dann klicken Sie hier<\/a><\/em><\/span><\/h2>\n<div id=\"product_tabs_description_contents\" class=\"product-tabs-content\">\n<div class=\"std\">\n<p>&nbsp;<\/p>\n<\/div>\n<\/div>\n<p>&nbsp;<\/p>\n<p>&nbsp;<\/p>\n","protected":false},"excerpt":{"rendered":"<p>Rotklee Extrakt (Bl\u00fctenextrakt) &nbsp; Kr\u00e4uter L\u00f6tsch BIO-zertifiziert zuckerfrei naturbelassen frei von k\u00fcnstlichen Zus\u00e4tzen und Farbstoffen pasteurisiert alkoholfrei vegan Sachbezeichnung: W\u00e4ssriger Kr\u00e4uterauszug 100 ml in Glasflasche CHF 19.70 &nbsp; &nbsp; &nbsp; Bei Wechseljahresbeschwerden und Schwankungen des \u00d6strogenspiegels Aufgrund des Gehaltes an Isoflavonen (vor allem Pratensein, Formononetin, Biochanin A) soll sich Rotklee Extrakt positiv bei Wechseljahresbeschwerden auswirken und die Beschwerden reduzieren. Bitte&nbsp;<a href=\"https:\/\/bien-etreiris.ch\/de\/produktpraesentation\/gesundes-leben\/nahrungsergaenzungsmittel\/pflanzenheilkunde-gleichgewicht-durch-heilpflanzen\/pflanzenextrakte\/rotklee-extrakt\/\" class=\"read-more\">Weiter lesen<\/a><\/p>\n","protected":false},"author":1,"featured_media":54014,"parent":41725,"menu_order":5008,"comment_status":"closed","ping_status":"closed","template":"page-with-child.php","meta":{"_acf_changed":false,"ngg_post_thumbnail":0,"footnotes":""},"class_list":["post-54016","page","type-page","status-publish","has-post-thumbnail","hentry"],"acf":[],"yoast_head":"<!-- This site is optimized with the Yoast SEO plugin v27.6 - https:\/\/yoast.com\/product\/yoast-seo-wordpress\/ -->\n<title>ROTKLEE - WOHLBEFINDEN<\/title>\n<meta name=\"robots\" content=\"index, follow, max-snippet:-1, max-image-preview:large, max-video-preview:-1\" \/>\n<link rel=\"canonical\" href=\"https:\/\/bien-etreiris.ch\/de\/produktpraesentation\/gesundes-leben\/nahrungsergaenzungsmittel\/pflanzenheilkunde-gleichgewicht-durch-heilpflanzen\/pflanzenextrakte\/rotklee-extrakt\/\" \/>\n<meta property=\"og:locale\" content=\"de_DE\" \/>\n<meta property=\"og:type\" content=\"article\" \/>\n<meta property=\"og:title\" content=\"ROTKLEE - WOHLBEFINDEN\" \/>\n<meta property=\"og:description\" content=\"Rotklee Extrakt (Bl\u00fctenextrakt) &nbsp; Kr\u00e4uter L\u00f6tsch BIO-zertifiziert zuckerfrei naturbelassen frei von k\u00fcnstlichen Zus\u00e4tzen und Farbstoffen pasteurisiert alkoholfrei vegan Sachbezeichnung: W\u00e4ssriger Kr\u00e4uterauszug 100 ml in Glasflasche CHF 19.70 &nbsp; &nbsp; &nbsp; Bei Wechseljahresbeschwerden und Schwankungen des \u00d6strogenspiegels Aufgrund des Gehaltes an Isoflavonen (vor allem Pratensein, Formononetin, Biochanin A) soll sich Rotklee Extrakt positiv bei Wechseljahresbeschwerden auswirken und die Beschwerden reduzieren. Bitte&nbsp;Weiter lesen\" \/>\n<meta property=\"og:url\" content=\"https:\/\/bien-etreiris.ch\/de\/produktpraesentation\/gesundes-leben\/nahrungsergaenzungsmittel\/pflanzenheilkunde-gleichgewicht-durch-heilpflanzen\/pflanzenextrakte\/rotklee-extrakt\/\" \/>\n<meta property=\"og:site_name\" content=\"WOHLBEFINDEN\" \/>\n<meta property=\"article:publisher\" content=\"https:\/\/www.facebook.com\/bienetreiris\/\" \/>\n<meta property=\"article:modified_time\" content=\"2023-01-22T23:18:45+00:00\" \/>\n<meta property=\"og:image\" content=\"https:\/\/bien-etreiris.ch\/wp-content\/uploads\/2021\/09\/acceuil-trefle-rouge.jpg\" \/>\n\t<meta property=\"og:image:width\" content=\"500\" \/>\n\t<meta property=\"og:image:height\" content=\"333\" \/>\n\t<meta property=\"og:image:type\" content=\"image\/jpeg\" \/>\n<meta name=\"twitter:label1\" content=\"Gesch\u00e4tzte Lesezeit\" \/>\n\t<meta name=\"twitter:data1\" content=\"2\u00a0Minuten\" \/>\n<script type=\"application\/ld+json\" class=\"yoast-schema-graph\">{\"@context\":\"https:\\\/\\\/schema.org\",\"@graph\":[{\"@type\":\"WebPage\",\"@id\":\"https:\\\/\\\/bien-etreiris.ch\\\/de\\\/produktpraesentation\\\/gesundes-leben\\\/nahrungsergaenzungsmittel\\\/pflanzenheilkunde-gleichgewicht-durch-heilpflanzen\\\/pflanzenextrakte\\\/rotklee-extrakt\\\/\",\"url\":\"https:\\\/\\\/bien-etreiris.ch\\\/de\\\/produktpraesentation\\\/gesundes-leben\\\/nahrungsergaenzungsmittel\\\/pflanzenheilkunde-gleichgewicht-durch-heilpflanzen\\\/pflanzenextrakte\\\/rotklee-extrakt\\\/\",\"name\":\"ROTKLEE - WOHLBEFINDEN\",\"isPartOf\":{\"@id\":\"https:\\\/\\\/bien-etreiris.ch\\\/de\\\/#website\"},\"primaryImageOfPage\":{\"@id\":\"https:\\\/\\\/bien-etreiris.ch\\\/de\\\/produktpraesentation\\\/gesundes-leben\\\/nahrungsergaenzungsmittel\\\/pflanzenheilkunde-gleichgewicht-durch-heilpflanzen\\\/pflanzenextrakte\\\/rotklee-extrakt\\\/#primaryimage\"},\"image\":{\"@id\":\"https:\\\/\\\/bien-etreiris.ch\\\/de\\\/produktpraesentation\\\/gesundes-leben\\\/nahrungsergaenzungsmittel\\\/pflanzenheilkunde-gleichgewicht-durch-heilpflanzen\\\/pflanzenextrakte\\\/rotklee-extrakt\\\/#primaryimage\"},\"thumbnailUrl\":\"https:\\\/\\\/bien-etreiris.ch\\\/wp-content\\\/uploads\\\/2021\\\/09\\\/acceuil-trefle-rouge.jpg\",\"datePublished\":\"2021-09-13T11:35:55+00:00\",\"dateModified\":\"2023-01-22T23:18:45+00:00\",\"breadcrumb\":{\"@id\":\"https:\\\/\\\/bien-etreiris.ch\\\/de\\\/produktpraesentation\\\/gesundes-leben\\\/nahrungsergaenzungsmittel\\\/pflanzenheilkunde-gleichgewicht-durch-heilpflanzen\\\/pflanzenextrakte\\\/rotklee-extrakt\\\/#breadcrumb\"},\"inLanguage\":\"de\",\"potentialAction\":[{\"@type\":\"ReadAction\",\"target\":[\"https:\\\/\\\/bien-etreiris.ch\\\/de\\\/produktpraesentation\\\/gesundes-leben\\\/nahrungsergaenzungsmittel\\\/pflanzenheilkunde-gleichgewicht-durch-heilpflanzen\\\/pflanzenextrakte\\\/rotklee-extrakt\\\/\"]}]},{\"@type\":\"ImageObject\",\"inLanguage\":\"de\",\"@id\":\"https:\\\/\\\/bien-etreiris.ch\\\/de\\\/produktpraesentation\\\/gesundes-leben\\\/nahrungsergaenzungsmittel\\\/pflanzenheilkunde-gleichgewicht-durch-heilpflanzen\\\/pflanzenextrakte\\\/rotklee-extrakt\\\/#primaryimage\",\"url\":\"https:\\\/\\\/bien-etreiris.ch\\\/wp-content\\\/uploads\\\/2021\\\/09\\\/acceuil-trefle-rouge.jpg\",\"contentUrl\":\"https:\\\/\\\/bien-etreiris.ch\\\/wp-content\\\/uploads\\\/2021\\\/09\\\/acceuil-trefle-rouge.jpg\",\"width\":500,\"height\":333},{\"@type\":\"BreadcrumbList\",\"@id\":\"https:\\\/\\\/bien-etreiris.ch\\\/de\\\/produktpraesentation\\\/gesundes-leben\\\/nahrungsergaenzungsmittel\\\/pflanzenheilkunde-gleichgewicht-durch-heilpflanzen\\\/pflanzenextrakte\\\/rotklee-extrakt\\\/#breadcrumb\",\"itemListElement\":[{\"@type\":\"ListItem\",\"position\":1,\"name\":\"Home\",\"item\":\"https:\\\/\\\/bien-etreiris.ch\\\/de\\\/\"},{\"@type\":\"ListItem\",\"position\":2,\"name\":\"PRODUKTPR\u00c4SENTATION\",\"item\":\"https:\\\/\\\/bien-etreiris.ch\\\/de\\\/produktpraesentation\\\/\"},{\"@type\":\"ListItem\",\"position\":3,\"name\":\"GESUNDES LEBEN\",\"item\":\"https:\\\/\\\/bien-etreiris.ch\\\/de\\\/produktpraesentation\\\/gesundes-leben\\\/\"},{\"@type\":\"ListItem\",\"position\":4,\"name\":\"NAHRUNGSERG\u00c4NZUNG\",\"item\":\"https:\\\/\\\/bien-etreiris.ch\\\/de\\\/produktpraesentation\\\/gesundes-leben\\\/nahrungsergaenzungsmittel\\\/\"},{\"@type\":\"ListItem\",\"position\":5,\"name\":\"PFLANZENHEILKUNDE\",\"item\":\"https:\\\/\\\/bien-etreiris.ch\\\/de\\\/produktpraesentation\\\/gesundes-leben\\\/nahrungsergaenzungsmittel\\\/pflanzenheilkunde-gleichgewicht-durch-heilpflanzen\\\/\"},{\"@type\":\"ListItem\",\"position\":6,\"name\":\"PFLANZENEXTRAKTE\",\"item\":\"https:\\\/\\\/bien-etreiris.ch\\\/de\\\/produktpraesentation\\\/gesundes-leben\\\/nahrungsergaenzungsmittel\\\/pflanzenheilkunde-gleichgewicht-durch-heilpflanzen\\\/pflanzenextrakte\\\/\"},{\"@type\":\"ListItem\",\"position\":7,\"name\":\"ROTKLEE\"}]},{\"@type\":\"WebSite\",\"@id\":\"https:\\\/\\\/bien-etreiris.ch\\\/de\\\/#website\",\"url\":\"https:\\\/\\\/bien-etreiris.ch\\\/de\\\/\",\"name\":\"Bien-\u00eatre Iris\",\"description\":\"IHRE Gesundheit ist uns wichtig\",\"potentialAction\":[{\"@type\":\"SearchAction\",\"target\":{\"@type\":\"EntryPoint\",\"urlTemplate\":\"https:\\\/\\\/bien-etreiris.ch\\\/de\\\/?s={search_term_string}\"},\"query-input\":{\"@type\":\"PropertyValueSpecification\",\"valueRequired\":true,\"valueName\":\"search_term_string\"}}],\"inLanguage\":\"de\"}]}<\/script>\n<!-- \/ Yoast SEO plugin. -->","yoast_head_json":{"title":"ROTKLEE - WOHLBEFINDEN","robots":{"index":"index","follow":"follow","max-snippet":"max-snippet:-1","max-image-preview":"max-image-preview:large","max-video-preview":"max-video-preview:-1"},"canonical":"https:\/\/bien-etreiris.ch\/de\/produktpraesentation\/gesundes-leben\/nahrungsergaenzungsmittel\/pflanzenheilkunde-gleichgewicht-durch-heilpflanzen\/pflanzenextrakte\/rotklee-extrakt\/","og_locale":"de_DE","og_type":"article","og_title":"ROTKLEE - WOHLBEFINDEN","og_description":"Rotklee Extrakt (Bl\u00fctenextrakt) &nbsp; Kr\u00e4uter L\u00f6tsch BIO-zertifiziert zuckerfrei naturbelassen frei von k\u00fcnstlichen Zus\u00e4tzen und Farbstoffen pasteurisiert alkoholfrei vegan Sachbezeichnung: W\u00e4ssriger Kr\u00e4uterauszug 100 ml in Glasflasche CHF 19.70 &nbsp; &nbsp; &nbsp; Bei Wechseljahresbeschwerden und Schwankungen des \u00d6strogenspiegels Aufgrund des Gehaltes an Isoflavonen (vor allem Pratensein, Formononetin, Biochanin A) soll sich Rotklee Extrakt positiv bei Wechseljahresbeschwerden auswirken und die Beschwerden reduzieren. Bitte&nbsp;Weiter lesen","og_url":"https:\/\/bien-etreiris.ch\/de\/produktpraesentation\/gesundes-leben\/nahrungsergaenzungsmittel\/pflanzenheilkunde-gleichgewicht-durch-heilpflanzen\/pflanzenextrakte\/rotklee-extrakt\/","og_site_name":"WOHLBEFINDEN","article_publisher":"https:\/\/www.facebook.com\/bienetreiris\/","article_modified_time":"2023-01-22T23:18:45+00:00","og_image":[{"width":500,"height":333,"url":"https:\/\/bien-etreiris.ch\/wp-content\/uploads\/2021\/09\/acceuil-trefle-rouge.jpg","type":"image\/jpeg"}],"twitter_misc":{"Gesch\u00e4tzte Lesezeit":"2\u00a0Minuten"},"schema":{"@context":"https:\/\/schema.org","@graph":[{"@type":"WebPage","@id":"https:\/\/bien-etreiris.ch\/de\/produktpraesentation\/gesundes-leben\/nahrungsergaenzungsmittel\/pflanzenheilkunde-gleichgewicht-durch-heilpflanzen\/pflanzenextrakte\/rotklee-extrakt\/","url":"https:\/\/bien-etreiris.ch\/de\/produktpraesentation\/gesundes-leben\/nahrungsergaenzungsmittel\/pflanzenheilkunde-gleichgewicht-durch-heilpflanzen\/pflanzenextrakte\/rotklee-extrakt\/","name":"ROTKLEE - WOHLBEFINDEN","isPartOf":{"@id":"https:\/\/bien-etreiris.ch\/de\/#website"},"primaryImageOfPage":{"@id":"https:\/\/bien-etreiris.ch\/de\/produktpraesentation\/gesundes-leben\/nahrungsergaenzungsmittel\/pflanzenheilkunde-gleichgewicht-durch-heilpflanzen\/pflanzenextrakte\/rotklee-extrakt\/#primaryimage"},"image":{"@id":"https:\/\/bien-etreiris.ch\/de\/produktpraesentation\/gesundes-leben\/nahrungsergaenzungsmittel\/pflanzenheilkunde-gleichgewicht-durch-heilpflanzen\/pflanzenextrakte\/rotklee-extrakt\/#primaryimage"},"thumbnailUrl":"https:\/\/bien-etreiris.ch\/wp-content\/uploads\/2021\/09\/acceuil-trefle-rouge.jpg","datePublished":"2021-09-13T11:35:55+00:00","dateModified":"2023-01-22T23:18:45+00:00","breadcrumb":{"@id":"https:\/\/bien-etreiris.ch\/de\/produktpraesentation\/gesundes-leben\/nahrungsergaenzungsmittel\/pflanzenheilkunde-gleichgewicht-durch-heilpflanzen\/pflanzenextrakte\/rotklee-extrakt\/#breadcrumb"},"inLanguage":"de","potentialAction":[{"@type":"ReadAction","target":["https:\/\/bien-etreiris.ch\/de\/produktpraesentation\/gesundes-leben\/nahrungsergaenzungsmittel\/pflanzenheilkunde-gleichgewicht-durch-heilpflanzen\/pflanzenextrakte\/rotklee-extrakt\/"]}]},{"@type":"ImageObject","inLanguage":"de","@id":"https:\/\/bien-etreiris.ch\/de\/produktpraesentation\/gesundes-leben\/nahrungsergaenzungsmittel\/pflanzenheilkunde-gleichgewicht-durch-heilpflanzen\/pflanzenextrakte\/rotklee-extrakt\/#primaryimage","url":"https:\/\/bien-etreiris.ch\/wp-content\/uploads\/2021\/09\/acceuil-trefle-rouge.jpg","contentUrl":"https:\/\/bien-etreiris.ch\/wp-content\/uploads\/2021\/09\/acceuil-trefle-rouge.jpg","width":500,"height":333},{"@type":"BreadcrumbList","@id":"https:\/\/bien-etreiris.ch\/de\/produktpraesentation\/gesundes-leben\/nahrungsergaenzungsmittel\/pflanzenheilkunde-gleichgewicht-durch-heilpflanzen\/pflanzenextrakte\/rotklee-extrakt\/#breadcrumb","itemListElement":[{"@type":"ListItem","position":1,"name":"Home","item":"https:\/\/bien-etreiris.ch\/de\/"},{"@type":"ListItem","position":2,"name":"PRODUKTPR\u00c4SENTATION","item":"https:\/\/bien-etreiris.ch\/de\/produktpraesentation\/"},{"@type":"ListItem","position":3,"name":"GESUNDES LEBEN","item":"https:\/\/bien-etreiris.ch\/de\/produktpraesentation\/gesundes-leben\/"},{"@type":"ListItem","position":4,"name":"NAHRUNGSERG\u00c4NZUNG","item":"https:\/\/bien-etreiris.ch\/de\/produktpraesentation\/gesundes-leben\/nahrungsergaenzungsmittel\/"},{"@type":"ListItem","position":5,"name":"PFLANZENHEILKUNDE","item":"https:\/\/bien-etreiris.ch\/de\/produktpraesentation\/gesundes-leben\/nahrungsergaenzungsmittel\/pflanzenheilkunde-gleichgewicht-durch-heilpflanzen\/"},{"@type":"ListItem","position":6,"name":"PFLANZENEXTRAKTE","item":"https:\/\/bien-etreiris.ch\/de\/produktpraesentation\/gesundes-leben\/nahrungsergaenzungsmittel\/pflanzenheilkunde-gleichgewicht-durch-heilpflanzen\/pflanzenextrakte\/"},{"@type":"ListItem","position":7,"name":"ROTKLEE"}]},{"@type":"WebSite","@id":"https:\/\/bien-etreiris.ch\/de\/#website","url":"https:\/\/bien-etreiris.ch\/de\/","name":"Bien-\u00eatre Iris","description":"IHRE Gesundheit ist uns wichtig","potentialAction":[{"@type":"SearchAction","target":{"@type":"EntryPoint","urlTemplate":"https:\/\/bien-etreiris.ch\/de\/?s={search_term_string}"},"query-input":{"@type":"PropertyValueSpecification","valueRequired":true,"valueName":"search_term_string"}}],"inLanguage":"de"}]}},"_links":{"self":[{"href":"https:\/\/bien-etreiris.ch\/de\/wp-json\/wp\/v2\/pages\/54016","targetHints":{"allow":["GET"]}}],"collection":[{"href":"https:\/\/bien-etreiris.ch\/de\/wp-json\/wp\/v2\/pages"}],"about":[{"href":"https:\/\/bien-etreiris.ch\/de\/wp-json\/wp\/v2\/types\/page"}],"author":[{"embeddable":true,"href":"https:\/\/bien-etreiris.ch\/de\/wp-json\/wp\/v2\/users\/1"}],"replies":[{"embeddable":true,"href":"https:\/\/bien-etreiris.ch\/de\/wp-json\/wp\/v2\/comments?post=54016"}],"version-history":[{"count":6,"href":"https:\/\/bien-etreiris.ch\/de\/wp-json\/wp\/v2\/pages\/54016\/revisions"}],"predecessor-version":[{"id":64850,"href":"https:\/\/bien-etreiris.ch\/de\/wp-json\/wp\/v2\/pages\/54016\/revisions\/64850"}],"up":[{"embeddable":true,"href":"https:\/\/bien-etreiris.ch\/de\/wp-json\/wp\/v2\/pages\/41725"}],"wp:featuredmedia":[{"embeddable":true,"href":"https:\/\/bien-etreiris.ch\/de\/wp-json\/wp\/v2\/media\/54014"}],"wp:attachment":[{"href":"https:\/\/bien-etreiris.ch\/de\/wp-json\/wp\/v2\/media?parent=54016"}],"curies":[{"name":"wp","href":"https:\/\/api.w.org\/{rel}","templated":true}]}}