{"id":53915,"date":"2021-08-27T02:40:00","date_gmt":"2021-08-27T00:40:00","guid":{"rendered":"https:\/\/bien-etreiris.ch\/?page_id=53915"},"modified":"2021-08-27T03:30:16","modified_gmt":"2021-08-27T01:30:16","slug":"pflanzenoele","status":"publish","type":"page","link":"https:\/\/bien-etreiris.ch\/de\/produktpraesentation\/lesen-und-entdecken\/aromatherapie\/pflanzenoele\/","title":{"rendered":"PFLANZEN\u00d6LE"},"content":{"rendered":"\n<h2>Pflanzen\u00f6le<\/h2>\n<p>&nbsp;<\/p>\n<h4><strong>Omega-3 \u2013 \u00d6l des Lebens<\/strong><\/h4>\n<p>&nbsp;<\/p>\n<div class=\"span12\" data-motopress-wrapper-file=\"page-fullwidth.php\" data-motopress-wrapper-type=\"content\">\n<div id=\"content\" class=\"row\">\n<div class=\"span12\" data-motopress-type=\"loop\" data-motopress-loop-file=\"loop\/loop-page.php\">\n<div id=\"post-53887\" class=\"page post-53887 type-page status-publish has-post-thumbnail hentry\">\n<p><a href=\"https:\/\/bien-etreiris.ch\/wp-content\/uploads\/2021\/08\/omega-3-Dr.-med.-Volkr-Schmiedel.jpg\"><img loading=\"lazy\" decoding=\"async\" class=\"wp-image-53920 alignleft\" src=\"https:\/\/bien-etreiris.ch\/wp-content\/uploads\/2021\/08\/omega-3-Dr.-med.-Volkr-Schmiedel-195x300.jpg\" alt=\"\" width=\"280\" height=\"431\" srcset=\"https:\/\/bien-etreiris.ch\/wp-content\/uploads\/2021\/08\/omega-3-Dr.-med.-Volkr-Schmiedel-195x300.jpg 195w, https:\/\/bien-etreiris.ch\/wp-content\/uploads\/2021\/08\/omega-3-Dr.-med.-Volkr-Schmiedel.jpg 260w\" sizes=\"auto, (max-width: 280px) 100vw, 280px\" \/><\/a><\/p>\n<\/div>\n<\/div>\n<\/div>\n<\/div>\n<p>&nbsp;<\/p>\n<div class=\"span12\" data-motopress-wrapper-file=\"page-fullwidth.php\" data-motopress-wrapper-type=\"content\">\n<div id=\"content\" class=\"row\">\n<div class=\"span12\" data-motopress-type=\"loop\" data-motopress-loop-file=\"loop\/loop-page.php\">\n<div id=\"post-53887\" class=\"page post-53887 type-page status-publish has-post-thumbnail hentry\">\n<p>Omega-3 \u00d6l des Lebens<\/p>\n<p>Volker A. Dr. med. Schmiedel<\/p>\n<\/div>\n<\/div>\n<\/div>\n<\/div>\n<div class=\"m-author-list \">\n<div id=\"keywords-subscribe-details-upper-0\" class=\"m-author-list__item \">\n<ul style=\"list-style-type: disc;\">\n<li class=\"m-author-list__follow js-follow keywords-subscribe-enjoying-js\">Kartonierter Einband<\/li>\n<li class=\"m-author-list__follow js-follow keywords-subscribe-enjoying-js\">128 Seiten&nbsp;<strong> CHF 22.80<\/strong><\/li>\n<\/ul>\n<\/div>\n<\/div>\n<div>&nbsp;<\/div>\n<div>&nbsp;<\/div>\n<div>&nbsp;<\/div>\n<p>In seinem aktuellen Buch hat Dr. Schmiedel sein Wissen zu Omega-3-Fetts\u00e4uren zusammengefasst. Es geht um die Grundlagen des Fetts\u00e4urestoffwechsels, Indikationen f\u00fcr den Einsatz von Omega-3-Fetts\u00e4uren in Prophylaxe und Therapie sowie praktische Tipps zum Umsetzen.<\/p>\n<p>Nach Lekt\u00fcre dieses Buches wissen Sie genau, was Sie selbst tun k\u00f6nnen, um mit den richtigen Omega-3-Fetts\u00e4uren in der richtigen Dosis Ihre Gesundheit zu erhalten oder helfen wiederherzustellen.<\/p>\n<div class=\"span12\" data-motopress-wrapper-file=\"page-fullwidth.php\" data-motopress-wrapper-type=\"content\">\n<div id=\"content\" class=\"row\">\n<div class=\"span12\" data-motopress-type=\"loop\" data-motopress-loop-file=\"loop\/loop-page.php\">\n<div id=\"post-53887\" class=\"page post-53887 type-page status-publish has-post-thumbnail hentry\">\n<div class=\"l-col-6\">\n<div class=\"contenthaupt\">\n<div class=\"tab-content\">\n<div id=\"tabs-122-1\" class=\"tab-pane active\">\n<h4><strong>Diverse Gesundheits-Themen werden im Buch beschrieben:<\/strong><\/h4>\n<ul>\n<li>Rheuma, Asthma<\/li>\n<li>Blutdruck<\/li>\n<li>Schlaganfall<\/li>\n<li>Herzinfarkt\/pl\u00f6tzlicher Herztod<\/li>\n<li>Herzschw\u00e4che<\/li>\n<li>Krebs<\/li>\n<li>Schwangerschaft<\/li>\n<li>Demenz<\/li>\n<li>Psyche<\/li>\n<li>Sport<\/li>\n<li>Altern\/Anti-Aging<\/li>\n<li>Diabetes<\/li>\n<li>Migr\u00e4ne<\/li>\n<li>Arthrose<\/li>\n<li>Multiple Sklerose (MS)<\/li>\n<li>Colitis\/Morbus Crohn<\/li>\n<li>Neurodermitis\/Hauterkrankungen<\/li>\n<li>\u00dcbergewicht<\/li>\n<li>Trockene Augen<\/li>\n<li>AD(H)S<\/li>\n<li>Epilepsie<\/li>\n<li>Psychose<\/li>\n<\/ul>\n<p>&nbsp;<\/p>\n<\/div>\n<\/div>\n<\/div>\n<h4 class=\"cf\"><b>Autorentext<\/b><\/h4>\n<div class=\"cf\"><br>Dr. med. Volker Schmiedel ist Chefarzt der Inneren Abteilung der Habichtswald-Klinik in Kassel. Er behandelt und forscht seit Jahrzehnten zum Thema erh\u00f6htes Cholesterin, Diabetes, die Auswirkungen von Ern\u00e4hrung auf typische Wohlstandskrankheiten. Er schreibt regelm\u00e4\u00dfig in der Zeitschrift 'Der Naturarzt' und ist erfolgreicher Fach- und Sachbuchautor. Seine zahlreichen Vortr\u00e4ge vor Fach- und Laienpublikum finden bei Interessierten und Betroffenen begeisterte Aufnahme.<\/div>\n<\/div>\n<\/div>\n<\/div>\n<\/div>\n<\/div>\n<div>&nbsp;<\/div>\n<div>&nbsp;<\/div>\n<div>&nbsp;<\/div>\n<div><hr><\/div>\n<div class=\"span12\" data-motopress-wrapper-file=\"page-fullwidth.php\" data-motopress-wrapper-type=\"content\">\n<div id=\"content\" class=\"row\">\n<div class=\"span12\" data-motopress-type=\"loop\" data-motopress-loop-file=\"loop\/loop-page.php\">\n<div id=\"post-53887\" class=\"page post-53887 type-page status-publish has-post-thumbnail hentry\">\n<div class=\"l-col-6\">\n<div class=\"contenthaupt\">&nbsp;<\/div>\n<\/div>\n<h2>Pflanzen\u00f6le<\/h2>\n<\/div>\n<p>&nbsp;<\/p>\n<div id=\"post-53887\" class=\"page post-53887 type-page status-publish has-post-thumbnail hentry\">\n<p><a href=\"https:\/\/bien-etreiris.ch\/wp-content\/uploads\/2021\/08\/Pflanzenole-Ruth-von-Braunschweig.jpg\"><img loading=\"lazy\" decoding=\"async\" class=\"size-medium wp-image-53925 alignleft\" src=\"https:\/\/bien-etreiris.ch\/wp-content\/uploads\/2021\/08\/Pflanzenole-Ruth-von-Braunschweig-232x300.jpg\" alt=\"\" width=\"232\" height=\"300\" srcset=\"https:\/\/bien-etreiris.ch\/wp-content\/uploads\/2021\/08\/Pflanzenole-Ruth-von-Braunschweig-232x300.jpg 232w, https:\/\/bien-etreiris.ch\/wp-content\/uploads\/2021\/08\/Pflanzenole-Ruth-von-Braunschweig.jpg 450w\" sizes=\"auto, (max-width: 232px) 100vw, 232px\" \/><\/a><\/p>\n<\/div>\n<\/div>\n<\/div>\n<\/div>\n<h4><span class=\"autor\">Ruth von Braunschweig<\/span><\/h4>\n<p style=\"text-align: left;\">304 Seiten<br>7. Auflage 2020<\/p>\n<p><strong>CHF 26.80<\/strong><\/p>\n<p><span class=\"teaser\">\u00dcber 50 starke Helfer f\u00fcr Genuss und Hautpflege!<\/span><\/p>\n<p>&nbsp;<\/p>\n<p><br>Wie wichtig Pflanzen\u00f6le f\u00fcr unsere Ern\u00e4hrung sind, hat sich inzwischen herumgesprochen. Auch dass sie naturbelassen und schonend hergestellt sein m\u00fcssen und m\u00f6glichst aus biologischem Anbau kommen sollten, wenn sie ihre gesundheitsf\u00f6rdernden Wirkungen entfalten sollen, ist heute den meisten Menschen bekannt. Dass aber Oliven-, Kokos\u00f6l &amp; Co. auch wertvolle Helfer f\u00fcr die Hautpflege sind und sogar in der Pflege eingesetzt werden k\u00f6nnen, wird von manchen Fachleuten noch immer angezweifelt. Dabei spricht heute eine F\u00fclle von Forschungsarbeiten f\u00fcr sich.<br><br>Pflanzen\u00f6le sch\u00fctzen und pflegen, k\u00f6nnen Krankheiten vorbeugen und Beschwerden lindern. Sie wirken von innen ebenso wie von au\u00dfen, in der K\u00fcche wie in der K\u00f6rperpflege<\/p>\n<p>&nbsp;<\/p>\n<div class=\"span12\" data-motopress-wrapper-file=\"page-fullwidth.php\" data-motopress-wrapper-type=\"content\">\n<div id=\"content\" class=\"row\">\n<div class=\"span12\" data-motopress-type=\"loop\" data-motopress-loop-file=\"loop\/loop-page.php\">\n<div id=\"post-53887\" class=\"page post-53887 type-page status-publish has-post-thumbnail hentry\">\n<h4>&nbsp;<\/h4>\n<\/div>\n<\/div>\n<\/div>\n<\/div>\n<div class=\"span12\" data-motopress-wrapper-file=\"page-fullwidth.php\" data-motopress-wrapper-type=\"content\">\n<div id=\"content\" class=\"row\">\n<div class=\"span12\" data-motopress-type=\"loop\" data-motopress-loop-file=\"loop\/loop-page.php\">\n<div id=\"post-53887\" class=\"page post-53887 type-page status-publish has-post-thumbnail hentry\">\n<h4><a href=\"https:\/\/bien-etreiris.ch\/wp-content\/uploads\/2021\/08\/Pflanzenole-Ruth-von-Braunschweig-Ruckseite.jpg\"><img loading=\"lazy\" decoding=\"async\" class=\"size-medium wp-image-53928 alignleft\" src=\"https:\/\/bien-etreiris.ch\/wp-content\/uploads\/2021\/08\/Pflanzenole-Ruth-von-Braunschweig-Ruckseite-235x300.jpg\" alt=\"\" width=\"235\" height=\"300\" srcset=\"https:\/\/bien-etreiris.ch\/wp-content\/uploads\/2021\/08\/Pflanzenole-Ruth-von-Braunschweig-Ruckseite-235x300.jpg 235w, https:\/\/bien-etreiris.ch\/wp-content\/uploads\/2021\/08\/Pflanzenole-Ruth-von-Braunschweig-Ruckseite-801x1024.jpg 801w, https:\/\/bien-etreiris.ch\/wp-content\/uploads\/2021\/08\/Pflanzenole-Ruth-von-Braunschweig-Ruckseite-768x982.jpg 768w, https:\/\/bien-etreiris.ch\/wp-content\/uploads\/2021\/08\/Pflanzenole-Ruth-von-Braunschweig-Ruckseite.jpg 1000w\" sizes=\"auto, (max-width: 235px) 100vw, 235px\" \/><\/a><a href=\"https:\/\/bien-etreiris.ch\/wp-content\/uploads\/2021\/08\/Ruth-Braunschweig-pflanzenoele-leseprobe.pdf\">Ruth Braunschweig pflanzenoele leseprobe<\/a><\/h4>\n<p>&nbsp;<\/p>\n<\/div>\n<\/div>\n<\/div>\n<\/div>\n<p>&nbsp;<\/p>\n<p>&nbsp;<\/p>\n<hr>\n<div class=\"span12\" data-motopress-wrapper-file=\"page-fullwidth.php\" data-motopress-wrapper-type=\"content\">\n<div id=\"content\" class=\"row\">\n<div class=\"span12\" data-motopress-type=\"loop\" data-motopress-loop-file=\"loop\/loop-page.php\">\n<div id=\"post-53887\" class=\"page post-53887 type-page status-publish has-post-thumbnail hentry\">\n<p><span class=\"autor\">&nbsp;<\/span><\/p>\n<p>&nbsp;<\/p>\n<p>&nbsp;<\/p>\n<p>&nbsp;<\/p>\n<p>&nbsp;<\/p>\n<div id=\"description_content\" class=\"product_description_content\">\n<p>&nbsp;<\/p>\n<\/div>\n<div class=\"clear\">&nbsp;<\/div>\n<\/div>\n<div class=\"row\">&nbsp;<\/div>\n<\/div>\n<\/div>\n<\/div>\n","protected":false},"excerpt":{"rendered":"<p>Pflanzen\u00f6le &nbsp; Omega-3 \u2013 \u00d6l des Lebens &nbsp; &nbsp; Omega-3 \u00d6l des Lebens Volker A. Dr. med. Schmiedel Kartonierter Einband 128 Seiten&nbsp; CHF 22.80 &nbsp; &nbsp; &nbsp; In seinem aktuellen Buch hat Dr. Schmiedel sein Wissen zu Omega-3-Fetts\u00e4uren zusammengefasst. Es geht um die Grundlagen des Fetts\u00e4urestoffwechsels, Indikationen f\u00fcr den Einsatz von Omega-3-Fetts\u00e4uren in Prophylaxe und Therapie sowie praktische Tipps zum&nbsp;<a href=\"https:\/\/bien-etreiris.ch\/de\/produktpraesentation\/lesen-und-entdecken\/aromatherapie\/pflanzenoele\/\" class=\"read-more\">Weiter lesen<\/a><\/p>\n","protected":false},"author":1,"featured_media":53913,"parent":39319,"menu_order":5012,"comment_status":"closed","ping_status":"closed","template":"page-with-child.php","meta":{"_acf_changed":false,"ngg_post_thumbnail":0,"footnotes":""},"class_list":["post-53915","page","type-page","status-publish","has-post-thumbnail","hentry"],"acf":[],"yoast_head":"<!-- This site is optimized with the Yoast SEO plugin v27.6 - https:\/\/yoast.com\/product\/yoast-seo-wordpress\/ -->\n<title>PFLANZEN\u00d6LE - WOHLBEFINDEN<\/title>\n<meta name=\"robots\" content=\"index, follow, max-snippet:-1, max-image-preview:large, max-video-preview:-1\" \/>\n<link rel=\"canonical\" href=\"https:\/\/bien-etreiris.ch\/de\/produktpraesentation\/lesen-und-entdecken\/aromatherapie\/pflanzenoele\/\" \/>\n<meta property=\"og:locale\" content=\"de_DE\" \/>\n<meta property=\"og:type\" content=\"article\" \/>\n<meta property=\"og:title\" content=\"PFLANZEN\u00d6LE - WOHLBEFINDEN\" \/>\n<meta property=\"og:description\" content=\"Pflanzen\u00f6le &nbsp; Omega-3 \u2013 \u00d6l des Lebens &nbsp; &nbsp; Omega-3 \u00d6l des Lebens Volker A. Dr. med. Schmiedel Kartonierter Einband 128 Seiten&nbsp; CHF 22.80 &nbsp; &nbsp; &nbsp; In seinem aktuellen Buch hat Dr. Schmiedel sein Wissen zu Omega-3-Fetts\u00e4uren zusammengefasst. Es geht um die Grundlagen des Fetts\u00e4urestoffwechsels, Indikationen f\u00fcr den Einsatz von Omega-3-Fetts\u00e4uren in Prophylaxe und Therapie sowie praktische Tipps zum&nbsp;Weiter lesen\" \/>\n<meta property=\"og:url\" content=\"https:\/\/bien-etreiris.ch\/de\/produktpraesentation\/lesen-und-entdecken\/aromatherapie\/pflanzenoele\/\" \/>\n<meta property=\"og:site_name\" content=\"WOHLBEFINDEN\" \/>\n<meta property=\"article:publisher\" content=\"https:\/\/www.facebook.com\/bienetreiris\/\" \/>\n<meta property=\"article:modified_time\" content=\"2021-08-27T01:30:16+00:00\" \/>\n<meta property=\"og:image\" content=\"https:\/\/bien-etreiris.ch\/wp-content\/uploads\/2021\/08\/acceuil-huiles-vegetales.jpg\" \/>\n\t<meta property=\"og:image:width\" content=\"500\" \/>\n\t<meta property=\"og:image:height\" content=\"333\" \/>\n\t<meta property=\"og:image:type\" content=\"image\/jpeg\" \/>\n<meta name=\"twitter:label1\" content=\"Gesch\u00e4tzte Lesezeit\" \/>\n\t<meta name=\"twitter:data1\" content=\"3\u00a0Minuten\" \/>\n<script type=\"application\/ld+json\" class=\"yoast-schema-graph\">{\"@context\":\"https:\\\/\\\/schema.org\",\"@graph\":[{\"@type\":\"WebPage\",\"@id\":\"https:\\\/\\\/bien-etreiris.ch\\\/de\\\/produktpraesentation\\\/lesen-und-entdecken\\\/aromatherapie\\\/pflanzenoele\\\/\",\"url\":\"https:\\\/\\\/bien-etreiris.ch\\\/de\\\/produktpraesentation\\\/lesen-und-entdecken\\\/aromatherapie\\\/pflanzenoele\\\/\",\"name\":\"PFLANZEN\u00d6LE - WOHLBEFINDEN\",\"isPartOf\":{\"@id\":\"https:\\\/\\\/bien-etreiris.ch\\\/de\\\/#website\"},\"primaryImageOfPage\":{\"@id\":\"https:\\\/\\\/bien-etreiris.ch\\\/de\\\/produktpraesentation\\\/lesen-und-entdecken\\\/aromatherapie\\\/pflanzenoele\\\/#primaryimage\"},\"image\":{\"@id\":\"https:\\\/\\\/bien-etreiris.ch\\\/de\\\/produktpraesentation\\\/lesen-und-entdecken\\\/aromatherapie\\\/pflanzenoele\\\/#primaryimage\"},\"thumbnailUrl\":\"https:\\\/\\\/bien-etreiris.ch\\\/wp-content\\\/uploads\\\/2021\\\/08\\\/acceuil-huiles-vegetales.jpg\",\"datePublished\":\"2021-08-27T00:40:00+00:00\",\"dateModified\":\"2021-08-27T01:30:16+00:00\",\"breadcrumb\":{\"@id\":\"https:\\\/\\\/bien-etreiris.ch\\\/de\\\/produktpraesentation\\\/lesen-und-entdecken\\\/aromatherapie\\\/pflanzenoele\\\/#breadcrumb\"},\"inLanguage\":\"de\",\"potentialAction\":[{\"@type\":\"ReadAction\",\"target\":[\"https:\\\/\\\/bien-etreiris.ch\\\/de\\\/produktpraesentation\\\/lesen-und-entdecken\\\/aromatherapie\\\/pflanzenoele\\\/\"]}]},{\"@type\":\"ImageObject\",\"inLanguage\":\"de\",\"@id\":\"https:\\\/\\\/bien-etreiris.ch\\\/de\\\/produktpraesentation\\\/lesen-und-entdecken\\\/aromatherapie\\\/pflanzenoele\\\/#primaryimage\",\"url\":\"https:\\\/\\\/bien-etreiris.ch\\\/wp-content\\\/uploads\\\/2021\\\/08\\\/acceuil-huiles-vegetales.jpg\",\"contentUrl\":\"https:\\\/\\\/bien-etreiris.ch\\\/wp-content\\\/uploads\\\/2021\\\/08\\\/acceuil-huiles-vegetales.jpg\",\"width\":500,\"height\":333},{\"@type\":\"BreadcrumbList\",\"@id\":\"https:\\\/\\\/bien-etreiris.ch\\\/de\\\/produktpraesentation\\\/lesen-und-entdecken\\\/aromatherapie\\\/pflanzenoele\\\/#breadcrumb\",\"itemListElement\":[{\"@type\":\"ListItem\",\"position\":1,\"name\":\"Home\",\"item\":\"https:\\\/\\\/bien-etreiris.ch\\\/de\\\/\"},{\"@type\":\"ListItem\",\"position\":2,\"name\":\"PRODUKTPR\u00c4SENTATION\",\"item\":\"https:\\\/\\\/bien-etreiris.ch\\\/de\\\/produktpraesentation\\\/\"},{\"@type\":\"ListItem\",\"position\":3,\"name\":\"LESEN UND ENTDECKEN\",\"item\":\"https:\\\/\\\/bien-etreiris.ch\\\/de\\\/produktpraesentation\\\/lesen-und-entdecken\\\/\"},{\"@type\":\"ListItem\",\"position\":4,\"name\":\"AROMATHERAPIE\",\"item\":\"https:\\\/\\\/bien-etreiris.ch\\\/de\\\/produktpraesentation\\\/lesen-und-entdecken\\\/aromatherapie\\\/\"},{\"@type\":\"ListItem\",\"position\":5,\"name\":\"PFLANZEN\u00d6LE\"}]},{\"@type\":\"WebSite\",\"@id\":\"https:\\\/\\\/bien-etreiris.ch\\\/de\\\/#website\",\"url\":\"https:\\\/\\\/bien-etreiris.ch\\\/de\\\/\",\"name\":\"Bien-\u00eatre Iris\",\"description\":\"IHRE Gesundheit ist uns wichtig\",\"potentialAction\":[{\"@type\":\"SearchAction\",\"target\":{\"@type\":\"EntryPoint\",\"urlTemplate\":\"https:\\\/\\\/bien-etreiris.ch\\\/de\\\/?s={search_term_string}\"},\"query-input\":{\"@type\":\"PropertyValueSpecification\",\"valueRequired\":true,\"valueName\":\"search_term_string\"}}],\"inLanguage\":\"de\"}]}<\/script>\n<!-- \/ Yoast SEO plugin. -->","yoast_head_json":{"title":"PFLANZEN\u00d6LE - WOHLBEFINDEN","robots":{"index":"index","follow":"follow","max-snippet":"max-snippet:-1","max-image-preview":"max-image-preview:large","max-video-preview":"max-video-preview:-1"},"canonical":"https:\/\/bien-etreiris.ch\/de\/produktpraesentation\/lesen-und-entdecken\/aromatherapie\/pflanzenoele\/","og_locale":"de_DE","og_type":"article","og_title":"PFLANZEN\u00d6LE - WOHLBEFINDEN","og_description":"Pflanzen\u00f6le &nbsp; Omega-3 \u2013 \u00d6l des Lebens &nbsp; &nbsp; Omega-3 \u00d6l des Lebens Volker A. Dr. med. Schmiedel Kartonierter Einband 128 Seiten&nbsp; CHF 22.80 &nbsp; &nbsp; &nbsp; In seinem aktuellen Buch hat Dr. Schmiedel sein Wissen zu Omega-3-Fetts\u00e4uren zusammengefasst. Es geht um die Grundlagen des Fetts\u00e4urestoffwechsels, Indikationen f\u00fcr den Einsatz von Omega-3-Fetts\u00e4uren in Prophylaxe und Therapie sowie praktische Tipps zum&nbsp;Weiter lesen","og_url":"https:\/\/bien-etreiris.ch\/de\/produktpraesentation\/lesen-und-entdecken\/aromatherapie\/pflanzenoele\/","og_site_name":"WOHLBEFINDEN","article_publisher":"https:\/\/www.facebook.com\/bienetreiris\/","article_modified_time":"2021-08-27T01:30:16+00:00","og_image":[{"width":500,"height":333,"url":"https:\/\/bien-etreiris.ch\/wp-content\/uploads\/2021\/08\/acceuil-huiles-vegetales.jpg","type":"image\/jpeg"}],"twitter_misc":{"Gesch\u00e4tzte Lesezeit":"3\u00a0Minuten"},"schema":{"@context":"https:\/\/schema.org","@graph":[{"@type":"WebPage","@id":"https:\/\/bien-etreiris.ch\/de\/produktpraesentation\/lesen-und-entdecken\/aromatherapie\/pflanzenoele\/","url":"https:\/\/bien-etreiris.ch\/de\/produktpraesentation\/lesen-und-entdecken\/aromatherapie\/pflanzenoele\/","name":"PFLANZEN\u00d6LE - WOHLBEFINDEN","isPartOf":{"@id":"https:\/\/bien-etreiris.ch\/de\/#website"},"primaryImageOfPage":{"@id":"https:\/\/bien-etreiris.ch\/de\/produktpraesentation\/lesen-und-entdecken\/aromatherapie\/pflanzenoele\/#primaryimage"},"image":{"@id":"https:\/\/bien-etreiris.ch\/de\/produktpraesentation\/lesen-und-entdecken\/aromatherapie\/pflanzenoele\/#primaryimage"},"thumbnailUrl":"https:\/\/bien-etreiris.ch\/wp-content\/uploads\/2021\/08\/acceuil-huiles-vegetales.jpg","datePublished":"2021-08-27T00:40:00+00:00","dateModified":"2021-08-27T01:30:16+00:00","breadcrumb":{"@id":"https:\/\/bien-etreiris.ch\/de\/produktpraesentation\/lesen-und-entdecken\/aromatherapie\/pflanzenoele\/#breadcrumb"},"inLanguage":"de","potentialAction":[{"@type":"ReadAction","target":["https:\/\/bien-etreiris.ch\/de\/produktpraesentation\/lesen-und-entdecken\/aromatherapie\/pflanzenoele\/"]}]},{"@type":"ImageObject","inLanguage":"de","@id":"https:\/\/bien-etreiris.ch\/de\/produktpraesentation\/lesen-und-entdecken\/aromatherapie\/pflanzenoele\/#primaryimage","url":"https:\/\/bien-etreiris.ch\/wp-content\/uploads\/2021\/08\/acceuil-huiles-vegetales.jpg","contentUrl":"https:\/\/bien-etreiris.ch\/wp-content\/uploads\/2021\/08\/acceuil-huiles-vegetales.jpg","width":500,"height":333},{"@type":"BreadcrumbList","@id":"https:\/\/bien-etreiris.ch\/de\/produktpraesentation\/lesen-und-entdecken\/aromatherapie\/pflanzenoele\/#breadcrumb","itemListElement":[{"@type":"ListItem","position":1,"name":"Home","item":"https:\/\/bien-etreiris.ch\/de\/"},{"@type":"ListItem","position":2,"name":"PRODUKTPR\u00c4SENTATION","item":"https:\/\/bien-etreiris.ch\/de\/produktpraesentation\/"},{"@type":"ListItem","position":3,"name":"LESEN UND ENTDECKEN","item":"https:\/\/bien-etreiris.ch\/de\/produktpraesentation\/lesen-und-entdecken\/"},{"@type":"ListItem","position":4,"name":"AROMATHERAPIE","item":"https:\/\/bien-etreiris.ch\/de\/produktpraesentation\/lesen-und-entdecken\/aromatherapie\/"},{"@type":"ListItem","position":5,"name":"PFLANZEN\u00d6LE"}]},{"@type":"WebSite","@id":"https:\/\/bien-etreiris.ch\/de\/#website","url":"https:\/\/bien-etreiris.ch\/de\/","name":"Bien-\u00eatre Iris","description":"IHRE Gesundheit ist uns wichtig","potentialAction":[{"@type":"SearchAction","target":{"@type":"EntryPoint","urlTemplate":"https:\/\/bien-etreiris.ch\/de\/?s={search_term_string}"},"query-input":{"@type":"PropertyValueSpecification","valueRequired":true,"valueName":"search_term_string"}}],"inLanguage":"de"}]}},"_links":{"self":[{"href":"https:\/\/bien-etreiris.ch\/de\/wp-json\/wp\/v2\/pages\/53915","targetHints":{"allow":["GET"]}}],"collection":[{"href":"https:\/\/bien-etreiris.ch\/de\/wp-json\/wp\/v2\/pages"}],"about":[{"href":"https:\/\/bien-etreiris.ch\/de\/wp-json\/wp\/v2\/types\/page"}],"author":[{"embeddable":true,"href":"https:\/\/bien-etreiris.ch\/de\/wp-json\/wp\/v2\/users\/1"}],"replies":[{"embeddable":true,"href":"https:\/\/bien-etreiris.ch\/de\/wp-json\/wp\/v2\/comments?post=53915"}],"version-history":[{"count":14,"href":"https:\/\/bien-etreiris.ch\/de\/wp-json\/wp\/v2\/pages\/53915\/revisions"}],"predecessor-version":[{"id":53946,"href":"https:\/\/bien-etreiris.ch\/de\/wp-json\/wp\/v2\/pages\/53915\/revisions\/53946"}],"up":[{"embeddable":true,"href":"https:\/\/bien-etreiris.ch\/de\/wp-json\/wp\/v2\/pages\/39319"}],"wp:featuredmedia":[{"embeddable":true,"href":"https:\/\/bien-etreiris.ch\/de\/wp-json\/wp\/v2\/media\/53913"}],"wp:attachment":[{"href":"https:\/\/bien-etreiris.ch\/de\/wp-json\/wp\/v2\/media?parent=53915"}],"curies":[{"name":"wp","href":"https:\/\/api.w.org\/{rel}","templated":true}]}}