{"id":53767,"date":"2021-08-23T14:16:10","date_gmt":"2021-08-23T12:16:10","guid":{"rendered":"https:\/\/bien-etreiris.ch\/?page_id=53767"},"modified":"2021-08-26T06:19:17","modified_gmt":"2021-08-26T04:19:17","slug":"compagnie-des-sens","status":"publish","type":"page","link":"https:\/\/bien-etreiris.ch\/de\/unsere-marken\/compagnie-des-sens\/","title":{"rendered":"COMPAGNIE DES SENS"},"content":{"rendered":"\n<h2>Gesellschaft der Sinne - Compagnie des sens<\/h2>\n<h4><br>Pflanzen sind sehr wirksam und bieten den Schl\u00fcssel zu vielen Problemen<\/h4>\n<p>La Compagnie des Sens begann ihre T\u00e4tigkeit vor 8 Jahren, nachdem ihr Gr\u00fcnder die Kraft der \u00e4therischen \u00d6le entdeckt hatte. Diese Entdeckung der Wirksamkeit nat\u00fcrlicher Produkte ist seither ein fester Bestandteil der DNA unseres Unternehmens geworden. Pflanzen sind vor allem deshalb gut f\u00fcr Sie, weil sie unglaublich effektiv sind!<\/p>\n<p>Diese Wahrheit stand f\u00fcr unsere Vorfahren au\u00dfer Zweifel, aber das Aufkommen synthetischer Molek\u00fcle und komplexer Produkte, die auf mehreren Inhaltsstoffen basieren, hat uns vielleicht vergessen lassen, dass die Pflanzenwelt voll von Pflanzen mit erstaunlichen Eigenschaften ist, sei es in therapeutischer, ern\u00e4hrungsbezogener oder kosmetischer Hinsicht.<\/p>\n<p>Die Person, die dies schreibt, war lange Zeit ein gro\u00dfer Skeptiker, bis sie eines Tages von der schnellen und eklatanten Wirkung eines \u00e4therischen \u00d6ls von Ravintsara auf eine Infektion schockiert war. Seitdem hat er eine \u00dcberraschung nach der anderen erlebt und festgestellt, dass seine Skepsis nichts anderes als Unwissenheit war.<\/p>\n<p>Ja, man muss es sagen: Pflanzen sind eine wunderbare Erg\u00e4nzung zur modernen Medizin und Kosmetik. Sie k\u00f6nnen nicht alles, aber sie k\u00f6nnen Dinge, die synthetische Produkte niemals k\u00f6nnen werden, weil die Komplexit\u00e4t eines Naturprodukts das \u00fcbersteigt, was der Mensch in einem Labor herstellen kann.<\/p>\n<p>Dies ist das erste \"Warum\" der Compagnie des Sens: viele Gesundheitsprobleme finden in Pflanzen hervorragende L\u00f6sungen, und diese L\u00f6sungen m\u00fcssen besser bekannt gemacht werden.<\/p>\n<p>Seit ihrer Gr\u00fcndung im Jahr 2013 hat sich die Compagnie des Sens zum Ziel gesetzt, die Verwendung von Naturprodukten zu therapeutischen und kosmetischen Zwecken zu demokratisieren (\u00e4therische \u00d6le, Pflanzen\u00f6le, Hydrolate, Phytotherapie,...). Um dieses Ziel zu erreichen, setzt sich das Team der Compagnie des Sens seit jeher aus einem Team von Experten zusammen. Pharmazeuten, Ingenieure, Biochemiker, Agronomen... die Vielzahl von Profilen, die aufeinander folgten, haben es uns erm\u00f6glicht, eine Wissensbasis zu schaffen, die st\u00e4ndig bereichert wird. Dies erfordert eine st\u00e4ndige \u00dcberwachung, die es uns erm\u00f6glicht, die Ausarbeitung spezialisierter Ratschl\u00e4ge zu gew\u00e4hrleisten, die regelm\u00e4\u00dfig an die wissenschaftlichen und rechtlichen Entwicklungen angepasst werden. Auch heute noch sind es unsere Experten, die sich um die tausenden von Seiten mit Ratschl\u00e4gen auf unserer Website k\u00fcmmern und Ihre Fragen im Forum beantworten.<\/p>\n<p>&nbsp;<\/p>\n<div class=\"blockandtext-cds__container\">\n<div>\n<p><a href=\"https:\/\/bien-etreiris.ch\/wp-content\/uploads\/2021\/08\/Compagnie-des-Sens-photo.jpg\"><img loading=\"lazy\" decoding=\"async\" class=\"alignnone wp-image-53763 size-full\" src=\"https:\/\/bien-etreiris.ch\/wp-content\/uploads\/2021\/08\/Compagnie-des-Sens-photo.jpg\" alt=\"\" width=\"930\" height=\"400\" srcset=\"https:\/\/bien-etreiris.ch\/wp-content\/uploads\/2021\/08\/Compagnie-des-Sens-photo.jpg 930w, https:\/\/bien-etreiris.ch\/wp-content\/uploads\/2021\/08\/Compagnie-des-Sens-photo-300x129.jpg 300w, https:\/\/bien-etreiris.ch\/wp-content\/uploads\/2021\/08\/Compagnie-des-Sens-photo-768x330.jpg 768w\" sizes=\"auto, (max-width: 930px) 100vw, 930px\" \/><\/a><\/p>\n<\/div>\n<\/div>\n<p>&nbsp;<\/p>\n<p>&nbsp;<\/p>\n<h2><a href=\"https:\/\/bien-etreiris.ch\/de\/produktpraesentation\/aromatherapie\/aetherische-oele\/\" target=\"_blank\" rel=\"noopener\">\u00c4THERISCHE \u00d6LE<\/a><\/h2>\n<h2>&nbsp;<\/h2>\n","protected":false},"excerpt":{"rendered":"<p>Gesellschaft der Sinne - Compagnie des sens Pflanzen sind sehr wirksam und bieten den Schl\u00fcssel zu vielen Problemen La Compagnie des Sens begann ihre T\u00e4tigkeit vor 8 Jahren, nachdem ihr Gr\u00fcnder die Kraft der \u00e4therischen \u00d6le entdeckt hatte. Diese Entdeckung der Wirksamkeit nat\u00fcrlicher Produkte ist seither ein fester Bestandteil der DNA unseres Unternehmens geworden. Pflanzen sind vor allem deshalb gut&nbsp;<a href=\"https:\/\/bien-etreiris.ch\/de\/unsere-marken\/compagnie-des-sens\/\" class=\"read-more\">Weiter lesen<\/a><\/p>\n","protected":false},"author":1,"featured_media":53762,"parent":44406,"menu_order":5017,"comment_status":"closed","ping_status":"closed","template":"page-with-child.php","meta":{"_acf_changed":false,"ngg_post_thumbnail":0,"footnotes":""},"class_list":["post-53767","page","type-page","status-publish","has-post-thumbnail","hentry"],"acf":[],"yoast_head":"<!-- This site is optimized with the Yoast SEO plugin v27.6 - https:\/\/yoast.com\/product\/yoast-seo-wordpress\/ -->\n<title>COMPAGNIE DES SENS - WOHLBEFINDEN<\/title>\n<meta name=\"robots\" content=\"index, follow, max-snippet:-1, max-image-preview:large, max-video-preview:-1\" \/>\n<link rel=\"canonical\" href=\"https:\/\/bien-etreiris.ch\/de\/unsere-marken\/compagnie-des-sens\/\" \/>\n<meta property=\"og:locale\" content=\"de_DE\" \/>\n<meta property=\"og:type\" content=\"article\" \/>\n<meta property=\"og:title\" content=\"COMPAGNIE DES SENS - WOHLBEFINDEN\" \/>\n<meta property=\"og:description\" content=\"Gesellschaft der Sinne - Compagnie des sens Pflanzen sind sehr wirksam und bieten den Schl\u00fcssel zu vielen Problemen La Compagnie des Sens begann ihre T\u00e4tigkeit vor 8 Jahren, nachdem ihr Gr\u00fcnder die Kraft der \u00e4therischen \u00d6le entdeckt hatte. Diese Entdeckung der Wirksamkeit nat\u00fcrlicher Produkte ist seither ein fester Bestandteil der DNA unseres Unternehmens geworden. Pflanzen sind vor allem deshalb gut&nbsp;Weiter lesen\" \/>\n<meta property=\"og:url\" content=\"https:\/\/bien-etreiris.ch\/de\/unsere-marken\/compagnie-des-sens\/\" \/>\n<meta property=\"og:site_name\" content=\"WOHLBEFINDEN\" \/>\n<meta property=\"article:publisher\" content=\"https:\/\/www.facebook.com\/bienetreiris\/\" \/>\n<meta property=\"article:modified_time\" content=\"2021-08-26T04:19:17+00:00\" \/>\n<meta property=\"og:image\" content=\"https:\/\/bien-etreiris.ch\/wp-content\/uploads\/2021\/08\/Compagnie-des-Sens.jpg\" \/>\n\t<meta property=\"og:image:width\" content=\"500\" \/>\n\t<meta property=\"og:image:height\" content=\"326\" \/>\n\t<meta property=\"og:image:type\" content=\"image\/jpeg\" \/>\n<meta name=\"twitter:label1\" content=\"Gesch\u00e4tzte Lesezeit\" \/>\n\t<meta name=\"twitter:data1\" content=\"2\u00a0Minuten\" \/>\n<script type=\"application\/ld+json\" class=\"yoast-schema-graph\">{\"@context\":\"https:\\\/\\\/schema.org\",\"@graph\":[{\"@type\":\"WebPage\",\"@id\":\"https:\\\/\\\/bien-etreiris.ch\\\/de\\\/unsere-marken\\\/compagnie-des-sens\\\/\",\"url\":\"https:\\\/\\\/bien-etreiris.ch\\\/de\\\/unsere-marken\\\/compagnie-des-sens\\\/\",\"name\":\"COMPAGNIE DES SENS - WOHLBEFINDEN\",\"isPartOf\":{\"@id\":\"https:\\\/\\\/bien-etreiris.ch\\\/de\\\/#website\"},\"primaryImageOfPage\":{\"@id\":\"https:\\\/\\\/bien-etreiris.ch\\\/de\\\/unsere-marken\\\/compagnie-des-sens\\\/#primaryimage\"},\"image\":{\"@id\":\"https:\\\/\\\/bien-etreiris.ch\\\/de\\\/unsere-marken\\\/compagnie-des-sens\\\/#primaryimage\"},\"thumbnailUrl\":\"https:\\\/\\\/bien-etreiris.ch\\\/wp-content\\\/uploads\\\/2021\\\/08\\\/Compagnie-des-Sens.jpg\",\"datePublished\":\"2021-08-23T12:16:10+00:00\",\"dateModified\":\"2021-08-26T04:19:17+00:00\",\"breadcrumb\":{\"@id\":\"https:\\\/\\\/bien-etreiris.ch\\\/de\\\/unsere-marken\\\/compagnie-des-sens\\\/#breadcrumb\"},\"inLanguage\":\"de\",\"potentialAction\":[{\"@type\":\"ReadAction\",\"target\":[\"https:\\\/\\\/bien-etreiris.ch\\\/de\\\/unsere-marken\\\/compagnie-des-sens\\\/\"]}]},{\"@type\":\"ImageObject\",\"inLanguage\":\"de\",\"@id\":\"https:\\\/\\\/bien-etreiris.ch\\\/de\\\/unsere-marken\\\/compagnie-des-sens\\\/#primaryimage\",\"url\":\"https:\\\/\\\/bien-etreiris.ch\\\/wp-content\\\/uploads\\\/2021\\\/08\\\/Compagnie-des-Sens.jpg\",\"contentUrl\":\"https:\\\/\\\/bien-etreiris.ch\\\/wp-content\\\/uploads\\\/2021\\\/08\\\/Compagnie-des-Sens.jpg\",\"width\":500,\"height\":326},{\"@type\":\"BreadcrumbList\",\"@id\":\"https:\\\/\\\/bien-etreiris.ch\\\/de\\\/unsere-marken\\\/compagnie-des-sens\\\/#breadcrumb\",\"itemListElement\":[{\"@type\":\"ListItem\",\"position\":1,\"name\":\"Home\",\"item\":\"https:\\\/\\\/bien-etreiris.ch\\\/de\\\/\"},{\"@type\":\"ListItem\",\"position\":2,\"name\":\"UNSERE MARKEN\",\"item\":\"https:\\\/\\\/bien-etreiris.ch\\\/de\\\/unsere-marken\\\/\"},{\"@type\":\"ListItem\",\"position\":3,\"name\":\"COMPAGNIE DES SENS\"}]},{\"@type\":\"WebSite\",\"@id\":\"https:\\\/\\\/bien-etreiris.ch\\\/de\\\/#website\",\"url\":\"https:\\\/\\\/bien-etreiris.ch\\\/de\\\/\",\"name\":\"Bien-\u00eatre Iris\",\"description\":\"IHRE Gesundheit ist uns wichtig\",\"potentialAction\":[{\"@type\":\"SearchAction\",\"target\":{\"@type\":\"EntryPoint\",\"urlTemplate\":\"https:\\\/\\\/bien-etreiris.ch\\\/de\\\/?s={search_term_string}\"},\"query-input\":{\"@type\":\"PropertyValueSpecification\",\"valueRequired\":true,\"valueName\":\"search_term_string\"}}],\"inLanguage\":\"de\"}]}<\/script>\n<!-- \/ Yoast SEO plugin. -->","yoast_head_json":{"title":"COMPAGNIE DES SENS - WOHLBEFINDEN","robots":{"index":"index","follow":"follow","max-snippet":"max-snippet:-1","max-image-preview":"max-image-preview:large","max-video-preview":"max-video-preview:-1"},"canonical":"https:\/\/bien-etreiris.ch\/de\/unsere-marken\/compagnie-des-sens\/","og_locale":"de_DE","og_type":"article","og_title":"COMPAGNIE DES SENS - WOHLBEFINDEN","og_description":"Gesellschaft der Sinne - Compagnie des sens Pflanzen sind sehr wirksam und bieten den Schl\u00fcssel zu vielen Problemen La Compagnie des Sens begann ihre T\u00e4tigkeit vor 8 Jahren, nachdem ihr Gr\u00fcnder die Kraft der \u00e4therischen \u00d6le entdeckt hatte. Diese Entdeckung der Wirksamkeit nat\u00fcrlicher Produkte ist seither ein fester Bestandteil der DNA unseres Unternehmens geworden. Pflanzen sind vor allem deshalb gut&nbsp;Weiter lesen","og_url":"https:\/\/bien-etreiris.ch\/de\/unsere-marken\/compagnie-des-sens\/","og_site_name":"WOHLBEFINDEN","article_publisher":"https:\/\/www.facebook.com\/bienetreiris\/","article_modified_time":"2021-08-26T04:19:17+00:00","og_image":[{"width":500,"height":326,"url":"https:\/\/bien-etreiris.ch\/wp-content\/uploads\/2021\/08\/Compagnie-des-Sens.jpg","type":"image\/jpeg"}],"twitter_misc":{"Gesch\u00e4tzte Lesezeit":"2\u00a0Minuten"},"schema":{"@context":"https:\/\/schema.org","@graph":[{"@type":"WebPage","@id":"https:\/\/bien-etreiris.ch\/de\/unsere-marken\/compagnie-des-sens\/","url":"https:\/\/bien-etreiris.ch\/de\/unsere-marken\/compagnie-des-sens\/","name":"COMPAGNIE DES SENS - WOHLBEFINDEN","isPartOf":{"@id":"https:\/\/bien-etreiris.ch\/de\/#website"},"primaryImageOfPage":{"@id":"https:\/\/bien-etreiris.ch\/de\/unsere-marken\/compagnie-des-sens\/#primaryimage"},"image":{"@id":"https:\/\/bien-etreiris.ch\/de\/unsere-marken\/compagnie-des-sens\/#primaryimage"},"thumbnailUrl":"https:\/\/bien-etreiris.ch\/wp-content\/uploads\/2021\/08\/Compagnie-des-Sens.jpg","datePublished":"2021-08-23T12:16:10+00:00","dateModified":"2021-08-26T04:19:17+00:00","breadcrumb":{"@id":"https:\/\/bien-etreiris.ch\/de\/unsere-marken\/compagnie-des-sens\/#breadcrumb"},"inLanguage":"de","potentialAction":[{"@type":"ReadAction","target":["https:\/\/bien-etreiris.ch\/de\/unsere-marken\/compagnie-des-sens\/"]}]},{"@type":"ImageObject","inLanguage":"de","@id":"https:\/\/bien-etreiris.ch\/de\/unsere-marken\/compagnie-des-sens\/#primaryimage","url":"https:\/\/bien-etreiris.ch\/wp-content\/uploads\/2021\/08\/Compagnie-des-Sens.jpg","contentUrl":"https:\/\/bien-etreiris.ch\/wp-content\/uploads\/2021\/08\/Compagnie-des-Sens.jpg","width":500,"height":326},{"@type":"BreadcrumbList","@id":"https:\/\/bien-etreiris.ch\/de\/unsere-marken\/compagnie-des-sens\/#breadcrumb","itemListElement":[{"@type":"ListItem","position":1,"name":"Home","item":"https:\/\/bien-etreiris.ch\/de\/"},{"@type":"ListItem","position":2,"name":"UNSERE MARKEN","item":"https:\/\/bien-etreiris.ch\/de\/unsere-marken\/"},{"@type":"ListItem","position":3,"name":"COMPAGNIE DES SENS"}]},{"@type":"WebSite","@id":"https:\/\/bien-etreiris.ch\/de\/#website","url":"https:\/\/bien-etreiris.ch\/de\/","name":"Bien-\u00eatre Iris","description":"IHRE Gesundheit ist uns wichtig","potentialAction":[{"@type":"SearchAction","target":{"@type":"EntryPoint","urlTemplate":"https:\/\/bien-etreiris.ch\/de\/?s={search_term_string}"},"query-input":{"@type":"PropertyValueSpecification","valueRequired":true,"valueName":"search_term_string"}}],"inLanguage":"de"}]}},"_links":{"self":[{"href":"https:\/\/bien-etreiris.ch\/de\/wp-json\/wp\/v2\/pages\/53767","targetHints":{"allow":["GET"]}}],"collection":[{"href":"https:\/\/bien-etreiris.ch\/de\/wp-json\/wp\/v2\/pages"}],"about":[{"href":"https:\/\/bien-etreiris.ch\/de\/wp-json\/wp\/v2\/types\/page"}],"author":[{"embeddable":true,"href":"https:\/\/bien-etreiris.ch\/de\/wp-json\/wp\/v2\/users\/1"}],"replies":[{"embeddable":true,"href":"https:\/\/bien-etreiris.ch\/de\/wp-json\/wp\/v2\/comments?post=53767"}],"version-history":[{"count":2,"href":"https:\/\/bien-etreiris.ch\/de\/wp-json\/wp\/v2\/pages\/53767\/revisions"}],"predecessor-version":[{"id":53854,"href":"https:\/\/bien-etreiris.ch\/de\/wp-json\/wp\/v2\/pages\/53767\/revisions\/53854"}],"up":[{"embeddable":true,"href":"https:\/\/bien-etreiris.ch\/de\/wp-json\/wp\/v2\/pages\/44406"}],"wp:featuredmedia":[{"embeddable":true,"href":"https:\/\/bien-etreiris.ch\/de\/wp-json\/wp\/v2\/media\/53762"}],"wp:attachment":[{"href":"https:\/\/bien-etreiris.ch\/de\/wp-json\/wp\/v2\/media?parent=53767"}],"curies":[{"name":"wp","href":"https:\/\/api.w.org\/{rel}","templated":true}]}}