{"id":53581,"date":"2021-08-20T11:25:33","date_gmt":"2021-08-20T09:25:33","guid":{"rendered":"https:\/\/bien-etreiris.ch\/?page_id=53581"},"modified":"2023-10-23T19:37:36","modified_gmt":"2023-10-23T17:37:36","slug":"herbathek","status":"publish","type":"page","link":"https:\/\/bien-etreiris.ch\/de\/unsere-marken\/herbathek\/","title":{"rendered":"HERBATHEK"},"content":{"rendered":"\n<h2>Herbathek<\/h2>\n<p><a href=\"https:\/\/bien-etreiris.ch\/wp-content\/uploads\/2021\/08\/Herbathek-photo.jpg\"><img loading=\"lazy\" decoding=\"async\" class=\"alignnone  wp-image-53574\" src=\"https:\/\/bien-etreiris.ch\/wp-content\/uploads\/2021\/08\/Herbathek-photo-300x162.jpg\" alt=\"\" width=\"624\" height=\"337\" srcset=\"https:\/\/bien-etreiris.ch\/wp-content\/uploads\/2021\/08\/Herbathek-photo-300x162.jpg 300w, https:\/\/bien-etreiris.ch\/wp-content\/uploads\/2021\/08\/Herbathek-photo-768x416.jpg 768w, https:\/\/bien-etreiris.ch\/wp-content\/uploads\/2021\/08\/Herbathek-photo.jpg 781w\" sizes=\"auto, (max-width: 624px) 100vw, 624px\" \/><\/a><\/p>\n\n\n\n<p>Les rem\u00e8des naturels, les plantes m\u00e9dicinales et les \u00e9pices pour pr\u00e9server la sant\u00e9 ont une longue tradition, \u00e0 laquelle mon personnel et moi-m\u00eame nous sentons li\u00e9s. On peut imaginer l'Herbathek comme une \"pharmacie\" m\u00e9di\u00e9vale d'herbes m\u00e9dicinales, o\u00f9 l'on se procurait des herbes m\u00e9dicinales et des produits et m\u00e9dicaments \u00e0 base d'herbes. Nous combinons cet assortiment traditionnel et les connaissances y aff\u00e9rentes avec un assortiment moderne de produits (finis) innovants et de cosm\u00e9tiques naturels. \u00c0 cet \u00e9gard, nous reprenons une tradition tr\u00e8s ancienne et la combinons avec des produits modernes.<\/p>\n<p>Nous avons eu l'id\u00e9e d'ouvrir un magasin sp\u00e9cialis\u00e9 dans la vente au d\u00e9tail et en ligne d'herbes m\u00e9dicinales, de rem\u00e8des naturels et de produits biologiques provenant de ce qu'on appelle les \"Erboristerias\" originaires d'Italie, une combinaison d'herboristerie traditionnelle, de pharmacie et d'assortiment biologique moderne.<\/p>\n","protected":false},"excerpt":{"rendered":"<p>Herbathek Les rem\u00e8des naturels, les plantes m\u00e9dicinales et les \u00e9pices pour pr\u00e9server la sant\u00e9 ont une longue tradition, \u00e0 laquelle mon personnel et moi-m\u00eame nous sentons li\u00e9s. On peut imaginer l'Herbathek comme une \"pharmacie\" m\u00e9di\u00e9vale d'herbes m\u00e9dicinales, o\u00f9 l'on se procurait des herbes m\u00e9dicinales et des produits et m\u00e9dicaments \u00e0 base d'herbes. Nous combinons cet assortiment traditionnel et les connaissances&nbsp;<a href=\"https:\/\/bien-etreiris.ch\/de\/unsere-marken\/herbathek\/\" class=\"read-more\">Weiter lesen<\/a><\/p>\n","protected":false},"author":1,"featured_media":78327,"parent":44406,"menu_order":5028,"comment_status":"closed","ping_status":"closed","template":"page-with-child.php","meta":{"_acf_changed":false,"ngg_post_thumbnail":0,"footnotes":""},"class_list":["post-53581","page","type-page","status-publish","has-post-thumbnail","hentry"],"acf":[],"yoast_head":"<!-- This site is optimized with the Yoast SEO plugin v27.5 - https:\/\/yoast.com\/product\/yoast-seo-wordpress\/ -->\n<title>HERBATHEK - WOHLBEFINDEN<\/title>\n<meta name=\"robots\" content=\"index, follow, max-snippet:-1, max-image-preview:large, max-video-preview:-1\" \/>\n<link rel=\"canonical\" href=\"https:\/\/bien-etreiris.ch\/de\/unsere-marken\/herbathek\/\" \/>\n<meta property=\"og:locale\" content=\"de_DE\" \/>\n<meta property=\"og:type\" content=\"article\" \/>\n<meta property=\"og:title\" content=\"HERBATHEK - WOHLBEFINDEN\" \/>\n<meta property=\"og:description\" content=\"Herbathek Les rem\u00e8des naturels, les plantes m\u00e9dicinales et les \u00e9pices pour pr\u00e9server la sant\u00e9 ont une longue tradition, \u00e0 laquelle mon personnel et moi-m\u00eame nous sentons li\u00e9s. On peut imaginer l&#039;Herbathek comme une &quot;pharmacie&quot; m\u00e9di\u00e9vale d&#039;herbes m\u00e9dicinales, o\u00f9 l&#039;on se procurait des herbes m\u00e9dicinales et des produits et m\u00e9dicaments \u00e0 base d&#039;herbes. Nous combinons cet assortiment traditionnel et les connaissances&nbsp;Weiter lesen\" \/>\n<meta property=\"og:url\" content=\"https:\/\/bien-etreiris.ch\/de\/unsere-marken\/herbathek\/\" \/>\n<meta property=\"og:site_name\" content=\"WOHLBEFINDEN\" \/>\n<meta property=\"article:publisher\" content=\"https:\/\/www.facebook.com\/bienetreiris\/\" \/>\n<meta property=\"article:modified_time\" content=\"2023-10-23T17:37:36+00:00\" \/>\n<meta property=\"og:image\" content=\"https:\/\/bien-etreiris.ch\/wp-content\/uploads\/2023\/10\/herbatek.jpg\" \/>\n\t<meta property=\"og:image:width\" content=\"500\" \/>\n\t<meta property=\"og:image:height\" content=\"305\" \/>\n\t<meta property=\"og:image:type\" content=\"image\/jpeg\" \/>\n<meta name=\"twitter:label1\" content=\"Gesch\u00e4tzte Lesezeit\" \/>\n\t<meta name=\"twitter:data1\" content=\"1\u00a0Minute\" \/>\n<script type=\"application\/ld+json\" class=\"yoast-schema-graph\">{\"@context\":\"https:\\\/\\\/schema.org\",\"@graph\":[{\"@type\":\"WebPage\",\"@id\":\"https:\\\/\\\/bien-etreiris.ch\\\/de\\\/unsere-marken\\\/herbathek\\\/\",\"url\":\"https:\\\/\\\/bien-etreiris.ch\\\/de\\\/unsere-marken\\\/herbathek\\\/\",\"name\":\"HERBATHEK - WOHLBEFINDEN\",\"isPartOf\":{\"@id\":\"https:\\\/\\\/bien-etreiris.ch\\\/de\\\/#website\"},\"primaryImageOfPage\":{\"@id\":\"https:\\\/\\\/bien-etreiris.ch\\\/de\\\/unsere-marken\\\/herbathek\\\/#primaryimage\"},\"image\":{\"@id\":\"https:\\\/\\\/bien-etreiris.ch\\\/de\\\/unsere-marken\\\/herbathek\\\/#primaryimage\"},\"thumbnailUrl\":\"https:\\\/\\\/bien-etreiris.ch\\\/wp-content\\\/uploads\\\/2023\\\/10\\\/herbatek.jpg\",\"datePublished\":\"2021-08-20T09:25:33+00:00\",\"dateModified\":\"2023-10-23T17:37:36+00:00\",\"breadcrumb\":{\"@id\":\"https:\\\/\\\/bien-etreiris.ch\\\/de\\\/unsere-marken\\\/herbathek\\\/#breadcrumb\"},\"inLanguage\":\"de\",\"potentialAction\":[{\"@type\":\"ReadAction\",\"target\":[\"https:\\\/\\\/bien-etreiris.ch\\\/de\\\/unsere-marken\\\/herbathek\\\/\"]}]},{\"@type\":\"ImageObject\",\"inLanguage\":\"de\",\"@id\":\"https:\\\/\\\/bien-etreiris.ch\\\/de\\\/unsere-marken\\\/herbathek\\\/#primaryimage\",\"url\":\"https:\\\/\\\/bien-etreiris.ch\\\/wp-content\\\/uploads\\\/2023\\\/10\\\/herbatek.jpg\",\"contentUrl\":\"https:\\\/\\\/bien-etreiris.ch\\\/wp-content\\\/uploads\\\/2023\\\/10\\\/herbatek.jpg\",\"width\":500,\"height\":305},{\"@type\":\"BreadcrumbList\",\"@id\":\"https:\\\/\\\/bien-etreiris.ch\\\/de\\\/unsere-marken\\\/herbathek\\\/#breadcrumb\",\"itemListElement\":[{\"@type\":\"ListItem\",\"position\":1,\"name\":\"Home\",\"item\":\"https:\\\/\\\/bien-etreiris.ch\\\/de\\\/\"},{\"@type\":\"ListItem\",\"position\":2,\"name\":\"UNSERE MARKEN\",\"item\":\"https:\\\/\\\/bien-etreiris.ch\\\/de\\\/unsere-marken\\\/\"},{\"@type\":\"ListItem\",\"position\":3,\"name\":\"HERBATHEK\"}]},{\"@type\":\"WebSite\",\"@id\":\"https:\\\/\\\/bien-etreiris.ch\\\/de\\\/#website\",\"url\":\"https:\\\/\\\/bien-etreiris.ch\\\/de\\\/\",\"name\":\"Bien-\u00eatre Iris\",\"description\":\"IHRE Gesundheit ist uns wichtig\",\"potentialAction\":[{\"@type\":\"SearchAction\",\"target\":{\"@type\":\"EntryPoint\",\"urlTemplate\":\"https:\\\/\\\/bien-etreiris.ch\\\/de\\\/?s={search_term_string}\"},\"query-input\":{\"@type\":\"PropertyValueSpecification\",\"valueRequired\":true,\"valueName\":\"search_term_string\"}}],\"inLanguage\":\"de\"}]}<\/script>\n<!-- \/ Yoast SEO plugin. -->","yoast_head_json":{"title":"HERBATHEK - WOHLBEFINDEN","robots":{"index":"index","follow":"follow","max-snippet":"max-snippet:-1","max-image-preview":"max-image-preview:large","max-video-preview":"max-video-preview:-1"},"canonical":"https:\/\/bien-etreiris.ch\/de\/unsere-marken\/herbathek\/","og_locale":"de_DE","og_type":"article","og_title":"HERBATHEK - WOHLBEFINDEN","og_description":"Herbathek Les rem\u00e8des naturels, les plantes m\u00e9dicinales et les \u00e9pices pour pr\u00e9server la sant\u00e9 ont une longue tradition, \u00e0 laquelle mon personnel et moi-m\u00eame nous sentons li\u00e9s. On peut imaginer l'Herbathek comme une \"pharmacie\" m\u00e9di\u00e9vale d'herbes m\u00e9dicinales, o\u00f9 l'on se procurait des herbes m\u00e9dicinales et des produits et m\u00e9dicaments \u00e0 base d'herbes. Nous combinons cet assortiment traditionnel et les connaissances&nbsp;Weiter lesen","og_url":"https:\/\/bien-etreiris.ch\/de\/unsere-marken\/herbathek\/","og_site_name":"WOHLBEFINDEN","article_publisher":"https:\/\/www.facebook.com\/bienetreiris\/","article_modified_time":"2023-10-23T17:37:36+00:00","og_image":[{"width":500,"height":305,"url":"https:\/\/bien-etreiris.ch\/wp-content\/uploads\/2023\/10\/herbatek.jpg","type":"image\/jpeg"}],"twitter_misc":{"Gesch\u00e4tzte Lesezeit":"1\u00a0Minute"},"schema":{"@context":"https:\/\/schema.org","@graph":[{"@type":"WebPage","@id":"https:\/\/bien-etreiris.ch\/de\/unsere-marken\/herbathek\/","url":"https:\/\/bien-etreiris.ch\/de\/unsere-marken\/herbathek\/","name":"HERBATHEK - WOHLBEFINDEN","isPartOf":{"@id":"https:\/\/bien-etreiris.ch\/de\/#website"},"primaryImageOfPage":{"@id":"https:\/\/bien-etreiris.ch\/de\/unsere-marken\/herbathek\/#primaryimage"},"image":{"@id":"https:\/\/bien-etreiris.ch\/de\/unsere-marken\/herbathek\/#primaryimage"},"thumbnailUrl":"https:\/\/bien-etreiris.ch\/wp-content\/uploads\/2023\/10\/herbatek.jpg","datePublished":"2021-08-20T09:25:33+00:00","dateModified":"2023-10-23T17:37:36+00:00","breadcrumb":{"@id":"https:\/\/bien-etreiris.ch\/de\/unsere-marken\/herbathek\/#breadcrumb"},"inLanguage":"de","potentialAction":[{"@type":"ReadAction","target":["https:\/\/bien-etreiris.ch\/de\/unsere-marken\/herbathek\/"]}]},{"@type":"ImageObject","inLanguage":"de","@id":"https:\/\/bien-etreiris.ch\/de\/unsere-marken\/herbathek\/#primaryimage","url":"https:\/\/bien-etreiris.ch\/wp-content\/uploads\/2023\/10\/herbatek.jpg","contentUrl":"https:\/\/bien-etreiris.ch\/wp-content\/uploads\/2023\/10\/herbatek.jpg","width":500,"height":305},{"@type":"BreadcrumbList","@id":"https:\/\/bien-etreiris.ch\/de\/unsere-marken\/herbathek\/#breadcrumb","itemListElement":[{"@type":"ListItem","position":1,"name":"Home","item":"https:\/\/bien-etreiris.ch\/de\/"},{"@type":"ListItem","position":2,"name":"UNSERE MARKEN","item":"https:\/\/bien-etreiris.ch\/de\/unsere-marken\/"},{"@type":"ListItem","position":3,"name":"HERBATHEK"}]},{"@type":"WebSite","@id":"https:\/\/bien-etreiris.ch\/de\/#website","url":"https:\/\/bien-etreiris.ch\/de\/","name":"Bien-\u00eatre Iris","description":"IHRE Gesundheit ist uns wichtig","potentialAction":[{"@type":"SearchAction","target":{"@type":"EntryPoint","urlTemplate":"https:\/\/bien-etreiris.ch\/de\/?s={search_term_string}"},"query-input":{"@type":"PropertyValueSpecification","valueRequired":true,"valueName":"search_term_string"}}],"inLanguage":"de"}]}},"_links":{"self":[{"href":"https:\/\/bien-etreiris.ch\/de\/wp-json\/wp\/v2\/pages\/53581","targetHints":{"allow":["GET"]}}],"collection":[{"href":"https:\/\/bien-etreiris.ch\/de\/wp-json\/wp\/v2\/pages"}],"about":[{"href":"https:\/\/bien-etreiris.ch\/de\/wp-json\/wp\/v2\/types\/page"}],"author":[{"embeddable":true,"href":"https:\/\/bien-etreiris.ch\/de\/wp-json\/wp\/v2\/users\/1"}],"replies":[{"embeddable":true,"href":"https:\/\/bien-etreiris.ch\/de\/wp-json\/wp\/v2\/comments?post=53581"}],"version-history":[{"count":1,"href":"https:\/\/bien-etreiris.ch\/de\/wp-json\/wp\/v2\/pages\/53581\/revisions"}],"predecessor-version":[{"id":53584,"href":"https:\/\/bien-etreiris.ch\/de\/wp-json\/wp\/v2\/pages\/53581\/revisions\/53584"}],"up":[{"embeddable":true,"href":"https:\/\/bien-etreiris.ch\/de\/wp-json\/wp\/v2\/pages\/44406"}],"wp:featuredmedia":[{"embeddable":true,"href":"https:\/\/bien-etreiris.ch\/de\/wp-json\/wp\/v2\/media\/78327"}],"wp:attachment":[{"href":"https:\/\/bien-etreiris.ch\/de\/wp-json\/wp\/v2\/media?parent=53581"}],"curies":[{"name":"wp","href":"https:\/\/api.w.org\/{rel}","templated":true}]}}