{"id":53503,"date":"2021-08-18T12:44:33","date_gmt":"2021-08-18T10:44:33","guid":{"rendered":"https:\/\/bien-etreiris.ch\/?page_id=53503"},"modified":"2021-08-18T13:09:34","modified_gmt":"2021-08-18T11:09:34","slug":"balsame-fuer-kinder-und-saeuglinge","status":"publish","type":"page","link":"https:\/\/bien-etreiris.ch\/de\/produktpraesentation\/hygiene\/koerperpflege\/babys-und-kinder\/balsame-fuer-kinder-und-saeuglinge\/","title":{"rendered":"BABY &#8211; KINDERBALSAME"},"content":{"rendered":"\n<h2>Baume bienfaisant<\/h2>\n<p><a href=\"https:\/\/decoiris.ch\/wp-content\/uploads\/2020\/12\/Baume-bienfaisant.png\"><img loading=\"lazy\" decoding=\"async\" class=\"size-medium wp-image-36364 alignleft\" src=\"https:\/\/decoiris.ch\/wp-content\/uploads\/2020\/12\/Baume-bienfaisant-200x300.png\" sizes=\"auto, (max-width: 200px) 100vw, 200px\" srcset=\"https:\/\/bien-etreiris.ch\/wp-content\/uploads\/2020\/12\/Baume-bienfaisant-200x300.png 200w, https:\/\/bien-etreiris.ch\/wp-content\/uploads\/2020\/12\/Baume-bienfaisant.png 347w\" alt=\"\" width=\"200\" height=\"300\"><\/a><\/p>\n<p>&nbsp;<\/p>\n<p>Oh l\u00e0 l\u00e0 \u2013 le petit nez est rouge et sensible ? Voil\u00e0 un ami bienfaisant pour la poitrine et le dos de b\u00e9b\u00e9 pendant les jours de froid. Le baume doux et herbac\u00e9 \u00e0 base d\u2019huile de noyau d\u2019abricot bio et d\u2019huile de tournesol bio soulage, quand cela pourrait aller mieux. \u00c0 partir de 3 mois.<\/p>\n<p>30ml <strong>CHF 17.00<\/strong><\/p>\n<p>&nbsp;<\/p>\n<p>&nbsp;<\/p>\n<p>&nbsp;<\/p>\n<p>&nbsp;<\/p>\n<p>&nbsp;<\/p>\n<hr class=\"wp-block-separator\">\n<h2>Baume pour le change apaisant<\/h2>\n<p><a href=\"https:\/\/decoiris.ch\/wp-content\/uploads\/2020\/12\/Baume-pour-le-change-apaisant.png\"><img loading=\"lazy\" decoding=\"async\" class=\"size-medium wp-image-36336 alignleft\" src=\"https:\/\/decoiris.ch\/wp-content\/uploads\/2020\/12\/Baume-pour-le-change-apaisant-200x300.png\" sizes=\"auto, (max-width: 200px) 100vw, 200px\" srcset=\"https:\/\/bien-etreiris.ch\/wp-content\/uploads\/2020\/12\/Baume-pour-le-change-apaisant-200x300.png 200w, https:\/\/bien-etreiris.ch\/wp-content\/uploads\/2020\/12\/Baume-pour-le-change-apaisant.png 347w\" alt=\"\" width=\"200\" height=\"300\"><\/a><\/p>\n<p>&nbsp;<\/p>\n<p>La peau d\u00e9licate de b\u00e9b\u00e9, chaude et humide sous les couches, a un grand besoin de protection et de soin. La camomille douce et l\u2019hydrolat de fleurs de tilleul apaisent la peau, l\u2019huile de noyau d'abricot bio soigne la peau avec un film protecteur. Emballage compos\u00e9 \u00e0 50 % de PE recycl\u00e9.<\/p>\n<p>50 ml <strong>CHF 11.50<\/strong><\/p>\n<p>&nbsp;<\/p>\n<p>&nbsp;<\/p>\n<p>&nbsp;<\/p>\n<p>&nbsp;<\/p>\n","protected":false},"excerpt":{"rendered":"<p>Baume bienfaisant &nbsp; Oh l\u00e0 l\u00e0 \u2013 le petit nez est rouge et sensible ? Voil\u00e0 un ami bienfaisant pour la poitrine et le dos de b\u00e9b\u00e9 pendant les jours de froid. Le baume doux et herbac\u00e9 \u00e0 base d\u2019huile de noyau d\u2019abricot bio et d\u2019huile de tournesol bio soulage, quand cela pourrait aller mieux. \u00c0 partir de 3 mois.&nbsp;<a href=\"https:\/\/bien-etreiris.ch\/de\/produktpraesentation\/hygiene\/koerperpflege\/babys-und-kinder\/balsame-fuer-kinder-und-saeuglinge\/\" class=\"read-more\">Weiter lesen<\/a><\/p>\n","protected":false},"author":1,"featured_media":53501,"parent":47833,"menu_order":5034,"comment_status":"closed","ping_status":"closed","template":"page-with-child.php","meta":{"_acf_changed":false,"ngg_post_thumbnail":0,"footnotes":""},"class_list":["post-53503","page","type-page","status-publish","has-post-thumbnail","hentry"],"acf":[],"yoast_head":"<!-- This site is optimized with the Yoast SEO plugin v27.5 - https:\/\/yoast.com\/product\/yoast-seo-wordpress\/ -->\n<title>BABY - KINDERBALSAME - WOHLBEFINDEN<\/title>\n<meta name=\"robots\" content=\"index, follow, max-snippet:-1, max-image-preview:large, max-video-preview:-1\" \/>\n<link rel=\"canonical\" href=\"https:\/\/bien-etreiris.ch\/de\/produktpraesentation\/hygiene\/koerperpflege\/babys-und-kinder\/balsame-fuer-kinder-und-saeuglinge\/\" \/>\n<meta property=\"og:locale\" content=\"de_DE\" \/>\n<meta property=\"og:type\" content=\"article\" \/>\n<meta property=\"og:title\" content=\"BABY - KINDERBALSAME - WOHLBEFINDEN\" \/>\n<meta property=\"og:description\" content=\"Baume bienfaisant &nbsp; Oh l\u00e0 l\u00e0 \u2013 le petit nez est rouge et sensible ? Voil\u00e0 un ami bienfaisant pour la poitrine et le dos de b\u00e9b\u00e9 pendant les jours de froid. Le baume doux et herbac\u00e9 \u00e0 base d\u2019huile de noyau d\u2019abricot bio et d\u2019huile de tournesol bio soulage, quand cela pourrait aller mieux. \u00c0 partir de 3 mois.&nbsp;Weiter lesen\" \/>\n<meta property=\"og:url\" content=\"https:\/\/bien-etreiris.ch\/de\/produktpraesentation\/hygiene\/koerperpflege\/babys-und-kinder\/balsame-fuer-kinder-und-saeuglinge\/\" \/>\n<meta property=\"og:site_name\" content=\"WOHLBEFINDEN\" \/>\n<meta property=\"article:publisher\" content=\"https:\/\/www.facebook.com\/bienetreiris\/\" \/>\n<meta property=\"article:modified_time\" content=\"2021-08-18T11:09:34+00:00\" \/>\n<meta property=\"og:image\" content=\"https:\/\/bien-etreiris.ch\/wp-content\/uploads\/2021\/08\/Acceuil-baumes.png\" \/>\n\t<meta property=\"og:image:width\" content=\"500\" \/>\n\t<meta property=\"og:image:height\" content=\"333\" \/>\n\t<meta property=\"og:image:type\" content=\"image\/png\" \/>\n<meta name=\"twitter:label1\" content=\"Gesch\u00e4tzte Lesezeit\" \/>\n\t<meta name=\"twitter:data1\" content=\"1\u00a0Minute\" \/>\n<script type=\"application\/ld+json\" class=\"yoast-schema-graph\">{\"@context\":\"https:\\\/\\\/schema.org\",\"@graph\":[{\"@type\":\"WebPage\",\"@id\":\"https:\\\/\\\/bien-etreiris.ch\\\/de\\\/produktpraesentation\\\/hygiene\\\/koerperpflege\\\/babys-und-kinder\\\/balsame-fuer-kinder-und-saeuglinge\\\/\",\"url\":\"https:\\\/\\\/bien-etreiris.ch\\\/de\\\/produktpraesentation\\\/hygiene\\\/koerperpflege\\\/babys-und-kinder\\\/balsame-fuer-kinder-und-saeuglinge\\\/\",\"name\":\"BABY - KINDERBALSAME - WOHLBEFINDEN\",\"isPartOf\":{\"@id\":\"https:\\\/\\\/bien-etreiris.ch\\\/de\\\/#website\"},\"primaryImageOfPage\":{\"@id\":\"https:\\\/\\\/bien-etreiris.ch\\\/de\\\/produktpraesentation\\\/hygiene\\\/koerperpflege\\\/babys-und-kinder\\\/balsame-fuer-kinder-und-saeuglinge\\\/#primaryimage\"},\"image\":{\"@id\":\"https:\\\/\\\/bien-etreiris.ch\\\/de\\\/produktpraesentation\\\/hygiene\\\/koerperpflege\\\/babys-und-kinder\\\/balsame-fuer-kinder-und-saeuglinge\\\/#primaryimage\"},\"thumbnailUrl\":\"https:\\\/\\\/bien-etreiris.ch\\\/wp-content\\\/uploads\\\/2021\\\/08\\\/Acceuil-baumes.png\",\"datePublished\":\"2021-08-18T10:44:33+00:00\",\"dateModified\":\"2021-08-18T11:09:34+00:00\",\"breadcrumb\":{\"@id\":\"https:\\\/\\\/bien-etreiris.ch\\\/de\\\/produktpraesentation\\\/hygiene\\\/koerperpflege\\\/babys-und-kinder\\\/balsame-fuer-kinder-und-saeuglinge\\\/#breadcrumb\"},\"inLanguage\":\"de\",\"potentialAction\":[{\"@type\":\"ReadAction\",\"target\":[\"https:\\\/\\\/bien-etreiris.ch\\\/de\\\/produktpraesentation\\\/hygiene\\\/koerperpflege\\\/babys-und-kinder\\\/balsame-fuer-kinder-und-saeuglinge\\\/\"]}]},{\"@type\":\"ImageObject\",\"inLanguage\":\"de\",\"@id\":\"https:\\\/\\\/bien-etreiris.ch\\\/de\\\/produktpraesentation\\\/hygiene\\\/koerperpflege\\\/babys-und-kinder\\\/balsame-fuer-kinder-und-saeuglinge\\\/#primaryimage\",\"url\":\"https:\\\/\\\/bien-etreiris.ch\\\/wp-content\\\/uploads\\\/2021\\\/08\\\/Acceuil-baumes.png\",\"contentUrl\":\"https:\\\/\\\/bien-etreiris.ch\\\/wp-content\\\/uploads\\\/2021\\\/08\\\/Acceuil-baumes.png\",\"width\":500,\"height\":333},{\"@type\":\"BreadcrumbList\",\"@id\":\"https:\\\/\\\/bien-etreiris.ch\\\/de\\\/produktpraesentation\\\/hygiene\\\/koerperpflege\\\/babys-und-kinder\\\/balsame-fuer-kinder-und-saeuglinge\\\/#breadcrumb\",\"itemListElement\":[{\"@type\":\"ListItem\",\"position\":1,\"name\":\"Home\",\"item\":\"https:\\\/\\\/bien-etreiris.ch\\\/de\\\/\"},{\"@type\":\"ListItem\",\"position\":2,\"name\":\"PRODUKTPR\u00c4SENTATION\",\"item\":\"https:\\\/\\\/bien-etreiris.ch\\\/de\\\/produktpraesentation\\\/\"},{\"@type\":\"ListItem\",\"position\":3,\"name\":\"HYGIENE\",\"item\":\"https:\\\/\\\/bien-etreiris.ch\\\/de\\\/produktpraesentation\\\/hygiene\\\/\"},{\"@type\":\"ListItem\",\"position\":4,\"name\":\"K\u00d6RPERPFLEGE\",\"item\":\"https:\\\/\\\/bien-etreiris.ch\\\/de\\\/produktpraesentation\\\/hygiene\\\/koerperpflege\\\/\"},{\"@type\":\"ListItem\",\"position\":5,\"name\":\"BABYS &#038; KINDER\",\"item\":\"https:\\\/\\\/bien-etreiris.ch\\\/de\\\/produktpraesentation\\\/hygiene\\\/koerperpflege\\\/babys-und-kinder\\\/\"},{\"@type\":\"ListItem\",\"position\":6,\"name\":\"BABY &#8211; KINDERBALSAME\"}]},{\"@type\":\"WebSite\",\"@id\":\"https:\\\/\\\/bien-etreiris.ch\\\/de\\\/#website\",\"url\":\"https:\\\/\\\/bien-etreiris.ch\\\/de\\\/\",\"name\":\"Bien-\u00eatre Iris\",\"description\":\"IHRE Gesundheit ist uns wichtig\",\"potentialAction\":[{\"@type\":\"SearchAction\",\"target\":{\"@type\":\"EntryPoint\",\"urlTemplate\":\"https:\\\/\\\/bien-etreiris.ch\\\/de\\\/?s={search_term_string}\"},\"query-input\":{\"@type\":\"PropertyValueSpecification\",\"valueRequired\":true,\"valueName\":\"search_term_string\"}}],\"inLanguage\":\"de\"}]}<\/script>\n<!-- \/ Yoast SEO plugin. -->","yoast_head_json":{"title":"BABY - KINDERBALSAME - WOHLBEFINDEN","robots":{"index":"index","follow":"follow","max-snippet":"max-snippet:-1","max-image-preview":"max-image-preview:large","max-video-preview":"max-video-preview:-1"},"canonical":"https:\/\/bien-etreiris.ch\/de\/produktpraesentation\/hygiene\/koerperpflege\/babys-und-kinder\/balsame-fuer-kinder-und-saeuglinge\/","og_locale":"de_DE","og_type":"article","og_title":"BABY - KINDERBALSAME - WOHLBEFINDEN","og_description":"Baume bienfaisant &nbsp; Oh l\u00e0 l\u00e0 \u2013 le petit nez est rouge et sensible ? Voil\u00e0 un ami bienfaisant pour la poitrine et le dos de b\u00e9b\u00e9 pendant les jours de froid. Le baume doux et herbac\u00e9 \u00e0 base d\u2019huile de noyau d\u2019abricot bio et d\u2019huile de tournesol bio soulage, quand cela pourrait aller mieux. \u00c0 partir de 3 mois.&nbsp;Weiter lesen","og_url":"https:\/\/bien-etreiris.ch\/de\/produktpraesentation\/hygiene\/koerperpflege\/babys-und-kinder\/balsame-fuer-kinder-und-saeuglinge\/","og_site_name":"WOHLBEFINDEN","article_publisher":"https:\/\/www.facebook.com\/bienetreiris\/","article_modified_time":"2021-08-18T11:09:34+00:00","og_image":[{"width":500,"height":333,"url":"https:\/\/bien-etreiris.ch\/wp-content\/uploads\/2021\/08\/Acceuil-baumes.png","type":"image\/png"}],"twitter_misc":{"Gesch\u00e4tzte Lesezeit":"1\u00a0Minute"},"schema":{"@context":"https:\/\/schema.org","@graph":[{"@type":"WebPage","@id":"https:\/\/bien-etreiris.ch\/de\/produktpraesentation\/hygiene\/koerperpflege\/babys-und-kinder\/balsame-fuer-kinder-und-saeuglinge\/","url":"https:\/\/bien-etreiris.ch\/de\/produktpraesentation\/hygiene\/koerperpflege\/babys-und-kinder\/balsame-fuer-kinder-und-saeuglinge\/","name":"BABY - KINDERBALSAME - WOHLBEFINDEN","isPartOf":{"@id":"https:\/\/bien-etreiris.ch\/de\/#website"},"primaryImageOfPage":{"@id":"https:\/\/bien-etreiris.ch\/de\/produktpraesentation\/hygiene\/koerperpflege\/babys-und-kinder\/balsame-fuer-kinder-und-saeuglinge\/#primaryimage"},"image":{"@id":"https:\/\/bien-etreiris.ch\/de\/produktpraesentation\/hygiene\/koerperpflege\/babys-und-kinder\/balsame-fuer-kinder-und-saeuglinge\/#primaryimage"},"thumbnailUrl":"https:\/\/bien-etreiris.ch\/wp-content\/uploads\/2021\/08\/Acceuil-baumes.png","datePublished":"2021-08-18T10:44:33+00:00","dateModified":"2021-08-18T11:09:34+00:00","breadcrumb":{"@id":"https:\/\/bien-etreiris.ch\/de\/produktpraesentation\/hygiene\/koerperpflege\/babys-und-kinder\/balsame-fuer-kinder-und-saeuglinge\/#breadcrumb"},"inLanguage":"de","potentialAction":[{"@type":"ReadAction","target":["https:\/\/bien-etreiris.ch\/de\/produktpraesentation\/hygiene\/koerperpflege\/babys-und-kinder\/balsame-fuer-kinder-und-saeuglinge\/"]}]},{"@type":"ImageObject","inLanguage":"de","@id":"https:\/\/bien-etreiris.ch\/de\/produktpraesentation\/hygiene\/koerperpflege\/babys-und-kinder\/balsame-fuer-kinder-und-saeuglinge\/#primaryimage","url":"https:\/\/bien-etreiris.ch\/wp-content\/uploads\/2021\/08\/Acceuil-baumes.png","contentUrl":"https:\/\/bien-etreiris.ch\/wp-content\/uploads\/2021\/08\/Acceuil-baumes.png","width":500,"height":333},{"@type":"BreadcrumbList","@id":"https:\/\/bien-etreiris.ch\/de\/produktpraesentation\/hygiene\/koerperpflege\/babys-und-kinder\/balsame-fuer-kinder-und-saeuglinge\/#breadcrumb","itemListElement":[{"@type":"ListItem","position":1,"name":"Home","item":"https:\/\/bien-etreiris.ch\/de\/"},{"@type":"ListItem","position":2,"name":"PRODUKTPR\u00c4SENTATION","item":"https:\/\/bien-etreiris.ch\/de\/produktpraesentation\/"},{"@type":"ListItem","position":3,"name":"HYGIENE","item":"https:\/\/bien-etreiris.ch\/de\/produktpraesentation\/hygiene\/"},{"@type":"ListItem","position":4,"name":"K\u00d6RPERPFLEGE","item":"https:\/\/bien-etreiris.ch\/de\/produktpraesentation\/hygiene\/koerperpflege\/"},{"@type":"ListItem","position":5,"name":"BABYS &#038; KINDER","item":"https:\/\/bien-etreiris.ch\/de\/produktpraesentation\/hygiene\/koerperpflege\/babys-und-kinder\/"},{"@type":"ListItem","position":6,"name":"BABY &#8211; KINDERBALSAME"}]},{"@type":"WebSite","@id":"https:\/\/bien-etreiris.ch\/de\/#website","url":"https:\/\/bien-etreiris.ch\/de\/","name":"Bien-\u00eatre Iris","description":"IHRE Gesundheit ist uns wichtig","potentialAction":[{"@type":"SearchAction","target":{"@type":"EntryPoint","urlTemplate":"https:\/\/bien-etreiris.ch\/de\/?s={search_term_string}"},"query-input":{"@type":"PropertyValueSpecification","valueRequired":true,"valueName":"search_term_string"}}],"inLanguage":"de"}]}},"_links":{"self":[{"href":"https:\/\/bien-etreiris.ch\/de\/wp-json\/wp\/v2\/pages\/53503","targetHints":{"allow":["GET"]}}],"collection":[{"href":"https:\/\/bien-etreiris.ch\/de\/wp-json\/wp\/v2\/pages"}],"about":[{"href":"https:\/\/bien-etreiris.ch\/de\/wp-json\/wp\/v2\/types\/page"}],"author":[{"embeddable":true,"href":"https:\/\/bien-etreiris.ch\/de\/wp-json\/wp\/v2\/users\/1"}],"replies":[{"embeddable":true,"href":"https:\/\/bien-etreiris.ch\/de\/wp-json\/wp\/v2\/comments?post=53503"}],"version-history":[{"count":2,"href":"https:\/\/bien-etreiris.ch\/de\/wp-json\/wp\/v2\/pages\/53503\/revisions"}],"predecessor-version":[{"id":53529,"href":"https:\/\/bien-etreiris.ch\/de\/wp-json\/wp\/v2\/pages\/53503\/revisions\/53529"}],"up":[{"embeddable":true,"href":"https:\/\/bien-etreiris.ch\/de\/wp-json\/wp\/v2\/pages\/47833"}],"wp:featuredmedia":[{"embeddable":true,"href":"https:\/\/bien-etreiris.ch\/de\/wp-json\/wp\/v2\/media\/53501"}],"wp:attachment":[{"href":"https:\/\/bien-etreiris.ch\/de\/wp-json\/wp\/v2\/media?parent=53503"}],"curies":[{"name":"wp","href":"https:\/\/api.w.org\/{rel}","templated":true}]}}