{"id":53160,"date":"2021-08-05T00:12:25","date_gmt":"2021-08-04T22:12:25","guid":{"rendered":"https:\/\/bien-etreiris.ch\/?page_id=53160"},"modified":"2021-08-05T00:13:03","modified_gmt":"2021-08-04T22:13:03","slug":"chewing-gum","status":"publish","type":"page","link":"https:\/\/bien-etreiris.ch\/de\/fundgrube-deals\/gourmandises\/chewing-gum\/","title":{"rendered":"CHEWING-GUM"},"content":{"rendered":"\n<h2>Chewing-gum<\/h2>\n\n\n\n<h2><a href=\"https:\/\/bien-etreiris.ch\/wp-content\/uploads\/2021\/08\/Swiss-cannabis-gum.png\"><img loading=\"lazy\" decoding=\"async\" class=\" wp-image-53153 alignleft\" src=\"https:\/\/bien-etreiris.ch\/wp-content\/uploads\/2021\/08\/Swiss-cannabis-gum-300x281.png\" alt=\"\" width=\"369\" height=\"346\" srcset=\"https:\/\/bien-etreiris.ch\/wp-content\/uploads\/2021\/08\/Swiss-cannabis-gum-300x281.png 300w, https:\/\/bien-etreiris.ch\/wp-content\/uploads\/2021\/08\/Swiss-cannabis-gum.png 436w\" sizes=\"auto, (max-width: 369px) 100vw, 369px\" \/><\/a><\/h2>\n<h2>&nbsp;<\/h2>\n<h2>&nbsp;<\/h2>\n<h2>Description<\/h2>\n<h4>Swiss Cannabis Gum<\/h4>\n<p>Le plaisir d\u2019un chewing-gum&nbsp; sans sucre, efficace et malin. \u00c9nergie naturelle de la plante de cannabis. Chewing-gum ou bonbons avec 120mg de cannabidiol (CBD) :<\/p>\n<ul>\n<li>R\u00e9duit le stress<\/li>\n<li>Cr\u00e9e le bien-\u00eatre<\/li>\n<li>Rafra\u00eechit l\u2019haleine Hautement concentr\u00e9 en cannabidiol (CBD) de qualit\u00e9, une substance extraite du chanvre<\/li>\n<li>24 pi\u00e8ces par paquets&nbsp;<strong> CHF 7.80<\/strong><\/li>\n<\/ul>\n<p>Utilisez la puissance de la nature! Le cannabidiol (CBD) est un cannabino\u00efde obtenu \u00e0 partir des fleurs et des feuilles de chanvre.<\/p>\n<p>&nbsp;<\/p>\n<p>&nbsp;<\/p>\n<p>&nbsp;<\/p>\n<h4><strong>Ingredients<\/strong><\/h4>\n<p>L'extrait de cannabis sativa de haute qualit\u00e9 (cannabidiol, CBD), extrait de la plante de chanvre. Avec Xylit enrichi en antioxydants et en huiles essentielles s\u00e9lectionn\u00e9es (huile d'arbre \u00e0 th\u00e9, huile de menthe poivr\u00e9e, huile de cannabis) pour le soin quotidien et le maintien de la flore buccale naturelle.<\/p>\n<p>Utilisez le pouvoir de la nature.<\/p>\n","protected":false},"excerpt":{"rendered":"<p>Chewing-gum &nbsp; &nbsp; Description Swiss Cannabis Gum Le plaisir d\u2019un chewing-gum&nbsp; sans sucre, efficace et malin. \u00c9nergie naturelle de la plante de cannabis. Chewing-gum ou bonbons avec 120mg de cannabidiol (CBD) : R\u00e9duit le stress Cr\u00e9e le bien-\u00eatre Rafra\u00eechit l\u2019haleine Hautement concentr\u00e9 en cannabidiol (CBD) de qualit\u00e9, une substance extraite du chanvre 24 pi\u00e8ces par paquets&nbsp; CHF 7.80 Utilisez la&nbsp;<a href=\"https:\/\/bien-etreiris.ch\/de\/fundgrube-deals\/gourmandises\/chewing-gum\/\" class=\"read-more\">Weiter lesen<\/a><\/p>\n","protected":false},"author":1,"featured_media":53158,"parent":52924,"menu_order":5043,"comment_status":"closed","ping_status":"closed","template":"page-with-child.php","meta":{"_acf_changed":false,"ngg_post_thumbnail":0,"footnotes":""},"class_list":["post-53160","page","type-page","status-publish","has-post-thumbnail","hentry"],"acf":[],"yoast_head":"<!-- This site is optimized with the Yoast SEO plugin v27.5 - https:\/\/yoast.com\/product\/yoast-seo-wordpress\/ -->\n<title>CHEWING-GUM - WOHLBEFINDEN<\/title>\n<meta name=\"robots\" content=\"index, follow, max-snippet:-1, max-image-preview:large, max-video-preview:-1\" \/>\n<link rel=\"canonical\" href=\"https:\/\/bien-etreiris.ch\/de\/fundgrube-deals\/gourmandises\/chewing-gum\/\" \/>\n<meta property=\"og:locale\" content=\"de_DE\" \/>\n<meta property=\"og:type\" content=\"article\" \/>\n<meta property=\"og:title\" content=\"CHEWING-GUM - WOHLBEFINDEN\" \/>\n<meta property=\"og:description\" content=\"Chewing-gum &nbsp; &nbsp; Description Swiss Cannabis Gum Le plaisir d\u2019un chewing-gum&nbsp; sans sucre, efficace et malin. \u00c9nergie naturelle de la plante de cannabis. Chewing-gum ou bonbons avec 120mg de cannabidiol (CBD) : R\u00e9duit le stress Cr\u00e9e le bien-\u00eatre Rafra\u00eechit l\u2019haleine Hautement concentr\u00e9 en cannabidiol (CBD) de qualit\u00e9, une substance extraite du chanvre 24 pi\u00e8ces par paquets&nbsp; CHF 7.80 Utilisez la&nbsp;Weiter lesen\" \/>\n<meta property=\"og:url\" content=\"https:\/\/bien-etreiris.ch\/de\/fundgrube-deals\/gourmandises\/chewing-gum\/\" \/>\n<meta property=\"og:site_name\" content=\"WOHLBEFINDEN\" \/>\n<meta property=\"article:publisher\" content=\"https:\/\/www.facebook.com\/bienetreiris\/\" \/>\n<meta property=\"article:modified_time\" content=\"2021-08-04T22:13:03+00:00\" \/>\n<meta property=\"og:image\" content=\"https:\/\/bien-etreiris.ch\/wp-content\/uploads\/2021\/08\/acceuil-Swiss-cannabis-gum.png\" \/>\n\t<meta property=\"og:image:width\" content=\"500\" \/>\n\t<meta property=\"og:image:height\" content=\"326\" \/>\n\t<meta property=\"og:image:type\" content=\"image\/png\" \/>\n<meta name=\"twitter:label1\" content=\"Gesch\u00e4tzte Lesezeit\" \/>\n\t<meta name=\"twitter:data1\" content=\"1\u00a0Minute\" \/>\n<script type=\"application\/ld+json\" class=\"yoast-schema-graph\">{\"@context\":\"https:\\\/\\\/schema.org\",\"@graph\":[{\"@type\":\"WebPage\",\"@id\":\"https:\\\/\\\/bien-etreiris.ch\\\/de\\\/fundgrube-deals\\\/gourmandises\\\/chewing-gum\\\/\",\"url\":\"https:\\\/\\\/bien-etreiris.ch\\\/de\\\/fundgrube-deals\\\/gourmandises\\\/chewing-gum\\\/\",\"name\":\"CHEWING-GUM - WOHLBEFINDEN\",\"isPartOf\":{\"@id\":\"https:\\\/\\\/bien-etreiris.ch\\\/de\\\/#website\"},\"primaryImageOfPage\":{\"@id\":\"https:\\\/\\\/bien-etreiris.ch\\\/de\\\/fundgrube-deals\\\/gourmandises\\\/chewing-gum\\\/#primaryimage\"},\"image\":{\"@id\":\"https:\\\/\\\/bien-etreiris.ch\\\/de\\\/fundgrube-deals\\\/gourmandises\\\/chewing-gum\\\/#primaryimage\"},\"thumbnailUrl\":\"https:\\\/\\\/bien-etreiris.ch\\\/wp-content\\\/uploads\\\/2021\\\/08\\\/acceuil-Swiss-cannabis-gum.png\",\"datePublished\":\"2021-08-04T22:12:25+00:00\",\"dateModified\":\"2021-08-04T22:13:03+00:00\",\"breadcrumb\":{\"@id\":\"https:\\\/\\\/bien-etreiris.ch\\\/de\\\/fundgrube-deals\\\/gourmandises\\\/chewing-gum\\\/#breadcrumb\"},\"inLanguage\":\"de\",\"potentialAction\":[{\"@type\":\"ReadAction\",\"target\":[\"https:\\\/\\\/bien-etreiris.ch\\\/de\\\/fundgrube-deals\\\/gourmandises\\\/chewing-gum\\\/\"]}]},{\"@type\":\"ImageObject\",\"inLanguage\":\"de\",\"@id\":\"https:\\\/\\\/bien-etreiris.ch\\\/de\\\/fundgrube-deals\\\/gourmandises\\\/chewing-gum\\\/#primaryimage\",\"url\":\"https:\\\/\\\/bien-etreiris.ch\\\/wp-content\\\/uploads\\\/2021\\\/08\\\/acceuil-Swiss-cannabis-gum.png\",\"contentUrl\":\"https:\\\/\\\/bien-etreiris.ch\\\/wp-content\\\/uploads\\\/2021\\\/08\\\/acceuil-Swiss-cannabis-gum.png\",\"width\":500,\"height\":326},{\"@type\":\"BreadcrumbList\",\"@id\":\"https:\\\/\\\/bien-etreiris.ch\\\/de\\\/fundgrube-deals\\\/gourmandises\\\/chewing-gum\\\/#breadcrumb\",\"itemListElement\":[{\"@type\":\"ListItem\",\"position\":1,\"name\":\"Home\",\"item\":\"https:\\\/\\\/bien-etreiris.ch\\\/de\\\/\"},{\"@type\":\"ListItem\",\"position\":2,\"name\":\"FUNDGRUBE &#038; DEALS\",\"item\":\"https:\\\/\\\/bien-etreiris.ch\\\/de\\\/fundgrube-deals\\\/\"},{\"@type\":\"ListItem\",\"position\":3,\"name\":\"GOURMANDISES\",\"item\":\"https:\\\/\\\/bien-etreiris.ch\\\/de\\\/fundgrube-deals\\\/gourmandises\\\/\"},{\"@type\":\"ListItem\",\"position\":4,\"name\":\"CHEWING-GUM\"}]},{\"@type\":\"WebSite\",\"@id\":\"https:\\\/\\\/bien-etreiris.ch\\\/de\\\/#website\",\"url\":\"https:\\\/\\\/bien-etreiris.ch\\\/de\\\/\",\"name\":\"Bien-\u00eatre Iris\",\"description\":\"IHRE Gesundheit ist uns wichtig\",\"potentialAction\":[{\"@type\":\"SearchAction\",\"target\":{\"@type\":\"EntryPoint\",\"urlTemplate\":\"https:\\\/\\\/bien-etreiris.ch\\\/de\\\/?s={search_term_string}\"},\"query-input\":{\"@type\":\"PropertyValueSpecification\",\"valueRequired\":true,\"valueName\":\"search_term_string\"}}],\"inLanguage\":\"de\"}]}<\/script>\n<!-- \/ Yoast SEO plugin. -->","yoast_head_json":{"title":"CHEWING-GUM - WOHLBEFINDEN","robots":{"index":"index","follow":"follow","max-snippet":"max-snippet:-1","max-image-preview":"max-image-preview:large","max-video-preview":"max-video-preview:-1"},"canonical":"https:\/\/bien-etreiris.ch\/de\/fundgrube-deals\/gourmandises\/chewing-gum\/","og_locale":"de_DE","og_type":"article","og_title":"CHEWING-GUM - WOHLBEFINDEN","og_description":"Chewing-gum &nbsp; &nbsp; Description Swiss Cannabis Gum Le plaisir d\u2019un chewing-gum&nbsp; sans sucre, efficace et malin. \u00c9nergie naturelle de la plante de cannabis. Chewing-gum ou bonbons avec 120mg de cannabidiol (CBD) : R\u00e9duit le stress Cr\u00e9e le bien-\u00eatre Rafra\u00eechit l\u2019haleine Hautement concentr\u00e9 en cannabidiol (CBD) de qualit\u00e9, une substance extraite du chanvre 24 pi\u00e8ces par paquets&nbsp; CHF 7.80 Utilisez la&nbsp;Weiter lesen","og_url":"https:\/\/bien-etreiris.ch\/de\/fundgrube-deals\/gourmandises\/chewing-gum\/","og_site_name":"WOHLBEFINDEN","article_publisher":"https:\/\/www.facebook.com\/bienetreiris\/","article_modified_time":"2021-08-04T22:13:03+00:00","og_image":[{"width":500,"height":326,"url":"https:\/\/bien-etreiris.ch\/wp-content\/uploads\/2021\/08\/acceuil-Swiss-cannabis-gum.png","type":"image\/png"}],"twitter_misc":{"Gesch\u00e4tzte Lesezeit":"1\u00a0Minute"},"schema":{"@context":"https:\/\/schema.org","@graph":[{"@type":"WebPage","@id":"https:\/\/bien-etreiris.ch\/de\/fundgrube-deals\/gourmandises\/chewing-gum\/","url":"https:\/\/bien-etreiris.ch\/de\/fundgrube-deals\/gourmandises\/chewing-gum\/","name":"CHEWING-GUM - WOHLBEFINDEN","isPartOf":{"@id":"https:\/\/bien-etreiris.ch\/de\/#website"},"primaryImageOfPage":{"@id":"https:\/\/bien-etreiris.ch\/de\/fundgrube-deals\/gourmandises\/chewing-gum\/#primaryimage"},"image":{"@id":"https:\/\/bien-etreiris.ch\/de\/fundgrube-deals\/gourmandises\/chewing-gum\/#primaryimage"},"thumbnailUrl":"https:\/\/bien-etreiris.ch\/wp-content\/uploads\/2021\/08\/acceuil-Swiss-cannabis-gum.png","datePublished":"2021-08-04T22:12:25+00:00","dateModified":"2021-08-04T22:13:03+00:00","breadcrumb":{"@id":"https:\/\/bien-etreiris.ch\/de\/fundgrube-deals\/gourmandises\/chewing-gum\/#breadcrumb"},"inLanguage":"de","potentialAction":[{"@type":"ReadAction","target":["https:\/\/bien-etreiris.ch\/de\/fundgrube-deals\/gourmandises\/chewing-gum\/"]}]},{"@type":"ImageObject","inLanguage":"de","@id":"https:\/\/bien-etreiris.ch\/de\/fundgrube-deals\/gourmandises\/chewing-gum\/#primaryimage","url":"https:\/\/bien-etreiris.ch\/wp-content\/uploads\/2021\/08\/acceuil-Swiss-cannabis-gum.png","contentUrl":"https:\/\/bien-etreiris.ch\/wp-content\/uploads\/2021\/08\/acceuil-Swiss-cannabis-gum.png","width":500,"height":326},{"@type":"BreadcrumbList","@id":"https:\/\/bien-etreiris.ch\/de\/fundgrube-deals\/gourmandises\/chewing-gum\/#breadcrumb","itemListElement":[{"@type":"ListItem","position":1,"name":"Home","item":"https:\/\/bien-etreiris.ch\/de\/"},{"@type":"ListItem","position":2,"name":"FUNDGRUBE &#038; DEALS","item":"https:\/\/bien-etreiris.ch\/de\/fundgrube-deals\/"},{"@type":"ListItem","position":3,"name":"GOURMANDISES","item":"https:\/\/bien-etreiris.ch\/de\/fundgrube-deals\/gourmandises\/"},{"@type":"ListItem","position":4,"name":"CHEWING-GUM"}]},{"@type":"WebSite","@id":"https:\/\/bien-etreiris.ch\/de\/#website","url":"https:\/\/bien-etreiris.ch\/de\/","name":"Bien-\u00eatre Iris","description":"IHRE Gesundheit ist uns wichtig","potentialAction":[{"@type":"SearchAction","target":{"@type":"EntryPoint","urlTemplate":"https:\/\/bien-etreiris.ch\/de\/?s={search_term_string}"},"query-input":{"@type":"PropertyValueSpecification","valueRequired":true,"valueName":"search_term_string"}}],"inLanguage":"de"}]}},"_links":{"self":[{"href":"https:\/\/bien-etreiris.ch\/de\/wp-json\/wp\/v2\/pages\/53160","targetHints":{"allow":["GET"]}}],"collection":[{"href":"https:\/\/bien-etreiris.ch\/de\/wp-json\/wp\/v2\/pages"}],"about":[{"href":"https:\/\/bien-etreiris.ch\/de\/wp-json\/wp\/v2\/types\/page"}],"author":[{"embeddable":true,"href":"https:\/\/bien-etreiris.ch\/de\/wp-json\/wp\/v2\/users\/1"}],"replies":[{"embeddable":true,"href":"https:\/\/bien-etreiris.ch\/de\/wp-json\/wp\/v2\/comments?post=53160"}],"version-history":[{"count":2,"href":"https:\/\/bien-etreiris.ch\/de\/wp-json\/wp\/v2\/pages\/53160\/revisions"}],"predecessor-version":[{"id":53166,"href":"https:\/\/bien-etreiris.ch\/de\/wp-json\/wp\/v2\/pages\/53160\/revisions\/53166"}],"up":[{"embeddable":true,"href":"https:\/\/bien-etreiris.ch\/de\/wp-json\/wp\/v2\/pages\/52924"}],"wp:featuredmedia":[{"embeddable":true,"href":"https:\/\/bien-etreiris.ch\/de\/wp-json\/wp\/v2\/media\/53158"}],"wp:attachment":[{"href":"https:\/\/bien-etreiris.ch\/de\/wp-json\/wp\/v2\/media?parent=53160"}],"curies":[{"name":"wp","href":"https:\/\/api.w.org\/{rel}","templated":true}]}}