{"id":53094,"date":"2021-08-02T19:34:31","date_gmt":"2021-08-02T17:34:31","guid":{"rendered":"https:\/\/bien-etreiris.ch\/umeboshi-prunes\/"},"modified":"2023-01-27T08:05:11","modified_gmt":"2023-01-27T06:05:11","slug":"umeboshi","status":"publish","type":"page","link":"https:\/\/bien-etreiris.ch\/de\/produktpraesentation\/gesundes-leben\/gesunde-lebensmittel\/eingemachtes\/umeboshi\/","title":{"rendered":"UMEBOSHI"},"content":{"rendered":"\n<div class=\"product-tabs__links\">\n<div class=\"product-tabs__scrollwrapper\">\n<h2 class=\"product-tabs__link product-tabs__link--placeholder\">Umeboshi <\/h2>\n<\/div>\n<\/div>\n<div class=\"product-tabs__items\">\n<div class=\"product-tabs__item is-active\">\n<div class=\"product-description text\">\n<h4><a href=\"https:\/\/bien-etreiris.ch\/wp-content\/uploads\/2021\/08\/Umeboshi.jpg\"><img loading=\"lazy\" decoding=\"async\" class=\"size-medium wp-image-53085 alignleft\" src=\"https:\/\/bien-etreiris.ch\/wp-content\/uploads\/2021\/08\/Umeboshi-193x300.jpg\" alt=\"\" width=\"193\" height=\"300\" srcset=\"https:\/\/bien-etreiris.ch\/wp-content\/uploads\/2021\/08\/Umeboshi-193x300.jpg 193w, https:\/\/bien-etreiris.ch\/wp-content\/uploads\/2021\/08\/Umeboshi-659x1024.jpg 659w, https:\/\/bien-etreiris.ch\/wp-content\/uploads\/2021\/08\/Umeboshi-768x1194.jpg 768w, https:\/\/bien-etreiris.ch\/wp-content\/uploads\/2021\/08\/Umeboshi.jpg 800w\" sizes=\"auto, (max-width: 193px) 100vw, 193px\" \/><\/a><\/h4>\n<h4>&nbsp;<\/h4>\n<h4>LIMA<\/h4>\n<h4>Inhaltsstoffe<\/h4>\n<p>Umeboshi* (Prunus mume), Shisobl\u00e4tter* (Preilla frutescens), Meersalz.<br>*Stoff aus \u00f6kologischem Landbau.<\/p>\n<p>Packung ein Glas 200 g <strong>CHF 20.90<\/strong><\/p>\n<p>Produkt aus biologischer Landwirtschaft<\/p>\n<p>100 % der landwirtschaftlichen Zutaten stammen aus \u00f6kologischem Landbau<\/p>\n.<\/div>\n<\/div>\n<\/div>\n<p>&nbsp;<\/p>\n<p>&nbsp;<\/p>\n<p>&nbsp;<\/p>\n<h4>Beschreibung<\/h4>\n<p>Die Ume-Aprikose (aus dem Saft der Lake wird auch der Essig Ume Su hergestellt) wird in Japan angebaut und hat einen kr\u00e4ftigen, s\u00e4uerlichen Geschmack. Er durchl\u00e4uft eine etwa einmonatige Milchs\u00e4ureg\u00e4rung in einer Meersalzlake mit Shiso-Bl\u00e4ttern, die ihm seine sch\u00f6ne rote Farbe verleihen. In Umeboshi wird Ume in Form von ganzen Fr\u00fcchten angeboten, die in kleine St\u00fccke geschnitten werden; Umeboshi-Past ist genau das gleiche Produkt, aber in Form einer Paste, die verd\u00fcnnt wird.<\/p>\n<h4>Verwendung<\/h4>\n<p>Umeboshi-Past und Umeboshi sind zwei erfrischende und angenehm salzige Gew\u00fcrze, die den Geschmack von So\u00dfen, Gurken, Dressings, Mayonnaise, gekochtem Gem\u00fcse (wie Brokkoli, Blumenkohl ...), Reis, Sushi, Sashimi ... verst\u00e4rken. Fein gehackte Shiso-Bl\u00e4tter schmecken k\u00f6stlich als Sushi oder gemischt mit gebratenem Gem\u00fcse.<\/p>\n<h4>Umeboshi f\u00f6rdert die Verdauung.<\/h4>\n<p>Dank ihrer alkalisierenden Wirkung verbessert die japanische Pflaume die Aufnahme von alkalischen Mineralien wie Eisen und Magnesium aus anderen Lebensmitteln im Darm. Dadurch werden Bl\u00e4hungen vermieden, die zu Verdauungsproblemen f\u00fchren.<\/p>\n<h4><br>Verwendung:<\/h4>\n<p>Die Frucht hat eine allgemein st\u00e4rkende Wirkung auf den gesamten Organismus und normalisiert die Verdauung. Sie hilft bei Verstopfung und beeinflusst die Darmflora positiv.<\/p>\n<p>Umeboshi hilft bei Appetitlosigkeit, \u00dcbelkeit und Kopfschmerzen, vor allem w\u00e4hrend der Schwangerschaft.<\/p>\n<p>&nbsp;<\/p>\n","protected":false},"excerpt":{"rendered":"<p>Umeboshi &nbsp; LIMA Inhaltsstoffe Umeboshi* (Prunus mume), Shisobl\u00e4tter* (Preilla frutescens), Meersalz.*Stoff aus \u00f6kologischem Landbau. Packung ein Glas 200 g CHF 20.90 Produkt aus biologischer Landwirtschaft 100 % der landwirtschaftlichen Zutaten stammen aus \u00f6kologischem Landbau . &nbsp; &nbsp; &nbsp; Beschreibung Die Ume-Aprikose (aus dem Saft der Lake wird auch der Essig Ume Su hergestellt) wird in Japan angebaut und hat einen&nbsp;<a href=\"https:\/\/bien-etreiris.ch\/de\/produktpraesentation\/gesundes-leben\/gesunde-lebensmittel\/eingemachtes\/umeboshi\/\" class=\"read-more\">Weiter lesen<\/a><\/p>\n","protected":false},"author":1,"featured_media":53090,"parent":46689,"menu_order":5046,"comment_status":"closed","ping_status":"closed","template":"page-with-child.php","meta":{"_acf_changed":false,"ngg_post_thumbnail":0,"footnotes":""},"class_list":["post-53094","page","type-page","status-publish","has-post-thumbnail","hentry"],"acf":[],"yoast_head":"<!-- This site is optimized with the Yoast SEO plugin v27.5 - https:\/\/yoast.com\/product\/yoast-seo-wordpress\/ -->\n<title>UMEBOSHI - WOHLBEFINDEN<\/title>\n<meta name=\"robots\" content=\"index, follow, max-snippet:-1, max-image-preview:large, max-video-preview:-1\" \/>\n<link rel=\"canonical\" href=\"https:\/\/bien-etreiris.ch\/de\/produktpraesentation\/gesundes-leben\/nahrungsergaenzungsmittel\/verdauung\/umeboshi\/\" \/>\n<meta property=\"og:locale\" content=\"de_DE\" \/>\n<meta property=\"og:type\" content=\"article\" \/>\n<meta property=\"og:title\" content=\"UMEBOSHI - WOHLBEFINDEN\" \/>\n<meta property=\"og:description\" content=\"Umeboshi &nbsp; LIMA Inhaltsstoffe Umeboshi* (Prunus mume), Shisobl\u00e4tter* (Preilla frutescens), Meersalz.*Stoff aus \u00f6kologischem Landbau. Packung ein Glas 200 g CHF 20.90 Produkt aus biologischer Landwirtschaft 100 % der landwirtschaftlichen Zutaten stammen aus \u00f6kologischem Landbau . &nbsp; &nbsp; &nbsp; Beschreibung Die Ume-Aprikose (aus dem Saft der Lake wird auch der Essig Ume Su hergestellt) wird in Japan angebaut und hat einen&nbsp;Weiter lesen\" \/>\n<meta property=\"og:url\" content=\"https:\/\/bien-etreiris.ch\/de\/produktpraesentation\/gesundes-leben\/nahrungsergaenzungsmittel\/verdauung\/umeboshi\/\" \/>\n<meta property=\"og:site_name\" content=\"WOHLBEFINDEN\" \/>\n<meta property=\"article:publisher\" content=\"https:\/\/www.facebook.com\/bienetreiris\/\" \/>\n<meta property=\"article:modified_time\" content=\"2023-01-27T06:05:11+00:00\" \/>\n<meta property=\"og:image\" content=\"https:\/\/bien-etreiris.ch\/wp-content\/uploads\/2021\/08\/acceuil-Umeboshi.jpg\" \/>\n\t<meta property=\"og:image:width\" content=\"500\" \/>\n\t<meta property=\"og:image:height\" content=\"375\" \/>\n\t<meta property=\"og:image:type\" content=\"image\/jpeg\" \/>\n<meta name=\"twitter:label1\" content=\"Gesch\u00e4tzte Lesezeit\" \/>\n\t<meta name=\"twitter:data1\" content=\"2\u00a0Minuten\" \/>\n<script type=\"application\/ld+json\" class=\"yoast-schema-graph\">{\"@context\":\"https:\\\/\\\/schema.org\",\"@graph\":[{\"@type\":\"WebPage\",\"@id\":\"https:\\\/\\\/bien-etreiris.ch\\\/de\\\/produktpraesentation\\\/gesundes-leben\\\/nahrungsergaenzungsmittel\\\/verdauung\\\/umeboshi\\\/\",\"url\":\"https:\\\/\\\/bien-etreiris.ch\\\/de\\\/produktpraesentation\\\/gesundes-leben\\\/nahrungsergaenzungsmittel\\\/verdauung\\\/umeboshi\\\/\",\"name\":\"UMEBOSHI - WOHLBEFINDEN\",\"isPartOf\":{\"@id\":\"https:\\\/\\\/bien-etreiris.ch\\\/de\\\/#website\"},\"primaryImageOfPage\":{\"@id\":\"https:\\\/\\\/bien-etreiris.ch\\\/de\\\/produktpraesentation\\\/gesundes-leben\\\/nahrungsergaenzungsmittel\\\/verdauung\\\/umeboshi\\\/#primaryimage\"},\"image\":{\"@id\":\"https:\\\/\\\/bien-etreiris.ch\\\/de\\\/produktpraesentation\\\/gesundes-leben\\\/nahrungsergaenzungsmittel\\\/verdauung\\\/umeboshi\\\/#primaryimage\"},\"thumbnailUrl\":\"https:\\\/\\\/bien-etreiris.ch\\\/wp-content\\\/uploads\\\/2021\\\/08\\\/acceuil-Umeboshi.jpg\",\"datePublished\":\"2021-08-02T17:34:31+00:00\",\"dateModified\":\"2023-01-27T06:05:11+00:00\",\"breadcrumb\":{\"@id\":\"https:\\\/\\\/bien-etreiris.ch\\\/de\\\/produktpraesentation\\\/gesundes-leben\\\/nahrungsergaenzungsmittel\\\/verdauung\\\/umeboshi\\\/#breadcrumb\"},\"inLanguage\":\"de\",\"potentialAction\":[{\"@type\":\"ReadAction\",\"target\":[\"https:\\\/\\\/bien-etreiris.ch\\\/de\\\/produktpraesentation\\\/gesundes-leben\\\/nahrungsergaenzungsmittel\\\/verdauung\\\/umeboshi\\\/\"]}]},{\"@type\":\"ImageObject\",\"inLanguage\":\"de\",\"@id\":\"https:\\\/\\\/bien-etreiris.ch\\\/de\\\/produktpraesentation\\\/gesundes-leben\\\/nahrungsergaenzungsmittel\\\/verdauung\\\/umeboshi\\\/#primaryimage\",\"url\":\"https:\\\/\\\/bien-etreiris.ch\\\/wp-content\\\/uploads\\\/2021\\\/08\\\/acceuil-Umeboshi.jpg\",\"contentUrl\":\"https:\\\/\\\/bien-etreiris.ch\\\/wp-content\\\/uploads\\\/2021\\\/08\\\/acceuil-Umeboshi.jpg\",\"width\":500,\"height\":375},{\"@type\":\"BreadcrumbList\",\"@id\":\"https:\\\/\\\/bien-etreiris.ch\\\/de\\\/produktpraesentation\\\/gesundes-leben\\\/nahrungsergaenzungsmittel\\\/verdauung\\\/umeboshi\\\/#breadcrumb\",\"itemListElement\":[{\"@type\":\"ListItem\",\"position\":1,\"name\":\"Home\",\"item\":\"https:\\\/\\\/bien-etreiris.ch\\\/de\\\/\"},{\"@type\":\"ListItem\",\"position\":2,\"name\":\"PRODUKTPR\u00c4SENTATION\",\"item\":\"https:\\\/\\\/bien-etreiris.ch\\\/de\\\/produktpraesentation\\\/\"},{\"@type\":\"ListItem\",\"position\":3,\"name\":\"GESUNDES LEBEN\",\"item\":\"https:\\\/\\\/bien-etreiris.ch\\\/de\\\/produktpraesentation\\\/gesundes-leben\\\/\"},{\"@type\":\"ListItem\",\"position\":4,\"name\":\"NAHRUNGSERG\u00c4NZUNG\",\"item\":\"https:\\\/\\\/bien-etreiris.ch\\\/de\\\/produktpraesentation\\\/gesundes-leben\\\/nahrungsergaenzungsmittel\\\/\"},{\"@type\":\"ListItem\",\"position\":5,\"name\":\"VERDAUUNG\",\"item\":\"https:\\\/\\\/bien-etreiris.ch\\\/de\\\/produktpraesentation\\\/gesundes-leben\\\/nahrungsergaenzungsmittel\\\/verdauung\\\/\"},{\"@type\":\"ListItem\",\"position\":6,\"name\":\"UMEBOSHI\"}]},{\"@type\":\"WebSite\",\"@id\":\"https:\\\/\\\/bien-etreiris.ch\\\/de\\\/#website\",\"url\":\"https:\\\/\\\/bien-etreiris.ch\\\/de\\\/\",\"name\":\"Bien-\u00eatre Iris\",\"description\":\"IHRE Gesundheit ist uns wichtig\",\"potentialAction\":[{\"@type\":\"SearchAction\",\"target\":{\"@type\":\"EntryPoint\",\"urlTemplate\":\"https:\\\/\\\/bien-etreiris.ch\\\/de\\\/?s={search_term_string}\"},\"query-input\":{\"@type\":\"PropertyValueSpecification\",\"valueRequired\":true,\"valueName\":\"search_term_string\"}}],\"inLanguage\":\"de\"}]}<\/script>\n<!-- \/ Yoast SEO plugin. -->","yoast_head_json":{"title":"UMEBOSHI - WOHLBEFINDEN","robots":{"index":"index","follow":"follow","max-snippet":"max-snippet:-1","max-image-preview":"max-image-preview:large","max-video-preview":"max-video-preview:-1"},"canonical":"https:\/\/bien-etreiris.ch\/de\/produktpraesentation\/gesundes-leben\/nahrungsergaenzungsmittel\/verdauung\/umeboshi\/","og_locale":"de_DE","og_type":"article","og_title":"UMEBOSHI - WOHLBEFINDEN","og_description":"Umeboshi &nbsp; LIMA Inhaltsstoffe Umeboshi* (Prunus mume), Shisobl\u00e4tter* (Preilla frutescens), Meersalz.*Stoff aus \u00f6kologischem Landbau. Packung ein Glas 200 g CHF 20.90 Produkt aus biologischer Landwirtschaft 100 % der landwirtschaftlichen Zutaten stammen aus \u00f6kologischem Landbau . &nbsp; &nbsp; &nbsp; Beschreibung Die Ume-Aprikose (aus dem Saft der Lake wird auch der Essig Ume Su hergestellt) wird in Japan angebaut und hat einen&nbsp;Weiter lesen","og_url":"https:\/\/bien-etreiris.ch\/de\/produktpraesentation\/gesundes-leben\/nahrungsergaenzungsmittel\/verdauung\/umeboshi\/","og_site_name":"WOHLBEFINDEN","article_publisher":"https:\/\/www.facebook.com\/bienetreiris\/","article_modified_time":"2023-01-27T06:05:11+00:00","og_image":[{"width":500,"height":375,"url":"https:\/\/bien-etreiris.ch\/wp-content\/uploads\/2021\/08\/acceuil-Umeboshi.jpg","type":"image\/jpeg"}],"twitter_misc":{"Gesch\u00e4tzte Lesezeit":"2\u00a0Minuten"},"schema":{"@context":"https:\/\/schema.org","@graph":[{"@type":"WebPage","@id":"https:\/\/bien-etreiris.ch\/de\/produktpraesentation\/gesundes-leben\/nahrungsergaenzungsmittel\/verdauung\/umeboshi\/","url":"https:\/\/bien-etreiris.ch\/de\/produktpraesentation\/gesundes-leben\/nahrungsergaenzungsmittel\/verdauung\/umeboshi\/","name":"UMEBOSHI - WOHLBEFINDEN","isPartOf":{"@id":"https:\/\/bien-etreiris.ch\/de\/#website"},"primaryImageOfPage":{"@id":"https:\/\/bien-etreiris.ch\/de\/produktpraesentation\/gesundes-leben\/nahrungsergaenzungsmittel\/verdauung\/umeboshi\/#primaryimage"},"image":{"@id":"https:\/\/bien-etreiris.ch\/de\/produktpraesentation\/gesundes-leben\/nahrungsergaenzungsmittel\/verdauung\/umeboshi\/#primaryimage"},"thumbnailUrl":"https:\/\/bien-etreiris.ch\/wp-content\/uploads\/2021\/08\/acceuil-Umeboshi.jpg","datePublished":"2021-08-02T17:34:31+00:00","dateModified":"2023-01-27T06:05:11+00:00","breadcrumb":{"@id":"https:\/\/bien-etreiris.ch\/de\/produktpraesentation\/gesundes-leben\/nahrungsergaenzungsmittel\/verdauung\/umeboshi\/#breadcrumb"},"inLanguage":"de","potentialAction":[{"@type":"ReadAction","target":["https:\/\/bien-etreiris.ch\/de\/produktpraesentation\/gesundes-leben\/nahrungsergaenzungsmittel\/verdauung\/umeboshi\/"]}]},{"@type":"ImageObject","inLanguage":"de","@id":"https:\/\/bien-etreiris.ch\/de\/produktpraesentation\/gesundes-leben\/nahrungsergaenzungsmittel\/verdauung\/umeboshi\/#primaryimage","url":"https:\/\/bien-etreiris.ch\/wp-content\/uploads\/2021\/08\/acceuil-Umeboshi.jpg","contentUrl":"https:\/\/bien-etreiris.ch\/wp-content\/uploads\/2021\/08\/acceuil-Umeboshi.jpg","width":500,"height":375},{"@type":"BreadcrumbList","@id":"https:\/\/bien-etreiris.ch\/de\/produktpraesentation\/gesundes-leben\/nahrungsergaenzungsmittel\/verdauung\/umeboshi\/#breadcrumb","itemListElement":[{"@type":"ListItem","position":1,"name":"Home","item":"https:\/\/bien-etreiris.ch\/de\/"},{"@type":"ListItem","position":2,"name":"PRODUKTPR\u00c4SENTATION","item":"https:\/\/bien-etreiris.ch\/de\/produktpraesentation\/"},{"@type":"ListItem","position":3,"name":"GESUNDES LEBEN","item":"https:\/\/bien-etreiris.ch\/de\/produktpraesentation\/gesundes-leben\/"},{"@type":"ListItem","position":4,"name":"NAHRUNGSERG\u00c4NZUNG","item":"https:\/\/bien-etreiris.ch\/de\/produktpraesentation\/gesundes-leben\/nahrungsergaenzungsmittel\/"},{"@type":"ListItem","position":5,"name":"VERDAUUNG","item":"https:\/\/bien-etreiris.ch\/de\/produktpraesentation\/gesundes-leben\/nahrungsergaenzungsmittel\/verdauung\/"},{"@type":"ListItem","position":6,"name":"UMEBOSHI"}]},{"@type":"WebSite","@id":"https:\/\/bien-etreiris.ch\/de\/#website","url":"https:\/\/bien-etreiris.ch\/de\/","name":"Bien-\u00eatre Iris","description":"IHRE Gesundheit ist uns wichtig","potentialAction":[{"@type":"SearchAction","target":{"@type":"EntryPoint","urlTemplate":"https:\/\/bien-etreiris.ch\/de\/?s={search_term_string}"},"query-input":{"@type":"PropertyValueSpecification","valueRequired":true,"valueName":"search_term_string"}}],"inLanguage":"de"}]}},"_links":{"self":[{"href":"https:\/\/bien-etreiris.ch\/de\/wp-json\/wp\/v2\/pages\/53094","targetHints":{"allow":["GET"]}}],"collection":[{"href":"https:\/\/bien-etreiris.ch\/de\/wp-json\/wp\/v2\/pages"}],"about":[{"href":"https:\/\/bien-etreiris.ch\/de\/wp-json\/wp\/v2\/types\/page"}],"author":[{"embeddable":true,"href":"https:\/\/bien-etreiris.ch\/de\/wp-json\/wp\/v2\/users\/1"}],"replies":[{"embeddable":true,"href":"https:\/\/bien-etreiris.ch\/de\/wp-json\/wp\/v2\/comments?post=53094"}],"version-history":[{"count":3,"href":"https:\/\/bien-etreiris.ch\/de\/wp-json\/wp\/v2\/pages\/53094\/revisions"}],"predecessor-version":[{"id":65040,"href":"https:\/\/bien-etreiris.ch\/de\/wp-json\/wp\/v2\/pages\/53094\/revisions\/65040"}],"up":[{"embeddable":true,"href":"https:\/\/bien-etreiris.ch\/de\/wp-json\/wp\/v2\/pages\/46689"}],"wp:featuredmedia":[{"embeddable":true,"href":"https:\/\/bien-etreiris.ch\/de\/wp-json\/wp\/v2\/media\/53090"}],"wp:attachment":[{"href":"https:\/\/bien-etreiris.ch\/de\/wp-json\/wp\/v2\/media?parent=53094"}],"curies":[{"name":"wp","href":"https:\/\/api.w.org\/{rel}","templated":true}]}}