{"id":52907,"date":"2021-08-01T20:50:24","date_gmt":"2021-08-01T18:50:24","guid":{"rendered":"https:\/\/bien-etreiris.ch\/?page_id=52907"},"modified":"2021-08-02T10:13:33","modified_gmt":"2021-08-02T08:13:33","slug":"levure","status":"publish","type":"page","link":"https:\/\/bien-etreiris.ch\/de\/produktpraesentation\/gesundes-leben\/gesunde-lebensmittel\/zutaten-wohlbefinden\/konditorei-desserts\/levure\/","title":{"rendered":"LEVURE"},"content":{"rendered":"\n<p><a href=\"https:\/\/bien-etreiris.ch\/wp-content\/uploads\/2021\/08\/levure.jpg\"><img loading=\"lazy\" decoding=\"async\" class=\" wp-image-52900 alignleft\" src=\"https:\/\/bien-etreiris.ch\/wp-content\/uploads\/2021\/08\/levure-200x300.jpg\" alt=\"\" width=\"301\" height=\"452\" srcset=\"https:\/\/bien-etreiris.ch\/wp-content\/uploads\/2021\/08\/levure-200x300.jpg 200w, https:\/\/bien-etreiris.ch\/wp-content\/uploads\/2021\/08\/levure-681x1024.jpg 681w, https:\/\/bien-etreiris.ch\/wp-content\/uploads\/2021\/08\/levure-768x1154.jpg 768w, https:\/\/bien-etreiris.ch\/wp-content\/uploads\/2021\/08\/levure-1022x1536.jpg 1022w, https:\/\/bien-etreiris.ch\/wp-content\/uploads\/2021\/08\/levure-1362x2048.jpg 1362w, https:\/\/bien-etreiris.ch\/wp-content\/uploads\/2021\/08\/levure.jpg 1590w\" sizes=\"auto, (max-width: 301px) 100vw, 301px\" \/><\/a><\/p>\n<p>&nbsp;<\/p>\n<p>&nbsp;<\/p>\n<p>&nbsp;<\/p>\n<p>&nbsp;<\/p>\n<p>&nbsp;<\/p>\n<p>Levure de boulangerie, BIO<\/p>\n<p>Une meilleure levure. De meilleurs r\u00e9sultats.<\/p>\n<p>L'innovation de la levure BIOVEGAN n'inspire pas seulement les boulangers amateurs. Puissance maximale de la levure gr\u00e2ce \u00e0 des boules de levure uniques. Les bienfaits de la levure de boulangerie pour mieux cuisiner.<\/p>\n<p>Contenu : 7 g (pour 500 g de farine) <strong>CHF 0.80<\/strong><\/p>\n<p>1 sachet correspond \u00e0 \u00bd cube de levure fra\u00eeche<\/p>\n<p>&nbsp;<\/p>\n<p>&nbsp;<\/p>\n<h4>Ingr\u00e9dients<\/h4>\n<p>Levure fra\u00eeche s\u00e9ch\u00e9e*.<\/p>\n<p>*provenant d'une culture biologique contr\u00f4l\u00e9e<br>Emball\u00e9 dans une atmosph\u00e8re protectrice.<\/p>\n<p>&nbsp;<\/p>\n<h4>LA LEVURE DE BOULANGERIE EST...<\/h4>\n<p>.<strong>..PLUS FORT !<\/strong> Extra-fort et plus stable pour une p\u00e2te extra-fluffy et un look fluffy.<br><strong>...PLUS FACILE !<\/strong> Plus robuste et moins sensible \u00e0 la temp\u00e9rature, au temps et \u00e0 l'humidit\u00e9. Simply r\u00e9ussit toujours !<\/p>\n<p>&nbsp;<\/p>\n<h4>Des conseils<\/h4>\n<p>Un sac est suffisant pour 500 g de farine.<br>1 sachet correspond \u00e0 \u00bd cube de levure fra\u00eeche.<br>M\u00e9langez d'abord uniform\u00e9ment le contenu du sachet \u00e0 la farine. Ne pas dissoudre directement dans l'eau !<br>Ne pas stocker au-dessus de 32\u00b0C.<\/p>\n","protected":false},"excerpt":{"rendered":"<p>&nbsp; &nbsp; &nbsp; &nbsp; &nbsp; Levure de boulangerie, BIO Une meilleure levure. De meilleurs r\u00e9sultats. L'innovation de la levure BIOVEGAN n'inspire pas seulement les boulangers amateurs. Puissance maximale de la levure gr\u00e2ce \u00e0 des boules de levure uniques. Les bienfaits de la levure de boulangerie pour mieux cuisiner. Contenu : 7 g (pour 500 g de farine) CHF 0.80 1&nbsp;<a href=\"https:\/\/bien-etreiris.ch\/de\/produktpraesentation\/gesundes-leben\/gesunde-lebensmittel\/zutaten-wohlbefinden\/konditorei-desserts\/levure\/\" class=\"read-more\">Weiter lesen<\/a><\/p>\n","protected":false},"author":1,"featured_media":52905,"parent":51812,"menu_order":5061,"comment_status":"closed","ping_status":"closed","template":"page-with-child.php","meta":{"_acf_changed":false,"ngg_post_thumbnail":0,"footnotes":""},"class_list":["post-52907","page","type-page","status-publish","has-post-thumbnail","hentry"],"acf":[],"yoast_head":"<!-- This site is optimized with the Yoast SEO plugin v27.5 - https:\/\/yoast.com\/product\/yoast-seo-wordpress\/ -->\n<title>LEVURE - WOHLBEFINDEN<\/title>\n<meta name=\"robots\" content=\"index, follow, max-snippet:-1, max-image-preview:large, max-video-preview:-1\" \/>\n<link rel=\"canonical\" href=\"https:\/\/bien-etreiris.ch\/de\/produktpraesentation\/gesundes-leben\/gesunde-lebensmittel\/zutaten-wohlbefinden\/konditorei-desserts\/levure\/\" \/>\n<meta property=\"og:locale\" content=\"de_DE\" \/>\n<meta property=\"og:type\" content=\"article\" \/>\n<meta property=\"og:title\" content=\"LEVURE - WOHLBEFINDEN\" \/>\n<meta property=\"og:description\" content=\"&nbsp; &nbsp; &nbsp; &nbsp; &nbsp; Levure de boulangerie, BIO Une meilleure levure. De meilleurs r\u00e9sultats. L&#039;innovation de la levure BIOVEGAN n&#039;inspire pas seulement les boulangers amateurs. Puissance maximale de la levure gr\u00e2ce \u00e0 des boules de levure uniques. Les bienfaits de la levure de boulangerie pour mieux cuisiner. Contenu : 7 g (pour 500 g de farine) CHF 0.80 1&nbsp;Weiter lesen\" \/>\n<meta property=\"og:url\" content=\"https:\/\/bien-etreiris.ch\/de\/produktpraesentation\/gesundes-leben\/gesunde-lebensmittel\/zutaten-wohlbefinden\/konditorei-desserts\/levure\/\" \/>\n<meta property=\"og:site_name\" content=\"WOHLBEFINDEN\" \/>\n<meta property=\"article:publisher\" content=\"https:\/\/www.facebook.com\/bienetreiris\/\" \/>\n<meta property=\"article:modified_time\" content=\"2021-08-02T08:13:33+00:00\" \/>\n<meta property=\"og:image\" content=\"https:\/\/bien-etreiris.ch\/wp-content\/uploads\/2021\/08\/acceuil-levure.jpg\" \/>\n\t<meta property=\"og:image:width\" content=\"500\" \/>\n\t<meta property=\"og:image:height\" content=\"390\" \/>\n\t<meta property=\"og:image:type\" content=\"image\/jpeg\" \/>\n<meta name=\"twitter:label1\" content=\"Gesch\u00e4tzte Lesezeit\" \/>\n\t<meta name=\"twitter:data1\" content=\"1\u00a0Minute\" \/>\n<script type=\"application\/ld+json\" class=\"yoast-schema-graph\">{\"@context\":\"https:\\\/\\\/schema.org\",\"@graph\":[{\"@type\":\"WebPage\",\"@id\":\"https:\\\/\\\/bien-etreiris.ch\\\/de\\\/produktpraesentation\\\/gesundes-leben\\\/gesunde-lebensmittel\\\/zutaten-wohlbefinden\\\/konditorei-desserts\\\/levure\\\/\",\"url\":\"https:\\\/\\\/bien-etreiris.ch\\\/de\\\/produktpraesentation\\\/gesundes-leben\\\/gesunde-lebensmittel\\\/zutaten-wohlbefinden\\\/konditorei-desserts\\\/levure\\\/\",\"name\":\"LEVURE - WOHLBEFINDEN\",\"isPartOf\":{\"@id\":\"https:\\\/\\\/bien-etreiris.ch\\\/de\\\/#website\"},\"primaryImageOfPage\":{\"@id\":\"https:\\\/\\\/bien-etreiris.ch\\\/de\\\/produktpraesentation\\\/gesundes-leben\\\/gesunde-lebensmittel\\\/zutaten-wohlbefinden\\\/konditorei-desserts\\\/levure\\\/#primaryimage\"},\"image\":{\"@id\":\"https:\\\/\\\/bien-etreiris.ch\\\/de\\\/produktpraesentation\\\/gesundes-leben\\\/gesunde-lebensmittel\\\/zutaten-wohlbefinden\\\/konditorei-desserts\\\/levure\\\/#primaryimage\"},\"thumbnailUrl\":\"https:\\\/\\\/bien-etreiris.ch\\\/wp-content\\\/uploads\\\/2021\\\/08\\\/acceuil-levure.jpg\",\"datePublished\":\"2021-08-01T18:50:24+00:00\",\"dateModified\":\"2021-08-02T08:13:33+00:00\",\"breadcrumb\":{\"@id\":\"https:\\\/\\\/bien-etreiris.ch\\\/de\\\/produktpraesentation\\\/gesundes-leben\\\/gesunde-lebensmittel\\\/zutaten-wohlbefinden\\\/konditorei-desserts\\\/levure\\\/#breadcrumb\"},\"inLanguage\":\"de\",\"potentialAction\":[{\"@type\":\"ReadAction\",\"target\":[\"https:\\\/\\\/bien-etreiris.ch\\\/de\\\/produktpraesentation\\\/gesundes-leben\\\/gesunde-lebensmittel\\\/zutaten-wohlbefinden\\\/konditorei-desserts\\\/levure\\\/\"]}]},{\"@type\":\"ImageObject\",\"inLanguage\":\"de\",\"@id\":\"https:\\\/\\\/bien-etreiris.ch\\\/de\\\/produktpraesentation\\\/gesundes-leben\\\/gesunde-lebensmittel\\\/zutaten-wohlbefinden\\\/konditorei-desserts\\\/levure\\\/#primaryimage\",\"url\":\"https:\\\/\\\/bien-etreiris.ch\\\/wp-content\\\/uploads\\\/2021\\\/08\\\/acceuil-levure.jpg\",\"contentUrl\":\"https:\\\/\\\/bien-etreiris.ch\\\/wp-content\\\/uploads\\\/2021\\\/08\\\/acceuil-levure.jpg\",\"width\":500,\"height\":390},{\"@type\":\"BreadcrumbList\",\"@id\":\"https:\\\/\\\/bien-etreiris.ch\\\/de\\\/produktpraesentation\\\/gesundes-leben\\\/gesunde-lebensmittel\\\/zutaten-wohlbefinden\\\/konditorei-desserts\\\/levure\\\/#breadcrumb\",\"itemListElement\":[{\"@type\":\"ListItem\",\"position\":1,\"name\":\"Home\",\"item\":\"https:\\\/\\\/bien-etreiris.ch\\\/de\\\/\"},{\"@type\":\"ListItem\",\"position\":2,\"name\":\"PRODUKTPR\u00c4SENTATION\",\"item\":\"https:\\\/\\\/bien-etreiris.ch\\\/de\\\/produktpraesentation\\\/\"},{\"@type\":\"ListItem\",\"position\":3,\"name\":\"GESUNDES LEBEN\",\"item\":\"https:\\\/\\\/bien-etreiris.ch\\\/de\\\/produktpraesentation\\\/gesundes-leben\\\/\"},{\"@type\":\"ListItem\",\"position\":4,\"name\":\"GESUNDE LEBENSMITTEL\",\"item\":\"https:\\\/\\\/bien-etreiris.ch\\\/de\\\/produktpraesentation\\\/gesundes-leben\\\/gesunde-lebensmittel\\\/\"},{\"@type\":\"ListItem\",\"position\":5,\"name\":\"ZUTATEN\",\"item\":\"https:\\\/\\\/bien-etreiris.ch\\\/de\\\/produktpraesentation\\\/gesundes-leben\\\/gesunde-lebensmittel\\\/zutaten-wohlbefinden\\\/\"},{\"@type\":\"ListItem\",\"position\":6,\"name\":\"KONDITOREI &#8211; DESSERTS\",\"item\":\"https:\\\/\\\/bien-etreiris.ch\\\/de\\\/produktpraesentation\\\/gesundes-leben\\\/gesunde-lebensmittel\\\/zutaten-wohlbefinden\\\/konditorei-desserts\\\/\"},{\"@type\":\"ListItem\",\"position\":7,\"name\":\"LEVURE\"}]},{\"@type\":\"WebSite\",\"@id\":\"https:\\\/\\\/bien-etreiris.ch\\\/de\\\/#website\",\"url\":\"https:\\\/\\\/bien-etreiris.ch\\\/de\\\/\",\"name\":\"Bien-\u00eatre Iris\",\"description\":\"IHRE Gesundheit ist uns wichtig\",\"potentialAction\":[{\"@type\":\"SearchAction\",\"target\":{\"@type\":\"EntryPoint\",\"urlTemplate\":\"https:\\\/\\\/bien-etreiris.ch\\\/de\\\/?s={search_term_string}\"},\"query-input\":{\"@type\":\"PropertyValueSpecification\",\"valueRequired\":true,\"valueName\":\"search_term_string\"}}],\"inLanguage\":\"de\"}]}<\/script>\n<!-- \/ Yoast SEO plugin. -->","yoast_head_json":{"title":"LEVURE - WOHLBEFINDEN","robots":{"index":"index","follow":"follow","max-snippet":"max-snippet:-1","max-image-preview":"max-image-preview:large","max-video-preview":"max-video-preview:-1"},"canonical":"https:\/\/bien-etreiris.ch\/de\/produktpraesentation\/gesundes-leben\/gesunde-lebensmittel\/zutaten-wohlbefinden\/konditorei-desserts\/levure\/","og_locale":"de_DE","og_type":"article","og_title":"LEVURE - WOHLBEFINDEN","og_description":"&nbsp; &nbsp; &nbsp; &nbsp; &nbsp; Levure de boulangerie, BIO Une meilleure levure. De meilleurs r\u00e9sultats. L'innovation de la levure BIOVEGAN n'inspire pas seulement les boulangers amateurs. Puissance maximale de la levure gr\u00e2ce \u00e0 des boules de levure uniques. Les bienfaits de la levure de boulangerie pour mieux cuisiner. Contenu : 7 g (pour 500 g de farine) CHF 0.80 1&nbsp;Weiter lesen","og_url":"https:\/\/bien-etreiris.ch\/de\/produktpraesentation\/gesundes-leben\/gesunde-lebensmittel\/zutaten-wohlbefinden\/konditorei-desserts\/levure\/","og_site_name":"WOHLBEFINDEN","article_publisher":"https:\/\/www.facebook.com\/bienetreiris\/","article_modified_time":"2021-08-02T08:13:33+00:00","og_image":[{"width":500,"height":390,"url":"https:\/\/bien-etreiris.ch\/wp-content\/uploads\/2021\/08\/acceuil-levure.jpg","type":"image\/jpeg"}],"twitter_misc":{"Gesch\u00e4tzte Lesezeit":"1\u00a0Minute"},"schema":{"@context":"https:\/\/schema.org","@graph":[{"@type":"WebPage","@id":"https:\/\/bien-etreiris.ch\/de\/produktpraesentation\/gesundes-leben\/gesunde-lebensmittel\/zutaten-wohlbefinden\/konditorei-desserts\/levure\/","url":"https:\/\/bien-etreiris.ch\/de\/produktpraesentation\/gesundes-leben\/gesunde-lebensmittel\/zutaten-wohlbefinden\/konditorei-desserts\/levure\/","name":"LEVURE - WOHLBEFINDEN","isPartOf":{"@id":"https:\/\/bien-etreiris.ch\/de\/#website"},"primaryImageOfPage":{"@id":"https:\/\/bien-etreiris.ch\/de\/produktpraesentation\/gesundes-leben\/gesunde-lebensmittel\/zutaten-wohlbefinden\/konditorei-desserts\/levure\/#primaryimage"},"image":{"@id":"https:\/\/bien-etreiris.ch\/de\/produktpraesentation\/gesundes-leben\/gesunde-lebensmittel\/zutaten-wohlbefinden\/konditorei-desserts\/levure\/#primaryimage"},"thumbnailUrl":"https:\/\/bien-etreiris.ch\/wp-content\/uploads\/2021\/08\/acceuil-levure.jpg","datePublished":"2021-08-01T18:50:24+00:00","dateModified":"2021-08-02T08:13:33+00:00","breadcrumb":{"@id":"https:\/\/bien-etreiris.ch\/de\/produktpraesentation\/gesundes-leben\/gesunde-lebensmittel\/zutaten-wohlbefinden\/konditorei-desserts\/levure\/#breadcrumb"},"inLanguage":"de","potentialAction":[{"@type":"ReadAction","target":["https:\/\/bien-etreiris.ch\/de\/produktpraesentation\/gesundes-leben\/gesunde-lebensmittel\/zutaten-wohlbefinden\/konditorei-desserts\/levure\/"]}]},{"@type":"ImageObject","inLanguage":"de","@id":"https:\/\/bien-etreiris.ch\/de\/produktpraesentation\/gesundes-leben\/gesunde-lebensmittel\/zutaten-wohlbefinden\/konditorei-desserts\/levure\/#primaryimage","url":"https:\/\/bien-etreiris.ch\/wp-content\/uploads\/2021\/08\/acceuil-levure.jpg","contentUrl":"https:\/\/bien-etreiris.ch\/wp-content\/uploads\/2021\/08\/acceuil-levure.jpg","width":500,"height":390},{"@type":"BreadcrumbList","@id":"https:\/\/bien-etreiris.ch\/de\/produktpraesentation\/gesundes-leben\/gesunde-lebensmittel\/zutaten-wohlbefinden\/konditorei-desserts\/levure\/#breadcrumb","itemListElement":[{"@type":"ListItem","position":1,"name":"Home","item":"https:\/\/bien-etreiris.ch\/de\/"},{"@type":"ListItem","position":2,"name":"PRODUKTPR\u00c4SENTATION","item":"https:\/\/bien-etreiris.ch\/de\/produktpraesentation\/"},{"@type":"ListItem","position":3,"name":"GESUNDES LEBEN","item":"https:\/\/bien-etreiris.ch\/de\/produktpraesentation\/gesundes-leben\/"},{"@type":"ListItem","position":4,"name":"GESUNDE LEBENSMITTEL","item":"https:\/\/bien-etreiris.ch\/de\/produktpraesentation\/gesundes-leben\/gesunde-lebensmittel\/"},{"@type":"ListItem","position":5,"name":"ZUTATEN","item":"https:\/\/bien-etreiris.ch\/de\/produktpraesentation\/gesundes-leben\/gesunde-lebensmittel\/zutaten-wohlbefinden\/"},{"@type":"ListItem","position":6,"name":"KONDITOREI &#8211; DESSERTS","item":"https:\/\/bien-etreiris.ch\/de\/produktpraesentation\/gesundes-leben\/gesunde-lebensmittel\/zutaten-wohlbefinden\/konditorei-desserts\/"},{"@type":"ListItem","position":7,"name":"LEVURE"}]},{"@type":"WebSite","@id":"https:\/\/bien-etreiris.ch\/de\/#website","url":"https:\/\/bien-etreiris.ch\/de\/","name":"Bien-\u00eatre Iris","description":"IHRE Gesundheit ist uns wichtig","potentialAction":[{"@type":"SearchAction","target":{"@type":"EntryPoint","urlTemplate":"https:\/\/bien-etreiris.ch\/de\/?s={search_term_string}"},"query-input":{"@type":"PropertyValueSpecification","valueRequired":true,"valueName":"search_term_string"}}],"inLanguage":"de"}]}},"_links":{"self":[{"href":"https:\/\/bien-etreiris.ch\/de\/wp-json\/wp\/v2\/pages\/52907","targetHints":{"allow":["GET"]}}],"collection":[{"href":"https:\/\/bien-etreiris.ch\/de\/wp-json\/wp\/v2\/pages"}],"about":[{"href":"https:\/\/bien-etreiris.ch\/de\/wp-json\/wp\/v2\/types\/page"}],"author":[{"embeddable":true,"href":"https:\/\/bien-etreiris.ch\/de\/wp-json\/wp\/v2\/users\/1"}],"replies":[{"embeddable":true,"href":"https:\/\/bien-etreiris.ch\/de\/wp-json\/wp\/v2\/comments?post=52907"}],"version-history":[{"count":2,"href":"https:\/\/bien-etreiris.ch\/de\/wp-json\/wp\/v2\/pages\/52907\/revisions"}],"predecessor-version":[{"id":52913,"href":"https:\/\/bien-etreiris.ch\/de\/wp-json\/wp\/v2\/pages\/52907\/revisions\/52913"}],"up":[{"embeddable":true,"href":"https:\/\/bien-etreiris.ch\/de\/wp-json\/wp\/v2\/pages\/51812"}],"wp:featuredmedia":[{"embeddable":true,"href":"https:\/\/bien-etreiris.ch\/de\/wp-json\/wp\/v2\/media\/52905"}],"wp:attachment":[{"href":"https:\/\/bien-etreiris.ch\/de\/wp-json\/wp\/v2\/media?parent=52907"}],"curies":[{"name":"wp","href":"https:\/\/api.w.org\/{rel}","templated":true}]}}