{"id":52875,"date":"2021-08-01T20:17:33","date_gmt":"2021-08-01T18:17:33","guid":{"rendered":"https:\/\/bien-etreiris.ch\/?page_id=52875"},"modified":"2021-08-02T10:09:18","modified_gmt":"2021-08-02T08:09:18","slug":"pudding-a-la-vanille","status":"publish","type":"page","link":"https:\/\/bien-etreiris.ch\/de\/produktpraesentation\/gesundes-leben\/gesunde-lebensmittel\/zutaten-wohlbefinden\/konditorei-desserts\/pudding-a-la-vanille\/","title":{"rendered":"PUDDING A LA VANILLE"},"content":{"rendered":"\n<h2>Pudding \u00e0 la vanille, BIO<\/h2>\n<p><a href=\"https:\/\/bien-etreiris.ch\/wp-content\/uploads\/2021\/08\/pudding-a-la-vanille.jpg\"><img loading=\"lazy\" decoding=\"async\" class=\" wp-image-52871 alignleft\" src=\"https:\/\/bien-etreiris.ch\/wp-content\/uploads\/2021\/08\/pudding-a-la-vanille-200x300.jpg\" alt=\"\" width=\"303\" height=\"455\" srcset=\"https:\/\/bien-etreiris.ch\/wp-content\/uploads\/2021\/08\/pudding-a-la-vanille-200x300.jpg 200w, https:\/\/bien-etreiris.ch\/wp-content\/uploads\/2021\/08\/pudding-a-la-vanille-684x1024.jpg 684w, https:\/\/bien-etreiris.ch\/wp-content\/uploads\/2021\/08\/pudding-a-la-vanille-768x1150.jpg 768w, https:\/\/bien-etreiris.ch\/wp-content\/uploads\/2021\/08\/pudding-a-la-vanille-1025x1536.jpg 1025w, https:\/\/bien-etreiris.ch\/wp-content\/uploads\/2021\/08\/pudding-a-la-vanille-1367x2048.jpg 1367w, https:\/\/bien-etreiris.ch\/wp-content\/uploads\/2021\/08\/pudding-a-la-vanille.jpg 1639w\" sizes=\"auto, (max-width: 303px) 100vw, 303px\" \/><\/a><\/p>\n<p>&nbsp;<\/p>\n<p>&nbsp;<\/p>\n<p>&nbsp;<\/p>\n<p>&nbsp;<\/p>\n<p>Avec de la vanille bourbon<\/p>\n<p>Raffin\u00e9 avec une touche du plus fin sel de l'Himalaya et de la v\u00e9ritable vanille bourbon biologique de Madagascar.<\/p>\n<p>Contenu : 33 g (pour 500 ml de boisson v\u00e9g\u00e9tale \/ lait) <strong>CHF 1.50<\/strong><\/p>\n<p>Emballage enti\u00e8rement \u00e9cologique, enti\u00e8rement compostable!**<\/p>\n<p>&nbsp;<\/p>\n<p>&nbsp;<\/p>\n<p>&nbsp;<\/p>\n<p>&nbsp;<\/p>\n<p>&nbsp;<\/p>\n<h4>Ingr\u00e9dients<\/h4>\n<p>Amidon de ma\u00efs*, vanille bourbon 1,6 %*, sel.<\/p>\n<p>*provenant d'une culture biologique contr\u00f4l\u00e9e<\/p>\n<p>&nbsp;<\/p>\n<h4>Pr\u00e9paration<\/h4>\n<p>M\u00e9langez environ 100 ml du liquide avec le contenu du sachet jusqu'\u00e0 obtenir un m\u00e9lange homog\u00e8ne. Faites bouillir le liquide restant avec l'\u00e9dulcorant sec. Ajoutez la poudre remu\u00e9e. Faire cuire \u00e0 basse temp\u00e9rature pendant 2 minutes, en remuant. Versez la cr\u00e8me p\u00e2tissi\u00e8re dans des bols et laissez-la refroidir.<\/p>\n<p>Conseil : Versez le pudding chaud dans des petits verres, laissez-le refroidir et retournez-le sur une assiette. Garnir de copeaux de chocolat noir et de fruits, pr\u00eat ! Vous pouvez \u00e9galement d\u00e9guster le pudding \u00e0 la vanille avec l'une de nos d\u00e9licieuses sauces pour dessert, par exemple \u00e0 la fraise ou au chocolat.<\/p>\n<p>Remarque : la consistance peut varier si l'on utilise certaines boissons \u00e0 base de plantes (par exemple, la boisson de riz).<\/p>\n<p>&nbsp;<\/p>\n<p>**La petite contribution pour moins de plastique sur notre plan\u00e8te ! Cet emballage BIOVEGAN enti\u00e8rement compostable se d\u00e9compose en CO2, en eau et en nouvelle biomasse apr\u00e8s environ 6 \u00e0 9 mois.<\/p>\n<p>&nbsp;<\/p>\n","protected":false},"excerpt":{"rendered":"<p>Pudding \u00e0 la vanille, BIO &nbsp; &nbsp; &nbsp; &nbsp; Avec de la vanille bourbon Raffin\u00e9 avec une touche du plus fin sel de l'Himalaya et de la v\u00e9ritable vanille bourbon biologique de Madagascar. Contenu : 33 g (pour 500 ml de boisson v\u00e9g\u00e9tale \/ lait) CHF 1.50 Emballage enti\u00e8rement \u00e9cologique, enti\u00e8rement compostable!** &nbsp; &nbsp; &nbsp; &nbsp; &nbsp; Ingr\u00e9dients Amidon de&nbsp;<a href=\"https:\/\/bien-etreiris.ch\/de\/produktpraesentation\/gesundes-leben\/gesunde-lebensmittel\/zutaten-wohlbefinden\/konditorei-desserts\/pudding-a-la-vanille\/\" class=\"read-more\">Weiter lesen<\/a><\/p>\n","protected":false},"author":1,"featured_media":52870,"parent":51812,"menu_order":5064,"comment_status":"closed","ping_status":"closed","template":"page-with-child.php","meta":{"_acf_changed":false,"ngg_post_thumbnail":0,"footnotes":""},"class_list":["post-52875","page","type-page","status-publish","has-post-thumbnail","hentry"],"acf":[],"yoast_head":"<!-- This site is optimized with the Yoast SEO plugin v27.5 - https:\/\/yoast.com\/product\/yoast-seo-wordpress\/ -->\n<title>PUDDING A LA VANILLE - WOHLBEFINDEN<\/title>\n<meta name=\"robots\" content=\"index, follow, max-snippet:-1, max-image-preview:large, max-video-preview:-1\" \/>\n<link rel=\"canonical\" href=\"https:\/\/bien-etreiris.ch\/de\/produktpraesentation\/gesundes-leben\/gesunde-lebensmittel\/zutaten-wohlbefinden\/konditorei-desserts\/pudding-a-la-vanille\/\" \/>\n<meta property=\"og:locale\" content=\"de_DE\" \/>\n<meta property=\"og:type\" content=\"article\" \/>\n<meta property=\"og:title\" content=\"PUDDING A LA VANILLE - WOHLBEFINDEN\" \/>\n<meta property=\"og:description\" content=\"Pudding \u00e0 la vanille, BIO &nbsp; &nbsp; &nbsp; &nbsp; Avec de la vanille bourbon Raffin\u00e9 avec une touche du plus fin sel de l&#039;Himalaya et de la v\u00e9ritable vanille bourbon biologique de Madagascar. Contenu : 33 g (pour 500 ml de boisson v\u00e9g\u00e9tale \/ lait) CHF 1.50 Emballage enti\u00e8rement \u00e9cologique, enti\u00e8rement compostable!** &nbsp; &nbsp; &nbsp; &nbsp; &nbsp; Ingr\u00e9dients Amidon de&nbsp;Weiter lesen\" \/>\n<meta property=\"og:url\" content=\"https:\/\/bien-etreiris.ch\/de\/produktpraesentation\/gesundes-leben\/gesunde-lebensmittel\/zutaten-wohlbefinden\/konditorei-desserts\/pudding-a-la-vanille\/\" \/>\n<meta property=\"og:site_name\" content=\"WOHLBEFINDEN\" \/>\n<meta property=\"article:publisher\" content=\"https:\/\/www.facebook.com\/bienetreiris\/\" \/>\n<meta property=\"article:modified_time\" content=\"2021-08-02T08:09:18+00:00\" \/>\n<meta property=\"og:image\" content=\"https:\/\/bien-etreiris.ch\/wp-content\/uploads\/2021\/08\/acceuil-pudding-a-la-vanille.jpg\" \/>\n\t<meta property=\"og:image:width\" content=\"500\" \/>\n\t<meta property=\"og:image:height\" content=\"351\" \/>\n\t<meta property=\"og:image:type\" content=\"image\/jpeg\" \/>\n<meta name=\"twitter:label1\" content=\"Gesch\u00e4tzte Lesezeit\" \/>\n\t<meta name=\"twitter:data1\" content=\"2\u00a0Minuten\" \/>\n<script type=\"application\/ld+json\" class=\"yoast-schema-graph\">{\"@context\":\"https:\\\/\\\/schema.org\",\"@graph\":[{\"@type\":\"WebPage\",\"@id\":\"https:\\\/\\\/bien-etreiris.ch\\\/de\\\/produktpraesentation\\\/gesundes-leben\\\/gesunde-lebensmittel\\\/zutaten-wohlbefinden\\\/konditorei-desserts\\\/pudding-a-la-vanille\\\/\",\"url\":\"https:\\\/\\\/bien-etreiris.ch\\\/de\\\/produktpraesentation\\\/gesundes-leben\\\/gesunde-lebensmittel\\\/zutaten-wohlbefinden\\\/konditorei-desserts\\\/pudding-a-la-vanille\\\/\",\"name\":\"PUDDING A LA VANILLE - WOHLBEFINDEN\",\"isPartOf\":{\"@id\":\"https:\\\/\\\/bien-etreiris.ch\\\/de\\\/#website\"},\"primaryImageOfPage\":{\"@id\":\"https:\\\/\\\/bien-etreiris.ch\\\/de\\\/produktpraesentation\\\/gesundes-leben\\\/gesunde-lebensmittel\\\/zutaten-wohlbefinden\\\/konditorei-desserts\\\/pudding-a-la-vanille\\\/#primaryimage\"},\"image\":{\"@id\":\"https:\\\/\\\/bien-etreiris.ch\\\/de\\\/produktpraesentation\\\/gesundes-leben\\\/gesunde-lebensmittel\\\/zutaten-wohlbefinden\\\/konditorei-desserts\\\/pudding-a-la-vanille\\\/#primaryimage\"},\"thumbnailUrl\":\"https:\\\/\\\/bien-etreiris.ch\\\/wp-content\\\/uploads\\\/2021\\\/08\\\/acceuil-pudding-a-la-vanille.jpg\",\"datePublished\":\"2021-08-01T18:17:33+00:00\",\"dateModified\":\"2021-08-02T08:09:18+00:00\",\"breadcrumb\":{\"@id\":\"https:\\\/\\\/bien-etreiris.ch\\\/de\\\/produktpraesentation\\\/gesundes-leben\\\/gesunde-lebensmittel\\\/zutaten-wohlbefinden\\\/konditorei-desserts\\\/pudding-a-la-vanille\\\/#breadcrumb\"},\"inLanguage\":\"de\",\"potentialAction\":[{\"@type\":\"ReadAction\",\"target\":[\"https:\\\/\\\/bien-etreiris.ch\\\/de\\\/produktpraesentation\\\/gesundes-leben\\\/gesunde-lebensmittel\\\/zutaten-wohlbefinden\\\/konditorei-desserts\\\/pudding-a-la-vanille\\\/\"]}]},{\"@type\":\"ImageObject\",\"inLanguage\":\"de\",\"@id\":\"https:\\\/\\\/bien-etreiris.ch\\\/de\\\/produktpraesentation\\\/gesundes-leben\\\/gesunde-lebensmittel\\\/zutaten-wohlbefinden\\\/konditorei-desserts\\\/pudding-a-la-vanille\\\/#primaryimage\",\"url\":\"https:\\\/\\\/bien-etreiris.ch\\\/wp-content\\\/uploads\\\/2021\\\/08\\\/acceuil-pudding-a-la-vanille.jpg\",\"contentUrl\":\"https:\\\/\\\/bien-etreiris.ch\\\/wp-content\\\/uploads\\\/2021\\\/08\\\/acceuil-pudding-a-la-vanille.jpg\",\"width\":500,\"height\":351},{\"@type\":\"BreadcrumbList\",\"@id\":\"https:\\\/\\\/bien-etreiris.ch\\\/de\\\/produktpraesentation\\\/gesundes-leben\\\/gesunde-lebensmittel\\\/zutaten-wohlbefinden\\\/konditorei-desserts\\\/pudding-a-la-vanille\\\/#breadcrumb\",\"itemListElement\":[{\"@type\":\"ListItem\",\"position\":1,\"name\":\"Home\",\"item\":\"https:\\\/\\\/bien-etreiris.ch\\\/de\\\/\"},{\"@type\":\"ListItem\",\"position\":2,\"name\":\"PRODUKTPR\u00c4SENTATION\",\"item\":\"https:\\\/\\\/bien-etreiris.ch\\\/de\\\/produktpraesentation\\\/\"},{\"@type\":\"ListItem\",\"position\":3,\"name\":\"GESUNDES LEBEN\",\"item\":\"https:\\\/\\\/bien-etreiris.ch\\\/de\\\/produktpraesentation\\\/gesundes-leben\\\/\"},{\"@type\":\"ListItem\",\"position\":4,\"name\":\"GESUNDE LEBENSMITTEL\",\"item\":\"https:\\\/\\\/bien-etreiris.ch\\\/de\\\/produktpraesentation\\\/gesundes-leben\\\/gesunde-lebensmittel\\\/\"},{\"@type\":\"ListItem\",\"position\":5,\"name\":\"ZUTATEN\",\"item\":\"https:\\\/\\\/bien-etreiris.ch\\\/de\\\/produktpraesentation\\\/gesundes-leben\\\/gesunde-lebensmittel\\\/zutaten-wohlbefinden\\\/\"},{\"@type\":\"ListItem\",\"position\":6,\"name\":\"KONDITOREI &#8211; DESSERTS\",\"item\":\"https:\\\/\\\/bien-etreiris.ch\\\/de\\\/produktpraesentation\\\/gesundes-leben\\\/gesunde-lebensmittel\\\/zutaten-wohlbefinden\\\/konditorei-desserts\\\/\"},{\"@type\":\"ListItem\",\"position\":7,\"name\":\"PUDDING A LA VANILLE\"}]},{\"@type\":\"WebSite\",\"@id\":\"https:\\\/\\\/bien-etreiris.ch\\\/de\\\/#website\",\"url\":\"https:\\\/\\\/bien-etreiris.ch\\\/de\\\/\",\"name\":\"Bien-\u00eatre Iris\",\"description\":\"IHRE Gesundheit ist uns wichtig\",\"potentialAction\":[{\"@type\":\"SearchAction\",\"target\":{\"@type\":\"EntryPoint\",\"urlTemplate\":\"https:\\\/\\\/bien-etreiris.ch\\\/de\\\/?s={search_term_string}\"},\"query-input\":{\"@type\":\"PropertyValueSpecification\",\"valueRequired\":true,\"valueName\":\"search_term_string\"}}],\"inLanguage\":\"de\"}]}<\/script>\n<!-- \/ Yoast SEO plugin. -->","yoast_head_json":{"title":"PUDDING A LA VANILLE - WOHLBEFINDEN","robots":{"index":"index","follow":"follow","max-snippet":"max-snippet:-1","max-image-preview":"max-image-preview:large","max-video-preview":"max-video-preview:-1"},"canonical":"https:\/\/bien-etreiris.ch\/de\/produktpraesentation\/gesundes-leben\/gesunde-lebensmittel\/zutaten-wohlbefinden\/konditorei-desserts\/pudding-a-la-vanille\/","og_locale":"de_DE","og_type":"article","og_title":"PUDDING A LA VANILLE - WOHLBEFINDEN","og_description":"Pudding \u00e0 la vanille, BIO &nbsp; &nbsp; &nbsp; &nbsp; Avec de la vanille bourbon Raffin\u00e9 avec une touche du plus fin sel de l'Himalaya et de la v\u00e9ritable vanille bourbon biologique de Madagascar. Contenu : 33 g (pour 500 ml de boisson v\u00e9g\u00e9tale \/ lait) CHF 1.50 Emballage enti\u00e8rement \u00e9cologique, enti\u00e8rement compostable!** &nbsp; &nbsp; &nbsp; &nbsp; &nbsp; Ingr\u00e9dients Amidon de&nbsp;Weiter lesen","og_url":"https:\/\/bien-etreiris.ch\/de\/produktpraesentation\/gesundes-leben\/gesunde-lebensmittel\/zutaten-wohlbefinden\/konditorei-desserts\/pudding-a-la-vanille\/","og_site_name":"WOHLBEFINDEN","article_publisher":"https:\/\/www.facebook.com\/bienetreiris\/","article_modified_time":"2021-08-02T08:09:18+00:00","og_image":[{"width":500,"height":351,"url":"https:\/\/bien-etreiris.ch\/wp-content\/uploads\/2021\/08\/acceuil-pudding-a-la-vanille.jpg","type":"image\/jpeg"}],"twitter_misc":{"Gesch\u00e4tzte Lesezeit":"2\u00a0Minuten"},"schema":{"@context":"https:\/\/schema.org","@graph":[{"@type":"WebPage","@id":"https:\/\/bien-etreiris.ch\/de\/produktpraesentation\/gesundes-leben\/gesunde-lebensmittel\/zutaten-wohlbefinden\/konditorei-desserts\/pudding-a-la-vanille\/","url":"https:\/\/bien-etreiris.ch\/de\/produktpraesentation\/gesundes-leben\/gesunde-lebensmittel\/zutaten-wohlbefinden\/konditorei-desserts\/pudding-a-la-vanille\/","name":"PUDDING A LA VANILLE - WOHLBEFINDEN","isPartOf":{"@id":"https:\/\/bien-etreiris.ch\/de\/#website"},"primaryImageOfPage":{"@id":"https:\/\/bien-etreiris.ch\/de\/produktpraesentation\/gesundes-leben\/gesunde-lebensmittel\/zutaten-wohlbefinden\/konditorei-desserts\/pudding-a-la-vanille\/#primaryimage"},"image":{"@id":"https:\/\/bien-etreiris.ch\/de\/produktpraesentation\/gesundes-leben\/gesunde-lebensmittel\/zutaten-wohlbefinden\/konditorei-desserts\/pudding-a-la-vanille\/#primaryimage"},"thumbnailUrl":"https:\/\/bien-etreiris.ch\/wp-content\/uploads\/2021\/08\/acceuil-pudding-a-la-vanille.jpg","datePublished":"2021-08-01T18:17:33+00:00","dateModified":"2021-08-02T08:09:18+00:00","breadcrumb":{"@id":"https:\/\/bien-etreiris.ch\/de\/produktpraesentation\/gesundes-leben\/gesunde-lebensmittel\/zutaten-wohlbefinden\/konditorei-desserts\/pudding-a-la-vanille\/#breadcrumb"},"inLanguage":"de","potentialAction":[{"@type":"ReadAction","target":["https:\/\/bien-etreiris.ch\/de\/produktpraesentation\/gesundes-leben\/gesunde-lebensmittel\/zutaten-wohlbefinden\/konditorei-desserts\/pudding-a-la-vanille\/"]}]},{"@type":"ImageObject","inLanguage":"de","@id":"https:\/\/bien-etreiris.ch\/de\/produktpraesentation\/gesundes-leben\/gesunde-lebensmittel\/zutaten-wohlbefinden\/konditorei-desserts\/pudding-a-la-vanille\/#primaryimage","url":"https:\/\/bien-etreiris.ch\/wp-content\/uploads\/2021\/08\/acceuil-pudding-a-la-vanille.jpg","contentUrl":"https:\/\/bien-etreiris.ch\/wp-content\/uploads\/2021\/08\/acceuil-pudding-a-la-vanille.jpg","width":500,"height":351},{"@type":"BreadcrumbList","@id":"https:\/\/bien-etreiris.ch\/de\/produktpraesentation\/gesundes-leben\/gesunde-lebensmittel\/zutaten-wohlbefinden\/konditorei-desserts\/pudding-a-la-vanille\/#breadcrumb","itemListElement":[{"@type":"ListItem","position":1,"name":"Home","item":"https:\/\/bien-etreiris.ch\/de\/"},{"@type":"ListItem","position":2,"name":"PRODUKTPR\u00c4SENTATION","item":"https:\/\/bien-etreiris.ch\/de\/produktpraesentation\/"},{"@type":"ListItem","position":3,"name":"GESUNDES LEBEN","item":"https:\/\/bien-etreiris.ch\/de\/produktpraesentation\/gesundes-leben\/"},{"@type":"ListItem","position":4,"name":"GESUNDE LEBENSMITTEL","item":"https:\/\/bien-etreiris.ch\/de\/produktpraesentation\/gesundes-leben\/gesunde-lebensmittel\/"},{"@type":"ListItem","position":5,"name":"ZUTATEN","item":"https:\/\/bien-etreiris.ch\/de\/produktpraesentation\/gesundes-leben\/gesunde-lebensmittel\/zutaten-wohlbefinden\/"},{"@type":"ListItem","position":6,"name":"KONDITOREI &#8211; DESSERTS","item":"https:\/\/bien-etreiris.ch\/de\/produktpraesentation\/gesundes-leben\/gesunde-lebensmittel\/zutaten-wohlbefinden\/konditorei-desserts\/"},{"@type":"ListItem","position":7,"name":"PUDDING A LA VANILLE"}]},{"@type":"WebSite","@id":"https:\/\/bien-etreiris.ch\/de\/#website","url":"https:\/\/bien-etreiris.ch\/de\/","name":"Bien-\u00eatre Iris","description":"IHRE Gesundheit ist uns wichtig","potentialAction":[{"@type":"SearchAction","target":{"@type":"EntryPoint","urlTemplate":"https:\/\/bien-etreiris.ch\/de\/?s={search_term_string}"},"query-input":{"@type":"PropertyValueSpecification","valueRequired":true,"valueName":"search_term_string"}}],"inLanguage":"de"}]}},"_links":{"self":[{"href":"https:\/\/bien-etreiris.ch\/de\/wp-json\/wp\/v2\/pages\/52875","targetHints":{"allow":["GET"]}}],"collection":[{"href":"https:\/\/bien-etreiris.ch\/de\/wp-json\/wp\/v2\/pages"}],"about":[{"href":"https:\/\/bien-etreiris.ch\/de\/wp-json\/wp\/v2\/types\/page"}],"author":[{"embeddable":true,"href":"https:\/\/bien-etreiris.ch\/de\/wp-json\/wp\/v2\/users\/1"}],"replies":[{"embeddable":true,"href":"https:\/\/bien-etreiris.ch\/de\/wp-json\/wp\/v2\/comments?post=52875"}],"version-history":[{"count":2,"href":"https:\/\/bien-etreiris.ch\/de\/wp-json\/wp\/v2\/pages\/52875\/revisions"}],"predecessor-version":[{"id":52881,"href":"https:\/\/bien-etreiris.ch\/de\/wp-json\/wp\/v2\/pages\/52875\/revisions\/52881"}],"up":[{"embeddable":true,"href":"https:\/\/bien-etreiris.ch\/de\/wp-json\/wp\/v2\/pages\/51812"}],"wp:featuredmedia":[{"embeddable":true,"href":"https:\/\/bien-etreiris.ch\/de\/wp-json\/wp\/v2\/media\/52870"}],"wp:attachment":[{"href":"https:\/\/bien-etreiris.ch\/de\/wp-json\/wp\/v2\/media?parent=52875"}],"curies":[{"name":"wp","href":"https:\/\/api.w.org\/{rel}","templated":true}]}}