{"id":52841,"date":"2021-08-01T18:20:15","date_gmt":"2021-08-01T16:20:15","guid":{"rendered":"https:\/\/bien-etreiris.ch\/?page_id=52841"},"modified":"2021-08-02T10:10:53","modified_gmt":"2021-08-02T08:10:53","slug":"pudding-au-chocolat","status":"publish","type":"page","link":"https:\/\/bien-etreiris.ch\/de\/produktpraesentation\/gesundes-leben\/gesunde-lebensmittel\/zutaten-wohlbefinden\/konditorei-desserts\/pudding-au-chocolat\/","title":{"rendered":"PUDDING AU CHOCOLAT"},"content":{"rendered":"\n<h2>Pudding au chocolat<\/h2>\n<p><a href=\"https:\/\/bien-etreiris.ch\/wp-content\/uploads\/2021\/08\/pudding-au-chocolat-du-Paradis-1.jpg\"><img loading=\"lazy\" decoding=\"async\" class=\"size-medium wp-image-52837 alignleft\" src=\"https:\/\/bien-etreiris.ch\/wp-content\/uploads\/2021\/08\/pudding-au-chocolat-du-Paradis-1-202x300.jpg\" alt=\"\" width=\"202\" height=\"300\" srcset=\"https:\/\/bien-etreiris.ch\/wp-content\/uploads\/2021\/08\/pudding-au-chocolat-du-Paradis-1-202x300.jpg 202w, https:\/\/bien-etreiris.ch\/wp-content\/uploads\/2021\/08\/pudding-au-chocolat-du-Paradis-1-690x1024.jpg 690w, https:\/\/bien-etreiris.ch\/wp-content\/uploads\/2021\/08\/pudding-au-chocolat-du-Paradis-1-768x1139.jpg 768w, https:\/\/bien-etreiris.ch\/wp-content\/uploads\/2021\/08\/pudding-au-chocolat-du-Paradis-1-1036x1536.jpg 1036w, https:\/\/bien-etreiris.ch\/wp-content\/uploads\/2021\/08\/pudding-au-chocolat-du-Paradis-1-1381x2048.jpg 1381w, https:\/\/bien-etreiris.ch\/wp-content\/uploads\/2021\/08\/pudding-au-chocolat-du-Paradis-1.jpg 1588w\" sizes=\"auto, (max-width: 202px) 100vw, 202px\" \/><\/a><\/p>\n<p>&nbsp;<\/p>\n<p>&nbsp;<\/p>\n<p><strong>BIOVEGAN<\/strong><\/p>\n<p><strong>Pudding au chocolat, BIO<\/strong><\/p>\n<p>Avec de d\u00e9licieux copeaux de chocolat<\/p>\n<p>Le pudding au chocolat BIOVEGAN d\u00e9ploie toute sa saveur naturelle avec des copeaux de chocolat noir extra et un soup\u00e7on du meilleur sel de l'Himalaya.<\/p>\n<p>Contenu : 50 g (pour 500 ml de boisson v\u00e9g\u00e9tale \/ lait)&nbsp; <strong>CHF 1.20<\/strong><\/p>\n<p>Emballage enti\u00e8rement \u00e9cologique, enti\u00e8rement compostable!**<\/p>\n<p>&nbsp;<\/p>\n<h4>&nbsp;<\/h4>\n<h4><br>Ingr\u00e9dients<\/h4>\n<p>amidon de ma\u00efs*, 16 % de cacao*, 10 % d'enrobage de chocolat noir*1 (p\u00e2te de cacao*, sucre de canne complet*, sucre de canne*, beurre de cacao*, \u00e9mulsifiant : l\u00e9cithine* (soja*)), sel.<\/p>\n<p>*provenant d'une culture biologique contr\u00f4l\u00e9e<br>\u00b9Cacao : 55 % minimum<\/p>\n<p>contient les ingr\u00e9dients allerg\u00e8nes suivants : soja<\/p>\n<p>&nbsp;<\/p>\n<h4>Pr\u00e9paration<\/h4>\n<p><br>Pudding au chocolat<\/p>\n<p><strong>Vous ajoutez<\/strong><\/p>\n<p>500 ml boisson v\u00e9g\u00e9tale \/ lait<\/p>\n<p>&nbsp;<\/p>\n<p>M\u00e9langez environ 100 ml du liquide avec le contenu du sachet jusqu'\u00e0 obtenir un m\u00e9lange homog\u00e8ne. Faites bouillir le liquide restant avec l'\u00e9dulcorant sec. Ajoutez la poudre remu\u00e9e. Faire cuire \u00e0 basse temp\u00e9rature pendant 2 minutes, en remuant. Versez le pudding dans des bols et laissez refroidir.<\/p>\n<p>Remarque : la consistance peut varier en cas d'utilisation de certaines boissons v\u00e9g\u00e9tales (par exemple, la boisson de riz).<\/p>\n<p>Conseil : Versez le pudding chaud dans des petits verres, laissez-le refroidir et retournez-le sur une assiette. Garnir de copeaux de chocolat noir et de fruits, pr\u00eat ! Vous pouvez \u00e9galement le d\u00e9guster avec notre d\u00e9licieuse sauce \u00e0 la vanille.<\/p>\n<p>&nbsp;<\/p>\n<p>**La petite contribution pour moins de plastique sur notre plan\u00e8te ! Cet emballage BIOVEGAN enti\u00e8rement compostable se d\u00e9compose en CO2, en eau et en nouvelle biomasse apr\u00e8s environ 6 \u00e0 9 mois.<\/p>\n","protected":false},"excerpt":{"rendered":"<p>Pudding au chocolat &nbsp; &nbsp; BIOVEGAN Pudding au chocolat, BIO Avec de d\u00e9licieux copeaux de chocolat Le pudding au chocolat BIOVEGAN d\u00e9ploie toute sa saveur naturelle avec des copeaux de chocolat noir extra et un soup\u00e7on du meilleur sel de l'Himalaya. Contenu : 50 g (pour 500 ml de boisson v\u00e9g\u00e9tale \/ lait)&nbsp; CHF 1.20 Emballage enti\u00e8rement \u00e9cologique, enti\u00e8rement compostable!**&nbsp;<a href=\"https:\/\/bien-etreiris.ch\/de\/produktpraesentation\/gesundes-leben\/gesunde-lebensmittel\/zutaten-wohlbefinden\/konditorei-desserts\/pudding-au-chocolat\/\" class=\"read-more\">Weiter lesen<\/a><\/p>\n","protected":false},"author":1,"featured_media":52833,"parent":51812,"menu_order":5067,"comment_status":"closed","ping_status":"closed","template":"page-with-child.php","meta":{"_acf_changed":false,"ngg_post_thumbnail":0,"footnotes":""},"class_list":["post-52841","page","type-page","status-publish","has-post-thumbnail","hentry"],"acf":[],"yoast_head":"<!-- This site is optimized with the Yoast SEO plugin v27.5 - https:\/\/yoast.com\/product\/yoast-seo-wordpress\/ -->\n<title>PUDDING AU CHOCOLAT - WOHLBEFINDEN<\/title>\n<meta name=\"robots\" content=\"index, follow, max-snippet:-1, max-image-preview:large, max-video-preview:-1\" \/>\n<link rel=\"canonical\" href=\"https:\/\/bien-etreiris.ch\/de\/produktpraesentation\/gesundes-leben\/gesunde-lebensmittel\/zutaten-wohlbefinden\/konditorei-desserts\/pudding-au-chocolat\/\" \/>\n<meta property=\"og:locale\" content=\"de_DE\" \/>\n<meta property=\"og:type\" content=\"article\" \/>\n<meta property=\"og:title\" content=\"PUDDING AU CHOCOLAT - WOHLBEFINDEN\" \/>\n<meta property=\"og:description\" content=\"Pudding au chocolat &nbsp; &nbsp; BIOVEGAN Pudding au chocolat, BIO Avec de d\u00e9licieux copeaux de chocolat Le pudding au chocolat BIOVEGAN d\u00e9ploie toute sa saveur naturelle avec des copeaux de chocolat noir extra et un soup\u00e7on du meilleur sel de l&#039;Himalaya. Contenu : 50 g (pour 500 ml de boisson v\u00e9g\u00e9tale \/ lait)&nbsp; CHF 1.20 Emballage enti\u00e8rement \u00e9cologique, enti\u00e8rement compostable!**&nbsp;Weiter lesen\" \/>\n<meta property=\"og:url\" content=\"https:\/\/bien-etreiris.ch\/de\/produktpraesentation\/gesundes-leben\/gesunde-lebensmittel\/zutaten-wohlbefinden\/konditorei-desserts\/pudding-au-chocolat\/\" \/>\n<meta property=\"og:site_name\" content=\"WOHLBEFINDEN\" \/>\n<meta property=\"article:publisher\" content=\"https:\/\/www.facebook.com\/bienetreiris\/\" \/>\n<meta property=\"article:modified_time\" content=\"2021-08-02T08:10:53+00:00\" \/>\n<meta property=\"og:image\" content=\"https:\/\/bien-etreiris.ch\/wp-content\/uploads\/2021\/08\/acceuil-pudding-au-chocolat-du-Paradis.jpg\" \/>\n\t<meta property=\"og:image:width\" content=\"500\" \/>\n\t<meta property=\"og:image:height\" content=\"403\" \/>\n\t<meta property=\"og:image:type\" content=\"image\/jpeg\" \/>\n<meta name=\"twitter:label1\" content=\"Gesch\u00e4tzte Lesezeit\" \/>\n\t<meta name=\"twitter:data1\" content=\"2\u00a0Minuten\" \/>\n<script type=\"application\/ld+json\" class=\"yoast-schema-graph\">{\"@context\":\"https:\\\/\\\/schema.org\",\"@graph\":[{\"@type\":\"WebPage\",\"@id\":\"https:\\\/\\\/bien-etreiris.ch\\\/de\\\/produktpraesentation\\\/gesundes-leben\\\/gesunde-lebensmittel\\\/zutaten-wohlbefinden\\\/konditorei-desserts\\\/pudding-au-chocolat\\\/\",\"url\":\"https:\\\/\\\/bien-etreiris.ch\\\/de\\\/produktpraesentation\\\/gesundes-leben\\\/gesunde-lebensmittel\\\/zutaten-wohlbefinden\\\/konditorei-desserts\\\/pudding-au-chocolat\\\/\",\"name\":\"PUDDING AU CHOCOLAT - WOHLBEFINDEN\",\"isPartOf\":{\"@id\":\"https:\\\/\\\/bien-etreiris.ch\\\/de\\\/#website\"},\"primaryImageOfPage\":{\"@id\":\"https:\\\/\\\/bien-etreiris.ch\\\/de\\\/produktpraesentation\\\/gesundes-leben\\\/gesunde-lebensmittel\\\/zutaten-wohlbefinden\\\/konditorei-desserts\\\/pudding-au-chocolat\\\/#primaryimage\"},\"image\":{\"@id\":\"https:\\\/\\\/bien-etreiris.ch\\\/de\\\/produktpraesentation\\\/gesundes-leben\\\/gesunde-lebensmittel\\\/zutaten-wohlbefinden\\\/konditorei-desserts\\\/pudding-au-chocolat\\\/#primaryimage\"},\"thumbnailUrl\":\"https:\\\/\\\/bien-etreiris.ch\\\/wp-content\\\/uploads\\\/2021\\\/08\\\/acceuil-pudding-au-chocolat-du-Paradis.jpg\",\"datePublished\":\"2021-08-01T16:20:15+00:00\",\"dateModified\":\"2021-08-02T08:10:53+00:00\",\"breadcrumb\":{\"@id\":\"https:\\\/\\\/bien-etreiris.ch\\\/de\\\/produktpraesentation\\\/gesundes-leben\\\/gesunde-lebensmittel\\\/zutaten-wohlbefinden\\\/konditorei-desserts\\\/pudding-au-chocolat\\\/#breadcrumb\"},\"inLanguage\":\"de\",\"potentialAction\":[{\"@type\":\"ReadAction\",\"target\":[\"https:\\\/\\\/bien-etreiris.ch\\\/de\\\/produktpraesentation\\\/gesundes-leben\\\/gesunde-lebensmittel\\\/zutaten-wohlbefinden\\\/konditorei-desserts\\\/pudding-au-chocolat\\\/\"]}]},{\"@type\":\"ImageObject\",\"inLanguage\":\"de\",\"@id\":\"https:\\\/\\\/bien-etreiris.ch\\\/de\\\/produktpraesentation\\\/gesundes-leben\\\/gesunde-lebensmittel\\\/zutaten-wohlbefinden\\\/konditorei-desserts\\\/pudding-au-chocolat\\\/#primaryimage\",\"url\":\"https:\\\/\\\/bien-etreiris.ch\\\/wp-content\\\/uploads\\\/2021\\\/08\\\/acceuil-pudding-au-chocolat-du-Paradis.jpg\",\"contentUrl\":\"https:\\\/\\\/bien-etreiris.ch\\\/wp-content\\\/uploads\\\/2021\\\/08\\\/acceuil-pudding-au-chocolat-du-Paradis.jpg\",\"width\":500,\"height\":403},{\"@type\":\"BreadcrumbList\",\"@id\":\"https:\\\/\\\/bien-etreiris.ch\\\/de\\\/produktpraesentation\\\/gesundes-leben\\\/gesunde-lebensmittel\\\/zutaten-wohlbefinden\\\/konditorei-desserts\\\/pudding-au-chocolat\\\/#breadcrumb\",\"itemListElement\":[{\"@type\":\"ListItem\",\"position\":1,\"name\":\"Home\",\"item\":\"https:\\\/\\\/bien-etreiris.ch\\\/de\\\/\"},{\"@type\":\"ListItem\",\"position\":2,\"name\":\"PRODUKTPR\u00c4SENTATION\",\"item\":\"https:\\\/\\\/bien-etreiris.ch\\\/de\\\/produktpraesentation\\\/\"},{\"@type\":\"ListItem\",\"position\":3,\"name\":\"GESUNDES LEBEN\",\"item\":\"https:\\\/\\\/bien-etreiris.ch\\\/de\\\/produktpraesentation\\\/gesundes-leben\\\/\"},{\"@type\":\"ListItem\",\"position\":4,\"name\":\"GESUNDE LEBENSMITTEL\",\"item\":\"https:\\\/\\\/bien-etreiris.ch\\\/de\\\/produktpraesentation\\\/gesundes-leben\\\/gesunde-lebensmittel\\\/\"},{\"@type\":\"ListItem\",\"position\":5,\"name\":\"ZUTATEN\",\"item\":\"https:\\\/\\\/bien-etreiris.ch\\\/de\\\/produktpraesentation\\\/gesundes-leben\\\/gesunde-lebensmittel\\\/zutaten-wohlbefinden\\\/\"},{\"@type\":\"ListItem\",\"position\":6,\"name\":\"KONDITOREI &#8211; DESSERTS\",\"item\":\"https:\\\/\\\/bien-etreiris.ch\\\/de\\\/produktpraesentation\\\/gesundes-leben\\\/gesunde-lebensmittel\\\/zutaten-wohlbefinden\\\/konditorei-desserts\\\/\"},{\"@type\":\"ListItem\",\"position\":7,\"name\":\"PUDDING AU CHOCOLAT\"}]},{\"@type\":\"WebSite\",\"@id\":\"https:\\\/\\\/bien-etreiris.ch\\\/de\\\/#website\",\"url\":\"https:\\\/\\\/bien-etreiris.ch\\\/de\\\/\",\"name\":\"Bien-\u00eatre Iris\",\"description\":\"IHRE Gesundheit ist uns wichtig\",\"potentialAction\":[{\"@type\":\"SearchAction\",\"target\":{\"@type\":\"EntryPoint\",\"urlTemplate\":\"https:\\\/\\\/bien-etreiris.ch\\\/de\\\/?s={search_term_string}\"},\"query-input\":{\"@type\":\"PropertyValueSpecification\",\"valueRequired\":true,\"valueName\":\"search_term_string\"}}],\"inLanguage\":\"de\"}]}<\/script>\n<!-- \/ Yoast SEO plugin. -->","yoast_head_json":{"title":"PUDDING AU CHOCOLAT - WOHLBEFINDEN","robots":{"index":"index","follow":"follow","max-snippet":"max-snippet:-1","max-image-preview":"max-image-preview:large","max-video-preview":"max-video-preview:-1"},"canonical":"https:\/\/bien-etreiris.ch\/de\/produktpraesentation\/gesundes-leben\/gesunde-lebensmittel\/zutaten-wohlbefinden\/konditorei-desserts\/pudding-au-chocolat\/","og_locale":"de_DE","og_type":"article","og_title":"PUDDING AU CHOCOLAT - WOHLBEFINDEN","og_description":"Pudding au chocolat &nbsp; &nbsp; BIOVEGAN Pudding au chocolat, BIO Avec de d\u00e9licieux copeaux de chocolat Le pudding au chocolat BIOVEGAN d\u00e9ploie toute sa saveur naturelle avec des copeaux de chocolat noir extra et un soup\u00e7on du meilleur sel de l'Himalaya. Contenu : 50 g (pour 500 ml de boisson v\u00e9g\u00e9tale \/ lait)&nbsp; CHF 1.20 Emballage enti\u00e8rement \u00e9cologique, enti\u00e8rement compostable!**&nbsp;Weiter lesen","og_url":"https:\/\/bien-etreiris.ch\/de\/produktpraesentation\/gesundes-leben\/gesunde-lebensmittel\/zutaten-wohlbefinden\/konditorei-desserts\/pudding-au-chocolat\/","og_site_name":"WOHLBEFINDEN","article_publisher":"https:\/\/www.facebook.com\/bienetreiris\/","article_modified_time":"2021-08-02T08:10:53+00:00","og_image":[{"width":500,"height":403,"url":"https:\/\/bien-etreiris.ch\/wp-content\/uploads\/2021\/08\/acceuil-pudding-au-chocolat-du-Paradis.jpg","type":"image\/jpeg"}],"twitter_misc":{"Gesch\u00e4tzte Lesezeit":"2\u00a0Minuten"},"schema":{"@context":"https:\/\/schema.org","@graph":[{"@type":"WebPage","@id":"https:\/\/bien-etreiris.ch\/de\/produktpraesentation\/gesundes-leben\/gesunde-lebensmittel\/zutaten-wohlbefinden\/konditorei-desserts\/pudding-au-chocolat\/","url":"https:\/\/bien-etreiris.ch\/de\/produktpraesentation\/gesundes-leben\/gesunde-lebensmittel\/zutaten-wohlbefinden\/konditorei-desserts\/pudding-au-chocolat\/","name":"PUDDING AU CHOCOLAT - WOHLBEFINDEN","isPartOf":{"@id":"https:\/\/bien-etreiris.ch\/de\/#website"},"primaryImageOfPage":{"@id":"https:\/\/bien-etreiris.ch\/de\/produktpraesentation\/gesundes-leben\/gesunde-lebensmittel\/zutaten-wohlbefinden\/konditorei-desserts\/pudding-au-chocolat\/#primaryimage"},"image":{"@id":"https:\/\/bien-etreiris.ch\/de\/produktpraesentation\/gesundes-leben\/gesunde-lebensmittel\/zutaten-wohlbefinden\/konditorei-desserts\/pudding-au-chocolat\/#primaryimage"},"thumbnailUrl":"https:\/\/bien-etreiris.ch\/wp-content\/uploads\/2021\/08\/acceuil-pudding-au-chocolat-du-Paradis.jpg","datePublished":"2021-08-01T16:20:15+00:00","dateModified":"2021-08-02T08:10:53+00:00","breadcrumb":{"@id":"https:\/\/bien-etreiris.ch\/de\/produktpraesentation\/gesundes-leben\/gesunde-lebensmittel\/zutaten-wohlbefinden\/konditorei-desserts\/pudding-au-chocolat\/#breadcrumb"},"inLanguage":"de","potentialAction":[{"@type":"ReadAction","target":["https:\/\/bien-etreiris.ch\/de\/produktpraesentation\/gesundes-leben\/gesunde-lebensmittel\/zutaten-wohlbefinden\/konditorei-desserts\/pudding-au-chocolat\/"]}]},{"@type":"ImageObject","inLanguage":"de","@id":"https:\/\/bien-etreiris.ch\/de\/produktpraesentation\/gesundes-leben\/gesunde-lebensmittel\/zutaten-wohlbefinden\/konditorei-desserts\/pudding-au-chocolat\/#primaryimage","url":"https:\/\/bien-etreiris.ch\/wp-content\/uploads\/2021\/08\/acceuil-pudding-au-chocolat-du-Paradis.jpg","contentUrl":"https:\/\/bien-etreiris.ch\/wp-content\/uploads\/2021\/08\/acceuil-pudding-au-chocolat-du-Paradis.jpg","width":500,"height":403},{"@type":"BreadcrumbList","@id":"https:\/\/bien-etreiris.ch\/de\/produktpraesentation\/gesundes-leben\/gesunde-lebensmittel\/zutaten-wohlbefinden\/konditorei-desserts\/pudding-au-chocolat\/#breadcrumb","itemListElement":[{"@type":"ListItem","position":1,"name":"Home","item":"https:\/\/bien-etreiris.ch\/de\/"},{"@type":"ListItem","position":2,"name":"PRODUKTPR\u00c4SENTATION","item":"https:\/\/bien-etreiris.ch\/de\/produktpraesentation\/"},{"@type":"ListItem","position":3,"name":"GESUNDES LEBEN","item":"https:\/\/bien-etreiris.ch\/de\/produktpraesentation\/gesundes-leben\/"},{"@type":"ListItem","position":4,"name":"GESUNDE LEBENSMITTEL","item":"https:\/\/bien-etreiris.ch\/de\/produktpraesentation\/gesundes-leben\/gesunde-lebensmittel\/"},{"@type":"ListItem","position":5,"name":"ZUTATEN","item":"https:\/\/bien-etreiris.ch\/de\/produktpraesentation\/gesundes-leben\/gesunde-lebensmittel\/zutaten-wohlbefinden\/"},{"@type":"ListItem","position":6,"name":"KONDITOREI &#8211; DESSERTS","item":"https:\/\/bien-etreiris.ch\/de\/produktpraesentation\/gesundes-leben\/gesunde-lebensmittel\/zutaten-wohlbefinden\/konditorei-desserts\/"},{"@type":"ListItem","position":7,"name":"PUDDING AU CHOCOLAT"}]},{"@type":"WebSite","@id":"https:\/\/bien-etreiris.ch\/de\/#website","url":"https:\/\/bien-etreiris.ch\/de\/","name":"Bien-\u00eatre Iris","description":"IHRE Gesundheit ist uns wichtig","potentialAction":[{"@type":"SearchAction","target":{"@type":"EntryPoint","urlTemplate":"https:\/\/bien-etreiris.ch\/de\/?s={search_term_string}"},"query-input":{"@type":"PropertyValueSpecification","valueRequired":true,"valueName":"search_term_string"}}],"inLanguage":"de"}]}},"_links":{"self":[{"href":"https:\/\/bien-etreiris.ch\/de\/wp-json\/wp\/v2\/pages\/52841","targetHints":{"allow":["GET"]}}],"collection":[{"href":"https:\/\/bien-etreiris.ch\/de\/wp-json\/wp\/v2\/pages"}],"about":[{"href":"https:\/\/bien-etreiris.ch\/de\/wp-json\/wp\/v2\/types\/page"}],"author":[{"embeddable":true,"href":"https:\/\/bien-etreiris.ch\/de\/wp-json\/wp\/v2\/users\/1"}],"replies":[{"embeddable":true,"href":"https:\/\/bien-etreiris.ch\/de\/wp-json\/wp\/v2\/comments?post=52841"}],"version-history":[{"count":3,"href":"https:\/\/bien-etreiris.ch\/de\/wp-json\/wp\/v2\/pages\/52841\/revisions"}],"predecessor-version":[{"id":52851,"href":"https:\/\/bien-etreiris.ch\/de\/wp-json\/wp\/v2\/pages\/52841\/revisions\/52851"}],"up":[{"embeddable":true,"href":"https:\/\/bien-etreiris.ch\/de\/wp-json\/wp\/v2\/pages\/51812"}],"wp:featuredmedia":[{"embeddable":true,"href":"https:\/\/bien-etreiris.ch\/de\/wp-json\/wp\/v2\/media\/52833"}],"wp:attachment":[{"href":"https:\/\/bien-etreiris.ch\/de\/wp-json\/wp\/v2\/media?parent=52841"}],"curies":[{"name":"wp","href":"https:\/\/api.w.org\/{rel}","templated":true}]}}