{"id":52822,"date":"2021-08-01T18:03:25","date_gmt":"2021-08-01T16:03:25","guid":{"rendered":"https:\/\/bien-etreiris.ch\/pudding-aux-amandes\/"},"modified":"2021-08-02T10:11:44","modified_gmt":"2021-08-02T08:11:44","slug":"pudding-aux-amandes","status":"publish","type":"page","link":"https:\/\/bien-etreiris.ch\/de\/produktpraesentation\/gesundes-leben\/gesunde-lebensmittel\/zutaten-wohlbefinden\/konditorei-desserts\/pudding-aux-amandes\/","title":{"rendered":"PUDDING AUX AMANDES"},"content":{"rendered":"\n<h2>Pudding aux amandes, BIO<\/h2>\n\n\n\n<p><a href=\"https:\/\/bien-etreiris.ch\/wp-content\/uploads\/2021\/08\/Pudding-aux-amandes-1.jpg\"><img loading=\"lazy\" decoding=\"async\" class=\"wp-image-52817  alignleft\" src=\"https:\/\/bien-etreiris.ch\/wp-content\/uploads\/2021\/08\/Pudding-aux-amandes-1-202x300.jpg\" alt=\"\" width=\"277\" height=\"411\" srcset=\"https:\/\/bien-etreiris.ch\/wp-content\/uploads\/2021\/08\/Pudding-aux-amandes-1-202x300.jpg 202w, https:\/\/bien-etreiris.ch\/wp-content\/uploads\/2021\/08\/Pudding-aux-amandes-1-690x1024.jpg 690w, https:\/\/bien-etreiris.ch\/wp-content\/uploads\/2021\/08\/Pudding-aux-amandes-1-768x1140.jpg 768w, https:\/\/bien-etreiris.ch\/wp-content\/uploads\/2021\/08\/Pudding-aux-amandes-1-1034x1536.jpg 1034w, https:\/\/bien-etreiris.ch\/wp-content\/uploads\/2021\/08\/Pudding-aux-amandes-1-1379x2048.jpg 1379w, https:\/\/bien-etreiris.ch\/wp-content\/uploads\/2021\/08\/Pudding-aux-amandes-1.jpg 1654w\" sizes=\"auto, (max-width: 277px) 100vw, 277px\" \/><\/a><\/p>\n<p>&nbsp;<\/p>\n<p>&nbsp;<\/p>\n<p>&nbsp;<\/p>\n<p>&nbsp;<\/p>\n<p>&nbsp;<\/p>\n<p>&nbsp;<\/p>\n<p>Avec de fins morceaux d'amandes<\/p>\n<p>Avec le go\u00fbt caract\u00e9ristique des amandes fra\u00eeches. Le tout est compl\u00e9t\u00e9 par de la vanille bourbon biologique, de la noix de coco et un soup\u00e7on du meilleur sel de l'Himalaya. C'est \u00e0 \u00e7a que ressemble le pudding aux amandes !<\/p>\n<p>Contenu : 49 g (pour 500 ml de boisson v\u00e9g\u00e9tale \/ lait) <strong>CHF 1.70<\/strong><\/p>\n<p>&nbsp;<\/p>\n<p>&nbsp;<\/p>\n<p>&nbsp;<\/p>\n<h4>Ingr\u00e9dients<\/h4>\n<p>amidon de ma\u00efs*, farine d'amandes* (20,4 %), noyaux d'abricots amers*, farine de noix de coco*, vanille bourbon*, sel.<\/p>\n<p>*provenant d'une culture biologique contr\u00f4l\u00e9e<\/p>\n<p>contient les ingr\u00e9dients allerg\u00e8nes suivants : Amandes<\/p>\n<p>&nbsp;<\/p>\n<h4>Pr\u00e9paration<\/h4>\n<p>M\u00e9langez environ 100 ml du liquide avec le contenu du sachet jusqu'\u00e0 obtenir un m\u00e9lange homog\u00e8ne. Faites bouillir le liquide restant avec l'\u00e9dulcorant sec. Ajoutez la poudre remu\u00e9e. Faire cuire \u00e0 basse temp\u00e9rature pendant 2 minutes, en remuant. Versez le pudding dans des bols et laissez refroidir.<\/p>\n<p>Conseil : \u00e9talez le pudding chaud sur une p\u00e2te bris\u00e9e cuite, puis couvrez imm\u00e9diatement d'une feuille d'aluminium pour \u00e9viter la formation d'une peau. D\u00e9posez des myrtilles fra\u00eeches sur le pudding refroidi et saupoudrez de brisures d'amandes. Hmmm, d\u00e9licieux !<\/p>\n<h4>Conseil<\/h4>\n<p><br>La consistance peut varier lors de l'utilisation de certaines boissons v\u00e9g\u00e9tales (par exemple, la boisson de riz).<\/p>\n<h4>Pr\u00e9cautions \u00e0 prendre !<\/h4>\n<p>Les femmes enceintes et les enfants de moins de 3 ans doivent s'abstenir d'en manger ! Ne convient pas \u00e0 la consommation brute !<\/p>\n","protected":false},"excerpt":{"rendered":"<p>Pudding aux amandes, BIO &nbsp; &nbsp; &nbsp; &nbsp; &nbsp; &nbsp; Avec de fins morceaux d'amandes Avec le go\u00fbt caract\u00e9ristique des amandes fra\u00eeches. Le tout est compl\u00e9t\u00e9 par de la vanille bourbon biologique, de la noix de coco et un soup\u00e7on du meilleur sel de l'Himalaya. C'est \u00e0 \u00e7a que ressemble le pudding aux amandes ! Contenu : 49 g (pour&nbsp;<a href=\"https:\/\/bien-etreiris.ch\/de\/produktpraesentation\/gesundes-leben\/gesunde-lebensmittel\/zutaten-wohlbefinden\/konditorei-desserts\/pudding-aux-amandes\/\" class=\"read-more\">Weiter lesen<\/a><\/p>\n","protected":false},"author":1,"featured_media":52826,"parent":51812,"menu_order":5064,"comment_status":"closed","ping_status":"closed","template":"page-with-child.php","meta":{"_acf_changed":false,"ngg_post_thumbnail":0,"footnotes":""},"class_list":["post-52822","page","type-page","status-publish","has-post-thumbnail","hentry"],"acf":[],"yoast_head":"<!-- This site is optimized with the Yoast SEO plugin v27.3 - https:\/\/yoast.com\/product\/yoast-seo-wordpress\/ -->\n<title>PUDDING AUX AMANDES - WOHLBEFINDEN<\/title>\n<meta name=\"robots\" content=\"index, follow, max-snippet:-1, max-image-preview:large, max-video-preview:-1\" \/>\n<link rel=\"canonical\" href=\"https:\/\/bien-etreiris.ch\/de\/produktpraesentation\/gesundes-leben\/gesunde-lebensmittel\/zutaten-wohlbefinden\/konditorei-desserts\/pudding-aux-amandes\/\" \/>\n<meta property=\"og:locale\" content=\"de_DE\" \/>\n<meta property=\"og:type\" content=\"article\" \/>\n<meta property=\"og:title\" content=\"PUDDING AUX AMANDES - WOHLBEFINDEN\" \/>\n<meta property=\"og:description\" content=\"Pudding aux amandes, BIO &nbsp; &nbsp; &nbsp; &nbsp; &nbsp; &nbsp; Avec de fins morceaux d&#039;amandes Avec le go\u00fbt caract\u00e9ristique des amandes fra\u00eeches. Le tout est compl\u00e9t\u00e9 par de la vanille bourbon biologique, de la noix de coco et un soup\u00e7on du meilleur sel de l&#039;Himalaya. C&#039;est \u00e0 \u00e7a que ressemble le pudding aux amandes ! Contenu : 49 g (pour&nbsp;Weiter lesen\" \/>\n<meta property=\"og:url\" content=\"https:\/\/bien-etreiris.ch\/de\/produktpraesentation\/gesundes-leben\/gesunde-lebensmittel\/zutaten-wohlbefinden\/konditorei-desserts\/pudding-aux-amandes\/\" \/>\n<meta property=\"og:site_name\" content=\"WOHLBEFINDEN\" \/>\n<meta property=\"article:publisher\" content=\"https:\/\/www.facebook.com\/bienetreiris\/\" \/>\n<meta property=\"article:modified_time\" content=\"2021-08-02T08:11:44+00:00\" \/>\n<meta property=\"og:image\" content=\"https:\/\/bien-etreiris.ch\/wp-content\/uploads\/2021\/08\/acceuil-pudding-aux-amandes.jpg\" \/>\n\t<meta property=\"og:image:width\" content=\"1654\" \/>\n\t<meta property=\"og:image:height\" content=\"1174\" \/>\n\t<meta property=\"og:image:type\" content=\"image\/jpeg\" \/>\n<meta name=\"twitter:label1\" content=\"Gesch\u00e4tzte Lesezeit\" \/>\n\t<meta name=\"twitter:data1\" content=\"2\u00a0Minuten\" \/>\n<script type=\"application\/ld+json\" class=\"yoast-schema-graph\">{\"@context\":\"https:\\\/\\\/schema.org\",\"@graph\":[{\"@type\":\"WebPage\",\"@id\":\"https:\\\/\\\/bien-etreiris.ch\\\/de\\\/produktpraesentation\\\/gesundes-leben\\\/gesunde-lebensmittel\\\/zutaten-wohlbefinden\\\/konditorei-desserts\\\/pudding-aux-amandes\\\/\",\"url\":\"https:\\\/\\\/bien-etreiris.ch\\\/de\\\/produktpraesentation\\\/gesundes-leben\\\/gesunde-lebensmittel\\\/zutaten-wohlbefinden\\\/konditorei-desserts\\\/pudding-aux-amandes\\\/\",\"name\":\"PUDDING AUX AMANDES - WOHLBEFINDEN\",\"isPartOf\":{\"@id\":\"https:\\\/\\\/bien-etreiris.ch\\\/de\\\/#website\"},\"primaryImageOfPage\":{\"@id\":\"https:\\\/\\\/bien-etreiris.ch\\\/de\\\/produktpraesentation\\\/gesundes-leben\\\/gesunde-lebensmittel\\\/zutaten-wohlbefinden\\\/konditorei-desserts\\\/pudding-aux-amandes\\\/#primaryimage\"},\"image\":{\"@id\":\"https:\\\/\\\/bien-etreiris.ch\\\/de\\\/produktpraesentation\\\/gesundes-leben\\\/gesunde-lebensmittel\\\/zutaten-wohlbefinden\\\/konditorei-desserts\\\/pudding-aux-amandes\\\/#primaryimage\"},\"thumbnailUrl\":\"https:\\\/\\\/bien-etreiris.ch\\\/wp-content\\\/uploads\\\/2021\\\/08\\\/acceuil-pudding-aux-amandes.jpg\",\"datePublished\":\"2021-08-01T16:03:25+00:00\",\"dateModified\":\"2021-08-02T08:11:44+00:00\",\"breadcrumb\":{\"@id\":\"https:\\\/\\\/bien-etreiris.ch\\\/de\\\/produktpraesentation\\\/gesundes-leben\\\/gesunde-lebensmittel\\\/zutaten-wohlbefinden\\\/konditorei-desserts\\\/pudding-aux-amandes\\\/#breadcrumb\"},\"inLanguage\":\"de\",\"potentialAction\":[{\"@type\":\"ReadAction\",\"target\":[\"https:\\\/\\\/bien-etreiris.ch\\\/de\\\/produktpraesentation\\\/gesundes-leben\\\/gesunde-lebensmittel\\\/zutaten-wohlbefinden\\\/konditorei-desserts\\\/pudding-aux-amandes\\\/\"]}]},{\"@type\":\"ImageObject\",\"inLanguage\":\"de\",\"@id\":\"https:\\\/\\\/bien-etreiris.ch\\\/de\\\/produktpraesentation\\\/gesundes-leben\\\/gesunde-lebensmittel\\\/zutaten-wohlbefinden\\\/konditorei-desserts\\\/pudding-aux-amandes\\\/#primaryimage\",\"url\":\"https:\\\/\\\/bien-etreiris.ch\\\/wp-content\\\/uploads\\\/2021\\\/08\\\/acceuil-pudding-aux-amandes.jpg\",\"contentUrl\":\"https:\\\/\\\/bien-etreiris.ch\\\/wp-content\\\/uploads\\\/2021\\\/08\\\/acceuil-pudding-aux-amandes.jpg\",\"width\":1654,\"height\":1174},{\"@type\":\"BreadcrumbList\",\"@id\":\"https:\\\/\\\/bien-etreiris.ch\\\/de\\\/produktpraesentation\\\/gesundes-leben\\\/gesunde-lebensmittel\\\/zutaten-wohlbefinden\\\/konditorei-desserts\\\/pudding-aux-amandes\\\/#breadcrumb\",\"itemListElement\":[{\"@type\":\"ListItem\",\"position\":1,\"name\":\"Home\",\"item\":\"https:\\\/\\\/bien-etreiris.ch\\\/de\\\/\"},{\"@type\":\"ListItem\",\"position\":2,\"name\":\"PRODUKTPR\u00c4SENTATION\",\"item\":\"https:\\\/\\\/bien-etreiris.ch\\\/de\\\/produktpraesentation\\\/\"},{\"@type\":\"ListItem\",\"position\":3,\"name\":\"GESUNDES LEBEN\",\"item\":\"https:\\\/\\\/bien-etreiris.ch\\\/de\\\/produktpraesentation\\\/gesundes-leben\\\/\"},{\"@type\":\"ListItem\",\"position\":4,\"name\":\"GESUNDE LEBENSMITTEL\",\"item\":\"https:\\\/\\\/bien-etreiris.ch\\\/de\\\/produktpraesentation\\\/gesundes-leben\\\/gesunde-lebensmittel\\\/\"},{\"@type\":\"ListItem\",\"position\":5,\"name\":\"ZUTATEN\",\"item\":\"https:\\\/\\\/bien-etreiris.ch\\\/de\\\/produktpraesentation\\\/gesundes-leben\\\/gesunde-lebensmittel\\\/zutaten-wohlbefinden\\\/\"},{\"@type\":\"ListItem\",\"position\":6,\"name\":\"KONDITOREI &#8211; DESSERTS\",\"item\":\"https:\\\/\\\/bien-etreiris.ch\\\/de\\\/produktpraesentation\\\/gesundes-leben\\\/gesunde-lebensmittel\\\/zutaten-wohlbefinden\\\/konditorei-desserts\\\/\"},{\"@type\":\"ListItem\",\"position\":7,\"name\":\"PUDDING AUX AMANDES\"}]},{\"@type\":\"WebSite\",\"@id\":\"https:\\\/\\\/bien-etreiris.ch\\\/de\\\/#website\",\"url\":\"https:\\\/\\\/bien-etreiris.ch\\\/de\\\/\",\"name\":\"Bien-\u00eatre Iris\",\"description\":\"IHRE Gesundheit ist uns wichtig\",\"potentialAction\":[{\"@type\":\"SearchAction\",\"target\":{\"@type\":\"EntryPoint\",\"urlTemplate\":\"https:\\\/\\\/bien-etreiris.ch\\\/de\\\/?s={search_term_string}\"},\"query-input\":{\"@type\":\"PropertyValueSpecification\",\"valueRequired\":true,\"valueName\":\"search_term_string\"}}],\"inLanguage\":\"de\"}]}<\/script>\n<!-- \/ Yoast SEO plugin. -->","yoast_head_json":{"title":"PUDDING AUX AMANDES - WOHLBEFINDEN","robots":{"index":"index","follow":"follow","max-snippet":"max-snippet:-1","max-image-preview":"max-image-preview:large","max-video-preview":"max-video-preview:-1"},"canonical":"https:\/\/bien-etreiris.ch\/de\/produktpraesentation\/gesundes-leben\/gesunde-lebensmittel\/zutaten-wohlbefinden\/konditorei-desserts\/pudding-aux-amandes\/","og_locale":"de_DE","og_type":"article","og_title":"PUDDING AUX AMANDES - WOHLBEFINDEN","og_description":"Pudding aux amandes, BIO &nbsp; &nbsp; &nbsp; &nbsp; &nbsp; &nbsp; Avec de fins morceaux d'amandes Avec le go\u00fbt caract\u00e9ristique des amandes fra\u00eeches. Le tout est compl\u00e9t\u00e9 par de la vanille bourbon biologique, de la noix de coco et un soup\u00e7on du meilleur sel de l'Himalaya. C'est \u00e0 \u00e7a que ressemble le pudding aux amandes ! Contenu : 49 g (pour&nbsp;Weiter lesen","og_url":"https:\/\/bien-etreiris.ch\/de\/produktpraesentation\/gesundes-leben\/gesunde-lebensmittel\/zutaten-wohlbefinden\/konditorei-desserts\/pudding-aux-amandes\/","og_site_name":"WOHLBEFINDEN","article_publisher":"https:\/\/www.facebook.com\/bienetreiris\/","article_modified_time":"2021-08-02T08:11:44+00:00","og_image":[{"width":1654,"height":1174,"url":"https:\/\/bien-etreiris.ch\/wp-content\/uploads\/2021\/08\/acceuil-pudding-aux-amandes.jpg","type":"image\/jpeg"}],"twitter_misc":{"Gesch\u00e4tzte Lesezeit":"2\u00a0Minuten"},"schema":{"@context":"https:\/\/schema.org","@graph":[{"@type":"WebPage","@id":"https:\/\/bien-etreiris.ch\/de\/produktpraesentation\/gesundes-leben\/gesunde-lebensmittel\/zutaten-wohlbefinden\/konditorei-desserts\/pudding-aux-amandes\/","url":"https:\/\/bien-etreiris.ch\/de\/produktpraesentation\/gesundes-leben\/gesunde-lebensmittel\/zutaten-wohlbefinden\/konditorei-desserts\/pudding-aux-amandes\/","name":"PUDDING AUX AMANDES - WOHLBEFINDEN","isPartOf":{"@id":"https:\/\/bien-etreiris.ch\/de\/#website"},"primaryImageOfPage":{"@id":"https:\/\/bien-etreiris.ch\/de\/produktpraesentation\/gesundes-leben\/gesunde-lebensmittel\/zutaten-wohlbefinden\/konditorei-desserts\/pudding-aux-amandes\/#primaryimage"},"image":{"@id":"https:\/\/bien-etreiris.ch\/de\/produktpraesentation\/gesundes-leben\/gesunde-lebensmittel\/zutaten-wohlbefinden\/konditorei-desserts\/pudding-aux-amandes\/#primaryimage"},"thumbnailUrl":"https:\/\/bien-etreiris.ch\/wp-content\/uploads\/2021\/08\/acceuil-pudding-aux-amandes.jpg","datePublished":"2021-08-01T16:03:25+00:00","dateModified":"2021-08-02T08:11:44+00:00","breadcrumb":{"@id":"https:\/\/bien-etreiris.ch\/de\/produktpraesentation\/gesundes-leben\/gesunde-lebensmittel\/zutaten-wohlbefinden\/konditorei-desserts\/pudding-aux-amandes\/#breadcrumb"},"inLanguage":"de","potentialAction":[{"@type":"ReadAction","target":["https:\/\/bien-etreiris.ch\/de\/produktpraesentation\/gesundes-leben\/gesunde-lebensmittel\/zutaten-wohlbefinden\/konditorei-desserts\/pudding-aux-amandes\/"]}]},{"@type":"ImageObject","inLanguage":"de","@id":"https:\/\/bien-etreiris.ch\/de\/produktpraesentation\/gesundes-leben\/gesunde-lebensmittel\/zutaten-wohlbefinden\/konditorei-desserts\/pudding-aux-amandes\/#primaryimage","url":"https:\/\/bien-etreiris.ch\/wp-content\/uploads\/2021\/08\/acceuil-pudding-aux-amandes.jpg","contentUrl":"https:\/\/bien-etreiris.ch\/wp-content\/uploads\/2021\/08\/acceuil-pudding-aux-amandes.jpg","width":1654,"height":1174},{"@type":"BreadcrumbList","@id":"https:\/\/bien-etreiris.ch\/de\/produktpraesentation\/gesundes-leben\/gesunde-lebensmittel\/zutaten-wohlbefinden\/konditorei-desserts\/pudding-aux-amandes\/#breadcrumb","itemListElement":[{"@type":"ListItem","position":1,"name":"Home","item":"https:\/\/bien-etreiris.ch\/de\/"},{"@type":"ListItem","position":2,"name":"PRODUKTPR\u00c4SENTATION","item":"https:\/\/bien-etreiris.ch\/de\/produktpraesentation\/"},{"@type":"ListItem","position":3,"name":"GESUNDES LEBEN","item":"https:\/\/bien-etreiris.ch\/de\/produktpraesentation\/gesundes-leben\/"},{"@type":"ListItem","position":4,"name":"GESUNDE LEBENSMITTEL","item":"https:\/\/bien-etreiris.ch\/de\/produktpraesentation\/gesundes-leben\/gesunde-lebensmittel\/"},{"@type":"ListItem","position":5,"name":"ZUTATEN","item":"https:\/\/bien-etreiris.ch\/de\/produktpraesentation\/gesundes-leben\/gesunde-lebensmittel\/zutaten-wohlbefinden\/"},{"@type":"ListItem","position":6,"name":"KONDITOREI &#8211; DESSERTS","item":"https:\/\/bien-etreiris.ch\/de\/produktpraesentation\/gesundes-leben\/gesunde-lebensmittel\/zutaten-wohlbefinden\/konditorei-desserts\/"},{"@type":"ListItem","position":7,"name":"PUDDING AUX AMANDES"}]},{"@type":"WebSite","@id":"https:\/\/bien-etreiris.ch\/de\/#website","url":"https:\/\/bien-etreiris.ch\/de\/","name":"Bien-\u00eatre Iris","description":"IHRE Gesundheit ist uns wichtig","potentialAction":[{"@type":"SearchAction","target":{"@type":"EntryPoint","urlTemplate":"https:\/\/bien-etreiris.ch\/de\/?s={search_term_string}"},"query-input":{"@type":"PropertyValueSpecification","valueRequired":true,"valueName":"search_term_string"}}],"inLanguage":"de"}]}},"_links":{"self":[{"href":"https:\/\/bien-etreiris.ch\/de\/wp-json\/wp\/v2\/pages\/52822","targetHints":{"allow":["GET"]}}],"collection":[{"href":"https:\/\/bien-etreiris.ch\/de\/wp-json\/wp\/v2\/pages"}],"about":[{"href":"https:\/\/bien-etreiris.ch\/de\/wp-json\/wp\/v2\/types\/page"}],"author":[{"embeddable":true,"href":"https:\/\/bien-etreiris.ch\/de\/wp-json\/wp\/v2\/users\/1"}],"replies":[{"embeddable":true,"href":"https:\/\/bien-etreiris.ch\/de\/wp-json\/wp\/v2\/comments?post=52822"}],"version-history":[{"count":1,"href":"https:\/\/bien-etreiris.ch\/de\/wp-json\/wp\/v2\/pages\/52822\/revisions"}],"predecessor-version":[{"id":52829,"href":"https:\/\/bien-etreiris.ch\/de\/wp-json\/wp\/v2\/pages\/52822\/revisions\/52829"}],"up":[{"embeddable":true,"href":"https:\/\/bien-etreiris.ch\/de\/wp-json\/wp\/v2\/pages\/51812"}],"wp:featuredmedia":[{"embeddable":true,"href":"https:\/\/bien-etreiris.ch\/de\/wp-json\/wp\/v2\/media\/52826"}],"wp:attachment":[{"href":"https:\/\/bien-etreiris.ch\/de\/wp-json\/wp\/v2\/media?parent=52822"}],"curies":[{"name":"wp","href":"https:\/\/api.w.org\/{rel}","templated":true}]}}