{"id":52787,"date":"2021-08-01T17:30:20","date_gmt":"2021-08-01T15:30:20","guid":{"rendered":"https:\/\/bien-etreiris.ch\/?page_id=52787"},"modified":"2023-11-18T13:44:16","modified_gmt":"2023-11-18T11:44:16","slug":"poudre-de-caroube","status":"publish","type":"page","link":"https:\/\/bien-etreiris.ch\/de\/produktpraesentation\/gesundes-leben\/gesunde-lebensmittel\/zutaten-wohlbefinden\/konditorei-desserts\/poudre-de-caroube\/","title":{"rendered":"POUDRE DE CAROUBE"},"content":{"rendered":"\n<h2>Poudre de Caroube<\/h2>\n<p><a href=\"https:\/\/bien-etreiris.ch\/de\/produktpraesentation\/gesundes-leben\/gesunde-lebensmittel\/zutaten-wohlbefinden\/konditorei-desserts\/poudre-de-caroube\/caroub-2\/\" rel=\"attachment wp-att-79981\"><img loading=\"lazy\" decoding=\"async\" class=\"wp-image-79981 alignleft\" src=\"https:\/\/bien-etreiris.ch\/wp-content\/uploads\/2023\/11\/caroub.jpg\" alt=\"\" width=\"378\" height=\"378\" srcset=\"https:\/\/bien-etreiris.ch\/wp-content\/uploads\/2023\/11\/caroub.jpg 600w, https:\/\/bien-etreiris.ch\/wp-content\/uploads\/2023\/11\/caroub-300x300.jpg 300w, https:\/\/bien-etreiris.ch\/wp-content\/uploads\/2023\/11\/caroub-150x150.jpg 150w\" sizes=\"auto, (max-width: 378px) 100vw, 378px\" \/><\/a><\/p>\n<p>&nbsp;<\/p>\n<p>&nbsp;<\/p>\n<p>&nbsp;<\/p>\n<h4>RAPUNZEL<\/h4>\n<h4>Poudre de caroube, BIO<\/h4>\n<p>Une alternative d\u00e9licieuse au cacao<\/p>\n<p>Ce substitut de cacao aromatique et naturellement sucr\u00e9 est une bonne alternative. Il se caract\u00e9rise par son go\u00fbt malt\u00e9, doux et caram\u00e9lis\u00e9, et par sa puret\u00e9. Sans caf\u00e9ine, sans th\u00e9obromine, sans gluten et sans lactose. La caroube est obtenue \u00e0 partir des gousses grill\u00e9es et broy\u00e9es du caroubier, qui pousse autour de la mer M\u00e9diterran\u00e9e.<\/p>\n<p>Contenu : 250 g <strong>CHF 5.10<\/strong><\/p>\n\n\n\n<h4>&nbsp;<\/h4>\n<p>&nbsp;<\/p>\n<p>&nbsp;<\/p>\n<p>La caroube peut \u00eatre utilis\u00e9e de nombreuses fa\u00e7ons, par exemple pour les boissons (1 \u00e0 2 cuill\u00e8res \u00e0 caf\u00e9 par verre de 200 ml), les g\u00e2teaux, les biscuits, les desserts, les glaces, etc.<\/p>\n<p>&nbsp;<\/p>\n<h4>Recette<\/h4>\n<h4>G\u00e2teau marbr\u00e9 \u00e0 la caroube<\/h4>\n<p><strong>Ingr\u00e9dients<\/strong><\/p>\n<p>300 g farine<br>1 sachet de poudre \u00e0 lever BIOVEGAN<br>1 pinc\u00e9e de sel<br><br><br><\/p>\n<h4>Pr\u00e9paration<\/h4>\n<p><br>M\u00e9langez la farine, le sucre, la levure et le sel. Incorporez ensuite la boisson v\u00e9g\u00e9tale et la margarine fondue. Versez la moiti\u00e9 de la p\u00e2te dans un moule graiss\u00e9 et colorez l'autre moiti\u00e9 avec la poudre de caroube. Ajoutez la p\u00e2te fonc\u00e9e et utilisez une fourchette pour faire un motif de marbre. Faites cuire dans un four pr\u00e9chauff\u00e9 \u00e0 160\u00b0C pendant environ 50 minutes. Laissez le g\u00e2teau refroidir dans le moule, il est ferme au toucher lorsqu'il est froid.<\/p>\n<p>&nbsp;<\/p>\n<h2><span style=\"color: #99cc00;\"><a style=\"color: #99cc00;\" href=\"https:\/\/bien-etreiris.ch\/de\/ratgeber-klarheit-beratung\/gesunder-lebensstil\/naehrstoffe\/superfoods\/caroube\/\" target=\"_blank\" rel=\"noopener\">POUR SAVOIR PLUS...<\/a><\/span><\/h2>\n","protected":false},"excerpt":{"rendered":"<p>Poudre de Caroube &nbsp; &nbsp; &nbsp; RAPUNZEL Poudre de caroube, BIO Une alternative d\u00e9licieuse au cacao Ce substitut de cacao aromatique et naturellement sucr\u00e9 est une bonne alternative. Il se caract\u00e9rise par son go\u00fbt malt\u00e9, doux et caram\u00e9lis\u00e9, et par sa puret\u00e9. Sans caf\u00e9ine, sans th\u00e9obromine, sans gluten et sans lactose. La caroube est obtenue \u00e0 partir des gousses grill\u00e9es&nbsp;<a href=\"https:\/\/bien-etreiris.ch\/de\/produktpraesentation\/gesundes-leben\/gesunde-lebensmittel\/zutaten-wohlbefinden\/konditorei-desserts\/poudre-de-caroube\/\" class=\"read-more\">Weiter lesen<\/a><\/p>\n","protected":false},"author":1,"featured_media":52785,"parent":51812,"menu_order":5075,"comment_status":"closed","ping_status":"closed","template":"page-with-child.php","meta":{"_acf_changed":false,"ngg_post_thumbnail":0,"footnotes":""},"class_list":["post-52787","page","type-page","status-publish","has-post-thumbnail","hentry"],"acf":[],"yoast_head":"<!-- This site is optimized with the Yoast SEO plugin v27.5 - https:\/\/yoast.com\/product\/yoast-seo-wordpress\/ -->\n<title>POUDRE DE CAROUBE - WOHLBEFINDEN<\/title>\n<meta name=\"robots\" content=\"index, follow, max-snippet:-1, max-image-preview:large, max-video-preview:-1\" \/>\n<link rel=\"canonical\" href=\"https:\/\/bien-etreiris.ch\/de\/produktpraesentation\/gesundes-leben\/gesunde-lebensmittel\/zutaten-wohlbefinden\/konditorei-desserts\/poudre-de-caroube\/\" \/>\n<meta property=\"og:locale\" content=\"de_DE\" \/>\n<meta property=\"og:type\" content=\"article\" \/>\n<meta property=\"og:title\" content=\"POUDRE DE CAROUBE - WOHLBEFINDEN\" \/>\n<meta property=\"og:description\" content=\"Poudre de Caroube &nbsp; &nbsp; &nbsp; RAPUNZEL Poudre de caroube, BIO Une alternative d\u00e9licieuse au cacao Ce substitut de cacao aromatique et naturellement sucr\u00e9 est une bonne alternative. Il se caract\u00e9rise par son go\u00fbt malt\u00e9, doux et caram\u00e9lis\u00e9, et par sa puret\u00e9. Sans caf\u00e9ine, sans th\u00e9obromine, sans gluten et sans lactose. La caroube est obtenue \u00e0 partir des gousses grill\u00e9es&nbsp;Weiter lesen\" \/>\n<meta property=\"og:url\" content=\"https:\/\/bien-etreiris.ch\/de\/produktpraesentation\/gesundes-leben\/gesunde-lebensmittel\/zutaten-wohlbefinden\/konditorei-desserts\/poudre-de-caroube\/\" \/>\n<meta property=\"og:site_name\" content=\"WOHLBEFINDEN\" \/>\n<meta property=\"article:publisher\" content=\"https:\/\/www.facebook.com\/bienetreiris\/\" \/>\n<meta property=\"article:modified_time\" content=\"2023-11-18T11:44:16+00:00\" \/>\n<meta property=\"og:image\" content=\"https:\/\/bien-etreiris.ch\/wp-content\/uploads\/2021\/08\/acceuil-caroube.jpg\" \/>\n\t<meta property=\"og:image:width\" content=\"500\" \/>\n\t<meta property=\"og:image:height\" content=\"332\" \/>\n\t<meta property=\"og:image:type\" content=\"image\/jpeg\" \/>\n<meta name=\"twitter:label1\" content=\"Gesch\u00e4tzte Lesezeit\" \/>\n\t<meta name=\"twitter:data1\" content=\"2\u00a0Minuten\" \/>\n<script type=\"application\/ld+json\" class=\"yoast-schema-graph\">{\"@context\":\"https:\\\/\\\/schema.org\",\"@graph\":[{\"@type\":\"WebPage\",\"@id\":\"https:\\\/\\\/bien-etreiris.ch\\\/de\\\/produktpraesentation\\\/gesundes-leben\\\/gesunde-lebensmittel\\\/zutaten-wohlbefinden\\\/konditorei-desserts\\\/poudre-de-caroube\\\/\",\"url\":\"https:\\\/\\\/bien-etreiris.ch\\\/de\\\/produktpraesentation\\\/gesundes-leben\\\/gesunde-lebensmittel\\\/zutaten-wohlbefinden\\\/konditorei-desserts\\\/poudre-de-caroube\\\/\",\"name\":\"POUDRE DE CAROUBE - WOHLBEFINDEN\",\"isPartOf\":{\"@id\":\"https:\\\/\\\/bien-etreiris.ch\\\/de\\\/#website\"},\"primaryImageOfPage\":{\"@id\":\"https:\\\/\\\/bien-etreiris.ch\\\/de\\\/produktpraesentation\\\/gesundes-leben\\\/gesunde-lebensmittel\\\/zutaten-wohlbefinden\\\/konditorei-desserts\\\/poudre-de-caroube\\\/#primaryimage\"},\"image\":{\"@id\":\"https:\\\/\\\/bien-etreiris.ch\\\/de\\\/produktpraesentation\\\/gesundes-leben\\\/gesunde-lebensmittel\\\/zutaten-wohlbefinden\\\/konditorei-desserts\\\/poudre-de-caroube\\\/#primaryimage\"},\"thumbnailUrl\":\"https:\\\/\\\/bien-etreiris.ch\\\/wp-content\\\/uploads\\\/2021\\\/08\\\/acceuil-caroube.jpg\",\"datePublished\":\"2021-08-01T15:30:20+00:00\",\"dateModified\":\"2023-11-18T11:44:16+00:00\",\"breadcrumb\":{\"@id\":\"https:\\\/\\\/bien-etreiris.ch\\\/de\\\/produktpraesentation\\\/gesundes-leben\\\/gesunde-lebensmittel\\\/zutaten-wohlbefinden\\\/konditorei-desserts\\\/poudre-de-caroube\\\/#breadcrumb\"},\"inLanguage\":\"de\",\"potentialAction\":[{\"@type\":\"ReadAction\",\"target\":[\"https:\\\/\\\/bien-etreiris.ch\\\/de\\\/produktpraesentation\\\/gesundes-leben\\\/gesunde-lebensmittel\\\/zutaten-wohlbefinden\\\/konditorei-desserts\\\/poudre-de-caroube\\\/\"]}]},{\"@type\":\"ImageObject\",\"inLanguage\":\"de\",\"@id\":\"https:\\\/\\\/bien-etreiris.ch\\\/de\\\/produktpraesentation\\\/gesundes-leben\\\/gesunde-lebensmittel\\\/zutaten-wohlbefinden\\\/konditorei-desserts\\\/poudre-de-caroube\\\/#primaryimage\",\"url\":\"https:\\\/\\\/bien-etreiris.ch\\\/wp-content\\\/uploads\\\/2021\\\/08\\\/acceuil-caroube.jpg\",\"contentUrl\":\"https:\\\/\\\/bien-etreiris.ch\\\/wp-content\\\/uploads\\\/2021\\\/08\\\/acceuil-caroube.jpg\",\"width\":500,\"height\":332},{\"@type\":\"BreadcrumbList\",\"@id\":\"https:\\\/\\\/bien-etreiris.ch\\\/de\\\/produktpraesentation\\\/gesundes-leben\\\/gesunde-lebensmittel\\\/zutaten-wohlbefinden\\\/konditorei-desserts\\\/poudre-de-caroube\\\/#breadcrumb\",\"itemListElement\":[{\"@type\":\"ListItem\",\"position\":1,\"name\":\"Home\",\"item\":\"https:\\\/\\\/bien-etreiris.ch\\\/de\\\/\"},{\"@type\":\"ListItem\",\"position\":2,\"name\":\"PRODUKTPR\u00c4SENTATION\",\"item\":\"https:\\\/\\\/bien-etreiris.ch\\\/de\\\/produktpraesentation\\\/\"},{\"@type\":\"ListItem\",\"position\":3,\"name\":\"GESUNDES LEBEN\",\"item\":\"https:\\\/\\\/bien-etreiris.ch\\\/de\\\/produktpraesentation\\\/gesundes-leben\\\/\"},{\"@type\":\"ListItem\",\"position\":4,\"name\":\"GESUNDE LEBENSMITTEL\",\"item\":\"https:\\\/\\\/bien-etreiris.ch\\\/de\\\/produktpraesentation\\\/gesundes-leben\\\/gesunde-lebensmittel\\\/\"},{\"@type\":\"ListItem\",\"position\":5,\"name\":\"ZUTATEN\",\"item\":\"https:\\\/\\\/bien-etreiris.ch\\\/de\\\/produktpraesentation\\\/gesundes-leben\\\/gesunde-lebensmittel\\\/zutaten-wohlbefinden\\\/\"},{\"@type\":\"ListItem\",\"position\":6,\"name\":\"KONDITOREI &#8211; DESSERTS\",\"item\":\"https:\\\/\\\/bien-etreiris.ch\\\/de\\\/produktpraesentation\\\/gesundes-leben\\\/gesunde-lebensmittel\\\/zutaten-wohlbefinden\\\/konditorei-desserts\\\/\"},{\"@type\":\"ListItem\",\"position\":7,\"name\":\"POUDRE DE CAROUBE\"}]},{\"@type\":\"WebSite\",\"@id\":\"https:\\\/\\\/bien-etreiris.ch\\\/de\\\/#website\",\"url\":\"https:\\\/\\\/bien-etreiris.ch\\\/de\\\/\",\"name\":\"Bien-\u00eatre Iris\",\"description\":\"IHRE Gesundheit ist uns wichtig\",\"potentialAction\":[{\"@type\":\"SearchAction\",\"target\":{\"@type\":\"EntryPoint\",\"urlTemplate\":\"https:\\\/\\\/bien-etreiris.ch\\\/de\\\/?s={search_term_string}\"},\"query-input\":{\"@type\":\"PropertyValueSpecification\",\"valueRequired\":true,\"valueName\":\"search_term_string\"}}],\"inLanguage\":\"de\"}]}<\/script>\n<!-- \/ Yoast SEO plugin. -->","yoast_head_json":{"title":"POUDRE DE CAROUBE - WOHLBEFINDEN","robots":{"index":"index","follow":"follow","max-snippet":"max-snippet:-1","max-image-preview":"max-image-preview:large","max-video-preview":"max-video-preview:-1"},"canonical":"https:\/\/bien-etreiris.ch\/de\/produktpraesentation\/gesundes-leben\/gesunde-lebensmittel\/zutaten-wohlbefinden\/konditorei-desserts\/poudre-de-caroube\/","og_locale":"de_DE","og_type":"article","og_title":"POUDRE DE CAROUBE - WOHLBEFINDEN","og_description":"Poudre de Caroube &nbsp; &nbsp; &nbsp; RAPUNZEL Poudre de caroube, BIO Une alternative d\u00e9licieuse au cacao Ce substitut de cacao aromatique et naturellement sucr\u00e9 est une bonne alternative. Il se caract\u00e9rise par son go\u00fbt malt\u00e9, doux et caram\u00e9lis\u00e9, et par sa puret\u00e9. Sans caf\u00e9ine, sans th\u00e9obromine, sans gluten et sans lactose. La caroube est obtenue \u00e0 partir des gousses grill\u00e9es&nbsp;Weiter lesen","og_url":"https:\/\/bien-etreiris.ch\/de\/produktpraesentation\/gesundes-leben\/gesunde-lebensmittel\/zutaten-wohlbefinden\/konditorei-desserts\/poudre-de-caroube\/","og_site_name":"WOHLBEFINDEN","article_publisher":"https:\/\/www.facebook.com\/bienetreiris\/","article_modified_time":"2023-11-18T11:44:16+00:00","og_image":[{"width":500,"height":332,"url":"https:\/\/bien-etreiris.ch\/wp-content\/uploads\/2021\/08\/acceuil-caroube.jpg","type":"image\/jpeg"}],"twitter_misc":{"Gesch\u00e4tzte Lesezeit":"2\u00a0Minuten"},"schema":{"@context":"https:\/\/schema.org","@graph":[{"@type":"WebPage","@id":"https:\/\/bien-etreiris.ch\/de\/produktpraesentation\/gesundes-leben\/gesunde-lebensmittel\/zutaten-wohlbefinden\/konditorei-desserts\/poudre-de-caroube\/","url":"https:\/\/bien-etreiris.ch\/de\/produktpraesentation\/gesundes-leben\/gesunde-lebensmittel\/zutaten-wohlbefinden\/konditorei-desserts\/poudre-de-caroube\/","name":"POUDRE DE CAROUBE - WOHLBEFINDEN","isPartOf":{"@id":"https:\/\/bien-etreiris.ch\/de\/#website"},"primaryImageOfPage":{"@id":"https:\/\/bien-etreiris.ch\/de\/produktpraesentation\/gesundes-leben\/gesunde-lebensmittel\/zutaten-wohlbefinden\/konditorei-desserts\/poudre-de-caroube\/#primaryimage"},"image":{"@id":"https:\/\/bien-etreiris.ch\/de\/produktpraesentation\/gesundes-leben\/gesunde-lebensmittel\/zutaten-wohlbefinden\/konditorei-desserts\/poudre-de-caroube\/#primaryimage"},"thumbnailUrl":"https:\/\/bien-etreiris.ch\/wp-content\/uploads\/2021\/08\/acceuil-caroube.jpg","datePublished":"2021-08-01T15:30:20+00:00","dateModified":"2023-11-18T11:44:16+00:00","breadcrumb":{"@id":"https:\/\/bien-etreiris.ch\/de\/produktpraesentation\/gesundes-leben\/gesunde-lebensmittel\/zutaten-wohlbefinden\/konditorei-desserts\/poudre-de-caroube\/#breadcrumb"},"inLanguage":"de","potentialAction":[{"@type":"ReadAction","target":["https:\/\/bien-etreiris.ch\/de\/produktpraesentation\/gesundes-leben\/gesunde-lebensmittel\/zutaten-wohlbefinden\/konditorei-desserts\/poudre-de-caroube\/"]}]},{"@type":"ImageObject","inLanguage":"de","@id":"https:\/\/bien-etreiris.ch\/de\/produktpraesentation\/gesundes-leben\/gesunde-lebensmittel\/zutaten-wohlbefinden\/konditorei-desserts\/poudre-de-caroube\/#primaryimage","url":"https:\/\/bien-etreiris.ch\/wp-content\/uploads\/2021\/08\/acceuil-caroube.jpg","contentUrl":"https:\/\/bien-etreiris.ch\/wp-content\/uploads\/2021\/08\/acceuil-caroube.jpg","width":500,"height":332},{"@type":"BreadcrumbList","@id":"https:\/\/bien-etreiris.ch\/de\/produktpraesentation\/gesundes-leben\/gesunde-lebensmittel\/zutaten-wohlbefinden\/konditorei-desserts\/poudre-de-caroube\/#breadcrumb","itemListElement":[{"@type":"ListItem","position":1,"name":"Home","item":"https:\/\/bien-etreiris.ch\/de\/"},{"@type":"ListItem","position":2,"name":"PRODUKTPR\u00c4SENTATION","item":"https:\/\/bien-etreiris.ch\/de\/produktpraesentation\/"},{"@type":"ListItem","position":3,"name":"GESUNDES LEBEN","item":"https:\/\/bien-etreiris.ch\/de\/produktpraesentation\/gesundes-leben\/"},{"@type":"ListItem","position":4,"name":"GESUNDE LEBENSMITTEL","item":"https:\/\/bien-etreiris.ch\/de\/produktpraesentation\/gesundes-leben\/gesunde-lebensmittel\/"},{"@type":"ListItem","position":5,"name":"ZUTATEN","item":"https:\/\/bien-etreiris.ch\/de\/produktpraesentation\/gesundes-leben\/gesunde-lebensmittel\/zutaten-wohlbefinden\/"},{"@type":"ListItem","position":6,"name":"KONDITOREI &#8211; DESSERTS","item":"https:\/\/bien-etreiris.ch\/de\/produktpraesentation\/gesundes-leben\/gesunde-lebensmittel\/zutaten-wohlbefinden\/konditorei-desserts\/"},{"@type":"ListItem","position":7,"name":"POUDRE DE CAROUBE"}]},{"@type":"WebSite","@id":"https:\/\/bien-etreiris.ch\/de\/#website","url":"https:\/\/bien-etreiris.ch\/de\/","name":"Bien-\u00eatre Iris","description":"IHRE Gesundheit ist uns wichtig","potentialAction":[{"@type":"SearchAction","target":{"@type":"EntryPoint","urlTemplate":"https:\/\/bien-etreiris.ch\/de\/?s={search_term_string}"},"query-input":{"@type":"PropertyValueSpecification","valueRequired":true,"valueName":"search_term_string"}}],"inLanguage":"de"}]}},"_links":{"self":[{"href":"https:\/\/bien-etreiris.ch\/de\/wp-json\/wp\/v2\/pages\/52787","targetHints":{"allow":["GET"]}}],"collection":[{"href":"https:\/\/bien-etreiris.ch\/de\/wp-json\/wp\/v2\/pages"}],"about":[{"href":"https:\/\/bien-etreiris.ch\/de\/wp-json\/wp\/v2\/types\/page"}],"author":[{"embeddable":true,"href":"https:\/\/bien-etreiris.ch\/de\/wp-json\/wp\/v2\/users\/1"}],"replies":[{"embeddable":true,"href":"https:\/\/bien-etreiris.ch\/de\/wp-json\/wp\/v2\/comments?post=52787"}],"version-history":[{"count":8,"href":"https:\/\/bien-etreiris.ch\/de\/wp-json\/wp\/v2\/pages\/52787\/revisions"}],"predecessor-version":[{"id":79990,"href":"https:\/\/bien-etreiris.ch\/de\/wp-json\/wp\/v2\/pages\/52787\/revisions\/79990"}],"up":[{"embeddable":true,"href":"https:\/\/bien-etreiris.ch\/de\/wp-json\/wp\/v2\/pages\/51812"}],"wp:featuredmedia":[{"embeddable":true,"href":"https:\/\/bien-etreiris.ch\/de\/wp-json\/wp\/v2\/media\/52785"}],"wp:attachment":[{"href":"https:\/\/bien-etreiris.ch\/de\/wp-json\/wp\/v2\/media?parent=52787"}],"curies":[{"name":"wp","href":"https:\/\/api.w.org\/{rel}","templated":true}]}}