{"id":52749,"date":"2021-08-01T13:20:59","date_gmt":"2021-08-01T11:20:59","guid":{"rendered":"https:\/\/bien-etreiris.ch\/aux-fruits\/"},"modified":"2021-08-01T13:31:52","modified_gmt":"2021-08-01T11:31:52","slug":"aux-fruits","status":"publish","type":"page","link":"https:\/\/bien-etreiris.ch\/de\/produktpraesentation\/gesundes-leben\/gesunde-lebensmittel\/superfoods\/pasten-und-puerees\/brotaufstrich\/aux-fruits\/","title":{"rendered":"AUX FRUITS"},"content":{"rendered":"\n<h2>P\u00e2te \u00e0 tartiner aux fruits (confitures, gel\u00e9es)<\/h2>\n<p>&nbsp;<\/p>\n<p>&nbsp;<\/p>\n<p><a href=\"https:\/\/bien-etreiris.ch\/wp-content\/uploads\/2021\/08\/pate-a-tartiner-aux-fruits-de-labricot.jpg\"><img loading=\"lazy\" decoding=\"async\" class=\"wp-image-52741 alignleft\" src=\"https:\/\/bien-etreiris.ch\/wp-content\/uploads\/2021\/08\/pate-a-tartiner-aux-fruits-de-labricot-300x300.jpg\" alt=\"\" width=\"327\" height=\"327\" srcset=\"https:\/\/bien-etreiris.ch\/wp-content\/uploads\/2021\/08\/pate-a-tartiner-aux-fruits-de-labricot-300x300.jpg 300w, https:\/\/bien-etreiris.ch\/wp-content\/uploads\/2021\/08\/pate-a-tartiner-aux-fruits-de-labricot-1024x1024.jpg 1024w, https:\/\/bien-etreiris.ch\/wp-content\/uploads\/2021\/08\/pate-a-tartiner-aux-fruits-de-labricot-150x150.jpg 150w, https:\/\/bien-etreiris.ch\/wp-content\/uploads\/2021\/08\/pate-a-tartiner-aux-fruits-de-labricot-768x768.jpg 768w, https:\/\/bien-etreiris.ch\/wp-content\/uploads\/2021\/08\/pate-a-tartiner-aux-fruits-de-labricot.jpg 1186w\" sizes=\"auto, (max-width: 327px) 100vw, 327px\" \/><\/a><\/p>\n<p>&nbsp;<\/p>\n<p>&nbsp;<\/p>\n<h4>P\u00e2te \u00e0 tartiner aux fruits de l\u2019abricot<\/h4>\n<p>&nbsp;<\/p>\n<h4>Ingr\u00e9dients :<\/h4>\n<p><br>Abricots (60%) BIO, sirop d'agave BIO, jus concentr\u00e9 de citron BIO, g\u00e9lifiant : pectine.<br>Conserver dans un endroit sec et \u00e0 l'abri de la chaleur.<\/p>\n<p>&nbsp;1 verre 250 g <strong>CHF 4.95<\/strong><\/p>\n<p>&nbsp;<\/p>\n<p>Tous les abricots, mais aucun en vue ? Alors cette p\u00e2te \u00e0 tartiner aux fruits est exactement ce qu'il vous faut. L'exp\u00e9rience du fruit fleuri se marie parfaitement avec le g\u00e2teau aux abricots et est merveilleuse pour la p\u00e2tisserie. Id\u00e9al comme p\u00e2te \u00e0 tartiner pour le pain, pour le g\u00e2teau aux abricots ou m\u00e9lang\u00e9 au yaourt ou au muesli. Sucr\u00e9 avec du sirop d'agave. Allez-y pour l'abricot !<\/p>\n<p>&nbsp;<\/p>\n<p>&nbsp;<\/p>\n<hr>\n<p><a href=\"https:\/\/bien-etreiris.ch\/wp-content\/uploads\/2021\/08\/pate-a-tartiner-aux-fruits-de-largousier.jpg\"><img loading=\"lazy\" decoding=\"async\" class=\"wp-image-52744 alignleft\" src=\"https:\/\/bien-etreiris.ch\/wp-content\/uploads\/2021\/08\/pate-a-tartiner-aux-fruits-de-largousier-300x300.jpg\" alt=\"\" width=\"320\" height=\"320\" srcset=\"https:\/\/bien-etreiris.ch\/wp-content\/uploads\/2021\/08\/pate-a-tartiner-aux-fruits-de-largousier-300x300.jpg 300w, https:\/\/bien-etreiris.ch\/wp-content\/uploads\/2021\/08\/pate-a-tartiner-aux-fruits-de-largousier-1024x1024.jpg 1024w, https:\/\/bien-etreiris.ch\/wp-content\/uploads\/2021\/08\/pate-a-tartiner-aux-fruits-de-largousier-150x150.jpg 150w, https:\/\/bien-etreiris.ch\/wp-content\/uploads\/2021\/08\/pate-a-tartiner-aux-fruits-de-largousier-768x768.jpg 768w, https:\/\/bien-etreiris.ch\/wp-content\/uploads\/2021\/08\/pate-a-tartiner-aux-fruits-de-largousier.jpg 1186w\" sizes=\"auto, (max-width: 320px) 100vw, 320px\" \/><\/a><\/p>\n<p>&nbsp;<\/p>\n<p>&nbsp;<\/p>\n<p>&nbsp;<\/p>\n<h4>P\u00e2te \u00e0 tartiner aux fruits de l\u2019argousier<\/h4>\n<p>&nbsp;<\/p>\n<h4>Ingr\u00e9dients:<\/h4>\n<p><br>Argousier (60%) BIO , sirop d'agave biologique, g\u00e9lifiant : pectine.<br>Conserver dans un endroit sec et \u00e0 l'abri de la chaleur.<\/p>\n<p>1 verre 250 g <strong>CHF 4.95<\/strong><\/p>\n<p>&nbsp;<\/p>\n<p>&nbsp;<\/p>\n<p>&nbsp;<\/p>\n<p>Aigre-doux ? La p\u00e2te \u00e0 tartiner aux fruits offre un jeu intense de nuances sucr\u00e9es et d'accents acidul\u00e9s. La p\u00e2te \u00e0 tartiner \u00e0 l'argousier se marie tr\u00e8s bien avec le pain, mais elle convient \u00e9galement pour affiner votre yaourt ou pr\u00e9parer une cr\u00e8me fra\u00eeche. Surprenez votre palais !<\/p>\n","protected":false},"excerpt":{"rendered":"<p>P\u00e2te \u00e0 tartiner aux fruits (confitures, gel\u00e9es) &nbsp; &nbsp; &nbsp; &nbsp; P\u00e2te \u00e0 tartiner aux fruits de l\u2019abricot &nbsp; Ingr\u00e9dients : Abricots (60%) BIO, sirop d'agave BIO, jus concentr\u00e9 de citron BIO, g\u00e9lifiant : pectine.Conserver dans un endroit sec et \u00e0 l'abri de la chaleur. &nbsp;1 verre 250 g CHF 4.95 &nbsp; Tous les abricots, mais aucun en vue ?&nbsp;<a href=\"https:\/\/bien-etreiris.ch\/de\/produktpraesentation\/gesundes-leben\/gesunde-lebensmittel\/superfoods\/pasten-und-puerees\/brotaufstrich\/aux-fruits\/\" class=\"read-more\">Weiter lesen<\/a><\/p>\n","protected":false},"author":1,"featured_media":52740,"parent":52720,"menu_order":5080,"comment_status":"closed","ping_status":"closed","template":"page-with-child.php","meta":{"_acf_changed":false,"ngg_post_thumbnail":0,"footnotes":""},"class_list":["post-52749","page","type-page","status-publish","has-post-thumbnail","hentry"],"acf":[],"yoast_head":"<!-- This site is optimized with the Yoast SEO plugin v27.5 - https:\/\/yoast.com\/product\/yoast-seo-wordpress\/ -->\n<title>AUX FRUITS - WOHLBEFINDEN<\/title>\n<meta name=\"robots\" content=\"index, follow, max-snippet:-1, max-image-preview:large, max-video-preview:-1\" \/>\n<link rel=\"canonical\" href=\"https:\/\/bien-etreiris.ch\/de\/produktpraesentation\/gesundes-leben\/gesunde-lebensmittel\/superfoods\/pasten-und-puerees\/brotaufstrich\/aux-fruits\/\" \/>\n<meta property=\"og:locale\" content=\"de_DE\" \/>\n<meta property=\"og:type\" content=\"article\" \/>\n<meta property=\"og:title\" content=\"AUX FRUITS - WOHLBEFINDEN\" \/>\n<meta property=\"og:description\" content=\"P\u00e2te \u00e0 tartiner aux fruits (confitures, gel\u00e9es) &nbsp; &nbsp; &nbsp; &nbsp; P\u00e2te \u00e0 tartiner aux fruits de l\u2019abricot &nbsp; Ingr\u00e9dients : Abricots (60%) BIO, sirop d&#039;agave BIO, jus concentr\u00e9 de citron BIO, g\u00e9lifiant : pectine.Conserver dans un endroit sec et \u00e0 l&#039;abri de la chaleur. &nbsp;1 verre 250 g CHF 4.95 &nbsp; Tous les abricots, mais aucun en vue ?&nbsp;Weiter lesen\" \/>\n<meta property=\"og:url\" content=\"https:\/\/bien-etreiris.ch\/de\/produktpraesentation\/gesundes-leben\/gesunde-lebensmittel\/superfoods\/pasten-und-puerees\/brotaufstrich\/aux-fruits\/\" \/>\n<meta property=\"og:site_name\" content=\"WOHLBEFINDEN\" \/>\n<meta property=\"article:publisher\" content=\"https:\/\/www.facebook.com\/bienetreiris\/\" \/>\n<meta property=\"article:modified_time\" content=\"2021-08-01T11:31:52+00:00\" \/>\n<meta property=\"og:image\" content=\"https:\/\/bien-etreiris.ch\/wp-content\/uploads\/2021\/08\/acceuil-aux-fruits.jpg\" \/>\n\t<meta property=\"og:image:width\" content=\"500\" \/>\n\t<meta property=\"og:image:height\" content=\"333\" \/>\n\t<meta property=\"og:image:type\" content=\"image\/jpeg\" \/>\n<meta name=\"twitter:label1\" content=\"Gesch\u00e4tzte Lesezeit\" \/>\n\t<meta name=\"twitter:data1\" content=\"2\u00a0Minuten\" \/>\n<script type=\"application\/ld+json\" class=\"yoast-schema-graph\">{\"@context\":\"https:\\\/\\\/schema.org\",\"@graph\":[{\"@type\":\"WebPage\",\"@id\":\"https:\\\/\\\/bien-etreiris.ch\\\/de\\\/produktpraesentation\\\/gesundes-leben\\\/gesunde-lebensmittel\\\/superfoods\\\/pasten-und-puerees\\\/brotaufstrich\\\/aux-fruits\\\/\",\"url\":\"https:\\\/\\\/bien-etreiris.ch\\\/de\\\/produktpraesentation\\\/gesundes-leben\\\/gesunde-lebensmittel\\\/superfoods\\\/pasten-und-puerees\\\/brotaufstrich\\\/aux-fruits\\\/\",\"name\":\"AUX FRUITS - WOHLBEFINDEN\",\"isPartOf\":{\"@id\":\"https:\\\/\\\/bien-etreiris.ch\\\/de\\\/#website\"},\"primaryImageOfPage\":{\"@id\":\"https:\\\/\\\/bien-etreiris.ch\\\/de\\\/produktpraesentation\\\/gesundes-leben\\\/gesunde-lebensmittel\\\/superfoods\\\/pasten-und-puerees\\\/brotaufstrich\\\/aux-fruits\\\/#primaryimage\"},\"image\":{\"@id\":\"https:\\\/\\\/bien-etreiris.ch\\\/de\\\/produktpraesentation\\\/gesundes-leben\\\/gesunde-lebensmittel\\\/superfoods\\\/pasten-und-puerees\\\/brotaufstrich\\\/aux-fruits\\\/#primaryimage\"},\"thumbnailUrl\":\"https:\\\/\\\/bien-etreiris.ch\\\/wp-content\\\/uploads\\\/2021\\\/08\\\/acceuil-aux-fruits.jpg\",\"datePublished\":\"2021-08-01T11:20:59+00:00\",\"dateModified\":\"2021-08-01T11:31:52+00:00\",\"breadcrumb\":{\"@id\":\"https:\\\/\\\/bien-etreiris.ch\\\/de\\\/produktpraesentation\\\/gesundes-leben\\\/gesunde-lebensmittel\\\/superfoods\\\/pasten-und-puerees\\\/brotaufstrich\\\/aux-fruits\\\/#breadcrumb\"},\"inLanguage\":\"de\",\"potentialAction\":[{\"@type\":\"ReadAction\",\"target\":[\"https:\\\/\\\/bien-etreiris.ch\\\/de\\\/produktpraesentation\\\/gesundes-leben\\\/gesunde-lebensmittel\\\/superfoods\\\/pasten-und-puerees\\\/brotaufstrich\\\/aux-fruits\\\/\"]}]},{\"@type\":\"ImageObject\",\"inLanguage\":\"de\",\"@id\":\"https:\\\/\\\/bien-etreiris.ch\\\/de\\\/produktpraesentation\\\/gesundes-leben\\\/gesunde-lebensmittel\\\/superfoods\\\/pasten-und-puerees\\\/brotaufstrich\\\/aux-fruits\\\/#primaryimage\",\"url\":\"https:\\\/\\\/bien-etreiris.ch\\\/wp-content\\\/uploads\\\/2021\\\/08\\\/acceuil-aux-fruits.jpg\",\"contentUrl\":\"https:\\\/\\\/bien-etreiris.ch\\\/wp-content\\\/uploads\\\/2021\\\/08\\\/acceuil-aux-fruits.jpg\",\"width\":500,\"height\":333},{\"@type\":\"BreadcrumbList\",\"@id\":\"https:\\\/\\\/bien-etreiris.ch\\\/de\\\/produktpraesentation\\\/gesundes-leben\\\/gesunde-lebensmittel\\\/superfoods\\\/pasten-und-puerees\\\/brotaufstrich\\\/aux-fruits\\\/#breadcrumb\",\"itemListElement\":[{\"@type\":\"ListItem\",\"position\":1,\"name\":\"Home\",\"item\":\"https:\\\/\\\/bien-etreiris.ch\\\/de\\\/\"},{\"@type\":\"ListItem\",\"position\":2,\"name\":\"PRODUKTPR\u00c4SENTATION\",\"item\":\"https:\\\/\\\/bien-etreiris.ch\\\/de\\\/produktpraesentation\\\/\"},{\"@type\":\"ListItem\",\"position\":3,\"name\":\"GESUNDES LEBEN\",\"item\":\"https:\\\/\\\/bien-etreiris.ch\\\/de\\\/produktpraesentation\\\/gesundes-leben\\\/\"},{\"@type\":\"ListItem\",\"position\":4,\"name\":\"GESUNDE LEBENSMITTEL\",\"item\":\"https:\\\/\\\/bien-etreiris.ch\\\/de\\\/produktpraesentation\\\/gesundes-leben\\\/gesunde-lebensmittel\\\/\"},{\"@type\":\"ListItem\",\"position\":5,\"name\":\"SUPERFOODS\",\"item\":\"https:\\\/\\\/bien-etreiris.ch\\\/de\\\/produktpraesentation\\\/gesundes-leben\\\/gesunde-lebensmittel\\\/superfoods\\\/\"},{\"@type\":\"ListItem\",\"position\":6,\"name\":\"PASTEN &#038; P\u00dcREES\",\"item\":\"https:\\\/\\\/bien-etreiris.ch\\\/de\\\/produktpraesentation\\\/gesundes-leben\\\/gesunde-lebensmittel\\\/superfoods\\\/pasten-und-puerees\\\/\"},{\"@type\":\"ListItem\",\"position\":7,\"name\":\"BROTAUFSTRICH\",\"item\":\"https:\\\/\\\/bien-etreiris.ch\\\/de\\\/produktpraesentation\\\/gesundes-leben\\\/gesunde-lebensmittel\\\/superfoods\\\/pasten-und-puerees\\\/brotaufstrich\\\/\"},{\"@type\":\"ListItem\",\"position\":8,\"name\":\"AUX FRUITS\"}]},{\"@type\":\"WebSite\",\"@id\":\"https:\\\/\\\/bien-etreiris.ch\\\/de\\\/#website\",\"url\":\"https:\\\/\\\/bien-etreiris.ch\\\/de\\\/\",\"name\":\"Bien-\u00eatre Iris\",\"description\":\"IHRE Gesundheit ist uns wichtig\",\"potentialAction\":[{\"@type\":\"SearchAction\",\"target\":{\"@type\":\"EntryPoint\",\"urlTemplate\":\"https:\\\/\\\/bien-etreiris.ch\\\/de\\\/?s={search_term_string}\"},\"query-input\":{\"@type\":\"PropertyValueSpecification\",\"valueRequired\":true,\"valueName\":\"search_term_string\"}}],\"inLanguage\":\"de\"}]}<\/script>\n<!-- \/ Yoast SEO plugin. -->","yoast_head_json":{"title":"AUX FRUITS - WOHLBEFINDEN","robots":{"index":"index","follow":"follow","max-snippet":"max-snippet:-1","max-image-preview":"max-image-preview:large","max-video-preview":"max-video-preview:-1"},"canonical":"https:\/\/bien-etreiris.ch\/de\/produktpraesentation\/gesundes-leben\/gesunde-lebensmittel\/superfoods\/pasten-und-puerees\/brotaufstrich\/aux-fruits\/","og_locale":"de_DE","og_type":"article","og_title":"AUX FRUITS - WOHLBEFINDEN","og_description":"P\u00e2te \u00e0 tartiner aux fruits (confitures, gel\u00e9es) &nbsp; &nbsp; &nbsp; &nbsp; P\u00e2te \u00e0 tartiner aux fruits de l\u2019abricot &nbsp; Ingr\u00e9dients : Abricots (60%) BIO, sirop d'agave BIO, jus concentr\u00e9 de citron BIO, g\u00e9lifiant : pectine.Conserver dans un endroit sec et \u00e0 l'abri de la chaleur. &nbsp;1 verre 250 g CHF 4.95 &nbsp; Tous les abricots, mais aucun en vue ?&nbsp;Weiter lesen","og_url":"https:\/\/bien-etreiris.ch\/de\/produktpraesentation\/gesundes-leben\/gesunde-lebensmittel\/superfoods\/pasten-und-puerees\/brotaufstrich\/aux-fruits\/","og_site_name":"WOHLBEFINDEN","article_publisher":"https:\/\/www.facebook.com\/bienetreiris\/","article_modified_time":"2021-08-01T11:31:52+00:00","og_image":[{"width":500,"height":333,"url":"https:\/\/bien-etreiris.ch\/wp-content\/uploads\/2021\/08\/acceuil-aux-fruits.jpg","type":"image\/jpeg"}],"twitter_misc":{"Gesch\u00e4tzte Lesezeit":"2\u00a0Minuten"},"schema":{"@context":"https:\/\/schema.org","@graph":[{"@type":"WebPage","@id":"https:\/\/bien-etreiris.ch\/de\/produktpraesentation\/gesundes-leben\/gesunde-lebensmittel\/superfoods\/pasten-und-puerees\/brotaufstrich\/aux-fruits\/","url":"https:\/\/bien-etreiris.ch\/de\/produktpraesentation\/gesundes-leben\/gesunde-lebensmittel\/superfoods\/pasten-und-puerees\/brotaufstrich\/aux-fruits\/","name":"AUX FRUITS - WOHLBEFINDEN","isPartOf":{"@id":"https:\/\/bien-etreiris.ch\/de\/#website"},"primaryImageOfPage":{"@id":"https:\/\/bien-etreiris.ch\/de\/produktpraesentation\/gesundes-leben\/gesunde-lebensmittel\/superfoods\/pasten-und-puerees\/brotaufstrich\/aux-fruits\/#primaryimage"},"image":{"@id":"https:\/\/bien-etreiris.ch\/de\/produktpraesentation\/gesundes-leben\/gesunde-lebensmittel\/superfoods\/pasten-und-puerees\/brotaufstrich\/aux-fruits\/#primaryimage"},"thumbnailUrl":"https:\/\/bien-etreiris.ch\/wp-content\/uploads\/2021\/08\/acceuil-aux-fruits.jpg","datePublished":"2021-08-01T11:20:59+00:00","dateModified":"2021-08-01T11:31:52+00:00","breadcrumb":{"@id":"https:\/\/bien-etreiris.ch\/de\/produktpraesentation\/gesundes-leben\/gesunde-lebensmittel\/superfoods\/pasten-und-puerees\/brotaufstrich\/aux-fruits\/#breadcrumb"},"inLanguage":"de","potentialAction":[{"@type":"ReadAction","target":["https:\/\/bien-etreiris.ch\/de\/produktpraesentation\/gesundes-leben\/gesunde-lebensmittel\/superfoods\/pasten-und-puerees\/brotaufstrich\/aux-fruits\/"]}]},{"@type":"ImageObject","inLanguage":"de","@id":"https:\/\/bien-etreiris.ch\/de\/produktpraesentation\/gesundes-leben\/gesunde-lebensmittel\/superfoods\/pasten-und-puerees\/brotaufstrich\/aux-fruits\/#primaryimage","url":"https:\/\/bien-etreiris.ch\/wp-content\/uploads\/2021\/08\/acceuil-aux-fruits.jpg","contentUrl":"https:\/\/bien-etreiris.ch\/wp-content\/uploads\/2021\/08\/acceuil-aux-fruits.jpg","width":500,"height":333},{"@type":"BreadcrumbList","@id":"https:\/\/bien-etreiris.ch\/de\/produktpraesentation\/gesundes-leben\/gesunde-lebensmittel\/superfoods\/pasten-und-puerees\/brotaufstrich\/aux-fruits\/#breadcrumb","itemListElement":[{"@type":"ListItem","position":1,"name":"Home","item":"https:\/\/bien-etreiris.ch\/de\/"},{"@type":"ListItem","position":2,"name":"PRODUKTPR\u00c4SENTATION","item":"https:\/\/bien-etreiris.ch\/de\/produktpraesentation\/"},{"@type":"ListItem","position":3,"name":"GESUNDES LEBEN","item":"https:\/\/bien-etreiris.ch\/de\/produktpraesentation\/gesundes-leben\/"},{"@type":"ListItem","position":4,"name":"GESUNDE LEBENSMITTEL","item":"https:\/\/bien-etreiris.ch\/de\/produktpraesentation\/gesundes-leben\/gesunde-lebensmittel\/"},{"@type":"ListItem","position":5,"name":"SUPERFOODS","item":"https:\/\/bien-etreiris.ch\/de\/produktpraesentation\/gesundes-leben\/gesunde-lebensmittel\/superfoods\/"},{"@type":"ListItem","position":6,"name":"PASTEN &#038; P\u00dcREES","item":"https:\/\/bien-etreiris.ch\/de\/produktpraesentation\/gesundes-leben\/gesunde-lebensmittel\/superfoods\/pasten-und-puerees\/"},{"@type":"ListItem","position":7,"name":"BROTAUFSTRICH","item":"https:\/\/bien-etreiris.ch\/de\/produktpraesentation\/gesundes-leben\/gesunde-lebensmittel\/superfoods\/pasten-und-puerees\/brotaufstrich\/"},{"@type":"ListItem","position":8,"name":"AUX FRUITS"}]},{"@type":"WebSite","@id":"https:\/\/bien-etreiris.ch\/de\/#website","url":"https:\/\/bien-etreiris.ch\/de\/","name":"Bien-\u00eatre Iris","description":"IHRE Gesundheit ist uns wichtig","potentialAction":[{"@type":"SearchAction","target":{"@type":"EntryPoint","urlTemplate":"https:\/\/bien-etreiris.ch\/de\/?s={search_term_string}"},"query-input":{"@type":"PropertyValueSpecification","valueRequired":true,"valueName":"search_term_string"}}],"inLanguage":"de"}]}},"_links":{"self":[{"href":"https:\/\/bien-etreiris.ch\/de\/wp-json\/wp\/v2\/pages\/52749","targetHints":{"allow":["GET"]}}],"collection":[{"href":"https:\/\/bien-etreiris.ch\/de\/wp-json\/wp\/v2\/pages"}],"about":[{"href":"https:\/\/bien-etreiris.ch\/de\/wp-json\/wp\/v2\/types\/page"}],"author":[{"embeddable":true,"href":"https:\/\/bien-etreiris.ch\/de\/wp-json\/wp\/v2\/users\/1"}],"replies":[{"embeddable":true,"href":"https:\/\/bien-etreiris.ch\/de\/wp-json\/wp\/v2\/comments?post=52749"}],"version-history":[{"count":3,"href":"https:\/\/bien-etreiris.ch\/de\/wp-json\/wp\/v2\/pages\/52749\/revisions"}],"predecessor-version":[{"id":52758,"href":"https:\/\/bien-etreiris.ch\/de\/wp-json\/wp\/v2\/pages\/52749\/revisions\/52758"}],"up":[{"embeddable":true,"href":"https:\/\/bien-etreiris.ch\/de\/wp-json\/wp\/v2\/pages\/52720"}],"wp:featuredmedia":[{"embeddable":true,"href":"https:\/\/bien-etreiris.ch\/de\/wp-json\/wp\/v2\/media\/52740"}],"wp:attachment":[{"href":"https:\/\/bien-etreiris.ch\/de\/wp-json\/wp\/v2\/media?parent=52749"}],"curies":[{"name":"wp","href":"https:\/\/api.w.org\/{rel}","templated":true}]}}