{"id":52705,"date":"2021-08-01T11:42:55","date_gmt":"2021-08-01T09:42:55","guid":{"rendered":"https:\/\/bien-etreiris.ch\/?page_id=52705"},"modified":"2021-08-01T11:45:15","modified_gmt":"2021-08-01T09:45:15","slug":"puree-crue-amande","status":"publish","type":"page","link":"https:\/\/bien-etreiris.ch\/de\/produktpraesentation\/gesundes-leben\/gesunde-lebensmittel\/superfoods\/pasten-und-puerees\/puree-crue-amande\/","title":{"rendered":"PUREE CRUE AMANDE"},"content":{"rendered":"\n<h2 class=\"p-product-details__title bip-typography--headline2\"><span data-v-39e6ef6c=\"\" data-v-00ece6c5=\"\">Pur\u00e9e crue amande blanche<br><\/span><\/h2>\n<p><a href=\"https:\/\/bien-etreiris.ch\/wp-content\/uploads\/2021\/08\/Puree-crue-blanche.jpg\"><img loading=\"lazy\" decoding=\"async\" class=\"alignleft wp-image-52698\" src=\"https:\/\/bien-etreiris.ch\/wp-content\/uploads\/2021\/08\/Puree-crue-blanche.jpg\" alt=\"\" width=\"450\" height=\"436\" srcset=\"https:\/\/bien-etreiris.ch\/wp-content\/uploads\/2021\/08\/Puree-crue-blanche.jpg 640w, https:\/\/bien-etreiris.ch\/wp-content\/uploads\/2021\/08\/Puree-crue-blanche-300x291.jpg 300w\" sizes=\"auto, (max-width: 450px) 100vw, 450px\" \/><\/a><\/p>\n<p>&nbsp;<\/p>\n<p>&nbsp;<\/p>\n<p>&nbsp;<\/p>\n<p>&nbsp;<\/p>\n<h4><b>Ingr\u00e9dients :<\/b><\/h4>\n<p>100% <strong>Amande<\/strong>* blanche.<\/p>\n<p>*Ingr\u00e9dients issus de l'agriculture biologique.<\/p>\n<p>&nbsp;<\/p>\n<p>Disponible en format :<\/p>\n<p>1000 ml <strong>CHF 29.00<\/strong><\/p>\n<p>&nbsp; 250 ml <strong>CHF&nbsp;&nbsp; 9.00<\/strong><\/p>\n<p>&nbsp;<\/p>\n<p>&nbsp;<\/p>\n<p>Notre d\u00e9licieuse pur\u00e9e crue 100 % amande blanche bio vous apporte toute la finesse et la douceur de l\u2019amande blanche, dans une recette riche en acides gras insatur\u00e9s, en vitamines E et B2, mais aussi en fer, magn\u00e9sium, phosphore et potassium. Id\u00e9ale pour un moment de plaisir sain et \u00e9quilibr\u00e9 !<\/p>\n<p>&nbsp;<\/p>\n<h4 class=\"vnr-label\">VALEURS NUTRITIONNELLES MOYENNES POUR 100G<\/h4>\n<div class=\"nutrition-container\">\n<div class=\"nutrition-cell\"><label>\u00c9nergie 679 Kcal<\/label> <br>2804 kJ<\/div>\n<div>&nbsp;<\/div>\n<div class=\"nutrition-cell\"><label>Mati\u00e8res grasses 61 g<\/label> <br><label class=\"sub-nutrition\">dont AG satur\u00e9s 5 g <\/label><\/div>\n<div>&nbsp;<\/div>\n<div class=\"nutrition-cell\"><label>Glucides 5.7 g<\/label> <br><label class=\"sub-nutrition\">dont sucres 5.7 g<\/label><\/div>\n<div>&nbsp;<\/div>\n<div class=\"nutrition-cell\"><label>Fibres alimentaires 7.6 g <\/label><\/div>\n<div>&nbsp;<\/div>\n<div class=\"nutrition-cell\"><label>Prot\u00e9ines 22.9 g<\/label><\/div>\n<div>&nbsp;<\/div>\n<div class=\"nutrition-cell\"><label>Sel 0.01 g <\/label><\/div>\n<\/div>\n<p>&nbsp;<\/p>\n<p>&nbsp;<\/p>\n<hr>\n<h2 class=\"p-product-details__title bip-typography--headline2\"><span data-v-39e6ef6c=\"\" data-v-00ece6c5=\"\">Pur\u00e9e crue amande compl\u00e8te<\/span><\/h2>\n<p><a href=\"https:\/\/bien-etreiris.ch\/wp-content\/uploads\/2021\/08\/Puree-crue-complet.jpg\"><img loading=\"lazy\" decoding=\"async\" class=\"wp-image-52701 alignleft\" src=\"https:\/\/bien-etreiris.ch\/wp-content\/uploads\/2021\/08\/Puree-crue-complet-300x291.jpg\" alt=\"\" width=\"450\" height=\"436\" srcset=\"https:\/\/bien-etreiris.ch\/wp-content\/uploads\/2021\/08\/Puree-crue-complet-300x291.jpg 300w, https:\/\/bien-etreiris.ch\/wp-content\/uploads\/2021\/08\/Puree-crue-complet.jpg 640w\" sizes=\"auto, (max-width: 450px) 100vw, 450px\" \/><\/a><\/p>\n<p>&nbsp;<\/p>\n<p>&nbsp;<\/p>\n<p>&nbsp;<\/p>\n<p>&nbsp;<\/p>\n<h4><b>Ingr\u00e9dients :<\/b><\/h4>\n<p>100% <strong>Amande*<\/strong> compl\u00e8te.<\/p>\n<p>*Ingr\u00e9dients issus de l'agriculture biologique.<\/p>\n<p>&nbsp;<\/p>\n<p>Disponible en format :<\/p>\n<p>1000 ml <strong>CHF 29.00<\/strong><\/p>\n<p>&nbsp; 250 ml <strong>CHF&nbsp;&nbsp; 9.00<\/strong><\/p>\n<p>&nbsp;<\/p>\n<p>Notre pur\u00e9e crue 100 % amande compl\u00e8te bio est une d\u00e9licieuse recette riche en acides gras insatur\u00e9s, vitamines E et B2, magn\u00e9sium, phosphore et calcium. Son go\u00fbt prononc\u00e9 d\u2019amande et sa texture granuleuse raviront vos papilles aussi bien sur une simple tartine qu\u2019incorpor\u00e9 dans vos recettes de p\u00e2tisserie !<\/p>\n<p>&nbsp;<\/p>\n<p class=\"vnr-label\">VALEURS NUTRITIONNELLES MOYENNES POUR 100G<\/p>\n<div class=\"nutrition-container\">\n<div class=\"nutrition-cell\"><label>\u00c9nergie 625.2 Kcal<\/label> <br>2584.1 kJ<\/div>\n<div>&nbsp;<\/div>\n<div class=\"nutrition-cell\"><label>Mati\u00e8res grasses 55.2 g<\/label> <br><label class=\"sub-nutrition\">dont AG satur\u00e9s 4.6 g<\/label><\/div>\n<div>&nbsp;<\/div>\n<div class=\"nutrition-cell\"><label>Glucides 5.6 g<\/label> <br><label class=\"sub-nutrition\">dont sucres 5.6 g<\/label><\/div>\n<div>&nbsp;<\/div>\n<div class=\"nutrition-cell\"><label>Fibres alimentaires 8.0 g<\/label><\/div>\n<div>&nbsp;<\/div>\n<div class=\"nutrition-cell\"><label>Prot\u00e9ines 22.5 g<\/label><\/div>\n<div>&nbsp;<\/div>\n<div class=\"nutrition-cell\"><label>Sel 0.01 g<\/label><\/div>\n<\/div>\n<p>&nbsp;<\/p>\n<p>&nbsp;<\/p>\n<p>&nbsp;<\/p>\n","protected":false},"excerpt":{"rendered":"<p>Pur\u00e9e crue amande blanche &nbsp; &nbsp; &nbsp; &nbsp; Ingr\u00e9dients : 100% Amande* blanche. *Ingr\u00e9dients issus de l'agriculture biologique. &nbsp; Disponible en format : 1000 ml CHF 29.00 &nbsp; 250 ml CHF&nbsp;&nbsp; 9.00 &nbsp; &nbsp; Notre d\u00e9licieuse pur\u00e9e crue 100 % amande blanche bio vous apporte toute la finesse et la douceur de l\u2019amande blanche, dans une recette riche en acides&nbsp;<a href=\"https:\/\/bien-etreiris.ch\/de\/produktpraesentation\/gesundes-leben\/gesunde-lebensmittel\/superfoods\/pasten-und-puerees\/puree-crue-amande\/\" class=\"read-more\">Weiter lesen<\/a><\/p>\n","protected":false},"author":1,"featured_media":52697,"parent":46680,"menu_order":5082,"comment_status":"closed","ping_status":"closed","template":"page-with-child.php","meta":{"_acf_changed":false,"ngg_post_thumbnail":0,"footnotes":""},"class_list":["post-52705","page","type-page","status-publish","has-post-thumbnail","hentry"],"acf":[],"yoast_head":"<!-- This site is optimized with the Yoast SEO plugin v27.4 - https:\/\/yoast.com\/product\/yoast-seo-wordpress\/ -->\n<title>PUREE CRUE AMANDE - WOHLBEFINDEN<\/title>\n<meta name=\"robots\" content=\"index, follow, max-snippet:-1, max-image-preview:large, max-video-preview:-1\" \/>\n<link rel=\"canonical\" href=\"https:\/\/bien-etreiris.ch\/de\/produktpraesentation\/gesundes-leben\/gesunde-lebensmittel\/superfoods\/pasten-und-puerees\/puree-crue-amande\/\" \/>\n<meta property=\"og:locale\" content=\"de_DE\" \/>\n<meta property=\"og:type\" content=\"article\" \/>\n<meta property=\"og:title\" content=\"PUREE CRUE AMANDE - WOHLBEFINDEN\" \/>\n<meta property=\"og:description\" content=\"Pur\u00e9e crue amande blanche &nbsp; &nbsp; &nbsp; &nbsp; Ingr\u00e9dients : 100% Amande* blanche. *Ingr\u00e9dients issus de l&#039;agriculture biologique. &nbsp; Disponible en format : 1000 ml CHF 29.00 &nbsp; 250 ml CHF&nbsp;&nbsp; 9.00 &nbsp; &nbsp; Notre d\u00e9licieuse pur\u00e9e crue 100 % amande blanche bio vous apporte toute la finesse et la douceur de l\u2019amande blanche, dans une recette riche en acides&nbsp;Weiter lesen\" \/>\n<meta property=\"og:url\" content=\"https:\/\/bien-etreiris.ch\/de\/produktpraesentation\/gesundes-leben\/gesunde-lebensmittel\/superfoods\/pasten-und-puerees\/puree-crue-amande\/\" \/>\n<meta property=\"og:site_name\" content=\"WOHLBEFINDEN\" \/>\n<meta property=\"article:publisher\" content=\"https:\/\/www.facebook.com\/bienetreiris\/\" \/>\n<meta property=\"article:modified_time\" content=\"2021-08-01T09:45:15+00:00\" \/>\n<meta property=\"og:image\" content=\"https:\/\/bien-etreiris.ch\/wp-content\/uploads\/2021\/08\/aceuill-puree-damande.jpg\" \/>\n\t<meta property=\"og:image:width\" content=\"500\" \/>\n\t<meta property=\"og:image:height\" content=\"324\" \/>\n\t<meta property=\"og:image:type\" content=\"image\/jpeg\" \/>\n<meta name=\"twitter:label1\" content=\"Gesch\u00e4tzte Lesezeit\" \/>\n\t<meta name=\"twitter:data1\" content=\"2\u00a0Minuten\" \/>\n<script type=\"application\/ld+json\" class=\"yoast-schema-graph\">{\"@context\":\"https:\\\/\\\/schema.org\",\"@graph\":[{\"@type\":\"WebPage\",\"@id\":\"https:\\\/\\\/bien-etreiris.ch\\\/de\\\/produktpraesentation\\\/gesundes-leben\\\/gesunde-lebensmittel\\\/superfoods\\\/pasten-und-puerees\\\/puree-crue-amande\\\/\",\"url\":\"https:\\\/\\\/bien-etreiris.ch\\\/de\\\/produktpraesentation\\\/gesundes-leben\\\/gesunde-lebensmittel\\\/superfoods\\\/pasten-und-puerees\\\/puree-crue-amande\\\/\",\"name\":\"PUREE CRUE AMANDE - WOHLBEFINDEN\",\"isPartOf\":{\"@id\":\"https:\\\/\\\/bien-etreiris.ch\\\/de\\\/#website\"},\"primaryImageOfPage\":{\"@id\":\"https:\\\/\\\/bien-etreiris.ch\\\/de\\\/produktpraesentation\\\/gesundes-leben\\\/gesunde-lebensmittel\\\/superfoods\\\/pasten-und-puerees\\\/puree-crue-amande\\\/#primaryimage\"},\"image\":{\"@id\":\"https:\\\/\\\/bien-etreiris.ch\\\/de\\\/produktpraesentation\\\/gesundes-leben\\\/gesunde-lebensmittel\\\/superfoods\\\/pasten-und-puerees\\\/puree-crue-amande\\\/#primaryimage\"},\"thumbnailUrl\":\"https:\\\/\\\/bien-etreiris.ch\\\/wp-content\\\/uploads\\\/2021\\\/08\\\/aceuill-puree-damande.jpg\",\"datePublished\":\"2021-08-01T09:42:55+00:00\",\"dateModified\":\"2021-08-01T09:45:15+00:00\",\"breadcrumb\":{\"@id\":\"https:\\\/\\\/bien-etreiris.ch\\\/de\\\/produktpraesentation\\\/gesundes-leben\\\/gesunde-lebensmittel\\\/superfoods\\\/pasten-und-puerees\\\/puree-crue-amande\\\/#breadcrumb\"},\"inLanguage\":\"de\",\"potentialAction\":[{\"@type\":\"ReadAction\",\"target\":[\"https:\\\/\\\/bien-etreiris.ch\\\/de\\\/produktpraesentation\\\/gesundes-leben\\\/gesunde-lebensmittel\\\/superfoods\\\/pasten-und-puerees\\\/puree-crue-amande\\\/\"]}]},{\"@type\":\"ImageObject\",\"inLanguage\":\"de\",\"@id\":\"https:\\\/\\\/bien-etreiris.ch\\\/de\\\/produktpraesentation\\\/gesundes-leben\\\/gesunde-lebensmittel\\\/superfoods\\\/pasten-und-puerees\\\/puree-crue-amande\\\/#primaryimage\",\"url\":\"https:\\\/\\\/bien-etreiris.ch\\\/wp-content\\\/uploads\\\/2021\\\/08\\\/aceuill-puree-damande.jpg\",\"contentUrl\":\"https:\\\/\\\/bien-etreiris.ch\\\/wp-content\\\/uploads\\\/2021\\\/08\\\/aceuill-puree-damande.jpg\",\"width\":500,\"height\":324},{\"@type\":\"BreadcrumbList\",\"@id\":\"https:\\\/\\\/bien-etreiris.ch\\\/de\\\/produktpraesentation\\\/gesundes-leben\\\/gesunde-lebensmittel\\\/superfoods\\\/pasten-und-puerees\\\/puree-crue-amande\\\/#breadcrumb\",\"itemListElement\":[{\"@type\":\"ListItem\",\"position\":1,\"name\":\"Home\",\"item\":\"https:\\\/\\\/bien-etreiris.ch\\\/de\\\/\"},{\"@type\":\"ListItem\",\"position\":2,\"name\":\"PRODUKTPR\u00c4SENTATION\",\"item\":\"https:\\\/\\\/bien-etreiris.ch\\\/de\\\/produktpraesentation\\\/\"},{\"@type\":\"ListItem\",\"position\":3,\"name\":\"GESUNDES LEBEN\",\"item\":\"https:\\\/\\\/bien-etreiris.ch\\\/de\\\/produktpraesentation\\\/gesundes-leben\\\/\"},{\"@type\":\"ListItem\",\"position\":4,\"name\":\"GESUNDE LEBENSMITTEL\",\"item\":\"https:\\\/\\\/bien-etreiris.ch\\\/de\\\/produktpraesentation\\\/gesundes-leben\\\/gesunde-lebensmittel\\\/\"},{\"@type\":\"ListItem\",\"position\":5,\"name\":\"SUPERFOODS\",\"item\":\"https:\\\/\\\/bien-etreiris.ch\\\/de\\\/produktpraesentation\\\/gesundes-leben\\\/gesunde-lebensmittel\\\/superfoods\\\/\"},{\"@type\":\"ListItem\",\"position\":6,\"name\":\"PASTEN &#038; P\u00dcREES\",\"item\":\"https:\\\/\\\/bien-etreiris.ch\\\/de\\\/produktpraesentation\\\/gesundes-leben\\\/gesunde-lebensmittel\\\/superfoods\\\/pasten-und-puerees\\\/\"},{\"@type\":\"ListItem\",\"position\":7,\"name\":\"PUREE CRUE AMANDE\"}]},{\"@type\":\"WebSite\",\"@id\":\"https:\\\/\\\/bien-etreiris.ch\\\/de\\\/#website\",\"url\":\"https:\\\/\\\/bien-etreiris.ch\\\/de\\\/\",\"name\":\"Bien-\u00eatre Iris\",\"description\":\"IHRE Gesundheit ist uns wichtig\",\"potentialAction\":[{\"@type\":\"SearchAction\",\"target\":{\"@type\":\"EntryPoint\",\"urlTemplate\":\"https:\\\/\\\/bien-etreiris.ch\\\/de\\\/?s={search_term_string}\"},\"query-input\":{\"@type\":\"PropertyValueSpecification\",\"valueRequired\":true,\"valueName\":\"search_term_string\"}}],\"inLanguage\":\"de\"}]}<\/script>\n<!-- \/ Yoast SEO plugin. -->","yoast_head_json":{"title":"PUREE CRUE AMANDE - WOHLBEFINDEN","robots":{"index":"index","follow":"follow","max-snippet":"max-snippet:-1","max-image-preview":"max-image-preview:large","max-video-preview":"max-video-preview:-1"},"canonical":"https:\/\/bien-etreiris.ch\/de\/produktpraesentation\/gesundes-leben\/gesunde-lebensmittel\/superfoods\/pasten-und-puerees\/puree-crue-amande\/","og_locale":"de_DE","og_type":"article","og_title":"PUREE CRUE AMANDE - WOHLBEFINDEN","og_description":"Pur\u00e9e crue amande blanche &nbsp; &nbsp; &nbsp; &nbsp; Ingr\u00e9dients : 100% Amande* blanche. *Ingr\u00e9dients issus de l'agriculture biologique. &nbsp; Disponible en format : 1000 ml CHF 29.00 &nbsp; 250 ml CHF&nbsp;&nbsp; 9.00 &nbsp; &nbsp; Notre d\u00e9licieuse pur\u00e9e crue 100 % amande blanche bio vous apporte toute la finesse et la douceur de l\u2019amande blanche, dans une recette riche en acides&nbsp;Weiter lesen","og_url":"https:\/\/bien-etreiris.ch\/de\/produktpraesentation\/gesundes-leben\/gesunde-lebensmittel\/superfoods\/pasten-und-puerees\/puree-crue-amande\/","og_site_name":"WOHLBEFINDEN","article_publisher":"https:\/\/www.facebook.com\/bienetreiris\/","article_modified_time":"2021-08-01T09:45:15+00:00","og_image":[{"width":500,"height":324,"url":"https:\/\/bien-etreiris.ch\/wp-content\/uploads\/2021\/08\/aceuill-puree-damande.jpg","type":"image\/jpeg"}],"twitter_misc":{"Gesch\u00e4tzte Lesezeit":"2\u00a0Minuten"},"schema":{"@context":"https:\/\/schema.org","@graph":[{"@type":"WebPage","@id":"https:\/\/bien-etreiris.ch\/de\/produktpraesentation\/gesundes-leben\/gesunde-lebensmittel\/superfoods\/pasten-und-puerees\/puree-crue-amande\/","url":"https:\/\/bien-etreiris.ch\/de\/produktpraesentation\/gesundes-leben\/gesunde-lebensmittel\/superfoods\/pasten-und-puerees\/puree-crue-amande\/","name":"PUREE CRUE AMANDE - WOHLBEFINDEN","isPartOf":{"@id":"https:\/\/bien-etreiris.ch\/de\/#website"},"primaryImageOfPage":{"@id":"https:\/\/bien-etreiris.ch\/de\/produktpraesentation\/gesundes-leben\/gesunde-lebensmittel\/superfoods\/pasten-und-puerees\/puree-crue-amande\/#primaryimage"},"image":{"@id":"https:\/\/bien-etreiris.ch\/de\/produktpraesentation\/gesundes-leben\/gesunde-lebensmittel\/superfoods\/pasten-und-puerees\/puree-crue-amande\/#primaryimage"},"thumbnailUrl":"https:\/\/bien-etreiris.ch\/wp-content\/uploads\/2021\/08\/aceuill-puree-damande.jpg","datePublished":"2021-08-01T09:42:55+00:00","dateModified":"2021-08-01T09:45:15+00:00","breadcrumb":{"@id":"https:\/\/bien-etreiris.ch\/de\/produktpraesentation\/gesundes-leben\/gesunde-lebensmittel\/superfoods\/pasten-und-puerees\/puree-crue-amande\/#breadcrumb"},"inLanguage":"de","potentialAction":[{"@type":"ReadAction","target":["https:\/\/bien-etreiris.ch\/de\/produktpraesentation\/gesundes-leben\/gesunde-lebensmittel\/superfoods\/pasten-und-puerees\/puree-crue-amande\/"]}]},{"@type":"ImageObject","inLanguage":"de","@id":"https:\/\/bien-etreiris.ch\/de\/produktpraesentation\/gesundes-leben\/gesunde-lebensmittel\/superfoods\/pasten-und-puerees\/puree-crue-amande\/#primaryimage","url":"https:\/\/bien-etreiris.ch\/wp-content\/uploads\/2021\/08\/aceuill-puree-damande.jpg","contentUrl":"https:\/\/bien-etreiris.ch\/wp-content\/uploads\/2021\/08\/aceuill-puree-damande.jpg","width":500,"height":324},{"@type":"BreadcrumbList","@id":"https:\/\/bien-etreiris.ch\/de\/produktpraesentation\/gesundes-leben\/gesunde-lebensmittel\/superfoods\/pasten-und-puerees\/puree-crue-amande\/#breadcrumb","itemListElement":[{"@type":"ListItem","position":1,"name":"Home","item":"https:\/\/bien-etreiris.ch\/de\/"},{"@type":"ListItem","position":2,"name":"PRODUKTPR\u00c4SENTATION","item":"https:\/\/bien-etreiris.ch\/de\/produktpraesentation\/"},{"@type":"ListItem","position":3,"name":"GESUNDES LEBEN","item":"https:\/\/bien-etreiris.ch\/de\/produktpraesentation\/gesundes-leben\/"},{"@type":"ListItem","position":4,"name":"GESUNDE LEBENSMITTEL","item":"https:\/\/bien-etreiris.ch\/de\/produktpraesentation\/gesundes-leben\/gesunde-lebensmittel\/"},{"@type":"ListItem","position":5,"name":"SUPERFOODS","item":"https:\/\/bien-etreiris.ch\/de\/produktpraesentation\/gesundes-leben\/gesunde-lebensmittel\/superfoods\/"},{"@type":"ListItem","position":6,"name":"PASTEN &#038; P\u00dcREES","item":"https:\/\/bien-etreiris.ch\/de\/produktpraesentation\/gesundes-leben\/gesunde-lebensmittel\/superfoods\/pasten-und-puerees\/"},{"@type":"ListItem","position":7,"name":"PUREE CRUE AMANDE"}]},{"@type":"WebSite","@id":"https:\/\/bien-etreiris.ch\/de\/#website","url":"https:\/\/bien-etreiris.ch\/de\/","name":"Bien-\u00eatre Iris","description":"IHRE Gesundheit ist uns wichtig","potentialAction":[{"@type":"SearchAction","target":{"@type":"EntryPoint","urlTemplate":"https:\/\/bien-etreiris.ch\/de\/?s={search_term_string}"},"query-input":{"@type":"PropertyValueSpecification","valueRequired":true,"valueName":"search_term_string"}}],"inLanguage":"de"}]}},"_links":{"self":[{"href":"https:\/\/bien-etreiris.ch\/de\/wp-json\/wp\/v2\/pages\/52705","targetHints":{"allow":["GET"]}}],"collection":[{"href":"https:\/\/bien-etreiris.ch\/de\/wp-json\/wp\/v2\/pages"}],"about":[{"href":"https:\/\/bien-etreiris.ch\/de\/wp-json\/wp\/v2\/types\/page"}],"author":[{"embeddable":true,"href":"https:\/\/bien-etreiris.ch\/de\/wp-json\/wp\/v2\/users\/1"}],"replies":[{"embeddable":true,"href":"https:\/\/bien-etreiris.ch\/de\/wp-json\/wp\/v2\/comments?post=52705"}],"version-history":[{"count":3,"href":"https:\/\/bien-etreiris.ch\/de\/wp-json\/wp\/v2\/pages\/52705\/revisions"}],"predecessor-version":[{"id":52714,"href":"https:\/\/bien-etreiris.ch\/de\/wp-json\/wp\/v2\/pages\/52705\/revisions\/52714"}],"up":[{"embeddable":true,"href":"https:\/\/bien-etreiris.ch\/de\/wp-json\/wp\/v2\/pages\/46680"}],"wp:featuredmedia":[{"embeddable":true,"href":"https:\/\/bien-etreiris.ch\/de\/wp-json\/wp\/v2\/media\/52697"}],"wp:attachment":[{"href":"https:\/\/bien-etreiris.ch\/de\/wp-json\/wp\/v2\/media?parent=52705"}],"curies":[{"name":"wp","href":"https:\/\/api.w.org\/{rel}","templated":true}]}}