{"id":52554,"date":"2021-07-18T18:54:02","date_gmt":"2021-07-18T16:54:02","guid":{"rendered":"https:\/\/bien-etreiris.ch\/?page_id=52554"},"modified":"2021-07-18T20:03:27","modified_gmt":"2021-07-18T18:03:27","slug":"gebrauchsanleitung-lila","status":"publish","type":"page","link":"https:\/\/bien-etreiris.ch\/de\/ratgeber-klarheit-beratung\/natuerliche-heilmittel\/pflanzenheilkunde\/aetherische-oele\/infos\/manuel-diffuseurs\/gebrauchsanleitung-lila\/","title":{"rendered":"GEBRAUCHSANLEITUNG                                                LILA"},"content":{"rendered":"\n\n\n<h2>Gebrauchsanweisung f\u00fcr den LILA-Vernebler<\/h2>\n<p>&nbsp;<\/p>\n\n\n\n<p><strong>Vergleich zwischen Ultravernebelung und herk\u00f6mmlicher Ultraschallvernebelung<\/strong><\/p>\n<p>Vergleichen wir einen Standard-Ultraschall-Diffusor f\u00fcr \u00e4therische \u00d6le und den neuen Lilia-Diffusor von Ultra Nebulization. In den Standard-Ultraschalldiffusor geben wir 15 Tropfen \u00e4therische \u00d6le entsprechend 1ml und 200ml Wasser.<\/p>\n<p>Lilia ben\u00f6tigt kein Wasser<\/p>\n<table>\n<thead>\n<tr>\n<td>\n<p><strong>&nbsp;<\/strong><\/p>\n<\/td>\n<td>\n<p><strong>Standard-Ultraschall-Diffusor <\/strong><\/p>\n<\/td>\n<td>\n<p><strong>Lilia-Diffusor<\/strong><\/p>\n<\/td>\n<\/tr>\n<\/thead>\n<tbody>\n<tr>\n<td>\n<p><strong>Diffusionszeit<\/strong><\/p>\n<\/td>\n<td>\n<p><strong>3 bis 4 Stunden<\/strong><\/p>\n<\/td>\n<td>\n<p><strong>45 Sekunden (ohne Ausfallzeit)<\/strong><\/p>\n<\/td>\n<\/tr>\n<tr>\n<td>\n<p>Verhalten der Mikrotropfenwolke<\/p>\n<\/td>\n<td>\n<p>die Mikro Tr\u00f6pfchen fallen auf den Boden&nbsp;&nbsp;&nbsp;&nbsp;<\/p>\n<p>Durch die Zugabe von Wasser und \u00e4therischem \u00d6l sind die Mikro Tr\u00f6pfchen schwerer und fallen zu Boden.<\/p>\n<\/td>\n<td>\n<p>die Mikro Tr\u00f6pfchen fliegen in die Luft weg&nbsp;&nbsp;&nbsp;&nbsp;<\/p>\n<p>Die Mikro Tr\u00f6pfchen sind sehr fein, da sie ausschlie\u00dflich aus fl\u00fcchtigen \u00e4therischen \u00d6len bestehen. Sie fliegen in der Luft davon und fallen nicht zur\u00fcck.<\/p>\n<p>100 % \u00e4therische \u00d6le&nbsp;&nbsp;&nbsp;&nbsp;<\/p>\n<\/td>\n<\/tr>\n<tr>\n<td>\n<p>Reinheit der Mikrotr\u00f6pfchen<\/p>\n<\/td>\n<td>\n<p>0,5 % \u00e4therische \u00d6le&nbsp;&nbsp;&nbsp;&nbsp;&nbsp;<\/p>\n<p>Aufgrund der Verd\u00fcnnung von 15 Tropfen (1ml) in 200 ml Wasser besteht der Nebel aus nur 0,5% \u00e4therischen \u00d6len.<\/p>\n<\/td>\n<td>\n<p>100% d'huiles essentielles&nbsp;&nbsp;&nbsp;&nbsp;&nbsp;<\/p>\n<p>Die Tr\u00f6pfchen bestehen zu 100 % aus \u00e4therischen \u00d6len, daher ist es zweifellos die beste Diffusionstechnologie f\u00fcr die Aromatherapie und Olfaktotherapie.<\/p>\n<\/td>\n<\/tr>\n<tr>\n<td>\n<p>Vorteile in der Aromatherapie<\/p>\n<\/td>\n<td>\n<p>Die therapeutische Wirksamkeit dieser Methode der Diffusion wird reduziert durch: die schwache Dispersion der Molek\u00fcle, die starke Verd\u00fcnnung der \u00e4therischen \u00d6le und ihren Fallout in Richtung Boden.<\/p>\n<\/td>\n<td>\n<p>Die hohe Konzentration des \u00e4therischen \u00d6ls, das sofort freigesetzt wird, gepaart mit der Leichtigkeit der in der Luft schwebenden Mikro Tr\u00f6pfchen, erm\u00f6glicht eine olfaktorische Assimilation von 100% der aktiven Molek\u00fcle in Rekordzeit.<\/p>\n<\/td>\n<\/tr>\n<\/tbody>\n<\/table>\n<p>&nbsp;<\/p>\n<p>&nbsp;<\/p>\n<p><strong>Fazit: Lilia diffundiert sehr schnell die \u00e4therischen \u00d6le und verd\u00fcnnt nicht deren Wirksamkeit<\/strong><\/p>\n<p><strong>&nbsp;<\/strong><\/p>\n<p><strong>Warum den Lilia-Diffusor verwenden?<\/strong><\/p>\n<ul>\n<li>Seine Ultravernebelungstechnologie ist die effizienteste auf dem Markt. Es ist exklusiv f\u00fcr Innobiz.<\/li>\n<li>Nomadisch und autonom, Sie k\u00f6nnen es \u00fcberall hin mitnehmen: in den Urlaub, ins B\u00fcro, ins Auto, usw.<\/li>\n<li>Der leistungsstarke und einfach zu bedienende Lilia-Diffusor diffundiert reine \u00e4therische \u00d6le (ohne Beimischung von Wasser).<\/li>\n<\/ul>\n<p><strong>Montage des Lilia-Diffusors<\/strong><\/p>\n<ul>\n<li>Entfernen Sie die Abdeckung.<\/li>\n<li>Entfernen Sie die Kappe von der Flasche mit dem \u00e4therischen \u00d6l.<\/li>\n<li>Drehen Sie den Diffusor um und schrauben Sie ihn anstelle der Kappe auf die Flasche mit dem \u00e4therischen \u00d6l.<\/li>\n<li>Achten Sie darauf, dass der Diffusor bis zum Anschlag eingeschraubt ist, ohne ihn auf die Flasche zu pressen.<\/li>\n<li>Drehen Sie ihn um und sch\u00fctteln Sie ihn leicht (damit die \u00e4therischen \u00d6le in den Diffusor flie\u00dfen).<\/li>\n<li>Bringen Sie die Abdeckung wieder an.<\/li>\n<li>Legen Sie das Ger\u00e4t in seine Ladestation<\/li>\n<li>Schlie\u00dfen Sie die Ladestation \u00fcber das USB-Kabel an eine USB-Steckdose oder \u00fcber das mitgelieferte Netzteil an eine Wandsteckdose an.<\/li>\n<li>Das Ger\u00e4t ist betriebs- und ladebereit und kann dann im Akkubetrieb betrieben werden.<\/li>\n<li>und nehmen Sie es aus der Ladestation.<\/li>\n<\/ul>\n<p><strong>So funktioniert der Lilia-Diffusor<\/strong><\/p>\n<p><strong>Dr\u00fccken Sie auf die Taste f\u00fcr Start\/Stopp\/Timer, um das Ger\u00e4t einzuschalten.<\/strong><\/p>\n<ul>\n<li>Druck, Blaulicht: 9 Strahlen Diffusion zu Beginn, dann 3 Strahlen alle 5 Minuten. Automatischer Stopp nach 2 Stunden Betrieb.<\/li>\n<li>Batterielebensdauer: 24 Zyklen von 2 Stunden. 92 Stunden Diffusionszeit f\u00fcr eine 15ml-Flasche<\/li>\n<li>Dr\u00fccken, gr\u00fcnes Licht: 9 Strahlen Diffusion beim Start, dann 3 Strahlen alle 10 Minuten. Automatischer Stopp nach 4 Betriebsstunden.<\/li>\n<li>Batterieautonomie: 18 Zyklen von 4 Stunden. 164 Stunden Diffusionszeit f\u00fcr eine 15ml-Flasche<\/li>\n<li>Druck: Stoppen des Diffusors<\/li>\n<\/ul>\n<p>Es ist nicht notwendig, den Tropfer zu entfernen, um dieses Produkt zu bedienen.<\/p>\n<p>Um die im Lilia-Diffusor installierte Flasche mit \u00e4therischen \u00d6len zu entfernen, drehen Sie das Produkt auf den Kopf und warten Sie einige Minuten, damit das im Diffusor enthaltene \u00d6l wieder in die Flasche zur\u00fcckflie\u00dft (die R\u00fcckkehr des \u00d6ls in der Flasche wird durch den Tropfer verlangsamt). Schrauben Sie dann den Diffusor von der Flasche ab.<\/p>\n<p>Der Lithium-Akku wird in 2 Stunden aufgeladen, wenn der Diffusor nicht auf seiner Basis verwendet wird.<\/p>\n<p>Das Licht um den Diffusionsauslass leuchtet rot, wenn das Produkt geladen wird, und schaltet sich aus, wenn es vollst\u00e4ndig aufgeladen ist.<\/p>\n<p><strong>&nbsp;<\/strong><\/p>\n<p><strong>Merkmale des Diffusors Lilia<\/strong><\/p>\n<p>Lilia Diffusor ist f\u00fcr die Verwendung von 5ml, 10ml und 15ml Flaschen mit \u00e4therischen \u00d6len ausgelegt.<\/p>\n<ul>\n<li>Diffusionstechnologie: Ultravernebelung<\/li>\n<li>Diffusionsraum: 60 m2.<\/li>\n<li>Leistung: 5W, 5V, 1000mA<\/li>\n<\/ul>\n<p><strong>Batterie: Lithium 1200mAh<\/strong><\/p>\n<ul>\n<li>Spannungsversorgung am USB-Anschluss: 5V, 500mA<\/li>\n<li>AC\/USB-Adapter im Lieferumfang: Eingang 100-240VAC, 50\/60 hz, 0,3A - Ausgang 5VDC, 1000mA<\/li>\n<li>Gewicht des Diffusors: 112g<\/li>\n<li>Gewicht der Ladeschale: 22g<\/li>\n<li>Produktabmessungen: H170 x T41mm<\/li>\n<li>Abmessungen der Ladestation: H27 x T62mm<\/li>\n<li>Inklusive Ladestation und USB-Kabel<\/li>\n<li>Ladedauer: 2 Stunden.<\/li>\n<\/ul>\n<p><strong>&nbsp;<\/strong><\/p>\n<p><strong>Die Lilia Diffusor-Box enth\u00e4lt<\/strong><\/p>\n<ul>\n<li>Ein Diffusor f\u00fcr \u00e4therische \u00d6le Lilia<\/li>\n<li>A SUB\/110-240VAC-Adapter<\/li>\n<li>Ein Handbuch in 7 Sprachen<\/li>\n<\/ul>\n<p><strong>&nbsp;<\/strong><\/p>\n<p><strong>Hinweise zur Verwendung des Diffusors Lilia<\/strong><\/p>\n<p><strong>Verwenden Sie NUR 100 % reine und nat\u00fcrliche \u00e4therische \u00d6le.<\/strong><\/p>\n<p>Dickfl\u00fcssige \u00d6le wie Vetiver, Amyris, Patchouli und andere \u00d6le k\u00f6nnen das Ger\u00e4t verstopfen. Verwenden Sie in diesem Fall ein Wattest\u00e4bchen mit Alkohol, um den Nebelauslass zu reinigen. Wenn Sie sie diffundieren m\u00f6chten, k\u00f6nnen Sie sie mit leichteren \u00e4therischen \u00d6len wie Orange oder Zitrone mischen.<\/p>\n<p>Verwenden Sie nur \u00e4therische \u00d6le und Synergien, die f\u00fcr die Luftdiffusion empfohlen werden.<\/p>\n<p><strong>&nbsp;<\/strong><\/p>\n<p><strong>Wartung des Lilia-Diffusors<\/strong><\/p>\n<p>Reiben Sie mit einem getr\u00e4nkten Wattest\u00e4bchen vorsichtig die Au\u00dfenseite der Metallscheibe ab, um eventuelle Spuren zu verd\u00fcnnen, und erg\u00e4nzen Sie gegebenenfalls mit 3 oder 4 Tropfen Alkohol oder Reiniger im Tank. Starten Sie die Diffusion.<\/p>\n<p><strong>Verwenden Sie kein Reinigungsmittel.<\/strong><\/p>\n<p><strong>&nbsp;<\/strong><\/p>\n<p><strong>Vorsichtsma\u00dfnahmen f\u00fcr den Gebrauch des Lilia-Diffusors<\/strong><\/p>\n<p>Aktivieren Sie den Diffusor nicht in Gegenwart von Kindern unter 3 Jahren und schwangeren Frauen. In einem Kinderzimmer empfehlen wir Ihnen, dies au\u00dferhalb der Anwesenheit der Kinder und mindestens 30 Minuten vor deren Ankunft zu tun.<\/p>\n","protected":false},"excerpt":{"rendered":"<p>Gebrauchsanweisung f\u00fcr den LILA-Vernebler &nbsp; Vergleich zwischen Ultravernebelung und herk\u00f6mmlicher Ultraschallvernebelung Vergleichen wir einen Standard-Ultraschall-Diffusor f\u00fcr \u00e4therische \u00d6le und den neuen Lilia-Diffusor von Ultra Nebulization. In den Standard-Ultraschalldiffusor geben wir 15 Tropfen \u00e4therische \u00d6le entsprechend 1ml und 200ml Wasser. Lilia ben\u00f6tigt kein Wasser &nbsp; Standard-Ultraschall-Diffusor Lilia-Diffusor Diffusionszeit 3 bis 4 Stunden 45 Sekunden (ohne Ausfallzeit) Verhalten der Mikrotropfenwolke die Mikro&nbsp;<a href=\"https:\/\/bien-etreiris.ch\/de\/ratgeber-klarheit-beratung\/natuerliche-heilmittel\/pflanzenheilkunde\/aetherische-oele\/infos\/manuel-diffuseurs\/gebrauchsanleitung-lila\/\" class=\"read-more\">Weiter lesen<\/a><\/p>\n","protected":false},"author":1,"featured_media":52539,"parent":70056,"menu_order":5094,"comment_status":"closed","ping_status":"closed","template":"page-with-child.php","meta":{"_acf_changed":false,"ngg_post_thumbnail":0,"footnotes":""},"class_list":["post-52554","page","type-page","status-publish","has-post-thumbnail","hentry"],"acf":[],"yoast_head":"<!-- This site is optimized with the Yoast SEO plugin v27.5 - https:\/\/yoast.com\/product\/yoast-seo-wordpress\/ -->\n<title>GEBRAUCHSANLEITUNG                        LILA - WOHLBEFINDEN<\/title>\n<meta name=\"robots\" content=\"index, follow, max-snippet:-1, max-image-preview:large, max-video-preview:-1\" \/>\n<link rel=\"canonical\" href=\"https:\/\/bien-etreiris.ch\/de\/ratgeber-klarheit-beratung\/natuerliche-heilmittel\/pflanzenheilkunde\/aetherische-oele\/infos\/manuel-diffuseurs\/gebrauchsanleitung-lila\/\" \/>\n<meta property=\"og:locale\" content=\"de_DE\" \/>\n<meta property=\"og:type\" content=\"article\" \/>\n<meta property=\"og:title\" content=\"GEBRAUCHSANLEITUNG                        LILA - WOHLBEFINDEN\" \/>\n<meta property=\"og:description\" content=\"Gebrauchsanweisung f\u00fcr den LILA-Vernebler &nbsp; Vergleich zwischen Ultravernebelung und herk\u00f6mmlicher Ultraschallvernebelung Vergleichen wir einen Standard-Ultraschall-Diffusor f\u00fcr \u00e4therische \u00d6le und den neuen Lilia-Diffusor von Ultra Nebulization. In den Standard-Ultraschalldiffusor geben wir 15 Tropfen \u00e4therische \u00d6le entsprechend 1ml und 200ml Wasser. Lilia ben\u00f6tigt kein Wasser &nbsp; Standard-Ultraschall-Diffusor Lilia-Diffusor Diffusionszeit 3 bis 4 Stunden 45 Sekunden (ohne Ausfallzeit) Verhalten der Mikrotropfenwolke die Mikro&nbsp;Weiter lesen\" \/>\n<meta property=\"og:url\" content=\"https:\/\/bien-etreiris.ch\/de\/ratgeber-klarheit-beratung\/natuerliche-heilmittel\/pflanzenheilkunde\/aetherische-oele\/infos\/manuel-diffuseurs\/gebrauchsanleitung-lila\/\" \/>\n<meta property=\"og:site_name\" content=\"WOHLBEFINDEN\" \/>\n<meta property=\"article:publisher\" content=\"https:\/\/www.facebook.com\/bienetreiris\/\" \/>\n<meta property=\"article:modified_time\" content=\"2021-07-18T18:03:27+00:00\" \/>\n<meta property=\"og:image\" content=\"https:\/\/bien-etreiris.ch\/wp-content\/uploads\/2021\/07\/noir.jpg\" \/>\n\t<meta property=\"og:image:width\" content=\"500\" \/>\n\t<meta property=\"og:image:height\" content=\"307\" \/>\n\t<meta property=\"og:image:type\" content=\"image\/jpeg\" \/>\n<meta name=\"twitter:label1\" content=\"Gesch\u00e4tzte Lesezeit\" \/>\n\t<meta name=\"twitter:data1\" content=\"4\u00a0Minuten\" \/>\n<script type=\"application\/ld+json\" class=\"yoast-schema-graph\">{\"@context\":\"https:\\\/\\\/schema.org\",\"@graph\":[{\"@type\":\"WebPage\",\"@id\":\"https:\\\/\\\/bien-etreiris.ch\\\/de\\\/ratgeber-klarheit-beratung\\\/natuerliche-heilmittel\\\/pflanzenheilkunde\\\/aetherische-oele\\\/infos\\\/manuel-diffuseurs\\\/gebrauchsanleitung-lila\\\/\",\"url\":\"https:\\\/\\\/bien-etreiris.ch\\\/de\\\/ratgeber-klarheit-beratung\\\/natuerliche-heilmittel\\\/pflanzenheilkunde\\\/aetherische-oele\\\/infos\\\/manuel-diffuseurs\\\/gebrauchsanleitung-lila\\\/\",\"name\":\"GEBRAUCHSANLEITUNG LILA - WOHLBEFINDEN\",\"isPartOf\":{\"@id\":\"https:\\\/\\\/bien-etreiris.ch\\\/de\\\/#website\"},\"primaryImageOfPage\":{\"@id\":\"https:\\\/\\\/bien-etreiris.ch\\\/de\\\/ratgeber-klarheit-beratung\\\/natuerliche-heilmittel\\\/pflanzenheilkunde\\\/aetherische-oele\\\/infos\\\/manuel-diffuseurs\\\/gebrauchsanleitung-lila\\\/#primaryimage\"},\"image\":{\"@id\":\"https:\\\/\\\/bien-etreiris.ch\\\/de\\\/ratgeber-klarheit-beratung\\\/natuerliche-heilmittel\\\/pflanzenheilkunde\\\/aetherische-oele\\\/infos\\\/manuel-diffuseurs\\\/gebrauchsanleitung-lila\\\/#primaryimage\"},\"thumbnailUrl\":\"https:\\\/\\\/bien-etreiris.ch\\\/wp-content\\\/uploads\\\/2021\\\/07\\\/noir.jpg\",\"datePublished\":\"2021-07-18T16:54:02+00:00\",\"dateModified\":\"2021-07-18T18:03:27+00:00\",\"breadcrumb\":{\"@id\":\"https:\\\/\\\/bien-etreiris.ch\\\/de\\\/ratgeber-klarheit-beratung\\\/natuerliche-heilmittel\\\/pflanzenheilkunde\\\/aetherische-oele\\\/infos\\\/manuel-diffuseurs\\\/gebrauchsanleitung-lila\\\/#breadcrumb\"},\"inLanguage\":\"de\",\"potentialAction\":[{\"@type\":\"ReadAction\",\"target\":[\"https:\\\/\\\/bien-etreiris.ch\\\/de\\\/ratgeber-klarheit-beratung\\\/natuerliche-heilmittel\\\/pflanzenheilkunde\\\/aetherische-oele\\\/infos\\\/manuel-diffuseurs\\\/gebrauchsanleitung-lila\\\/\"]}]},{\"@type\":\"ImageObject\",\"inLanguage\":\"de\",\"@id\":\"https:\\\/\\\/bien-etreiris.ch\\\/de\\\/ratgeber-klarheit-beratung\\\/natuerliche-heilmittel\\\/pflanzenheilkunde\\\/aetherische-oele\\\/infos\\\/manuel-diffuseurs\\\/gebrauchsanleitung-lila\\\/#primaryimage\",\"url\":\"https:\\\/\\\/bien-etreiris.ch\\\/wp-content\\\/uploads\\\/2021\\\/07\\\/noir.jpg\",\"contentUrl\":\"https:\\\/\\\/bien-etreiris.ch\\\/wp-content\\\/uploads\\\/2021\\\/07\\\/noir.jpg\",\"width\":500,\"height\":307},{\"@type\":\"BreadcrumbList\",\"@id\":\"https:\\\/\\\/bien-etreiris.ch\\\/de\\\/ratgeber-klarheit-beratung\\\/natuerliche-heilmittel\\\/pflanzenheilkunde\\\/aetherische-oele\\\/infos\\\/manuel-diffuseurs\\\/gebrauchsanleitung-lila\\\/#breadcrumb\",\"itemListElement\":[{\"@type\":\"ListItem\",\"position\":1,\"name\":\"Home\",\"item\":\"https:\\\/\\\/bien-etreiris.ch\\\/de\\\/\"},{\"@type\":\"ListItem\",\"position\":2,\"name\":\"RATGEBER &#038; KLARHEIT\",\"item\":\"https:\\\/\\\/bien-etreiris.ch\\\/de\\\/ratgeber-klarheit-beratung\\\/\"},{\"@type\":\"ListItem\",\"position\":3,\"name\":\"NAT\u00dcRLICHE SUBSTANZEN\",\"item\":\"https:\\\/\\\/bien-etreiris.ch\\\/de\\\/ratgeber-klarheit-beratung\\\/natuerliche-heilmittel\\\/\"},{\"@type\":\"ListItem\",\"position\":4,\"name\":\"PFLANZENHEILKUNDE\",\"item\":\"https:\\\/\\\/bien-etreiris.ch\\\/de\\\/ratgeber-klarheit-beratung\\\/pflanzenheilkunde\\\/\"},{\"@type\":\"ListItem\",\"position\":5,\"name\":\"\u00c4THERISCHE \u00d6LE\",\"item\":\"https:\\\/\\\/bien-etreiris.ch\\\/de\\\/ratgeber-klarheit-beratung\\\/pflanzenheilkunde\\\/aetherische-oele\\\/\"},{\"@type\":\"ListItem\",\"position\":6,\"name\":\"INFOS\",\"item\":\"https:\\\/\\\/bien-etreiris.ch\\\/de\\\/ratgeber-klarheit-beratung\\\/natuerliche-heilmittel\\\/pflanzenheilkunde\\\/aetherische-oele\\\/infos\\\/\"},{\"@type\":\"ListItem\",\"position\":7,\"name\":\"MANUEL DIFFUSEURS\",\"item\":\"https:\\\/\\\/bien-etreiris.ch\\\/de\\\/ratgeber-klarheit-beratung\\\/natuerliche-heilmittel\\\/pflanzenheilkunde\\\/aetherische-oele\\\/infos\\\/manuel-diffuseurs\\\/\"},{\"@type\":\"ListItem\",\"position\":8,\"name\":\"GEBRAUCHSANLEITUNG LILA\"}]},{\"@type\":\"WebSite\",\"@id\":\"https:\\\/\\\/bien-etreiris.ch\\\/de\\\/#website\",\"url\":\"https:\\\/\\\/bien-etreiris.ch\\\/de\\\/\",\"name\":\"Bien-\u00eatre Iris\",\"description\":\"IHRE Gesundheit ist uns wichtig\",\"potentialAction\":[{\"@type\":\"SearchAction\",\"target\":{\"@type\":\"EntryPoint\",\"urlTemplate\":\"https:\\\/\\\/bien-etreiris.ch\\\/de\\\/?s={search_term_string}\"},\"query-input\":{\"@type\":\"PropertyValueSpecification\",\"valueRequired\":true,\"valueName\":\"search_term_string\"}}],\"inLanguage\":\"de\"}]}<\/script>\n<!-- \/ Yoast SEO plugin. -->","yoast_head_json":{"title":"GEBRAUCHSANLEITUNG                        LILA - WOHLBEFINDEN","robots":{"index":"index","follow":"follow","max-snippet":"max-snippet:-1","max-image-preview":"max-image-preview:large","max-video-preview":"max-video-preview:-1"},"canonical":"https:\/\/bien-etreiris.ch\/de\/ratgeber-klarheit-beratung\/natuerliche-heilmittel\/pflanzenheilkunde\/aetherische-oele\/infos\/manuel-diffuseurs\/gebrauchsanleitung-lila\/","og_locale":"de_DE","og_type":"article","og_title":"GEBRAUCHSANLEITUNG                        LILA - WOHLBEFINDEN","og_description":"Gebrauchsanweisung f\u00fcr den LILA-Vernebler &nbsp; Vergleich zwischen Ultravernebelung und herk\u00f6mmlicher Ultraschallvernebelung Vergleichen wir einen Standard-Ultraschall-Diffusor f\u00fcr \u00e4therische \u00d6le und den neuen Lilia-Diffusor von Ultra Nebulization. In den Standard-Ultraschalldiffusor geben wir 15 Tropfen \u00e4therische \u00d6le entsprechend 1ml und 200ml Wasser. Lilia ben\u00f6tigt kein Wasser &nbsp; Standard-Ultraschall-Diffusor Lilia-Diffusor Diffusionszeit 3 bis 4 Stunden 45 Sekunden (ohne Ausfallzeit) Verhalten der Mikrotropfenwolke die Mikro&nbsp;Weiter lesen","og_url":"https:\/\/bien-etreiris.ch\/de\/ratgeber-klarheit-beratung\/natuerliche-heilmittel\/pflanzenheilkunde\/aetherische-oele\/infos\/manuel-diffuseurs\/gebrauchsanleitung-lila\/","og_site_name":"WOHLBEFINDEN","article_publisher":"https:\/\/www.facebook.com\/bienetreiris\/","article_modified_time":"2021-07-18T18:03:27+00:00","og_image":[{"width":500,"height":307,"url":"https:\/\/bien-etreiris.ch\/wp-content\/uploads\/2021\/07\/noir.jpg","type":"image\/jpeg"}],"twitter_misc":{"Gesch\u00e4tzte Lesezeit":"4\u00a0Minuten"},"schema":{"@context":"https:\/\/schema.org","@graph":[{"@type":"WebPage","@id":"https:\/\/bien-etreiris.ch\/de\/ratgeber-klarheit-beratung\/natuerliche-heilmittel\/pflanzenheilkunde\/aetherische-oele\/infos\/manuel-diffuseurs\/gebrauchsanleitung-lila\/","url":"https:\/\/bien-etreiris.ch\/de\/ratgeber-klarheit-beratung\/natuerliche-heilmittel\/pflanzenheilkunde\/aetherische-oele\/infos\/manuel-diffuseurs\/gebrauchsanleitung-lila\/","name":"GEBRAUCHSANLEITUNG LILA - WOHLBEFINDEN","isPartOf":{"@id":"https:\/\/bien-etreiris.ch\/de\/#website"},"primaryImageOfPage":{"@id":"https:\/\/bien-etreiris.ch\/de\/ratgeber-klarheit-beratung\/natuerliche-heilmittel\/pflanzenheilkunde\/aetherische-oele\/infos\/manuel-diffuseurs\/gebrauchsanleitung-lila\/#primaryimage"},"image":{"@id":"https:\/\/bien-etreiris.ch\/de\/ratgeber-klarheit-beratung\/natuerliche-heilmittel\/pflanzenheilkunde\/aetherische-oele\/infos\/manuel-diffuseurs\/gebrauchsanleitung-lila\/#primaryimage"},"thumbnailUrl":"https:\/\/bien-etreiris.ch\/wp-content\/uploads\/2021\/07\/noir.jpg","datePublished":"2021-07-18T16:54:02+00:00","dateModified":"2021-07-18T18:03:27+00:00","breadcrumb":{"@id":"https:\/\/bien-etreiris.ch\/de\/ratgeber-klarheit-beratung\/natuerliche-heilmittel\/pflanzenheilkunde\/aetherische-oele\/infos\/manuel-diffuseurs\/gebrauchsanleitung-lila\/#breadcrumb"},"inLanguage":"de","potentialAction":[{"@type":"ReadAction","target":["https:\/\/bien-etreiris.ch\/de\/ratgeber-klarheit-beratung\/natuerliche-heilmittel\/pflanzenheilkunde\/aetherische-oele\/infos\/manuel-diffuseurs\/gebrauchsanleitung-lila\/"]}]},{"@type":"ImageObject","inLanguage":"de","@id":"https:\/\/bien-etreiris.ch\/de\/ratgeber-klarheit-beratung\/natuerliche-heilmittel\/pflanzenheilkunde\/aetherische-oele\/infos\/manuel-diffuseurs\/gebrauchsanleitung-lila\/#primaryimage","url":"https:\/\/bien-etreiris.ch\/wp-content\/uploads\/2021\/07\/noir.jpg","contentUrl":"https:\/\/bien-etreiris.ch\/wp-content\/uploads\/2021\/07\/noir.jpg","width":500,"height":307},{"@type":"BreadcrumbList","@id":"https:\/\/bien-etreiris.ch\/de\/ratgeber-klarheit-beratung\/natuerliche-heilmittel\/pflanzenheilkunde\/aetherische-oele\/infos\/manuel-diffuseurs\/gebrauchsanleitung-lila\/#breadcrumb","itemListElement":[{"@type":"ListItem","position":1,"name":"Home","item":"https:\/\/bien-etreiris.ch\/de\/"},{"@type":"ListItem","position":2,"name":"RATGEBER &#038; KLARHEIT","item":"https:\/\/bien-etreiris.ch\/de\/ratgeber-klarheit-beratung\/"},{"@type":"ListItem","position":3,"name":"NAT\u00dcRLICHE SUBSTANZEN","item":"https:\/\/bien-etreiris.ch\/de\/ratgeber-klarheit-beratung\/natuerliche-heilmittel\/"},{"@type":"ListItem","position":4,"name":"PFLANZENHEILKUNDE","item":"https:\/\/bien-etreiris.ch\/de\/ratgeber-klarheit-beratung\/pflanzenheilkunde\/"},{"@type":"ListItem","position":5,"name":"\u00c4THERISCHE \u00d6LE","item":"https:\/\/bien-etreiris.ch\/de\/ratgeber-klarheit-beratung\/pflanzenheilkunde\/aetherische-oele\/"},{"@type":"ListItem","position":6,"name":"INFOS","item":"https:\/\/bien-etreiris.ch\/de\/ratgeber-klarheit-beratung\/natuerliche-heilmittel\/pflanzenheilkunde\/aetherische-oele\/infos\/"},{"@type":"ListItem","position":7,"name":"MANUEL DIFFUSEURS","item":"https:\/\/bien-etreiris.ch\/de\/ratgeber-klarheit-beratung\/natuerliche-heilmittel\/pflanzenheilkunde\/aetherische-oele\/infos\/manuel-diffuseurs\/"},{"@type":"ListItem","position":8,"name":"GEBRAUCHSANLEITUNG LILA"}]},{"@type":"WebSite","@id":"https:\/\/bien-etreiris.ch\/de\/#website","url":"https:\/\/bien-etreiris.ch\/de\/","name":"Bien-\u00eatre Iris","description":"IHRE Gesundheit ist uns wichtig","potentialAction":[{"@type":"SearchAction","target":{"@type":"EntryPoint","urlTemplate":"https:\/\/bien-etreiris.ch\/de\/?s={search_term_string}"},"query-input":{"@type":"PropertyValueSpecification","valueRequired":true,"valueName":"search_term_string"}}],"inLanguage":"de"}]}},"_links":{"self":[{"href":"https:\/\/bien-etreiris.ch\/de\/wp-json\/wp\/v2\/pages\/52554","targetHints":{"allow":["GET"]}}],"collection":[{"href":"https:\/\/bien-etreiris.ch\/de\/wp-json\/wp\/v2\/pages"}],"about":[{"href":"https:\/\/bien-etreiris.ch\/de\/wp-json\/wp\/v2\/types\/page"}],"author":[{"embeddable":true,"href":"https:\/\/bien-etreiris.ch\/de\/wp-json\/wp\/v2\/users\/1"}],"replies":[{"embeddable":true,"href":"https:\/\/bien-etreiris.ch\/de\/wp-json\/wp\/v2\/comments?post=52554"}],"version-history":[{"count":5,"href":"https:\/\/bien-etreiris.ch\/de\/wp-json\/wp\/v2\/pages\/52554\/revisions"}],"predecessor-version":[{"id":52589,"href":"https:\/\/bien-etreiris.ch\/de\/wp-json\/wp\/v2\/pages\/52554\/revisions\/52589"}],"up":[{"embeddable":true,"href":"https:\/\/bien-etreiris.ch\/de\/wp-json\/wp\/v2\/pages\/70056"}],"wp:featuredmedia":[{"embeddable":true,"href":"https:\/\/bien-etreiris.ch\/de\/wp-json\/wp\/v2\/media\/52539"}],"wp:attachment":[{"href":"https:\/\/bien-etreiris.ch\/de\/wp-json\/wp\/v2\/media?parent=52554"}],"curies":[{"name":"wp","href":"https:\/\/api.w.org\/{rel}","templated":true}]}}