{"id":52445,"date":"2021-07-18T09:12:12","date_gmt":"2021-07-18T07:12:12","guid":{"rendered":"https:\/\/bien-etreiris.ch\/?page_id=52445"},"modified":"2021-07-18T09:25:37","modified_gmt":"2021-07-18T07:25:37","slug":"washo","status":"publish","type":"page","link":"https:\/\/bien-etreiris.ch\/de\/unsere-marken\/washo\/","title":{"rendered":"WASHO"},"content":{"rendered":"\n<div class=\"gt_image_content\">\n<div class=\"gt_image_content\">\n<div class=\"gt_mb--small\">\n<h2 class=\"gt_heading gt_image_heading\">Unsere Wasch Mission:<\/h2>\n<\/div>\n<p class=\"gt_image_message\"><b>Innovation statt Tradition. <br><br><\/b><\/p>\n<p>Seit Jahrzehnten werben herk\u00f6mmliche W\u00e4schemittel Produzten mit dem Versprechen noch reiner und noch weisser zu waschen.<\/p>\n<p>Ganz ehrlich: Wir k\u00f6nnen das nicht mehr h\u00f6ren! Washo liefert dir mindestens dasselbe Resultat.<\/p>\n<p><br><br><b>Einfacher und umweltgerechter!<\/b><\/p>\n<\/div>\n<br>\n<p><b>&nbsp;<\/b><\/p>\n<section class=\"gt_section-OlHEN0F9XCXO1xf \" data-name=\"Unser Engagement f\u00fcr Nachhaltigkeit\">\n<div class=\"gt_features_list\">\n<div class=\"gt_container\">\n<section class=\"gt_section-OlHEN0F9XCXO1xf \" data-name=\"Unser Engagement f\u00fcr Nachhaltigkeit\">\n<div class=\"gt_features_list\">\n<div class=\"gt_container\">\n<div class=\"gt_mb--medium gt_features_header\">\n<h4 class=\"gt_heading gt_features_name\">Unser Engagement f\u00fcr Nachhaltigkeit:<\/h4>\n<p class=\"gt_subheading gt_features_name_message\">Unser Unternehmen ist als klimaneutrales Unternehmen zertifiziert und kompensiert alle anfallenden CO2 Emissionen. <br><br>Zus\u00e4tzlich sind wir mit Washo bei folgenden Organisationen als Partner an Bord:<\/p>\n<\/div>\n<div class=\"gt_flex gt_align-i-center gt_justify-c-center gt_flex-wrap gt_features_body\">\n<div class=\"gt_features_items\">\n<div class=\"gt_mb--small gt_features_icon\"><span class=\"gt_icon\" data-optimize-type=\"icon\" data-attribute=\"icon1,\" data-section-id=\"5020591\"><img decoding=\"async\" src=\"https:\/\/cdn.shopify.com\/s\/files\/1\/0555\/5689\/8973\/t\/3\/assets\/zHdqVtnItE-tree-nation_partner_banner_green-png_200x.png?v=1621778110\"><\/span><\/div>\n<div class=\"gt_features_text\">\n<p class=\"gt_subheading gt_features_text--title\"><a class=\"gt_inline__link--selecting\" href=\"http:\/\/\u00adwww.tree-nation.com\/\" target=\"_blank\" rel=\"noopener\">tree-nation<\/a><\/p>\n<p class=\"gt_features_text--message\">F\u00fcr jede Box Washo pflanzen wir mit tree-nation einen Baum f\u00fcr dich.<\/p>\n<\/div>\n<\/div>\n<div class=\"gt_features_items\">\n<div class=\"gt_mb--small gt_features_icon\"><span class=\"gt_icon\" data-optimize-type=\"icon\" data-attribute=\"icon2,\" data-section-id=\"5020591\"><img loading=\"lazy\" decoding=\"async\" class=\"\" src=\"https:\/\/cdn.shopify.com\/s\/files\/1\/0555\/5689\/8973\/t\/3\/assets\/lLKVUYhLaL-charity-water-white-png_200x.png?v=1621777823\" width=\"85\" height=\"85\"><\/span><\/div>\n<div class=\"gt_features_text\">\n<p class=\"gt_subheading gt_features_text--title\"><a class=\"gt_inline__link--selecting\" href=\"http:\/\/\u00adwww.charitywater.org\/\" target=\"_blank\" rel=\"noopener\">Charity:Water<\/a><\/p>\n<p class=\"gt_features_text--message\">10% unseres Gewinns spenden wir f\u00fcr Trinkwasser<\/p>\n<\/div>\n<\/div>\n<div class=\"gt_features_items\">\n<div class=\"gt_mb--small gt_features_icon\"><span class=\"gt_icon\" data-optimize-type=\"icon\" data-attribute=\"icon3,\" data-section-id=\"5020591\"><img loading=\"lazy\" decoding=\"async\" class=\"\" src=\"https:\/\/cdn.shopify.com\/s\/files\/1\/0555\/5689\/8973\/t\/3\/assets\/OsQDBEiLkR-1ftp_businessmember_vertical_fullcolor-1-png_200x.png?v=1621777923\" width=\"86\" height=\"114\"><\/span><\/div>\n<div class=\"gt_features_text\">\n<p class=\"gt_subheading gt_features_text--title\"><a class=\"gt_inline__link--selecting\" href=\"http:\/\/\u00adwww.onepercentfortheplanet.org\/\" target=\"_blank\" rel=\"noopener\">1%-for-the-Planet<\/a><\/p>\n<p class=\"gt_features_text--message\">Damit unser Engagement auch transparent und extern gepr\u00fcft wird, sind wir Mitglied bei 1%-for-the-Planet.<\/p>\n<\/div>\n<\/div>\n<\/div>\n<\/div>\n<\/div>\n<\/section>\n<\/div>\n<\/div>\n<\/section>\n<\/div>\n<p>&nbsp;<\/p>\n<p>&nbsp;<\/p>\n<h2><a href=\"https:\/\/bien-etreiris.ch\/de\/produktpraesentation\/hygiene\/haushaltsreinigung\/haushaltsseifen\/waesche-waschen\/washo\/\" target=\"_blank\" rel=\"noopener\">VERS LES LINGETTES<\/a><\/h2>\n","protected":false},"excerpt":{"rendered":"<p>Unsere Wasch Mission: Innovation statt Tradition. Seit Jahrzehnten werben herk\u00f6mmliche W\u00e4schemittel Produzten mit dem Versprechen noch reiner und noch weisser zu waschen. Ganz ehrlich: Wir k\u00f6nnen das nicht mehr h\u00f6ren! Washo liefert dir mindestens dasselbe Resultat. Einfacher und umweltgerechter! &nbsp; Unser Engagement f\u00fcr Nachhaltigkeit: Unser Unternehmen ist als klimaneutrales Unternehmen zertifiziert und kompensiert alle anfallenden CO2 Emissionen. Zus\u00e4tzlich sind wir&nbsp;<a href=\"https:\/\/bien-etreiris.ch\/de\/unsere-marken\/washo\/\" class=\"read-more\">Weiter lesen<\/a><\/p>\n","protected":false},"author":1,"featured_media":52443,"parent":44406,"menu_order":5092,"comment_status":"closed","ping_status":"closed","template":"page-with-child.php","meta":{"_acf_changed":false,"ngg_post_thumbnail":0,"footnotes":""},"class_list":["post-52445","page","type-page","status-publish","has-post-thumbnail","hentry"],"acf":[],"yoast_head":"<!-- This site is optimized with the Yoast SEO plugin v27.4 - https:\/\/yoast.com\/product\/yoast-seo-wordpress\/ -->\n<title>WASHO - WOHLBEFINDEN<\/title>\n<meta name=\"robots\" content=\"index, follow, max-snippet:-1, max-image-preview:large, max-video-preview:-1\" \/>\n<link rel=\"canonical\" href=\"https:\/\/bien-etreiris.ch\/de\/unsere-marken\/washo\/\" \/>\n<meta property=\"og:locale\" content=\"de_DE\" \/>\n<meta property=\"og:type\" content=\"article\" \/>\n<meta property=\"og:title\" content=\"WASHO - WOHLBEFINDEN\" \/>\n<meta property=\"og:description\" content=\"Unsere Wasch Mission: Innovation statt Tradition. Seit Jahrzehnten werben herk\u00f6mmliche W\u00e4schemittel Produzten mit dem Versprechen noch reiner und noch weisser zu waschen. Ganz ehrlich: Wir k\u00f6nnen das nicht mehr h\u00f6ren! Washo liefert dir mindestens dasselbe Resultat. Einfacher und umweltgerechter! &nbsp; Unser Engagement f\u00fcr Nachhaltigkeit: Unser Unternehmen ist als klimaneutrales Unternehmen zertifiziert und kompensiert alle anfallenden CO2 Emissionen. Zus\u00e4tzlich sind wir&nbsp;Weiter lesen\" \/>\n<meta property=\"og:url\" content=\"https:\/\/bien-etreiris.ch\/de\/unsere-marken\/washo\/\" \/>\n<meta property=\"og:site_name\" content=\"WOHLBEFINDEN\" \/>\n<meta property=\"article:publisher\" content=\"https:\/\/www.facebook.com\/bienetreiris\/\" \/>\n<meta property=\"article:modified_time\" content=\"2021-07-18T07:25:37+00:00\" \/>\n<meta property=\"og:image\" content=\"https:\/\/bien-etreiris.ch\/wp-content\/uploads\/2021\/07\/Washo.jpg\" \/>\n\t<meta property=\"og:image:width\" content=\"500\" \/>\n\t<meta property=\"og:image:height\" content=\"340\" \/>\n\t<meta property=\"og:image:type\" content=\"image\/jpeg\" \/>\n<meta name=\"twitter:label1\" content=\"Gesch\u00e4tzte Lesezeit\" \/>\n\t<meta name=\"twitter:data1\" content=\"2\u00a0Minuten\" \/>\n<script type=\"application\/ld+json\" class=\"yoast-schema-graph\">{\"@context\":\"https:\\\/\\\/schema.org\",\"@graph\":[{\"@type\":\"WebPage\",\"@id\":\"https:\\\/\\\/bien-etreiris.ch\\\/de\\\/unsere-marken\\\/washo\\\/\",\"url\":\"https:\\\/\\\/bien-etreiris.ch\\\/de\\\/unsere-marken\\\/washo\\\/\",\"name\":\"WASHO - WOHLBEFINDEN\",\"isPartOf\":{\"@id\":\"https:\\\/\\\/bien-etreiris.ch\\\/de\\\/#website\"},\"primaryImageOfPage\":{\"@id\":\"https:\\\/\\\/bien-etreiris.ch\\\/de\\\/unsere-marken\\\/washo\\\/#primaryimage\"},\"image\":{\"@id\":\"https:\\\/\\\/bien-etreiris.ch\\\/de\\\/unsere-marken\\\/washo\\\/#primaryimage\"},\"thumbnailUrl\":\"https:\\\/\\\/bien-etreiris.ch\\\/wp-content\\\/uploads\\\/2021\\\/07\\\/Washo.jpg\",\"datePublished\":\"2021-07-18T07:12:12+00:00\",\"dateModified\":\"2021-07-18T07:25:37+00:00\",\"breadcrumb\":{\"@id\":\"https:\\\/\\\/bien-etreiris.ch\\\/de\\\/unsere-marken\\\/washo\\\/#breadcrumb\"},\"inLanguage\":\"de\",\"potentialAction\":[{\"@type\":\"ReadAction\",\"target\":[\"https:\\\/\\\/bien-etreiris.ch\\\/de\\\/unsere-marken\\\/washo\\\/\"]}]},{\"@type\":\"ImageObject\",\"inLanguage\":\"de\",\"@id\":\"https:\\\/\\\/bien-etreiris.ch\\\/de\\\/unsere-marken\\\/washo\\\/#primaryimage\",\"url\":\"https:\\\/\\\/bien-etreiris.ch\\\/wp-content\\\/uploads\\\/2021\\\/07\\\/Washo.jpg\",\"contentUrl\":\"https:\\\/\\\/bien-etreiris.ch\\\/wp-content\\\/uploads\\\/2021\\\/07\\\/Washo.jpg\",\"width\":500,\"height\":340},{\"@type\":\"BreadcrumbList\",\"@id\":\"https:\\\/\\\/bien-etreiris.ch\\\/de\\\/unsere-marken\\\/washo\\\/#breadcrumb\",\"itemListElement\":[{\"@type\":\"ListItem\",\"position\":1,\"name\":\"Home\",\"item\":\"https:\\\/\\\/bien-etreiris.ch\\\/de\\\/\"},{\"@type\":\"ListItem\",\"position\":2,\"name\":\"UNSERE MARKEN\",\"item\":\"https:\\\/\\\/bien-etreiris.ch\\\/de\\\/unsere-marken\\\/\"},{\"@type\":\"ListItem\",\"position\":3,\"name\":\"WASHO\"}]},{\"@type\":\"WebSite\",\"@id\":\"https:\\\/\\\/bien-etreiris.ch\\\/de\\\/#website\",\"url\":\"https:\\\/\\\/bien-etreiris.ch\\\/de\\\/\",\"name\":\"Bien-\u00eatre Iris\",\"description\":\"IHRE Gesundheit ist uns wichtig\",\"potentialAction\":[{\"@type\":\"SearchAction\",\"target\":{\"@type\":\"EntryPoint\",\"urlTemplate\":\"https:\\\/\\\/bien-etreiris.ch\\\/de\\\/?s={search_term_string}\"},\"query-input\":{\"@type\":\"PropertyValueSpecification\",\"valueRequired\":true,\"valueName\":\"search_term_string\"}}],\"inLanguage\":\"de\"}]}<\/script>\n<!-- \/ Yoast SEO plugin. -->","yoast_head_json":{"title":"WASHO - WOHLBEFINDEN","robots":{"index":"index","follow":"follow","max-snippet":"max-snippet:-1","max-image-preview":"max-image-preview:large","max-video-preview":"max-video-preview:-1"},"canonical":"https:\/\/bien-etreiris.ch\/de\/unsere-marken\/washo\/","og_locale":"de_DE","og_type":"article","og_title":"WASHO - WOHLBEFINDEN","og_description":"Unsere Wasch Mission: Innovation statt Tradition. Seit Jahrzehnten werben herk\u00f6mmliche W\u00e4schemittel Produzten mit dem Versprechen noch reiner und noch weisser zu waschen. Ganz ehrlich: Wir k\u00f6nnen das nicht mehr h\u00f6ren! Washo liefert dir mindestens dasselbe Resultat. Einfacher und umweltgerechter! &nbsp; Unser Engagement f\u00fcr Nachhaltigkeit: Unser Unternehmen ist als klimaneutrales Unternehmen zertifiziert und kompensiert alle anfallenden CO2 Emissionen. Zus\u00e4tzlich sind wir&nbsp;Weiter lesen","og_url":"https:\/\/bien-etreiris.ch\/de\/unsere-marken\/washo\/","og_site_name":"WOHLBEFINDEN","article_publisher":"https:\/\/www.facebook.com\/bienetreiris\/","article_modified_time":"2021-07-18T07:25:37+00:00","og_image":[{"width":500,"height":340,"url":"https:\/\/bien-etreiris.ch\/wp-content\/uploads\/2021\/07\/Washo.jpg","type":"image\/jpeg"}],"twitter_misc":{"Gesch\u00e4tzte Lesezeit":"2\u00a0Minuten"},"schema":{"@context":"https:\/\/schema.org","@graph":[{"@type":"WebPage","@id":"https:\/\/bien-etreiris.ch\/de\/unsere-marken\/washo\/","url":"https:\/\/bien-etreiris.ch\/de\/unsere-marken\/washo\/","name":"WASHO - WOHLBEFINDEN","isPartOf":{"@id":"https:\/\/bien-etreiris.ch\/de\/#website"},"primaryImageOfPage":{"@id":"https:\/\/bien-etreiris.ch\/de\/unsere-marken\/washo\/#primaryimage"},"image":{"@id":"https:\/\/bien-etreiris.ch\/de\/unsere-marken\/washo\/#primaryimage"},"thumbnailUrl":"https:\/\/bien-etreiris.ch\/wp-content\/uploads\/2021\/07\/Washo.jpg","datePublished":"2021-07-18T07:12:12+00:00","dateModified":"2021-07-18T07:25:37+00:00","breadcrumb":{"@id":"https:\/\/bien-etreiris.ch\/de\/unsere-marken\/washo\/#breadcrumb"},"inLanguage":"de","potentialAction":[{"@type":"ReadAction","target":["https:\/\/bien-etreiris.ch\/de\/unsere-marken\/washo\/"]}]},{"@type":"ImageObject","inLanguage":"de","@id":"https:\/\/bien-etreiris.ch\/de\/unsere-marken\/washo\/#primaryimage","url":"https:\/\/bien-etreiris.ch\/wp-content\/uploads\/2021\/07\/Washo.jpg","contentUrl":"https:\/\/bien-etreiris.ch\/wp-content\/uploads\/2021\/07\/Washo.jpg","width":500,"height":340},{"@type":"BreadcrumbList","@id":"https:\/\/bien-etreiris.ch\/de\/unsere-marken\/washo\/#breadcrumb","itemListElement":[{"@type":"ListItem","position":1,"name":"Home","item":"https:\/\/bien-etreiris.ch\/de\/"},{"@type":"ListItem","position":2,"name":"UNSERE MARKEN","item":"https:\/\/bien-etreiris.ch\/de\/unsere-marken\/"},{"@type":"ListItem","position":3,"name":"WASHO"}]},{"@type":"WebSite","@id":"https:\/\/bien-etreiris.ch\/de\/#website","url":"https:\/\/bien-etreiris.ch\/de\/","name":"Bien-\u00eatre Iris","description":"IHRE Gesundheit ist uns wichtig","potentialAction":[{"@type":"SearchAction","target":{"@type":"EntryPoint","urlTemplate":"https:\/\/bien-etreiris.ch\/de\/?s={search_term_string}"},"query-input":{"@type":"PropertyValueSpecification","valueRequired":true,"valueName":"search_term_string"}}],"inLanguage":"de"}]}},"_links":{"self":[{"href":"https:\/\/bien-etreiris.ch\/de\/wp-json\/wp\/v2\/pages\/52445","targetHints":{"allow":["GET"]}}],"collection":[{"href":"https:\/\/bien-etreiris.ch\/de\/wp-json\/wp\/v2\/pages"}],"about":[{"href":"https:\/\/bien-etreiris.ch\/de\/wp-json\/wp\/v2\/types\/page"}],"author":[{"embeddable":true,"href":"https:\/\/bien-etreiris.ch\/de\/wp-json\/wp\/v2\/users\/1"}],"replies":[{"embeddable":true,"href":"https:\/\/bien-etreiris.ch\/de\/wp-json\/wp\/v2\/comments?post=52445"}],"version-history":[{"count":5,"href":"https:\/\/bien-etreiris.ch\/de\/wp-json\/wp\/v2\/pages\/52445\/revisions"}],"predecessor-version":[{"id":52461,"href":"https:\/\/bien-etreiris.ch\/de\/wp-json\/wp\/v2\/pages\/52445\/revisions\/52461"}],"up":[{"embeddable":true,"href":"https:\/\/bien-etreiris.ch\/de\/wp-json\/wp\/v2\/pages\/44406"}],"wp:featuredmedia":[{"embeddable":true,"href":"https:\/\/bien-etreiris.ch\/de\/wp-json\/wp\/v2\/media\/52443"}],"wp:attachment":[{"href":"https:\/\/bien-etreiris.ch\/de\/wp-json\/wp\/v2\/media?parent=52445"}],"curies":[{"name":"wp","href":"https:\/\/api.w.org\/{rel}","templated":true}]}}