{"id":52403,"date":"2021-07-18T08:32:57","date_gmt":"2021-07-18T06:32:57","guid":{"rendered":"https:\/\/bien-etreiris.ch\/?page_id=52403"},"modified":"2022-07-07T11:57:12","modified_gmt":"2022-07-07T09:57:12","slug":"washo","status":"publish","type":"page","link":"https:\/\/bien-etreiris.ch\/de\/produktpraesentation\/hygiene\/haushaltsreinigung\/haushaltsseifen\/waesche-waschen\/washo\/","title":{"rendered":"WASHO"},"content":{"rendered":"\n<h2>Washo&nbsp; - so w\u00e4scht man heute !<\/h2>\n<div class=\"gt_banner--text\">\n<div class=\"gt_subheading gt_atom-4467524_messageText \" data-name=\"Message Text\">Fini les surdosages et l'impact n\u00e9gatif sur l'environnement !<br><br><\/div>\n<\/div>\n<div class=\"gt_mb--medium gt_feather-list\">\n<div>\n<div class=\"gt_mb--small gt_banner-message\" data-index=\"0\">\n<div class=\"gt_banner-icon\">&nbsp;<\/div>\n<\/div>\n<\/div>\n<\/div>\n<div class=\"gt_mb--small gt_banner-message\" data-index=\"0\">\n<ul style=\"list-style-type: disc;\">\n<li class=\"gt_subheading gt_atom-4467524_featureText_0  gt_text--noMargin\" data-name=\"Text\" data-class=\"gt_text--noMargin\">\n<h4>1 lingette Washo, 100% efficace<\/h4>\n<\/li>\n<li data-name=\"Text\" data-class=\"gt_text--noMargin\">\n<h4 class=\"gt_subheading gt_atom-4467524_featureText_1  gt_text--noMargin\" data-name=\"Text\" data-class=\"gt_text--noMargin\">2g l\u00e9ger et 100% biod\u00e9gradable<\/h4>\n<\/li>\n<\/ul>\n<\/div>\n<div class=\"gt_mb--small gt_banner-message\" data-index=\"2\">\n<div class=\"gt_banner-icon\">&nbsp;<\/div>\n<\/div>\n<p>Sans microplastiques ni toxines&nbsp;<\/p>\n<p>&nbsp;<\/p>\n<p><a href=\"https:\/\/bien-etreiris.ch\/wp-content\/uploads\/2021\/07\/Washo-sans-parfum.jpg\"><img loading=\"lazy\" decoding=\"async\" class=\"size-medium wp-image-52396 alignleft\" src=\"https:\/\/bien-etreiris.ch\/wp-content\/uploads\/2021\/07\/Washo-sans-parfum-300x300.jpg\" alt=\"\" width=\"300\" height=\"300\" srcset=\"https:\/\/bien-etreiris.ch\/wp-content\/uploads\/2021\/07\/Washo-sans-parfum-300x300.jpg 300w, https:\/\/bien-etreiris.ch\/wp-content\/uploads\/2021\/07\/Washo-sans-parfum-150x150.jpg 150w, https:\/\/bien-etreiris.ch\/wp-content\/uploads\/2021\/07\/Washo-sans-parfum-768x768.jpg 768w, https:\/\/bien-etreiris.ch\/wp-content\/uploads\/2021\/07\/Washo-sans-parfum.jpg 960w\" sizes=\"auto, (max-width: 300px) 100vw, 300px\" \/><\/a><\/p>\n<p>&nbsp;<\/p>\n<p>&nbsp;<\/p>\n<p>&nbsp;<\/p>\n<div id=\"a-CfEcpGY2mYaY8sA_title1\" class=\"gt_atom-CfEcpGY2mYaY8sA_title1 gt_mb--medium gt_subheading gt_title\" data-name=\"Tile\" data-class=\"gt_mb--medium gt_subheading gt_title\">\n<h4 class=\"gt_box-desc\">Washo sans parfum<\/h4>\n<\/div>\n<div class=\"gt_atom-CfEcpGY2mYaY8sA_item1_0 gt_mb--small gt_item\" data-name=\"Item\" data-class=\"gt_mb--small gt_item\">\n<div id=\"a-CfEcpGY2mYaY8sA_text1_0\" class=\"gt_atom-CfEcpGY2mYaY8sA_text1_0\" data-name=\"Text\">\n<ul style=\"list-style-type: disc;\">\n<li class=\"gt_box-desc\">Tr\u00e8s l\u00e9ger, seulement 2g<\/li>\n<li>\n<div class=\"gt_box-desc\">100% biod\u00e9gradable<\/div>\n<\/li>\n<li>\n<div class=\"gt_box-desc\">Pas de microplastique<\/div>\n<\/li>\n<li>\n<div class=\"gt_box-desc\">Vegan<\/div>\n<\/li>\n<li>\n<div class=\"gt_box-desc\">Emballage en carton recyclable<\/div>\n<\/li>\n<\/ul>\n<\/div>\n<\/div>\n<p>&nbsp;<\/p>\n<div class=\"gt_atom-CfEcpGY2mYaY8sA_item1_0 gt_mb--small gt_item\" data-name=\"Item\" data-class=\"gt_mb--small gt_item\">\n<div id=\"a-CfEcpGY2mYaY8sA_text1_0\" class=\"gt_atom-CfEcpGY2mYaY8sA_text1_0\" data-name=\"Text\">\n<p>&nbsp;<\/p>\n<p><strong>Recevez 1 lingette de Washo gratuit \u00e0 tester chez Bien-\u00eatre Iris<\/strong><\/p>\n<p class=\"gt_heading\"><strong>Ton paquet test Washo - sans parfum CHF 9.90<br><\/strong><\/p>\n<p class=\"gt_heading\">1 B<strong>o\u00eete - avec 60 lavage - sans parfu<\/strong>m<strong> CHF 16.90<br><\/strong><\/p>\n<p><strong>des 3 paquet&nbsp; 180 lavage 16 %<\/strong><\/p>\n<p><strong>des 5 paquet 300 lavage 20%<\/strong><\/p>\n<\/div>\n<\/div>\n<p>&nbsp;<\/p>\n<p>&nbsp;<\/p>\n<p><a href=\"https:\/\/bien-etreiris.ch\/wp-content\/uploads\/2021\/07\/Washo-Parfum-dete.jpg\"><img loading=\"lazy\" decoding=\"async\" class=\"size-medium wp-image-52399 alignleft\" src=\"https:\/\/bien-etreiris.ch\/wp-content\/uploads\/2021\/07\/Washo-Parfum-dete-300x300.jpg\" alt=\"\" width=\"300\" height=\"300\" srcset=\"https:\/\/bien-etreiris.ch\/wp-content\/uploads\/2021\/07\/Washo-Parfum-dete-300x300.jpg 300w, https:\/\/bien-etreiris.ch\/wp-content\/uploads\/2021\/07\/Washo-Parfum-dete-150x150.jpg 150w, https:\/\/bien-etreiris.ch\/wp-content\/uploads\/2021\/07\/Washo-Parfum-dete-768x768.jpg 768w, https:\/\/bien-etreiris.ch\/wp-content\/uploads\/2021\/07\/Washo-Parfum-dete.jpg 960w\" sizes=\"auto, (max-width: 300px) 100vw, 300px\" \/><\/a><\/p>\n<p>&nbsp;<\/p>\n<p>&nbsp;<\/p>\n<p>&nbsp;<\/p>\n<div id=\"a-CfEcpGY2mYaY8sA_title1\" class=\"gt_atom-CfEcpGY2mYaY8sA_title1 gt_mb--medium gt_subheading gt_title\" data-name=\"Tile\" data-class=\"gt_mb--medium gt_subheading gt_title\">\n<h4 class=\"gt_box-desc\">Washo - <strong>Parfum d'\u00e9t\u00e9<\/strong><\/h4>\n<\/div>\n<div class=\"gt_atom-CfEcpGY2mYaY8sA_item1_0 gt_mb--small gt_item\" data-name=\"Item\" data-class=\"gt_mb--small gt_item\">\n<div id=\"a-CfEcpGY2mYaY8sA_text1_0\" class=\"gt_atom-CfEcpGY2mYaY8sA_text1_0\" data-name=\"Text\">\n<ul style=\"list-style-type: disc;\">\n<li class=\"gt_box-desc\">Tr\u00e8s l\u00e9ger, seulement 2g<\/li>\n<li>\n<div class=\"gt_box-desc\">100% biod\u00e9gradable<\/div>\n<\/li>\n<li>\n<div class=\"gt_box-desc\">Pas de microplastique<\/div>\n<\/li>\n<li>\n<div class=\"gt_box-desc\">Vegan<\/div>\n<\/li>\n<li>\n<div class=\"gt_box-desc\">Emballage en carton recyclable<\/div>\n<\/li>\n<\/ul>\n<p>&nbsp;<\/p>\n<p>&nbsp;<\/p>\n<p><strong>Recevez 1 lingette<\/strong> <strong>de Washo gratuit \u00e0 tester chez Bien-\u00eatre Iris<\/strong><\/p>\n<p class=\"gt_heading\"><strong>Ton paquet test Washo - <\/strong><strong>Parfum d'\u00e9t\u00e9 <\/strong><strong>CHF 9.90<br><\/strong><\/p>\n<p class=\"gt_heading\">1 B<strong>o\u00eete - avec 60 lavage -<\/strong><strong> Parfum d'\u00e9t\u00e9 CHF 16.90<br><\/strong><\/p>\n<p><strong>des 3 paquet&nbsp; 180 lavage 16 %<\/strong><\/p>\n<p><strong>des 5 paquet&nbsp; 300 lavage 20%<\/strong><\/p>\n<\/div>\n<\/div>\n<p>&nbsp;<\/p>\n<p>&nbsp;<\/p>\n<p>&nbsp;<\/p>\n<p>&nbsp;<\/p>\n<p><strong>Washo - ta nouvelle fa\u00e7on de faire la lessive proprement !<\/strong><\/p>\n<p>Washo est un strip l\u00e9ger de 2 grammes, fermement press\u00e9 et sec. Il contient des substances de lavage biod\u00e9gradables hautement concentr\u00e9es et remplace votre d\u00e9tergent traditionnel. Pour le linge blanc, color\u00e9 et noir. De 15 \u00e0 90\u00b0.<\/p>\n<p><strong>Washo - pour une lessive plus facile et plus durable<\/strong><\/p>\n<ul>\n<li>ingr\u00e9dients inoffensifs : 100% biod\u00e9gradables<\/li>\n<li>hyperallerg\u00e9nique et sans produits chimiques toxiques<\/li>\n<li>sans microplastiques, sans huile de palme et sans agents de blanchiment au chlore<\/li>\n<li>v\u00e9gan (sans produits d'origine animale)<\/li>\n<\/ul>\n<p><strong>Utilisation super simple :<\/strong><\/p>\n<p>Il suffit de placer<strong> 1 lingette Washo<\/strong> directement dans la machine et la remplir avec ton linge sale. et c'est parti ! La lingette Washo se dissout imm\u00e9diatement dans l'eau et nettoie votre linge en douceur et proprement.<\/p>\n<p><strong>Le conseil de lavage<\/strong><\/p>\n<p>Pour du linge tr\u00e8s sale (ou de l'eau tr\u00e8s dure), il suffit d'utiliser 2 lingette Washo<\/p>\n<p><strong>&nbsp;Plus de raisons de nous aimer :<\/strong><\/p>\n<ul>\n<li>1 arbre plant\u00e9 par paquet<\/li>\n<li>10% du b\u00e9n\u00e9fice pour l'acc\u00e8s \u00e0 l'eau potable<\/li>\n<li>100% de satisfaction ou remboursement<\/li>\n<\/ul>\n<p><strong>Parfum :<\/strong><\/p>\n<p>Washo est disponible en version \"non parfum\u00e9e\" et \"brise d'\u00e9t\u00e9\". La version non parfum\u00e9e est \u00e9galement parfaite pour les personnes allergiques ou le linge de b\u00e9b\u00e9.<\/p>\n<p>Vous aussi, vous pouvez participer \u00e0 la r\u00e9volution du lavage. Il n'a jamais \u00e9t\u00e9 aussi facile de faire quelque chose de bien pour la plan\u00e8te. Pas encore convaincu ?<\/p>\n<p>&nbsp;<\/p>\n","protected":false},"excerpt":{"rendered":"<p>Washo&nbsp; - so w\u00e4scht man heute ! Fini les surdosages et l'impact n\u00e9gatif sur l'environnement ! &nbsp; 1 lingette Washo, 100% efficace 2g l\u00e9ger et 100% biod\u00e9gradable &nbsp; Sans microplastiques ni toxines&nbsp; &nbsp; &nbsp; &nbsp; &nbsp; Washo sans parfum Tr\u00e8s l\u00e9ger, seulement 2g 100% biod\u00e9gradable Pas de microplastique Vegan Emballage en carton recyclable &nbsp; &nbsp; Recevez 1 lingette de Washo&nbsp;<a href=\"https:\/\/bien-etreiris.ch\/de\/produktpraesentation\/hygiene\/haushaltsreinigung\/haushaltsseifen\/waesche-waschen\/washo\/\" class=\"read-more\">Weiter lesen<\/a><\/p>\n","protected":false},"author":1,"featured_media":52395,"parent":48953,"menu_order":5095,"comment_status":"closed","ping_status":"closed","template":"page-with-child.php","meta":{"_acf_changed":false,"ngg_post_thumbnail":0,"footnotes":""},"class_list":["post-52403","page","type-page","status-publish","has-post-thumbnail","hentry"],"acf":[],"yoast_head":"<!-- This site is optimized with the Yoast SEO plugin v27.4 - https:\/\/yoast.com\/product\/yoast-seo-wordpress\/ -->\n<title>WASHO - WOHLBEFINDEN<\/title>\n<meta name=\"robots\" content=\"index, follow, max-snippet:-1, max-image-preview:large, max-video-preview:-1\" \/>\n<link rel=\"canonical\" href=\"https:\/\/bien-etreiris.ch\/de\/produktpraesentation\/hygiene\/haushaltsreinigung\/haushaltsseifen\/waesche-waschen\/washo\/\" \/>\n<meta property=\"og:locale\" content=\"de_DE\" \/>\n<meta property=\"og:type\" content=\"article\" \/>\n<meta property=\"og:title\" content=\"WASHO - WOHLBEFINDEN\" \/>\n<meta property=\"og:description\" content=\"Washo&nbsp; - so w\u00e4scht man heute ! Fini les surdosages et l&#039;impact n\u00e9gatif sur l&#039;environnement ! &nbsp; 1 lingette Washo, 100% efficace 2g l\u00e9ger et 100% biod\u00e9gradable &nbsp; Sans microplastiques ni toxines&nbsp; &nbsp; &nbsp; &nbsp; &nbsp; Washo sans parfum Tr\u00e8s l\u00e9ger, seulement 2g 100% biod\u00e9gradable Pas de microplastique Vegan Emballage en carton recyclable &nbsp; &nbsp; Recevez 1 lingette de Washo&nbsp;Weiter lesen\" \/>\n<meta property=\"og:url\" content=\"https:\/\/bien-etreiris.ch\/de\/produktpraesentation\/hygiene\/haushaltsreinigung\/haushaltsseifen\/waesche-waschen\/washo\/\" \/>\n<meta property=\"og:site_name\" content=\"WOHLBEFINDEN\" \/>\n<meta property=\"article:publisher\" content=\"https:\/\/www.facebook.com\/bienetreiris\/\" \/>\n<meta property=\"article:modified_time\" content=\"2022-07-07T09:57:12+00:00\" \/>\n<meta property=\"og:image\" content=\"https:\/\/bien-etreiris.ch\/wp-content\/uploads\/2021\/07\/acceuil-lessive-reinventee.jpg\" \/>\n\t<meta property=\"og:image:width\" content=\"500\" \/>\n\t<meta property=\"og:image:height\" content=\"313\" \/>\n\t<meta property=\"og:image:type\" content=\"image\/jpeg\" \/>\n<meta name=\"twitter:label1\" content=\"Gesch\u00e4tzte Lesezeit\" \/>\n\t<meta name=\"twitter:data1\" content=\"3\u00a0Minuten\" \/>\n<script type=\"application\/ld+json\" class=\"yoast-schema-graph\">{\"@context\":\"https:\\\/\\\/schema.org\",\"@graph\":[{\"@type\":\"WebPage\",\"@id\":\"https:\\\/\\\/bien-etreiris.ch\\\/de\\\/produktpraesentation\\\/hygiene\\\/haushaltsreinigung\\\/haushaltsseifen\\\/waesche-waschen\\\/washo\\\/\",\"url\":\"https:\\\/\\\/bien-etreiris.ch\\\/de\\\/produktpraesentation\\\/hygiene\\\/haushaltsreinigung\\\/haushaltsseifen\\\/waesche-waschen\\\/washo\\\/\",\"name\":\"WASHO - WOHLBEFINDEN\",\"isPartOf\":{\"@id\":\"https:\\\/\\\/bien-etreiris.ch\\\/de\\\/#website\"},\"primaryImageOfPage\":{\"@id\":\"https:\\\/\\\/bien-etreiris.ch\\\/de\\\/produktpraesentation\\\/hygiene\\\/haushaltsreinigung\\\/haushaltsseifen\\\/waesche-waschen\\\/washo\\\/#primaryimage\"},\"image\":{\"@id\":\"https:\\\/\\\/bien-etreiris.ch\\\/de\\\/produktpraesentation\\\/hygiene\\\/haushaltsreinigung\\\/haushaltsseifen\\\/waesche-waschen\\\/washo\\\/#primaryimage\"},\"thumbnailUrl\":\"https:\\\/\\\/bien-etreiris.ch\\\/wp-content\\\/uploads\\\/2021\\\/07\\\/acceuil-lessive-reinventee.jpg\",\"datePublished\":\"2021-07-18T06:32:57+00:00\",\"dateModified\":\"2022-07-07T09:57:12+00:00\",\"breadcrumb\":{\"@id\":\"https:\\\/\\\/bien-etreiris.ch\\\/de\\\/produktpraesentation\\\/hygiene\\\/haushaltsreinigung\\\/haushaltsseifen\\\/waesche-waschen\\\/washo\\\/#breadcrumb\"},\"inLanguage\":\"de\",\"potentialAction\":[{\"@type\":\"ReadAction\",\"target\":[\"https:\\\/\\\/bien-etreiris.ch\\\/de\\\/produktpraesentation\\\/hygiene\\\/haushaltsreinigung\\\/haushaltsseifen\\\/waesche-waschen\\\/washo\\\/\"]}]},{\"@type\":\"ImageObject\",\"inLanguage\":\"de\",\"@id\":\"https:\\\/\\\/bien-etreiris.ch\\\/de\\\/produktpraesentation\\\/hygiene\\\/haushaltsreinigung\\\/haushaltsseifen\\\/waesche-waschen\\\/washo\\\/#primaryimage\",\"url\":\"https:\\\/\\\/bien-etreiris.ch\\\/wp-content\\\/uploads\\\/2021\\\/07\\\/acceuil-lessive-reinventee.jpg\",\"contentUrl\":\"https:\\\/\\\/bien-etreiris.ch\\\/wp-content\\\/uploads\\\/2021\\\/07\\\/acceuil-lessive-reinventee.jpg\",\"width\":500,\"height\":313},{\"@type\":\"BreadcrumbList\",\"@id\":\"https:\\\/\\\/bien-etreiris.ch\\\/de\\\/produktpraesentation\\\/hygiene\\\/haushaltsreinigung\\\/haushaltsseifen\\\/waesche-waschen\\\/washo\\\/#breadcrumb\",\"itemListElement\":[{\"@type\":\"ListItem\",\"position\":1,\"name\":\"Home\",\"item\":\"https:\\\/\\\/bien-etreiris.ch\\\/de\\\/\"},{\"@type\":\"ListItem\",\"position\":2,\"name\":\"PRODUKTPR\u00c4SENTATION\",\"item\":\"https:\\\/\\\/bien-etreiris.ch\\\/de\\\/produktpraesentation\\\/\"},{\"@type\":\"ListItem\",\"position\":3,\"name\":\"HYGIENE\",\"item\":\"https:\\\/\\\/bien-etreiris.ch\\\/de\\\/produktpraesentation\\\/hygiene\\\/\"},{\"@type\":\"ListItem\",\"position\":4,\"name\":\"HAUSHALTSREINIGUNG\",\"item\":\"https:\\\/\\\/bien-etreiris.ch\\\/de\\\/produktpraesentation\\\/hygiene\\\/haushaltsreinigung\\\/\"},{\"@type\":\"ListItem\",\"position\":5,\"name\":\"HAUSHALTSSEIFEN\",\"item\":\"https:\\\/\\\/bien-etreiris.ch\\\/de\\\/produktpraesentation\\\/hygiene\\\/haushaltsreinigung\\\/haushaltsseifen\\\/\"},{\"@type\":\"ListItem\",\"position\":6,\"name\":\"W\u00c4SCHE WASCHEN\",\"item\":\"https:\\\/\\\/bien-etreiris.ch\\\/de\\\/produktpraesentation\\\/hygiene\\\/haushaltsreinigung\\\/haushaltsseifen\\\/waesche-waschen\\\/\"},{\"@type\":\"ListItem\",\"position\":7,\"name\":\"WASHO\"}]},{\"@type\":\"WebSite\",\"@id\":\"https:\\\/\\\/bien-etreiris.ch\\\/de\\\/#website\",\"url\":\"https:\\\/\\\/bien-etreiris.ch\\\/de\\\/\",\"name\":\"Bien-\u00eatre Iris\",\"description\":\"IHRE Gesundheit ist uns wichtig\",\"potentialAction\":[{\"@type\":\"SearchAction\",\"target\":{\"@type\":\"EntryPoint\",\"urlTemplate\":\"https:\\\/\\\/bien-etreiris.ch\\\/de\\\/?s={search_term_string}\"},\"query-input\":{\"@type\":\"PropertyValueSpecification\",\"valueRequired\":true,\"valueName\":\"search_term_string\"}}],\"inLanguage\":\"de\"}]}<\/script>\n<!-- \/ Yoast SEO plugin. -->","yoast_head_json":{"title":"WASHO - WOHLBEFINDEN","robots":{"index":"index","follow":"follow","max-snippet":"max-snippet:-1","max-image-preview":"max-image-preview:large","max-video-preview":"max-video-preview:-1"},"canonical":"https:\/\/bien-etreiris.ch\/de\/produktpraesentation\/hygiene\/haushaltsreinigung\/haushaltsseifen\/waesche-waschen\/washo\/","og_locale":"de_DE","og_type":"article","og_title":"WASHO - WOHLBEFINDEN","og_description":"Washo&nbsp; - so w\u00e4scht man heute ! Fini les surdosages et l'impact n\u00e9gatif sur l'environnement ! &nbsp; 1 lingette Washo, 100% efficace 2g l\u00e9ger et 100% biod\u00e9gradable &nbsp; Sans microplastiques ni toxines&nbsp; &nbsp; &nbsp; &nbsp; &nbsp; Washo sans parfum Tr\u00e8s l\u00e9ger, seulement 2g 100% biod\u00e9gradable Pas de microplastique Vegan Emballage en carton recyclable &nbsp; &nbsp; Recevez 1 lingette de Washo&nbsp;Weiter lesen","og_url":"https:\/\/bien-etreiris.ch\/de\/produktpraesentation\/hygiene\/haushaltsreinigung\/haushaltsseifen\/waesche-waschen\/washo\/","og_site_name":"WOHLBEFINDEN","article_publisher":"https:\/\/www.facebook.com\/bienetreiris\/","article_modified_time":"2022-07-07T09:57:12+00:00","og_image":[{"width":500,"height":313,"url":"https:\/\/bien-etreiris.ch\/wp-content\/uploads\/2021\/07\/acceuil-lessive-reinventee.jpg","type":"image\/jpeg"}],"twitter_misc":{"Gesch\u00e4tzte Lesezeit":"3\u00a0Minuten"},"schema":{"@context":"https:\/\/schema.org","@graph":[{"@type":"WebPage","@id":"https:\/\/bien-etreiris.ch\/de\/produktpraesentation\/hygiene\/haushaltsreinigung\/haushaltsseifen\/waesche-waschen\/washo\/","url":"https:\/\/bien-etreiris.ch\/de\/produktpraesentation\/hygiene\/haushaltsreinigung\/haushaltsseifen\/waesche-waschen\/washo\/","name":"WASHO - WOHLBEFINDEN","isPartOf":{"@id":"https:\/\/bien-etreiris.ch\/de\/#website"},"primaryImageOfPage":{"@id":"https:\/\/bien-etreiris.ch\/de\/produktpraesentation\/hygiene\/haushaltsreinigung\/haushaltsseifen\/waesche-waschen\/washo\/#primaryimage"},"image":{"@id":"https:\/\/bien-etreiris.ch\/de\/produktpraesentation\/hygiene\/haushaltsreinigung\/haushaltsseifen\/waesche-waschen\/washo\/#primaryimage"},"thumbnailUrl":"https:\/\/bien-etreiris.ch\/wp-content\/uploads\/2021\/07\/acceuil-lessive-reinventee.jpg","datePublished":"2021-07-18T06:32:57+00:00","dateModified":"2022-07-07T09:57:12+00:00","breadcrumb":{"@id":"https:\/\/bien-etreiris.ch\/de\/produktpraesentation\/hygiene\/haushaltsreinigung\/haushaltsseifen\/waesche-waschen\/washo\/#breadcrumb"},"inLanguage":"de","potentialAction":[{"@type":"ReadAction","target":["https:\/\/bien-etreiris.ch\/de\/produktpraesentation\/hygiene\/haushaltsreinigung\/haushaltsseifen\/waesche-waschen\/washo\/"]}]},{"@type":"ImageObject","inLanguage":"de","@id":"https:\/\/bien-etreiris.ch\/de\/produktpraesentation\/hygiene\/haushaltsreinigung\/haushaltsseifen\/waesche-waschen\/washo\/#primaryimage","url":"https:\/\/bien-etreiris.ch\/wp-content\/uploads\/2021\/07\/acceuil-lessive-reinventee.jpg","contentUrl":"https:\/\/bien-etreiris.ch\/wp-content\/uploads\/2021\/07\/acceuil-lessive-reinventee.jpg","width":500,"height":313},{"@type":"BreadcrumbList","@id":"https:\/\/bien-etreiris.ch\/de\/produktpraesentation\/hygiene\/haushaltsreinigung\/haushaltsseifen\/waesche-waschen\/washo\/#breadcrumb","itemListElement":[{"@type":"ListItem","position":1,"name":"Home","item":"https:\/\/bien-etreiris.ch\/de\/"},{"@type":"ListItem","position":2,"name":"PRODUKTPR\u00c4SENTATION","item":"https:\/\/bien-etreiris.ch\/de\/produktpraesentation\/"},{"@type":"ListItem","position":3,"name":"HYGIENE","item":"https:\/\/bien-etreiris.ch\/de\/produktpraesentation\/hygiene\/"},{"@type":"ListItem","position":4,"name":"HAUSHALTSREINIGUNG","item":"https:\/\/bien-etreiris.ch\/de\/produktpraesentation\/hygiene\/haushaltsreinigung\/"},{"@type":"ListItem","position":5,"name":"HAUSHALTSSEIFEN","item":"https:\/\/bien-etreiris.ch\/de\/produktpraesentation\/hygiene\/haushaltsreinigung\/haushaltsseifen\/"},{"@type":"ListItem","position":6,"name":"W\u00c4SCHE WASCHEN","item":"https:\/\/bien-etreiris.ch\/de\/produktpraesentation\/hygiene\/haushaltsreinigung\/haushaltsseifen\/waesche-waschen\/"},{"@type":"ListItem","position":7,"name":"WASHO"}]},{"@type":"WebSite","@id":"https:\/\/bien-etreiris.ch\/de\/#website","url":"https:\/\/bien-etreiris.ch\/de\/","name":"Bien-\u00eatre Iris","description":"IHRE Gesundheit ist uns wichtig","potentialAction":[{"@type":"SearchAction","target":{"@type":"EntryPoint","urlTemplate":"https:\/\/bien-etreiris.ch\/de\/?s={search_term_string}"},"query-input":{"@type":"PropertyValueSpecification","valueRequired":true,"valueName":"search_term_string"}}],"inLanguage":"de"}]}},"_links":{"self":[{"href":"https:\/\/bien-etreiris.ch\/de\/wp-json\/wp\/v2\/pages\/52403","targetHints":{"allow":["GET"]}}],"collection":[{"href":"https:\/\/bien-etreiris.ch\/de\/wp-json\/wp\/v2\/pages"}],"about":[{"href":"https:\/\/bien-etreiris.ch\/de\/wp-json\/wp\/v2\/types\/page"}],"author":[{"embeddable":true,"href":"https:\/\/bien-etreiris.ch\/de\/wp-json\/wp\/v2\/users\/1"}],"replies":[{"embeddable":true,"href":"https:\/\/bien-etreiris.ch\/de\/wp-json\/wp\/v2\/comments?post=52403"}],"version-history":[{"count":11,"href":"https:\/\/bien-etreiris.ch\/de\/wp-json\/wp\/v2\/pages\/52403\/revisions"}],"predecessor-version":[{"id":56493,"href":"https:\/\/bien-etreiris.ch\/de\/wp-json\/wp\/v2\/pages\/52403\/revisions\/56493"}],"up":[{"embeddable":true,"href":"https:\/\/bien-etreiris.ch\/de\/wp-json\/wp\/v2\/pages\/48953"}],"wp:featuredmedia":[{"embeddable":true,"href":"https:\/\/bien-etreiris.ch\/de\/wp-json\/wp\/v2\/media\/52395"}],"wp:attachment":[{"href":"https:\/\/bien-etreiris.ch\/de\/wp-json\/wp\/v2\/media?parent=52403"}],"curies":[{"name":"wp","href":"https:\/\/api.w.org\/{rel}","templated":true}]}}