{"id":52146,"date":"2021-07-12T17:02:25","date_gmt":"2021-07-12T15:02:25","guid":{"rendered":"https:\/\/bien-etreiris.ch\/?page_id=52146"},"modified":"2022-09-24T03:32:45","modified_gmt":"2022-09-24T01:32:45","slug":"fuer-jeden-hauttyp","status":"publish","type":"page","link":"https:\/\/bien-etreiris.ch\/de\/produktpraesentation\/natuerliche-kosmetik\/gesicht-koerper\/gesichtspflege\/fuer-jeden-hauttyp\/","title":{"rendered":"F\u00dcR JEDEN HAUTTYP"},"content":{"rendered":"\n<h2>F\u00fcr jeden Hauttyp<\/h2>\n<p>&nbsp;<\/p>\n<h4>Zistrose - F\u00fcr jede Haut<\/h4>\n<p><a href=\"https:\/\/decoiris.ch\/wp-content\/uploads\/2021\/01\/acceuil-cistrose.png\"><img loading=\"lazy\" decoding=\"async\" class=\"size-medium wp-image-38673 alignleft\" src=\"https:\/\/decoiris.ch\/wp-content\/uploads\/2021\/01\/acceuil-cistrose-247x300.png\" sizes=\"auto, (max-width: 247px) 100vw, 247px\" srcset=\"https:\/\/bien-etreiris.ch\/wp-content\/uploads\/2021\/01\/acceuil-cistrose-247x300.png 247w, https:\/\/bien-etreiris.ch\/wp-content\/uploads\/2021\/01\/acceuil-cistrose.png 400w\" alt=\"\" width=\"247\" height=\"300\"><\/a><\/p>\n<div class=\"category-intro-text text\">\n<h1>&nbsp;<\/h1>\n<p>Auf den trockenen B\u00f6den S\u00fcdspaniens w\u00e4chst die Zistrose, eine Heilpflanze, die schon seit Urzeiten gesch\u00e4tzt wird. Das \u00e4therische \u00d6l der Zistrose hat eine sch\u00fctzende Wirkung auf die Haut und gibt ihr ihre wertvolle Feuchtigkeit zur\u00fcck. Die Tonkabohne ist eine wahre Quelle des Wohlbefindens f\u00fcr Haut und Seele und sorgt mit ihren positiven Effekten f\u00fcr eine neue Ausstrahlung.<\/p>\n<\/div>\n<p>&nbsp;<\/p>\n<p>&nbsp;<\/p>\n<p>&nbsp;<\/p>\n<h2>&nbsp;<\/h2>\n<p><a href=\"https:\/\/decoiris.ch\/wp-content\/uploads\/2021\/01\/Creme-cistrose.png\"><img loading=\"lazy\" decoding=\"async\" class=\"size-medium wp-image-38677 alignleft\" src=\"https:\/\/decoiris.ch\/wp-content\/uploads\/2021\/01\/Creme-cistrose-181x300.png\" sizes=\"auto, (max-width: 181px) 100vw, 181px\" srcset=\"https:\/\/bien-etreiris.ch\/wp-content\/uploads\/2021\/01\/Creme-cistrose-181x300.png 181w, https:\/\/bien-etreiris.ch\/wp-content\/uploads\/2021\/01\/Creme-cistrose.png 313w\" alt=\"\" width=\"181\" height=\"300\"><\/a><\/p>\n<h1>&nbsp;<\/h1>\n<p>&nbsp;<\/p>\n<h4>FARFALLA<\/h4>\n<h4>Cistrose, Feuchtigkeitspflege f\u00fcr Tag &amp; Nacht<\/h4>\n<table style=\"width: 73.2123%; height: 79px;\" cellspacing=\"0\" cellpadding=\"0\">\n<tbody>\n<tr style=\"height: 46px;\">\n<td class=\"ArtVarWertBez\" style=\"width: 15.9524%; height: 46px;\">Zertifizierung:<\/td>\n<td class=\"ArtVarWertWert\" style=\"width: 56.7317%; height: 46px;\">NaTrue Zertifizierte Naturkosmetik mit biologischen Inhaltsstoffen<\/td>\n<\/tr>\n<tr style=\"height: 23px;\">\n<td class=\"ArtVarWertBez\" style=\"width: 15.9524%; height: 23px;\">Inhalt:<\/td>\n<td class=\"ArtVarWertWert\" style=\"width: 56.7317%; height: 23px;\">30ml <strong>CHF<\/strong><\/td>\n<\/tr>\n<tr style=\"height: 10px;\">\n<td class=\"ArtVarWertBez\" style=\"width: 15.9524%; height: 10px;\">Vegan:<\/td>\n<td class=\"ArtVarWertWert\" style=\"width: 56.7317%; height: 10px;\">oui<\/td>\n<\/tr>\n<\/tbody>\n<\/table>\n<p>&nbsp;<\/p>\n<p>&nbsp;<\/p>\n<p>&nbsp;<\/p>\n<p>Wohltuende Feuchtigkeitsversorgung und ein seidiges Gef\u00fchl rund um die Uhr. Zistrose sorgt f\u00fcr die Feuchtigkeitsversorgung. In Verbindung mit dem Extrakt der Auferstehungspflanze st\u00e4rkt sie die Schutzbarriere der Haut. 90% der Frauen hatten eine festere und weichere Haut* * Klinisch getestet, Ergebnisse nach 28 Tagen Anwendung<\/p>\n","protected":false},"excerpt":{"rendered":"<p>F\u00fcr jeden Hauttyp &nbsp; Zistrose - F\u00fcr jede Haut &nbsp; Auf den trockenen B\u00f6den S\u00fcdspaniens w\u00e4chst die Zistrose, eine Heilpflanze, die schon seit Urzeiten gesch\u00e4tzt wird. Das \u00e4therische \u00d6l der Zistrose hat eine sch\u00fctzende Wirkung auf die Haut und gibt ihr ihre wertvolle Feuchtigkeit zur\u00fcck. Die Tonkabohne ist eine wahre Quelle des Wohlbefindens f\u00fcr Haut und Seele und sorgt mit&nbsp;<a href=\"https:\/\/bien-etreiris.ch\/de\/produktpraesentation\/natuerliche-kosmetik\/gesicht-koerper\/gesichtspflege\/fuer-jeden-hauttyp\/\" class=\"read-more\">Weiter lesen<\/a><\/p>\n","protected":false},"author":1,"featured_media":52143,"parent":52087,"menu_order":5126,"comment_status":"closed","ping_status":"closed","template":"page-with-child.php","meta":{"_acf_changed":false,"ngg_post_thumbnail":0,"footnotes":""},"class_list":["post-52146","page","type-page","status-publish","has-post-thumbnail","hentry"],"acf":[],"yoast_head":"<!-- This site is optimized with the Yoast SEO plugin v27.5 - https:\/\/yoast.com\/product\/yoast-seo-wordpress\/ -->\n<title>F\u00dcR JEDEN HAUTTYP - WOHLBEFINDEN<\/title>\n<meta name=\"robots\" content=\"index, follow, max-snippet:-1, max-image-preview:large, max-video-preview:-1\" \/>\n<link rel=\"canonical\" href=\"https:\/\/bien-etreiris.ch\/de\/produktpraesentation\/natuerliche-kosmetik\/gesicht-koerper\/gesichtspflege\/fuer-jeden-hauttyp\/\" \/>\n<meta property=\"og:locale\" content=\"de_DE\" \/>\n<meta property=\"og:type\" content=\"article\" \/>\n<meta property=\"og:title\" content=\"F\u00dcR JEDEN HAUTTYP - WOHLBEFINDEN\" \/>\n<meta property=\"og:description\" content=\"F\u00fcr jeden Hauttyp &nbsp; Zistrose - F\u00fcr jede Haut &nbsp; Auf den trockenen B\u00f6den S\u00fcdspaniens w\u00e4chst die Zistrose, eine Heilpflanze, die schon seit Urzeiten gesch\u00e4tzt wird. Das \u00e4therische \u00d6l der Zistrose hat eine sch\u00fctzende Wirkung auf die Haut und gibt ihr ihre wertvolle Feuchtigkeit zur\u00fcck. Die Tonkabohne ist eine wahre Quelle des Wohlbefindens f\u00fcr Haut und Seele und sorgt mit&nbsp;Weiter lesen\" \/>\n<meta property=\"og:url\" content=\"https:\/\/bien-etreiris.ch\/de\/produktpraesentation\/natuerliche-kosmetik\/gesicht-koerper\/gesichtspflege\/fuer-jeden-hauttyp\/\" \/>\n<meta property=\"og:site_name\" content=\"WOHLBEFINDEN\" \/>\n<meta property=\"article:publisher\" content=\"https:\/\/www.facebook.com\/bienetreiris\/\" \/>\n<meta property=\"article:modified_time\" content=\"2022-09-24T01:32:45+00:00\" \/>\n<meta property=\"og:image\" content=\"https:\/\/bien-etreiris.ch\/wp-content\/uploads\/2021\/07\/Tout-types-de-peaux.jpg\" \/>\n\t<meta property=\"og:image:width\" content=\"500\" \/>\n\t<meta property=\"og:image:height\" content=\"333\" \/>\n\t<meta property=\"og:image:type\" content=\"image\/jpeg\" \/>\n<meta name=\"twitter:label1\" content=\"Gesch\u00e4tzte Lesezeit\" \/>\n\t<meta name=\"twitter:data1\" content=\"2\u00a0Minuten\" \/>\n<script type=\"application\/ld+json\" class=\"yoast-schema-graph\">{\"@context\":\"https:\\\/\\\/schema.org\",\"@graph\":[{\"@type\":\"WebPage\",\"@id\":\"https:\\\/\\\/bien-etreiris.ch\\\/de\\\/produktpraesentation\\\/natuerliche-kosmetik\\\/gesicht-koerper\\\/gesichtspflege\\\/fuer-jeden-hauttyp\\\/\",\"url\":\"https:\\\/\\\/bien-etreiris.ch\\\/de\\\/produktpraesentation\\\/natuerliche-kosmetik\\\/gesicht-koerper\\\/gesichtspflege\\\/fuer-jeden-hauttyp\\\/\",\"name\":\"F\u00dcR JEDEN HAUTTYP - WOHLBEFINDEN\",\"isPartOf\":{\"@id\":\"https:\\\/\\\/bien-etreiris.ch\\\/de\\\/#website\"},\"primaryImageOfPage\":{\"@id\":\"https:\\\/\\\/bien-etreiris.ch\\\/de\\\/produktpraesentation\\\/natuerliche-kosmetik\\\/gesicht-koerper\\\/gesichtspflege\\\/fuer-jeden-hauttyp\\\/#primaryimage\"},\"image\":{\"@id\":\"https:\\\/\\\/bien-etreiris.ch\\\/de\\\/produktpraesentation\\\/natuerliche-kosmetik\\\/gesicht-koerper\\\/gesichtspflege\\\/fuer-jeden-hauttyp\\\/#primaryimage\"},\"thumbnailUrl\":\"https:\\\/\\\/bien-etreiris.ch\\\/wp-content\\\/uploads\\\/2021\\\/07\\\/Tout-types-de-peaux.jpg\",\"datePublished\":\"2021-07-12T15:02:25+00:00\",\"dateModified\":\"2022-09-24T01:32:45+00:00\",\"breadcrumb\":{\"@id\":\"https:\\\/\\\/bien-etreiris.ch\\\/de\\\/produktpraesentation\\\/natuerliche-kosmetik\\\/gesicht-koerper\\\/gesichtspflege\\\/fuer-jeden-hauttyp\\\/#breadcrumb\"},\"inLanguage\":\"de\",\"potentialAction\":[{\"@type\":\"ReadAction\",\"target\":[\"https:\\\/\\\/bien-etreiris.ch\\\/de\\\/produktpraesentation\\\/natuerliche-kosmetik\\\/gesicht-koerper\\\/gesichtspflege\\\/fuer-jeden-hauttyp\\\/\"]}]},{\"@type\":\"ImageObject\",\"inLanguage\":\"de\",\"@id\":\"https:\\\/\\\/bien-etreiris.ch\\\/de\\\/produktpraesentation\\\/natuerliche-kosmetik\\\/gesicht-koerper\\\/gesichtspflege\\\/fuer-jeden-hauttyp\\\/#primaryimage\",\"url\":\"https:\\\/\\\/bien-etreiris.ch\\\/wp-content\\\/uploads\\\/2021\\\/07\\\/Tout-types-de-peaux.jpg\",\"contentUrl\":\"https:\\\/\\\/bien-etreiris.ch\\\/wp-content\\\/uploads\\\/2021\\\/07\\\/Tout-types-de-peaux.jpg\",\"width\":500,\"height\":333},{\"@type\":\"BreadcrumbList\",\"@id\":\"https:\\\/\\\/bien-etreiris.ch\\\/de\\\/produktpraesentation\\\/natuerliche-kosmetik\\\/gesicht-koerper\\\/gesichtspflege\\\/fuer-jeden-hauttyp\\\/#breadcrumb\",\"itemListElement\":[{\"@type\":\"ListItem\",\"position\":1,\"name\":\"Home\",\"item\":\"https:\\\/\\\/bien-etreiris.ch\\\/de\\\/\"},{\"@type\":\"ListItem\",\"position\":2,\"name\":\"PRODUKTPR\u00c4SENTATION\",\"item\":\"https:\\\/\\\/bien-etreiris.ch\\\/de\\\/produktpraesentation\\\/\"},{\"@type\":\"ListItem\",\"position\":3,\"name\":\"NAT\u00dcRLICHE KOSMETIK\",\"item\":\"https:\\\/\\\/bien-etreiris.ch\\\/de\\\/produktpraesentation\\\/natuerliche-kosmetik\\\/\"},{\"@type\":\"ListItem\",\"position\":4,\"name\":\"GESICHT &#038; K\u00d6RPER\",\"item\":\"https:\\\/\\\/bien-etreiris.ch\\\/de\\\/produktpraesentation\\\/natuerliche-kosmetik\\\/gesicht-koerper\\\/\"},{\"@type\":\"ListItem\",\"position\":5,\"name\":\"GESICHTSPFLEGE\",\"item\":\"https:\\\/\\\/bien-etreiris.ch\\\/de\\\/produktpraesentation\\\/natuerliche-kosmetik\\\/gesicht-koerper\\\/gesichtspflege\\\/\"},{\"@type\":\"ListItem\",\"position\":6,\"name\":\"F\u00dcR JEDEN HAUTTYP\"}]},{\"@type\":\"WebSite\",\"@id\":\"https:\\\/\\\/bien-etreiris.ch\\\/de\\\/#website\",\"url\":\"https:\\\/\\\/bien-etreiris.ch\\\/de\\\/\",\"name\":\"Bien-\u00eatre Iris\",\"description\":\"IHRE Gesundheit ist uns wichtig\",\"potentialAction\":[{\"@type\":\"SearchAction\",\"target\":{\"@type\":\"EntryPoint\",\"urlTemplate\":\"https:\\\/\\\/bien-etreiris.ch\\\/de\\\/?s={search_term_string}\"},\"query-input\":{\"@type\":\"PropertyValueSpecification\",\"valueRequired\":true,\"valueName\":\"search_term_string\"}}],\"inLanguage\":\"de\"}]}<\/script>\n<!-- \/ Yoast SEO plugin. -->","yoast_head_json":{"title":"F\u00dcR JEDEN HAUTTYP - WOHLBEFINDEN","robots":{"index":"index","follow":"follow","max-snippet":"max-snippet:-1","max-image-preview":"max-image-preview:large","max-video-preview":"max-video-preview:-1"},"canonical":"https:\/\/bien-etreiris.ch\/de\/produktpraesentation\/natuerliche-kosmetik\/gesicht-koerper\/gesichtspflege\/fuer-jeden-hauttyp\/","og_locale":"de_DE","og_type":"article","og_title":"F\u00dcR JEDEN HAUTTYP - WOHLBEFINDEN","og_description":"F\u00fcr jeden Hauttyp &nbsp; Zistrose - F\u00fcr jede Haut &nbsp; Auf den trockenen B\u00f6den S\u00fcdspaniens w\u00e4chst die Zistrose, eine Heilpflanze, die schon seit Urzeiten gesch\u00e4tzt wird. Das \u00e4therische \u00d6l der Zistrose hat eine sch\u00fctzende Wirkung auf die Haut und gibt ihr ihre wertvolle Feuchtigkeit zur\u00fcck. Die Tonkabohne ist eine wahre Quelle des Wohlbefindens f\u00fcr Haut und Seele und sorgt mit&nbsp;Weiter lesen","og_url":"https:\/\/bien-etreiris.ch\/de\/produktpraesentation\/natuerliche-kosmetik\/gesicht-koerper\/gesichtspflege\/fuer-jeden-hauttyp\/","og_site_name":"WOHLBEFINDEN","article_publisher":"https:\/\/www.facebook.com\/bienetreiris\/","article_modified_time":"2022-09-24T01:32:45+00:00","og_image":[{"width":500,"height":333,"url":"https:\/\/bien-etreiris.ch\/wp-content\/uploads\/2021\/07\/Tout-types-de-peaux.jpg","type":"image\/jpeg"}],"twitter_misc":{"Gesch\u00e4tzte Lesezeit":"2\u00a0Minuten"},"schema":{"@context":"https:\/\/schema.org","@graph":[{"@type":"WebPage","@id":"https:\/\/bien-etreiris.ch\/de\/produktpraesentation\/natuerliche-kosmetik\/gesicht-koerper\/gesichtspflege\/fuer-jeden-hauttyp\/","url":"https:\/\/bien-etreiris.ch\/de\/produktpraesentation\/natuerliche-kosmetik\/gesicht-koerper\/gesichtspflege\/fuer-jeden-hauttyp\/","name":"F\u00dcR JEDEN HAUTTYP - WOHLBEFINDEN","isPartOf":{"@id":"https:\/\/bien-etreiris.ch\/de\/#website"},"primaryImageOfPage":{"@id":"https:\/\/bien-etreiris.ch\/de\/produktpraesentation\/natuerliche-kosmetik\/gesicht-koerper\/gesichtspflege\/fuer-jeden-hauttyp\/#primaryimage"},"image":{"@id":"https:\/\/bien-etreiris.ch\/de\/produktpraesentation\/natuerliche-kosmetik\/gesicht-koerper\/gesichtspflege\/fuer-jeden-hauttyp\/#primaryimage"},"thumbnailUrl":"https:\/\/bien-etreiris.ch\/wp-content\/uploads\/2021\/07\/Tout-types-de-peaux.jpg","datePublished":"2021-07-12T15:02:25+00:00","dateModified":"2022-09-24T01:32:45+00:00","breadcrumb":{"@id":"https:\/\/bien-etreiris.ch\/de\/produktpraesentation\/natuerliche-kosmetik\/gesicht-koerper\/gesichtspflege\/fuer-jeden-hauttyp\/#breadcrumb"},"inLanguage":"de","potentialAction":[{"@type":"ReadAction","target":["https:\/\/bien-etreiris.ch\/de\/produktpraesentation\/natuerliche-kosmetik\/gesicht-koerper\/gesichtspflege\/fuer-jeden-hauttyp\/"]}]},{"@type":"ImageObject","inLanguage":"de","@id":"https:\/\/bien-etreiris.ch\/de\/produktpraesentation\/natuerliche-kosmetik\/gesicht-koerper\/gesichtspflege\/fuer-jeden-hauttyp\/#primaryimage","url":"https:\/\/bien-etreiris.ch\/wp-content\/uploads\/2021\/07\/Tout-types-de-peaux.jpg","contentUrl":"https:\/\/bien-etreiris.ch\/wp-content\/uploads\/2021\/07\/Tout-types-de-peaux.jpg","width":500,"height":333},{"@type":"BreadcrumbList","@id":"https:\/\/bien-etreiris.ch\/de\/produktpraesentation\/natuerliche-kosmetik\/gesicht-koerper\/gesichtspflege\/fuer-jeden-hauttyp\/#breadcrumb","itemListElement":[{"@type":"ListItem","position":1,"name":"Home","item":"https:\/\/bien-etreiris.ch\/de\/"},{"@type":"ListItem","position":2,"name":"PRODUKTPR\u00c4SENTATION","item":"https:\/\/bien-etreiris.ch\/de\/produktpraesentation\/"},{"@type":"ListItem","position":3,"name":"NAT\u00dcRLICHE KOSMETIK","item":"https:\/\/bien-etreiris.ch\/de\/produktpraesentation\/natuerliche-kosmetik\/"},{"@type":"ListItem","position":4,"name":"GESICHT &#038; K\u00d6RPER","item":"https:\/\/bien-etreiris.ch\/de\/produktpraesentation\/natuerliche-kosmetik\/gesicht-koerper\/"},{"@type":"ListItem","position":5,"name":"GESICHTSPFLEGE","item":"https:\/\/bien-etreiris.ch\/de\/produktpraesentation\/natuerliche-kosmetik\/gesicht-koerper\/gesichtspflege\/"},{"@type":"ListItem","position":6,"name":"F\u00dcR JEDEN HAUTTYP"}]},{"@type":"WebSite","@id":"https:\/\/bien-etreiris.ch\/de\/#website","url":"https:\/\/bien-etreiris.ch\/de\/","name":"Bien-\u00eatre Iris","description":"IHRE Gesundheit ist uns wichtig","potentialAction":[{"@type":"SearchAction","target":{"@type":"EntryPoint","urlTemplate":"https:\/\/bien-etreiris.ch\/de\/?s={search_term_string}"},"query-input":{"@type":"PropertyValueSpecification","valueRequired":true,"valueName":"search_term_string"}}],"inLanguage":"de"}]}},"_links":{"self":[{"href":"https:\/\/bien-etreiris.ch\/de\/wp-json\/wp\/v2\/pages\/52146","targetHints":{"allow":["GET"]}}],"collection":[{"href":"https:\/\/bien-etreiris.ch\/de\/wp-json\/wp\/v2\/pages"}],"about":[{"href":"https:\/\/bien-etreiris.ch\/de\/wp-json\/wp\/v2\/types\/page"}],"author":[{"embeddable":true,"href":"https:\/\/bien-etreiris.ch\/de\/wp-json\/wp\/v2\/users\/1"}],"replies":[{"embeddable":true,"href":"https:\/\/bien-etreiris.ch\/de\/wp-json\/wp\/v2\/comments?post=52146"}],"version-history":[{"count":8,"href":"https:\/\/bien-etreiris.ch\/de\/wp-json\/wp\/v2\/pages\/52146\/revisions"}],"predecessor-version":[{"id":60283,"href":"https:\/\/bien-etreiris.ch\/de\/wp-json\/wp\/v2\/pages\/52146\/revisions\/60283"}],"up":[{"embeddable":true,"href":"https:\/\/bien-etreiris.ch\/de\/wp-json\/wp\/v2\/pages\/52087"}],"wp:featuredmedia":[{"embeddable":true,"href":"https:\/\/bien-etreiris.ch\/de\/wp-json\/wp\/v2\/media\/52143"}],"wp:attachment":[{"href":"https:\/\/bien-etreiris.ch\/de\/wp-json\/wp\/v2\/media?parent=52146"}],"curies":[{"name":"wp","href":"https:\/\/api.w.org\/{rel}","templated":true}]}}