{"id":51879,"date":"2021-07-11T23:28:22","date_gmt":"2021-07-11T21:28:22","guid":{"rendered":"https:\/\/bien-etreiris.ch\/?page_id=51879"},"modified":"2022-12-26T20:15:19","modified_gmt":"2022-12-26T18:15:19","slug":"himalaya-salzlampen","status":"publish","type":"page","link":"https:\/\/bien-etreiris.ch\/de\/produktpraesentation\/entspannen\/himalaya-salzlampen\/","title":{"rendered":"SALZLAMPEN"},"content":{"rendered":"\n<div class=\"page-title-wrapper\">\n<h2 id=\"page-title-heading\" class=\"page-title\" aria-labelledby=\"page-title-heading toolbar-amount\"><span class=\"base\" data-ui-id=\"page-title-wrapper\">Himalaya Salzlampen<\/span><\/h2>\n<\/div>\n<div class=\"category-description\">\n<h4><strong>Verbesserung der Luft<\/strong><\/h4>\n<p>Der Salzkristalllampe wird eine ionisierende Wirkung nachgesagt. Hierbei wird davon ausgegangen, dass die Lampe die Luft mit negativen Ionen anreichert und sie damit neutralisiert und f\u00fcr ein positives Raumklima sorgt. Insbesondere elektrische Ger\u00e4te werden durch die Salzsteinlampe ausgeglichen und k\u00f6nnen somit den menschlichen K\u00f6rper nicht mehr st\u00f6ren. Dies wirkt sich unter anderem positiv auf unseren Schlaf aus und kann Kopfschmerzen vorbeugen.<\/p>\n<\/div>\n<p>&nbsp;<\/p>\n<h4>NaturGut Kristallsalz Salz Teelicht naturell Teelichthalter aus einem Vorgebirge des Himalaya\/Punjab\/Pakistan<\/h4>\n<p><a href=\"https:\/\/bien-etreiris.ch\/wp-content\/uploads\/2022\/12\/Sel-bougie-chauffe-plat-naturel.jpg\"><img loading=\"lazy\" decoding=\"async\" class=\" wp-image-62907 alignleft\" src=\"https:\/\/bien-etreiris.ch\/wp-content\/uploads\/2022\/12\/Sel-bougie-chauffe-plat-naturel.jpg\" alt=\"\" width=\"416\" height=\"416\" srcset=\"https:\/\/bien-etreiris.ch\/wp-content\/uploads\/2022\/12\/Sel-bougie-chauffe-plat-naturel.jpg 560w, https:\/\/bien-etreiris.ch\/wp-content\/uploads\/2022\/12\/Sel-bougie-chauffe-plat-naturel-300x300.jpg 300w, https:\/\/bien-etreiris.ch\/wp-content\/uploads\/2022\/12\/Sel-bougie-chauffe-plat-naturel-150x150.jpg 150w\" sizes=\"auto, (max-width: 416px) 100vw, 416px\" \/><\/a><\/p>\n<p>&nbsp;<\/p>\n<p>&nbsp;<\/p>\n<p>&nbsp;<\/p>\n<p>&nbsp;<\/p>\n<p>&nbsp;<\/p>\n<p>&nbsp;<\/p>\n<p>&nbsp;<\/p>\n<p>Jeder Teelichthalter aus Kristallsalz ist formgerecht behauen und verf\u00fcgt \u00fcber eine tiefe Bohrung f\u00fcr das Teelicht.<br>Jedes Teil ist ein Unikat und handgefertigt.<\/p>\n<p>1 St\u00fcck <strong>CHF 6.50<\/strong><\/p>\n<p>&nbsp;<\/p>\n<hr>\n<h4><br>NaturGut Salzlampe 2-3 kg Salz Kristall Stein Salzleuchte Nachtlampe Salzkristalllampe<br>Kristallsalz-Lampe \"naturell\" mit Elektrik 2-3kg<\/h4>\n<p><a href=\"https:\/\/bien-etreiris.ch\/wp-content\/uploads\/2022\/12\/lampe-au-sel-cristallise-2-3-kg-1.jpg\"><img loading=\"lazy\" decoding=\"async\" class=\"wp-image-62921 size-full alignleft\" src=\"https:\/\/bien-etreiris.ch\/wp-content\/uploads\/2022\/12\/lampe-au-sel-cristallise-2-3-kg-1.jpg\" alt=\"\" width=\"479\" height=\"560\" srcset=\"https:\/\/bien-etreiris.ch\/wp-content\/uploads\/2022\/12\/lampe-au-sel-cristallise-2-3-kg-1.jpg 479w, https:\/\/bien-etreiris.ch\/wp-content\/uploads\/2022\/12\/lampe-au-sel-cristallise-2-3-kg-1-257x300.jpg 257w\" sizes=\"auto, (max-width: 479px) 100vw, 479px\" \/><\/a><\/p>\n<p>&nbsp;<\/p>\n<p>&nbsp;<\/p>\n<p>&nbsp;<\/p>\n<p>&nbsp;<\/p>\n<p>&nbsp;<\/p>\n<p>&nbsp;<\/p>\n<p>&nbsp;<\/p>\n<p>&nbsp;<\/p>\n<p>&nbsp;<\/p>\n<p>&nbsp;<\/p>\n<p><br>Kristallsalz-Lampe \"naturell\" - die nat\u00fcrliche Art der Beleuchtung<\/p>\n<p>Gewicht : ungef\u00e4hr 2-3 kg<br>H\u00f6he : ungef\u00e4hr. 15 cm<\/p>\n<p>1 <strong>St\u00fcck CHF 24.90<\/strong><\/p>\n<p>&nbsp;<\/p>\n<p>&nbsp;<\/p>\n<p>&nbsp;<\/p>\n<p>Die alten \u00c4gypter sch\u00e4tzten die positiv wirkende Leuchtkraft des Kristallsalzes. Der nat\u00fcrliche Farbton des Lichtes sorgt f\u00fcr eine angenehme und entspannte Atmosph\u00e4re. Kristallsalz-Lampen reichern die Raumluft mit Ionen an und verbessern auf diese Weise das allgemeine Raumklima. Seit den neunziger Jahren sind Salzleuchten in den hiesigen Wohnzimmern und Arbeitsr\u00e4umen, wo vor allem strahlende Ger\u00e4te zum Einsatz kommen, sehr beliebt.<\/p>\n<p>Mit der NaturGut Kristallsalz-Lampe holen Sie sich all diese positiven Eigenschaften nach Hause und sorgen f\u00fcr einen nat\u00fcrlichen Blickfang in Ihren R\u00e4umlichkeiten.<\/p>\n<p>Die spitzf\u00f6rmige Kristallsalz-Lampe ist ein reines Naturprodukt. Ihre entsprechende Form erh\u00e4lt sie durch das Zurecht schlagen von Hand. Dies f\u00fchrt zu einer einzigartigen Formauspr\u00e4gung. Sie erhalten die Salzlampe fertig auf einem Holzfu\u00df montiert, mitsamt der ben\u00f6tigten Elektrik und einem Leuchtmittel.<\/p>\n<p>Bitte beachten Sie, dass die Einteilung der Kristallsalz-Lampen in Gewichtsklassen von 2-3 Kilogramm erfolgt. Daher kommen Abweichungen in der Form, Farbe oder Gr\u00f6sse des einzelnen Produktes vor.<\/p>\n<p>&nbsp;<\/p>\n<p>&nbsp;<\/p>\n<p>&nbsp;<\/p>\n<hr>\n<h4 class=\"page-title\"><span class=\"base\" data-ui-id=\"page-title-wrapper\">NaturGut Kristallsalz-Lampe \"Naturell\" mit Elektrik 3-6 kg<\/span><\/h4>\n<p><a href=\"https:\/\/bien-etreiris.ch\/wp-content\/uploads\/2022\/12\/lampe-au-sel-cristallise-2-3-kg-1.jpg\"><img loading=\"lazy\" decoding=\"async\" class=\"size-full wp-image-62921 alignleft\" src=\"https:\/\/bien-etreiris.ch\/wp-content\/uploads\/2022\/12\/lampe-au-sel-cristallise-2-3-kg-1.jpg\" alt=\"\" width=\"479\" height=\"560\" srcset=\"https:\/\/bien-etreiris.ch\/wp-content\/uploads\/2022\/12\/lampe-au-sel-cristallise-2-3-kg-1.jpg 479w, https:\/\/bien-etreiris.ch\/wp-content\/uploads\/2022\/12\/lampe-au-sel-cristallise-2-3-kg-1-257x300.jpg 257w\" sizes=\"auto, (max-width: 479px) 100vw, 479px\" \/><\/a><\/p>\n<p>&nbsp;<\/p>\n<p>&nbsp;<\/p>\n<p>&nbsp;<\/p>\n<p>&nbsp;<\/p>\n<p>&nbsp;<\/p>\n<p>&nbsp;<\/p>\n<p>&nbsp;<\/p>\n<p>&nbsp;<\/p>\n<p>&nbsp;<\/p>\n<p>Kristallsalz-Lampe \"naturell\" - die nat\u00fcrliche Art der Beleuchtung<\/p>\n<p>Gewicht : ungef\u00e4hr 3-6 kg<br>H\u00f6he : ungef\u00e4hr. 18 cm<\/p>\n<p>1 <strong>St\u00fcck CHF 29.90<\/strong><\/p>\n<p>&nbsp;<\/p>\n<p>&nbsp;<\/p>\n<p>Die alten \u00c4gypter sch\u00e4tzten die positiv wirkende Leuchtkraft des Kristallsalzes. Der nat\u00fcrliche Farbton des Lichtes sorgt f\u00fcr eine angenehme und entspannte Atmosph\u00e4re. Kristallsalz-Lampen reichern die Raumluft mit Ionen an und verbessern auf diese Weise das allgemeine Raumklima. Seit den neunziger Jahren sind Salzleuchten in den hiesigen Wohnzimmern und Arbeitsr\u00e4umen, wo vor allem strahlende Ger\u00e4te zum Einsatz kommen, sehr beliebt.<\/p>\n<p>Mit der NaturGut Kristallsalz-Lampe holen Sie sich all diese positiven Eigenschaften nach Hause und sorgen f\u00fcr einen nat\u00fcrlichen Blickfang in Ihren R\u00e4umlichkeiten.<\/p>\n<p>Die spitzf\u00f6rmige Kristallsalz-Lampe ist ein reines Naturprodukt. Ihre entsprechende Form erh\u00e4lt sie durch das Zurecht schlagen von Hand. Dies f\u00fchrt zu einer einzigartigen Formauspr\u00e4gung. Sie erhalten die Salzlampe fertig auf einem Holzfu\u00df montiert, mitsamt der ben\u00f6tigten Elektrik und einem Leuchtmittel.<\/p>\n<p>Bitte beachten Sie, dass die Einteilung der Kristallsalz-Lampen in Gewichtsklassen von 3-6 Kilogramm erfolgt. Daher kommen Abweichungen in der Form, Farbe oder Gr\u00f6sse des einzelnen Produktes<\/p>\n<p>&nbsp;<\/p>\n<hr>\n<h4><strong>Aromatische-Salzkristall-Lampe<\/strong><\/h4>\n<p><a href=\"https:\/\/bien-etreiris.ch\/wp-content\/uploads\/2022\/12\/Lampe-aromatique-en-cristal-de-sel.jpg\"><img loading=\"lazy\" decoding=\"async\" class=\"wp-image-62932 alignleft\" src=\"https:\/\/bien-etreiris.ch\/wp-content\/uploads\/2022\/12\/Lampe-aromatique-en-cristal-de-sel.jpg\" alt=\"\" width=\"457\" height=\"457\" srcset=\"https:\/\/bien-etreiris.ch\/wp-content\/uploads\/2022\/12\/Lampe-aromatique-en-cristal-de-sel.jpg 768w, https:\/\/bien-etreiris.ch\/wp-content\/uploads\/2022\/12\/Lampe-aromatique-en-cristal-de-sel-300x300.jpg 300w, https:\/\/bien-etreiris.ch\/wp-content\/uploads\/2022\/12\/Lampe-aromatique-en-cristal-de-sel-150x150.jpg 150w\" sizes=\"auto, (max-width: 457px) 100vw, 457px\" \/><\/a><\/p>\n<p>&nbsp;<\/p>\n<p>&nbsp;<\/p>\n<p>&nbsp;<\/p>\n<p>&nbsp;<\/p>\n<p>&nbsp;<\/p>\n<p>&nbsp;<\/p>\n<p>&nbsp;<\/p>\n<p>&nbsp;<\/p>\n<p>Kann als Aromalampe f\u00fcr die Raumbeduftung mit \u00e4therischen \u00d6len verwendet werden. 15 W - CE-gepr\u00fcft,<\/p>\n<p>ca. 1600 gr. &nbsp; &nbsp;<\/p>\n<p>1 St\u00fcck <strong>CHF 29.00<\/strong>&nbsp;<\/p>\n<p>&nbsp;<\/p>\n<p>&nbsp;<\/p>\n<p>&nbsp;<\/p>\n<p>&nbsp;<\/p>\n<p>&nbsp;<\/p>\n<p>Salzlampen sind ein wunderbares Hilfsmittel zur Steigerung des Wohlbefindens. Sie strahlen ein angenehmes, weiches Licht aus, dessen Orangeton beruhigend wirkt. In der Chromotherapie ist die Farbe Orange daf\u00fcr bekannt, die Wiederverbindung zwischen K\u00f6rper und Geist zu f\u00f6rdern, aber auch ein Verb\u00fcndeter gegen M\u00fcdigkeit zu sein. Aus diesem Grund k\u00f6nnen sie bei einer Meditationssitzung sehr hilfreich sein. Man findet sie \u00fcbrigens h\u00e4ufig in Sophrologiepraxen oder an Orten, an denen Yoga praktiziert wird. Auch wenn ihr Nutzen f\u00fcr die Gesundheit nicht wissenschaftlich erwiesen ist, sind sie dennoch ein unbestreitbarer Vorteil, der f\u00fcr ein entspanntes Lebensumfeld sorgt.<\/p>\n<p>&nbsp;<\/p>\n<p>&nbsp;<\/p>\n","protected":false},"excerpt":{"rendered":"<p>Himalaya Salzlampen Verbesserung der Luft Der Salzkristalllampe wird eine ionisierende Wirkung nachgesagt. Hierbei wird davon ausgegangen, dass die Lampe die Luft mit negativen Ionen anreichert und sie damit neutralisiert und f\u00fcr ein positives Raumklima sorgt. Insbesondere elektrische Ger\u00e4te werden durch die Salzsteinlampe ausgeglichen und k\u00f6nnen somit den menschlichen K\u00f6rper nicht mehr st\u00f6ren. Dies wirkt sich unter anderem positiv auf unseren&nbsp;<a href=\"https:\/\/bien-etreiris.ch\/de\/produktpraesentation\/entspannen\/himalaya-salzlampen\/\" class=\"read-more\">Weiter lesen<\/a><\/p>\n","protected":false},"author":1,"featured_media":51877,"parent":16315,"menu_order":5164,"comment_status":"closed","ping_status":"closed","template":"page-with-child.php","meta":{"_acf_changed":false,"ngg_post_thumbnail":0,"footnotes":""},"class_list":["post-51879","page","type-page","status-publish","has-post-thumbnail","hentry"],"acf":[],"yoast_head":"<!-- This site is optimized with the Yoast SEO plugin v27.6 - https:\/\/yoast.com\/product\/yoast-seo-wordpress\/ -->\n<title>SALZLAMPEN - WOHLBEFINDEN<\/title>\n<meta name=\"robots\" content=\"index, follow, max-snippet:-1, max-image-preview:large, max-video-preview:-1\" \/>\n<link rel=\"canonical\" href=\"https:\/\/bien-etreiris.ch\/de\/produktpraesentation\/entspannen\/himalaya-salzlampen\/\" \/>\n<meta property=\"og:locale\" content=\"de_DE\" \/>\n<meta property=\"og:type\" content=\"article\" \/>\n<meta property=\"og:title\" content=\"SALZLAMPEN - WOHLBEFINDEN\" \/>\n<meta property=\"og:description\" content=\"Himalaya Salzlampen Verbesserung der Luft Der Salzkristalllampe wird eine ionisierende Wirkung nachgesagt. Hierbei wird davon ausgegangen, dass die Lampe die Luft mit negativen Ionen anreichert und sie damit neutralisiert und f\u00fcr ein positives Raumklima sorgt. Insbesondere elektrische Ger\u00e4te werden durch die Salzsteinlampe ausgeglichen und k\u00f6nnen somit den menschlichen K\u00f6rper nicht mehr st\u00f6ren. Dies wirkt sich unter anderem positiv auf unseren&nbsp;Weiter lesen\" \/>\n<meta property=\"og:url\" content=\"https:\/\/bien-etreiris.ch\/de\/produktpraesentation\/entspannen\/himalaya-salzlampen\/\" \/>\n<meta property=\"og:site_name\" content=\"WOHLBEFINDEN\" \/>\n<meta property=\"article:publisher\" content=\"https:\/\/www.facebook.com\/bienetreiris\/\" \/>\n<meta property=\"article:modified_time\" content=\"2022-12-26T18:15:19+00:00\" \/>\n<meta property=\"og:image\" content=\"https:\/\/bien-etreiris.ch\/wp-content\/uploads\/2021\/07\/acceuil-lampes-a-sel.jpg\" \/>\n\t<meta property=\"og:image:width\" content=\"500\" \/>\n\t<meta property=\"og:image:height\" content=\"333\" \/>\n\t<meta property=\"og:image:type\" content=\"image\/jpeg\" \/>\n<meta name=\"twitter:label1\" content=\"Gesch\u00e4tzte Lesezeit\" \/>\n\t<meta name=\"twitter:data1\" content=\"5\u00a0Minuten\" \/>\n<script type=\"application\/ld+json\" class=\"yoast-schema-graph\">{\"@context\":\"https:\\\/\\\/schema.org\",\"@graph\":[{\"@type\":\"WebPage\",\"@id\":\"https:\\\/\\\/bien-etreiris.ch\\\/de\\\/produktpraesentation\\\/entspannen\\\/himalaya-salzlampen\\\/\",\"url\":\"https:\\\/\\\/bien-etreiris.ch\\\/de\\\/produktpraesentation\\\/entspannen\\\/himalaya-salzlampen\\\/\",\"name\":\"SALZLAMPEN - WOHLBEFINDEN\",\"isPartOf\":{\"@id\":\"https:\\\/\\\/bien-etreiris.ch\\\/de\\\/#website\"},\"primaryImageOfPage\":{\"@id\":\"https:\\\/\\\/bien-etreiris.ch\\\/de\\\/produktpraesentation\\\/entspannen\\\/himalaya-salzlampen\\\/#primaryimage\"},\"image\":{\"@id\":\"https:\\\/\\\/bien-etreiris.ch\\\/de\\\/produktpraesentation\\\/entspannen\\\/himalaya-salzlampen\\\/#primaryimage\"},\"thumbnailUrl\":\"https:\\\/\\\/bien-etreiris.ch\\\/wp-content\\\/uploads\\\/2021\\\/07\\\/acceuil-lampes-a-sel.jpg\",\"datePublished\":\"2021-07-11T21:28:22+00:00\",\"dateModified\":\"2022-12-26T18:15:19+00:00\",\"breadcrumb\":{\"@id\":\"https:\\\/\\\/bien-etreiris.ch\\\/de\\\/produktpraesentation\\\/entspannen\\\/himalaya-salzlampen\\\/#breadcrumb\"},\"inLanguage\":\"de\",\"potentialAction\":[{\"@type\":\"ReadAction\",\"target\":[\"https:\\\/\\\/bien-etreiris.ch\\\/de\\\/produktpraesentation\\\/entspannen\\\/himalaya-salzlampen\\\/\"]}]},{\"@type\":\"ImageObject\",\"inLanguage\":\"de\",\"@id\":\"https:\\\/\\\/bien-etreiris.ch\\\/de\\\/produktpraesentation\\\/entspannen\\\/himalaya-salzlampen\\\/#primaryimage\",\"url\":\"https:\\\/\\\/bien-etreiris.ch\\\/wp-content\\\/uploads\\\/2021\\\/07\\\/acceuil-lampes-a-sel.jpg\",\"contentUrl\":\"https:\\\/\\\/bien-etreiris.ch\\\/wp-content\\\/uploads\\\/2021\\\/07\\\/acceuil-lampes-a-sel.jpg\",\"width\":500,\"height\":333},{\"@type\":\"BreadcrumbList\",\"@id\":\"https:\\\/\\\/bien-etreiris.ch\\\/de\\\/produktpraesentation\\\/entspannen\\\/himalaya-salzlampen\\\/#breadcrumb\",\"itemListElement\":[{\"@type\":\"ListItem\",\"position\":1,\"name\":\"Home\",\"item\":\"https:\\\/\\\/bien-etreiris.ch\\\/de\\\/\"},{\"@type\":\"ListItem\",\"position\":2,\"name\":\"PRODUKTPR\u00c4SENTATION\",\"item\":\"https:\\\/\\\/bien-etreiris.ch\\\/de\\\/produktpraesentation\\\/\"},{\"@type\":\"ListItem\",\"position\":3,\"name\":\"ENTSPANNEND\",\"item\":\"https:\\\/\\\/bien-etreiris.ch\\\/de\\\/produktpraesentation\\\/entspannen\\\/\"},{\"@type\":\"ListItem\",\"position\":4,\"name\":\"SALZLAMPEN\"}]},{\"@type\":\"WebSite\",\"@id\":\"https:\\\/\\\/bien-etreiris.ch\\\/de\\\/#website\",\"url\":\"https:\\\/\\\/bien-etreiris.ch\\\/de\\\/\",\"name\":\"Bien-\u00eatre Iris\",\"description\":\"IHRE Gesundheit ist uns wichtig\",\"potentialAction\":[{\"@type\":\"SearchAction\",\"target\":{\"@type\":\"EntryPoint\",\"urlTemplate\":\"https:\\\/\\\/bien-etreiris.ch\\\/de\\\/?s={search_term_string}\"},\"query-input\":{\"@type\":\"PropertyValueSpecification\",\"valueRequired\":true,\"valueName\":\"search_term_string\"}}],\"inLanguage\":\"de\"}]}<\/script>\n<!-- \/ Yoast SEO plugin. -->","yoast_head_json":{"title":"SALZLAMPEN - WOHLBEFINDEN","robots":{"index":"index","follow":"follow","max-snippet":"max-snippet:-1","max-image-preview":"max-image-preview:large","max-video-preview":"max-video-preview:-1"},"canonical":"https:\/\/bien-etreiris.ch\/de\/produktpraesentation\/entspannen\/himalaya-salzlampen\/","og_locale":"de_DE","og_type":"article","og_title":"SALZLAMPEN - WOHLBEFINDEN","og_description":"Himalaya Salzlampen Verbesserung der Luft Der Salzkristalllampe wird eine ionisierende Wirkung nachgesagt. Hierbei wird davon ausgegangen, dass die Lampe die Luft mit negativen Ionen anreichert und sie damit neutralisiert und f\u00fcr ein positives Raumklima sorgt. Insbesondere elektrische Ger\u00e4te werden durch die Salzsteinlampe ausgeglichen und k\u00f6nnen somit den menschlichen K\u00f6rper nicht mehr st\u00f6ren. Dies wirkt sich unter anderem positiv auf unseren&nbsp;Weiter lesen","og_url":"https:\/\/bien-etreiris.ch\/de\/produktpraesentation\/entspannen\/himalaya-salzlampen\/","og_site_name":"WOHLBEFINDEN","article_publisher":"https:\/\/www.facebook.com\/bienetreiris\/","article_modified_time":"2022-12-26T18:15:19+00:00","og_image":[{"width":500,"height":333,"url":"https:\/\/bien-etreiris.ch\/wp-content\/uploads\/2021\/07\/acceuil-lampes-a-sel.jpg","type":"image\/jpeg"}],"twitter_misc":{"Gesch\u00e4tzte Lesezeit":"5\u00a0Minuten"},"schema":{"@context":"https:\/\/schema.org","@graph":[{"@type":"WebPage","@id":"https:\/\/bien-etreiris.ch\/de\/produktpraesentation\/entspannen\/himalaya-salzlampen\/","url":"https:\/\/bien-etreiris.ch\/de\/produktpraesentation\/entspannen\/himalaya-salzlampen\/","name":"SALZLAMPEN - WOHLBEFINDEN","isPartOf":{"@id":"https:\/\/bien-etreiris.ch\/de\/#website"},"primaryImageOfPage":{"@id":"https:\/\/bien-etreiris.ch\/de\/produktpraesentation\/entspannen\/himalaya-salzlampen\/#primaryimage"},"image":{"@id":"https:\/\/bien-etreiris.ch\/de\/produktpraesentation\/entspannen\/himalaya-salzlampen\/#primaryimage"},"thumbnailUrl":"https:\/\/bien-etreiris.ch\/wp-content\/uploads\/2021\/07\/acceuil-lampes-a-sel.jpg","datePublished":"2021-07-11T21:28:22+00:00","dateModified":"2022-12-26T18:15:19+00:00","breadcrumb":{"@id":"https:\/\/bien-etreiris.ch\/de\/produktpraesentation\/entspannen\/himalaya-salzlampen\/#breadcrumb"},"inLanguage":"de","potentialAction":[{"@type":"ReadAction","target":["https:\/\/bien-etreiris.ch\/de\/produktpraesentation\/entspannen\/himalaya-salzlampen\/"]}]},{"@type":"ImageObject","inLanguage":"de","@id":"https:\/\/bien-etreiris.ch\/de\/produktpraesentation\/entspannen\/himalaya-salzlampen\/#primaryimage","url":"https:\/\/bien-etreiris.ch\/wp-content\/uploads\/2021\/07\/acceuil-lampes-a-sel.jpg","contentUrl":"https:\/\/bien-etreiris.ch\/wp-content\/uploads\/2021\/07\/acceuil-lampes-a-sel.jpg","width":500,"height":333},{"@type":"BreadcrumbList","@id":"https:\/\/bien-etreiris.ch\/de\/produktpraesentation\/entspannen\/himalaya-salzlampen\/#breadcrumb","itemListElement":[{"@type":"ListItem","position":1,"name":"Home","item":"https:\/\/bien-etreiris.ch\/de\/"},{"@type":"ListItem","position":2,"name":"PRODUKTPR\u00c4SENTATION","item":"https:\/\/bien-etreiris.ch\/de\/produktpraesentation\/"},{"@type":"ListItem","position":3,"name":"ENTSPANNEND","item":"https:\/\/bien-etreiris.ch\/de\/produktpraesentation\/entspannen\/"},{"@type":"ListItem","position":4,"name":"SALZLAMPEN"}]},{"@type":"WebSite","@id":"https:\/\/bien-etreiris.ch\/de\/#website","url":"https:\/\/bien-etreiris.ch\/de\/","name":"Bien-\u00eatre Iris","description":"IHRE Gesundheit ist uns wichtig","potentialAction":[{"@type":"SearchAction","target":{"@type":"EntryPoint","urlTemplate":"https:\/\/bien-etreiris.ch\/de\/?s={search_term_string}"},"query-input":{"@type":"PropertyValueSpecification","valueRequired":true,"valueName":"search_term_string"}}],"inLanguage":"de"}]}},"_links":{"self":[{"href":"https:\/\/bien-etreiris.ch\/de\/wp-json\/wp\/v2\/pages\/51879","targetHints":{"allow":["GET"]}}],"collection":[{"href":"https:\/\/bien-etreiris.ch\/de\/wp-json\/wp\/v2\/pages"}],"about":[{"href":"https:\/\/bien-etreiris.ch\/de\/wp-json\/wp\/v2\/types\/page"}],"author":[{"embeddable":true,"href":"https:\/\/bien-etreiris.ch\/de\/wp-json\/wp\/v2\/users\/1"}],"replies":[{"embeddable":true,"href":"https:\/\/bien-etreiris.ch\/de\/wp-json\/wp\/v2\/comments?post=51879"}],"version-history":[{"count":4,"href":"https:\/\/bien-etreiris.ch\/de\/wp-json\/wp\/v2\/pages\/51879\/revisions"}],"predecessor-version":[{"id":62945,"href":"https:\/\/bien-etreiris.ch\/de\/wp-json\/wp\/v2\/pages\/51879\/revisions\/62945"}],"up":[{"embeddable":true,"href":"https:\/\/bien-etreiris.ch\/de\/wp-json\/wp\/v2\/pages\/16315"}],"wp:featuredmedia":[{"embeddable":true,"href":"https:\/\/bien-etreiris.ch\/de\/wp-json\/wp\/v2\/media\/51877"}],"wp:attachment":[{"href":"https:\/\/bien-etreiris.ch\/de\/wp-json\/wp\/v2\/media?parent=51879"}],"curies":[{"name":"wp","href":"https:\/\/api.w.org\/{rel}","templated":true}]}}