{"id":51761,"date":"2021-07-10T11:30:57","date_gmt":"2021-07-10T09:30:57","guid":{"rendered":"https:\/\/bien-etreiris.ch\/?page_id=51761"},"modified":"2026-03-12T02:00:10","modified_gmt":"2026-03-12T00:00:10","slug":"gels-aloe-vera","status":"publish","type":"page","link":"https:\/\/bien-etreiris.ch\/de\/produktpraesentation\/natuerliche-kosmetik\/gesicht-koerper\/balsame-und-gels\/gels-aloe-vera\/","title":{"rendered":"GELS &#8211; ALOE VERA"},"content":{"rendered":"\n<h2>Aloe Vera Gels<\/h2>\n<p>&nbsp;<\/p>\n<p><a href=\"https:\/\/bien-etreiris.ch\/wp-content\/uploads\/2021\/07\/Gelly-aloe-vera.jpg\"><img loading=\"lazy\" decoding=\"async\" class=\"wp-image-51781 alignleft\" src=\"https:\/\/bien-etreiris.ch\/wp-content\/uploads\/2021\/07\/Gelly-aloe-vera-111x300.jpg\" alt=\"\" width=\"166\" height=\"450\" srcset=\"https:\/\/bien-etreiris.ch\/wp-content\/uploads\/2021\/07\/Gelly-aloe-vera-111x300.jpg 111w, https:\/\/bien-etreiris.ch\/wp-content\/uploads\/2021\/07\/Gelly-aloe-vera-378x1024.jpg 378w, https:\/\/bien-etreiris.ch\/wp-content\/uploads\/2021\/07\/Gelly-aloe-vera-768x2081.jpg 768w, https:\/\/bien-etreiris.ch\/wp-content\/uploads\/2021\/07\/Gelly-aloe-vera-567x1536.jpg 567w, https:\/\/bien-etreiris.ch\/wp-content\/uploads\/2021\/07\/Gelly-aloe-vera-756x2048.jpg 756w, https:\/\/bien-etreiris.ch\/wp-content\/uploads\/2021\/07\/Gelly-aloe-vera.jpg 800w\" sizes=\"auto, (max-width: 166px) 100vw, 166px\" \/><\/a><\/p>\n<p>&nbsp;<\/p>\n<p>&nbsp;<\/p>\n<p>&nbsp;<\/p>\n<h4><a href=\"https:\/\/bien-etreiris.ch\/de\/unsere-marken\/naturkraftwerke\/\" target=\"_blank\" rel=\"noopener\"><span style=\"color: #0000ff;\">NATURKRAFTWERK<\/span><\/a><\/h4>\n<p>&nbsp;<\/p>\n<h4>Gel aus Aloe Vera BIO<\/h4>\n<p>Das Gel mit Aloe Vera barbadensis Miller ist ein hervorragendes Hautpflegeprodukt. Das wasserklare Gel wird vollst\u00e4ndig absorbiert.<\/p>\n<p>in der Tube 120 ml <strong>CHF 16.00<\/strong><\/p>\n<p>&nbsp;<\/p>\n<p>&nbsp;<\/p>\n<p><br>Produktinformationen zu \"Aloe Vera Gel 120 ml\".<\/p>\n<p>99% Aloe Vera aus der Pressung des ganzen Blattes und aus biologischem Anbau (Texas Organic Standards &amp; Cert. Reg., 4TAC, CH18). Aloe Vera hat einen neutralen Geruch, keine k\u00fcnstlichen Farben und keine tierischen Bindemittel. Es wurden keine Tierversuche durchgef\u00fchrt.<\/p>\n<p>INZ: ALOE BARBADENSIS-BLATTSAFT (ORGANISCH, GEL), CARBOMER, ALOE BARBADENSIS-SAFT (ORGANISCH, GEL) KONZENTRIERT, ALOE BARBADENSIS-BLATTPOLYSACCHARIDE (ORGANISCH), TOCOPHERYLACETAT, RETINYLPALMITAT, ASCORBINS\u00c4URE, CAPRYLYLGLYCOL, PHENOXYETHANOL, SORBINS\u00c4URE.<\/p>\n<p>eine tube zu 120 ml <strong>CHF 16.00<\/strong><\/p>\n<p>&nbsp;<\/p>\n<p>&nbsp;<\/p>\n<p>&nbsp;<\/p>\n<h4>Produktinformationen zu \u201eAloe Vera Gel 120 ml\u201d.<\/h4>\n<p>99 % Aloe Vera aus der Pressung des gesamten Blattes und aus biologischem Anbau (Texas Organic Standards &amp; Cert. Reg., 4TAC, CH18). Aloe Vera hat einen neutralen Geruch, enth\u00e4lt keine k\u00fcnstlichen Farbstoffe und keine tierischen Bindemittel. Keine Tierversuche.<\/p>\n<p>&nbsp;<\/p>\n<p>INCI : JUS DE FEUILLE D'ALOE BARBADENSIS (ORGANIQUE, GEL), CARBOMER, JUS D'ALOE BARBADENSIS (ORGANIQUE, GEL) CONCENTR\u00c9, POLYSACCHARIDES DE FEUILLE D'ALOE BARBADENSIS (ORGANIQUE), AC\u00c9TATE DE TOCOPH\u00c9RYLE, PALMITATE DE R\u00c9TINYLE, ACIDE ASCORBIQUE, CAPRYLYL GLYCOL, PH\u00c9NOXY\u00c9THANOL, ACIDE SORBIQUE.<\/p>\n<p>&nbsp;<\/p>\n<p>&nbsp;<\/p>\n<p>&nbsp;<\/p>\n<hr>\n<p>&nbsp;<\/p>\n\n\n\n<p>-<img loading=\"lazy\" decoding=\"async\" class=\"wp-image-97918 alignleft\" src=\"https:\/\/bien-etreiris.ch\/wp-content\/uploads\/2026\/03\/Aloe-10.png\" alt=\"\" width=\"209\" height=\"685\"><\/p>\n<p>&nbsp;<\/p>\n<h4><a href=\"https:\/\/bien-etreiris.ch\/de\/unsere-marken\/naturkraftwerke\/\" target=\"_blank\" rel=\"noopener\"><span style=\"color: #000080;\">Naturkraftwerke<\/span><\/a><\/h4>\n<div class=\"product--shortdescription-custom\">\n<p>&nbsp;<\/p>\n<p>Der Naturkraftwerke Aloe 10+ Spray ist ein <strong>Body Spray mit Aloe Vera und 10 Kr\u00e4utern<\/strong>. Beruhigend, feuchtigkeitsspendend und leicht k\u00fchlend passt das Aloe Vera Fluid perfekt in die Badi-, Sport- oder Reisetasche.<\/p>\n<p>&nbsp;<\/p>\n<ul>\n<li>100 % <strong>Bio-Kosmetik<\/strong><\/li>\n<li>handgemacht nach Naturkraftwerke-Rezeptur von einem kleinen traditionellen Naturkosmetik-Familienunternehmen mit Sitz im Kanton Z\u00fcrich<\/li>\n<li>in der Braunglasflasche<strong> mit praktischem Spr\u00fchkopf<\/strong><\/li>\n<li>perfekt <strong>f\u00fcr die t\u00e4gliche (sommerliche) Pflege<\/strong> und auch f\u00fcr unterwegs<\/li>\n<li>mit Lavendel, Schachtelhalm, Malve, Stiefm\u00fctterchen, Pfefferminze, Schafgarbe, Rosmarin, Weidenrinde, Eucalyptus, Melisse<\/li>\n<\/ul>\n<br>\n<p>100 ml <strong>CHF 20.00<\/strong><\/p>\n<p>&nbsp;<\/p>\n<\/div>\n<p>&nbsp;<\/p>\n<p>&nbsp;<\/p>\n<p>&nbsp;<\/p>\n<h2 class=\"product-detail-description-title\">Produktinformationen \"Aloe 10+ Spray 100 ml BIO\/kbA\"<\/h2>\n<div class=\"product-detail-description-text\">\n<h2>Bio Aloe Vera Fluid + 10 Kr\u00e4uter<\/h2>\n<p>Unseren Aloe 10+ Spray in Bio-Qualit\u00e4t haben wir vor vielen Jahren <strong>auf Basis von biologischem Aloe Vera Saft und den Essenzen von 10 ausgesuchten Botanicals<\/strong> (Lavendel, Schachtelhalm, Malve, Stiefm\u00fctterchen, Pfefferminze, Schafgarbe, Rosmarin, Weiden\u00acrinde, Eukalyptus, Melisse) entwickelt. Hergestellt f\u00fcr uns wird der erfrischende Hautspray von einem kleinen traditionellen Naturkosmetik-Familienunternehmen mit Sitz im Kanton Z\u00fcrich.<\/p>\n<p>Wir bieten das Fluid in der Glas-Flasche mit praktischem Spr\u00fchkopf an. Es lohnt sich diesen Spray im Sommer immer dabei zu haben, um der beanspruchten Haut <strong>wann immer n\u00f6tig einen Frische- und Feuchtigkeitskick zu schenken<\/strong>. Nat\u00fcrlich auch ausserhalb des Sommers eine besondere Pflege f\u00fcr deine Haut!<\/p>\n<p>Der Aloe 10+ Spray ist <strong>kr\u00e4uterig und blumig im Geruch<\/strong> und kann immer und \u00fcberall angewendet werden. <strong>Die Sprayflasche ist klein und handlich (auch f\u00fcr unterwegs) und praktisch und sauber in der Anwendung.<\/strong><br>Das Fluid mit reinem Bio Aloe Vera Blattsaft und Botanicals spendet Feuchtigkeit und Frische. Es zieht schnell und komplett in die Haut ein, es sch\u00fctzt und erfrischt tief und nachhaltig.<br>Mit Aloe Vera, Lavendel, Schachtelhalm, Malve, Stiefm\u00fctterchen, Pfefferminze, Schafgarbe, Rosmarin, Weidenrinde, Eucalyptus, Melisse.<\/p>\n<p>Ideal f\u00fcr Haut und Haar. Erfrischt und pflegt beanspruchte Haut <strong>zum Beispiel nach dem Sonnenbad oder nach der Rasur<\/strong>. K\u00fchlend und wohltuend <strong>auch bei Insektenstichen.<\/strong><\/p>\n<p>Hergestellt in der Schweiz.<\/p>\n<p>INCI: ALOE BARBADENSIS LEAF EXTRACT*, AQUA, ALCOHOL*, LAVANDULA ANGUSTIFOLIA FLOWER EXTRACT*, EUCALYPTUS GLOBULUS LEAF EXTRACT*, MALVA SYLVESTRIS LEAF EXTRACT*, MENTHA PIPERITA LEAF EXTRACT*, ROSMARINUS OFFICINALIS LEAF EXTRACT*, EQUISETUM ARVENSE EXTRACT*, VIOLA TRICOLOR EXTRACT*, SALIX ALBA BARK EXTRACT*, MELISSA OFFICINALIS LEAF EXTRACT*, ACHILLEA MILLEFOLIUM EXTRACT*, NATURAL FRAGRANCE COMPOSITION*, POTASSIUM SORBATE, CITRIC ACID, LIMONENE**, LINALOOL**<\/p>\n<\/div>\n","protected":false},"excerpt":{"rendered":"<p>Aloe Vera Gels &nbsp; &nbsp; &nbsp; &nbsp; NATURKRAFTWERK &nbsp; Gel aus Aloe Vera BIO Das Gel mit Aloe Vera barbadensis Miller ist ein hervorragendes Hautpflegeprodukt. Das wasserklare Gel wird vollst\u00e4ndig absorbiert. in der Tube 120 ml CHF 16.00 &nbsp; &nbsp; Produktinformationen zu \"Aloe Vera Gel 120 ml\". 99% Aloe Vera aus der Pressung des ganzen Blattes und aus biologischem Anbau&nbsp;<a href=\"https:\/\/bien-etreiris.ch\/de\/produktpraesentation\/natuerliche-kosmetik\/gesicht-koerper\/balsame-und-gels\/gels-aloe-vera\/\" class=\"read-more\">Weiter lesen<\/a><\/p>\n","protected":false},"author":1,"featured_media":51759,"parent":44092,"menu_order":5176,"comment_status":"closed","ping_status":"closed","template":"page-with-child.php","meta":{"_acf_changed":false,"ngg_post_thumbnail":0,"footnotes":""},"class_list":["post-51761","page","type-page","status-publish","has-post-thumbnail","hentry"],"acf":[],"yoast_head":"<!-- This site is optimized with the Yoast SEO plugin v27.6 - https:\/\/yoast.com\/product\/yoast-seo-wordpress\/ -->\n<title>GELS - ALOE VERA - WOHLBEFINDEN<\/title>\n<meta name=\"robots\" content=\"index, follow, max-snippet:-1, max-image-preview:large, max-video-preview:-1\" \/>\n<link rel=\"canonical\" href=\"https:\/\/bien-etreiris.ch\/de\/produktpraesentation\/natuerliche-kosmetik\/gesicht-koerper\/balsame-und-gels\/gels-aloe-vera\/\" \/>\n<meta property=\"og:locale\" content=\"de_DE\" \/>\n<meta property=\"og:type\" content=\"article\" \/>\n<meta property=\"og:title\" content=\"GELS - ALOE VERA - WOHLBEFINDEN\" \/>\n<meta property=\"og:description\" content=\"Aloe Vera Gels &nbsp; &nbsp; &nbsp; &nbsp; NATURKRAFTWERK &nbsp; Gel aus Aloe Vera BIO Das Gel mit Aloe Vera barbadensis Miller ist ein hervorragendes Hautpflegeprodukt. Das wasserklare Gel wird vollst\u00e4ndig absorbiert. in der Tube 120 ml CHF 16.00 &nbsp; &nbsp; Produktinformationen zu &quot;Aloe Vera Gel 120 ml&quot;. 99% Aloe Vera aus der Pressung des ganzen Blattes und aus biologischem Anbau&nbsp;Weiter lesen\" \/>\n<meta property=\"og:url\" content=\"https:\/\/bien-etreiris.ch\/de\/produktpraesentation\/natuerliche-kosmetik\/gesicht-koerper\/balsame-und-gels\/gels-aloe-vera\/\" \/>\n<meta property=\"og:site_name\" content=\"WOHLBEFINDEN\" \/>\n<meta property=\"article:publisher\" content=\"https:\/\/www.facebook.com\/bienetreiris\/\" \/>\n<meta property=\"article:modified_time\" content=\"2026-03-12T00:00:10+00:00\" \/>\n<meta property=\"og:image\" content=\"https:\/\/bien-etreiris.ch\/wp-content\/uploads\/2021\/07\/acceuil-aloe-vera.jpeg\" \/>\n\t<meta property=\"og:image:width\" content=\"500\" \/>\n\t<meta property=\"og:image:height\" content=\"333\" \/>\n\t<meta property=\"og:image:type\" content=\"image\/jpeg\" \/>\n<meta name=\"twitter:label1\" content=\"Gesch\u00e4tzte Lesezeit\" \/>\n\t<meta name=\"twitter:data1\" content=\"4\u00a0Minuten\" \/>\n<script type=\"application\/ld+json\" class=\"yoast-schema-graph\">{\"@context\":\"https:\\\/\\\/schema.org\",\"@graph\":[{\"@type\":\"WebPage\",\"@id\":\"https:\\\/\\\/bien-etreiris.ch\\\/de\\\/produktpraesentation\\\/natuerliche-kosmetik\\\/gesicht-koerper\\\/balsame-und-gels\\\/gels-aloe-vera\\\/\",\"url\":\"https:\\\/\\\/bien-etreiris.ch\\\/de\\\/produktpraesentation\\\/natuerliche-kosmetik\\\/gesicht-koerper\\\/balsame-und-gels\\\/gels-aloe-vera\\\/\",\"name\":\"GELS - ALOE VERA - WOHLBEFINDEN\",\"isPartOf\":{\"@id\":\"https:\\\/\\\/bien-etreiris.ch\\\/de\\\/#website\"},\"primaryImageOfPage\":{\"@id\":\"https:\\\/\\\/bien-etreiris.ch\\\/de\\\/produktpraesentation\\\/natuerliche-kosmetik\\\/gesicht-koerper\\\/balsame-und-gels\\\/gels-aloe-vera\\\/#primaryimage\"},\"image\":{\"@id\":\"https:\\\/\\\/bien-etreiris.ch\\\/de\\\/produktpraesentation\\\/natuerliche-kosmetik\\\/gesicht-koerper\\\/balsame-und-gels\\\/gels-aloe-vera\\\/#primaryimage\"},\"thumbnailUrl\":\"https:\\\/\\\/bien-etreiris.ch\\\/wp-content\\\/uploads\\\/2021\\\/07\\\/acceuil-aloe-vera.jpeg\",\"datePublished\":\"2021-07-10T09:30:57+00:00\",\"dateModified\":\"2026-03-12T00:00:10+00:00\",\"breadcrumb\":{\"@id\":\"https:\\\/\\\/bien-etreiris.ch\\\/de\\\/produktpraesentation\\\/natuerliche-kosmetik\\\/gesicht-koerper\\\/balsame-und-gels\\\/gels-aloe-vera\\\/#breadcrumb\"},\"inLanguage\":\"de\",\"potentialAction\":[{\"@type\":\"ReadAction\",\"target\":[\"https:\\\/\\\/bien-etreiris.ch\\\/de\\\/produktpraesentation\\\/natuerliche-kosmetik\\\/gesicht-koerper\\\/balsame-und-gels\\\/gels-aloe-vera\\\/\"]}]},{\"@type\":\"ImageObject\",\"inLanguage\":\"de\",\"@id\":\"https:\\\/\\\/bien-etreiris.ch\\\/de\\\/produktpraesentation\\\/natuerliche-kosmetik\\\/gesicht-koerper\\\/balsame-und-gels\\\/gels-aloe-vera\\\/#primaryimage\",\"url\":\"https:\\\/\\\/bien-etreiris.ch\\\/wp-content\\\/uploads\\\/2021\\\/07\\\/acceuil-aloe-vera.jpeg\",\"contentUrl\":\"https:\\\/\\\/bien-etreiris.ch\\\/wp-content\\\/uploads\\\/2021\\\/07\\\/acceuil-aloe-vera.jpeg\",\"width\":500,\"height\":333,\"caption\":\"Aloe Vera very useful herbal medicine for skin treatment and use in spa for skin care. herb in nature\"},{\"@type\":\"BreadcrumbList\",\"@id\":\"https:\\\/\\\/bien-etreiris.ch\\\/de\\\/produktpraesentation\\\/natuerliche-kosmetik\\\/gesicht-koerper\\\/balsame-und-gels\\\/gels-aloe-vera\\\/#breadcrumb\",\"itemListElement\":[{\"@type\":\"ListItem\",\"position\":1,\"name\":\"Home\",\"item\":\"https:\\\/\\\/bien-etreiris.ch\\\/de\\\/\"},{\"@type\":\"ListItem\",\"position\":2,\"name\":\"PRODUKTPR\u00c4SENTATION\",\"item\":\"https:\\\/\\\/bien-etreiris.ch\\\/de\\\/produktpraesentation\\\/\"},{\"@type\":\"ListItem\",\"position\":3,\"name\":\"NAT\u00dcRLICHE KOSMETIK\",\"item\":\"https:\\\/\\\/bien-etreiris.ch\\\/de\\\/produktpraesentation\\\/natuerliche-kosmetik\\\/\"},{\"@type\":\"ListItem\",\"position\":4,\"name\":\"GESICHT &#038; K\u00d6RPER\",\"item\":\"https:\\\/\\\/bien-etreiris.ch\\\/de\\\/produktpraesentation\\\/natuerliche-kosmetik\\\/gesicht-koerper\\\/\"},{\"@type\":\"ListItem\",\"position\":5,\"name\":\"BALSAME &#038; GELS\",\"item\":\"https:\\\/\\\/bien-etreiris.ch\\\/de\\\/produktpraesentation\\\/natuerliche-kosmetik\\\/gesicht-koerper\\\/balsame-und-gels\\\/\"},{\"@type\":\"ListItem\",\"position\":6,\"name\":\"GELS &#8211; ALOE VERA\"}]},{\"@type\":\"WebSite\",\"@id\":\"https:\\\/\\\/bien-etreiris.ch\\\/de\\\/#website\",\"url\":\"https:\\\/\\\/bien-etreiris.ch\\\/de\\\/\",\"name\":\"Bien-\u00eatre Iris\",\"description\":\"IHRE Gesundheit ist uns wichtig\",\"potentialAction\":[{\"@type\":\"SearchAction\",\"target\":{\"@type\":\"EntryPoint\",\"urlTemplate\":\"https:\\\/\\\/bien-etreiris.ch\\\/de\\\/?s={search_term_string}\"},\"query-input\":{\"@type\":\"PropertyValueSpecification\",\"valueRequired\":true,\"valueName\":\"search_term_string\"}}],\"inLanguage\":\"de\"}]}<\/script>\n<!-- \/ Yoast SEO plugin. -->","yoast_head_json":{"title":"GELS - ALOE VERA - WOHLBEFINDEN","robots":{"index":"index","follow":"follow","max-snippet":"max-snippet:-1","max-image-preview":"max-image-preview:large","max-video-preview":"max-video-preview:-1"},"canonical":"https:\/\/bien-etreiris.ch\/de\/produktpraesentation\/natuerliche-kosmetik\/gesicht-koerper\/balsame-und-gels\/gels-aloe-vera\/","og_locale":"de_DE","og_type":"article","og_title":"GELS - ALOE VERA - WOHLBEFINDEN","og_description":"Aloe Vera Gels &nbsp; &nbsp; &nbsp; &nbsp; NATURKRAFTWERK &nbsp; Gel aus Aloe Vera BIO Das Gel mit Aloe Vera barbadensis Miller ist ein hervorragendes Hautpflegeprodukt. Das wasserklare Gel wird vollst\u00e4ndig absorbiert. in der Tube 120 ml CHF 16.00 &nbsp; &nbsp; Produktinformationen zu \"Aloe Vera Gel 120 ml\". 99% Aloe Vera aus der Pressung des ganzen Blattes und aus biologischem Anbau&nbsp;Weiter lesen","og_url":"https:\/\/bien-etreiris.ch\/de\/produktpraesentation\/natuerliche-kosmetik\/gesicht-koerper\/balsame-und-gels\/gels-aloe-vera\/","og_site_name":"WOHLBEFINDEN","article_publisher":"https:\/\/www.facebook.com\/bienetreiris\/","article_modified_time":"2026-03-12T00:00:10+00:00","og_image":[{"width":500,"height":333,"url":"https:\/\/bien-etreiris.ch\/wp-content\/uploads\/2021\/07\/acceuil-aloe-vera.jpeg","type":"image\/jpeg"}],"twitter_misc":{"Gesch\u00e4tzte Lesezeit":"4\u00a0Minuten"},"schema":{"@context":"https:\/\/schema.org","@graph":[{"@type":"WebPage","@id":"https:\/\/bien-etreiris.ch\/de\/produktpraesentation\/natuerliche-kosmetik\/gesicht-koerper\/balsame-und-gels\/gels-aloe-vera\/","url":"https:\/\/bien-etreiris.ch\/de\/produktpraesentation\/natuerliche-kosmetik\/gesicht-koerper\/balsame-und-gels\/gels-aloe-vera\/","name":"GELS - ALOE VERA - WOHLBEFINDEN","isPartOf":{"@id":"https:\/\/bien-etreiris.ch\/de\/#website"},"primaryImageOfPage":{"@id":"https:\/\/bien-etreiris.ch\/de\/produktpraesentation\/natuerliche-kosmetik\/gesicht-koerper\/balsame-und-gels\/gels-aloe-vera\/#primaryimage"},"image":{"@id":"https:\/\/bien-etreiris.ch\/de\/produktpraesentation\/natuerliche-kosmetik\/gesicht-koerper\/balsame-und-gels\/gels-aloe-vera\/#primaryimage"},"thumbnailUrl":"https:\/\/bien-etreiris.ch\/wp-content\/uploads\/2021\/07\/acceuil-aloe-vera.jpeg","datePublished":"2021-07-10T09:30:57+00:00","dateModified":"2026-03-12T00:00:10+00:00","breadcrumb":{"@id":"https:\/\/bien-etreiris.ch\/de\/produktpraesentation\/natuerliche-kosmetik\/gesicht-koerper\/balsame-und-gels\/gels-aloe-vera\/#breadcrumb"},"inLanguage":"de","potentialAction":[{"@type":"ReadAction","target":["https:\/\/bien-etreiris.ch\/de\/produktpraesentation\/natuerliche-kosmetik\/gesicht-koerper\/balsame-und-gels\/gels-aloe-vera\/"]}]},{"@type":"ImageObject","inLanguage":"de","@id":"https:\/\/bien-etreiris.ch\/de\/produktpraesentation\/natuerliche-kosmetik\/gesicht-koerper\/balsame-und-gels\/gels-aloe-vera\/#primaryimage","url":"https:\/\/bien-etreiris.ch\/wp-content\/uploads\/2021\/07\/acceuil-aloe-vera.jpeg","contentUrl":"https:\/\/bien-etreiris.ch\/wp-content\/uploads\/2021\/07\/acceuil-aloe-vera.jpeg","width":500,"height":333,"caption":"Aloe Vera very useful herbal medicine for skin treatment and use in spa for skin care. herb in nature"},{"@type":"BreadcrumbList","@id":"https:\/\/bien-etreiris.ch\/de\/produktpraesentation\/natuerliche-kosmetik\/gesicht-koerper\/balsame-und-gels\/gels-aloe-vera\/#breadcrumb","itemListElement":[{"@type":"ListItem","position":1,"name":"Home","item":"https:\/\/bien-etreiris.ch\/de\/"},{"@type":"ListItem","position":2,"name":"PRODUKTPR\u00c4SENTATION","item":"https:\/\/bien-etreiris.ch\/de\/produktpraesentation\/"},{"@type":"ListItem","position":3,"name":"NAT\u00dcRLICHE KOSMETIK","item":"https:\/\/bien-etreiris.ch\/de\/produktpraesentation\/natuerliche-kosmetik\/"},{"@type":"ListItem","position":4,"name":"GESICHT &#038; K\u00d6RPER","item":"https:\/\/bien-etreiris.ch\/de\/produktpraesentation\/natuerliche-kosmetik\/gesicht-koerper\/"},{"@type":"ListItem","position":5,"name":"BALSAME &#038; GELS","item":"https:\/\/bien-etreiris.ch\/de\/produktpraesentation\/natuerliche-kosmetik\/gesicht-koerper\/balsame-und-gels\/"},{"@type":"ListItem","position":6,"name":"GELS &#8211; ALOE VERA"}]},{"@type":"WebSite","@id":"https:\/\/bien-etreiris.ch\/de\/#website","url":"https:\/\/bien-etreiris.ch\/de\/","name":"Bien-\u00eatre Iris","description":"IHRE Gesundheit ist uns wichtig","potentialAction":[{"@type":"SearchAction","target":{"@type":"EntryPoint","urlTemplate":"https:\/\/bien-etreiris.ch\/de\/?s={search_term_string}"},"query-input":{"@type":"PropertyValueSpecification","valueRequired":true,"valueName":"search_term_string"}}],"inLanguage":"de"}]}},"_links":{"self":[{"href":"https:\/\/bien-etreiris.ch\/de\/wp-json\/wp\/v2\/pages\/51761","targetHints":{"allow":["GET"]}}],"collection":[{"href":"https:\/\/bien-etreiris.ch\/de\/wp-json\/wp\/v2\/pages"}],"about":[{"href":"https:\/\/bien-etreiris.ch\/de\/wp-json\/wp\/v2\/types\/page"}],"author":[{"embeddable":true,"href":"https:\/\/bien-etreiris.ch\/de\/wp-json\/wp\/v2\/users\/1"}],"replies":[{"embeddable":true,"href":"https:\/\/bien-etreiris.ch\/de\/wp-json\/wp\/v2\/comments?post=51761"}],"version-history":[{"count":11,"href":"https:\/\/bien-etreiris.ch\/de\/wp-json\/wp\/v2\/pages\/51761\/revisions"}],"predecessor-version":[{"id":98022,"href":"https:\/\/bien-etreiris.ch\/de\/wp-json\/wp\/v2\/pages\/51761\/revisions\/98022"}],"up":[{"embeddable":true,"href":"https:\/\/bien-etreiris.ch\/de\/wp-json\/wp\/v2\/pages\/44092"}],"wp:featuredmedia":[{"embeddable":true,"href":"https:\/\/bien-etreiris.ch\/de\/wp-json\/wp\/v2\/media\/51759"}],"wp:attachment":[{"href":"https:\/\/bien-etreiris.ch\/de\/wp-json\/wp\/v2\/media?parent=51761"}],"curies":[{"name":"wp","href":"https:\/\/api.w.org\/{rel}","templated":true}]}}