{"id":51707,"date":"2021-07-04T22:58:55","date_gmt":"2021-07-04T20:58:55","guid":{"rendered":"https:\/\/bien-etreiris.ch\/?page_id=51707"},"modified":"2021-07-04T23:37:21","modified_gmt":"2021-07-04T21:37:21","slug":"inhalierstifte","status":"publish","type":"page","link":"https:\/\/bien-etreiris.ch\/de\/produktpraesentation\/aromatherapie\/inhalationssysteme\/inhalierstifte\/","title":{"rendered":"INHALIERSTIFTE"},"content":{"rendered":"\n<h2 class=\"c-tp-headline c-tp-headline--80\">Inhalierstifte<\/h2>\n<h2 class=\"c-tp-headline c-tp-headline--80\"><a href=\"https:\/\/bien-etreiris.ch\/wp-content\/uploads\/2021\/07\/inhalateur-de-poche.png\"><img loading=\"lazy\" decoding=\"async\" class=\"wp-image-51703  alignleft\" src=\"https:\/\/bien-etreiris.ch\/wp-content\/uploads\/2021\/07\/inhalateur-de-poche.png\" alt=\"\" width=\"479\" height=\"170\" srcset=\"https:\/\/bien-etreiris.ch\/wp-content\/uploads\/2021\/07\/inhalateur-de-poche.png 400w, https:\/\/bien-etreiris.ch\/wp-content\/uploads\/2021\/07\/inhalateur-de-poche-300x107.png 300w\" sizes=\"auto, (max-width: 479px) 100vw, 479px\" \/><\/a><\/h2>\n<p><br>6 Farben<\/p>\n<p><br>Zusammensetzung<br>Geh\u00e4use und Deckel aus 100% Aluminium Glasflasche innen 100% Baumwolldocht<\/p>\n<p><br>Abmessungen<br>H\u00f6he ca. 9 cm \u00d8 ca. 2 cm<\/p>\n<p>Gewicht ca. 15 g<\/p>\n<p>1 St\u00fcck CHF 3.90<\/p>\n<p>&nbsp;<\/p>\n<p>&nbsp;<\/p>\n<p>&nbsp;<\/p>\n<p>&nbsp;<\/p>\n<p>&nbsp;<\/p>\n<p>&nbsp;<\/p>\n<p>&nbsp;<\/p>\n<h4><br>Gebrauchsanweisung<\/h4>\n<p><br>\u00d6ffnen Sie den Deckel, stecken Sie den Docht in die Glasflasche und geben Sie das ausgew\u00e4hlte \u00d6l auf den Docht<\/p>\n<p>&nbsp;<\/p>\n<ul style=\"list-style-type: disc;\">\n<li>Mit \u00e4therischen \u00d6len f\u00fcr die Reise bef\u00fcllen<\/li>\n<li>\u00c4therische \u00d6le wirken auf nat\u00fcrliche Weise auf K\u00f6rper und Seele, indem sie durch die Nase eingeatmet werden<\/li>\n<li>Es kann beruhigend, erfrischend oder stressregulierend wirken: je nach verwendetem \u00d6l<\/li>\n<li>Einfach zu bedienen<\/li>\n<li>Mehrmals wiederverwendbar<\/li>\n<li>\u00d6le nicht enthalten<\/li>\n<li>F\u00fcr ein duftendes Wellness-Erlebnis: ideal auch auf Reisen oder bei der Arbeit<\/li>\n<\/ul>\n<p>&nbsp;<\/p>\n","protected":false},"excerpt":{"rendered":"<p>Inhalierstifte 6 Farben ZusammensetzungGeh\u00e4use und Deckel aus 100% Aluminium Glasflasche innen 100% Baumwolldocht AbmessungenH\u00f6he ca. 9 cm \u00d8 ca. 2 cm Gewicht ca. 15 g 1 St\u00fcck CHF 3.90 &nbsp; &nbsp; &nbsp; &nbsp; &nbsp; &nbsp; &nbsp; Gebrauchsanweisung \u00d6ffnen Sie den Deckel, stecken Sie den Docht in die Glasflasche und geben Sie das ausgew\u00e4hlte \u00d6l auf den Docht &nbsp; Mit \u00e4therischen&nbsp;<a href=\"https:\/\/bien-etreiris.ch\/de\/produktpraesentation\/aromatherapie\/inhalationssysteme\/inhalierstifte\/\" class=\"read-more\">Weiter lesen<\/a><\/p>\n","protected":false},"author":1,"featured_media":51702,"parent":39479,"menu_order":5179,"comment_status":"closed","ping_status":"closed","template":"page-with-child.php","meta":{"_acf_changed":false,"ngg_post_thumbnail":0,"footnotes":""},"class_list":["post-51707","page","type-page","status-publish","has-post-thumbnail","hentry"],"acf":[],"yoast_head":"<!-- This site is optimized with the Yoast SEO plugin v27.6 - https:\/\/yoast.com\/product\/yoast-seo-wordpress\/ -->\n<title>INHALIERSTIFTE - WOHLBEFINDEN<\/title>\n<meta name=\"robots\" content=\"index, follow, max-snippet:-1, max-image-preview:large, max-video-preview:-1\" \/>\n<link rel=\"canonical\" href=\"https:\/\/bien-etreiris.ch\/de\/produktpraesentation\/aromatherapie\/inhalationssysteme\/inhalierstifte\/\" \/>\n<meta property=\"og:locale\" content=\"de_DE\" \/>\n<meta property=\"og:type\" content=\"article\" \/>\n<meta property=\"og:title\" content=\"INHALIERSTIFTE - WOHLBEFINDEN\" \/>\n<meta property=\"og:description\" content=\"Inhalierstifte 6 Farben ZusammensetzungGeh\u00e4use und Deckel aus 100% Aluminium Glasflasche innen 100% Baumwolldocht AbmessungenH\u00f6he ca. 9 cm \u00d8 ca. 2 cm Gewicht ca. 15 g 1 St\u00fcck CHF 3.90 &nbsp; &nbsp; &nbsp; &nbsp; &nbsp; &nbsp; &nbsp; Gebrauchsanweisung \u00d6ffnen Sie den Deckel, stecken Sie den Docht in die Glasflasche und geben Sie das ausgew\u00e4hlte \u00d6l auf den Docht &nbsp; Mit \u00e4therischen&nbsp;Weiter lesen\" \/>\n<meta property=\"og:url\" content=\"https:\/\/bien-etreiris.ch\/de\/produktpraesentation\/aromatherapie\/inhalationssysteme\/inhalierstifte\/\" \/>\n<meta property=\"og:site_name\" content=\"WOHLBEFINDEN\" \/>\n<meta property=\"article:publisher\" content=\"https:\/\/www.facebook.com\/bienetreiris\/\" \/>\n<meta property=\"article:modified_time\" content=\"2021-07-04T21:37:21+00:00\" \/>\n<meta property=\"og:image\" content=\"https:\/\/bien-etreiris.ch\/wp-content\/uploads\/2021\/07\/acceuil-inhalateur-de-poche.png\" \/>\n\t<meta property=\"og:image:width\" content=\"500\" \/>\n\t<meta property=\"og:image:height\" content=\"341\" \/>\n\t<meta property=\"og:image:type\" content=\"image\/png\" \/>\n<meta name=\"twitter:label1\" content=\"Gesch\u00e4tzte Lesezeit\" \/>\n\t<meta name=\"twitter:data1\" content=\"1\u00a0Minute\" \/>\n<script type=\"application\/ld+json\" class=\"yoast-schema-graph\">{\"@context\":\"https:\\\/\\\/schema.org\",\"@graph\":[{\"@type\":\"WebPage\",\"@id\":\"https:\\\/\\\/bien-etreiris.ch\\\/de\\\/produktpraesentation\\\/aromatherapie\\\/inhalationssysteme\\\/inhalierstifte\\\/\",\"url\":\"https:\\\/\\\/bien-etreiris.ch\\\/de\\\/produktpraesentation\\\/aromatherapie\\\/inhalationssysteme\\\/inhalierstifte\\\/\",\"name\":\"INHALIERSTIFTE - WOHLBEFINDEN\",\"isPartOf\":{\"@id\":\"https:\\\/\\\/bien-etreiris.ch\\\/de\\\/#website\"},\"primaryImageOfPage\":{\"@id\":\"https:\\\/\\\/bien-etreiris.ch\\\/de\\\/produktpraesentation\\\/aromatherapie\\\/inhalationssysteme\\\/inhalierstifte\\\/#primaryimage\"},\"image\":{\"@id\":\"https:\\\/\\\/bien-etreiris.ch\\\/de\\\/produktpraesentation\\\/aromatherapie\\\/inhalationssysteme\\\/inhalierstifte\\\/#primaryimage\"},\"thumbnailUrl\":\"https:\\\/\\\/bien-etreiris.ch\\\/wp-content\\\/uploads\\\/2021\\\/07\\\/acceuil-inhalateur-de-poche.png\",\"datePublished\":\"2021-07-04T20:58:55+00:00\",\"dateModified\":\"2021-07-04T21:37:21+00:00\",\"breadcrumb\":{\"@id\":\"https:\\\/\\\/bien-etreiris.ch\\\/de\\\/produktpraesentation\\\/aromatherapie\\\/inhalationssysteme\\\/inhalierstifte\\\/#breadcrumb\"},\"inLanguage\":\"de\",\"potentialAction\":[{\"@type\":\"ReadAction\",\"target\":[\"https:\\\/\\\/bien-etreiris.ch\\\/de\\\/produktpraesentation\\\/aromatherapie\\\/inhalationssysteme\\\/inhalierstifte\\\/\"]}]},{\"@type\":\"ImageObject\",\"inLanguage\":\"de\",\"@id\":\"https:\\\/\\\/bien-etreiris.ch\\\/de\\\/produktpraesentation\\\/aromatherapie\\\/inhalationssysteme\\\/inhalierstifte\\\/#primaryimage\",\"url\":\"https:\\\/\\\/bien-etreiris.ch\\\/wp-content\\\/uploads\\\/2021\\\/07\\\/acceuil-inhalateur-de-poche.png\",\"contentUrl\":\"https:\\\/\\\/bien-etreiris.ch\\\/wp-content\\\/uploads\\\/2021\\\/07\\\/acceuil-inhalateur-de-poche.png\",\"width\":500,\"height\":341},{\"@type\":\"BreadcrumbList\",\"@id\":\"https:\\\/\\\/bien-etreiris.ch\\\/de\\\/produktpraesentation\\\/aromatherapie\\\/inhalationssysteme\\\/inhalierstifte\\\/#breadcrumb\",\"itemListElement\":[{\"@type\":\"ListItem\",\"position\":1,\"name\":\"Home\",\"item\":\"https:\\\/\\\/bien-etreiris.ch\\\/de\\\/\"},{\"@type\":\"ListItem\",\"position\":2,\"name\":\"PRODUKTPR\u00c4SENTATION\",\"item\":\"https:\\\/\\\/bien-etreiris.ch\\\/de\\\/produktpraesentation\\\/\"},{\"@type\":\"ListItem\",\"position\":3,\"name\":\"AROMATHERAPIE\",\"item\":\"https:\\\/\\\/bien-etreiris.ch\\\/de\\\/produktpraesentation\\\/aromatherapie\\\/\"},{\"@type\":\"ListItem\",\"position\":4,\"name\":\"INHALATIONSSYSTEME\",\"item\":\"https:\\\/\\\/bien-etreiris.ch\\\/de\\\/produktpraesentation\\\/aromatherapie\\\/inhalationssysteme\\\/\"},{\"@type\":\"ListItem\",\"position\":5,\"name\":\"INHALIERSTIFTE\"}]},{\"@type\":\"WebSite\",\"@id\":\"https:\\\/\\\/bien-etreiris.ch\\\/de\\\/#website\",\"url\":\"https:\\\/\\\/bien-etreiris.ch\\\/de\\\/\",\"name\":\"Bien-\u00eatre Iris\",\"description\":\"IHRE Gesundheit ist uns wichtig\",\"potentialAction\":[{\"@type\":\"SearchAction\",\"target\":{\"@type\":\"EntryPoint\",\"urlTemplate\":\"https:\\\/\\\/bien-etreiris.ch\\\/de\\\/?s={search_term_string}\"},\"query-input\":{\"@type\":\"PropertyValueSpecification\",\"valueRequired\":true,\"valueName\":\"search_term_string\"}}],\"inLanguage\":\"de\"}]}<\/script>\n<!-- \/ Yoast SEO plugin. -->","yoast_head_json":{"title":"INHALIERSTIFTE - WOHLBEFINDEN","robots":{"index":"index","follow":"follow","max-snippet":"max-snippet:-1","max-image-preview":"max-image-preview:large","max-video-preview":"max-video-preview:-1"},"canonical":"https:\/\/bien-etreiris.ch\/de\/produktpraesentation\/aromatherapie\/inhalationssysteme\/inhalierstifte\/","og_locale":"de_DE","og_type":"article","og_title":"INHALIERSTIFTE - WOHLBEFINDEN","og_description":"Inhalierstifte 6 Farben ZusammensetzungGeh\u00e4use und Deckel aus 100% Aluminium Glasflasche innen 100% Baumwolldocht AbmessungenH\u00f6he ca. 9 cm \u00d8 ca. 2 cm Gewicht ca. 15 g 1 St\u00fcck CHF 3.90 &nbsp; &nbsp; &nbsp; &nbsp; &nbsp; &nbsp; &nbsp; Gebrauchsanweisung \u00d6ffnen Sie den Deckel, stecken Sie den Docht in die Glasflasche und geben Sie das ausgew\u00e4hlte \u00d6l auf den Docht &nbsp; Mit \u00e4therischen&nbsp;Weiter lesen","og_url":"https:\/\/bien-etreiris.ch\/de\/produktpraesentation\/aromatherapie\/inhalationssysteme\/inhalierstifte\/","og_site_name":"WOHLBEFINDEN","article_publisher":"https:\/\/www.facebook.com\/bienetreiris\/","article_modified_time":"2021-07-04T21:37:21+00:00","og_image":[{"width":500,"height":341,"url":"https:\/\/bien-etreiris.ch\/wp-content\/uploads\/2021\/07\/acceuil-inhalateur-de-poche.png","type":"image\/png"}],"twitter_misc":{"Gesch\u00e4tzte Lesezeit":"1\u00a0Minute"},"schema":{"@context":"https:\/\/schema.org","@graph":[{"@type":"WebPage","@id":"https:\/\/bien-etreiris.ch\/de\/produktpraesentation\/aromatherapie\/inhalationssysteme\/inhalierstifte\/","url":"https:\/\/bien-etreiris.ch\/de\/produktpraesentation\/aromatherapie\/inhalationssysteme\/inhalierstifte\/","name":"INHALIERSTIFTE - WOHLBEFINDEN","isPartOf":{"@id":"https:\/\/bien-etreiris.ch\/de\/#website"},"primaryImageOfPage":{"@id":"https:\/\/bien-etreiris.ch\/de\/produktpraesentation\/aromatherapie\/inhalationssysteme\/inhalierstifte\/#primaryimage"},"image":{"@id":"https:\/\/bien-etreiris.ch\/de\/produktpraesentation\/aromatherapie\/inhalationssysteme\/inhalierstifte\/#primaryimage"},"thumbnailUrl":"https:\/\/bien-etreiris.ch\/wp-content\/uploads\/2021\/07\/acceuil-inhalateur-de-poche.png","datePublished":"2021-07-04T20:58:55+00:00","dateModified":"2021-07-04T21:37:21+00:00","breadcrumb":{"@id":"https:\/\/bien-etreiris.ch\/de\/produktpraesentation\/aromatherapie\/inhalationssysteme\/inhalierstifte\/#breadcrumb"},"inLanguage":"de","potentialAction":[{"@type":"ReadAction","target":["https:\/\/bien-etreiris.ch\/de\/produktpraesentation\/aromatherapie\/inhalationssysteme\/inhalierstifte\/"]}]},{"@type":"ImageObject","inLanguage":"de","@id":"https:\/\/bien-etreiris.ch\/de\/produktpraesentation\/aromatherapie\/inhalationssysteme\/inhalierstifte\/#primaryimage","url":"https:\/\/bien-etreiris.ch\/wp-content\/uploads\/2021\/07\/acceuil-inhalateur-de-poche.png","contentUrl":"https:\/\/bien-etreiris.ch\/wp-content\/uploads\/2021\/07\/acceuil-inhalateur-de-poche.png","width":500,"height":341},{"@type":"BreadcrumbList","@id":"https:\/\/bien-etreiris.ch\/de\/produktpraesentation\/aromatherapie\/inhalationssysteme\/inhalierstifte\/#breadcrumb","itemListElement":[{"@type":"ListItem","position":1,"name":"Home","item":"https:\/\/bien-etreiris.ch\/de\/"},{"@type":"ListItem","position":2,"name":"PRODUKTPR\u00c4SENTATION","item":"https:\/\/bien-etreiris.ch\/de\/produktpraesentation\/"},{"@type":"ListItem","position":3,"name":"AROMATHERAPIE","item":"https:\/\/bien-etreiris.ch\/de\/produktpraesentation\/aromatherapie\/"},{"@type":"ListItem","position":4,"name":"INHALATIONSSYSTEME","item":"https:\/\/bien-etreiris.ch\/de\/produktpraesentation\/aromatherapie\/inhalationssysteme\/"},{"@type":"ListItem","position":5,"name":"INHALIERSTIFTE"}]},{"@type":"WebSite","@id":"https:\/\/bien-etreiris.ch\/de\/#website","url":"https:\/\/bien-etreiris.ch\/de\/","name":"Bien-\u00eatre Iris","description":"IHRE Gesundheit ist uns wichtig","potentialAction":[{"@type":"SearchAction","target":{"@type":"EntryPoint","urlTemplate":"https:\/\/bien-etreiris.ch\/de\/?s={search_term_string}"},"query-input":{"@type":"PropertyValueSpecification","valueRequired":true,"valueName":"search_term_string"}}],"inLanguage":"de"}]}},"_links":{"self":[{"href":"https:\/\/bien-etreiris.ch\/de\/wp-json\/wp\/v2\/pages\/51707","targetHints":{"allow":["GET"]}}],"collection":[{"href":"https:\/\/bien-etreiris.ch\/de\/wp-json\/wp\/v2\/pages"}],"about":[{"href":"https:\/\/bien-etreiris.ch\/de\/wp-json\/wp\/v2\/types\/page"}],"author":[{"embeddable":true,"href":"https:\/\/bien-etreiris.ch\/de\/wp-json\/wp\/v2\/users\/1"}],"replies":[{"embeddable":true,"href":"https:\/\/bien-etreiris.ch\/de\/wp-json\/wp\/v2\/comments?post=51707"}],"version-history":[{"count":5,"href":"https:\/\/bien-etreiris.ch\/de\/wp-json\/wp\/v2\/pages\/51707\/revisions"}],"predecessor-version":[{"id":51727,"href":"https:\/\/bien-etreiris.ch\/de\/wp-json\/wp\/v2\/pages\/51707\/revisions\/51727"}],"up":[{"embeddable":true,"href":"https:\/\/bien-etreiris.ch\/de\/wp-json\/wp\/v2\/pages\/39479"}],"wp:featuredmedia":[{"embeddable":true,"href":"https:\/\/bien-etreiris.ch\/de\/wp-json\/wp\/v2\/media\/51702"}],"wp:attachment":[{"href":"https:\/\/bien-etreiris.ch\/de\/wp-json\/wp\/v2\/media?parent=51707"}],"curies":[{"name":"wp","href":"https:\/\/api.w.org\/{rel}","templated":true}]}}