{"id":51579,"date":"2021-06-24T12:51:44","date_gmt":"2021-06-24T10:51:44","guid":{"rendered":"https:\/\/bien-etreiris.ch\/?page_id=51579"},"modified":"2021-06-24T12:52:59","modified_gmt":"2021-06-24T10:52:59","slug":"pailles-bio","status":"publish","type":"page","link":"https:\/\/bien-etreiris.ch\/de\/fundgrube-deals\/oko-tips\/pailles-bio\/","title":{"rendered":"BIO STROHHALM"},"content":{"rendered":"\n<h2>BIO Strohhalme<\/h2>\n<p><br>EU-Plastikverbot, was nun? Gibt es Alternativen zum Trinkhalm aus Plastik? Ja, richtig: echte STROHHALME!<br>Unsere BIO Strohhalme sind ein rein biologisches Naturprodukt und wachsen auf unseren nachhaltig bewirtschafteten Feldern. Nach ihrem Gebrauch f\u00fcgen sich die BIO Strohhalme r\u00fcckstandsfrei in den Kreislauf der Natur ein.<br>BIO Strohhalme sind regional und nachhaltig. Sie schonen unsere Ressourcen und verringern unsere M\u00fcllberge. Sie sind aber auch ein echter Hingucker f\u00fcr jeden Cocktail und sofort Gespr\u00e4chsthema f\u00fcr Ihre G\u00e4ste.<\/p>\n<p><a href=\"https:\/\/bien-etreiris.ch\/wp-content\/uploads\/2021\/06\/Paillettes.jpg\"><img loading=\"lazy\" decoding=\"async\" class=\"alignleft wp-image-51572 size-large\" src=\"https:\/\/bien-etreiris.ch\/wp-content\/uploads\/2021\/06\/Paillettes-991x1024.jpg\" alt=\"\" width=\"604\" height=\"624\" srcset=\"https:\/\/bien-etreiris.ch\/wp-content\/uploads\/2021\/06\/Paillettes-991x1024.jpg 991w, https:\/\/bien-etreiris.ch\/wp-content\/uploads\/2021\/06\/Paillettes-290x300.jpg 290w, https:\/\/bien-etreiris.ch\/wp-content\/uploads\/2021\/06\/Paillettes-768x794.jpg 768w, https:\/\/bien-etreiris.ch\/wp-content\/uploads\/2021\/06\/Paillettes-1486x1536.jpg 1486w, https:\/\/bien-etreiris.ch\/wp-content\/uploads\/2021\/06\/Paillettes.jpg 1794w\" sizes=\"auto, (max-width: 604px) 100vw, 604px\" \/><\/a><\/p>\n<p>&nbsp;<\/p>\n","protected":false},"excerpt":{"rendered":"<p>BIO Strohhalme EU-Plastikverbot, was nun? Gibt es Alternativen zum Trinkhalm aus Plastik? Ja, richtig: echte STROHHALME!Unsere BIO Strohhalme sind ein rein biologisches Naturprodukt und wachsen auf unseren nachhaltig bewirtschafteten Feldern. Nach ihrem Gebrauch f\u00fcgen sich die BIO Strohhalme r\u00fcckstandsfrei in den Kreislauf der Natur ein.BIO Strohhalme sind regional und nachhaltig. Sie schonen unsere Ressourcen und verringern unsere M\u00fcllberge. Sie sind&nbsp;<a href=\"https:\/\/bien-etreiris.ch\/de\/fundgrube-deals\/oko-tips\/pailles-bio\/\" class=\"read-more\">Weiter lesen<\/a><\/p>\n","protected":false},"author":1,"featured_media":51577,"parent":45425,"menu_order":5182,"comment_status":"closed","ping_status":"closed","template":"page-with-child.php","meta":{"_acf_changed":false,"ngg_post_thumbnail":0,"footnotes":""},"class_list":["post-51579","page","type-page","status-publish","has-post-thumbnail","hentry"],"acf":[],"yoast_head":"<!-- This site is optimized with the Yoast SEO plugin v27.5 - https:\/\/yoast.com\/product\/yoast-seo-wordpress\/ -->\n<title>BIO STROHHALM - WOHLBEFINDEN<\/title>\n<meta name=\"robots\" content=\"index, follow, max-snippet:-1, max-image-preview:large, max-video-preview:-1\" \/>\n<link rel=\"canonical\" href=\"https:\/\/bien-etreiris.ch\/de\/fundgrube-deals\/oko-tips\/pailles-bio\/\" \/>\n<meta property=\"og:locale\" content=\"de_DE\" \/>\n<meta property=\"og:type\" content=\"article\" \/>\n<meta property=\"og:title\" content=\"BIO STROHHALM - WOHLBEFINDEN\" \/>\n<meta property=\"og:description\" content=\"BIO Strohhalme EU-Plastikverbot, was nun? Gibt es Alternativen zum Trinkhalm aus Plastik? Ja, richtig: echte STROHHALME!Unsere BIO Strohhalme sind ein rein biologisches Naturprodukt und wachsen auf unseren nachhaltig bewirtschafteten Feldern. Nach ihrem Gebrauch f\u00fcgen sich die BIO Strohhalme r\u00fcckstandsfrei in den Kreislauf der Natur ein.BIO Strohhalme sind regional und nachhaltig. Sie schonen unsere Ressourcen und verringern unsere M\u00fcllberge. Sie sind&nbsp;Weiter lesen\" \/>\n<meta property=\"og:url\" content=\"https:\/\/bien-etreiris.ch\/de\/fundgrube-deals\/oko-tips\/pailles-bio\/\" \/>\n<meta property=\"og:site_name\" content=\"WOHLBEFINDEN\" \/>\n<meta property=\"article:publisher\" content=\"https:\/\/www.facebook.com\/bienetreiris\/\" \/>\n<meta property=\"article:modified_time\" content=\"2021-06-24T10:52:59+00:00\" \/>\n<meta property=\"og:image\" content=\"https:\/\/bien-etreiris.ch\/wp-content\/uploads\/2021\/06\/Strohhalme.png\" \/>\n\t<meta property=\"og:image:width\" content=\"393\" \/>\n\t<meta property=\"og:image:height\" content=\"272\" \/>\n\t<meta property=\"og:image:type\" content=\"image\/png\" \/>\n<meta name=\"twitter:label1\" content=\"Gesch\u00e4tzte Lesezeit\" \/>\n\t<meta name=\"twitter:data1\" content=\"1\u00a0Minute\" \/>\n<script type=\"application\/ld+json\" class=\"yoast-schema-graph\">{\"@context\":\"https:\\\/\\\/schema.org\",\"@graph\":[{\"@type\":\"WebPage\",\"@id\":\"https:\\\/\\\/bien-etreiris.ch\\\/de\\\/fundgrube-deals\\\/oko-tips\\\/pailles-bio\\\/\",\"url\":\"https:\\\/\\\/bien-etreiris.ch\\\/de\\\/fundgrube-deals\\\/oko-tips\\\/pailles-bio\\\/\",\"name\":\"BIO STROHHALM - WOHLBEFINDEN\",\"isPartOf\":{\"@id\":\"https:\\\/\\\/bien-etreiris.ch\\\/de\\\/#website\"},\"primaryImageOfPage\":{\"@id\":\"https:\\\/\\\/bien-etreiris.ch\\\/de\\\/fundgrube-deals\\\/oko-tips\\\/pailles-bio\\\/#primaryimage\"},\"image\":{\"@id\":\"https:\\\/\\\/bien-etreiris.ch\\\/de\\\/fundgrube-deals\\\/oko-tips\\\/pailles-bio\\\/#primaryimage\"},\"thumbnailUrl\":\"https:\\\/\\\/bien-etreiris.ch\\\/wp-content\\\/uploads\\\/2021\\\/06\\\/Strohhalme.png\",\"datePublished\":\"2021-06-24T10:51:44+00:00\",\"dateModified\":\"2021-06-24T10:52:59+00:00\",\"breadcrumb\":{\"@id\":\"https:\\\/\\\/bien-etreiris.ch\\\/de\\\/fundgrube-deals\\\/oko-tips\\\/pailles-bio\\\/#breadcrumb\"},\"inLanguage\":\"de\",\"potentialAction\":[{\"@type\":\"ReadAction\",\"target\":[\"https:\\\/\\\/bien-etreiris.ch\\\/de\\\/fundgrube-deals\\\/oko-tips\\\/pailles-bio\\\/\"]}]},{\"@type\":\"ImageObject\",\"inLanguage\":\"de\",\"@id\":\"https:\\\/\\\/bien-etreiris.ch\\\/de\\\/fundgrube-deals\\\/oko-tips\\\/pailles-bio\\\/#primaryimage\",\"url\":\"https:\\\/\\\/bien-etreiris.ch\\\/wp-content\\\/uploads\\\/2021\\\/06\\\/Strohhalme.png\",\"contentUrl\":\"https:\\\/\\\/bien-etreiris.ch\\\/wp-content\\\/uploads\\\/2021\\\/06\\\/Strohhalme.png\",\"width\":393,\"height\":272},{\"@type\":\"BreadcrumbList\",\"@id\":\"https:\\\/\\\/bien-etreiris.ch\\\/de\\\/fundgrube-deals\\\/oko-tips\\\/pailles-bio\\\/#breadcrumb\",\"itemListElement\":[{\"@type\":\"ListItem\",\"position\":1,\"name\":\"Home\",\"item\":\"https:\\\/\\\/bien-etreiris.ch\\\/de\\\/\"},{\"@type\":\"ListItem\",\"position\":2,\"name\":\"FUNDGRUBE &#038; DEALS\",\"item\":\"https:\\\/\\\/bien-etreiris.ch\\\/de\\\/fundgrube-deals\\\/\"},{\"@type\":\"ListItem\",\"position\":3,\"name\":\"\u00d6KO &#8211; TIPS\",\"item\":\"https:\\\/\\\/bien-etreiris.ch\\\/de\\\/fundgrube-deals\\\/oko-tips\\\/\"},{\"@type\":\"ListItem\",\"position\":4,\"name\":\"BIO STROHHALM\"}]},{\"@type\":\"WebSite\",\"@id\":\"https:\\\/\\\/bien-etreiris.ch\\\/de\\\/#website\",\"url\":\"https:\\\/\\\/bien-etreiris.ch\\\/de\\\/\",\"name\":\"Bien-\u00eatre Iris\",\"description\":\"IHRE Gesundheit ist uns wichtig\",\"potentialAction\":[{\"@type\":\"SearchAction\",\"target\":{\"@type\":\"EntryPoint\",\"urlTemplate\":\"https:\\\/\\\/bien-etreiris.ch\\\/de\\\/?s={search_term_string}\"},\"query-input\":{\"@type\":\"PropertyValueSpecification\",\"valueRequired\":true,\"valueName\":\"search_term_string\"}}],\"inLanguage\":\"de\"}]}<\/script>\n<!-- \/ Yoast SEO plugin. -->","yoast_head_json":{"title":"BIO STROHHALM - WOHLBEFINDEN","robots":{"index":"index","follow":"follow","max-snippet":"max-snippet:-1","max-image-preview":"max-image-preview:large","max-video-preview":"max-video-preview:-1"},"canonical":"https:\/\/bien-etreiris.ch\/de\/fundgrube-deals\/oko-tips\/pailles-bio\/","og_locale":"de_DE","og_type":"article","og_title":"BIO STROHHALM - WOHLBEFINDEN","og_description":"BIO Strohhalme EU-Plastikverbot, was nun? Gibt es Alternativen zum Trinkhalm aus Plastik? Ja, richtig: echte STROHHALME!Unsere BIO Strohhalme sind ein rein biologisches Naturprodukt und wachsen auf unseren nachhaltig bewirtschafteten Feldern. Nach ihrem Gebrauch f\u00fcgen sich die BIO Strohhalme r\u00fcckstandsfrei in den Kreislauf der Natur ein.BIO Strohhalme sind regional und nachhaltig. Sie schonen unsere Ressourcen und verringern unsere M\u00fcllberge. Sie sind&nbsp;Weiter lesen","og_url":"https:\/\/bien-etreiris.ch\/de\/fundgrube-deals\/oko-tips\/pailles-bio\/","og_site_name":"WOHLBEFINDEN","article_publisher":"https:\/\/www.facebook.com\/bienetreiris\/","article_modified_time":"2021-06-24T10:52:59+00:00","og_image":[{"width":393,"height":272,"url":"https:\/\/bien-etreiris.ch\/wp-content\/uploads\/2021\/06\/Strohhalme.png","type":"image\/png"}],"twitter_misc":{"Gesch\u00e4tzte Lesezeit":"1\u00a0Minute"},"schema":{"@context":"https:\/\/schema.org","@graph":[{"@type":"WebPage","@id":"https:\/\/bien-etreiris.ch\/de\/fundgrube-deals\/oko-tips\/pailles-bio\/","url":"https:\/\/bien-etreiris.ch\/de\/fundgrube-deals\/oko-tips\/pailles-bio\/","name":"BIO STROHHALM - WOHLBEFINDEN","isPartOf":{"@id":"https:\/\/bien-etreiris.ch\/de\/#website"},"primaryImageOfPage":{"@id":"https:\/\/bien-etreiris.ch\/de\/fundgrube-deals\/oko-tips\/pailles-bio\/#primaryimage"},"image":{"@id":"https:\/\/bien-etreiris.ch\/de\/fundgrube-deals\/oko-tips\/pailles-bio\/#primaryimage"},"thumbnailUrl":"https:\/\/bien-etreiris.ch\/wp-content\/uploads\/2021\/06\/Strohhalme.png","datePublished":"2021-06-24T10:51:44+00:00","dateModified":"2021-06-24T10:52:59+00:00","breadcrumb":{"@id":"https:\/\/bien-etreiris.ch\/de\/fundgrube-deals\/oko-tips\/pailles-bio\/#breadcrumb"},"inLanguage":"de","potentialAction":[{"@type":"ReadAction","target":["https:\/\/bien-etreiris.ch\/de\/fundgrube-deals\/oko-tips\/pailles-bio\/"]}]},{"@type":"ImageObject","inLanguage":"de","@id":"https:\/\/bien-etreiris.ch\/de\/fundgrube-deals\/oko-tips\/pailles-bio\/#primaryimage","url":"https:\/\/bien-etreiris.ch\/wp-content\/uploads\/2021\/06\/Strohhalme.png","contentUrl":"https:\/\/bien-etreiris.ch\/wp-content\/uploads\/2021\/06\/Strohhalme.png","width":393,"height":272},{"@type":"BreadcrumbList","@id":"https:\/\/bien-etreiris.ch\/de\/fundgrube-deals\/oko-tips\/pailles-bio\/#breadcrumb","itemListElement":[{"@type":"ListItem","position":1,"name":"Home","item":"https:\/\/bien-etreiris.ch\/de\/"},{"@type":"ListItem","position":2,"name":"FUNDGRUBE &#038; DEALS","item":"https:\/\/bien-etreiris.ch\/de\/fundgrube-deals\/"},{"@type":"ListItem","position":3,"name":"\u00d6KO &#8211; TIPS","item":"https:\/\/bien-etreiris.ch\/de\/fundgrube-deals\/oko-tips\/"},{"@type":"ListItem","position":4,"name":"BIO STROHHALM"}]},{"@type":"WebSite","@id":"https:\/\/bien-etreiris.ch\/de\/#website","url":"https:\/\/bien-etreiris.ch\/de\/","name":"Bien-\u00eatre Iris","description":"IHRE Gesundheit ist uns wichtig","potentialAction":[{"@type":"SearchAction","target":{"@type":"EntryPoint","urlTemplate":"https:\/\/bien-etreiris.ch\/de\/?s={search_term_string}"},"query-input":{"@type":"PropertyValueSpecification","valueRequired":true,"valueName":"search_term_string"}}],"inLanguage":"de"}]}},"_links":{"self":[{"href":"https:\/\/bien-etreiris.ch\/de\/wp-json\/wp\/v2\/pages\/51579","targetHints":{"allow":["GET"]}}],"collection":[{"href":"https:\/\/bien-etreiris.ch\/de\/wp-json\/wp\/v2\/pages"}],"about":[{"href":"https:\/\/bien-etreiris.ch\/de\/wp-json\/wp\/v2\/types\/page"}],"author":[{"embeddable":true,"href":"https:\/\/bien-etreiris.ch\/de\/wp-json\/wp\/v2\/users\/1"}],"replies":[{"embeddable":true,"href":"https:\/\/bien-etreiris.ch\/de\/wp-json\/wp\/v2\/comments?post=51579"}],"version-history":[{"count":2,"href":"https:\/\/bien-etreiris.ch\/de\/wp-json\/wp\/v2\/pages\/51579\/revisions"}],"predecessor-version":[{"id":51583,"href":"https:\/\/bien-etreiris.ch\/de\/wp-json\/wp\/v2\/pages\/51579\/revisions\/51583"}],"up":[{"embeddable":true,"href":"https:\/\/bien-etreiris.ch\/de\/wp-json\/wp\/v2\/pages\/45425"}],"wp:featuredmedia":[{"embeddable":true,"href":"https:\/\/bien-etreiris.ch\/de\/wp-json\/wp\/v2\/media\/51577"}],"wp:attachment":[{"href":"https:\/\/bien-etreiris.ch\/de\/wp-json\/wp\/v2\/media?parent=51579"}],"curies":[{"name":"wp","href":"https:\/\/api.w.org\/{rel}","templated":true}]}}