{"id":51163,"date":"2020-11-29T13:55:25","date_gmt":"2020-11-29T13:55:25","guid":{"rendered":"https:\/\/bien-etreiris.ch\/leitfaden-licht-beratung\/mehr-erfahren\/soude-en-cristaux\/"},"modified":"2021-07-18T17:37:52","modified_gmt":"2021-07-18T15:37:52","slug":"sodakristalle","status":"publish","type":"page","link":"https:\/\/bien-etreiris.ch\/de\/ratgeber-klarheit-beratung\/mehr-erfahren\/sodakristalle\/","title":{"rendered":"SODAKRISTALLE"},"content":{"rendered":"<h2><strong>Sodakristalle sind ein Mehrzweckreiniger<\/strong><\/h2>\n<p>Leistungsstark wird es in kleinen Dosen verwendet und ist daher sehr sparsam im Verbrauch. F\u00fcr Geschirr, Glaswaren, eingebrannte Pfannen usw. Zum Reinigen von Herd, M\u00f6beln, Bad, Wasserh\u00e4hnen, Marmor ... Zum Reinigen von Backofen, K\u00fchlschrank, Gefrierschrank, Kochfeld, Haube... Zur Wasserenth\u00e4rtung (und damit Einsparung von Reinigungsmitteln durch geringeren Verbrauch) Bei stark verschmutzter W\u00e4sche Zum L\u00f6sen von Rohrverstopfungen (effektiver als Backpulver f\u00fcr diesen Zweck) und zur Beseitigung schlechter Ger\u00fcche. Zum schonenden Entfernen alter \u00d6lfarben und Wachse Zum Entfernen von Flechten und Schimmel auf Holz- und Steinoberfl\u00e4chen, Terrassen...&nbsp;<\/p>\n<p>Soda (Natriumcarbonat) ist ein Salz, das seit langem f\u00fcr seine vielf\u00e4ltigen Verwendungen als Haushaltsprodukt bekannt ist. Es wird am h\u00e4ufigsten in heissem Wasser gel\u00f6st verwendet.<\/p>\n<h4>Eigenschaften<\/h4>\n<p>Reinigende und geruchsneutralisierende Wirkung! Alkalisches Produkt mit einer verseifenden Wirkung auf Fette. Pilz und bakterienhemmend. Neutralisiert S\u00e4uren<\/p>\n<h4>Zusammensetzung<\/h4>\n<p>Kalziniertes Soda (Natriumcarbonat), d.h. kristallisiert.<\/p>\n<h4>Rezepte<\/h4>\n<ul>\n<li>\n<h4>&nbsp;Glaswaren und verschmutztes Geschirr reinigen<\/h4>\n<\/li>\n<\/ul>\n<p>Gl\u00e4ser, Karaffen, Flaschen, durch Tee, Kaffee verschmutztes Geschirr... F\u00fcllen Sie den Beh\u00e4lter mit der L\u00f6sung. Sch\u00fctteln. Lassen Sie sie ein paar Stunden einwirken. Sp\u00fclen Sie gut mit Trinkwasser nach. Lassen Sie den Hals nach unten trocknen. Das Geschirr wird wieder gl\u00e4nzen!<\/p>\n<ul>\n<li>\n<h4>Verbrannte T\u00f6pfe und Pfannen. Nicht geeignet f\u00fcr Eisen oder Aluminium<\/h4>\n<\/li>\n<\/ul>\n<p>Legen Sie eine Schicht Sodakristalle auf den Boden der Pfanne, f\u00fcgen Sie kochendes Wasser hinzu, um sie zu bedecken. Einen halben Tag stehen lassen. Waschen und aussp\u00fclen.<\/p>\n<ul>\n<li>\n<h4>Allzweckreiniger<\/h4>\n<\/li>\n<\/ul>\n<p>Verwenden Sie einen Schwamm, um den Herd, die K\u00fcchenm\u00f6bel, das Bad und die Sp\u00fcle zu reinigen, und streichen Sie f\u00fcr ein perfektes Ergebnis.<\/p>\n<ul>\n<li>\n<h4>Badezimmer<\/h4>\n<\/li>\n<\/ul>\n<p>Sie k\u00f6nnen diese Mischung auch zur Reinigung Ihres Badezimmers (einschliesslich der Wasserh\u00e4hne) verwenden. Trocknen Sie Ihre Oberfl\u00e4chen anschliessend mit einem Mikrofasergewebe.<\/p>\n<ul>\n<li>\n<h4>Marmorpflege<\/h4>\n<\/li>\n<\/ul>\n<p>Bereiten Sie die nebenstehend abgebildete Paste vor. In einer dicken Schicht ausbreiten, reinigen und nach einer Stunde abwischen.<\/p>\n<ul>\n<li>\n<h4>Waschmittel<\/h4>\n<\/li>\n<\/ul>\n<p>Neutralisiert die Wasserh\u00e4rte, um Waschmittel zu sparen<\/p>\n<p>Wenn Seifenflocken zum Waschen von Kleidung verwendet werden, wird ein grosser Teil der Seife durch hartes, kalkreiches Wasser inaktiviert. Um die H\u00e4rte aus dem Wasser zu entfernen, wird dem Waschwasser pro Liter und H\u00e4rtegrad 0,1 g Soda zugesetzt. Zum Beispiel m\u00fcssen f\u00fcr 20 Liter Wasser mit einer H\u00e4rte von 22 44 g Soda zugegeben werden. Warten Sie vor dem Waschen 10 Minuten.<\/p>\n<ul>\n<li>\n<h4>F\u00fcr sehr schmutzige W\u00e4sche<\/h4>\n<\/li>\n<\/ul>\n<p>In der Maschine: ca. 3 CS Soda in einer Tasse hei\u00dfem Wasser aufl\u00f6sen, in den Weichsp\u00fclertank geben. Sie reinigen in der Tiefe Ihre W\u00e4sche und die Ablagerung von Kalkstein in der Maschine; 2 in 1.<\/p>\n<ul>\n<li>\n<h4>Schrubben und verstopfte Terrasse<\/h4>\n<\/li>\n<\/ul>\n<p>Verd\u00fcnnen Sie 1 Tasse Sodakristalle in einem Eimer mit hei\u00dfem Wasser. Schrubben Sie das Deck mit einem Besen, f\u00fcgen Sie ein wenig Ellbogenfett hinzu und das Ergebnis wird \u00fcberraschend sein!<\/p>\n<ul>\n<li>\n<h4>Reinigung des K\u00fchl-\/Gefrierschranks<\/h4>\n<\/li>\n<\/ul>\n<p>Ein CS von Sodakristallen + eine Kappe voll Desinfektionsmittel in einem Eimer mit hei\u00dfem Wasser. Reinigen Sie mit einem Schwamm und wischen Sie anschlie\u00dfend mit einem in Desinfektionsmittel (z. B. wei\u00dfem Essig) getr\u00e4nkten Schwamm nach.<\/p>\n<ul>\n<li>\n<h4>Reinigung der Toilette<\/h4>\n<\/li>\n<\/ul>\n<p>Verd\u00fcnnen Sie 1\/2 Glas Soda in einem Eimer mit hei\u00dfem Wasser. Auftragen, 15 Minuten einwirken lassen, b\u00fcrsten und sp\u00fclen. Wiederholen Sie diesen Vorgang einmal alle zwei Wochen und verwenden Sie ihn f\u00fcr alle Rohre (K\u00fcche...)<\/p>\n<ul>\n<li>\n<h4>Fettige Oberfl\u00e4chen<\/h4>\n<\/li>\n<\/ul>\n<p>F\u00fcr Kochfelder, Dunstabzugshauben, Perlatoren, M\u00fclleimer, Ofent\u00fcren oder eingebettete Fettflecken. Schw\u00e4mmen Sie die fettige Oberfl\u00e4che mit Ihrem Pr\u00e4parat ab, sp\u00fclen Sie mit Wasser nach und wischen Sie dann mit einem trockenen Tuch nach. Diese Mischung kann zur Reinigung von verschmutztem Linoleum verwendet werden.<\/p>\n<ul>\n<li>\n<h4>Beseitigung von schlechten Ger\u00fcchen und Entstopfung der Abfl\u00fcsse<\/h4>\n<\/li>\n<\/ul>\n<p>L\u00f6sen Sie 2 bis 3 Essl\u00f6ffel Soda in 2 Litern kochendem Wasser auf, gie\u00dfen Sie die L\u00f6sung in das Rohr. Lassen Sie es eine Stunde lang einwirken, bevor Sie es gut aussp\u00fclen. Dieser Vorgang entbindet Sie nicht davon, Ihren Waschbecken-Siphon zu reinigen und die Ablagerungen zu entfernen...<\/p>\n<ul>\n<li>\n<h4>Entfernung von Flechten und Schimmel auf Holz- und Steinoberfl\u00e4chen<\/h4>\n<\/li>\n<\/ul>\n<p>Reiben Sie die zu behandelnden Teile mit einer steifen B\u00fcrste mit einer Sodal\u00f6sung (1 CS auf 1 Liter Wasser) ein. Die hohe alkalische Kraft des Natrons zerst\u00f6rt Flechten und Schimmelpilze. Vor dem Auftragen einer \u00f6lbasierten Behandlung (Farbe, Beize usw.) mit Essig neutralisieren. Alle Arten von Holzlagerschr\u00e4nken k\u00f6nnen auf diese Weise gereinigt werden.<\/p>\n<h4>Heimwerken und Malen<\/h4>\n<ul style=\"list-style-type: disc;\">\n<li>Tapete entfernen<\/li>\n<\/ul>\n<p>Verd\u00fcnnen Sie 2 oder 3 Essl\u00f6ffel Soda in einem Eimer mit hei\u00dfem Wasser. Auf die zu entfernende Tapete mit einem Schaumstoffschwamm auftragen, die Wand gut anfeuchten. Moment mal, normalerweise l\u00f6st sich die Tapete doch blitzschnell ab... einfach, oder?<\/p>\n<ul style=\"list-style-type: disc;\">\n<li>Erh\u00f6hen Sie die Abbindezeit des Putzes<\/li>\n<\/ul>\n<p>Geben Sie einfach eine Prise Soda in den Putz, um die Abbindezeit deutlich zu verl\u00e4ngern.<\/p>\n<ul style=\"list-style-type: disc;\">\n<li>Schonende Entfernung von alten \u00d6lfarben und Wachsen<\/li>\n<\/ul>\n<p>Einige alte \u00d6lfarben oder Wachse lassen sich sehr gut mit einer einfachen Natronlauge entfernen. Es ist besser, zuerst dieses relativ ungiftige Haushaltsprodukt auszuprobieren, bevor Sie ein starkes Abbeizmittel verwenden, das m\u00f6glicherweise L\u00f6sungsmittel enth\u00e4lt.<\/p>\n<ul style=\"list-style-type: disc;\">\n<li>L\u00f6sen Sie 3 Essl\u00f6ffel Sodakristalle in 1 Liter kochendem Wasser auf.<\/li>\n<li>Tragen Sie die L\u00f6sung mit einem Schwamm auf die alten Wachs- oder \u00d6lfarbschichten auf und lassen Sie sie 5 bis 10 Minuten einwirken.\n<ul style=\"list-style-type: disc;\">\n<li>Die alten Schichten werden sich aufl\u00f6sen und braun werden.<\/li>\n<\/ul>\n<\/li>\n<li>Mit klarem Wasser absp\u00fclen, einen Tag trocknen lassen und dann die Basis mit Essig neutralisieren.\n<ul style=\"list-style-type: disc;\">\n<li>Nach dem Feinschliff kann ein neuer Anstrich aufgetragen werden.<\/li>\n<\/ul>\n<\/li>\n<\/ul>\n<p>Achtung! Gerbstoffhaltiges Holz (wie Eiche oder Kastanie) kann mit Natronlauge nachdunkeln. Vorher testen!<\/p>\n<p>&nbsp;<\/p>\n<p>Waschen von lackierten und ge\u00f6lten Oberfl\u00e4chen<\/p>\n<p>L\u00f6sen Sie 2 Essl\u00f6ffel Sodakristalle in 1 Liter warmem Wasser auf.<\/p>\n<ul style=\"list-style-type: disc;\">\n<li>Verwenden Sie diese L\u00f6sung zur Reinigung des Bodens.<\/li>\n<li>1 bis 2 Minuten einwirken lassen, dann sofort mit klarem Wasser absp\u00fclen und mit Essig neutralisieren.<\/li>\n<\/ul>\n<p>Das Waschen mit Soda bricht den Glanz der Lackschicht, was das Auftragen einer neuen Schicht erm\u00f6glicht und den staubverursachenden Schleifvorgang erspart.<\/p>\n<h4>Schonende Reinigung von lackierten T\u00fcren (T\u00fcren und Fenster)<\/h4>\n<p>L\u00f6sen Sie 1 Essl\u00f6ffel Soda in 1 Liter Wasser auf. Reinigen und sp\u00fclen Sie mit klarem Wasser.<\/p>\n<h4>Umweltbelastung<\/h4>\n<p>Hergestellt und verpackt in Westeuropa. Hergestellt aus g\u00e4ngigen nat\u00fcrlichen Materialien<\/p>\n<p>(Kreide, Salz). Verpackung in Kraft Niedriger Kohlenstoffindex: Kraftbeutel 500gr = 75 gr CO2\u00e9e von Kindern und unter Verschluss halten.10.5 (basic) und ist klassifiziert GHS03, GHS05, GHS07. Starkes Oxidationsverm\u00f6gen<\/p>\n<h4>Zu wissen<\/h4>\n<h4>Einige technische Merkmale<\/h4>\n<ul style=\"list-style-type: disc;\">\n<li>Kristallines Pulver, l\u00f6slich in Wasser<\/li>\n<li>Universalreiniger und Entfetter<\/li>\n<li>Hat einen pH-Wert von 11,4<\/li>\n<li>Klassifizierung: GHS07 (basic) und ist klassifiziert GHS03, GHS05, GHS07. Starkes Oxidationsverm\u00f6gen<\/li>\n<\/ul>\n<h4>Vorsichtsmassnahmen<\/h4>\n<p>Rechtliche Hinweise : Gef\u00e4hrlich - Verwendungsbedingungen beachten. Lesen Sie vor der Verwendung das Etikett<\/p>\n<ul>\n<li>Verursacht schwere Augenreizung.<\/li>\n<li>Bei Ber\u00fchrung mit den Augen: mehrere Minuten lang gr\u00fcndlich mit Wasser aussp\u00fclen. Entfernen Sie Kontaktlinsen, falls vorhanden und leicht entfernbar. Sp\u00fclen Sie weiter. Bei anhaltender Augenreizung:<\/li>\n<\/ul>\n<p><strong>Suchen Sie einen Arzt auf !<\/strong> Tragen Sie Schutzhandschuhe, Augenschutz und Gesichtsschutz. Waschen Sie sich nach der Handhabung gr\u00fcndlich die H\u00e4nde. F\u00fcr den Fall medizinischer Hilfeleistung, Beh\u00e4lter bereithalten. Entsorgen Sie den Inhalt des Beh\u00e4lters bei einer zugelassenen Abfallentsorgungsstelle.<\/p>\n<ul style=\"list-style-type: disc;\">\n<li>Neutralisieren Sie eine hochkonzentrierte Sodal\u00f6sung niemals direkt mit einer S\u00e4ure = Hitze und Spritzgefahr.<\/li>\n<\/ul>\n<h4>Kompatibilit\u00e4tsproblem<\/h4>\n<ul>\n<li>Nicht in Kontakt mit Aluminium bringen<\/li>\n<li>Vermeiden Sie die Verwendung auf Eiche und Kastanie<\/li>\n<\/ul>\n<h4>Konservierung<\/h4>\n<ul>\n<li>Vor Hitze &lt; 30\u00b0C, und Feuchtigkeit sch\u00fctzen, nahezu unbegrenzt haltbar.<\/li>\n<\/ul>\n<p>Ausserhalb der Reichweite von Kindern unter Verschluss aufbewahren.si-language:FR;mso-fareast-language:FR; mso-bidi-language:AR-SA'&gt;- Klassifizierung: GHS07(basic) und ist klassifiziert GHS03, GHS05, GHS07. Hohe Oxidationskraft.<\/p>\n","protected":false},"excerpt":{"rendered":"<p>Sodakristalle sind ein Mehrzweckreiniger Leistungsstark wird es in kleinen Dosen verwendet und ist daher sehr sparsam im Verbrauch. F\u00fcr Geschirr, Glaswaren, eingebrannte Pfannen usw. Zum Reinigen von Herd, M\u00f6beln, Bad, Wasserh\u00e4hnen, Marmor ... Zum Reinigen von Backofen, K\u00fchlschrank, Gefrierschrank, Kochfeld, Haube... Zur Wasserenth\u00e4rtung (und damit Einsparung von Reinigungsmitteln durch geringeren Verbrauch) Bei stark verschmutzter W\u00e4sche Zum L\u00f6sen von Rohrverstopfungen (effektiver&nbsp;<a href=\"https:\/\/bien-etreiris.ch\/de\/ratgeber-klarheit-beratung\/mehr-erfahren\/sodakristalle\/\" class=\"read-more\">Weiter lesen<\/a><\/p>\n","protected":false},"author":1,"featured_media":50905,"parent":50886,"menu_order":6741,"comment_status":"closed","ping_status":"closed","template":"page-with-child.php","meta":{"_acf_changed":false,"ngg_post_thumbnail":0,"footnotes":""},"class_list":["post-51163","page","type-page","status-publish","has-post-thumbnail","hentry"],"acf":[],"yoast_head":"<!-- This site is optimized with the Yoast SEO plugin v27.3 - https:\/\/yoast.com\/product\/yoast-seo-wordpress\/ -->\n<title>SODAKRISTALLE - WOHLBEFINDEN<\/title>\n<meta name=\"robots\" content=\"index, follow, max-snippet:-1, max-image-preview:large, max-video-preview:-1\" \/>\n<link rel=\"canonical\" href=\"https:\/\/bien-etreiris.ch\/de\/ratgeber-klarheit-beratung\/mehr-erfahren\/sodakristalle\/\" \/>\n<meta property=\"og:locale\" content=\"de_DE\" \/>\n<meta property=\"og:type\" content=\"article\" \/>\n<meta property=\"og:title\" content=\"SODAKRISTALLE - WOHLBEFINDEN\" \/>\n<meta property=\"og:description\" content=\"Sodakristalle sind ein Mehrzweckreiniger Leistungsstark wird es in kleinen Dosen verwendet und ist daher sehr sparsam im Verbrauch. F\u00fcr Geschirr, Glaswaren, eingebrannte Pfannen usw. Zum Reinigen von Herd, M\u00f6beln, Bad, Wasserh\u00e4hnen, Marmor ... Zum Reinigen von Backofen, K\u00fchlschrank, Gefrierschrank, Kochfeld, Haube... Zur Wasserenth\u00e4rtung (und damit Einsparung von Reinigungsmitteln durch geringeren Verbrauch) Bei stark verschmutzter W\u00e4sche Zum L\u00f6sen von Rohrverstopfungen (effektiver&nbsp;Weiter lesen\" \/>\n<meta property=\"og:url\" content=\"https:\/\/bien-etreiris.ch\/de\/ratgeber-klarheit-beratung\/mehr-erfahren\/sodakristalle\/\" \/>\n<meta property=\"og:site_name\" content=\"WOHLBEFINDEN\" \/>\n<meta property=\"article:publisher\" content=\"https:\/\/www.facebook.com\/bienetreiris\/\" \/>\n<meta property=\"article:modified_time\" content=\"2021-07-18T15:37:52+00:00\" \/>\n<meta property=\"og:image\" content=\"https:\/\/bien-etreiris.ch\/wp-content\/uploads\/2021\/06\/Acceuil-4.jpg\" \/>\n\t<meta property=\"og:image:width\" content=\"500\" \/>\n\t<meta property=\"og:image:height\" content=\"332\" \/>\n\t<meta property=\"og:image:type\" content=\"image\/jpeg\" \/>\n<meta name=\"twitter:label1\" content=\"Gesch\u00e4tzte Lesezeit\" \/>\n\t<meta name=\"twitter:data1\" content=\"6\u00a0Minuten\" \/>\n<script type=\"application\/ld+json\" class=\"yoast-schema-graph\">{\"@context\":\"https:\\\/\\\/schema.org\",\"@graph\":[{\"@type\":\"WebPage\",\"@id\":\"https:\\\/\\\/bien-etreiris.ch\\\/de\\\/ratgeber-klarheit-beratung\\\/mehr-erfahren\\\/sodakristalle\\\/\",\"url\":\"https:\\\/\\\/bien-etreiris.ch\\\/de\\\/ratgeber-klarheit-beratung\\\/mehr-erfahren\\\/sodakristalle\\\/\",\"name\":\"SODAKRISTALLE - WOHLBEFINDEN\",\"isPartOf\":{\"@id\":\"https:\\\/\\\/bien-etreiris.ch\\\/de\\\/#website\"},\"primaryImageOfPage\":{\"@id\":\"https:\\\/\\\/bien-etreiris.ch\\\/de\\\/ratgeber-klarheit-beratung\\\/mehr-erfahren\\\/sodakristalle\\\/#primaryimage\"},\"image\":{\"@id\":\"https:\\\/\\\/bien-etreiris.ch\\\/de\\\/ratgeber-klarheit-beratung\\\/mehr-erfahren\\\/sodakristalle\\\/#primaryimage\"},\"thumbnailUrl\":\"https:\\\/\\\/bien-etreiris.ch\\\/wp-content\\\/uploads\\\/2021\\\/06\\\/Acceuil-4.jpg\",\"datePublished\":\"2020-11-29T13:55:25+00:00\",\"dateModified\":\"2021-07-18T15:37:52+00:00\",\"breadcrumb\":{\"@id\":\"https:\\\/\\\/bien-etreiris.ch\\\/de\\\/ratgeber-klarheit-beratung\\\/mehr-erfahren\\\/sodakristalle\\\/#breadcrumb\"},\"inLanguage\":\"de\",\"potentialAction\":[{\"@type\":\"ReadAction\",\"target\":[\"https:\\\/\\\/bien-etreiris.ch\\\/de\\\/ratgeber-klarheit-beratung\\\/mehr-erfahren\\\/sodakristalle\\\/\"]}]},{\"@type\":\"ImageObject\",\"inLanguage\":\"de\",\"@id\":\"https:\\\/\\\/bien-etreiris.ch\\\/de\\\/ratgeber-klarheit-beratung\\\/mehr-erfahren\\\/sodakristalle\\\/#primaryimage\",\"url\":\"https:\\\/\\\/bien-etreiris.ch\\\/wp-content\\\/uploads\\\/2021\\\/06\\\/Acceuil-4.jpg\",\"contentUrl\":\"https:\\\/\\\/bien-etreiris.ch\\\/wp-content\\\/uploads\\\/2021\\\/06\\\/Acceuil-4.jpg\",\"width\":500,\"height\":332},{\"@type\":\"BreadcrumbList\",\"@id\":\"https:\\\/\\\/bien-etreiris.ch\\\/de\\\/ratgeber-klarheit-beratung\\\/mehr-erfahren\\\/sodakristalle\\\/#breadcrumb\",\"itemListElement\":[{\"@type\":\"ListItem\",\"position\":1,\"name\":\"Home\",\"item\":\"https:\\\/\\\/bien-etreiris.ch\\\/de\\\/\"},{\"@type\":\"ListItem\",\"position\":2,\"name\":\"RATGEBER &#038; KLARHEIT\",\"item\":\"https:\\\/\\\/bien-etreiris.ch\\\/de\\\/ratgeber-klarheit-beratung\\\/\"},{\"@type\":\"ListItem\",\"position\":3,\"name\":\"MEHR ERFAHREN\",\"item\":\"https:\\\/\\\/bien-etreiris.ch\\\/de\\\/ratgeber-klarheit-beratung\\\/mehr-erfahren\\\/\"},{\"@type\":\"ListItem\",\"position\":4,\"name\":\"SODAKRISTALLE\"}]},{\"@type\":\"WebSite\",\"@id\":\"https:\\\/\\\/bien-etreiris.ch\\\/de\\\/#website\",\"url\":\"https:\\\/\\\/bien-etreiris.ch\\\/de\\\/\",\"name\":\"Bien-\u00eatre Iris\",\"description\":\"IHRE Gesundheit ist uns wichtig\",\"potentialAction\":[{\"@type\":\"SearchAction\",\"target\":{\"@type\":\"EntryPoint\",\"urlTemplate\":\"https:\\\/\\\/bien-etreiris.ch\\\/de\\\/?s={search_term_string}\"},\"query-input\":{\"@type\":\"PropertyValueSpecification\",\"valueRequired\":true,\"valueName\":\"search_term_string\"}}],\"inLanguage\":\"de\"}]}<\/script>\n<!-- \/ Yoast SEO plugin. -->","yoast_head_json":{"title":"SODAKRISTALLE - WOHLBEFINDEN","robots":{"index":"index","follow":"follow","max-snippet":"max-snippet:-1","max-image-preview":"max-image-preview:large","max-video-preview":"max-video-preview:-1"},"canonical":"https:\/\/bien-etreiris.ch\/de\/ratgeber-klarheit-beratung\/mehr-erfahren\/sodakristalle\/","og_locale":"de_DE","og_type":"article","og_title":"SODAKRISTALLE - WOHLBEFINDEN","og_description":"Sodakristalle sind ein Mehrzweckreiniger Leistungsstark wird es in kleinen Dosen verwendet und ist daher sehr sparsam im Verbrauch. F\u00fcr Geschirr, Glaswaren, eingebrannte Pfannen usw. Zum Reinigen von Herd, M\u00f6beln, Bad, Wasserh\u00e4hnen, Marmor ... Zum Reinigen von Backofen, K\u00fchlschrank, Gefrierschrank, Kochfeld, Haube... Zur Wasserenth\u00e4rtung (und damit Einsparung von Reinigungsmitteln durch geringeren Verbrauch) Bei stark verschmutzter W\u00e4sche Zum L\u00f6sen von Rohrverstopfungen (effektiver&nbsp;Weiter lesen","og_url":"https:\/\/bien-etreiris.ch\/de\/ratgeber-klarheit-beratung\/mehr-erfahren\/sodakristalle\/","og_site_name":"WOHLBEFINDEN","article_publisher":"https:\/\/www.facebook.com\/bienetreiris\/","article_modified_time":"2021-07-18T15:37:52+00:00","og_image":[{"width":500,"height":332,"url":"https:\/\/bien-etreiris.ch\/wp-content\/uploads\/2021\/06\/Acceuil-4.jpg","type":"image\/jpeg"}],"twitter_misc":{"Gesch\u00e4tzte Lesezeit":"6\u00a0Minuten"},"schema":{"@context":"https:\/\/schema.org","@graph":[{"@type":"WebPage","@id":"https:\/\/bien-etreiris.ch\/de\/ratgeber-klarheit-beratung\/mehr-erfahren\/sodakristalle\/","url":"https:\/\/bien-etreiris.ch\/de\/ratgeber-klarheit-beratung\/mehr-erfahren\/sodakristalle\/","name":"SODAKRISTALLE - WOHLBEFINDEN","isPartOf":{"@id":"https:\/\/bien-etreiris.ch\/de\/#website"},"primaryImageOfPage":{"@id":"https:\/\/bien-etreiris.ch\/de\/ratgeber-klarheit-beratung\/mehr-erfahren\/sodakristalle\/#primaryimage"},"image":{"@id":"https:\/\/bien-etreiris.ch\/de\/ratgeber-klarheit-beratung\/mehr-erfahren\/sodakristalle\/#primaryimage"},"thumbnailUrl":"https:\/\/bien-etreiris.ch\/wp-content\/uploads\/2021\/06\/Acceuil-4.jpg","datePublished":"2020-11-29T13:55:25+00:00","dateModified":"2021-07-18T15:37:52+00:00","breadcrumb":{"@id":"https:\/\/bien-etreiris.ch\/de\/ratgeber-klarheit-beratung\/mehr-erfahren\/sodakristalle\/#breadcrumb"},"inLanguage":"de","potentialAction":[{"@type":"ReadAction","target":["https:\/\/bien-etreiris.ch\/de\/ratgeber-klarheit-beratung\/mehr-erfahren\/sodakristalle\/"]}]},{"@type":"ImageObject","inLanguage":"de","@id":"https:\/\/bien-etreiris.ch\/de\/ratgeber-klarheit-beratung\/mehr-erfahren\/sodakristalle\/#primaryimage","url":"https:\/\/bien-etreiris.ch\/wp-content\/uploads\/2021\/06\/Acceuil-4.jpg","contentUrl":"https:\/\/bien-etreiris.ch\/wp-content\/uploads\/2021\/06\/Acceuil-4.jpg","width":500,"height":332},{"@type":"BreadcrumbList","@id":"https:\/\/bien-etreiris.ch\/de\/ratgeber-klarheit-beratung\/mehr-erfahren\/sodakristalle\/#breadcrumb","itemListElement":[{"@type":"ListItem","position":1,"name":"Home","item":"https:\/\/bien-etreiris.ch\/de\/"},{"@type":"ListItem","position":2,"name":"RATGEBER &#038; KLARHEIT","item":"https:\/\/bien-etreiris.ch\/de\/ratgeber-klarheit-beratung\/"},{"@type":"ListItem","position":3,"name":"MEHR ERFAHREN","item":"https:\/\/bien-etreiris.ch\/de\/ratgeber-klarheit-beratung\/mehr-erfahren\/"},{"@type":"ListItem","position":4,"name":"SODAKRISTALLE"}]},{"@type":"WebSite","@id":"https:\/\/bien-etreiris.ch\/de\/#website","url":"https:\/\/bien-etreiris.ch\/de\/","name":"Bien-\u00eatre Iris","description":"IHRE Gesundheit ist uns wichtig","potentialAction":[{"@type":"SearchAction","target":{"@type":"EntryPoint","urlTemplate":"https:\/\/bien-etreiris.ch\/de\/?s={search_term_string}"},"query-input":{"@type":"PropertyValueSpecification","valueRequired":true,"valueName":"search_term_string"}}],"inLanguage":"de"}]}},"_links":{"self":[{"href":"https:\/\/bien-etreiris.ch\/de\/wp-json\/wp\/v2\/pages\/51163","targetHints":{"allow":["GET"]}}],"collection":[{"href":"https:\/\/bien-etreiris.ch\/de\/wp-json\/wp\/v2\/pages"}],"about":[{"href":"https:\/\/bien-etreiris.ch\/de\/wp-json\/wp\/v2\/types\/page"}],"author":[{"embeddable":true,"href":"https:\/\/bien-etreiris.ch\/de\/wp-json\/wp\/v2\/users\/1"}],"replies":[{"embeddable":true,"href":"https:\/\/bien-etreiris.ch\/de\/wp-json\/wp\/v2\/comments?post=51163"}],"version-history":[{"count":7,"href":"https:\/\/bien-etreiris.ch\/de\/wp-json\/wp\/v2\/pages\/51163\/revisions"}],"predecessor-version":[{"id":52508,"href":"https:\/\/bien-etreiris.ch\/de\/wp-json\/wp\/v2\/pages\/51163\/revisions\/52508"}],"up":[{"embeddable":true,"href":"https:\/\/bien-etreiris.ch\/de\/wp-json\/wp\/v2\/pages\/50886"}],"wp:featuredmedia":[{"embeddable":true,"href":"https:\/\/bien-etreiris.ch\/de\/wp-json\/wp\/v2\/media\/50905"}],"wp:attachment":[{"href":"https:\/\/bien-etreiris.ch\/de\/wp-json\/wp\/v2\/media?parent=51163"}],"curies":[{"name":"wp","href":"https:\/\/api.w.org\/{rel}","templated":true}]}}