{"id":51155,"date":"2020-11-29T14:13:42","date_gmt":"2020-11-29T14:13:42","guid":{"rendered":"https:\/\/bien-etreiris.ch\/leitfaden-licht-beratung\/mehr-erfahren\/vinagres\/"},"modified":"2021-07-18T11:52:15","modified_gmt":"2021-07-18T09:52:15","slug":"essige","status":"publish","type":"page","link":"https:\/\/bien-etreiris.ch\/de\/produktpraesentation\/gesundes-leben\/gesunde-lebensmittel\/bienenprodukte\/essige\/","title":{"rendered":"ESSIGE"},"content":{"rendered":"<div id=\"more_info_sheets\" class=\"sheets align_justify\">\n<div id=\"idTab1\" class=\"rte\">\n<h2>Erfahren Sie mehr \u00fcber Bio-Essig Alkoholanteil 8%<\/h2>\n<p>Ein unentbehrliches Produkt in der Drogerie, der viel verwendet wird, um Reinigungsmittel zu Hause zu machen.<br \/>\nDer Alkoholessig wird auch f\u00fcr die Zubereitung von Gem\u00fcsekonserven, die Zubereitung von s\u00fcss-saurer Sauce usw. verwendet.<br \/>\nLa Droguerie Ecologique 8% Branntweinessig ist eine w\u00e4ssrige L\u00f6sung mit 8% Essigs\u00e4ure. Traditionell in allen K\u00fcchen der Welt in Lebensmitteln verwendet, ist es auch ein bemerkenswertes Haushaltsprodukt, vielseitig einsetzbar, \u00f6kologisch und preiswert. Seine Eigenschaften sind zahlreich: Lebensmittelkonservierungsmittel, Entfetter, Deodorant, Entkalker, Reiniger ... und seine Einsatzm\u00f6glichkeiten sind sehr vielf\u00e4ltig: Lebensmittel, Haushalt, Familienhygiene und Kosmetik.<br \/>\nEs verh\u00e4lt sich wie eine schwache S\u00e4ure der Schreibweise CH3-COOH, was ihm erlaubt, schwache Basen zu neutralisieren und insbesondere Karbonate (einschliesslich des Kalksteins unserer Rohre) zu zersetzen.<\/p>\n<p><strong>Rezepte :<\/strong><br \/>\nDie Verwendungen und Rezepte, die aus 8%igem Alkoholessig entwickelt wurden, sind so zahlreich, dass wir uns darauf beschr\u00e4nken, die wichtigsten zu erw\u00e4hnen. Sie werden im Internet leicht viele andere Anwendungen finden.<br \/>\nK\u00fcche<\/p>\n<ul style=\"list-style-type: disc;\">\n<li><strong>Schmutzige Schw\u00e4mme :<\/strong> in 1 Liter Wasser und 1\/4 Tasse Essig einweichen<\/li>\n<li><strong>Geschirrsp\u00fcler :<\/strong> Ersetzen Sie Ihren Anti-Kalk: \u00bd Glas weisser Essig<\/li>\n<li><strong>K\u00fchlschrankpflege :<\/strong> reinigt, desodoriert und entfernt Bakterien mit einem in Essig getr\u00e4nkten Mikrofasertuch<\/li>\n<li><strong>Gusseisenpfannen :<\/strong> mit Wasser und 1\/4 Tasse Essig f\u00fcllen; eine halbe Stunde lang kochen und abwischen Entfernt Rostflecken.<\/li>\n<li><strong>Um den Glanz von Pyrex-Geschirr und -Gl\u00e4sern wiederherzustellen :<\/strong> ein gutes Essigbad (verd\u00fcnnt oder unverd\u00fcnnt) f\u00fcr ein paar Stunden (je nach Verkalkungszustand).<\/li>\n<\/ul>\n<h4>Instandhaltung des Haushalts<\/h4>\n<ul style=\"list-style-type: disc;\">\n<li><strong>Kupfer :<\/strong> mit einer Mischung aus gleichen Teilen Zitronensaft und Essig polieren.<\/li>\n<li><strong>Zinn :<\/strong> Paste auftragen. Trocknen lassen und polieren.<\/li>\n<li><strong>Schimmel :<\/strong> Mischen Sie 1\/4 Tasse Essig mit 1 Liter Wasser und waschen Sie die Fensterumrandungen.<\/li>\n<li><strong>Duschk\u00f6pfe :<\/strong> Weichen Sie sie in einer kleinen Sch\u00fcssel mit Essig ein, um Ablagerungen zu entfernen, die die Rohre verstopfen.<\/li>\n<li>Sp\u00fclbeckenrohre : Um sie sauber zu halten, giessen Sie 1\/2 Tasse Backpulver, dann 1\/2 Tasse Essig. Warten Sie 15 Minuten und lassen Sie heisses Wasser laufen.<\/li>\n<li><strong>Funkelnde Fenster :<\/strong> 3\/4 Liter Wasser und 1\/4 Liter Essig in einer Spr\u00fchflasche.<\/li>\n<li><strong>Kalkablagerungen :<\/strong> Schrubben Sie die Wanne mit reinem Essig ab.<\/li>\n<li><strong>Kunststoffjalousien und -Vorh\u00e4nge :<\/strong> F\u00fcllen Sie die Badewanne zu einem Drittel und geben Sie Fl\u00fcssigseife und 1\/2 Liter Essig hinzu. Weichen Sie die zu waschenden Gegenst\u00e4nde 30 Minuten lang ein und sp\u00fclen Sie sie gut ab.Reinigen Sie Ihren M\u00fclleimer: Bereiten Sie eine L\u00f6sung aus einem halben Liter Wasser und einem halben Liter Essig vor und kochen Sie diese auf.<\/li>\n<li><strong>Bodenfliesen :<\/strong> zwei Gl\u00e4ser Essig in einem Eimer mit heissem Wasser.<\/li>\n<li><strong>Fussb\u00f6den :<\/strong> mit 4 Litern Wasser, 1\/4 Tasse Fl\u00fcssigseife und 1\/2 Tasse Essig waschen.<\/li>\n<li><strong>Toilettenreiniger :<\/strong> An die Sch\u00fcsselwand spr\u00fchen, 15 bis 20 Minuten einwirken lassen und abb\u00fcrsten.<\/li>\n<\/ul>\n<h4>Waschmittel<\/h4>\n<ul style=\"list-style-type: disc;\">\n<li><strong>W\u00e4sche :<\/strong> ein Glas Essig im Enth\u00e4rtungstank (der Geruch verschwindet beim Trocknen) entfernt die letzten Kalkr\u00fcckst\u00e4nde, belebt die Farben, verhindert das Vergrauen der schwarzen W\u00e4sche, macht die W\u00e4sche weich...<\/li>\n<li><strong>Waschmaschine :<\/strong> F\u00fcllen Sie die Sch\u00fcssel mit warmem Wasser und \u00bd Liter Essig, dann programmieren Sie den regul\u00e4ren Zyklus. Reinigt die Rohre und entfernt Seifen- und Kalkr\u00fcckst\u00e4nde.<\/li>\n<\/ul>\n<h4>Heimwerken und Garten<\/h4>\n<ul>\n<li>Zum Reinigen von Gartent\u00f6pfen und Entfernen von Kalkspuren.<\/li>\n<li><strong>H\u00e4lt gepfl\u00fcckte Blumen lebendig :<\/strong> Durch die Zugabe von 2 TL Essig und 1 TL Zucker auf je 250 ml Wasser bleiben die Blumen l\u00e4nger frisch. Insekten hassen den Geschmack und den Geruch von Essig: Viele Rezepte sind im Internet verf\u00fcgbar.<\/li>\n<li><strong>Rost :<\/strong> F\u00fcgen Sie 1\/4 Tasse Essig zu 1 Liter Wasser hinzu, um Rost von Metall zu entfernen.<\/li>\n<\/ul>\n<h4 style=\"text-align: left;\">K\u00f6rperpflege und Sch\u00f6nheitspflege<\/h4>\n<ul>\n<li>Die Sp\u00fclung mit weissem Essig macht Ihr Haar gl\u00e4nzender.<\/li>\n<li>Es ist auch ein ausgezeichnetes Mittel gegen Schuppen. .<\/li>\n<li>Es ist auch wirksam f\u00fcr die F\u00fcsse, die es trocknet, und um zu helfen, Pilz im Wasser eines Fussbades loszuwerden.<\/li>\n<li>Es gibt viele Rezepte f\u00fcr die Familienhygiene, die Apfelessig verwenden.<\/li>\n<\/ul>\n<p><strong>Auswirkungen auf die Umwelt<\/strong><\/p>\n<p>Apfelessig aus biologischem Anbau und zertifiziert durch Ecocert. Hergestellt in Frankreich durch G\u00e4rung von Alkohol aus biologisch angebautem Getreide. Recycelbare PET-Verpackung. Ungiftig f\u00fcr Mensch und Umwelt. Sehr breiter Einsatzbereich.<\/p>\n<h4>Mehr erfahren<\/h4>\n<p>Einige technische Merkmale<br \/>\nFarblose saure Fl\u00fcssigkeit mit einem pH-Wert von 2,5<br \/>\nVerpackung in PET<br \/>\n100 % biologisch abbaubar<\/p>\n<h4>Vorsichtsma\u00dfnahmen<\/h4>\n<p>Nicht giftig f\u00fcr den K\u00f6rper oder die Umwelt, kann aber bei Einnahme grosser Mengen giftig sein. Lagerung ausserhalb der Reichweite von Kindern .<\/p>\n<p>Von Hitze fernhalten.<\/p>\n<\/div>\n<\/div>\n","protected":false},"excerpt":{"rendered":"<p>Erfahren Sie mehr \u00fcber Bio-Essig Alkoholanteil 8% Ein unentbehrliches Produkt in der Drogerie, der viel verwendet wird, um Reinigungsmittel zu Hause zu machen. Der Alkoholessig wird auch f\u00fcr die Zubereitung von Gem\u00fcsekonserven, die Zubereitung von s\u00fcss-saurer Sauce usw. verwendet. La Droguerie Ecologique 8% Branntweinessig ist eine w\u00e4ssrige L\u00f6sung mit 8% Essigs\u00e4ure. Traditionell in allen K\u00fcchen der Welt in Lebensmitteln verwendet,&nbsp;<a href=\"https:\/\/bien-etreiris.ch\/de\/produktpraesentation\/gesundes-leben\/gesunde-lebensmittel\/bienenprodukte\/essige\/\" class=\"read-more\">Weiter lesen<\/a><\/p>\n","protected":false},"author":1,"featured_media":50905,"parent":56921,"menu_order":6738,"comment_status":"closed","ping_status":"closed","template":"page-with-child.php","meta":{"_acf_changed":false,"ngg_post_thumbnail":0,"footnotes":""},"class_list":["post-51155","page","type-page","status-publish","has-post-thumbnail","hentry"],"acf":[],"yoast_head":"<!-- This site is optimized with the Yoast SEO plugin v27.3 - https:\/\/yoast.com\/product\/yoast-seo-wordpress\/ -->\n<title>ESSIGE - WOHLBEFINDEN<\/title>\n<meta name=\"robots\" content=\"index, follow, max-snippet:-1, max-image-preview:large, max-video-preview:-1\" \/>\n<link rel=\"canonical\" href=\"https:\/\/bien-etreiris.ch\/de\/ratgeber-klarheit-beratung\/mehr-erfahren\/essige\/\" \/>\n<meta property=\"og:locale\" content=\"de_DE\" \/>\n<meta property=\"og:type\" content=\"article\" \/>\n<meta property=\"og:title\" content=\"ESSIGE - WOHLBEFINDEN\" \/>\n<meta property=\"og:description\" content=\"Erfahren Sie mehr \u00fcber Bio-Essig Alkoholanteil 8% Ein unentbehrliches Produkt in der Drogerie, der viel verwendet wird, um Reinigungsmittel zu Hause zu machen. Der Alkoholessig wird auch f\u00fcr die Zubereitung von Gem\u00fcsekonserven, die Zubereitung von s\u00fcss-saurer Sauce usw. verwendet. La Droguerie Ecologique 8% Branntweinessig ist eine w\u00e4ssrige L\u00f6sung mit 8% Essigs\u00e4ure. Traditionell in allen K\u00fcchen der Welt in Lebensmitteln verwendet,&nbsp;Weiter lesen\" \/>\n<meta property=\"og:url\" content=\"https:\/\/bien-etreiris.ch\/de\/ratgeber-klarheit-beratung\/mehr-erfahren\/essige\/\" \/>\n<meta property=\"og:site_name\" content=\"WOHLBEFINDEN\" \/>\n<meta property=\"article:publisher\" content=\"https:\/\/www.facebook.com\/bienetreiris\/\" \/>\n<meta property=\"article:modified_time\" content=\"2021-07-18T09:52:15+00:00\" \/>\n<meta property=\"og:image\" content=\"https:\/\/bien-etreiris.ch\/wp-content\/uploads\/2021\/06\/Acceuil-4.jpg\" \/>\n\t<meta property=\"og:image:width\" content=\"500\" \/>\n\t<meta property=\"og:image:height\" content=\"332\" \/>\n\t<meta property=\"og:image:type\" content=\"image\/jpeg\" \/>\n<meta name=\"twitter:label1\" content=\"Gesch\u00e4tzte Lesezeit\" \/>\n\t<meta name=\"twitter:data1\" content=\"3\u00a0Minuten\" \/>\n<script type=\"application\/ld+json\" class=\"yoast-schema-graph\">{\"@context\":\"https:\\\/\\\/schema.org\",\"@graph\":[{\"@type\":\"WebPage\",\"@id\":\"https:\\\/\\\/bien-etreiris.ch\\\/de\\\/ratgeber-klarheit-beratung\\\/mehr-erfahren\\\/essige\\\/\",\"url\":\"https:\\\/\\\/bien-etreiris.ch\\\/de\\\/ratgeber-klarheit-beratung\\\/mehr-erfahren\\\/essige\\\/\",\"name\":\"ESSIGE - WOHLBEFINDEN\",\"isPartOf\":{\"@id\":\"https:\\\/\\\/bien-etreiris.ch\\\/de\\\/#website\"},\"primaryImageOfPage\":{\"@id\":\"https:\\\/\\\/bien-etreiris.ch\\\/de\\\/ratgeber-klarheit-beratung\\\/mehr-erfahren\\\/essige\\\/#primaryimage\"},\"image\":{\"@id\":\"https:\\\/\\\/bien-etreiris.ch\\\/de\\\/ratgeber-klarheit-beratung\\\/mehr-erfahren\\\/essige\\\/#primaryimage\"},\"thumbnailUrl\":\"https:\\\/\\\/bien-etreiris.ch\\\/wp-content\\\/uploads\\\/2021\\\/06\\\/Acceuil-4.jpg\",\"datePublished\":\"2020-11-29T14:13:42+00:00\",\"dateModified\":\"2021-07-18T09:52:15+00:00\",\"breadcrumb\":{\"@id\":\"https:\\\/\\\/bien-etreiris.ch\\\/de\\\/ratgeber-klarheit-beratung\\\/mehr-erfahren\\\/essige\\\/#breadcrumb\"},\"inLanguage\":\"de\",\"potentialAction\":[{\"@type\":\"ReadAction\",\"target\":[\"https:\\\/\\\/bien-etreiris.ch\\\/de\\\/ratgeber-klarheit-beratung\\\/mehr-erfahren\\\/essige\\\/\"]}]},{\"@type\":\"ImageObject\",\"inLanguage\":\"de\",\"@id\":\"https:\\\/\\\/bien-etreiris.ch\\\/de\\\/ratgeber-klarheit-beratung\\\/mehr-erfahren\\\/essige\\\/#primaryimage\",\"url\":\"https:\\\/\\\/bien-etreiris.ch\\\/wp-content\\\/uploads\\\/2021\\\/06\\\/Acceuil-4.jpg\",\"contentUrl\":\"https:\\\/\\\/bien-etreiris.ch\\\/wp-content\\\/uploads\\\/2021\\\/06\\\/Acceuil-4.jpg\",\"width\":500,\"height\":332},{\"@type\":\"BreadcrumbList\",\"@id\":\"https:\\\/\\\/bien-etreiris.ch\\\/de\\\/ratgeber-klarheit-beratung\\\/mehr-erfahren\\\/essige\\\/#breadcrumb\",\"itemListElement\":[{\"@type\":\"ListItem\",\"position\":1,\"name\":\"Home\",\"item\":\"https:\\\/\\\/bien-etreiris.ch\\\/de\\\/\"},{\"@type\":\"ListItem\",\"position\":2,\"name\":\"RATGEBER &#038; KLARHEIT\",\"item\":\"https:\\\/\\\/bien-etreiris.ch\\\/de\\\/ratgeber-klarheit-beratung\\\/\"},{\"@type\":\"ListItem\",\"position\":3,\"name\":\"MEHR ERFAHREN\",\"item\":\"https:\\\/\\\/bien-etreiris.ch\\\/de\\\/ratgeber-klarheit-beratung\\\/mehr-erfahren\\\/\"},{\"@type\":\"ListItem\",\"position\":4,\"name\":\"ESSIGE\"}]},{\"@type\":\"WebSite\",\"@id\":\"https:\\\/\\\/bien-etreiris.ch\\\/de\\\/#website\",\"url\":\"https:\\\/\\\/bien-etreiris.ch\\\/de\\\/\",\"name\":\"Bien-\u00eatre Iris\",\"description\":\"IHRE Gesundheit ist uns wichtig\",\"potentialAction\":[{\"@type\":\"SearchAction\",\"target\":{\"@type\":\"EntryPoint\",\"urlTemplate\":\"https:\\\/\\\/bien-etreiris.ch\\\/de\\\/?s={search_term_string}\"},\"query-input\":{\"@type\":\"PropertyValueSpecification\",\"valueRequired\":true,\"valueName\":\"search_term_string\"}}],\"inLanguage\":\"de\"}]}<\/script>\n<!-- \/ Yoast SEO plugin. -->","yoast_head_json":{"title":"ESSIGE - WOHLBEFINDEN","robots":{"index":"index","follow":"follow","max-snippet":"max-snippet:-1","max-image-preview":"max-image-preview:large","max-video-preview":"max-video-preview:-1"},"canonical":"https:\/\/bien-etreiris.ch\/de\/ratgeber-klarheit-beratung\/mehr-erfahren\/essige\/","og_locale":"de_DE","og_type":"article","og_title":"ESSIGE - WOHLBEFINDEN","og_description":"Erfahren Sie mehr \u00fcber Bio-Essig Alkoholanteil 8% Ein unentbehrliches Produkt in der Drogerie, der viel verwendet wird, um Reinigungsmittel zu Hause zu machen. Der Alkoholessig wird auch f\u00fcr die Zubereitung von Gem\u00fcsekonserven, die Zubereitung von s\u00fcss-saurer Sauce usw. verwendet. La Droguerie Ecologique 8% Branntweinessig ist eine w\u00e4ssrige L\u00f6sung mit 8% Essigs\u00e4ure. Traditionell in allen K\u00fcchen der Welt in Lebensmitteln verwendet,&nbsp;Weiter lesen","og_url":"https:\/\/bien-etreiris.ch\/de\/ratgeber-klarheit-beratung\/mehr-erfahren\/essige\/","og_site_name":"WOHLBEFINDEN","article_publisher":"https:\/\/www.facebook.com\/bienetreiris\/","article_modified_time":"2021-07-18T09:52:15+00:00","og_image":[{"width":500,"height":332,"url":"https:\/\/bien-etreiris.ch\/wp-content\/uploads\/2021\/06\/Acceuil-4.jpg","type":"image\/jpeg"}],"twitter_misc":{"Gesch\u00e4tzte Lesezeit":"3\u00a0Minuten"},"schema":{"@context":"https:\/\/schema.org","@graph":[{"@type":"WebPage","@id":"https:\/\/bien-etreiris.ch\/de\/ratgeber-klarheit-beratung\/mehr-erfahren\/essige\/","url":"https:\/\/bien-etreiris.ch\/de\/ratgeber-klarheit-beratung\/mehr-erfahren\/essige\/","name":"ESSIGE - WOHLBEFINDEN","isPartOf":{"@id":"https:\/\/bien-etreiris.ch\/de\/#website"},"primaryImageOfPage":{"@id":"https:\/\/bien-etreiris.ch\/de\/ratgeber-klarheit-beratung\/mehr-erfahren\/essige\/#primaryimage"},"image":{"@id":"https:\/\/bien-etreiris.ch\/de\/ratgeber-klarheit-beratung\/mehr-erfahren\/essige\/#primaryimage"},"thumbnailUrl":"https:\/\/bien-etreiris.ch\/wp-content\/uploads\/2021\/06\/Acceuil-4.jpg","datePublished":"2020-11-29T14:13:42+00:00","dateModified":"2021-07-18T09:52:15+00:00","breadcrumb":{"@id":"https:\/\/bien-etreiris.ch\/de\/ratgeber-klarheit-beratung\/mehr-erfahren\/essige\/#breadcrumb"},"inLanguage":"de","potentialAction":[{"@type":"ReadAction","target":["https:\/\/bien-etreiris.ch\/de\/ratgeber-klarheit-beratung\/mehr-erfahren\/essige\/"]}]},{"@type":"ImageObject","inLanguage":"de","@id":"https:\/\/bien-etreiris.ch\/de\/ratgeber-klarheit-beratung\/mehr-erfahren\/essige\/#primaryimage","url":"https:\/\/bien-etreiris.ch\/wp-content\/uploads\/2021\/06\/Acceuil-4.jpg","contentUrl":"https:\/\/bien-etreiris.ch\/wp-content\/uploads\/2021\/06\/Acceuil-4.jpg","width":500,"height":332},{"@type":"BreadcrumbList","@id":"https:\/\/bien-etreiris.ch\/de\/ratgeber-klarheit-beratung\/mehr-erfahren\/essige\/#breadcrumb","itemListElement":[{"@type":"ListItem","position":1,"name":"Home","item":"https:\/\/bien-etreiris.ch\/de\/"},{"@type":"ListItem","position":2,"name":"RATGEBER &#038; KLARHEIT","item":"https:\/\/bien-etreiris.ch\/de\/ratgeber-klarheit-beratung\/"},{"@type":"ListItem","position":3,"name":"MEHR ERFAHREN","item":"https:\/\/bien-etreiris.ch\/de\/ratgeber-klarheit-beratung\/mehr-erfahren\/"},{"@type":"ListItem","position":4,"name":"ESSIGE"}]},{"@type":"WebSite","@id":"https:\/\/bien-etreiris.ch\/de\/#website","url":"https:\/\/bien-etreiris.ch\/de\/","name":"Bien-\u00eatre Iris","description":"IHRE Gesundheit ist uns wichtig","potentialAction":[{"@type":"SearchAction","target":{"@type":"EntryPoint","urlTemplate":"https:\/\/bien-etreiris.ch\/de\/?s={search_term_string}"},"query-input":{"@type":"PropertyValueSpecification","valueRequired":true,"valueName":"search_term_string"}}],"inLanguage":"de"}]}},"_links":{"self":[{"href":"https:\/\/bien-etreiris.ch\/de\/wp-json\/wp\/v2\/pages\/51155","targetHints":{"allow":["GET"]}}],"collection":[{"href":"https:\/\/bien-etreiris.ch\/de\/wp-json\/wp\/v2\/pages"}],"about":[{"href":"https:\/\/bien-etreiris.ch\/de\/wp-json\/wp\/v2\/types\/page"}],"author":[{"embeddable":true,"href":"https:\/\/bien-etreiris.ch\/de\/wp-json\/wp\/v2\/users\/1"}],"replies":[{"embeddable":true,"href":"https:\/\/bien-etreiris.ch\/de\/wp-json\/wp\/v2\/comments?post=51155"}],"version-history":[{"count":3,"href":"https:\/\/bien-etreiris.ch\/de\/wp-json\/wp\/v2\/pages\/51155\/revisions"}],"predecessor-version":[{"id":52480,"href":"https:\/\/bien-etreiris.ch\/de\/wp-json\/wp\/v2\/pages\/51155\/revisions\/52480"}],"up":[{"embeddable":true,"href":"https:\/\/bien-etreiris.ch\/de\/wp-json\/wp\/v2\/pages\/56921"}],"wp:featuredmedia":[{"embeddable":true,"href":"https:\/\/bien-etreiris.ch\/de\/wp-json\/wp\/v2\/media\/50905"}],"wp:attachment":[{"href":"https:\/\/bien-etreiris.ch\/de\/wp-json\/wp\/v2\/media?parent=51155"}],"curies":[{"name":"wp","href":"https:\/\/api.w.org\/{rel}","templated":true}]}}