{"id":51130,"date":"2020-11-29T13:08:03","date_gmt":"2020-11-29T13:08:03","guid":{"rendered":"https:\/\/bien-etreiris.ch\/leitfaden-licht-beratung\/en-savoir-plus\/seifen\/paillettes-de-savon\/"},"modified":"2021-07-18T17:11:30","modified_gmt":"2021-07-18T15:11:30","slug":"seifenflocken","status":"publish","type":"page","link":"https:\/\/bien-etreiris.ch\/de\/ratgeber-klarheit-beratung\/mehr-erfahren\/seifen\/seifenflocken\/","title":{"rendered":"SEIFENFLOCKEN"},"content":{"rendered":"<div id=\"more_info_sheets\" class=\"sheets align_justify\">\n<div id=\"idTab1\" class=\"rte\">\n<h2>Erfahren Sie mehr \u00fcber Seifenflocken und Rezepte<\/h2>\n<h4>Seifenflocken \u00d6l 100% Bio<\/h4>\n<p>Die Seifenflocken der Droguerie \u00e9cologique werden aus Seifennudeln gewonnen, die in Frankreich nur mit Soda und zertifizierten Bio-Pflanzen\u00f6len aus Palm und Kokosnuss hergestellt werden. Die Seifenmolek\u00fcle sind amphiphil, was ihr die Eigenschaft verleiht, in Verbindung mit Wasser Fette aufzul\u00f6sen.<\/p>\n<p>Die Konzentration der Seife im Beutel betr\u00e4gt 72% aktive Fetts\u00e4uren (also 28% Wasser). Konzentrierte Seifenflocken sind besonders effektiv, \u00f6kologisch, hypoallergen und \u00f6konomisch f\u00fcr viele Aufgaben im Haushalt, zur Herstellung von W\u00e4sche, Seife, etc....<\/p>\n<h4>Rezepte:<\/h4>\n<h4>Wie Sie Ihre W\u00e4sche machen<\/h4>\n<p>Einige vorl\u00e4ufige Hinweise zum Waschpulver:<br \/>\nErmitteln Sie zun\u00e4chst die Wasserh\u00e4rte (Vorhandensein von Kalkstein) in Ihrer Gegend. So k\u00f6nnen Sie entscheiden, ob Sie Weichmacher oder Kalkschutzmittel wie Soda oder weissen Essig hinzuf\u00fcgen m\u00fcssen (Kalkschutzmittel sind in den meisten Waschmitteln enthalten, ob es notwendig ist oder nicht). Bei st\u00e4rker verschmutzter W\u00e4sche weichen Sie den Fleck vorher ein und tragen je nach Fall etwas Seife, Natriumpercarbonat oder Fleckentfernungsseife direkt auf den Fleck auf. Informieren Sie sich in jedem Fall, beobachten und reflektieren Sie<br \/>\nHandw\u00e4sche von empfindlichen Textilien und Babykleidung<\/p>\n<p>Seifenflocken sind besonders geeignet f\u00fcr die Handw\u00e4sche von empfindlichen Textilien: Wolle, Seide, W\u00e4sche, Babykleidung, etc. Die W\u00e4sche wird in heissem Seifenwasser ruhig eingeweicht (Flocken vollst\u00e4ndig aufgel\u00f6st), ohne zu stark zu reiben (Reiben verschleisst die empfindliche W\u00e4sche). Das Wasser muss mindestens lauwarm sein, da sich die Seifenflocken bei niedrigen Temperaturen nicht gut aufl\u00f6sen. Haushaltsseifenflocken enthalten Glycerin, l\u00f6sen keine Allergien aus und sind besonders f\u00fcr Babys und Menschen mit Hautproblemen zu empfehlen.<\/p>\n<h4>Rezeptur f\u00fcr 1 Liter Fl\u00fcssigwaschmittel<\/h4>\n<p>Es ist besser, die Seifenflocken in heissem oder kochendem Wasser aufzul\u00f6sen, als sie direkt in die Trommel der Waschmaschine zu geben. Auf diese Weise vermeiden Sie das Risiko, dass ein paar ungel\u00f6ste Flocken einen Teil des Stoffes verf\u00e4rben.<\/p>\n<ul style=\"list-style-type: disc;\">\n<li>1 Liter Wasser kochen<\/li>\n<li>F\u00fcgen Sie die Flocken der Haushaltsseife hinzu (40-45 gr)und mischen, bis die Seife vollst\u00e4ndig aufgel\u00f6st ist.<br \/>\naufgel\u00f6st.<br \/>\nAchten Sie darauf, dass Sie die Flockenmenge nicht \u00fcberschreiten, da das Waschmittel im kalten Zustand erstarrt und in der Maschine schwer zu verarbeiten ist.<\/li>\n<li>Hinzuf\u00fcgen :&nbsp; Eventuell 4 bis 8 Tropfen \u00e4therische \u00d6le Ihrer Wahl.&nbsp; (Lavendel, Orange ...)<\/li>\n<li>Geben Sie alles in einen 2-Liter-Beh\u00e4lter, so dass Sie es vor jedem Gebrauch mischen k\u00f6nnen (die im Wasser gel\u00f6sten Flocken neigen zum Gefrieren und es ist besser, den Beh\u00e4lter vor jedem Gebrauch kr\u00e4ftig zu sch\u00fctteln). Geben Sie ein Senfglas Waschmittel (zwischen 125 und 150 ml) pro Maschine direkt auf die W\u00e4sche.<\/li>\n<\/ul>\n<h4>Mit dieser Mischung kann man je nach Situation assoziieren<\/h4>\n<ul style=\"list-style-type: disc;\">\n<li>1 CS Natronkristalle (in einem Glas heissem Wasser aufl\u00f6sen), je nach H\u00e4rtegrad Ihres Wassers oder wenn die W\u00e4sche in der Maschine stark verschmutzt ist.<\/li>\n<li>1 Glas weisser Essig im Weichsp\u00fcler (der Geruch verschwindet beim Trocknen), entfernt die letzten Kalkr\u00fcckst\u00e4nde, belebt die Farben, verhindert das Vergrauen der schwarzen W\u00e4sche, macht die W\u00e4sche weicher... Seien Sie jedoch vorsichtig, Essig ver\u00e4ndert bestimmte Gummib\u00e4nder (H\u00f6schen, Stoffwindeln usw.) und verformt bestimmte synthetische Textilien.<\/li>\n<li>WEISS: 1 bis 2 Essl\u00f6ffel Natriumpercarbonat, abh\u00e4ngig von der Gr\u00f6sse der Flecken, direkt in die Maschinentrommel<\/li>\n<li>FARBEN: 2 bis 3 Essl\u00f6ffel Natron in der W\u00e4schewanne (es enth\u00e4rtet nicht nur das Wasser, sondern desodoriert, hilft Fettflecken zu entfernen und verst\u00e4rkt die Wirkung der Seife).<\/li>\n<li>Mit Waschkugeln erreichen Sie eine effizientere W\u00e4sche durch Umr\u00fchren und Schlagen der W\u00e4sche. Die W\u00e4sche ist besser gewaschen, besser gesp\u00fclt, weicher und leichter zu b\u00fcgeln.<\/li>\n<\/ul>\n<h4>\u00d6kologisches Interesse<\/h4>\n<p>Nur aus Kokosnuss- und Palm\u00f6l aus kontrolliert biologischem Anbau hergestellt. ECOCERT Greenlife zertifiziertes \u00f6kologisches Waschmittel. Hohe Seifenkonzentration, die einen breiten Einsatzbereich erm\u00f6glicht. Hergestellt und verpackt in Frankreich. Verpackung in Kraft.<br \/>\nUm mehr zu erfahren:<\/p>\n<h4>Einige technische Merkmale<\/h4>\n<p>Weisse Seifenflocken, konzentriert mit 72% Fetts\u00e4uren und mit nat\u00fcrlichem Glycerin. Hypoallergen. Ohne Zusatz, Konservierungs und Duftstoffe. Biologische Abbaubarkeit \u00fcber 98%.<\/p>\n<h4>Lagerung<\/h4>\n<p>Lagern Sie die Flocken 2 Jahre lang in einem geschlossenen Beh\u00e4lter vor Hitze gesch\u00fctzt, um sie relativ feucht zu halten (wodurch sie sich leichter in Wasser aufl\u00f6sen lassen).<\/p>\n<h4>Vorsichtsmassnahmen<\/h4>\n<p>Ausserhalb der Reichweite von Kindern aufbewahren.<\/p>\n<\/div>\n<\/div>\n","protected":false},"excerpt":{"rendered":"<p>Erfahren Sie mehr \u00fcber Seifenflocken und Rezepte Seifenflocken \u00d6l 100% Bio Die Seifenflocken der Droguerie \u00e9cologique werden aus Seifennudeln gewonnen, die in Frankreich nur mit Soda und zertifizierten Bio-Pflanzen\u00f6len aus Palm und Kokosnuss hergestellt werden. Die Seifenmolek\u00fcle sind amphiphil, was ihr die Eigenschaft verleiht, in Verbindung mit Wasser Fette aufzul\u00f6sen. Die Konzentration der Seife im Beutel betr\u00e4gt 72% aktive Fetts\u00e4uren&nbsp;<a href=\"https:\/\/bien-etreiris.ch\/de\/ratgeber-klarheit-beratung\/mehr-erfahren\/seifen\/seifenflocken\/\" class=\"read-more\">Weiter lesen<\/a><\/p>\n","protected":false},"author":1,"featured_media":50936,"parent":50918,"menu_order":6747,"comment_status":"closed","ping_status":"closed","template":"page-with-child.php","meta":{"_acf_changed":false,"ngg_post_thumbnail":0,"footnotes":""},"class_list":["post-51130","page","type-page","status-publish","has-post-thumbnail","hentry"],"acf":[],"yoast_head":"<!-- This site is optimized with the Yoast SEO plugin v27.3 - https:\/\/yoast.com\/product\/yoast-seo-wordpress\/ -->\n<title>SEIFENFLOCKEN - WOHLBEFINDEN<\/title>\n<meta name=\"robots\" content=\"index, follow, max-snippet:-1, max-image-preview:large, max-video-preview:-1\" \/>\n<link rel=\"canonical\" href=\"https:\/\/bien-etreiris.ch\/de\/ratgeber-klarheit-beratung\/mehr-erfahren\/seifen\/seifenflocken\/\" \/>\n<meta property=\"og:locale\" content=\"de_DE\" \/>\n<meta property=\"og:type\" content=\"article\" \/>\n<meta property=\"og:title\" content=\"SEIFENFLOCKEN - WOHLBEFINDEN\" \/>\n<meta property=\"og:description\" content=\"Erfahren Sie mehr \u00fcber Seifenflocken und Rezepte Seifenflocken \u00d6l 100% Bio Die Seifenflocken der Droguerie \u00e9cologique werden aus Seifennudeln gewonnen, die in Frankreich nur mit Soda und zertifizierten Bio-Pflanzen\u00f6len aus Palm und Kokosnuss hergestellt werden. Die Seifenmolek\u00fcle sind amphiphil, was ihr die Eigenschaft verleiht, in Verbindung mit Wasser Fette aufzul\u00f6sen. Die Konzentration der Seife im Beutel betr\u00e4gt 72% aktive Fetts\u00e4uren&nbsp;Weiter lesen\" \/>\n<meta property=\"og:url\" content=\"https:\/\/bien-etreiris.ch\/de\/ratgeber-klarheit-beratung\/mehr-erfahren\/seifen\/seifenflocken\/\" \/>\n<meta property=\"og:site_name\" content=\"WOHLBEFINDEN\" \/>\n<meta property=\"article:publisher\" content=\"https:\/\/www.facebook.com\/bienetreiris\/\" \/>\n<meta property=\"article:modified_time\" content=\"2021-07-18T15:11:30+00:00\" \/>\n<meta property=\"og:image\" content=\"https:\/\/bien-etreiris.ch\/wp-content\/uploads\/2021\/06\/acceuil-pailletes-de-savon.jpg\" \/>\n\t<meta property=\"og:image:width\" content=\"500\" \/>\n\t<meta property=\"og:image:height\" content=\"333\" \/>\n\t<meta property=\"og:image:type\" content=\"image\/jpeg\" \/>\n<meta name=\"twitter:label1\" content=\"Gesch\u00e4tzte Lesezeit\" \/>\n\t<meta name=\"twitter:data1\" content=\"3\u00a0Minuten\" \/>\n<script type=\"application\/ld+json\" class=\"yoast-schema-graph\">{\"@context\":\"https:\\\/\\\/schema.org\",\"@graph\":[{\"@type\":\"WebPage\",\"@id\":\"https:\\\/\\\/bien-etreiris.ch\\\/de\\\/ratgeber-klarheit-beratung\\\/mehr-erfahren\\\/seifen\\\/seifenflocken\\\/\",\"url\":\"https:\\\/\\\/bien-etreiris.ch\\\/de\\\/ratgeber-klarheit-beratung\\\/mehr-erfahren\\\/seifen\\\/seifenflocken\\\/\",\"name\":\"SEIFENFLOCKEN - WOHLBEFINDEN\",\"isPartOf\":{\"@id\":\"https:\\\/\\\/bien-etreiris.ch\\\/de\\\/#website\"},\"primaryImageOfPage\":{\"@id\":\"https:\\\/\\\/bien-etreiris.ch\\\/de\\\/ratgeber-klarheit-beratung\\\/mehr-erfahren\\\/seifen\\\/seifenflocken\\\/#primaryimage\"},\"image\":{\"@id\":\"https:\\\/\\\/bien-etreiris.ch\\\/de\\\/ratgeber-klarheit-beratung\\\/mehr-erfahren\\\/seifen\\\/seifenflocken\\\/#primaryimage\"},\"thumbnailUrl\":\"https:\\\/\\\/bien-etreiris.ch\\\/wp-content\\\/uploads\\\/2021\\\/06\\\/acceuil-pailletes-de-savon.jpg\",\"datePublished\":\"2020-11-29T13:08:03+00:00\",\"dateModified\":\"2021-07-18T15:11:30+00:00\",\"breadcrumb\":{\"@id\":\"https:\\\/\\\/bien-etreiris.ch\\\/de\\\/ratgeber-klarheit-beratung\\\/mehr-erfahren\\\/seifen\\\/seifenflocken\\\/#breadcrumb\"},\"inLanguage\":\"de\",\"potentialAction\":[{\"@type\":\"ReadAction\",\"target\":[\"https:\\\/\\\/bien-etreiris.ch\\\/de\\\/ratgeber-klarheit-beratung\\\/mehr-erfahren\\\/seifen\\\/seifenflocken\\\/\"]}]},{\"@type\":\"ImageObject\",\"inLanguage\":\"de\",\"@id\":\"https:\\\/\\\/bien-etreiris.ch\\\/de\\\/ratgeber-klarheit-beratung\\\/mehr-erfahren\\\/seifen\\\/seifenflocken\\\/#primaryimage\",\"url\":\"https:\\\/\\\/bien-etreiris.ch\\\/wp-content\\\/uploads\\\/2021\\\/06\\\/acceuil-pailletes-de-savon.jpg\",\"contentUrl\":\"https:\\\/\\\/bien-etreiris.ch\\\/wp-content\\\/uploads\\\/2021\\\/06\\\/acceuil-pailletes-de-savon.jpg\",\"width\":500,\"height\":333},{\"@type\":\"BreadcrumbList\",\"@id\":\"https:\\\/\\\/bien-etreiris.ch\\\/de\\\/ratgeber-klarheit-beratung\\\/mehr-erfahren\\\/seifen\\\/seifenflocken\\\/#breadcrumb\",\"itemListElement\":[{\"@type\":\"ListItem\",\"position\":1,\"name\":\"Home\",\"item\":\"https:\\\/\\\/bien-etreiris.ch\\\/de\\\/\"},{\"@type\":\"ListItem\",\"position\":2,\"name\":\"RATGEBER &#038; KLARHEIT\",\"item\":\"https:\\\/\\\/bien-etreiris.ch\\\/de\\\/ratgeber-klarheit-beratung\\\/\"},{\"@type\":\"ListItem\",\"position\":3,\"name\":\"MEHR ERFAHREN\",\"item\":\"https:\\\/\\\/bien-etreiris.ch\\\/de\\\/ratgeber-klarheit-beratung\\\/mehr-erfahren\\\/\"},{\"@type\":\"ListItem\",\"position\":4,\"name\":\"SEIFEN\",\"item\":\"https:\\\/\\\/bien-etreiris.ch\\\/de\\\/ratgeber-klarheit-beratung\\\/mehr-erfahren\\\/seifen\\\/\"},{\"@type\":\"ListItem\",\"position\":5,\"name\":\"SEIFENFLOCKEN\"}]},{\"@type\":\"WebSite\",\"@id\":\"https:\\\/\\\/bien-etreiris.ch\\\/de\\\/#website\",\"url\":\"https:\\\/\\\/bien-etreiris.ch\\\/de\\\/\",\"name\":\"Bien-\u00eatre Iris\",\"description\":\"IHRE Gesundheit ist uns wichtig\",\"potentialAction\":[{\"@type\":\"SearchAction\",\"target\":{\"@type\":\"EntryPoint\",\"urlTemplate\":\"https:\\\/\\\/bien-etreiris.ch\\\/de\\\/?s={search_term_string}\"},\"query-input\":{\"@type\":\"PropertyValueSpecification\",\"valueRequired\":true,\"valueName\":\"search_term_string\"}}],\"inLanguage\":\"de\"}]}<\/script>\n<!-- \/ Yoast SEO plugin. -->","yoast_head_json":{"title":"SEIFENFLOCKEN - WOHLBEFINDEN","robots":{"index":"index","follow":"follow","max-snippet":"max-snippet:-1","max-image-preview":"max-image-preview:large","max-video-preview":"max-video-preview:-1"},"canonical":"https:\/\/bien-etreiris.ch\/de\/ratgeber-klarheit-beratung\/mehr-erfahren\/seifen\/seifenflocken\/","og_locale":"de_DE","og_type":"article","og_title":"SEIFENFLOCKEN - WOHLBEFINDEN","og_description":"Erfahren Sie mehr \u00fcber Seifenflocken und Rezepte Seifenflocken \u00d6l 100% Bio Die Seifenflocken der Droguerie \u00e9cologique werden aus Seifennudeln gewonnen, die in Frankreich nur mit Soda und zertifizierten Bio-Pflanzen\u00f6len aus Palm und Kokosnuss hergestellt werden. Die Seifenmolek\u00fcle sind amphiphil, was ihr die Eigenschaft verleiht, in Verbindung mit Wasser Fette aufzul\u00f6sen. Die Konzentration der Seife im Beutel betr\u00e4gt 72% aktive Fetts\u00e4uren&nbsp;Weiter lesen","og_url":"https:\/\/bien-etreiris.ch\/de\/ratgeber-klarheit-beratung\/mehr-erfahren\/seifen\/seifenflocken\/","og_site_name":"WOHLBEFINDEN","article_publisher":"https:\/\/www.facebook.com\/bienetreiris\/","article_modified_time":"2021-07-18T15:11:30+00:00","og_image":[{"width":500,"height":333,"url":"https:\/\/bien-etreiris.ch\/wp-content\/uploads\/2021\/06\/acceuil-pailletes-de-savon.jpg","type":"image\/jpeg"}],"twitter_misc":{"Gesch\u00e4tzte Lesezeit":"3\u00a0Minuten"},"schema":{"@context":"https:\/\/schema.org","@graph":[{"@type":"WebPage","@id":"https:\/\/bien-etreiris.ch\/de\/ratgeber-klarheit-beratung\/mehr-erfahren\/seifen\/seifenflocken\/","url":"https:\/\/bien-etreiris.ch\/de\/ratgeber-klarheit-beratung\/mehr-erfahren\/seifen\/seifenflocken\/","name":"SEIFENFLOCKEN - WOHLBEFINDEN","isPartOf":{"@id":"https:\/\/bien-etreiris.ch\/de\/#website"},"primaryImageOfPage":{"@id":"https:\/\/bien-etreiris.ch\/de\/ratgeber-klarheit-beratung\/mehr-erfahren\/seifen\/seifenflocken\/#primaryimage"},"image":{"@id":"https:\/\/bien-etreiris.ch\/de\/ratgeber-klarheit-beratung\/mehr-erfahren\/seifen\/seifenflocken\/#primaryimage"},"thumbnailUrl":"https:\/\/bien-etreiris.ch\/wp-content\/uploads\/2021\/06\/acceuil-pailletes-de-savon.jpg","datePublished":"2020-11-29T13:08:03+00:00","dateModified":"2021-07-18T15:11:30+00:00","breadcrumb":{"@id":"https:\/\/bien-etreiris.ch\/de\/ratgeber-klarheit-beratung\/mehr-erfahren\/seifen\/seifenflocken\/#breadcrumb"},"inLanguage":"de","potentialAction":[{"@type":"ReadAction","target":["https:\/\/bien-etreiris.ch\/de\/ratgeber-klarheit-beratung\/mehr-erfahren\/seifen\/seifenflocken\/"]}]},{"@type":"ImageObject","inLanguage":"de","@id":"https:\/\/bien-etreiris.ch\/de\/ratgeber-klarheit-beratung\/mehr-erfahren\/seifen\/seifenflocken\/#primaryimage","url":"https:\/\/bien-etreiris.ch\/wp-content\/uploads\/2021\/06\/acceuil-pailletes-de-savon.jpg","contentUrl":"https:\/\/bien-etreiris.ch\/wp-content\/uploads\/2021\/06\/acceuil-pailletes-de-savon.jpg","width":500,"height":333},{"@type":"BreadcrumbList","@id":"https:\/\/bien-etreiris.ch\/de\/ratgeber-klarheit-beratung\/mehr-erfahren\/seifen\/seifenflocken\/#breadcrumb","itemListElement":[{"@type":"ListItem","position":1,"name":"Home","item":"https:\/\/bien-etreiris.ch\/de\/"},{"@type":"ListItem","position":2,"name":"RATGEBER &#038; KLARHEIT","item":"https:\/\/bien-etreiris.ch\/de\/ratgeber-klarheit-beratung\/"},{"@type":"ListItem","position":3,"name":"MEHR ERFAHREN","item":"https:\/\/bien-etreiris.ch\/de\/ratgeber-klarheit-beratung\/mehr-erfahren\/"},{"@type":"ListItem","position":4,"name":"SEIFEN","item":"https:\/\/bien-etreiris.ch\/de\/ratgeber-klarheit-beratung\/mehr-erfahren\/seifen\/"},{"@type":"ListItem","position":5,"name":"SEIFENFLOCKEN"}]},{"@type":"WebSite","@id":"https:\/\/bien-etreiris.ch\/de\/#website","url":"https:\/\/bien-etreiris.ch\/de\/","name":"Bien-\u00eatre Iris","description":"IHRE Gesundheit ist uns wichtig","potentialAction":[{"@type":"SearchAction","target":{"@type":"EntryPoint","urlTemplate":"https:\/\/bien-etreiris.ch\/de\/?s={search_term_string}"},"query-input":{"@type":"PropertyValueSpecification","valueRequired":true,"valueName":"search_term_string"}}],"inLanguage":"de"}]}},"_links":{"self":[{"href":"https:\/\/bien-etreiris.ch\/de\/wp-json\/wp\/v2\/pages\/51130","targetHints":{"allow":["GET"]}}],"collection":[{"href":"https:\/\/bien-etreiris.ch\/de\/wp-json\/wp\/v2\/pages"}],"about":[{"href":"https:\/\/bien-etreiris.ch\/de\/wp-json\/wp\/v2\/types\/page"}],"author":[{"embeddable":true,"href":"https:\/\/bien-etreiris.ch\/de\/wp-json\/wp\/v2\/users\/1"}],"replies":[{"embeddable":true,"href":"https:\/\/bien-etreiris.ch\/de\/wp-json\/wp\/v2\/comments?post=51130"}],"version-history":[{"count":3,"href":"https:\/\/bien-etreiris.ch\/de\/wp-json\/wp\/v2\/pages\/51130\/revisions"}],"predecessor-version":[{"id":52503,"href":"https:\/\/bien-etreiris.ch\/de\/wp-json\/wp\/v2\/pages\/51130\/revisions\/52503"}],"up":[{"embeddable":true,"href":"https:\/\/bien-etreiris.ch\/de\/wp-json\/wp\/v2\/pages\/50918"}],"wp:featuredmedia":[{"embeddable":true,"href":"https:\/\/bien-etreiris.ch\/de\/wp-json\/wp\/v2\/media\/50936"}],"wp:attachment":[{"href":"https:\/\/bien-etreiris.ch\/de\/wp-json\/wp\/v2\/media?parent=51130"}],"curies":[{"name":"wp","href":"https:\/\/api.w.org\/{rel}","templated":true}]}}