{"id":51115,"date":"2021-06-21T18:04:11","date_gmt":"2021-06-21T16:04:11","guid":{"rendered":"https:\/\/bien-etreiris.ch\/?page_id=51115"},"modified":"2021-09-16T18:28:21","modified_gmt":"2021-09-16T16:28:21","slug":"textilpflege-bern","status":"publish","type":"page","link":"https:\/\/bien-etreiris.ch\/de\/unsere-marken\/textilpflege-bern\/","title":{"rendered":"TEXTILPFLEGE BERN"},"content":{"rendered":"\n<p>En ao\u00fbt 2019, nous avons c\u00e9l\u00e9br\u00e9 le 20e anniversaire de notre entreprise. Depuis la cr\u00e9ation de FashionCare Haldimann AG en 1999, nous avons pu accumuler de nombreuses exp\u00e9riences pr\u00e9cieuses, notamment les tendances de la mode, les habitants de la ville et du canton de Berne, les exigences du monde culturel et l'orientation constante dans la recherche et le domaine sp\u00e9cialis\u00e9 du nettoyage des textiles.<\/p>\n<p>Le travail professionnel est notre priorit\u00e9 absolue et est garanti par un personnel bien form\u00e9 et de nombreuses ann\u00e9es d'exp\u00e9rience. Nous sommes conscients d'assumer une t\u00e2che tr\u00e8s responsable pour nos clients. Nous nettoyons et entretenons vos biens - vos v\u00eatements, votre seconde peau, qui est l'expression de votre personnalit\u00e9. Des formations continues permettent d'asseoir notre savoir-faire sur une base fondamentale, qui r\u00e9pond aux exigences d'une entreprise moderne de nettoyage de textiles.<\/p>\n<p>Nous traitons tous les objets que vous nous confiez pour le nettoyage et l'entretien avec le plus grand soin. D\u00e9posez vos v\u00eatements dans nos locaux ou dans l'un de nos points de collecte, et quelques jours plus tard, vous pourrez les recevoir fra\u00eechement nettoy\u00e9s et\/ou lav\u00e9s et repass\u00e9s. Notre offre ne se limite pas aux v\u00eatements. Tous les textiles de maison tels que les rideaux, les tapis, les couettes, les oreillers et les couvertures sont \u00e9galement en de bonnes mains chez nous.<\/p>\n<h2><a href=\"https:\/\/bien-etreiris.ch\/de\/produktpraesentation\/hygiene\/haushaltsreinigung\/reinigungskonzept\/service-textilreinigung\/\" target=\"_blank\" rel=\"noopener\">DEP\u00d4T PRESSING<\/a><\/h2>\n","protected":false},"excerpt":{"rendered":"<p>En ao\u00fbt 2019, nous avons c\u00e9l\u00e9br\u00e9 le 20e anniversaire de notre entreprise. Depuis la cr\u00e9ation de FashionCare Haldimann AG en 1999, nous avons pu accumuler de nombreuses exp\u00e9riences pr\u00e9cieuses, notamment les tendances de la mode, les habitants de la ville et du canton de Berne, les exigences du monde culturel et l'orientation constante dans la recherche et le domaine sp\u00e9cialis\u00e9&nbsp;<a href=\"https:\/\/bien-etreiris.ch\/de\/unsere-marken\/textilpflege-bern\/\" class=\"read-more\">Weiter lesen<\/a><\/p>\n","protected":false},"author":1,"featured_media":54337,"parent":44406,"menu_order":5186,"comment_status":"closed","ping_status":"closed","template":"page-with-child.php","meta":{"_acf_changed":false,"ngg_post_thumbnail":0,"footnotes":""},"class_list":["post-51115","page","type-page","status-publish","has-post-thumbnail","hentry"],"acf":[],"yoast_head":"<!-- This site is optimized with the Yoast SEO plugin v27.4 - https:\/\/yoast.com\/product\/yoast-seo-wordpress\/ -->\n<title>TEXTILPFLEGE BERN - WOHLBEFINDEN<\/title>\n<meta name=\"robots\" content=\"index, follow, max-snippet:-1, max-image-preview:large, max-video-preview:-1\" \/>\n<link rel=\"canonical\" href=\"https:\/\/bien-etreiris.ch\/de\/unsere-marken\/textilpflege-bern\/\" \/>\n<meta property=\"og:locale\" content=\"de_DE\" \/>\n<meta property=\"og:type\" content=\"article\" \/>\n<meta property=\"og:title\" content=\"TEXTILPFLEGE BERN - WOHLBEFINDEN\" \/>\n<meta property=\"og:description\" content=\"En ao\u00fbt 2019, nous avons c\u00e9l\u00e9br\u00e9 le 20e anniversaire de notre entreprise. Depuis la cr\u00e9ation de FashionCare Haldimann AG en 1999, nous avons pu accumuler de nombreuses exp\u00e9riences pr\u00e9cieuses, notamment les tendances de la mode, les habitants de la ville et du canton de Berne, les exigences du monde culturel et l&#039;orientation constante dans la recherche et le domaine sp\u00e9cialis\u00e9&nbsp;Weiter lesen\" \/>\n<meta property=\"og:url\" content=\"https:\/\/bien-etreiris.ch\/de\/unsere-marken\/textilpflege-bern\/\" \/>\n<meta property=\"og:site_name\" content=\"WOHLBEFINDEN\" \/>\n<meta property=\"article:publisher\" content=\"https:\/\/www.facebook.com\/bienetreiris\/\" \/>\n<meta property=\"article:modified_time\" content=\"2021-09-16T16:28:21+00:00\" \/>\n<meta property=\"og:image\" content=\"https:\/\/bien-etreiris.ch\/wp-content\/uploads\/2021\/09\/Textilpflege-Bern-1.jpg\" \/>\n\t<meta property=\"og:image:width\" content=\"500\" \/>\n\t<meta property=\"og:image:height\" content=\"332\" \/>\n\t<meta property=\"og:image:type\" content=\"image\/jpeg\" \/>\n<meta name=\"twitter:label1\" content=\"Gesch\u00e4tzte Lesezeit\" \/>\n\t<meta name=\"twitter:data1\" content=\"1\u00a0Minute\" \/>\n<script type=\"application\/ld+json\" class=\"yoast-schema-graph\">{\"@context\":\"https:\\\/\\\/schema.org\",\"@graph\":[{\"@type\":\"WebPage\",\"@id\":\"https:\\\/\\\/bien-etreiris.ch\\\/de\\\/unsere-marken\\\/textilpflege-bern\\\/\",\"url\":\"https:\\\/\\\/bien-etreiris.ch\\\/de\\\/unsere-marken\\\/textilpflege-bern\\\/\",\"name\":\"TEXTILPFLEGE BERN - WOHLBEFINDEN\",\"isPartOf\":{\"@id\":\"https:\\\/\\\/bien-etreiris.ch\\\/de\\\/#website\"},\"primaryImageOfPage\":{\"@id\":\"https:\\\/\\\/bien-etreiris.ch\\\/de\\\/unsere-marken\\\/textilpflege-bern\\\/#primaryimage\"},\"image\":{\"@id\":\"https:\\\/\\\/bien-etreiris.ch\\\/de\\\/unsere-marken\\\/textilpflege-bern\\\/#primaryimage\"},\"thumbnailUrl\":\"https:\\\/\\\/bien-etreiris.ch\\\/wp-content\\\/uploads\\\/2021\\\/09\\\/Textilpflege-Bern-1.jpg\",\"datePublished\":\"2021-06-21T16:04:11+00:00\",\"dateModified\":\"2021-09-16T16:28:21+00:00\",\"breadcrumb\":{\"@id\":\"https:\\\/\\\/bien-etreiris.ch\\\/de\\\/unsere-marken\\\/textilpflege-bern\\\/#breadcrumb\"},\"inLanguage\":\"de\",\"potentialAction\":[{\"@type\":\"ReadAction\",\"target\":[\"https:\\\/\\\/bien-etreiris.ch\\\/de\\\/unsere-marken\\\/textilpflege-bern\\\/\"]}]},{\"@type\":\"ImageObject\",\"inLanguage\":\"de\",\"@id\":\"https:\\\/\\\/bien-etreiris.ch\\\/de\\\/unsere-marken\\\/textilpflege-bern\\\/#primaryimage\",\"url\":\"https:\\\/\\\/bien-etreiris.ch\\\/wp-content\\\/uploads\\\/2021\\\/09\\\/Textilpflege-Bern-1.jpg\",\"contentUrl\":\"https:\\\/\\\/bien-etreiris.ch\\\/wp-content\\\/uploads\\\/2021\\\/09\\\/Textilpflege-Bern-1.jpg\",\"width\":500,\"height\":332},{\"@type\":\"BreadcrumbList\",\"@id\":\"https:\\\/\\\/bien-etreiris.ch\\\/de\\\/unsere-marken\\\/textilpflege-bern\\\/#breadcrumb\",\"itemListElement\":[{\"@type\":\"ListItem\",\"position\":1,\"name\":\"Home\",\"item\":\"https:\\\/\\\/bien-etreiris.ch\\\/de\\\/\"},{\"@type\":\"ListItem\",\"position\":2,\"name\":\"UNSERE MARKEN\",\"item\":\"https:\\\/\\\/bien-etreiris.ch\\\/de\\\/unsere-marken\\\/\"},{\"@type\":\"ListItem\",\"position\":3,\"name\":\"TEXTILPFLEGE BERN\"}]},{\"@type\":\"WebSite\",\"@id\":\"https:\\\/\\\/bien-etreiris.ch\\\/de\\\/#website\",\"url\":\"https:\\\/\\\/bien-etreiris.ch\\\/de\\\/\",\"name\":\"Bien-\u00eatre Iris\",\"description\":\"IHRE Gesundheit ist uns wichtig\",\"potentialAction\":[{\"@type\":\"SearchAction\",\"target\":{\"@type\":\"EntryPoint\",\"urlTemplate\":\"https:\\\/\\\/bien-etreiris.ch\\\/de\\\/?s={search_term_string}\"},\"query-input\":{\"@type\":\"PropertyValueSpecification\",\"valueRequired\":true,\"valueName\":\"search_term_string\"}}],\"inLanguage\":\"de\"}]}<\/script>\n<!-- \/ Yoast SEO plugin. -->","yoast_head_json":{"title":"TEXTILPFLEGE BERN - WOHLBEFINDEN","robots":{"index":"index","follow":"follow","max-snippet":"max-snippet:-1","max-image-preview":"max-image-preview:large","max-video-preview":"max-video-preview:-1"},"canonical":"https:\/\/bien-etreiris.ch\/de\/unsere-marken\/textilpflege-bern\/","og_locale":"de_DE","og_type":"article","og_title":"TEXTILPFLEGE BERN - WOHLBEFINDEN","og_description":"En ao\u00fbt 2019, nous avons c\u00e9l\u00e9br\u00e9 le 20e anniversaire de notre entreprise. Depuis la cr\u00e9ation de FashionCare Haldimann AG en 1999, nous avons pu accumuler de nombreuses exp\u00e9riences pr\u00e9cieuses, notamment les tendances de la mode, les habitants de la ville et du canton de Berne, les exigences du monde culturel et l'orientation constante dans la recherche et le domaine sp\u00e9cialis\u00e9&nbsp;Weiter lesen","og_url":"https:\/\/bien-etreiris.ch\/de\/unsere-marken\/textilpflege-bern\/","og_site_name":"WOHLBEFINDEN","article_publisher":"https:\/\/www.facebook.com\/bienetreiris\/","article_modified_time":"2021-09-16T16:28:21+00:00","og_image":[{"width":500,"height":332,"url":"https:\/\/bien-etreiris.ch\/wp-content\/uploads\/2021\/09\/Textilpflege-Bern-1.jpg","type":"image\/jpeg"}],"twitter_misc":{"Gesch\u00e4tzte Lesezeit":"1\u00a0Minute"},"schema":{"@context":"https:\/\/schema.org","@graph":[{"@type":"WebPage","@id":"https:\/\/bien-etreiris.ch\/de\/unsere-marken\/textilpflege-bern\/","url":"https:\/\/bien-etreiris.ch\/de\/unsere-marken\/textilpflege-bern\/","name":"TEXTILPFLEGE BERN - WOHLBEFINDEN","isPartOf":{"@id":"https:\/\/bien-etreiris.ch\/de\/#website"},"primaryImageOfPage":{"@id":"https:\/\/bien-etreiris.ch\/de\/unsere-marken\/textilpflege-bern\/#primaryimage"},"image":{"@id":"https:\/\/bien-etreiris.ch\/de\/unsere-marken\/textilpflege-bern\/#primaryimage"},"thumbnailUrl":"https:\/\/bien-etreiris.ch\/wp-content\/uploads\/2021\/09\/Textilpflege-Bern-1.jpg","datePublished":"2021-06-21T16:04:11+00:00","dateModified":"2021-09-16T16:28:21+00:00","breadcrumb":{"@id":"https:\/\/bien-etreiris.ch\/de\/unsere-marken\/textilpflege-bern\/#breadcrumb"},"inLanguage":"de","potentialAction":[{"@type":"ReadAction","target":["https:\/\/bien-etreiris.ch\/de\/unsere-marken\/textilpflege-bern\/"]}]},{"@type":"ImageObject","inLanguage":"de","@id":"https:\/\/bien-etreiris.ch\/de\/unsere-marken\/textilpflege-bern\/#primaryimage","url":"https:\/\/bien-etreiris.ch\/wp-content\/uploads\/2021\/09\/Textilpflege-Bern-1.jpg","contentUrl":"https:\/\/bien-etreiris.ch\/wp-content\/uploads\/2021\/09\/Textilpflege-Bern-1.jpg","width":500,"height":332},{"@type":"BreadcrumbList","@id":"https:\/\/bien-etreiris.ch\/de\/unsere-marken\/textilpflege-bern\/#breadcrumb","itemListElement":[{"@type":"ListItem","position":1,"name":"Home","item":"https:\/\/bien-etreiris.ch\/de\/"},{"@type":"ListItem","position":2,"name":"UNSERE MARKEN","item":"https:\/\/bien-etreiris.ch\/de\/unsere-marken\/"},{"@type":"ListItem","position":3,"name":"TEXTILPFLEGE BERN"}]},{"@type":"WebSite","@id":"https:\/\/bien-etreiris.ch\/de\/#website","url":"https:\/\/bien-etreiris.ch\/de\/","name":"Bien-\u00eatre Iris","description":"IHRE Gesundheit ist uns wichtig","potentialAction":[{"@type":"SearchAction","target":{"@type":"EntryPoint","urlTemplate":"https:\/\/bien-etreiris.ch\/de\/?s={search_term_string}"},"query-input":{"@type":"PropertyValueSpecification","valueRequired":true,"valueName":"search_term_string"}}],"inLanguage":"de"}]}},"_links":{"self":[{"href":"https:\/\/bien-etreiris.ch\/de\/wp-json\/wp\/v2\/pages\/51115","targetHints":{"allow":["GET"]}}],"collection":[{"href":"https:\/\/bien-etreiris.ch\/de\/wp-json\/wp\/v2\/pages"}],"about":[{"href":"https:\/\/bien-etreiris.ch\/de\/wp-json\/wp\/v2\/types\/page"}],"author":[{"embeddable":true,"href":"https:\/\/bien-etreiris.ch\/de\/wp-json\/wp\/v2\/users\/1"}],"replies":[{"embeddable":true,"href":"https:\/\/bien-etreiris.ch\/de\/wp-json\/wp\/v2\/comments?post=51115"}],"version-history":[{"count":1,"href":"https:\/\/bien-etreiris.ch\/de\/wp-json\/wp\/v2\/pages\/51115\/revisions"}],"predecessor-version":[{"id":51118,"href":"https:\/\/bien-etreiris.ch\/de\/wp-json\/wp\/v2\/pages\/51115\/revisions\/51118"}],"up":[{"embeddable":true,"href":"https:\/\/bien-etreiris.ch\/de\/wp-json\/wp\/v2\/pages\/44406"}],"wp:featuredmedia":[{"embeddable":true,"href":"https:\/\/bien-etreiris.ch\/de\/wp-json\/wp\/v2\/media\/54337"}],"wp:attachment":[{"href":"https:\/\/bien-etreiris.ch\/de\/wp-json\/wp\/v2\/media?parent=51115"}],"curies":[{"name":"wp","href":"https:\/\/api.w.org\/{rel}","templated":true}]}}