{"id":51072,"date":"2020-01-04T12:23:10","date_gmt":"2020-01-04T12:23:10","guid":{"rendered":"https:\/\/bien-etreiris.ch\/indianherbs\/"},"modified":"2021-07-12T08:41:00","modified_gmt":"2021-07-12T06:41:00","slug":"leitfaden","status":"publish","type":"page","link":"https:\/\/bien-etreiris.ch\/de\/produktpraesentation\/aromatherapie\/raeuchern\/leitfaden\/","title":{"rendered":"LEITFADEN"},"content":{"rendered":"<h2><strong>Infos und Beratung durch unseren Lieferanten INDIANHERBS<\/strong><\/h2>\n<p>&nbsp;<\/p>\n<p><a href=\"https:\/\/decoiris.ch\/wp-content\/uploads\/2020\/01\/Encens-se-connecte-avec-le-monde-spirituel-rond.png\"><img loading=\"lazy\" decoding=\"async\" class=\"wp-image-30392 size-medium aligncenter\" src=\"https:\/\/decoiris.ch\/wp-content\/uploads\/2020\/01\/Encens-se-connecte-avec-le-monde-spirituel-rond-300x233.png\" alt=\"\" width=\"300\" height=\"233\" srcset=\"https:\/\/bien-etreiris.ch\/wp-content\/uploads\/2020\/01\/Encens-se-connecte-avec-le-monde-spirituel-rond-300x233.png 300w, https:\/\/bien-etreiris.ch\/wp-content\/uploads\/2020\/01\/Encens-se-connecte-avec-le-monde-spirituel-rond.png 672w\" sizes=\"auto, (max-width: 300px) 100vw, 300px\" \/><\/a><\/p>\n\n\n<h2 class=\"wp-block-heading\"> <br><strong>Eine kurze Anleitung zur R\u00e4ucherung<\/strong><\/h2>\n\n\n<p>Sch\u00fctten Sie trockenen Sand oder Erde in eine feuerfeste Schale. Dadurch wird die Verbindung mit der Mutter Erde hergestellt.<br>Z\u00fcnden Sie einen Holzkohlebrenner an und stellen Sie ihn auf den Sand. Warten Sie dann, bis die Holzkohle wei\u00df wird, damit die Hitze perfekt ist. Legen Sie das ausgew\u00e4hlte R\u00e4ucherwerk auf die Kohle. Leiten Sie den Rauch<br>sanft mit einer Feder auf die Aura. Geben Sie ihr Herzenssorgen und -w\u00fcnsche in den Rauch, damit sie darauf eingehen und um deren Erf\u00fcllung bitten kann.<\/p>\n<h4>Regeln und Vorsichtsma\u00dfnahmen<\/h4>\n<p>Legen Sie die Holzkohle nur in feuerfeste Schalen. Da die Sch\u00fcssel hei\u00df werden kann, empfiehlt es sich au\u00dferdem, einen Schutz unter die Sch\u00fcssel zu legen, damit die Oberfl\u00e4che nicht besch\u00e4digt wird. Halten Sie hei\u00dfe Kohlen wegen der Verbrennungsgefahr au\u00dferhalb der Reichweite von Kindern und Haustieren.<br>R\u00e4uchergef\u00e4\u00dfe mit einer Flamme, z. B. R\u00e4ucherutensilien, k\u00f6nnen Feuer fangen.<br>Daher empfehle ich, den Raum nicht zu verlassen, solange es brennt.<br>Ich w\u00fcnsche Ihnen von Herzen, dass das Begasungsritual viel Spa\u00df macht und Ihnen den gew\u00fcnschten Erfolg bringt.<\/p>","protected":false},"excerpt":{"rendered":"<p>Infos und Beratung durch unseren Lieferanten INDIANHERBS &nbsp; Eine kurze Anleitung zur R\u00e4ucherung Sch\u00fctten Sie trockenen Sand oder Erde in eine feuerfeste Schale. Dadurch wird die Verbindung mit der Mutter Erde hergestellt.Z\u00fcnden Sie einen Holzkohlebrenner an und stellen Sie ihn auf den Sand. Warten Sie dann, bis die Holzkohle wei\u00df wird, damit die Hitze perfekt ist. Legen Sie das ausgew\u00e4hlte&nbsp;<a href=\"https:\/\/bien-etreiris.ch\/de\/produktpraesentation\/aromatherapie\/raeuchern\/leitfaden\/\" class=\"read-more\">Weiter lesen<\/a><\/p>\n","protected":false},"author":1,"featured_media":54714,"parent":30686,"menu_order":7200,"comment_status":"closed","ping_status":"closed","template":"page-with-child.php","meta":{"_acf_changed":false,"ngg_post_thumbnail":0,"footnotes":""},"class_list":["post-51072","page","type-page","status-publish","has-post-thumbnail","hentry"],"acf":[],"yoast_head":"<!-- This site is optimized with the Yoast SEO plugin v27.5 - https:\/\/yoast.com\/product\/yoast-seo-wordpress\/ -->\n<title>LEITFADEN - WOHLBEFINDEN<\/title>\n<meta name=\"robots\" content=\"index, follow, max-snippet:-1, max-image-preview:large, max-video-preview:-1\" \/>\n<link rel=\"canonical\" href=\"https:\/\/bien-etreiris.ch\/de\/produktpraesentation\/aromatherapie\/raeuchern\/leitfaden\/\" \/>\n<meta property=\"og:locale\" content=\"de_DE\" \/>\n<meta property=\"og:type\" content=\"article\" \/>\n<meta property=\"og:title\" content=\"LEITFADEN - WOHLBEFINDEN\" \/>\n<meta property=\"og:description\" content=\"Infos und Beratung durch unseren Lieferanten INDIANHERBS &nbsp; Eine kurze Anleitung zur R\u00e4ucherung Sch\u00fctten Sie trockenen Sand oder Erde in eine feuerfeste Schale. Dadurch wird die Verbindung mit der Mutter Erde hergestellt.Z\u00fcnden Sie einen Holzkohlebrenner an und stellen Sie ihn auf den Sand. Warten Sie dann, bis die Holzkohle wei\u00df wird, damit die Hitze perfekt ist. Legen Sie das ausgew\u00e4hlte&nbsp;Weiter lesen\" \/>\n<meta property=\"og:url\" content=\"https:\/\/bien-etreiris.ch\/de\/produktpraesentation\/aromatherapie\/raeuchern\/leitfaden\/\" \/>\n<meta property=\"og:site_name\" content=\"WOHLBEFINDEN\" \/>\n<meta property=\"article:publisher\" content=\"https:\/\/www.facebook.com\/bienetreiris\/\" \/>\n<meta property=\"article:modified_time\" content=\"2021-07-12T06:41:00+00:00\" \/>\n<meta property=\"og:image\" content=\"https:\/\/bien-etreiris.ch\/wp-content\/uploads\/2021\/11\/acceuil-Melanges-2.jpg\" \/>\n\t<meta property=\"og:image:width\" content=\"550\" \/>\n\t<meta property=\"og:image:height\" content=\"369\" \/>\n\t<meta property=\"og:image:type\" content=\"image\/jpeg\" \/>\n<meta name=\"twitter:label1\" content=\"Gesch\u00e4tzte Lesezeit\" \/>\n\t<meta name=\"twitter:data1\" content=\"1\u00a0Minute\" \/>\n<script type=\"application\/ld+json\" class=\"yoast-schema-graph\">{\"@context\":\"https:\\\/\\\/schema.org\",\"@graph\":[{\"@type\":\"WebPage\",\"@id\":\"https:\\\/\\\/bien-etreiris.ch\\\/de\\\/produktpraesentation\\\/aromatherapie\\\/raeuchern\\\/leitfaden\\\/\",\"url\":\"https:\\\/\\\/bien-etreiris.ch\\\/de\\\/produktpraesentation\\\/aromatherapie\\\/raeuchern\\\/leitfaden\\\/\",\"name\":\"LEITFADEN - WOHLBEFINDEN\",\"isPartOf\":{\"@id\":\"https:\\\/\\\/bien-etreiris.ch\\\/de\\\/#website\"},\"primaryImageOfPage\":{\"@id\":\"https:\\\/\\\/bien-etreiris.ch\\\/de\\\/produktpraesentation\\\/aromatherapie\\\/raeuchern\\\/leitfaden\\\/#primaryimage\"},\"image\":{\"@id\":\"https:\\\/\\\/bien-etreiris.ch\\\/de\\\/produktpraesentation\\\/aromatherapie\\\/raeuchern\\\/leitfaden\\\/#primaryimage\"},\"thumbnailUrl\":\"https:\\\/\\\/bien-etreiris.ch\\\/wp-content\\\/uploads\\\/2021\\\/11\\\/acceuil-Melanges-2.jpg\",\"datePublished\":\"2020-01-04T12:23:10+00:00\",\"dateModified\":\"2021-07-12T06:41:00+00:00\",\"breadcrumb\":{\"@id\":\"https:\\\/\\\/bien-etreiris.ch\\\/de\\\/produktpraesentation\\\/aromatherapie\\\/raeuchern\\\/leitfaden\\\/#breadcrumb\"},\"inLanguage\":\"de\",\"potentialAction\":[{\"@type\":\"ReadAction\",\"target\":[\"https:\\\/\\\/bien-etreiris.ch\\\/de\\\/produktpraesentation\\\/aromatherapie\\\/raeuchern\\\/leitfaden\\\/\"]}]},{\"@type\":\"ImageObject\",\"inLanguage\":\"de\",\"@id\":\"https:\\\/\\\/bien-etreiris.ch\\\/de\\\/produktpraesentation\\\/aromatherapie\\\/raeuchern\\\/leitfaden\\\/#primaryimage\",\"url\":\"https:\\\/\\\/bien-etreiris.ch\\\/wp-content\\\/uploads\\\/2021\\\/11\\\/acceuil-Melanges-2.jpg\",\"contentUrl\":\"https:\\\/\\\/bien-etreiris.ch\\\/wp-content\\\/uploads\\\/2021\\\/11\\\/acceuil-Melanges-2.jpg\",\"width\":550,\"height\":369},{\"@type\":\"BreadcrumbList\",\"@id\":\"https:\\\/\\\/bien-etreiris.ch\\\/de\\\/produktpraesentation\\\/aromatherapie\\\/raeuchern\\\/leitfaden\\\/#breadcrumb\",\"itemListElement\":[{\"@type\":\"ListItem\",\"position\":1,\"name\":\"Home\",\"item\":\"https:\\\/\\\/bien-etreiris.ch\\\/de\\\/\"},{\"@type\":\"ListItem\",\"position\":2,\"name\":\"PRODUKTPR\u00c4SENTATION\",\"item\":\"https:\\\/\\\/bien-etreiris.ch\\\/de\\\/produktpraesentation\\\/\"},{\"@type\":\"ListItem\",\"position\":3,\"name\":\"AROMATHERAPIE\",\"item\":\"https:\\\/\\\/bien-etreiris.ch\\\/de\\\/produktpraesentation\\\/aromatherapie\\\/\"},{\"@type\":\"ListItem\",\"position\":4,\"name\":\"R\u00e4UCHERN\",\"item\":\"https:\\\/\\\/bien-etreiris.ch\\\/de\\\/produktpraesentation\\\/aromatherapie\\\/raeuchern\\\/\"},{\"@type\":\"ListItem\",\"position\":5,\"name\":\"LEITFADEN\"}]},{\"@type\":\"WebSite\",\"@id\":\"https:\\\/\\\/bien-etreiris.ch\\\/de\\\/#website\",\"url\":\"https:\\\/\\\/bien-etreiris.ch\\\/de\\\/\",\"name\":\"Bien-\u00eatre Iris\",\"description\":\"IHRE Gesundheit ist uns wichtig\",\"potentialAction\":[{\"@type\":\"SearchAction\",\"target\":{\"@type\":\"EntryPoint\",\"urlTemplate\":\"https:\\\/\\\/bien-etreiris.ch\\\/de\\\/?s={search_term_string}\"},\"query-input\":{\"@type\":\"PropertyValueSpecification\",\"valueRequired\":true,\"valueName\":\"search_term_string\"}}],\"inLanguage\":\"de\"}]}<\/script>\n<!-- \/ Yoast SEO plugin. -->","yoast_head_json":{"title":"LEITFADEN - WOHLBEFINDEN","robots":{"index":"index","follow":"follow","max-snippet":"max-snippet:-1","max-image-preview":"max-image-preview:large","max-video-preview":"max-video-preview:-1"},"canonical":"https:\/\/bien-etreiris.ch\/de\/produktpraesentation\/aromatherapie\/raeuchern\/leitfaden\/","og_locale":"de_DE","og_type":"article","og_title":"LEITFADEN - WOHLBEFINDEN","og_description":"Infos und Beratung durch unseren Lieferanten INDIANHERBS &nbsp; Eine kurze Anleitung zur R\u00e4ucherung Sch\u00fctten Sie trockenen Sand oder Erde in eine feuerfeste Schale. Dadurch wird die Verbindung mit der Mutter Erde hergestellt.Z\u00fcnden Sie einen Holzkohlebrenner an und stellen Sie ihn auf den Sand. Warten Sie dann, bis die Holzkohle wei\u00df wird, damit die Hitze perfekt ist. Legen Sie das ausgew\u00e4hlte&nbsp;Weiter lesen","og_url":"https:\/\/bien-etreiris.ch\/de\/produktpraesentation\/aromatherapie\/raeuchern\/leitfaden\/","og_site_name":"WOHLBEFINDEN","article_publisher":"https:\/\/www.facebook.com\/bienetreiris\/","article_modified_time":"2021-07-12T06:41:00+00:00","og_image":[{"width":550,"height":369,"url":"https:\/\/bien-etreiris.ch\/wp-content\/uploads\/2021\/11\/acceuil-Melanges-2.jpg","type":"image\/jpeg"}],"twitter_misc":{"Gesch\u00e4tzte Lesezeit":"1\u00a0Minute"},"schema":{"@context":"https:\/\/schema.org","@graph":[{"@type":"WebPage","@id":"https:\/\/bien-etreiris.ch\/de\/produktpraesentation\/aromatherapie\/raeuchern\/leitfaden\/","url":"https:\/\/bien-etreiris.ch\/de\/produktpraesentation\/aromatherapie\/raeuchern\/leitfaden\/","name":"LEITFADEN - WOHLBEFINDEN","isPartOf":{"@id":"https:\/\/bien-etreiris.ch\/de\/#website"},"primaryImageOfPage":{"@id":"https:\/\/bien-etreiris.ch\/de\/produktpraesentation\/aromatherapie\/raeuchern\/leitfaden\/#primaryimage"},"image":{"@id":"https:\/\/bien-etreiris.ch\/de\/produktpraesentation\/aromatherapie\/raeuchern\/leitfaden\/#primaryimage"},"thumbnailUrl":"https:\/\/bien-etreiris.ch\/wp-content\/uploads\/2021\/11\/acceuil-Melanges-2.jpg","datePublished":"2020-01-04T12:23:10+00:00","dateModified":"2021-07-12T06:41:00+00:00","breadcrumb":{"@id":"https:\/\/bien-etreiris.ch\/de\/produktpraesentation\/aromatherapie\/raeuchern\/leitfaden\/#breadcrumb"},"inLanguage":"de","potentialAction":[{"@type":"ReadAction","target":["https:\/\/bien-etreiris.ch\/de\/produktpraesentation\/aromatherapie\/raeuchern\/leitfaden\/"]}]},{"@type":"ImageObject","inLanguage":"de","@id":"https:\/\/bien-etreiris.ch\/de\/produktpraesentation\/aromatherapie\/raeuchern\/leitfaden\/#primaryimage","url":"https:\/\/bien-etreiris.ch\/wp-content\/uploads\/2021\/11\/acceuil-Melanges-2.jpg","contentUrl":"https:\/\/bien-etreiris.ch\/wp-content\/uploads\/2021\/11\/acceuil-Melanges-2.jpg","width":550,"height":369},{"@type":"BreadcrumbList","@id":"https:\/\/bien-etreiris.ch\/de\/produktpraesentation\/aromatherapie\/raeuchern\/leitfaden\/#breadcrumb","itemListElement":[{"@type":"ListItem","position":1,"name":"Home","item":"https:\/\/bien-etreiris.ch\/de\/"},{"@type":"ListItem","position":2,"name":"PRODUKTPR\u00c4SENTATION","item":"https:\/\/bien-etreiris.ch\/de\/produktpraesentation\/"},{"@type":"ListItem","position":3,"name":"AROMATHERAPIE","item":"https:\/\/bien-etreiris.ch\/de\/produktpraesentation\/aromatherapie\/"},{"@type":"ListItem","position":4,"name":"R\u00e4UCHERN","item":"https:\/\/bien-etreiris.ch\/de\/produktpraesentation\/aromatherapie\/raeuchern\/"},{"@type":"ListItem","position":5,"name":"LEITFADEN"}]},{"@type":"WebSite","@id":"https:\/\/bien-etreiris.ch\/de\/#website","url":"https:\/\/bien-etreiris.ch\/de\/","name":"Bien-\u00eatre Iris","description":"IHRE Gesundheit ist uns wichtig","potentialAction":[{"@type":"SearchAction","target":{"@type":"EntryPoint","urlTemplate":"https:\/\/bien-etreiris.ch\/de\/?s={search_term_string}"},"query-input":{"@type":"PropertyValueSpecification","valueRequired":true,"valueName":"search_term_string"}}],"inLanguage":"de"}]}},"_links":{"self":[{"href":"https:\/\/bien-etreiris.ch\/de\/wp-json\/wp\/v2\/pages\/51072","targetHints":{"allow":["GET"]}}],"collection":[{"href":"https:\/\/bien-etreiris.ch\/de\/wp-json\/wp\/v2\/pages"}],"about":[{"href":"https:\/\/bien-etreiris.ch\/de\/wp-json\/wp\/v2\/types\/page"}],"author":[{"embeddable":true,"href":"https:\/\/bien-etreiris.ch\/de\/wp-json\/wp\/v2\/users\/1"}],"replies":[{"embeddable":true,"href":"https:\/\/bien-etreiris.ch\/de\/wp-json\/wp\/v2\/comments?post=51072"}],"version-history":[{"count":3,"href":"https:\/\/bien-etreiris.ch\/de\/wp-json\/wp\/v2\/pages\/51072\/revisions"}],"predecessor-version":[{"id":51993,"href":"https:\/\/bien-etreiris.ch\/de\/wp-json\/wp\/v2\/pages\/51072\/revisions\/51993"}],"up":[{"embeddable":true,"href":"https:\/\/bien-etreiris.ch\/de\/wp-json\/wp\/v2\/pages\/30686"}],"wp:featuredmedia":[{"embeddable":true,"href":"https:\/\/bien-etreiris.ch\/de\/wp-json\/wp\/v2\/media\/54714"}],"wp:attachment":[{"href":"https:\/\/bien-etreiris.ch\/de\/wp-json\/wp\/v2\/media?parent=51072"}],"curies":[{"name":"wp","href":"https:\/\/api.w.org\/{rel}","templated":true}]}}