{"id":51053,"date":"2020-11-30T05:14:18","date_gmt":"2020-11-30T05:14:18","guid":{"rendered":"https:\/\/bien-etreiris.ch\/info-supplement-sur-la-marque-intervall\/"},"modified":"2024-11-28T19:04:07","modified_gmt":"2024-11-28T17:04:07","slug":"intervall","status":"publish","type":"page","link":"https:\/\/bien-etreiris.ch\/de\/unsere-marken\/intervall\/","title":{"rendered":"INTERVALL"},"content":{"rendered":"<div id=\"section\">\n<h2>Hohe Anspr\u00fcche!<\/h2>\n<p>Wer an seine Kleidung hohe Anspr\u00fcche stellt, der legt auch Wert auf eine W\u00e4schepflege, die h\u00f6chsten Anspr\u00fcchen gen\u00fcgt. Es macht keinen Sinn, viel Geld f\u00fcr teure und qualitativ hochwertige Kleidung auszugeben, nur um sie dann mit Billigwaschmitteln zu ruinieren.<\/p>\n<p>&nbsp;<\/p>\n<h4>Die richtige Pflege f\u00fcr empfindliche Fasern!<\/h4>\n<p>Schon vor 50 Jahren hatte der Firmengr\u00fcnder Erich Rindt erkannt, dass die allermeisten Kleidungsst\u00fccke gar nicht in die Reinigung m\u00fcssen, da sie besser gewaschen werden k\u00f6nnen. Mit dem richtigen Spezialwaschmittel ist das \u00fcberhaupt kein Problem.<\/p>\n<p>&nbsp;<\/p>\n<h4>Verschiedene Fasern bedeuten verschiedene Anforderungen!<\/h4>\n<p>Die ersten Produkte waren Impr\u00e4gniermittel, Teppichpflege, Gardinenspezialpflege. 1978 folgte dann die noch heute bekannte Seidenpflege <strong>tenestar<\/strong>. Einige Jahre sp\u00e4ter (1983) dann das Cashmerewaschmittel <strong>tenemoll<\/strong>, welches heute so beliebt ist, das Firmen wie Iris von Arnim Cashmere in Hamburg, Ludwig Beck in M\u00fcnchen oder Fedeli Cashmere in Italien es sogar als Eigenlabel bei uns herstellen lassen. Unsere Philosophie ist, dass jede Faser anders ist und somit auch andere Anforderungen an ein Waschmittel stellt. Daher haben wir unser Sortiment mit den Jahren zielgerichtet erweitert.<\/p>\n<p>&nbsp;<\/p>\n<h4>Umweltfreundlich. Das sagt auch \u00d6kotest.<\/h4>\n<p>Alle Waschmittel k\u00f6nnen sowohl im Waschbecken als auch in der Maschine verwandt werden. Insbesondere auf den \u00f6kologischen Aspekt wurde schon immer viel Wert gelegt. So sind alle Fl\u00fcssigwaschmittel der INTERVALL GmbH phosphatfrei. Bei der Konservierung wurde auch auf umweltsch\u00e4dliches Formaldehyd oder Catoen verzichtet und stattdessen potassium sorbate verwendet, welches als Konservierungsmittel auch vom \u00d6kotest empfohlen wird. Die INTERVALL \u2013 Pflegeserie ist vollst\u00e4ndig biologisch abbaubar (OECD-Test: readily biodegradable). Diese konsequente Umweltorientierung wurde anerkannt, als der \u00d6kotest 1993 die INTERVALL Pflegeserie als \u201eempfehlenswert\u201c einstufte.<\/p>\n<p>&nbsp;<\/p>\n<h4>Sonderservice f\u00fcr Allergiker<\/h4>\n<p>Als Sonderservice f\u00fcr Allergiker bietet die INTERVALL GmbH ihre Pflegeserie auch ohne Parf\u00fcmzusatz an.<\/p>\n<h4>&nbsp;<\/h4>\n<h4>Produkte f\u00fcr alle Fasern!<\/h4>\n<p>Eine derartig umfangreiche Linie f\u00fcr Spezialwaschmittel ist ziemlich einzigartig. Die INTERVALL-Pflegeserie ist wie eine komplette Kosmetiklinie \u2013 nur eben f\u00fcr zarte Kleider, kuschelige Pullover, empfindliche Unterw\u00e4sche, sportliche Shirts, wei\u00dfe Tag- und Nachtw\u00e4sche. Nur eine kleine, stabil familiengef\u00fchrte Manufaktur mit langj\u00e4hriger Erfahrung wie die INTERVALL GmbH kann diesen Service bieten, der sich genau den W\u00fcnschen der Kunden und den Bed\u00fcrfnissen der Kleidung anpasst.<\/p>\n<p>&nbsp;<\/p>\n<h4>Von f\u00fchrenden Herstellern empfohlen!<\/h4>\n<p>Eine Flasche <strong>tenemoll<\/strong> f\u00fcr Wolle\/Cashmere\/Daunen kostet deutlich mehr als handels\u00fcbliche Waschmittel, die man im Supermarkt kauft. Daf\u00fcr ist es allerdings auch wesentlich ergiebiger. Auch gegen\u00fcber der Umwelt kann man ein gutes Gewissen haben. Und was sind schon einige Euro mehr, wenn es wom\u00f6glich um den 400,- \u20ac Cashmerepullover oder das 800,- \u20ac Seidenkleid geht? Deshalb empfehlen auch f\u00fchrende Mode-Hersteller wie Bogner und Strenesse, aber auch Lingerie- und Bademodenhersteller wie Lingerie Louis F\u00e9raud, Maryan Beachwear, Zimmerli die INTERVALL \u2013 Pflegeserie. Die Hersteller Iris von Arnim Cashmere, Closed, Fedeli Cashmere und Maryan Beachwear bieten Ihren Kunden sogar einen ganz exclusiven Service, indem Sie dem Einzelhandel das Pflegemittel <strong>tenemoll<\/strong> bzw. <strong>teneplus<\/strong> als Eigenlabel zur Verf\u00fcgung stellen. Der perfekte Service \u2013 und der perfekte Schutz vor Reklamationen wegen falscher Waschbehandlung. <strong>Erh\u00e4ltlich ist die INTERVALL-Pflegeserie nur im textilen Fachhandel \u2013 nicht im Supermarkt!<\/strong><\/p>\n<p>&nbsp;<\/p>\n<\/div>\n<h2><a href=\"https:\/\/bien-etreiris.ch\/de\/produktpraesentation\/hygiene\/haushaltsreinigung\/haushaltsseifen\/waesche-waschen\/tene-tex-t9-interval\/\" target=\"_blank\" rel=\"noopener\">ZU DEN PRODUKTEN<\/a><\/h2>\n","protected":false},"excerpt":{"rendered":"<p>Hohe Anspr\u00fcche! Wer an seine Kleidung hohe Anspr\u00fcche stellt, der legt auch Wert auf eine W\u00e4schepflege, die h\u00f6chsten Anspr\u00fcchen gen\u00fcgt. Es macht keinen Sinn, viel Geld f\u00fcr teure und qualitativ hochwertige Kleidung auszugeben, nur um sie dann mit Billigwaschmitteln zu ruinieren. &nbsp; Die richtige Pflege f\u00fcr empfindliche Fasern! Schon vor 50 Jahren hatte der Firmengr\u00fcnder Erich Rindt erkannt, dass die&nbsp;<a href=\"https:\/\/bien-etreiris.ch\/de\/unsere-marken\/intervall\/\" class=\"read-more\">Weiter lesen<\/a><\/p>\n","protected":false},"author":1,"featured_media":92864,"parent":44406,"menu_order":6732,"comment_status":"closed","ping_status":"closed","template":"page-with-child.php","meta":{"_acf_changed":false,"ngg_post_thumbnail":0,"footnotes":""},"class_list":["post-51053","page","type-page","status-publish","has-post-thumbnail","hentry"],"acf":[],"yoast_head":"<!-- This site is optimized with the Yoast SEO plugin v27.4 - https:\/\/yoast.com\/product\/yoast-seo-wordpress\/ -->\n<title>INTERVALL - WOHLBEFINDEN<\/title>\n<meta name=\"robots\" content=\"index, follow, max-snippet:-1, max-image-preview:large, max-video-preview:-1\" \/>\n<link rel=\"canonical\" href=\"https:\/\/bien-etreiris.ch\/de\/unsere-marken\/intervall\/\" \/>\n<meta property=\"og:locale\" content=\"de_DE\" \/>\n<meta property=\"og:type\" content=\"article\" \/>\n<meta property=\"og:title\" content=\"INTERVALL - WOHLBEFINDEN\" \/>\n<meta property=\"og:description\" content=\"Hohe Anspr\u00fcche! Wer an seine Kleidung hohe Anspr\u00fcche stellt, der legt auch Wert auf eine W\u00e4schepflege, die h\u00f6chsten Anspr\u00fcchen gen\u00fcgt. Es macht keinen Sinn, viel Geld f\u00fcr teure und qualitativ hochwertige Kleidung auszugeben, nur um sie dann mit Billigwaschmitteln zu ruinieren. &nbsp; Die richtige Pflege f\u00fcr empfindliche Fasern! Schon vor 50 Jahren hatte der Firmengr\u00fcnder Erich Rindt erkannt, dass die&nbsp;Weiter lesen\" \/>\n<meta property=\"og:url\" content=\"https:\/\/bien-etreiris.ch\/de\/unsere-marken\/intervall\/\" \/>\n<meta property=\"og:site_name\" content=\"WOHLBEFINDEN\" \/>\n<meta property=\"article:publisher\" content=\"https:\/\/www.facebook.com\/bienetreiris\/\" \/>\n<meta property=\"article:modified_time\" content=\"2024-11-28T17:04:07+00:00\" \/>\n<meta property=\"og:image\" content=\"https:\/\/bien-etreiris.ch\/wp-content\/uploads\/2024\/11\/marques.jpg\" \/>\n\t<meta property=\"og:image:width\" content=\"500\" \/>\n\t<meta property=\"og:image:height\" content=\"333\" \/>\n\t<meta property=\"og:image:type\" content=\"image\/jpeg\" \/>\n<meta name=\"twitter:label1\" content=\"Gesch\u00e4tzte Lesezeit\" \/>\n\t<meta name=\"twitter:data1\" content=\"3\u00a0Minuten\" \/>\n<script type=\"application\/ld+json\" class=\"yoast-schema-graph\">{\"@context\":\"https:\\\/\\\/schema.org\",\"@graph\":[{\"@type\":\"WebPage\",\"@id\":\"https:\\\/\\\/bien-etreiris.ch\\\/de\\\/unsere-marken\\\/intervall\\\/\",\"url\":\"https:\\\/\\\/bien-etreiris.ch\\\/de\\\/unsere-marken\\\/intervall\\\/\",\"name\":\"INTERVALL - WOHLBEFINDEN\",\"isPartOf\":{\"@id\":\"https:\\\/\\\/bien-etreiris.ch\\\/de\\\/#website\"},\"primaryImageOfPage\":{\"@id\":\"https:\\\/\\\/bien-etreiris.ch\\\/de\\\/unsere-marken\\\/intervall\\\/#primaryimage\"},\"image\":{\"@id\":\"https:\\\/\\\/bien-etreiris.ch\\\/de\\\/unsere-marken\\\/intervall\\\/#primaryimage\"},\"thumbnailUrl\":\"https:\\\/\\\/bien-etreiris.ch\\\/wp-content\\\/uploads\\\/2024\\\/11\\\/marques.jpg\",\"datePublished\":\"2020-11-30T05:14:18+00:00\",\"dateModified\":\"2024-11-28T17:04:07+00:00\",\"breadcrumb\":{\"@id\":\"https:\\\/\\\/bien-etreiris.ch\\\/de\\\/unsere-marken\\\/intervall\\\/#breadcrumb\"},\"inLanguage\":\"de\",\"potentialAction\":[{\"@type\":\"ReadAction\",\"target\":[\"https:\\\/\\\/bien-etreiris.ch\\\/de\\\/unsere-marken\\\/intervall\\\/\"]}]},{\"@type\":\"ImageObject\",\"inLanguage\":\"de\",\"@id\":\"https:\\\/\\\/bien-etreiris.ch\\\/de\\\/unsere-marken\\\/intervall\\\/#primaryimage\",\"url\":\"https:\\\/\\\/bien-etreiris.ch\\\/wp-content\\\/uploads\\\/2024\\\/11\\\/marques.jpg\",\"contentUrl\":\"https:\\\/\\\/bien-etreiris.ch\\\/wp-content\\\/uploads\\\/2024\\\/11\\\/marques.jpg\",\"width\":500,\"height\":333},{\"@type\":\"BreadcrumbList\",\"@id\":\"https:\\\/\\\/bien-etreiris.ch\\\/de\\\/unsere-marken\\\/intervall\\\/#breadcrumb\",\"itemListElement\":[{\"@type\":\"ListItem\",\"position\":1,\"name\":\"Home\",\"item\":\"https:\\\/\\\/bien-etreiris.ch\\\/de\\\/\"},{\"@type\":\"ListItem\",\"position\":2,\"name\":\"UNSERE MARKEN\",\"item\":\"https:\\\/\\\/bien-etreiris.ch\\\/de\\\/unsere-marken\\\/\"},{\"@type\":\"ListItem\",\"position\":3,\"name\":\"INTERVALL\"}]},{\"@type\":\"WebSite\",\"@id\":\"https:\\\/\\\/bien-etreiris.ch\\\/de\\\/#website\",\"url\":\"https:\\\/\\\/bien-etreiris.ch\\\/de\\\/\",\"name\":\"Bien-\u00eatre Iris\",\"description\":\"IHRE Gesundheit ist uns wichtig\",\"potentialAction\":[{\"@type\":\"SearchAction\",\"target\":{\"@type\":\"EntryPoint\",\"urlTemplate\":\"https:\\\/\\\/bien-etreiris.ch\\\/de\\\/?s={search_term_string}\"},\"query-input\":{\"@type\":\"PropertyValueSpecification\",\"valueRequired\":true,\"valueName\":\"search_term_string\"}}],\"inLanguage\":\"de\"}]}<\/script>\n<!-- \/ Yoast SEO plugin. -->","yoast_head_json":{"title":"INTERVALL - WOHLBEFINDEN","robots":{"index":"index","follow":"follow","max-snippet":"max-snippet:-1","max-image-preview":"max-image-preview:large","max-video-preview":"max-video-preview:-1"},"canonical":"https:\/\/bien-etreiris.ch\/de\/unsere-marken\/intervall\/","og_locale":"de_DE","og_type":"article","og_title":"INTERVALL - WOHLBEFINDEN","og_description":"Hohe Anspr\u00fcche! Wer an seine Kleidung hohe Anspr\u00fcche stellt, der legt auch Wert auf eine W\u00e4schepflege, die h\u00f6chsten Anspr\u00fcchen gen\u00fcgt. Es macht keinen Sinn, viel Geld f\u00fcr teure und qualitativ hochwertige Kleidung auszugeben, nur um sie dann mit Billigwaschmitteln zu ruinieren. &nbsp; Die richtige Pflege f\u00fcr empfindliche Fasern! Schon vor 50 Jahren hatte der Firmengr\u00fcnder Erich Rindt erkannt, dass die&nbsp;Weiter lesen","og_url":"https:\/\/bien-etreiris.ch\/de\/unsere-marken\/intervall\/","og_site_name":"WOHLBEFINDEN","article_publisher":"https:\/\/www.facebook.com\/bienetreiris\/","article_modified_time":"2024-11-28T17:04:07+00:00","og_image":[{"width":500,"height":333,"url":"https:\/\/bien-etreiris.ch\/wp-content\/uploads\/2024\/11\/marques.jpg","type":"image\/jpeg"}],"twitter_misc":{"Gesch\u00e4tzte Lesezeit":"3\u00a0Minuten"},"schema":{"@context":"https:\/\/schema.org","@graph":[{"@type":"WebPage","@id":"https:\/\/bien-etreiris.ch\/de\/unsere-marken\/intervall\/","url":"https:\/\/bien-etreiris.ch\/de\/unsere-marken\/intervall\/","name":"INTERVALL - WOHLBEFINDEN","isPartOf":{"@id":"https:\/\/bien-etreiris.ch\/de\/#website"},"primaryImageOfPage":{"@id":"https:\/\/bien-etreiris.ch\/de\/unsere-marken\/intervall\/#primaryimage"},"image":{"@id":"https:\/\/bien-etreiris.ch\/de\/unsere-marken\/intervall\/#primaryimage"},"thumbnailUrl":"https:\/\/bien-etreiris.ch\/wp-content\/uploads\/2024\/11\/marques.jpg","datePublished":"2020-11-30T05:14:18+00:00","dateModified":"2024-11-28T17:04:07+00:00","breadcrumb":{"@id":"https:\/\/bien-etreiris.ch\/de\/unsere-marken\/intervall\/#breadcrumb"},"inLanguage":"de","potentialAction":[{"@type":"ReadAction","target":["https:\/\/bien-etreiris.ch\/de\/unsere-marken\/intervall\/"]}]},{"@type":"ImageObject","inLanguage":"de","@id":"https:\/\/bien-etreiris.ch\/de\/unsere-marken\/intervall\/#primaryimage","url":"https:\/\/bien-etreiris.ch\/wp-content\/uploads\/2024\/11\/marques.jpg","contentUrl":"https:\/\/bien-etreiris.ch\/wp-content\/uploads\/2024\/11\/marques.jpg","width":500,"height":333},{"@type":"BreadcrumbList","@id":"https:\/\/bien-etreiris.ch\/de\/unsere-marken\/intervall\/#breadcrumb","itemListElement":[{"@type":"ListItem","position":1,"name":"Home","item":"https:\/\/bien-etreiris.ch\/de\/"},{"@type":"ListItem","position":2,"name":"UNSERE MARKEN","item":"https:\/\/bien-etreiris.ch\/de\/unsere-marken\/"},{"@type":"ListItem","position":3,"name":"INTERVALL"}]},{"@type":"WebSite","@id":"https:\/\/bien-etreiris.ch\/de\/#website","url":"https:\/\/bien-etreiris.ch\/de\/","name":"Bien-\u00eatre Iris","description":"IHRE Gesundheit ist uns wichtig","potentialAction":[{"@type":"SearchAction","target":{"@type":"EntryPoint","urlTemplate":"https:\/\/bien-etreiris.ch\/de\/?s={search_term_string}"},"query-input":{"@type":"PropertyValueSpecification","valueRequired":true,"valueName":"search_term_string"}}],"inLanguage":"de"}]}},"_links":{"self":[{"href":"https:\/\/bien-etreiris.ch\/de\/wp-json\/wp\/v2\/pages\/51053","targetHints":{"allow":["GET"]}}],"collection":[{"href":"https:\/\/bien-etreiris.ch\/de\/wp-json\/wp\/v2\/pages"}],"about":[{"href":"https:\/\/bien-etreiris.ch\/de\/wp-json\/wp\/v2\/types\/page"}],"author":[{"embeddable":true,"href":"https:\/\/bien-etreiris.ch\/de\/wp-json\/wp\/v2\/users\/1"}],"replies":[{"embeddable":true,"href":"https:\/\/bien-etreiris.ch\/de\/wp-json\/wp\/v2\/comments?post=51053"}],"version-history":[{"count":7,"href":"https:\/\/bien-etreiris.ch\/de\/wp-json\/wp\/v2\/pages\/51053\/revisions"}],"predecessor-version":[{"id":92884,"href":"https:\/\/bien-etreiris.ch\/de\/wp-json\/wp\/v2\/pages\/51053\/revisions\/92884"}],"up":[{"embeddable":true,"href":"https:\/\/bien-etreiris.ch\/de\/wp-json\/wp\/v2\/pages\/44406"}],"wp:featuredmedia":[{"embeddable":true,"href":"https:\/\/bien-etreiris.ch\/de\/wp-json\/wp\/v2\/media\/92864"}],"wp:attachment":[{"href":"https:\/\/bien-etreiris.ch\/de\/wp-json\/wp\/v2\/media?parent=51053"}],"curies":[{"name":"wp","href":"https:\/\/api.w.org\/{rel}","templated":true}]}}