{"id":50717,"date":"2021-06-18T10:57:40","date_gmt":"2021-06-18T08:57:40","guid":{"rendered":"https:\/\/bien-etreiris.ch\/?page_id=50717"},"modified":"2021-06-23T16:37:25","modified_gmt":"2021-06-23T14:37:25","slug":"vitamin-e-2","status":"publish","type":"page","link":"https:\/\/bien-etreiris.ch\/de\/produktpraesentation\/aromatherapie\/selbst-herstellen\/rohstoffe\/natuerliche-konservierungsmittel\/vitamin-e-2\/","title":{"rendered":"VITAMIN E"},"content":{"rendered":"\n<div class=\"span12\" data-motopress-wrapper-file=\"page-fullwidth.php\" data-motopress-wrapper-type=\"content\">\n<div id=\"content\" class=\"row\">\n<div class=\"span12\" data-motopress-type=\"loop\" data-motopress-loop-file=\"loop\/loop-page.php\">\n<div id=\"post-33286\" class=\"page post-33286 type-page status-publish has-post-thumbnail hentry\">\n<h2>Vitamin E<\/h2>\n<p>Dieses nat\u00fcrliche Antioxidans hilft, pflanzliche \u00d6le und Buttersorten vor dem Ranzig werden zu bewahren. Der Zusatz von Vitamin E wird daher in allen Zubereitungen empfohlen, die empfindliche \u00d6le enthalten, sowie in den Rezepturen von Balsamen und \u00f6ligen Mischungen, bei denen er die Haltbarkeit verl\u00e4ngert. Vitamin E hat auch eine sehr interessante Rolle f\u00fcr die Haut: Es ist ein hervorragender Anti-Anging-Wirkstoff, der besonders bei trockener und reifer Haut und in der After-Sun-Repair-Pflege empfohlen wird.<\/p>\n<h4>Als Antioxidans <\/h4>\n<p>In Ihren Balsamen, Buttern, Pflege\u00f6len, Massage\u00f6len... um deren Haltbarkeit zu verl\u00e4ngern<br>In Ihren Emulsionen, insbesondere wenn diese oxidationsempfindliche \u00d6le enthalten<br>Wird Ihren Flaschen mit \"empfindlichen\" Pflanzen\u00f6len zugesetzt, sobald Sie diese erhalten, um die Haltbarkeit zu verl\u00e4ngern<\/p>\n<h4>Als Antioxidans und aktives <\/h4>\n<ul style=\"list-style-type: disc;\">\n<li>In Ihren Anti-Aging-Cremes oder -\u00d6len<\/li>\n<li>In Ihren After-Sun- oder Sonnenschutzprodukten<\/li>\n<li>In Hautpflegeprodukten f\u00fcr trockene und dehydrierte Haut<\/li>\n<\/ul>\n<p>Nur f\u00fcr den kosmetischen Gebrauch.<\/p>\n<p>Empfohlene Dosierung: von 0,1 bis 0,5 %.<\/p>\n<\/div>\n<p>Fl\u00e4schchen&nbsp; 5ml <strong>CHF 4.00<\/strong><\/p>\n<div id=\"post-33286\" class=\"page post-33286 type-page status-publish has-post-thumbnail hentry\">\n<div class=\"clear\">&nbsp;<\/div>\n<div class=\"clear\">&nbsp;<\/div>\n<\/div>\n<div class=\"row\">&nbsp;<\/div>\n<\/div>\n<\/div>\n<\/div>\n","protected":false},"excerpt":{"rendered":"<p>Vitamin E Dieses nat\u00fcrliche Antioxidans hilft, pflanzliche \u00d6le und Buttersorten vor dem Ranzig werden zu bewahren. Der Zusatz von Vitamin E wird daher in allen Zubereitungen empfohlen, die empfindliche \u00d6le enthalten, sowie in den Rezepturen von Balsamen und \u00f6ligen Mischungen, bei denen er die Haltbarkeit verl\u00e4ngert. Vitamin E hat auch eine sehr interessante Rolle f\u00fcr die Haut: Es ist ein&nbsp;<a href=\"https:\/\/bien-etreiris.ch\/de\/produktpraesentation\/aromatherapie\/selbst-herstellen\/rohstoffe\/natuerliche-konservierungsmittel\/vitamin-e-2\/\" class=\"read-more\">Weiter lesen<\/a><\/p>\n","protected":false},"author":1,"featured_media":50715,"parent":33266,"menu_order":5212,"comment_status":"closed","ping_status":"closed","template":"page-with-child.php","meta":{"_acf_changed":false,"ngg_post_thumbnail":0,"footnotes":""},"class_list":["post-50717","page","type-page","status-publish","has-post-thumbnail","hentry"],"acf":[],"yoast_head":"<!-- This site is optimized with the Yoast SEO plugin v27.6 - https:\/\/yoast.com\/product\/yoast-seo-wordpress\/ -->\n<title>VITAMIN E - WOHLBEFINDEN<\/title>\n<meta name=\"robots\" content=\"index, follow, max-snippet:-1, max-image-preview:large, max-video-preview:-1\" \/>\n<link rel=\"canonical\" href=\"https:\/\/bien-etreiris.ch\/de\/produktpraesentation\/aromatherapie\/selbst-herstellen\/rohstoffe\/natuerliche-konservierungsmittel\/vitamin-e-2\/\" \/>\n<meta property=\"og:locale\" content=\"de_DE\" \/>\n<meta property=\"og:type\" content=\"article\" \/>\n<meta property=\"og:title\" content=\"VITAMIN E - WOHLBEFINDEN\" \/>\n<meta property=\"og:description\" content=\"Vitamin E Dieses nat\u00fcrliche Antioxidans hilft, pflanzliche \u00d6le und Buttersorten vor dem Ranzig werden zu bewahren. Der Zusatz von Vitamin E wird daher in allen Zubereitungen empfohlen, die empfindliche \u00d6le enthalten, sowie in den Rezepturen von Balsamen und \u00f6ligen Mischungen, bei denen er die Haltbarkeit verl\u00e4ngert. Vitamin E hat auch eine sehr interessante Rolle f\u00fcr die Haut: Es ist ein&nbsp;Weiter lesen\" \/>\n<meta property=\"og:url\" content=\"https:\/\/bien-etreiris.ch\/de\/produktpraesentation\/aromatherapie\/selbst-herstellen\/rohstoffe\/natuerliche-konservierungsmittel\/vitamin-e-2\/\" \/>\n<meta property=\"og:site_name\" content=\"WOHLBEFINDEN\" \/>\n<meta property=\"article:publisher\" content=\"https:\/\/www.facebook.com\/bienetreiris\/\" \/>\n<meta property=\"article:modified_time\" content=\"2021-06-23T14:37:25+00:00\" \/>\n<meta property=\"og:image\" content=\"https:\/\/bien-etreiris.ch\/wp-content\/uploads\/2021\/06\/LEUCIDAL.jpg\" \/>\n\t<meta property=\"og:image:width\" content=\"500\" \/>\n\t<meta property=\"og:image:height\" content=\"305\" \/>\n\t<meta property=\"og:image:type\" content=\"image\/jpeg\" \/>\n<meta name=\"twitter:label1\" content=\"Gesch\u00e4tzte Lesezeit\" \/>\n\t<meta name=\"twitter:data1\" content=\"1\u00a0Minute\" \/>\n<script type=\"application\/ld+json\" class=\"yoast-schema-graph\">{\"@context\":\"https:\\\/\\\/schema.org\",\"@graph\":[{\"@type\":\"WebPage\",\"@id\":\"https:\\\/\\\/bien-etreiris.ch\\\/de\\\/produktpraesentation\\\/aromatherapie\\\/selbst-herstellen\\\/rohstoffe\\\/natuerliche-konservierungsmittel\\\/vitamin-e-2\\\/\",\"url\":\"https:\\\/\\\/bien-etreiris.ch\\\/de\\\/produktpraesentation\\\/aromatherapie\\\/selbst-herstellen\\\/rohstoffe\\\/natuerliche-konservierungsmittel\\\/vitamin-e-2\\\/\",\"name\":\"VITAMIN E - WOHLBEFINDEN\",\"isPartOf\":{\"@id\":\"https:\\\/\\\/bien-etreiris.ch\\\/de\\\/#website\"},\"primaryImageOfPage\":{\"@id\":\"https:\\\/\\\/bien-etreiris.ch\\\/de\\\/produktpraesentation\\\/aromatherapie\\\/selbst-herstellen\\\/rohstoffe\\\/natuerliche-konservierungsmittel\\\/vitamin-e-2\\\/#primaryimage\"},\"image\":{\"@id\":\"https:\\\/\\\/bien-etreiris.ch\\\/de\\\/produktpraesentation\\\/aromatherapie\\\/selbst-herstellen\\\/rohstoffe\\\/natuerliche-konservierungsmittel\\\/vitamin-e-2\\\/#primaryimage\"},\"thumbnailUrl\":\"https:\\\/\\\/bien-etreiris.ch\\\/wp-content\\\/uploads\\\/2021\\\/06\\\/LEUCIDAL.jpg\",\"datePublished\":\"2021-06-18T08:57:40+00:00\",\"dateModified\":\"2021-06-23T14:37:25+00:00\",\"breadcrumb\":{\"@id\":\"https:\\\/\\\/bien-etreiris.ch\\\/de\\\/produktpraesentation\\\/aromatherapie\\\/selbst-herstellen\\\/rohstoffe\\\/natuerliche-konservierungsmittel\\\/vitamin-e-2\\\/#breadcrumb\"},\"inLanguage\":\"de\",\"potentialAction\":[{\"@type\":\"ReadAction\",\"target\":[\"https:\\\/\\\/bien-etreiris.ch\\\/de\\\/produktpraesentation\\\/aromatherapie\\\/selbst-herstellen\\\/rohstoffe\\\/natuerliche-konservierungsmittel\\\/vitamin-e-2\\\/\"]}]},{\"@type\":\"ImageObject\",\"inLanguage\":\"de\",\"@id\":\"https:\\\/\\\/bien-etreiris.ch\\\/de\\\/produktpraesentation\\\/aromatherapie\\\/selbst-herstellen\\\/rohstoffe\\\/natuerliche-konservierungsmittel\\\/vitamin-e-2\\\/#primaryimage\",\"url\":\"https:\\\/\\\/bien-etreiris.ch\\\/wp-content\\\/uploads\\\/2021\\\/06\\\/LEUCIDAL.jpg\",\"contentUrl\":\"https:\\\/\\\/bien-etreiris.ch\\\/wp-content\\\/uploads\\\/2021\\\/06\\\/LEUCIDAL.jpg\",\"width\":500,\"height\":305},{\"@type\":\"BreadcrumbList\",\"@id\":\"https:\\\/\\\/bien-etreiris.ch\\\/de\\\/produktpraesentation\\\/aromatherapie\\\/selbst-herstellen\\\/rohstoffe\\\/natuerliche-konservierungsmittel\\\/vitamin-e-2\\\/#breadcrumb\",\"itemListElement\":[{\"@type\":\"ListItem\",\"position\":1,\"name\":\"Home\",\"item\":\"https:\\\/\\\/bien-etreiris.ch\\\/de\\\/\"},{\"@type\":\"ListItem\",\"position\":2,\"name\":\"PRODUKTPR\u00c4SENTATION\",\"item\":\"https:\\\/\\\/bien-etreiris.ch\\\/de\\\/produktpraesentation\\\/\"},{\"@type\":\"ListItem\",\"position\":3,\"name\":\"AROMATHERAPIE\",\"item\":\"https:\\\/\\\/bien-etreiris.ch\\\/de\\\/produktpraesentation\\\/aromatherapie\\\/\"},{\"@type\":\"ListItem\",\"position\":4,\"name\":\"SELBST HERSTELLEN&#8230;\",\"item\":\"https:\\\/\\\/bien-etreiris.ch\\\/de\\\/produktpraesentation\\\/aromatherapie\\\/selbst-herstellen\\\/\"},{\"@type\":\"ListItem\",\"position\":5,\"name\":\"ROHSTOFFE\",\"item\":\"https:\\\/\\\/bien-etreiris.ch\\\/de\\\/produktpraesentation\\\/aromatherapie\\\/selbst-herstellen\\\/rohstoffe\\\/\"},{\"@type\":\"ListItem\",\"position\":6,\"name\":\"KONSERVIERUNGSMITTEL\",\"item\":\"https:\\\/\\\/bien-etreiris.ch\\\/de\\\/produktpraesentation\\\/aromatherapie\\\/selbst-herstellen\\\/rohstoffe\\\/natuerliche-konservierungsmittel\\\/\"},{\"@type\":\"ListItem\",\"position\":7,\"name\":\"VITAMIN E\"}]},{\"@type\":\"WebSite\",\"@id\":\"https:\\\/\\\/bien-etreiris.ch\\\/de\\\/#website\",\"url\":\"https:\\\/\\\/bien-etreiris.ch\\\/de\\\/\",\"name\":\"Bien-\u00eatre Iris\",\"description\":\"IHRE Gesundheit ist uns wichtig\",\"potentialAction\":[{\"@type\":\"SearchAction\",\"target\":{\"@type\":\"EntryPoint\",\"urlTemplate\":\"https:\\\/\\\/bien-etreiris.ch\\\/de\\\/?s={search_term_string}\"},\"query-input\":{\"@type\":\"PropertyValueSpecification\",\"valueRequired\":true,\"valueName\":\"search_term_string\"}}],\"inLanguage\":\"de\"}]}<\/script>\n<!-- \/ Yoast SEO plugin. -->","yoast_head_json":{"title":"VITAMIN E - WOHLBEFINDEN","robots":{"index":"index","follow":"follow","max-snippet":"max-snippet:-1","max-image-preview":"max-image-preview:large","max-video-preview":"max-video-preview:-1"},"canonical":"https:\/\/bien-etreiris.ch\/de\/produktpraesentation\/aromatherapie\/selbst-herstellen\/rohstoffe\/natuerliche-konservierungsmittel\/vitamin-e-2\/","og_locale":"de_DE","og_type":"article","og_title":"VITAMIN E - WOHLBEFINDEN","og_description":"Vitamin E Dieses nat\u00fcrliche Antioxidans hilft, pflanzliche \u00d6le und Buttersorten vor dem Ranzig werden zu bewahren. Der Zusatz von Vitamin E wird daher in allen Zubereitungen empfohlen, die empfindliche \u00d6le enthalten, sowie in den Rezepturen von Balsamen und \u00f6ligen Mischungen, bei denen er die Haltbarkeit verl\u00e4ngert. Vitamin E hat auch eine sehr interessante Rolle f\u00fcr die Haut: Es ist ein&nbsp;Weiter lesen","og_url":"https:\/\/bien-etreiris.ch\/de\/produktpraesentation\/aromatherapie\/selbst-herstellen\/rohstoffe\/natuerliche-konservierungsmittel\/vitamin-e-2\/","og_site_name":"WOHLBEFINDEN","article_publisher":"https:\/\/www.facebook.com\/bienetreiris\/","article_modified_time":"2021-06-23T14:37:25+00:00","og_image":[{"width":500,"height":305,"url":"https:\/\/bien-etreiris.ch\/wp-content\/uploads\/2021\/06\/LEUCIDAL.jpg","type":"image\/jpeg"}],"twitter_misc":{"Gesch\u00e4tzte Lesezeit":"1\u00a0Minute"},"schema":{"@context":"https:\/\/schema.org","@graph":[{"@type":"WebPage","@id":"https:\/\/bien-etreiris.ch\/de\/produktpraesentation\/aromatherapie\/selbst-herstellen\/rohstoffe\/natuerliche-konservierungsmittel\/vitamin-e-2\/","url":"https:\/\/bien-etreiris.ch\/de\/produktpraesentation\/aromatherapie\/selbst-herstellen\/rohstoffe\/natuerliche-konservierungsmittel\/vitamin-e-2\/","name":"VITAMIN E - WOHLBEFINDEN","isPartOf":{"@id":"https:\/\/bien-etreiris.ch\/de\/#website"},"primaryImageOfPage":{"@id":"https:\/\/bien-etreiris.ch\/de\/produktpraesentation\/aromatherapie\/selbst-herstellen\/rohstoffe\/natuerliche-konservierungsmittel\/vitamin-e-2\/#primaryimage"},"image":{"@id":"https:\/\/bien-etreiris.ch\/de\/produktpraesentation\/aromatherapie\/selbst-herstellen\/rohstoffe\/natuerliche-konservierungsmittel\/vitamin-e-2\/#primaryimage"},"thumbnailUrl":"https:\/\/bien-etreiris.ch\/wp-content\/uploads\/2021\/06\/LEUCIDAL.jpg","datePublished":"2021-06-18T08:57:40+00:00","dateModified":"2021-06-23T14:37:25+00:00","breadcrumb":{"@id":"https:\/\/bien-etreiris.ch\/de\/produktpraesentation\/aromatherapie\/selbst-herstellen\/rohstoffe\/natuerliche-konservierungsmittel\/vitamin-e-2\/#breadcrumb"},"inLanguage":"de","potentialAction":[{"@type":"ReadAction","target":["https:\/\/bien-etreiris.ch\/de\/produktpraesentation\/aromatherapie\/selbst-herstellen\/rohstoffe\/natuerliche-konservierungsmittel\/vitamin-e-2\/"]}]},{"@type":"ImageObject","inLanguage":"de","@id":"https:\/\/bien-etreiris.ch\/de\/produktpraesentation\/aromatherapie\/selbst-herstellen\/rohstoffe\/natuerliche-konservierungsmittel\/vitamin-e-2\/#primaryimage","url":"https:\/\/bien-etreiris.ch\/wp-content\/uploads\/2021\/06\/LEUCIDAL.jpg","contentUrl":"https:\/\/bien-etreiris.ch\/wp-content\/uploads\/2021\/06\/LEUCIDAL.jpg","width":500,"height":305},{"@type":"BreadcrumbList","@id":"https:\/\/bien-etreiris.ch\/de\/produktpraesentation\/aromatherapie\/selbst-herstellen\/rohstoffe\/natuerliche-konservierungsmittel\/vitamin-e-2\/#breadcrumb","itemListElement":[{"@type":"ListItem","position":1,"name":"Home","item":"https:\/\/bien-etreiris.ch\/de\/"},{"@type":"ListItem","position":2,"name":"PRODUKTPR\u00c4SENTATION","item":"https:\/\/bien-etreiris.ch\/de\/produktpraesentation\/"},{"@type":"ListItem","position":3,"name":"AROMATHERAPIE","item":"https:\/\/bien-etreiris.ch\/de\/produktpraesentation\/aromatherapie\/"},{"@type":"ListItem","position":4,"name":"SELBST HERSTELLEN&#8230;","item":"https:\/\/bien-etreiris.ch\/de\/produktpraesentation\/aromatherapie\/selbst-herstellen\/"},{"@type":"ListItem","position":5,"name":"ROHSTOFFE","item":"https:\/\/bien-etreiris.ch\/de\/produktpraesentation\/aromatherapie\/selbst-herstellen\/rohstoffe\/"},{"@type":"ListItem","position":6,"name":"KONSERVIERUNGSMITTEL","item":"https:\/\/bien-etreiris.ch\/de\/produktpraesentation\/aromatherapie\/selbst-herstellen\/rohstoffe\/natuerliche-konservierungsmittel\/"},{"@type":"ListItem","position":7,"name":"VITAMIN E"}]},{"@type":"WebSite","@id":"https:\/\/bien-etreiris.ch\/de\/#website","url":"https:\/\/bien-etreiris.ch\/de\/","name":"Bien-\u00eatre Iris","description":"IHRE Gesundheit ist uns wichtig","potentialAction":[{"@type":"SearchAction","target":{"@type":"EntryPoint","urlTemplate":"https:\/\/bien-etreiris.ch\/de\/?s={search_term_string}"},"query-input":{"@type":"PropertyValueSpecification","valueRequired":true,"valueName":"search_term_string"}}],"inLanguage":"de"}]}},"_links":{"self":[{"href":"https:\/\/bien-etreiris.ch\/de\/wp-json\/wp\/v2\/pages\/50717","targetHints":{"allow":["GET"]}}],"collection":[{"href":"https:\/\/bien-etreiris.ch\/de\/wp-json\/wp\/v2\/pages"}],"about":[{"href":"https:\/\/bien-etreiris.ch\/de\/wp-json\/wp\/v2\/types\/page"}],"author":[{"embeddable":true,"href":"https:\/\/bien-etreiris.ch\/de\/wp-json\/wp\/v2\/users\/1"}],"replies":[{"embeddable":true,"href":"https:\/\/bien-etreiris.ch\/de\/wp-json\/wp\/v2\/comments?post=50717"}],"version-history":[{"count":4,"href":"https:\/\/bien-etreiris.ch\/de\/wp-json\/wp\/v2\/pages\/50717\/revisions"}],"predecessor-version":[{"id":51409,"href":"https:\/\/bien-etreiris.ch\/de\/wp-json\/wp\/v2\/pages\/50717\/revisions\/51409"}],"up":[{"embeddable":true,"href":"https:\/\/bien-etreiris.ch\/de\/wp-json\/wp\/v2\/pages\/33266"}],"wp:featuredmedia":[{"embeddable":true,"href":"https:\/\/bien-etreiris.ch\/de\/wp-json\/wp\/v2\/media\/50715"}],"wp:attachment":[{"href":"https:\/\/bien-etreiris.ch\/de\/wp-json\/wp\/v2\/media?parent=50717"}],"curies":[{"name":"wp","href":"https:\/\/api.w.org\/{rel}","templated":true}]}}