{"id":50519,"date":"2021-06-17T07:09:59","date_gmt":"2021-06-17T05:09:59","guid":{"rendered":"https:\/\/bien-etreiris.ch\/?page_id=50519"},"modified":"2021-06-17T10:32:42","modified_gmt":"2021-06-17T08:32:42","slug":"maske-mit-spirulina","status":"publish","type":"page","link":"https:\/\/bien-etreiris.ch\/de\/produktpraesentation\/natuerliche-kosmetik\/gesicht-koerper\/gesichtspflege\/masken-und-peelings\/maske-mit-spirulina\/","title":{"rendered":"MASKE SPIRULINA"},"content":{"rendered":"\n<h2>Maske BIO mit Spirulina<\/h2>\n<h4>Mit Meeresalgen-Extrakten und Heilerde, f\u00fcr einen frischen und verj\u00fcngten Teint!<\/h4>\n<p>&nbsp;<\/p>\n<p><a href=\"https:\/\/bien-etreiris.ch\/wp-content\/uploads\/2021\/06\/Spiruline.png\"><img loading=\"lazy\" decoding=\"async\" class=\"size-medium wp-image-50531 alignleft\" src=\"https:\/\/bien-etreiris.ch\/wp-content\/uploads\/2021\/06\/Spiruline-171x300.png\" alt=\"\" width=\"171\" height=\"300\" srcset=\"https:\/\/bien-etreiris.ch\/wp-content\/uploads\/2021\/06\/Spiruline-171x300.png 171w, https:\/\/bien-etreiris.ch\/wp-content\/uploads\/2021\/06\/Spiruline.png 228w\" sizes=\"auto, (max-width: 171px) 100vw, 171px\" \/><\/a><\/p>\n<div class=\"product-page-title\">\n<div class=\"product-page-heading\">\n<h2>&nbsp;<\/h2>\n<\/div>\n<\/div>\n<div class=\"product-page-summary\">\n<ul class=\"feature-list\" style=\"list-style-type: disc;\">\n<li>Id\u00e9al pour les peaux matures \u00e0 larges pores<\/li>\n<li>Riche en oligo-\u00e9l\u00e9ments et vitamines<\/li>\n<li>Nettoyage efficace<\/li>\n<\/ul>\n<p>&nbsp;<\/p>\n<p><a href=\"https:\/\/www.ecco-verde.ch\/fr-CH\/themes\/vegan-society\"><img loading=\"lazy\" decoding=\"async\" class=\"alignleft\" title=\"Vegan Society\" src=\"https:\/\/cdn-ec.niceshops.com\/upload\/image\/articleattributeitem_logo\/medium\/default\/31464_a2ee3b54.png\" alt=\"Vegan Society\" width=\"55\" height=\"55\"><\/a><a href=\"https:\/\/www.ecco-verde.ch\/fr-CH\/themes\/icada\"><img loading=\"lazy\" decoding=\"async\" class=\"\" title=\"ICADA\" src=\"https:\/\/cdn-ec.niceshops.com\/upload\/image\/articleattributeitem_logo\/medium\/default\/31447_a61f8851.png\" alt=\"ICADA\" width=\"55\" height=\"55\"><\/a><\/p>\n<\/div>\n<p>&nbsp;<\/p>\n<div id=\"product-features\">\n<p>&nbsp;<\/p>\n<\/div>\n<p>&nbsp;<\/p>\n<p>&nbsp;<\/p>\n<p><a href=\"https:\/\/bien-etreiris.ch\/wp-content\/uploads\/2021\/06\/Spiruline-recharge.jpg\"><img loading=\"lazy\" decoding=\"async\" class=\"size-medium wp-image-50535 alignleft\" src=\"https:\/\/bien-etreiris.ch\/wp-content\/uploads\/2021\/06\/Spiruline-recharge-262x300.jpg\" alt=\"\" width=\"262\" height=\"300\" srcset=\"https:\/\/bien-etreiris.ch\/wp-content\/uploads\/2021\/06\/Spiruline-recharge-262x300.jpg 262w, https:\/\/bien-etreiris.ch\/wp-content\/uploads\/2021\/06\/Spiruline-recharge.jpg 555w\" sizes=\"auto, (max-width: 262px) 100vw, 262px\" \/><\/a><\/p>\n<p>&nbsp;<\/p>\n<p>&nbsp;<\/p>\n<h4 id=\"product_manufacturer\"><span class=\"editable\">Eliah Sahil<\/span><label><\/label><label id=\"quantityAvailable_label\"><\/label><span id=\"quantityAvailable\"><\/span><\/h4>\n<div id=\"product-features\">\n<p><span class=\"feature-type\">Types de peaux : <\/span><span class=\"features\">Peau mature<\/span><\/p>\n<p><span class=\"feature-type\">Contenance : remplissage&nbsp; <\/span><span class=\"features\">250g&nbsp; <strong>CHF<\/strong><\/span><\/p>\n<\/div>\n<p>&nbsp;<\/p>\n<p>&nbsp;<\/p>\n<p>&nbsp;<\/p>\n<p>&nbsp;<\/p>\n<section class=\"page-product-box tabdescription\">\n<h4 class=\"page-product-heading old_h3\"><span class=\"page-heading-text\">Descriptif<\/span><\/h4>\n<div class=\"rte\">\n<p>Ce masque pour le visage riche en extraits d\u2019algues et argile procure une peau jeune, pure et douce. La spiruline et la laminaire sont riches en oligo-\u00e9l\u00e9ments. Les prot\u00e9ines, vitamines et min\u00e9raux combattent les premiers signes du vieillissement de la peau. Id\u00e9al pour les peaux matures avec des rides et une mauvaise circulation sanguine. Effet nettoyant en profondeur pour les peaux grasses \u00e0 pores dilat\u00e9es.<\/p>\n<\/div>\n<\/section>\n<section class=\"page-product-box tabdescription\">\n<h4 class=\"page-product-heading old_h3\"><span class=\"page-heading-text\">&nbsp;<\/span><\/h4>\n<h4><strong>Application <br><\/strong><\/h4>\n<ul>\n<li>M\u00e9langez 1-2 cuill\u00e8re \u00e0 caf\u00e9 de poudre avec de l'eau jusqu'\u00e0 l'obtention d'une p\u00e2te fine.<\/li>\n<li>Appliquer sur la peau pr\u00e9alablement nettoy\u00e9e du visage, du cou et \u00e9ventuellement du d\u00e9collet\u00e9.<\/li>\n<li>\u00c9vitez les yeux, la bouche et les l\u00e8vres.<\/li>\n<li>Apr\u00e8s un temps de pose de 10-15 minutes, rincez abondamment.<\/li>\n<li>Le masque peut \u00eatre utilis\u00e9 1 \u00e0 2 fois par semaine.<\/li>\n<\/ul>\n<div class=\"rte\">\n<p>Remarque : l'argile active la circulation sanguine, du coup les peaux sensibles peuvent d\u00e9velopper quelques rougeurs naturelles sur la peau, cela dure g\u00e9n\u00e9ralement peu de temps et dispara\u00eet de lui-m\u00eame. Le masque doit \u00eatre appliqu\u00e9 de pr\u00e9f\u00e9rence le soir.<\/p>\n<\/div>\n<\/section>\n<section class=\"page-product-box tabdescription\">\n<h4 class=\"page-product-heading old_h3\"><span class=\"page-heading-text\">Ingr\u00e9dients<\/span><\/h4>\n<div class=\"rte\">\n<p>Solum Fullonum**, Arthrospira Platensis Extract*, Emblica Officinalis Fruit Powder*, Laminaria Digitata Powder*, Calendula Officinalis Flower Extract*, Chamomilla Recutita Flower Powder*.<\/p>\n<p>* Ingr\u00e9dient<\/p>\n<\/div>\n<\/section>\n","protected":false},"excerpt":{"rendered":"<p>Maske BIO mit Spirulina Mit Meeresalgen-Extrakten und Heilerde, f\u00fcr einen frischen und verj\u00fcngten Teint! &nbsp; &nbsp; Id\u00e9al pour les peaux matures \u00e0 larges pores Riche en oligo-\u00e9l\u00e9ments et vitamines Nettoyage efficace &nbsp; &nbsp; &nbsp; &nbsp; &nbsp; &nbsp; &nbsp; Eliah Sahil Types de peaux : Peau mature Contenance : remplissage&nbsp; 250g&nbsp; CHF &nbsp; &nbsp; &nbsp; &nbsp; Descriptif Ce masque pour le&nbsp;<a href=\"https:\/\/bien-etreiris.ch\/de\/produktpraesentation\/natuerliche-kosmetik\/gesicht-koerper\/gesichtspflege\/masken-und-peelings\/maske-mit-spirulina\/\" class=\"read-more\">Weiter lesen<\/a><\/p>\n","protected":false},"author":1,"featured_media":50517,"parent":44114,"menu_order":5228,"comment_status":"closed","ping_status":"closed","template":"page-with-child.php","meta":{"_acf_changed":false,"ngg_post_thumbnail":0,"footnotes":""},"class_list":["post-50519","page","type-page","status-publish","has-post-thumbnail","hentry"],"acf":[],"yoast_head":"<!-- This site is optimized with the Yoast SEO plugin v27.5 - https:\/\/yoast.com\/product\/yoast-seo-wordpress\/ -->\n<title>MASKE SPIRULINA - WOHLBEFINDEN<\/title>\n<meta name=\"robots\" content=\"index, follow, max-snippet:-1, max-image-preview:large, max-video-preview:-1\" \/>\n<link rel=\"canonical\" href=\"https:\/\/bien-etreiris.ch\/de\/produktpraesentation\/natuerliche-kosmetik\/gesicht-koerper\/gesichtspflege\/masken-und-peelings\/maske-mit-spirulina\/\" \/>\n<meta property=\"og:locale\" content=\"de_DE\" \/>\n<meta property=\"og:type\" content=\"article\" \/>\n<meta property=\"og:title\" content=\"MASKE SPIRULINA - WOHLBEFINDEN\" \/>\n<meta property=\"og:description\" content=\"Maske BIO mit Spirulina Mit Meeresalgen-Extrakten und Heilerde, f\u00fcr einen frischen und verj\u00fcngten Teint! &nbsp; &nbsp; Id\u00e9al pour les peaux matures \u00e0 larges pores Riche en oligo-\u00e9l\u00e9ments et vitamines Nettoyage efficace &nbsp; &nbsp; &nbsp; &nbsp; &nbsp; &nbsp; &nbsp; Eliah Sahil Types de peaux : Peau mature Contenance : remplissage&nbsp; 250g&nbsp; CHF &nbsp; &nbsp; &nbsp; &nbsp; Descriptif Ce masque pour le&nbsp;Weiter lesen\" \/>\n<meta property=\"og:url\" content=\"https:\/\/bien-etreiris.ch\/de\/produktpraesentation\/natuerliche-kosmetik\/gesicht-koerper\/gesichtspflege\/masken-und-peelings\/maske-mit-spirulina\/\" \/>\n<meta property=\"og:site_name\" content=\"WOHLBEFINDEN\" \/>\n<meta property=\"article:publisher\" content=\"https:\/\/www.facebook.com\/bienetreiris\/\" \/>\n<meta property=\"article:modified_time\" content=\"2021-06-17T08:32:42+00:00\" \/>\n<meta property=\"og:image\" content=\"https:\/\/bien-etreiris.ch\/wp-content\/uploads\/2021\/06\/acceuil-masque-spiruline.jpg\" \/>\n\t<meta property=\"og:image:width\" content=\"500\" \/>\n\t<meta property=\"og:image:height\" content=\"343\" \/>\n\t<meta property=\"og:image:type\" content=\"image\/jpeg\" \/>\n<meta name=\"twitter:label1\" content=\"Gesch\u00e4tzte Lesezeit\" \/>\n\t<meta name=\"twitter:data1\" content=\"2\u00a0Minuten\" \/>\n<script type=\"application\/ld+json\" class=\"yoast-schema-graph\">{\"@context\":\"https:\\\/\\\/schema.org\",\"@graph\":[{\"@type\":\"WebPage\",\"@id\":\"https:\\\/\\\/bien-etreiris.ch\\\/de\\\/produktpraesentation\\\/natuerliche-kosmetik\\\/gesicht-koerper\\\/gesichtspflege\\\/masken-und-peelings\\\/maske-mit-spirulina\\\/\",\"url\":\"https:\\\/\\\/bien-etreiris.ch\\\/de\\\/produktpraesentation\\\/natuerliche-kosmetik\\\/gesicht-koerper\\\/gesichtspflege\\\/masken-und-peelings\\\/maske-mit-spirulina\\\/\",\"name\":\"MASKE SPIRULINA - WOHLBEFINDEN\",\"isPartOf\":{\"@id\":\"https:\\\/\\\/bien-etreiris.ch\\\/de\\\/#website\"},\"primaryImageOfPage\":{\"@id\":\"https:\\\/\\\/bien-etreiris.ch\\\/de\\\/produktpraesentation\\\/natuerliche-kosmetik\\\/gesicht-koerper\\\/gesichtspflege\\\/masken-und-peelings\\\/maske-mit-spirulina\\\/#primaryimage\"},\"image\":{\"@id\":\"https:\\\/\\\/bien-etreiris.ch\\\/de\\\/produktpraesentation\\\/natuerliche-kosmetik\\\/gesicht-koerper\\\/gesichtspflege\\\/masken-und-peelings\\\/maske-mit-spirulina\\\/#primaryimage\"},\"thumbnailUrl\":\"https:\\\/\\\/bien-etreiris.ch\\\/wp-content\\\/uploads\\\/2021\\\/06\\\/acceuil-masque-spiruline.jpg\",\"datePublished\":\"2021-06-17T05:09:59+00:00\",\"dateModified\":\"2021-06-17T08:32:42+00:00\",\"breadcrumb\":{\"@id\":\"https:\\\/\\\/bien-etreiris.ch\\\/de\\\/produktpraesentation\\\/natuerliche-kosmetik\\\/gesicht-koerper\\\/gesichtspflege\\\/masken-und-peelings\\\/maske-mit-spirulina\\\/#breadcrumb\"},\"inLanguage\":\"de\",\"potentialAction\":[{\"@type\":\"ReadAction\",\"target\":[\"https:\\\/\\\/bien-etreiris.ch\\\/de\\\/produktpraesentation\\\/natuerliche-kosmetik\\\/gesicht-koerper\\\/gesichtspflege\\\/masken-und-peelings\\\/maske-mit-spirulina\\\/\"]}]},{\"@type\":\"ImageObject\",\"inLanguage\":\"de\",\"@id\":\"https:\\\/\\\/bien-etreiris.ch\\\/de\\\/produktpraesentation\\\/natuerliche-kosmetik\\\/gesicht-koerper\\\/gesichtspflege\\\/masken-und-peelings\\\/maske-mit-spirulina\\\/#primaryimage\",\"url\":\"https:\\\/\\\/bien-etreiris.ch\\\/wp-content\\\/uploads\\\/2021\\\/06\\\/acceuil-masque-spiruline.jpg\",\"contentUrl\":\"https:\\\/\\\/bien-etreiris.ch\\\/wp-content\\\/uploads\\\/2021\\\/06\\\/acceuil-masque-spiruline.jpg\",\"width\":500,\"height\":343},{\"@type\":\"BreadcrumbList\",\"@id\":\"https:\\\/\\\/bien-etreiris.ch\\\/de\\\/produktpraesentation\\\/natuerliche-kosmetik\\\/gesicht-koerper\\\/gesichtspflege\\\/masken-und-peelings\\\/maske-mit-spirulina\\\/#breadcrumb\",\"itemListElement\":[{\"@type\":\"ListItem\",\"position\":1,\"name\":\"Home\",\"item\":\"https:\\\/\\\/bien-etreiris.ch\\\/de\\\/\"},{\"@type\":\"ListItem\",\"position\":2,\"name\":\"PRODUKTPR\u00c4SENTATION\",\"item\":\"https:\\\/\\\/bien-etreiris.ch\\\/de\\\/produktpraesentation\\\/\"},{\"@type\":\"ListItem\",\"position\":3,\"name\":\"NAT\u00dcRLICHE KOSMETIK\",\"item\":\"https:\\\/\\\/bien-etreiris.ch\\\/de\\\/produktpraesentation\\\/natuerliche-kosmetik\\\/\"},{\"@type\":\"ListItem\",\"position\":4,\"name\":\"GESICHT &#038; K\u00d6RPER\",\"item\":\"https:\\\/\\\/bien-etreiris.ch\\\/de\\\/produktpraesentation\\\/natuerliche-kosmetik\\\/gesicht-koerper\\\/\"},{\"@type\":\"ListItem\",\"position\":5,\"name\":\"GESICHTSPFLEGE\",\"item\":\"https:\\\/\\\/bien-etreiris.ch\\\/de\\\/produktpraesentation\\\/natuerliche-kosmetik\\\/gesicht-koerper\\\/gesichtspflege\\\/\"},{\"@type\":\"ListItem\",\"position\":6,\"name\":\"MASKEN &#038; PEELINGS\",\"item\":\"https:\\\/\\\/bien-etreiris.ch\\\/de\\\/produktpraesentation\\\/natuerliche-kosmetik\\\/gesicht-koerper\\\/gesichtspflege\\\/masken-und-peelings\\\/\"},{\"@type\":\"ListItem\",\"position\":7,\"name\":\"MASKE SPIRULINA\"}]},{\"@type\":\"WebSite\",\"@id\":\"https:\\\/\\\/bien-etreiris.ch\\\/de\\\/#website\",\"url\":\"https:\\\/\\\/bien-etreiris.ch\\\/de\\\/\",\"name\":\"Bien-\u00eatre Iris\",\"description\":\"IHRE Gesundheit ist uns wichtig\",\"potentialAction\":[{\"@type\":\"SearchAction\",\"target\":{\"@type\":\"EntryPoint\",\"urlTemplate\":\"https:\\\/\\\/bien-etreiris.ch\\\/de\\\/?s={search_term_string}\"},\"query-input\":{\"@type\":\"PropertyValueSpecification\",\"valueRequired\":true,\"valueName\":\"search_term_string\"}}],\"inLanguage\":\"de\"}]}<\/script>\n<!-- \/ Yoast SEO plugin. -->","yoast_head_json":{"title":"MASKE SPIRULINA - WOHLBEFINDEN","robots":{"index":"index","follow":"follow","max-snippet":"max-snippet:-1","max-image-preview":"max-image-preview:large","max-video-preview":"max-video-preview:-1"},"canonical":"https:\/\/bien-etreiris.ch\/de\/produktpraesentation\/natuerliche-kosmetik\/gesicht-koerper\/gesichtspflege\/masken-und-peelings\/maske-mit-spirulina\/","og_locale":"de_DE","og_type":"article","og_title":"MASKE SPIRULINA - WOHLBEFINDEN","og_description":"Maske BIO mit Spirulina Mit Meeresalgen-Extrakten und Heilerde, f\u00fcr einen frischen und verj\u00fcngten Teint! &nbsp; &nbsp; Id\u00e9al pour les peaux matures \u00e0 larges pores Riche en oligo-\u00e9l\u00e9ments et vitamines Nettoyage efficace &nbsp; &nbsp; &nbsp; &nbsp; &nbsp; &nbsp; &nbsp; Eliah Sahil Types de peaux : Peau mature Contenance : remplissage&nbsp; 250g&nbsp; CHF &nbsp; &nbsp; &nbsp; &nbsp; Descriptif Ce masque pour le&nbsp;Weiter lesen","og_url":"https:\/\/bien-etreiris.ch\/de\/produktpraesentation\/natuerliche-kosmetik\/gesicht-koerper\/gesichtspflege\/masken-und-peelings\/maske-mit-spirulina\/","og_site_name":"WOHLBEFINDEN","article_publisher":"https:\/\/www.facebook.com\/bienetreiris\/","article_modified_time":"2021-06-17T08:32:42+00:00","og_image":[{"width":500,"height":343,"url":"https:\/\/bien-etreiris.ch\/wp-content\/uploads\/2021\/06\/acceuil-masque-spiruline.jpg","type":"image\/jpeg"}],"twitter_misc":{"Gesch\u00e4tzte Lesezeit":"2\u00a0Minuten"},"schema":{"@context":"https:\/\/schema.org","@graph":[{"@type":"WebPage","@id":"https:\/\/bien-etreiris.ch\/de\/produktpraesentation\/natuerliche-kosmetik\/gesicht-koerper\/gesichtspflege\/masken-und-peelings\/maske-mit-spirulina\/","url":"https:\/\/bien-etreiris.ch\/de\/produktpraesentation\/natuerliche-kosmetik\/gesicht-koerper\/gesichtspflege\/masken-und-peelings\/maske-mit-spirulina\/","name":"MASKE SPIRULINA - WOHLBEFINDEN","isPartOf":{"@id":"https:\/\/bien-etreiris.ch\/de\/#website"},"primaryImageOfPage":{"@id":"https:\/\/bien-etreiris.ch\/de\/produktpraesentation\/natuerliche-kosmetik\/gesicht-koerper\/gesichtspflege\/masken-und-peelings\/maske-mit-spirulina\/#primaryimage"},"image":{"@id":"https:\/\/bien-etreiris.ch\/de\/produktpraesentation\/natuerliche-kosmetik\/gesicht-koerper\/gesichtspflege\/masken-und-peelings\/maske-mit-spirulina\/#primaryimage"},"thumbnailUrl":"https:\/\/bien-etreiris.ch\/wp-content\/uploads\/2021\/06\/acceuil-masque-spiruline.jpg","datePublished":"2021-06-17T05:09:59+00:00","dateModified":"2021-06-17T08:32:42+00:00","breadcrumb":{"@id":"https:\/\/bien-etreiris.ch\/de\/produktpraesentation\/natuerliche-kosmetik\/gesicht-koerper\/gesichtspflege\/masken-und-peelings\/maske-mit-spirulina\/#breadcrumb"},"inLanguage":"de","potentialAction":[{"@type":"ReadAction","target":["https:\/\/bien-etreiris.ch\/de\/produktpraesentation\/natuerliche-kosmetik\/gesicht-koerper\/gesichtspflege\/masken-und-peelings\/maske-mit-spirulina\/"]}]},{"@type":"ImageObject","inLanguage":"de","@id":"https:\/\/bien-etreiris.ch\/de\/produktpraesentation\/natuerliche-kosmetik\/gesicht-koerper\/gesichtspflege\/masken-und-peelings\/maske-mit-spirulina\/#primaryimage","url":"https:\/\/bien-etreiris.ch\/wp-content\/uploads\/2021\/06\/acceuil-masque-spiruline.jpg","contentUrl":"https:\/\/bien-etreiris.ch\/wp-content\/uploads\/2021\/06\/acceuil-masque-spiruline.jpg","width":500,"height":343},{"@type":"BreadcrumbList","@id":"https:\/\/bien-etreiris.ch\/de\/produktpraesentation\/natuerliche-kosmetik\/gesicht-koerper\/gesichtspflege\/masken-und-peelings\/maske-mit-spirulina\/#breadcrumb","itemListElement":[{"@type":"ListItem","position":1,"name":"Home","item":"https:\/\/bien-etreiris.ch\/de\/"},{"@type":"ListItem","position":2,"name":"PRODUKTPR\u00c4SENTATION","item":"https:\/\/bien-etreiris.ch\/de\/produktpraesentation\/"},{"@type":"ListItem","position":3,"name":"NAT\u00dcRLICHE KOSMETIK","item":"https:\/\/bien-etreiris.ch\/de\/produktpraesentation\/natuerliche-kosmetik\/"},{"@type":"ListItem","position":4,"name":"GESICHT &#038; K\u00d6RPER","item":"https:\/\/bien-etreiris.ch\/de\/produktpraesentation\/natuerliche-kosmetik\/gesicht-koerper\/"},{"@type":"ListItem","position":5,"name":"GESICHTSPFLEGE","item":"https:\/\/bien-etreiris.ch\/de\/produktpraesentation\/natuerliche-kosmetik\/gesicht-koerper\/gesichtspflege\/"},{"@type":"ListItem","position":6,"name":"MASKEN &#038; PEELINGS","item":"https:\/\/bien-etreiris.ch\/de\/produktpraesentation\/natuerliche-kosmetik\/gesicht-koerper\/gesichtspflege\/masken-und-peelings\/"},{"@type":"ListItem","position":7,"name":"MASKE SPIRULINA"}]},{"@type":"WebSite","@id":"https:\/\/bien-etreiris.ch\/de\/#website","url":"https:\/\/bien-etreiris.ch\/de\/","name":"Bien-\u00eatre Iris","description":"IHRE Gesundheit ist uns wichtig","potentialAction":[{"@type":"SearchAction","target":{"@type":"EntryPoint","urlTemplate":"https:\/\/bien-etreiris.ch\/de\/?s={search_term_string}"},"query-input":{"@type":"PropertyValueSpecification","valueRequired":true,"valueName":"search_term_string"}}],"inLanguage":"de"}]}},"_links":{"self":[{"href":"https:\/\/bien-etreiris.ch\/de\/wp-json\/wp\/v2\/pages\/50519","targetHints":{"allow":["GET"]}}],"collection":[{"href":"https:\/\/bien-etreiris.ch\/de\/wp-json\/wp\/v2\/pages"}],"about":[{"href":"https:\/\/bien-etreiris.ch\/de\/wp-json\/wp\/v2\/types\/page"}],"author":[{"embeddable":true,"href":"https:\/\/bien-etreiris.ch\/de\/wp-json\/wp\/v2\/users\/1"}],"replies":[{"embeddable":true,"href":"https:\/\/bien-etreiris.ch\/de\/wp-json\/wp\/v2\/comments?post=50519"}],"version-history":[{"count":3,"href":"https:\/\/bien-etreiris.ch\/de\/wp-json\/wp\/v2\/pages\/50519\/revisions"}],"predecessor-version":[{"id":50560,"href":"https:\/\/bien-etreiris.ch\/de\/wp-json\/wp\/v2\/pages\/50519\/revisions\/50560"}],"up":[{"embeddable":true,"href":"https:\/\/bien-etreiris.ch\/de\/wp-json\/wp\/v2\/pages\/44114"}],"wp:featuredmedia":[{"embeddable":true,"href":"https:\/\/bien-etreiris.ch\/de\/wp-json\/wp\/v2\/media\/50517"}],"wp:attachment":[{"href":"https:\/\/bien-etreiris.ch\/de\/wp-json\/wp\/v2\/media?parent=50519"}],"curies":[{"name":"wp","href":"https:\/\/api.w.org\/{rel}","templated":true}]}}