{"id":50454,"date":"2021-06-16T16:15:31","date_gmt":"2021-06-16T14:15:31","guid":{"rendered":"https:\/\/bien-etreiris.ch\/?page_id=50454"},"modified":"2021-06-23T22:26:56","modified_gmt":"2021-06-23T20:26:56","slug":"kontourstift","status":"publish","type":"page","link":"https:\/\/bien-etreiris.ch\/de\/produktpraesentation\/natuerliche-kosmetik\/schminken\/lippen\/kontourstift\/","title":{"rendered":"KONTOURSTIFT"},"content":{"rendered":"\n<h2>&nbsp;Crayon contour des l\u00e8vres<\/h2>\n<h2><a href=\"https:\/\/bien-etreiris.ch\/wp-content\/uploads\/2021\/06\/Lipliner.png\"><img loading=\"lazy\" decoding=\"async\" class=\" wp-image-50447 alignleft\" src=\"https:\/\/bien-etreiris.ch\/wp-content\/uploads\/2021\/06\/Lipliner.png\" alt=\"\" width=\"321\" height=\"321\" srcset=\"https:\/\/bien-etreiris.ch\/wp-content\/uploads\/2021\/06\/Lipliner.png 236w, https:\/\/bien-etreiris.ch\/wp-content\/uploads\/2021\/06\/Lipliner-150x150.png 150w\" sizes=\"auto, (max-width: 321px) 100vw, 321px\" \/><\/a><\/h2>\n<p>&nbsp;<\/p>\n<div class=\"product-page-title\">\n<div class=\"product-page-heading\">\n<h4>Natural Lipliner<\/h4>\n<p><strong>Crayon pour dessiner des contours parfaits pour vos l\u00e8vres<\/strong><\/p>\n<\/div>\n<\/div>\n<div class=\"product-page-summary\">\n<ul class=\"feature-list\" style=\"list-style-type: disc;\">\n<li>Corrige la forme de vos l\u00e8vres<\/li>\n<li>Pr\u00e9cieuses cires naturelles et vitamine E<\/li>\n<li>Sans talc ni parfum<\/li>\n<\/ul>\n<\/div>\n<p>&nbsp;<\/p>\n<p>&nbsp;<\/p>\n<p>&nbsp;<\/p>\n<p>&nbsp;<\/p>\n<p>Le Lipliner de Benecos dessine un contour des l\u00e8vres parfait. Id\u00e9al pour corriger la forme de vos l\u00e8vres, il sert \u00e9galement \u00e0 parfaire le maquillage. Il contient de la cire d'abeille et de la vitamine E, mais est exempt de parfum et de talc.<\/p>\n<p>Des jolies l\u00e8vres ne sauraient l'\u00eatre sans dessiner et sublimer leurs&nbsp;contours&nbsp;avec un&nbsp;crayon \u00e0 l\u00e8vres&nbsp;qui saura mettre en valeur votre bouche jusqu'\u00e0 ce qu'elle devienne Glamour ! Le&nbsp;crayon contour des l\u00e8vres&nbsp;n'offre que des b\u00e9n\u00e9fices. Le geste incontournable du&nbsp;maquillage des l\u00e8vres. Un coup de crayon subtil et discret pour augmenter le volume et repulper ses l\u00e8vres. Pos\u00e9 au pr\u00e9alable du rouge \u00e0 l\u00e8vres pour l'emp\u00eacher de filer, il augmente sa tenue et fini impeccablement la bouche ! Comble de l'\u00e9l\u00e9gance, le&nbsp;crayon contour des l\u00e8vres Bio&nbsp;est synonyme de f\u00e9minit\u00e9 absolue. Pr\u00e9cis et haute tenue, il esth\u00e9tise et redessine parfaitement la bouche avec des teintes modernes nude, ros\u00e9e ou rouge.<\/p>\n<p>&nbsp;<\/p>\n<p>&nbsp;<\/p>\n<p>&nbsp;<\/p>\n","protected":false},"excerpt":{"rendered":"<p>&nbsp;Crayon contour des l\u00e8vres &nbsp; Natural Lipliner Crayon pour dessiner des contours parfaits pour vos l\u00e8vres Corrige la forme de vos l\u00e8vres Pr\u00e9cieuses cires naturelles et vitamine E Sans talc ni parfum &nbsp; &nbsp; &nbsp; &nbsp; Le Lipliner de Benecos dessine un contour des l\u00e8vres parfait. Id\u00e9al pour corriger la forme de vos l\u00e8vres, il sert \u00e9galement \u00e0 parfaire le&nbsp;<a href=\"https:\/\/bien-etreiris.ch\/de\/produktpraesentation\/natuerliche-kosmetik\/schminken\/lippen\/kontourstift\/\" class=\"read-more\">Weiter lesen<\/a><\/p>\n","protected":false},"author":1,"featured_media":50452,"parent":48246,"menu_order":5233,"comment_status":"closed","ping_status":"closed","template":"page-with-child.php","meta":{"_acf_changed":false,"ngg_post_thumbnail":0,"footnotes":""},"class_list":["post-50454","page","type-page","status-publish","has-post-thumbnail","hentry"],"acf":[],"yoast_head":"<!-- This site is optimized with the Yoast SEO plugin v27.5 - https:\/\/yoast.com\/product\/yoast-seo-wordpress\/ -->\n<title>KONTOURSTIFT - WOHLBEFINDEN<\/title>\n<meta name=\"robots\" content=\"index, follow, max-snippet:-1, max-image-preview:large, max-video-preview:-1\" \/>\n<link rel=\"canonical\" href=\"https:\/\/bien-etreiris.ch\/de\/produktpraesentation\/natuerliche-kosmetik\/schminken\/lippen\/kontourstift\/\" \/>\n<meta property=\"og:locale\" content=\"de_DE\" \/>\n<meta property=\"og:type\" content=\"article\" \/>\n<meta property=\"og:title\" content=\"KONTOURSTIFT - WOHLBEFINDEN\" \/>\n<meta property=\"og:description\" content=\"&nbsp;Crayon contour des l\u00e8vres &nbsp; Natural Lipliner Crayon pour dessiner des contours parfaits pour vos l\u00e8vres Corrige la forme de vos l\u00e8vres Pr\u00e9cieuses cires naturelles et vitamine E Sans talc ni parfum &nbsp; &nbsp; &nbsp; &nbsp; Le Lipliner de Benecos dessine un contour des l\u00e8vres parfait. Id\u00e9al pour corriger la forme de vos l\u00e8vres, il sert \u00e9galement \u00e0 parfaire le&nbsp;Weiter lesen\" \/>\n<meta property=\"og:url\" content=\"https:\/\/bien-etreiris.ch\/de\/produktpraesentation\/natuerliche-kosmetik\/schminken\/lippen\/kontourstift\/\" \/>\n<meta property=\"og:site_name\" content=\"WOHLBEFINDEN\" \/>\n<meta property=\"article:publisher\" content=\"https:\/\/www.facebook.com\/bienetreiris\/\" \/>\n<meta property=\"article:modified_time\" content=\"2021-06-23T20:26:56+00:00\" \/>\n<meta property=\"og:image\" content=\"https:\/\/bien-etreiris.ch\/wp-content\/uploads\/2021\/06\/Crayon-contour-des-levres.jpg\" \/>\n\t<meta property=\"og:image:width\" content=\"500\" \/>\n\t<meta property=\"og:image:height\" content=\"323\" \/>\n\t<meta property=\"og:image:type\" content=\"image\/jpeg\" \/>\n<meta name=\"twitter:label1\" content=\"Gesch\u00e4tzte Lesezeit\" \/>\n\t<meta name=\"twitter:data1\" content=\"2\u00a0Minuten\" \/>\n<script type=\"application\/ld+json\" class=\"yoast-schema-graph\">{\"@context\":\"https:\\\/\\\/schema.org\",\"@graph\":[{\"@type\":\"WebPage\",\"@id\":\"https:\\\/\\\/bien-etreiris.ch\\\/de\\\/produktpraesentation\\\/natuerliche-kosmetik\\\/schminken\\\/lippen\\\/kontourstift\\\/\",\"url\":\"https:\\\/\\\/bien-etreiris.ch\\\/de\\\/produktpraesentation\\\/natuerliche-kosmetik\\\/schminken\\\/lippen\\\/kontourstift\\\/\",\"name\":\"KONTOURSTIFT - WOHLBEFINDEN\",\"isPartOf\":{\"@id\":\"https:\\\/\\\/bien-etreiris.ch\\\/de\\\/#website\"},\"primaryImageOfPage\":{\"@id\":\"https:\\\/\\\/bien-etreiris.ch\\\/de\\\/produktpraesentation\\\/natuerliche-kosmetik\\\/schminken\\\/lippen\\\/kontourstift\\\/#primaryimage\"},\"image\":{\"@id\":\"https:\\\/\\\/bien-etreiris.ch\\\/de\\\/produktpraesentation\\\/natuerliche-kosmetik\\\/schminken\\\/lippen\\\/kontourstift\\\/#primaryimage\"},\"thumbnailUrl\":\"https:\\\/\\\/bien-etreiris.ch\\\/wp-content\\\/uploads\\\/2021\\\/06\\\/Crayon-contour-des-levres.jpg\",\"datePublished\":\"2021-06-16T14:15:31+00:00\",\"dateModified\":\"2021-06-23T20:26:56+00:00\",\"breadcrumb\":{\"@id\":\"https:\\\/\\\/bien-etreiris.ch\\\/de\\\/produktpraesentation\\\/natuerliche-kosmetik\\\/schminken\\\/lippen\\\/kontourstift\\\/#breadcrumb\"},\"inLanguage\":\"de\",\"potentialAction\":[{\"@type\":\"ReadAction\",\"target\":[\"https:\\\/\\\/bien-etreiris.ch\\\/de\\\/produktpraesentation\\\/natuerliche-kosmetik\\\/schminken\\\/lippen\\\/kontourstift\\\/\"]}]},{\"@type\":\"ImageObject\",\"inLanguage\":\"de\",\"@id\":\"https:\\\/\\\/bien-etreiris.ch\\\/de\\\/produktpraesentation\\\/natuerliche-kosmetik\\\/schminken\\\/lippen\\\/kontourstift\\\/#primaryimage\",\"url\":\"https:\\\/\\\/bien-etreiris.ch\\\/wp-content\\\/uploads\\\/2021\\\/06\\\/Crayon-contour-des-levres.jpg\",\"contentUrl\":\"https:\\\/\\\/bien-etreiris.ch\\\/wp-content\\\/uploads\\\/2021\\\/06\\\/Crayon-contour-des-levres.jpg\",\"width\":500,\"height\":323},{\"@type\":\"BreadcrumbList\",\"@id\":\"https:\\\/\\\/bien-etreiris.ch\\\/de\\\/produktpraesentation\\\/natuerliche-kosmetik\\\/schminken\\\/lippen\\\/kontourstift\\\/#breadcrumb\",\"itemListElement\":[{\"@type\":\"ListItem\",\"position\":1,\"name\":\"Home\",\"item\":\"https:\\\/\\\/bien-etreiris.ch\\\/de\\\/\"},{\"@type\":\"ListItem\",\"position\":2,\"name\":\"PRODUKTPR\u00c4SENTATION\",\"item\":\"https:\\\/\\\/bien-etreiris.ch\\\/de\\\/produktpraesentation\\\/\"},{\"@type\":\"ListItem\",\"position\":3,\"name\":\"NAT\u00dcRLICHE KOSMETIK\",\"item\":\"https:\\\/\\\/bien-etreiris.ch\\\/de\\\/produktpraesentation\\\/natuerliche-kosmetik\\\/\"},{\"@type\":\"ListItem\",\"position\":4,\"name\":\"SCHMINKEN\",\"item\":\"https:\\\/\\\/bien-etreiris.ch\\\/de\\\/produktpraesentation\\\/natuerliche-kosmetik\\\/schminken\\\/\"},{\"@type\":\"ListItem\",\"position\":5,\"name\":\"LIPPEN\",\"item\":\"https:\\\/\\\/bien-etreiris.ch\\\/de\\\/produktpraesentation\\\/natuerliche-kosmetik\\\/schminken\\\/lippen\\\/\"},{\"@type\":\"ListItem\",\"position\":6,\"name\":\"KONTOURSTIFT\"}]},{\"@type\":\"WebSite\",\"@id\":\"https:\\\/\\\/bien-etreiris.ch\\\/de\\\/#website\",\"url\":\"https:\\\/\\\/bien-etreiris.ch\\\/de\\\/\",\"name\":\"Bien-\u00eatre Iris\",\"description\":\"IHRE Gesundheit ist uns wichtig\",\"potentialAction\":[{\"@type\":\"SearchAction\",\"target\":{\"@type\":\"EntryPoint\",\"urlTemplate\":\"https:\\\/\\\/bien-etreiris.ch\\\/de\\\/?s={search_term_string}\"},\"query-input\":{\"@type\":\"PropertyValueSpecification\",\"valueRequired\":true,\"valueName\":\"search_term_string\"}}],\"inLanguage\":\"de\"}]}<\/script>\n<!-- \/ Yoast SEO plugin. -->","yoast_head_json":{"title":"KONTOURSTIFT - WOHLBEFINDEN","robots":{"index":"index","follow":"follow","max-snippet":"max-snippet:-1","max-image-preview":"max-image-preview:large","max-video-preview":"max-video-preview:-1"},"canonical":"https:\/\/bien-etreiris.ch\/de\/produktpraesentation\/natuerliche-kosmetik\/schminken\/lippen\/kontourstift\/","og_locale":"de_DE","og_type":"article","og_title":"KONTOURSTIFT - WOHLBEFINDEN","og_description":"&nbsp;Crayon contour des l\u00e8vres &nbsp; Natural Lipliner Crayon pour dessiner des contours parfaits pour vos l\u00e8vres Corrige la forme de vos l\u00e8vres Pr\u00e9cieuses cires naturelles et vitamine E Sans talc ni parfum &nbsp; &nbsp; &nbsp; &nbsp; Le Lipliner de Benecos dessine un contour des l\u00e8vres parfait. Id\u00e9al pour corriger la forme de vos l\u00e8vres, il sert \u00e9galement \u00e0 parfaire le&nbsp;Weiter lesen","og_url":"https:\/\/bien-etreiris.ch\/de\/produktpraesentation\/natuerliche-kosmetik\/schminken\/lippen\/kontourstift\/","og_site_name":"WOHLBEFINDEN","article_publisher":"https:\/\/www.facebook.com\/bienetreiris\/","article_modified_time":"2021-06-23T20:26:56+00:00","og_image":[{"width":500,"height":323,"url":"https:\/\/bien-etreiris.ch\/wp-content\/uploads\/2021\/06\/Crayon-contour-des-levres.jpg","type":"image\/jpeg"}],"twitter_misc":{"Gesch\u00e4tzte Lesezeit":"2\u00a0Minuten"},"schema":{"@context":"https:\/\/schema.org","@graph":[{"@type":"WebPage","@id":"https:\/\/bien-etreiris.ch\/de\/produktpraesentation\/natuerliche-kosmetik\/schminken\/lippen\/kontourstift\/","url":"https:\/\/bien-etreiris.ch\/de\/produktpraesentation\/natuerliche-kosmetik\/schminken\/lippen\/kontourstift\/","name":"KONTOURSTIFT - WOHLBEFINDEN","isPartOf":{"@id":"https:\/\/bien-etreiris.ch\/de\/#website"},"primaryImageOfPage":{"@id":"https:\/\/bien-etreiris.ch\/de\/produktpraesentation\/natuerliche-kosmetik\/schminken\/lippen\/kontourstift\/#primaryimage"},"image":{"@id":"https:\/\/bien-etreiris.ch\/de\/produktpraesentation\/natuerliche-kosmetik\/schminken\/lippen\/kontourstift\/#primaryimage"},"thumbnailUrl":"https:\/\/bien-etreiris.ch\/wp-content\/uploads\/2021\/06\/Crayon-contour-des-levres.jpg","datePublished":"2021-06-16T14:15:31+00:00","dateModified":"2021-06-23T20:26:56+00:00","breadcrumb":{"@id":"https:\/\/bien-etreiris.ch\/de\/produktpraesentation\/natuerliche-kosmetik\/schminken\/lippen\/kontourstift\/#breadcrumb"},"inLanguage":"de","potentialAction":[{"@type":"ReadAction","target":["https:\/\/bien-etreiris.ch\/de\/produktpraesentation\/natuerliche-kosmetik\/schminken\/lippen\/kontourstift\/"]}]},{"@type":"ImageObject","inLanguage":"de","@id":"https:\/\/bien-etreiris.ch\/de\/produktpraesentation\/natuerliche-kosmetik\/schminken\/lippen\/kontourstift\/#primaryimage","url":"https:\/\/bien-etreiris.ch\/wp-content\/uploads\/2021\/06\/Crayon-contour-des-levres.jpg","contentUrl":"https:\/\/bien-etreiris.ch\/wp-content\/uploads\/2021\/06\/Crayon-contour-des-levres.jpg","width":500,"height":323},{"@type":"BreadcrumbList","@id":"https:\/\/bien-etreiris.ch\/de\/produktpraesentation\/natuerliche-kosmetik\/schminken\/lippen\/kontourstift\/#breadcrumb","itemListElement":[{"@type":"ListItem","position":1,"name":"Home","item":"https:\/\/bien-etreiris.ch\/de\/"},{"@type":"ListItem","position":2,"name":"PRODUKTPR\u00c4SENTATION","item":"https:\/\/bien-etreiris.ch\/de\/produktpraesentation\/"},{"@type":"ListItem","position":3,"name":"NAT\u00dcRLICHE KOSMETIK","item":"https:\/\/bien-etreiris.ch\/de\/produktpraesentation\/natuerliche-kosmetik\/"},{"@type":"ListItem","position":4,"name":"SCHMINKEN","item":"https:\/\/bien-etreiris.ch\/de\/produktpraesentation\/natuerliche-kosmetik\/schminken\/"},{"@type":"ListItem","position":5,"name":"LIPPEN","item":"https:\/\/bien-etreiris.ch\/de\/produktpraesentation\/natuerliche-kosmetik\/schminken\/lippen\/"},{"@type":"ListItem","position":6,"name":"KONTOURSTIFT"}]},{"@type":"WebSite","@id":"https:\/\/bien-etreiris.ch\/de\/#website","url":"https:\/\/bien-etreiris.ch\/de\/","name":"Bien-\u00eatre Iris","description":"IHRE Gesundheit ist uns wichtig","potentialAction":[{"@type":"SearchAction","target":{"@type":"EntryPoint","urlTemplate":"https:\/\/bien-etreiris.ch\/de\/?s={search_term_string}"},"query-input":{"@type":"PropertyValueSpecification","valueRequired":true,"valueName":"search_term_string"}}],"inLanguage":"de"}]}},"_links":{"self":[{"href":"https:\/\/bien-etreiris.ch\/de\/wp-json\/wp\/v2\/pages\/50454","targetHints":{"allow":["GET"]}}],"collection":[{"href":"https:\/\/bien-etreiris.ch\/de\/wp-json\/wp\/v2\/pages"}],"about":[{"href":"https:\/\/bien-etreiris.ch\/de\/wp-json\/wp\/v2\/types\/page"}],"author":[{"embeddable":true,"href":"https:\/\/bien-etreiris.ch\/de\/wp-json\/wp\/v2\/users\/1"}],"replies":[{"embeddable":true,"href":"https:\/\/bien-etreiris.ch\/de\/wp-json\/wp\/v2\/comments?post=50454"}],"version-history":[{"count":2,"href":"https:\/\/bien-etreiris.ch\/de\/wp-json\/wp\/v2\/pages\/50454\/revisions"}],"predecessor-version":[{"id":51479,"href":"https:\/\/bien-etreiris.ch\/de\/wp-json\/wp\/v2\/pages\/50454\/revisions\/51479"}],"up":[{"embeddable":true,"href":"https:\/\/bien-etreiris.ch\/de\/wp-json\/wp\/v2\/pages\/48246"}],"wp:featuredmedia":[{"embeddable":true,"href":"https:\/\/bien-etreiris.ch\/de\/wp-json\/wp\/v2\/media\/50452"}],"wp:attachment":[{"href":"https:\/\/bien-etreiris.ch\/de\/wp-json\/wp\/v2\/media?parent=50454"}],"curies":[{"name":"wp","href":"https:\/\/api.w.org\/{rel}","templated":true}]}}