{"id":50441,"date":"2021-06-16T16:00:14","date_gmt":"2021-06-16T14:00:14","guid":{"rendered":"https:\/\/bien-etreiris.ch\/?page_id=50441"},"modified":"2021-06-23T22:31:12","modified_gmt":"2021-06-23T20:31:12","slug":"matter-fluessig-lippenstift","status":"publish","type":"page","link":"https:\/\/bien-etreiris.ch\/de\/produktpraesentation\/natuerliche-kosmetik\/schminken\/lippen\/matter-fluessig-lippenstift\/","title":{"rendered":"FL\u00dcSSIG-LIPPENSTIFT"},"content":{"rendered":"\n<h2>Der matte Fl\u00fcssig-Lippenstift von Benecos definiert und versch\u00f6nert die Lippen neu<\/h2>\n<p><a href=\"https:\/\/bien-etreiris.ch\/wp-content\/uploads\/2021\/06\/ROUGE-A-LEVRES-LIQUIDE-MAT.png\"><img loading=\"lazy\" decoding=\"async\" class=\"wp-image-50434 alignleft\" src=\"https:\/\/bien-etreiris.ch\/wp-content\/uploads\/2021\/06\/ROUGE-A-LEVRES-LIQUIDE-MAT.png\" alt=\"\" width=\"340\" height=\"362\"><\/a><\/p>\n<p>&nbsp;<\/p>\n<p>&nbsp;<\/p>\n<p>&nbsp;<\/p>\n<div id=\"product-description-short-1531\" class=\"rte-content product-description\">\n<p><strong>5 coloris pour une bouche naturellement pulpeuse !<\/strong><\/p>\n<ul>\n<li>Texture velout\u00e9 couvrante &amp; confortable.<\/li>\n<li>Un r\u00e9sultat&nbsp;longue tenue &amp; irr\u00e9prochable.<\/li>\n<li>Applicateur pr\u00e9cis permettant de d\u00e9poser la juste dose de Rouge.<\/li>\n<\/ul>\n<p>Flacon avec embout applicateur 5ml <strong>CHF<\/strong><\/p>\n<p>&nbsp;<\/p>\n<\/div>\n<p>&nbsp;<\/p>\n<div class=\"elementor-widget elementor-element elementor-element-6o3a8lh elementor-widget-text-editor\" data-element_type=\"text-editor\">\n<div class=\"elementor-widget-container\">\n<div class=\"elementor-text-editor rte-content\">\n<p>Le&nbsp;Rouge \u00e0 L\u00e8vres Liquide Mat BENECOS&nbsp;red\u00e9fini et sublime les l\u00e8vres en apportant un \u00e9clat naturel aux l\u00e8vres. Enrichi en huile de ricin, il prot\u00e8ge et pr\u00e9serve les l\u00e8vres du dess\u00e8chement en les hydratant naturellement.<\/p>\n<p>Fluide et l\u00e9g\u00e8re, sa texture couvrante longue tenue est irr\u00e9prochable. Elle s\u00e8che rapidement pour offrir une couleur intense au&nbsp;fini&nbsp;mat tr\u00e8s s\u00e9duisant.<\/p>\n<p>Pratique et pr\u00e9cis, son embout mousse int\u00e9gr\u00e9 facilite l'application et&nbsp;permet d'\u00e9taler le liquide avec une grande pr\u00e9cision sur les l\u00e8vres.<\/p>\n<p>Disponible en 5 coloris, les&nbsp;rouges \u00e0 l\u00e8vres liquide Benecos&nbsp;donnent un&nbsp;rendu&nbsp;mat&nbsp;\u00e9tonnant pour des l\u00e8vres douces, velout\u00e9s et pleine de Pep's !&nbsp;<\/p>\n<\/div>\n<\/div>\n<\/div>\n<div class=\"elementor-widget elementor-element elementor-element-gw8z7pm elementor-widget-image\" data-element_type=\"image\">\n<div class=\"elementor-image\">&nbsp;<\/div>\n<\/div>\n<div class=\"elementor-widget elementor-element elementor-element-ordxa3q elementor-widget-heading\" data-element_type=\"heading\">\n<div class=\"elementor-widget-container\">\n<h2 class=\"elementor-heading-title elementor-size-medium none\">J'applique mon rouge \u00e0 l\u00e8vres Bio Benecos<\/h2>\n<\/div>\n<\/div>\n<div class=\"elementor-widget elementor-element elementor-element-5m1gusy elementor-widget-text-editor\" data-element_type=\"text-editor\">\n<div class=\"elementor-widget-container\">\n<div class=\"elementor-text-editor rte-content\">\n<p>- Appliquez le rouge \u00e0 l\u00e8vres naturel simplement avec de son embout mousse en partant du centre de la bouche vers l'ext\u00e9rieur pour un galbe parfait.<\/p>\n<p>Notre conseil<\/p>\n<p>Avant l'application, vous pouvez utiliser un crayon pour dessiner le contour de vos l\u00e8vres.<\/p>\n<\/div>\n<\/div>\n<\/div>\n<div class=\"elementor-widget elementor-element elementor-element-vqhhieh elementor-widget-heading\" data-element_type=\"heading\">\n<div class=\"elementor-widget-container\">\n<h2 class=\"elementor-heading-title elementor-size-medium none\">Un rouge \u00e0 l\u00e8vres liquide enrichi en huile de ricin<\/h2>\n<\/div>\n<\/div>\n<div class=\"elementor-widget elementor-element elementor-element-8i2pznp elementor-widget-text-editor\" data-element_type=\"text-editor\">\n<div class=\"elementor-widget-container\">\n<div class=\"elementor-text-editor rte-content\">\n<p>INCI : Undecane, ricinus communis seed oil* (Ricin), zea mays starch* (Ma\u00efs), oleic\/linoleic\/linolenic polyglycerides, tridecane, glyceryl rosinate, polyglyceryl-4 caprate, silica, copernica cerifera cera\/copernica cerifera wax*, hydrogenated jojoba oil (Jojoba), polyglyceryl-3 diisostearate, parfum, lecithin, tocopherol, ascorbyl pamitate, citric acid, [+\/- (peut contenir) : mica, CI 77742 (manganese violet), CI 77491 (iron oxides), CI 77492 (iron oxides), CI 77499 (iron oxides), CI 77891 (titanium dioxide), CI 77007 (ultramarines)].<\/p>\n<p><em>* Ingr\u00e9dients issus de l\u2019Agriculture Biologique.<\/em><\/p>\n<p>COSMOS Organic certifi\u00e9 par BDIH selon le r\u00e9f\u00e9rentiel COSMOS.<\/p>\n<\/div>\n<\/div>\n<\/div>\n","protected":false},"excerpt":{"rendered":"<p>Der matte Fl\u00fcssig-Lippenstift von Benecos definiert und versch\u00f6nert die Lippen neu &nbsp; &nbsp; &nbsp; 5 coloris pour une bouche naturellement pulpeuse ! Texture velout\u00e9 couvrante &amp; confortable. Un r\u00e9sultat&nbsp;longue tenue &amp; irr\u00e9prochable. Applicateur pr\u00e9cis permettant de d\u00e9poser la juste dose de Rouge. Flacon avec embout applicateur 5ml CHF &nbsp; &nbsp; Le&nbsp;Rouge \u00e0 L\u00e8vres Liquide Mat BENECOS&nbsp;red\u00e9fini et sublime les l\u00e8vres&nbsp;<a href=\"https:\/\/bien-etreiris.ch\/de\/produktpraesentation\/natuerliche-kosmetik\/schminken\/lippen\/matter-fluessig-lippenstift\/\" class=\"read-more\">Weiter lesen<\/a><\/p>\n","protected":false},"author":1,"featured_media":50439,"parent":48246,"menu_order":5230,"comment_status":"closed","ping_status":"closed","template":"","meta":{"_acf_changed":false,"ngg_post_thumbnail":0,"footnotes":""},"class_list":["post-50441","page","type-page","status-publish","has-post-thumbnail","hentry"],"acf":[],"yoast_head":"<!-- This site is optimized with the Yoast SEO plugin v27.4 - https:\/\/yoast.com\/product\/yoast-seo-wordpress\/ -->\n<title>FL\u00dcSSIG-LIPPENSTIFT - WOHLBEFINDEN<\/title>\n<meta name=\"robots\" content=\"index, follow, max-snippet:-1, max-image-preview:large, max-video-preview:-1\" \/>\n<link rel=\"canonical\" href=\"https:\/\/bien-etreiris.ch\/de\/produktpraesentation\/natuerliche-kosmetik\/schminken\/lippen\/matter-fluessig-lippenstift\/\" \/>\n<meta property=\"og:locale\" content=\"de_DE\" \/>\n<meta property=\"og:type\" content=\"article\" \/>\n<meta property=\"og:title\" content=\"FL\u00dcSSIG-LIPPENSTIFT - WOHLBEFINDEN\" \/>\n<meta property=\"og:description\" content=\"Der matte Fl\u00fcssig-Lippenstift von Benecos definiert und versch\u00f6nert die Lippen neu &nbsp; &nbsp; &nbsp; 5 coloris pour une bouche naturellement pulpeuse ! Texture velout\u00e9 couvrante &amp; confortable. Un r\u00e9sultat&nbsp;longue tenue &amp; irr\u00e9prochable. Applicateur pr\u00e9cis permettant de d\u00e9poser la juste dose de Rouge. Flacon avec embout applicateur 5ml CHF &nbsp; &nbsp; Le&nbsp;Rouge \u00e0 L\u00e8vres Liquide Mat BENECOS&nbsp;red\u00e9fini et sublime les l\u00e8vres&nbsp;Weiter lesen\" \/>\n<meta property=\"og:url\" content=\"https:\/\/bien-etreiris.ch\/de\/produktpraesentation\/natuerliche-kosmetik\/schminken\/lippen\/matter-fluessig-lippenstift\/\" \/>\n<meta property=\"og:site_name\" content=\"WOHLBEFINDEN\" \/>\n<meta property=\"article:publisher\" content=\"https:\/\/www.facebook.com\/bienetreiris\/\" \/>\n<meta property=\"article:modified_time\" content=\"2021-06-23T20:31:12+00:00\" \/>\n<meta property=\"og:image\" content=\"https:\/\/bien-etreiris.ch\/wp-content\/uploads\/2021\/06\/acceuil-rouge-a-levres-liquide-naturel.jpg\" \/>\n\t<meta property=\"og:image:width\" content=\"750\" \/>\n\t<meta property=\"og:image:height\" content=\"447\" \/>\n\t<meta property=\"og:image:type\" content=\"image\/jpeg\" \/>\n<meta name=\"twitter:label1\" content=\"Gesch\u00e4tzte Lesezeit\" \/>\n\t<meta name=\"twitter:data1\" content=\"2\u00a0Minuten\" \/>\n<script type=\"application\/ld+json\" class=\"yoast-schema-graph\">{\"@context\":\"https:\\\/\\\/schema.org\",\"@graph\":[{\"@type\":\"WebPage\",\"@id\":\"https:\\\/\\\/bien-etreiris.ch\\\/de\\\/produktpraesentation\\\/natuerliche-kosmetik\\\/schminken\\\/lippen\\\/matter-fluessig-lippenstift\\\/\",\"url\":\"https:\\\/\\\/bien-etreiris.ch\\\/de\\\/produktpraesentation\\\/natuerliche-kosmetik\\\/schminken\\\/lippen\\\/matter-fluessig-lippenstift\\\/\",\"name\":\"FL\u00dcSSIG-LIPPENSTIFT - WOHLBEFINDEN\",\"isPartOf\":{\"@id\":\"https:\\\/\\\/bien-etreiris.ch\\\/de\\\/#website\"},\"primaryImageOfPage\":{\"@id\":\"https:\\\/\\\/bien-etreiris.ch\\\/de\\\/produktpraesentation\\\/natuerliche-kosmetik\\\/schminken\\\/lippen\\\/matter-fluessig-lippenstift\\\/#primaryimage\"},\"image\":{\"@id\":\"https:\\\/\\\/bien-etreiris.ch\\\/de\\\/produktpraesentation\\\/natuerliche-kosmetik\\\/schminken\\\/lippen\\\/matter-fluessig-lippenstift\\\/#primaryimage\"},\"thumbnailUrl\":\"https:\\\/\\\/bien-etreiris.ch\\\/wp-content\\\/uploads\\\/2021\\\/06\\\/acceuil-rouge-a-levres-liquide-naturel.jpg\",\"datePublished\":\"2021-06-16T14:00:14+00:00\",\"dateModified\":\"2021-06-23T20:31:12+00:00\",\"breadcrumb\":{\"@id\":\"https:\\\/\\\/bien-etreiris.ch\\\/de\\\/produktpraesentation\\\/natuerliche-kosmetik\\\/schminken\\\/lippen\\\/matter-fluessig-lippenstift\\\/#breadcrumb\"},\"inLanguage\":\"de\",\"potentialAction\":[{\"@type\":\"ReadAction\",\"target\":[\"https:\\\/\\\/bien-etreiris.ch\\\/de\\\/produktpraesentation\\\/natuerliche-kosmetik\\\/schminken\\\/lippen\\\/matter-fluessig-lippenstift\\\/\"]}]},{\"@type\":\"ImageObject\",\"inLanguage\":\"de\",\"@id\":\"https:\\\/\\\/bien-etreiris.ch\\\/de\\\/produktpraesentation\\\/natuerliche-kosmetik\\\/schminken\\\/lippen\\\/matter-fluessig-lippenstift\\\/#primaryimage\",\"url\":\"https:\\\/\\\/bien-etreiris.ch\\\/wp-content\\\/uploads\\\/2021\\\/06\\\/acceuil-rouge-a-levres-liquide-naturel.jpg\",\"contentUrl\":\"https:\\\/\\\/bien-etreiris.ch\\\/wp-content\\\/uploads\\\/2021\\\/06\\\/acceuil-rouge-a-levres-liquide-naturel.jpg\",\"width\":750,\"height\":447},{\"@type\":\"BreadcrumbList\",\"@id\":\"https:\\\/\\\/bien-etreiris.ch\\\/de\\\/produktpraesentation\\\/natuerliche-kosmetik\\\/schminken\\\/lippen\\\/matter-fluessig-lippenstift\\\/#breadcrumb\",\"itemListElement\":[{\"@type\":\"ListItem\",\"position\":1,\"name\":\"Home\",\"item\":\"https:\\\/\\\/bien-etreiris.ch\\\/de\\\/\"},{\"@type\":\"ListItem\",\"position\":2,\"name\":\"PRODUKTPR\u00c4SENTATION\",\"item\":\"https:\\\/\\\/bien-etreiris.ch\\\/de\\\/produktpraesentation\\\/\"},{\"@type\":\"ListItem\",\"position\":3,\"name\":\"NAT\u00dcRLICHE KOSMETIK\",\"item\":\"https:\\\/\\\/bien-etreiris.ch\\\/de\\\/produktpraesentation\\\/natuerliche-kosmetik\\\/\"},{\"@type\":\"ListItem\",\"position\":4,\"name\":\"SCHMINKEN\",\"item\":\"https:\\\/\\\/bien-etreiris.ch\\\/de\\\/produktpraesentation\\\/natuerliche-kosmetik\\\/schminken\\\/\"},{\"@type\":\"ListItem\",\"position\":5,\"name\":\"LIPPEN\",\"item\":\"https:\\\/\\\/bien-etreiris.ch\\\/de\\\/produktpraesentation\\\/natuerliche-kosmetik\\\/schminken\\\/lippen\\\/\"},{\"@type\":\"ListItem\",\"position\":6,\"name\":\"FL\u00dcSSIG-LIPPENSTIFT\"}]},{\"@type\":\"WebSite\",\"@id\":\"https:\\\/\\\/bien-etreiris.ch\\\/de\\\/#website\",\"url\":\"https:\\\/\\\/bien-etreiris.ch\\\/de\\\/\",\"name\":\"Bien-\u00eatre Iris\",\"description\":\"IHRE Gesundheit ist uns wichtig\",\"potentialAction\":[{\"@type\":\"SearchAction\",\"target\":{\"@type\":\"EntryPoint\",\"urlTemplate\":\"https:\\\/\\\/bien-etreiris.ch\\\/de\\\/?s={search_term_string}\"},\"query-input\":{\"@type\":\"PropertyValueSpecification\",\"valueRequired\":true,\"valueName\":\"search_term_string\"}}],\"inLanguage\":\"de\"}]}<\/script>\n<!-- \/ Yoast SEO plugin. -->","yoast_head_json":{"title":"FL\u00dcSSIG-LIPPENSTIFT - WOHLBEFINDEN","robots":{"index":"index","follow":"follow","max-snippet":"max-snippet:-1","max-image-preview":"max-image-preview:large","max-video-preview":"max-video-preview:-1"},"canonical":"https:\/\/bien-etreiris.ch\/de\/produktpraesentation\/natuerliche-kosmetik\/schminken\/lippen\/matter-fluessig-lippenstift\/","og_locale":"de_DE","og_type":"article","og_title":"FL\u00dcSSIG-LIPPENSTIFT - WOHLBEFINDEN","og_description":"Der matte Fl\u00fcssig-Lippenstift von Benecos definiert und versch\u00f6nert die Lippen neu &nbsp; &nbsp; &nbsp; 5 coloris pour une bouche naturellement pulpeuse ! Texture velout\u00e9 couvrante &amp; confortable. Un r\u00e9sultat&nbsp;longue tenue &amp; irr\u00e9prochable. Applicateur pr\u00e9cis permettant de d\u00e9poser la juste dose de Rouge. Flacon avec embout applicateur 5ml CHF &nbsp; &nbsp; Le&nbsp;Rouge \u00e0 L\u00e8vres Liquide Mat BENECOS&nbsp;red\u00e9fini et sublime les l\u00e8vres&nbsp;Weiter lesen","og_url":"https:\/\/bien-etreiris.ch\/de\/produktpraesentation\/natuerliche-kosmetik\/schminken\/lippen\/matter-fluessig-lippenstift\/","og_site_name":"WOHLBEFINDEN","article_publisher":"https:\/\/www.facebook.com\/bienetreiris\/","article_modified_time":"2021-06-23T20:31:12+00:00","og_image":[{"width":750,"height":447,"url":"https:\/\/bien-etreiris.ch\/wp-content\/uploads\/2021\/06\/acceuil-rouge-a-levres-liquide-naturel.jpg","type":"image\/jpeg"}],"twitter_misc":{"Gesch\u00e4tzte Lesezeit":"2\u00a0Minuten"},"schema":{"@context":"https:\/\/schema.org","@graph":[{"@type":"WebPage","@id":"https:\/\/bien-etreiris.ch\/de\/produktpraesentation\/natuerliche-kosmetik\/schminken\/lippen\/matter-fluessig-lippenstift\/","url":"https:\/\/bien-etreiris.ch\/de\/produktpraesentation\/natuerliche-kosmetik\/schminken\/lippen\/matter-fluessig-lippenstift\/","name":"FL\u00dcSSIG-LIPPENSTIFT - WOHLBEFINDEN","isPartOf":{"@id":"https:\/\/bien-etreiris.ch\/de\/#website"},"primaryImageOfPage":{"@id":"https:\/\/bien-etreiris.ch\/de\/produktpraesentation\/natuerliche-kosmetik\/schminken\/lippen\/matter-fluessig-lippenstift\/#primaryimage"},"image":{"@id":"https:\/\/bien-etreiris.ch\/de\/produktpraesentation\/natuerliche-kosmetik\/schminken\/lippen\/matter-fluessig-lippenstift\/#primaryimage"},"thumbnailUrl":"https:\/\/bien-etreiris.ch\/wp-content\/uploads\/2021\/06\/acceuil-rouge-a-levres-liquide-naturel.jpg","datePublished":"2021-06-16T14:00:14+00:00","dateModified":"2021-06-23T20:31:12+00:00","breadcrumb":{"@id":"https:\/\/bien-etreiris.ch\/de\/produktpraesentation\/natuerliche-kosmetik\/schminken\/lippen\/matter-fluessig-lippenstift\/#breadcrumb"},"inLanguage":"de","potentialAction":[{"@type":"ReadAction","target":["https:\/\/bien-etreiris.ch\/de\/produktpraesentation\/natuerliche-kosmetik\/schminken\/lippen\/matter-fluessig-lippenstift\/"]}]},{"@type":"ImageObject","inLanguage":"de","@id":"https:\/\/bien-etreiris.ch\/de\/produktpraesentation\/natuerliche-kosmetik\/schminken\/lippen\/matter-fluessig-lippenstift\/#primaryimage","url":"https:\/\/bien-etreiris.ch\/wp-content\/uploads\/2021\/06\/acceuil-rouge-a-levres-liquide-naturel.jpg","contentUrl":"https:\/\/bien-etreiris.ch\/wp-content\/uploads\/2021\/06\/acceuil-rouge-a-levres-liquide-naturel.jpg","width":750,"height":447},{"@type":"BreadcrumbList","@id":"https:\/\/bien-etreiris.ch\/de\/produktpraesentation\/natuerliche-kosmetik\/schminken\/lippen\/matter-fluessig-lippenstift\/#breadcrumb","itemListElement":[{"@type":"ListItem","position":1,"name":"Home","item":"https:\/\/bien-etreiris.ch\/de\/"},{"@type":"ListItem","position":2,"name":"PRODUKTPR\u00c4SENTATION","item":"https:\/\/bien-etreiris.ch\/de\/produktpraesentation\/"},{"@type":"ListItem","position":3,"name":"NAT\u00dcRLICHE KOSMETIK","item":"https:\/\/bien-etreiris.ch\/de\/produktpraesentation\/natuerliche-kosmetik\/"},{"@type":"ListItem","position":4,"name":"SCHMINKEN","item":"https:\/\/bien-etreiris.ch\/de\/produktpraesentation\/natuerliche-kosmetik\/schminken\/"},{"@type":"ListItem","position":5,"name":"LIPPEN","item":"https:\/\/bien-etreiris.ch\/de\/produktpraesentation\/natuerliche-kosmetik\/schminken\/lippen\/"},{"@type":"ListItem","position":6,"name":"FL\u00dcSSIG-LIPPENSTIFT"}]},{"@type":"WebSite","@id":"https:\/\/bien-etreiris.ch\/de\/#website","url":"https:\/\/bien-etreiris.ch\/de\/","name":"Bien-\u00eatre Iris","description":"IHRE Gesundheit ist uns wichtig","potentialAction":[{"@type":"SearchAction","target":{"@type":"EntryPoint","urlTemplate":"https:\/\/bien-etreiris.ch\/de\/?s={search_term_string}"},"query-input":{"@type":"PropertyValueSpecification","valueRequired":true,"valueName":"search_term_string"}}],"inLanguage":"de"}]}},"_links":{"self":[{"href":"https:\/\/bien-etreiris.ch\/de\/wp-json\/wp\/v2\/pages\/50441","targetHints":{"allow":["GET"]}}],"collection":[{"href":"https:\/\/bien-etreiris.ch\/de\/wp-json\/wp\/v2\/pages"}],"about":[{"href":"https:\/\/bien-etreiris.ch\/de\/wp-json\/wp\/v2\/types\/page"}],"author":[{"embeddable":true,"href":"https:\/\/bien-etreiris.ch\/de\/wp-json\/wp\/v2\/users\/1"}],"replies":[{"embeddable":true,"href":"https:\/\/bien-etreiris.ch\/de\/wp-json\/wp\/v2\/comments?post=50441"}],"version-history":[{"count":3,"href":"https:\/\/bien-etreiris.ch\/de\/wp-json\/wp\/v2\/pages\/50441\/revisions"}],"predecessor-version":[{"id":51481,"href":"https:\/\/bien-etreiris.ch\/de\/wp-json\/wp\/v2\/pages\/50441\/revisions\/51481"}],"up":[{"embeddable":true,"href":"https:\/\/bien-etreiris.ch\/de\/wp-json\/wp\/v2\/pages\/48246"}],"wp:featuredmedia":[{"embeddable":true,"href":"https:\/\/bien-etreiris.ch\/de\/wp-json\/wp\/v2\/media\/50439"}],"wp:attachment":[{"href":"https:\/\/bien-etreiris.ch\/de\/wp-json\/wp\/v2\/media?parent=50441"}],"curies":[{"name":"wp","href":"https:\/\/api.w.org\/{rel}","templated":true}]}}