{"id":50425,"date":"2021-06-16T15:36:32","date_gmt":"2021-06-16T13:36:32","guid":{"rendered":"https:\/\/bien-etreiris.ch\/?page_id=50425"},"modified":"2021-06-23T22:41:05","modified_gmt":"2021-06-23T20:41:05","slug":"natuerlicher-gloss","status":"publish","type":"page","link":"https:\/\/bien-etreiris.ch\/de\/produktpraesentation\/natuerliche-kosmetik\/schminken\/lippen\/natuerlicher-gloss\/","title":{"rendered":"NAT\u00dcRLICHER GLOSS"},"content":{"rendered":"\n<h2>Gloss<\/h2>\n<p><a href=\"https:\/\/bien-etreiris.ch\/wp-content\/uploads\/2021\/06\/lipcloss.png\"><img loading=\"lazy\" decoding=\"async\" class=\"wp-image-50418 alignleft\" src=\"https:\/\/bien-etreiris.ch\/wp-content\/uploads\/2021\/06\/lipcloss.png\" alt=\"\" width=\"351\" height=\"351\" srcset=\"https:\/\/bien-etreiris.ch\/wp-content\/uploads\/2021\/06\/lipcloss.png 280w, https:\/\/bien-etreiris.ch\/wp-content\/uploads\/2021\/06\/lipcloss-150x150.png 150w\" sizes=\"auto, (max-width: 351px) 100vw, 351px\" \/><\/a><\/p>\n<p>&nbsp;<\/p>\n<p>&nbsp;<\/p>\n<p>Gl\u00e4nzende und farbige Lippen, ohne den klebrigen Effekt!<\/p>\n<p>Mit seinen intensiven, dezenten und transparenten Farben polstert der Benecos-Gloss Ihre Lippen auf und schm\u00fcckt sie mit einem unwiderstehlichen Glanz, der sie zart sublimiert. Angereichert mit Sonnenblumen\u00f6l und Bienenwachs pflegt und sch\u00fctzt der Benecos Bio-Lipgloss die Lippen und sorgt f\u00fcr einen lang anhaltenden und unvergleichlichen Glanz. Seine nicht-klebrige Textur erleichtert das Auftragen mit einem leichten und makellosen Finish.<\/p>\n<p>Erh\u00f6hen Sie Ihren Mund<br>Lang anhaltender Glanz<br>5 Farbt\u00f6ne<\/p>\n<p>Neue Formel: enth\u00e4lt kein Talkum oder Lanolin.<\/p>\n<p>Fl\u00e4schchen mit Applikator 5 ml <strong>CHF 5.50<\/strong><\/p>\n<p>&nbsp;<\/p>\n<p>&nbsp;<\/p>\n<p>&nbsp;<\/p>\n<p>&nbsp;<\/p>\n<p>Lipgloss ist oft eine Alternative zu Lippenstift f\u00fcr einen helleren oder gl\u00e4nzenderen Make-up-Look. Er kann auch \u00fcber dem Lippenstift verwendet werden, um einen gl\u00e4nzenden Look zu erzielen.<\/p>\n<p>Mit seiner leichten, fl\u00fcssigen und nicht klebenden Textur bietet der Benecos Lipgloss den ganzen Tag \u00fcber absoluten Komfort. Ein echtes Vergn\u00fcgen bei der Anwendung!<\/p>\n<p>Erh\u00e4ltlich in 5 Farben, verleiht dieses Bio-Lippen-Make-up in seinen verschiedenen Schattierungen einen schicken und trendigen Look. Eine einfache Anwendung, die problemlos zu allen Stilen passt!<\/p>\n<p>Angereichert mit Sonnenblumen\u00f6l und Bienenwachs, kombiniert der Benecos Bio-Lipgloss Make-up mit einer feuchtigkeitsspendenden Lippenpflege.<\/p>\n<p>Sie n\u00e4hrt und sch\u00fctzt die Lippen und macht sie mit ihrer gl\u00e4nzenden Farbe gl\u00e4nzend und weich.<\/p>\n<p>Von Natur aus reich an Omega-6 und Vitamin E, hat Sonnenblumen\u00f6l eine weichmachende und reparierende Wirkung auf trockene oder rissige Lippen.<\/p>\n<p>Reich an Vitamin A, sch\u00fctzt Bienenwachs, das f\u00fcr seine feuchtigkeitsspendenden und weichmachenden Eigenschaften bekannt ist, die Lippen, indem es einen Schutzfilm auftr\u00e4gt, um Trockenheit zu verhindern.<\/p>\n<p>Ein Lipgloss f\u00fcr einen volleren, strahlenderen Mund, der den Lippen Volumen verleiht!<\/p>\n<h4>So w\u00e4hlen Sie die Farbe Ihres Benecos Lipgloss<\/h4>\n<p>F\u00fcr helle Haut<\/p>\n<p>W\u00e4hlen Sie einen Gloss mit einem weichen Farbton wie Pfirsich, Rose, Nude Beige oder Rosebud.<\/p>\n<p>F\u00fcr dunkle Haut<\/p>\n<p>W\u00e4hlen Sie einen Orangeton wie Coral, Apricot, Rouge Bbordeaux oder Coral Flamingo.<\/p>\n<p>&nbsp;<\/p>\n<div class=\"elementor-widget elementor-element elementor-element-gw8z7pm elementor-widget-image\" data-element_type=\"image\">\n<div class=\"elementor-widget-container\">\n<div class=\"elementor-image\"><img decoding=\"async\" src=\"https:\/\/www.alguoa.com\/img\/cms\/benecos\/maquillage\/gloss-bio-benecos.jpg\" alt=\"Gloss Bio Benecos\"><\/div>\n<\/div>\n<\/div>\n","protected":false},"excerpt":{"rendered":"<p>Gloss &nbsp; &nbsp; Gl\u00e4nzende und farbige Lippen, ohne den klebrigen Effekt! Mit seinen intensiven, dezenten und transparenten Farben polstert der Benecos-Gloss Ihre Lippen auf und schm\u00fcckt sie mit einem unwiderstehlichen Glanz, der sie zart sublimiert. Angereichert mit Sonnenblumen\u00f6l und Bienenwachs pflegt und sch\u00fctzt der Benecos Bio-Lipgloss die Lippen und sorgt f\u00fcr einen lang anhaltenden und unvergleichlichen Glanz. Seine nicht-klebrige Textur&nbsp;<a href=\"https:\/\/bien-etreiris.ch\/de\/produktpraesentation\/natuerliche-kosmetik\/schminken\/lippen\/natuerlicher-gloss\/\" class=\"read-more\">Weiter lesen<\/a><\/p>\n","protected":false},"author":1,"featured_media":50423,"parent":48246,"menu_order":5239,"comment_status":"closed","ping_status":"closed","template":"page-with-child.php","meta":{"_acf_changed":false,"ngg_post_thumbnail":0,"footnotes":""},"class_list":["post-50425","page","type-page","status-publish","has-post-thumbnail","hentry"],"acf":[],"yoast_head":"<!-- This site is optimized with the Yoast SEO plugin v27.5 - https:\/\/yoast.com\/product\/yoast-seo-wordpress\/ -->\n<title>NAT\u00dcRLICHER GLOSS - WOHLBEFINDEN<\/title>\n<meta name=\"robots\" content=\"index, follow, max-snippet:-1, max-image-preview:large, max-video-preview:-1\" \/>\n<link rel=\"canonical\" href=\"https:\/\/bien-etreiris.ch\/de\/produktpraesentation\/natuerliche-kosmetik\/schminken\/lippen\/natuerlicher-gloss\/\" \/>\n<meta property=\"og:locale\" content=\"de_DE\" \/>\n<meta property=\"og:type\" content=\"article\" \/>\n<meta property=\"og:title\" content=\"NAT\u00dcRLICHER GLOSS - WOHLBEFINDEN\" \/>\n<meta property=\"og:description\" content=\"Gloss &nbsp; &nbsp; Gl\u00e4nzende und farbige Lippen, ohne den klebrigen Effekt! Mit seinen intensiven, dezenten und transparenten Farben polstert der Benecos-Gloss Ihre Lippen auf und schm\u00fcckt sie mit einem unwiderstehlichen Glanz, der sie zart sublimiert. Angereichert mit Sonnenblumen\u00f6l und Bienenwachs pflegt und sch\u00fctzt der Benecos Bio-Lipgloss die Lippen und sorgt f\u00fcr einen lang anhaltenden und unvergleichlichen Glanz. Seine nicht-klebrige Textur&nbsp;Weiter lesen\" \/>\n<meta property=\"og:url\" content=\"https:\/\/bien-etreiris.ch\/de\/produktpraesentation\/natuerliche-kosmetik\/schminken\/lippen\/natuerlicher-gloss\/\" \/>\n<meta property=\"og:site_name\" content=\"WOHLBEFINDEN\" \/>\n<meta property=\"article:publisher\" content=\"https:\/\/www.facebook.com\/bienetreiris\/\" \/>\n<meta property=\"article:modified_time\" content=\"2021-06-23T20:41:05+00:00\" \/>\n<meta property=\"og:image\" content=\"https:\/\/bien-etreiris.ch\/wp-content\/uploads\/2021\/06\/acceuil-Gloss-naturel-1.jpg\" \/>\n\t<meta property=\"og:image:width\" content=\"500\" \/>\n\t<meta property=\"og:image:height\" content=\"337\" \/>\n\t<meta property=\"og:image:type\" content=\"image\/jpeg\" \/>\n<meta name=\"twitter:label1\" content=\"Gesch\u00e4tzte Lesezeit\" \/>\n\t<meta name=\"twitter:data1\" content=\"2\u00a0Minuten\" \/>\n<script type=\"application\/ld+json\" class=\"yoast-schema-graph\">{\"@context\":\"https:\\\/\\\/schema.org\",\"@graph\":[{\"@type\":\"WebPage\",\"@id\":\"https:\\\/\\\/bien-etreiris.ch\\\/de\\\/produktpraesentation\\\/natuerliche-kosmetik\\\/schminken\\\/lippen\\\/natuerlicher-gloss\\\/\",\"url\":\"https:\\\/\\\/bien-etreiris.ch\\\/de\\\/produktpraesentation\\\/natuerliche-kosmetik\\\/schminken\\\/lippen\\\/natuerlicher-gloss\\\/\",\"name\":\"NAT\u00dcRLICHER GLOSS - WOHLBEFINDEN\",\"isPartOf\":{\"@id\":\"https:\\\/\\\/bien-etreiris.ch\\\/de\\\/#website\"},\"primaryImageOfPage\":{\"@id\":\"https:\\\/\\\/bien-etreiris.ch\\\/de\\\/produktpraesentation\\\/natuerliche-kosmetik\\\/schminken\\\/lippen\\\/natuerlicher-gloss\\\/#primaryimage\"},\"image\":{\"@id\":\"https:\\\/\\\/bien-etreiris.ch\\\/de\\\/produktpraesentation\\\/natuerliche-kosmetik\\\/schminken\\\/lippen\\\/natuerlicher-gloss\\\/#primaryimage\"},\"thumbnailUrl\":\"https:\\\/\\\/bien-etreiris.ch\\\/wp-content\\\/uploads\\\/2021\\\/06\\\/acceuil-Gloss-naturel-1.jpg\",\"datePublished\":\"2021-06-16T13:36:32+00:00\",\"dateModified\":\"2021-06-23T20:41:05+00:00\",\"breadcrumb\":{\"@id\":\"https:\\\/\\\/bien-etreiris.ch\\\/de\\\/produktpraesentation\\\/natuerliche-kosmetik\\\/schminken\\\/lippen\\\/natuerlicher-gloss\\\/#breadcrumb\"},\"inLanguage\":\"de\",\"potentialAction\":[{\"@type\":\"ReadAction\",\"target\":[\"https:\\\/\\\/bien-etreiris.ch\\\/de\\\/produktpraesentation\\\/natuerliche-kosmetik\\\/schminken\\\/lippen\\\/natuerlicher-gloss\\\/\"]}]},{\"@type\":\"ImageObject\",\"inLanguage\":\"de\",\"@id\":\"https:\\\/\\\/bien-etreiris.ch\\\/de\\\/produktpraesentation\\\/natuerliche-kosmetik\\\/schminken\\\/lippen\\\/natuerlicher-gloss\\\/#primaryimage\",\"url\":\"https:\\\/\\\/bien-etreiris.ch\\\/wp-content\\\/uploads\\\/2021\\\/06\\\/acceuil-Gloss-naturel-1.jpg\",\"contentUrl\":\"https:\\\/\\\/bien-etreiris.ch\\\/wp-content\\\/uploads\\\/2021\\\/06\\\/acceuil-Gloss-naturel-1.jpg\",\"width\":500,\"height\":337},{\"@type\":\"BreadcrumbList\",\"@id\":\"https:\\\/\\\/bien-etreiris.ch\\\/de\\\/produktpraesentation\\\/natuerliche-kosmetik\\\/schminken\\\/lippen\\\/natuerlicher-gloss\\\/#breadcrumb\",\"itemListElement\":[{\"@type\":\"ListItem\",\"position\":1,\"name\":\"Home\",\"item\":\"https:\\\/\\\/bien-etreiris.ch\\\/de\\\/\"},{\"@type\":\"ListItem\",\"position\":2,\"name\":\"PRODUKTPR\u00c4SENTATION\",\"item\":\"https:\\\/\\\/bien-etreiris.ch\\\/de\\\/produktpraesentation\\\/\"},{\"@type\":\"ListItem\",\"position\":3,\"name\":\"NAT\u00dcRLICHE KOSMETIK\",\"item\":\"https:\\\/\\\/bien-etreiris.ch\\\/de\\\/produktpraesentation\\\/natuerliche-kosmetik\\\/\"},{\"@type\":\"ListItem\",\"position\":4,\"name\":\"SCHMINKEN\",\"item\":\"https:\\\/\\\/bien-etreiris.ch\\\/de\\\/produktpraesentation\\\/natuerliche-kosmetik\\\/schminken\\\/\"},{\"@type\":\"ListItem\",\"position\":5,\"name\":\"LIPPEN\",\"item\":\"https:\\\/\\\/bien-etreiris.ch\\\/de\\\/produktpraesentation\\\/natuerliche-kosmetik\\\/schminken\\\/lippen\\\/\"},{\"@type\":\"ListItem\",\"position\":6,\"name\":\"NAT\u00dcRLICHER GLOSS\"}]},{\"@type\":\"WebSite\",\"@id\":\"https:\\\/\\\/bien-etreiris.ch\\\/de\\\/#website\",\"url\":\"https:\\\/\\\/bien-etreiris.ch\\\/de\\\/\",\"name\":\"Bien-\u00eatre Iris\",\"description\":\"IHRE Gesundheit ist uns wichtig\",\"potentialAction\":[{\"@type\":\"SearchAction\",\"target\":{\"@type\":\"EntryPoint\",\"urlTemplate\":\"https:\\\/\\\/bien-etreiris.ch\\\/de\\\/?s={search_term_string}\"},\"query-input\":{\"@type\":\"PropertyValueSpecification\",\"valueRequired\":true,\"valueName\":\"search_term_string\"}}],\"inLanguage\":\"de\"}]}<\/script>\n<!-- \/ Yoast SEO plugin. -->","yoast_head_json":{"title":"NAT\u00dcRLICHER GLOSS - WOHLBEFINDEN","robots":{"index":"index","follow":"follow","max-snippet":"max-snippet:-1","max-image-preview":"max-image-preview:large","max-video-preview":"max-video-preview:-1"},"canonical":"https:\/\/bien-etreiris.ch\/de\/produktpraesentation\/natuerliche-kosmetik\/schminken\/lippen\/natuerlicher-gloss\/","og_locale":"de_DE","og_type":"article","og_title":"NAT\u00dcRLICHER GLOSS - WOHLBEFINDEN","og_description":"Gloss &nbsp; &nbsp; Gl\u00e4nzende und farbige Lippen, ohne den klebrigen Effekt! Mit seinen intensiven, dezenten und transparenten Farben polstert der Benecos-Gloss Ihre Lippen auf und schm\u00fcckt sie mit einem unwiderstehlichen Glanz, der sie zart sublimiert. Angereichert mit Sonnenblumen\u00f6l und Bienenwachs pflegt und sch\u00fctzt der Benecos Bio-Lipgloss die Lippen und sorgt f\u00fcr einen lang anhaltenden und unvergleichlichen Glanz. Seine nicht-klebrige Textur&nbsp;Weiter lesen","og_url":"https:\/\/bien-etreiris.ch\/de\/produktpraesentation\/natuerliche-kosmetik\/schminken\/lippen\/natuerlicher-gloss\/","og_site_name":"WOHLBEFINDEN","article_publisher":"https:\/\/www.facebook.com\/bienetreiris\/","article_modified_time":"2021-06-23T20:41:05+00:00","og_image":[{"width":500,"height":337,"url":"https:\/\/bien-etreiris.ch\/wp-content\/uploads\/2021\/06\/acceuil-Gloss-naturel-1.jpg","type":"image\/jpeg"}],"twitter_misc":{"Gesch\u00e4tzte Lesezeit":"2\u00a0Minuten"},"schema":{"@context":"https:\/\/schema.org","@graph":[{"@type":"WebPage","@id":"https:\/\/bien-etreiris.ch\/de\/produktpraesentation\/natuerliche-kosmetik\/schminken\/lippen\/natuerlicher-gloss\/","url":"https:\/\/bien-etreiris.ch\/de\/produktpraesentation\/natuerliche-kosmetik\/schminken\/lippen\/natuerlicher-gloss\/","name":"NAT\u00dcRLICHER GLOSS - WOHLBEFINDEN","isPartOf":{"@id":"https:\/\/bien-etreiris.ch\/de\/#website"},"primaryImageOfPage":{"@id":"https:\/\/bien-etreiris.ch\/de\/produktpraesentation\/natuerliche-kosmetik\/schminken\/lippen\/natuerlicher-gloss\/#primaryimage"},"image":{"@id":"https:\/\/bien-etreiris.ch\/de\/produktpraesentation\/natuerliche-kosmetik\/schminken\/lippen\/natuerlicher-gloss\/#primaryimage"},"thumbnailUrl":"https:\/\/bien-etreiris.ch\/wp-content\/uploads\/2021\/06\/acceuil-Gloss-naturel-1.jpg","datePublished":"2021-06-16T13:36:32+00:00","dateModified":"2021-06-23T20:41:05+00:00","breadcrumb":{"@id":"https:\/\/bien-etreiris.ch\/de\/produktpraesentation\/natuerliche-kosmetik\/schminken\/lippen\/natuerlicher-gloss\/#breadcrumb"},"inLanguage":"de","potentialAction":[{"@type":"ReadAction","target":["https:\/\/bien-etreiris.ch\/de\/produktpraesentation\/natuerliche-kosmetik\/schminken\/lippen\/natuerlicher-gloss\/"]}]},{"@type":"ImageObject","inLanguage":"de","@id":"https:\/\/bien-etreiris.ch\/de\/produktpraesentation\/natuerliche-kosmetik\/schminken\/lippen\/natuerlicher-gloss\/#primaryimage","url":"https:\/\/bien-etreiris.ch\/wp-content\/uploads\/2021\/06\/acceuil-Gloss-naturel-1.jpg","contentUrl":"https:\/\/bien-etreiris.ch\/wp-content\/uploads\/2021\/06\/acceuil-Gloss-naturel-1.jpg","width":500,"height":337},{"@type":"BreadcrumbList","@id":"https:\/\/bien-etreiris.ch\/de\/produktpraesentation\/natuerliche-kosmetik\/schminken\/lippen\/natuerlicher-gloss\/#breadcrumb","itemListElement":[{"@type":"ListItem","position":1,"name":"Home","item":"https:\/\/bien-etreiris.ch\/de\/"},{"@type":"ListItem","position":2,"name":"PRODUKTPR\u00c4SENTATION","item":"https:\/\/bien-etreiris.ch\/de\/produktpraesentation\/"},{"@type":"ListItem","position":3,"name":"NAT\u00dcRLICHE KOSMETIK","item":"https:\/\/bien-etreiris.ch\/de\/produktpraesentation\/natuerliche-kosmetik\/"},{"@type":"ListItem","position":4,"name":"SCHMINKEN","item":"https:\/\/bien-etreiris.ch\/de\/produktpraesentation\/natuerliche-kosmetik\/schminken\/"},{"@type":"ListItem","position":5,"name":"LIPPEN","item":"https:\/\/bien-etreiris.ch\/de\/produktpraesentation\/natuerliche-kosmetik\/schminken\/lippen\/"},{"@type":"ListItem","position":6,"name":"NAT\u00dcRLICHER GLOSS"}]},{"@type":"WebSite","@id":"https:\/\/bien-etreiris.ch\/de\/#website","url":"https:\/\/bien-etreiris.ch\/de\/","name":"Bien-\u00eatre Iris","description":"IHRE Gesundheit ist uns wichtig","potentialAction":[{"@type":"SearchAction","target":{"@type":"EntryPoint","urlTemplate":"https:\/\/bien-etreiris.ch\/de\/?s={search_term_string}"},"query-input":{"@type":"PropertyValueSpecification","valueRequired":true,"valueName":"search_term_string"}}],"inLanguage":"de"}]}},"_links":{"self":[{"href":"https:\/\/bien-etreiris.ch\/de\/wp-json\/wp\/v2\/pages\/50425","targetHints":{"allow":["GET"]}}],"collection":[{"href":"https:\/\/bien-etreiris.ch\/de\/wp-json\/wp\/v2\/pages"}],"about":[{"href":"https:\/\/bien-etreiris.ch\/de\/wp-json\/wp\/v2\/types\/page"}],"author":[{"embeddable":true,"href":"https:\/\/bien-etreiris.ch\/de\/wp-json\/wp\/v2\/users\/1"}],"replies":[{"embeddable":true,"href":"https:\/\/bien-etreiris.ch\/de\/wp-json\/wp\/v2\/comments?post=50425"}],"version-history":[{"count":3,"href":"https:\/\/bien-etreiris.ch\/de\/wp-json\/wp\/v2\/pages\/50425\/revisions"}],"predecessor-version":[{"id":51486,"href":"https:\/\/bien-etreiris.ch\/de\/wp-json\/wp\/v2\/pages\/50425\/revisions\/51486"}],"up":[{"embeddable":true,"href":"https:\/\/bien-etreiris.ch\/de\/wp-json\/wp\/v2\/pages\/48246"}],"wp:featuredmedia":[{"embeddable":true,"href":"https:\/\/bien-etreiris.ch\/de\/wp-json\/wp\/v2\/media\/50423"}],"wp:attachment":[{"href":"https:\/\/bien-etreiris.ch\/de\/wp-json\/wp\/v2\/media?parent=50425"}],"curies":[{"name":"wp","href":"https:\/\/api.w.org\/{rel}","templated":true}]}}