{"id":50403,"date":"2021-06-16T14:51:25","date_gmt":"2021-06-16T12:51:25","guid":{"rendered":"https:\/\/bien-etreiris.ch\/?page_id=50403"},"modified":"2021-06-23T21:44:15","modified_gmt":"2021-06-23T19:44:15","slug":"glaenzend-befeuchtend","status":"publish","type":"page","link":"https:\/\/bien-etreiris.ch\/de\/produktpraesentation\/natuerliche-kosmetik\/schminken\/lippen\/glaenzend-befeuchtend\/","title":{"rendered":"GL\u00c4NZEND &#038; BEFEUCHTEND"},"content":{"rendered":"\n<p><span class=\"tlid-translation translation\" lang=\"fr\"><span class=\"\" title=\"\"><strong>BENECOS<\/strong> Natural Shiny Lip Colours - une combinaison irr\u00e9sistible de rouge \u00e0 l\u00e8vres et de baume \u00e0 l\u00e8vres.<\/span><br><span class=\"\" title=\"\">Certifi\u00e9 BDIH.<\/span><\/span><\/p>\n<p><a href=\"https:\/\/bien-etreiris.ch\/wp-content\/uploads\/2021\/06\/COULEURS-DES-LEVRES-BRILLANTES.png\"><img loading=\"lazy\" decoding=\"async\" class=\" wp-image-50407 alignleft\" src=\"https:\/\/bien-etreiris.ch\/wp-content\/uploads\/2021\/06\/COULEURS-DES-LEVRES-BRILLANTES.png\" alt=\"\" width=\"314\" height=\"310\"><\/a><\/p>\n<p>Un rouge \u00e0 l\u00e8vres novateur avec des nuances chics et tendances :<\/p>\n<p>Beige ros\u00e9 (rusty rose)<\/p>\n<p>Rose (pretty daisy)&nbsp;<\/p>\n<p>Bordeaux (silky tulip)<\/p>\n<p>&nbsp;<\/p>\n<p>&nbsp;<\/p>\n<div class=\"product-page-summary\">\n<ul class=\"feature-list\" style=\"list-style-type: disc;\">\n<li>Soin aux huiles pr\u00e9cieuses<\/li>\n<li>Application simple<\/li>\n<li>Forme de stylo pratique<\/li>\n<li>Couleurs irr\u00e9sistibles<\/li>\n<\/ul>\n<\/div>\n<p>B\u00e2tonnet de 2,5 Gr <strong>CHF<\/strong><\/p>\n<p>&nbsp;<\/p>\n<p>&nbsp;<\/p>\n<p>&nbsp;<\/p>\n<p>&nbsp;<\/p>\n<div id=\"product-description-short-1528\" class=\"rte-content product-description\">\n<p><strong>Pour des l\u00e8vres brillantes et bien hydrat\u00e9es !<\/strong><\/p>\n<p>Disponible en 3 teintes, le <strong>rouge \u00e0 l\u00e8vres brillants Bio BENECOS<\/strong>&nbsp;embellit la bouche d'un sourire ultra-s\u00e9duisant !<\/p>\n<p>Entre un rouge \u00e0 l\u00e8vres classique et un baume pour les l\u00e8vres, sa texture onctueuse pare vos l\u00e8vres d'un brillant \u00e9clatant tout en prenant soin de les hydrater.&nbsp;<\/p>\n<p>&nbsp;<\/p>\n<\/div>\n<p>&nbsp;<\/p>\n<div class=\"elementor-widget elementor-element elementor-element-21flzvd elementor-widget-heading\" data-element_type=\"heading\">\n<div class=\"elementor-widget-container\">\n<h4 class=\"elementor-heading-title elementor-size-medium none\">Aux teintes chics &amp; tendances, le rouge \u00e0 l\u00e8vres brillant Benecos sublime les l\u00e8vres<\/h4>\n<\/div>\n<\/div>\n<div class=\"elementor-widget elementor-element elementor-element-6o3a8lh elementor-widget-text-editor\" data-element_type=\"text-editor\">\n<div class=\"elementor-widget-container\">\n<div class=\"elementor-text-editor rte-content\">\n<p>Le&nbsp;rouge \u00e0 l\u00e8vres Benecos&nbsp;offre une action hydratante aux&nbsp;couleurs brillantes, lumineuses et intenses.<\/p>\n<p>Son format pratique permet une application pr\u00e9cise, sans d\u00e9passement des l\u00e8vres.<\/p>\n<p>Formul\u00e9 d'huile de jojoba, d'huile de tournesol, de lanoline, de cire d'abeille et de vitamine E, il&nbsp;nourrit intens\u00e9ment pour des l\u00e8vres parfaitement lisses et douces au quotidien.<\/p>\n<p>Pour vos soir\u00e9es entre amies ou dans le cadre d'une simple journ\u00e9e, adaptez la teinte de votre rouge \u00e0 l\u00e8vres brillant Benecos. Plut\u00f4t Ros\u00e9, il donne un coup de fra\u00eecheur aux l\u00e8vres en les rendant naturellement brillantes. Pour un c\u00f4t\u00e9 plus chic, pr\u00e9f\u00e9rez, les teintes plus chaudes comme le rouge \u00e0 l\u00e8vres Rouge Bordeaux.<\/p>\n<p>Son format pratique permet de le placer discr\u00e8tement dans le sac \u00e0 main ou la poche, pour des petites retouches en cours de soir\u00e9e par exemple.&nbsp;<\/p>\n<\/div>\n<\/div>\n<\/div>\n","protected":false},"excerpt":{"rendered":"<p>BENECOS Natural Shiny Lip Colours - une combinaison irr\u00e9sistible de rouge \u00e0 l\u00e8vres et de baume \u00e0 l\u00e8vres.Certifi\u00e9 BDIH. Un rouge \u00e0 l\u00e8vres novateur avec des nuances chics et tendances : Beige ros\u00e9 (rusty rose) Rose (pretty daisy)&nbsp; Bordeaux (silky tulip) &nbsp; &nbsp; Soin aux huiles pr\u00e9cieuses Application simple Forme de stylo pratique Couleurs irr\u00e9sistibles B\u00e2tonnet de 2,5 Gr CHF&nbsp;<a href=\"https:\/\/bien-etreiris.ch\/de\/produktpraesentation\/natuerliche-kosmetik\/schminken\/lippen\/glaenzend-befeuchtend\/\" class=\"read-more\">Weiter lesen<\/a><\/p>\n","protected":false},"author":1,"featured_media":50401,"parent":48246,"menu_order":5244,"comment_status":"closed","ping_status":"closed","template":"page-with-child.php","meta":{"_acf_changed":false,"ngg_post_thumbnail":0,"footnotes":""},"class_list":["post-50403","page","type-page","status-publish","has-post-thumbnail","hentry"],"acf":[],"yoast_head":"<!-- This site is optimized with the Yoast SEO plugin v27.6 - https:\/\/yoast.com\/product\/yoast-seo-wordpress\/ -->\n<title>GL\u00c4NZEND &amp; BEFEUCHTEND - WOHLBEFINDEN<\/title>\n<meta name=\"robots\" content=\"index, follow, max-snippet:-1, max-image-preview:large, max-video-preview:-1\" \/>\n<link rel=\"canonical\" href=\"https:\/\/bien-etreiris.ch\/de\/produktpraesentation\/natuerliche-kosmetik\/schminken\/lippen\/glaenzend-befeuchtend\/\" \/>\n<meta property=\"og:locale\" content=\"de_DE\" \/>\n<meta property=\"og:type\" content=\"article\" \/>\n<meta property=\"og:title\" content=\"GL\u00c4NZEND &amp; BEFEUCHTEND - WOHLBEFINDEN\" \/>\n<meta property=\"og:description\" content=\"BENECOS Natural Shiny Lip Colours - une combinaison irr\u00e9sistible de rouge \u00e0 l\u00e8vres et de baume \u00e0 l\u00e8vres.Certifi\u00e9 BDIH. Un rouge \u00e0 l\u00e8vres novateur avec des nuances chics et tendances : Beige ros\u00e9 (rusty rose) Rose (pretty daisy)&nbsp; Bordeaux (silky tulip) &nbsp; &nbsp; Soin aux huiles pr\u00e9cieuses Application simple Forme de stylo pratique Couleurs irr\u00e9sistibles B\u00e2tonnet de 2,5 Gr CHF&nbsp;Weiter lesen\" \/>\n<meta property=\"og:url\" content=\"https:\/\/bien-etreiris.ch\/de\/produktpraesentation\/natuerliche-kosmetik\/schminken\/lippen\/glaenzend-befeuchtend\/\" \/>\n<meta property=\"og:site_name\" content=\"WOHLBEFINDEN\" \/>\n<meta property=\"article:publisher\" content=\"https:\/\/www.facebook.com\/bienetreiris\/\" \/>\n<meta property=\"article:modified_time\" content=\"2021-06-23T19:44:15+00:00\" \/>\n<meta property=\"og:image\" content=\"https:\/\/bien-etreiris.ch\/wp-content\/uploads\/2021\/06\/acceuil-Gloss-Naturel.jpg\" \/>\n\t<meta property=\"og:image:width\" content=\"500\" \/>\n\t<meta property=\"og:image:height\" content=\"337\" \/>\n\t<meta property=\"og:image:type\" content=\"image\/jpeg\" \/>\n<meta name=\"twitter:label1\" content=\"Gesch\u00e4tzte Lesezeit\" \/>\n\t<meta name=\"twitter:data1\" content=\"2\u00a0Minuten\" \/>\n<script type=\"application\/ld+json\" class=\"yoast-schema-graph\">{\"@context\":\"https:\\\/\\\/schema.org\",\"@graph\":[{\"@type\":\"WebPage\",\"@id\":\"https:\\\/\\\/bien-etreiris.ch\\\/de\\\/produktpraesentation\\\/natuerliche-kosmetik\\\/schminken\\\/lippen\\\/glaenzend-befeuchtend\\\/\",\"url\":\"https:\\\/\\\/bien-etreiris.ch\\\/de\\\/produktpraesentation\\\/natuerliche-kosmetik\\\/schminken\\\/lippen\\\/glaenzend-befeuchtend\\\/\",\"name\":\"GL\u00c4NZEND & BEFEUCHTEND - WOHLBEFINDEN\",\"isPartOf\":{\"@id\":\"https:\\\/\\\/bien-etreiris.ch\\\/de\\\/#website\"},\"primaryImageOfPage\":{\"@id\":\"https:\\\/\\\/bien-etreiris.ch\\\/de\\\/produktpraesentation\\\/natuerliche-kosmetik\\\/schminken\\\/lippen\\\/glaenzend-befeuchtend\\\/#primaryimage\"},\"image\":{\"@id\":\"https:\\\/\\\/bien-etreiris.ch\\\/de\\\/produktpraesentation\\\/natuerliche-kosmetik\\\/schminken\\\/lippen\\\/glaenzend-befeuchtend\\\/#primaryimage\"},\"thumbnailUrl\":\"https:\\\/\\\/bien-etreiris.ch\\\/wp-content\\\/uploads\\\/2021\\\/06\\\/acceuil-Gloss-Naturel.jpg\",\"datePublished\":\"2021-06-16T12:51:25+00:00\",\"dateModified\":\"2021-06-23T19:44:15+00:00\",\"breadcrumb\":{\"@id\":\"https:\\\/\\\/bien-etreiris.ch\\\/de\\\/produktpraesentation\\\/natuerliche-kosmetik\\\/schminken\\\/lippen\\\/glaenzend-befeuchtend\\\/#breadcrumb\"},\"inLanguage\":\"de\",\"potentialAction\":[{\"@type\":\"ReadAction\",\"target\":[\"https:\\\/\\\/bien-etreiris.ch\\\/de\\\/produktpraesentation\\\/natuerliche-kosmetik\\\/schminken\\\/lippen\\\/glaenzend-befeuchtend\\\/\"]}]},{\"@type\":\"ImageObject\",\"inLanguage\":\"de\",\"@id\":\"https:\\\/\\\/bien-etreiris.ch\\\/de\\\/produktpraesentation\\\/natuerliche-kosmetik\\\/schminken\\\/lippen\\\/glaenzend-befeuchtend\\\/#primaryimage\",\"url\":\"https:\\\/\\\/bien-etreiris.ch\\\/wp-content\\\/uploads\\\/2021\\\/06\\\/acceuil-Gloss-Naturel.jpg\",\"contentUrl\":\"https:\\\/\\\/bien-etreiris.ch\\\/wp-content\\\/uploads\\\/2021\\\/06\\\/acceuil-Gloss-Naturel.jpg\",\"width\":500,\"height\":337},{\"@type\":\"BreadcrumbList\",\"@id\":\"https:\\\/\\\/bien-etreiris.ch\\\/de\\\/produktpraesentation\\\/natuerliche-kosmetik\\\/schminken\\\/lippen\\\/glaenzend-befeuchtend\\\/#breadcrumb\",\"itemListElement\":[{\"@type\":\"ListItem\",\"position\":1,\"name\":\"Home\",\"item\":\"https:\\\/\\\/bien-etreiris.ch\\\/de\\\/\"},{\"@type\":\"ListItem\",\"position\":2,\"name\":\"PRODUKTPR\u00c4SENTATION\",\"item\":\"https:\\\/\\\/bien-etreiris.ch\\\/de\\\/produktpraesentation\\\/\"},{\"@type\":\"ListItem\",\"position\":3,\"name\":\"NAT\u00dcRLICHE KOSMETIK\",\"item\":\"https:\\\/\\\/bien-etreiris.ch\\\/de\\\/produktpraesentation\\\/natuerliche-kosmetik\\\/\"},{\"@type\":\"ListItem\",\"position\":4,\"name\":\"SCHMINKEN\",\"item\":\"https:\\\/\\\/bien-etreiris.ch\\\/de\\\/produktpraesentation\\\/natuerliche-kosmetik\\\/schminken\\\/\"},{\"@type\":\"ListItem\",\"position\":5,\"name\":\"LIPPEN\",\"item\":\"https:\\\/\\\/bien-etreiris.ch\\\/de\\\/produktpraesentation\\\/natuerliche-kosmetik\\\/schminken\\\/lippen\\\/\"},{\"@type\":\"ListItem\",\"position\":6,\"name\":\"GL\u00c4NZEND &#038; BEFEUCHTEND\"}]},{\"@type\":\"WebSite\",\"@id\":\"https:\\\/\\\/bien-etreiris.ch\\\/de\\\/#website\",\"url\":\"https:\\\/\\\/bien-etreiris.ch\\\/de\\\/\",\"name\":\"Bien-\u00eatre Iris\",\"description\":\"IHRE Gesundheit ist uns wichtig\",\"potentialAction\":[{\"@type\":\"SearchAction\",\"target\":{\"@type\":\"EntryPoint\",\"urlTemplate\":\"https:\\\/\\\/bien-etreiris.ch\\\/de\\\/?s={search_term_string}\"},\"query-input\":{\"@type\":\"PropertyValueSpecification\",\"valueRequired\":true,\"valueName\":\"search_term_string\"}}],\"inLanguage\":\"de\"}]}<\/script>\n<!-- \/ Yoast SEO plugin. -->","yoast_head_json":{"title":"GL\u00c4NZEND & BEFEUCHTEND - WOHLBEFINDEN","robots":{"index":"index","follow":"follow","max-snippet":"max-snippet:-1","max-image-preview":"max-image-preview:large","max-video-preview":"max-video-preview:-1"},"canonical":"https:\/\/bien-etreiris.ch\/de\/produktpraesentation\/natuerliche-kosmetik\/schminken\/lippen\/glaenzend-befeuchtend\/","og_locale":"de_DE","og_type":"article","og_title":"GL\u00c4NZEND & BEFEUCHTEND - WOHLBEFINDEN","og_description":"BENECOS Natural Shiny Lip Colours - une combinaison irr\u00e9sistible de rouge \u00e0 l\u00e8vres et de baume \u00e0 l\u00e8vres.Certifi\u00e9 BDIH. Un rouge \u00e0 l\u00e8vres novateur avec des nuances chics et tendances : Beige ros\u00e9 (rusty rose) Rose (pretty daisy)&nbsp; Bordeaux (silky tulip) &nbsp; &nbsp; Soin aux huiles pr\u00e9cieuses Application simple Forme de stylo pratique Couleurs irr\u00e9sistibles B\u00e2tonnet de 2,5 Gr CHF&nbsp;Weiter lesen","og_url":"https:\/\/bien-etreiris.ch\/de\/produktpraesentation\/natuerliche-kosmetik\/schminken\/lippen\/glaenzend-befeuchtend\/","og_site_name":"WOHLBEFINDEN","article_publisher":"https:\/\/www.facebook.com\/bienetreiris\/","article_modified_time":"2021-06-23T19:44:15+00:00","og_image":[{"width":500,"height":337,"url":"https:\/\/bien-etreiris.ch\/wp-content\/uploads\/2021\/06\/acceuil-Gloss-Naturel.jpg","type":"image\/jpeg"}],"twitter_misc":{"Gesch\u00e4tzte Lesezeit":"2\u00a0Minuten"},"schema":{"@context":"https:\/\/schema.org","@graph":[{"@type":"WebPage","@id":"https:\/\/bien-etreiris.ch\/de\/produktpraesentation\/natuerliche-kosmetik\/schminken\/lippen\/glaenzend-befeuchtend\/","url":"https:\/\/bien-etreiris.ch\/de\/produktpraesentation\/natuerliche-kosmetik\/schminken\/lippen\/glaenzend-befeuchtend\/","name":"GL\u00c4NZEND & BEFEUCHTEND - WOHLBEFINDEN","isPartOf":{"@id":"https:\/\/bien-etreiris.ch\/de\/#website"},"primaryImageOfPage":{"@id":"https:\/\/bien-etreiris.ch\/de\/produktpraesentation\/natuerliche-kosmetik\/schminken\/lippen\/glaenzend-befeuchtend\/#primaryimage"},"image":{"@id":"https:\/\/bien-etreiris.ch\/de\/produktpraesentation\/natuerliche-kosmetik\/schminken\/lippen\/glaenzend-befeuchtend\/#primaryimage"},"thumbnailUrl":"https:\/\/bien-etreiris.ch\/wp-content\/uploads\/2021\/06\/acceuil-Gloss-Naturel.jpg","datePublished":"2021-06-16T12:51:25+00:00","dateModified":"2021-06-23T19:44:15+00:00","breadcrumb":{"@id":"https:\/\/bien-etreiris.ch\/de\/produktpraesentation\/natuerliche-kosmetik\/schminken\/lippen\/glaenzend-befeuchtend\/#breadcrumb"},"inLanguage":"de","potentialAction":[{"@type":"ReadAction","target":["https:\/\/bien-etreiris.ch\/de\/produktpraesentation\/natuerliche-kosmetik\/schminken\/lippen\/glaenzend-befeuchtend\/"]}]},{"@type":"ImageObject","inLanguage":"de","@id":"https:\/\/bien-etreiris.ch\/de\/produktpraesentation\/natuerliche-kosmetik\/schminken\/lippen\/glaenzend-befeuchtend\/#primaryimage","url":"https:\/\/bien-etreiris.ch\/wp-content\/uploads\/2021\/06\/acceuil-Gloss-Naturel.jpg","contentUrl":"https:\/\/bien-etreiris.ch\/wp-content\/uploads\/2021\/06\/acceuil-Gloss-Naturel.jpg","width":500,"height":337},{"@type":"BreadcrumbList","@id":"https:\/\/bien-etreiris.ch\/de\/produktpraesentation\/natuerliche-kosmetik\/schminken\/lippen\/glaenzend-befeuchtend\/#breadcrumb","itemListElement":[{"@type":"ListItem","position":1,"name":"Home","item":"https:\/\/bien-etreiris.ch\/de\/"},{"@type":"ListItem","position":2,"name":"PRODUKTPR\u00c4SENTATION","item":"https:\/\/bien-etreiris.ch\/de\/produktpraesentation\/"},{"@type":"ListItem","position":3,"name":"NAT\u00dcRLICHE KOSMETIK","item":"https:\/\/bien-etreiris.ch\/de\/produktpraesentation\/natuerliche-kosmetik\/"},{"@type":"ListItem","position":4,"name":"SCHMINKEN","item":"https:\/\/bien-etreiris.ch\/de\/produktpraesentation\/natuerliche-kosmetik\/schminken\/"},{"@type":"ListItem","position":5,"name":"LIPPEN","item":"https:\/\/bien-etreiris.ch\/de\/produktpraesentation\/natuerliche-kosmetik\/schminken\/lippen\/"},{"@type":"ListItem","position":6,"name":"GL\u00c4NZEND &#038; BEFEUCHTEND"}]},{"@type":"WebSite","@id":"https:\/\/bien-etreiris.ch\/de\/#website","url":"https:\/\/bien-etreiris.ch\/de\/","name":"Bien-\u00eatre Iris","description":"IHRE Gesundheit ist uns wichtig","potentialAction":[{"@type":"SearchAction","target":{"@type":"EntryPoint","urlTemplate":"https:\/\/bien-etreiris.ch\/de\/?s={search_term_string}"},"query-input":{"@type":"PropertyValueSpecification","valueRequired":true,"valueName":"search_term_string"}}],"inLanguage":"de"}]}},"_links":{"self":[{"href":"https:\/\/bien-etreiris.ch\/de\/wp-json\/wp\/v2\/pages\/50403","targetHints":{"allow":["GET"]}}],"collection":[{"href":"https:\/\/bien-etreiris.ch\/de\/wp-json\/wp\/v2\/pages"}],"about":[{"href":"https:\/\/bien-etreiris.ch\/de\/wp-json\/wp\/v2\/types\/page"}],"author":[{"embeddable":true,"href":"https:\/\/bien-etreiris.ch\/de\/wp-json\/wp\/v2\/users\/1"}],"replies":[{"embeddable":true,"href":"https:\/\/bien-etreiris.ch\/de\/wp-json\/wp\/v2\/comments?post=50403"}],"version-history":[{"count":5,"href":"https:\/\/bien-etreiris.ch\/de\/wp-json\/wp\/v2\/pages\/50403\/revisions"}],"predecessor-version":[{"id":51478,"href":"https:\/\/bien-etreiris.ch\/de\/wp-json\/wp\/v2\/pages\/50403\/revisions\/51478"}],"up":[{"embeddable":true,"href":"https:\/\/bien-etreiris.ch\/de\/wp-json\/wp\/v2\/pages\/48246"}],"wp:featuredmedia":[{"embeddable":true,"href":"https:\/\/bien-etreiris.ch\/de\/wp-json\/wp\/v2\/media\/50401"}],"wp:attachment":[{"href":"https:\/\/bien-etreiris.ch\/de\/wp-json\/wp\/v2\/media?parent=50403"}],"curies":[{"name":"wp","href":"https:\/\/api.w.org\/{rel}","templated":true}]}}