{"id":50249,"date":"2020-11-05T08:04:34","date_gmt":"2020-11-05T08:04:34","guid":{"rendered":"https:\/\/bien-etreiris.ch\/produktpraesentation\/aromatherapie\/raumbeduftung\/vernebler\/jasmine-diffuseurs-aromes\/"},"modified":"2021-06-16T07:04:48","modified_gmt":"2021-06-16T05:04:48","slug":"jasmine","status":"publish","type":"page","link":"https:\/\/bien-etreiris.ch\/de\/produktpraesentation\/aromatherapie\/raumbeduftung\/vernebler\/jasmine\/","title":{"rendered":"JASMINE"},"content":{"rendered":"<p><a href=\"https:\/\/decoiris.ch\/wp-content\/uploads\/2020\/11\/Jasmine.jpg\"><img loading=\"lazy\" decoding=\"async\" class=\"size-medium wp-image-33747 alignleft\" src=\"https:\/\/decoiris.ch\/wp-content\/uploads\/2020\/11\/Jasmine-300x223.jpg\" alt=\"\" width=\"300\" height=\"223\" srcset=\"https:\/\/bien-etreiris.ch\/wp-content\/uploads\/2020\/11\/Jasmine-300x223.jpg 300w, https:\/\/bien-etreiris.ch\/wp-content\/uploads\/2020\/11\/Jasmine-200x150.jpg 200w, https:\/\/bien-etreiris.ch\/wp-content\/uploads\/2020\/11\/Jasmine.jpg 600w\" sizes=\"auto, (max-width: 300px) 100vw, 300px\" \/><\/a><\/p>\n<div class=\"jspPane\">\n<div class=\"jspInner\">\n<ul class=\"product-features\">\n<li style=\"list-style-type: none;\">\n<ul class=\"product-features\" style=\"list-style-type: disc;\">\n<li>\n<p class=\"bodytext\">Diffusion des huiles par technologie \u00e0 ultrasons<\/p>\n<\/li>\n<li>\n<p class=\"bodytext\">Jusqu\u2019\u00e0 24 heures d\u2019op\u00e9ration<\/p>\n<\/li>\n<li>\n<p class=\"bodytext\">Mode intervalle<\/p>\n<\/li>\n<li>&nbsp;Top 3 des diffuseurs par n\u00e9bulisation les plus puissants et attrayants de 2019<strong><br \/>\n<\/strong><\/li>\n<\/ul>\n<\/li>\n<\/ul>\n<\/div>\n<\/div>\n<p>&nbsp;<\/p>\n<div class=\"jspPane\">\n<div class=\"jspInner\">\n<div class=\"product-description js-expand-text is-shown\" data-count=\"200\" data-js-expand-more=\"plus\" data-js-expand-less=\"moins\">\n<ul style=\"list-style-type: disc;\">\n<li><span class=\"tlid-translation translation\" lang=\"fr\"><span class=\"\" title=\"\">1 pi\u00e8ce<strong> CHF 55.00<\/strong> (livr\u00e9 avec un m\u00e9lange de parfum organique Damascena, de qualit\u00e9 100% biologique naturelle)<\/span><\/span><\/li>\n<\/ul>\n<\/div>\n<\/div>\n<\/div>\n<p>&nbsp;<\/p>\n<p>&nbsp;<\/p>\n<div class=\"jspPane\">\n<div class=\"jspInner\">\n<div class=\"product-description js-expand-text is-shown\" data-count=\"200\" data-js-expand-more=\"plus\" data-js-expand-less=\"moins\">\n<p class=\"bodytext\">Un arome discret, mais perceptible et un design sobre&nbsp;: tel est le diffuseur d'ar\u00f4mes Jasmine. Sous ses airs de soucoupe, elle diffuse votre ar\u00f4me pr\u00e9f\u00e9r\u00e9 en silence. Par technologie aux ultrasons elle transforme l\u2019eau additionn\u00e9e d\u2019huile essentielle en brouillard extrafin. Le diffuseur d'ar\u00f4mes Jasmine cr\u00e9e des espaces bien-\u00eatre.<\/p>\n<\/div>\n<\/div>\n<\/div>\n<p>&nbsp;<\/p>\n<p>&nbsp;<\/p>\n<p>Le diffuseur <strong>Jasmine Bronze<\/strong> en forme de sph\u00e8re offre un <strong>design compact, sobre et discret<\/strong>. Il peut para\u00eetre un objet de d\u00e9coration, mais c\u2019est en r\u00e9alit\u00e9 un diffuseur tr\u00e8s performant. Cet appareil fonctionne par <strong>ultrasons<\/strong> et diffuse le parfum d\u2019huiles essentielles de votre choix tout en assurant votre bien-\u00eatre et votre confort. Le diffuseur Jasmine assure un cycle de diffusion de 10 minutes et ce, toutes les 20 minutes. Et pour ne rien g\u00e2cher, l\u2019appareil s\u2019arr\u00eate lorsque son r\u00e9servoir est vide, ce qui vous \u00e9vitera des soucis li\u00e9s \u00e0 votre s\u00e9curit\u00e9.<\/p>\n<p>Son <strong>style moderne<\/strong> permet d\u2019\u00eatre assorti \u00e0 tout type d\u2019int\u00e9rieur&nbsp;; toutefois, si la couleur bronze ne vous convient pas, aucun probl\u00e8me, puisque le diffuseur Jasmine est \u00e9galement <strong>disponible en 3 autres couleurs<\/strong>, ce qui facilitera grandement son int\u00e9gration dans votre int\u00e9rieur&nbsp;!<\/p>\n","protected":false},"excerpt":{"rendered":"<p>Diffusion des huiles par technologie \u00e0 ultrasons Jusqu\u2019\u00e0 24 heures d\u2019op\u00e9ration Mode intervalle &nbsp;Top 3 des diffuseurs par n\u00e9bulisation les plus puissants et attrayants de 2019 &nbsp; 1 pi\u00e8ce CHF 55.00 (livr\u00e9 avec un m\u00e9lange de parfum organique Damascena, de qualit\u00e9 100% biologique naturelle) &nbsp; &nbsp; Un arome discret, mais perceptible et un design sobre&nbsp;: tel est le diffuseur d'ar\u00f4mes&nbsp;<a href=\"https:\/\/bien-etreiris.ch\/de\/produktpraesentation\/aromatherapie\/raumbeduftung\/vernebler\/jasmine\/\" class=\"read-more\">Weiter lesen<\/a><\/p>\n","protected":false},"author":1,"featured_media":33766,"parent":18415,"menu_order":6853,"comment_status":"closed","ping_status":"closed","template":"page-with-child.php","meta":{"_acf_changed":false,"ngg_post_thumbnail":0,"footnotes":""},"class_list":["post-50249","page","type-page","status-publish","has-post-thumbnail","hentry"],"acf":[],"yoast_head":"<!-- This site is optimized with the Yoast SEO plugin v27.5 - https:\/\/yoast.com\/product\/yoast-seo-wordpress\/ -->\n<title>JASMINE - WOHLBEFINDEN<\/title>\n<meta name=\"robots\" content=\"index, follow, max-snippet:-1, max-image-preview:large, max-video-preview:-1\" \/>\n<link rel=\"canonical\" href=\"https:\/\/bien-etreiris.ch\/de\/produktpraesentation\/aromatherapie\/raumbeduftung\/vernebler\/jasmine\/\" \/>\n<meta property=\"og:locale\" content=\"de_DE\" \/>\n<meta property=\"og:type\" content=\"article\" \/>\n<meta property=\"og:title\" content=\"JASMINE - WOHLBEFINDEN\" \/>\n<meta property=\"og:description\" content=\"Diffusion des huiles par technologie \u00e0 ultrasons Jusqu\u2019\u00e0 24 heures d\u2019op\u00e9ration Mode intervalle &nbsp;Top 3 des diffuseurs par n\u00e9bulisation les plus puissants et attrayants de 2019 &nbsp; 1 pi\u00e8ce CHF 55.00 (livr\u00e9 avec un m\u00e9lange de parfum organique Damascena, de qualit\u00e9 100% biologique naturelle) &nbsp; &nbsp; Un arome discret, mais perceptible et un design sobre&nbsp;: tel est le diffuseur d&#039;ar\u00f4mes&nbsp;Weiter lesen\" \/>\n<meta property=\"og:url\" content=\"https:\/\/bien-etreiris.ch\/de\/produktpraesentation\/aromatherapie\/raumbeduftung\/vernebler\/jasmine\/\" \/>\n<meta property=\"og:site_name\" content=\"WOHLBEFINDEN\" \/>\n<meta property=\"article:publisher\" content=\"https:\/\/www.facebook.com\/bienetreiris\/\" \/>\n<meta property=\"article:modified_time\" content=\"2021-06-16T05:04:48+00:00\" \/>\n<meta property=\"og:image\" content=\"https:\/\/bien-etreiris.ch\/wp-content\/uploads\/2020\/11\/acceuil-3.png\" \/>\n\t<meta property=\"og:image:width\" content=\"500\" \/>\n\t<meta property=\"og:image:height\" content=\"371\" \/>\n\t<meta property=\"og:image:type\" content=\"image\/png\" \/>\n<meta name=\"twitter:label1\" content=\"Gesch\u00e4tzte Lesezeit\" \/>\n\t<meta name=\"twitter:data1\" content=\"1\u00a0Minute\" \/>\n<script type=\"application\/ld+json\" class=\"yoast-schema-graph\">{\"@context\":\"https:\\\/\\\/schema.org\",\"@graph\":[{\"@type\":\"WebPage\",\"@id\":\"https:\\\/\\\/bien-etreiris.ch\\\/de\\\/produktpraesentation\\\/aromatherapie\\\/raumbeduftung\\\/vernebler\\\/jasmine\\\/\",\"url\":\"https:\\\/\\\/bien-etreiris.ch\\\/de\\\/produktpraesentation\\\/aromatherapie\\\/raumbeduftung\\\/vernebler\\\/jasmine\\\/\",\"name\":\"JASMINE - WOHLBEFINDEN\",\"isPartOf\":{\"@id\":\"https:\\\/\\\/bien-etreiris.ch\\\/de\\\/#website\"},\"primaryImageOfPage\":{\"@id\":\"https:\\\/\\\/bien-etreiris.ch\\\/de\\\/produktpraesentation\\\/aromatherapie\\\/raumbeduftung\\\/vernebler\\\/jasmine\\\/#primaryimage\"},\"image\":{\"@id\":\"https:\\\/\\\/bien-etreiris.ch\\\/de\\\/produktpraesentation\\\/aromatherapie\\\/raumbeduftung\\\/vernebler\\\/jasmine\\\/#primaryimage\"},\"thumbnailUrl\":\"https:\\\/\\\/bien-etreiris.ch\\\/wp-content\\\/uploads\\\/2020\\\/11\\\/acceuil-3.png\",\"datePublished\":\"2020-11-05T08:04:34+00:00\",\"dateModified\":\"2021-06-16T05:04:48+00:00\",\"breadcrumb\":{\"@id\":\"https:\\\/\\\/bien-etreiris.ch\\\/de\\\/produktpraesentation\\\/aromatherapie\\\/raumbeduftung\\\/vernebler\\\/jasmine\\\/#breadcrumb\"},\"inLanguage\":\"de\",\"potentialAction\":[{\"@type\":\"ReadAction\",\"target\":[\"https:\\\/\\\/bien-etreiris.ch\\\/de\\\/produktpraesentation\\\/aromatherapie\\\/raumbeduftung\\\/vernebler\\\/jasmine\\\/\"]}]},{\"@type\":\"ImageObject\",\"inLanguage\":\"de\",\"@id\":\"https:\\\/\\\/bien-etreiris.ch\\\/de\\\/produktpraesentation\\\/aromatherapie\\\/raumbeduftung\\\/vernebler\\\/jasmine\\\/#primaryimage\",\"url\":\"https:\\\/\\\/bien-etreiris.ch\\\/wp-content\\\/uploads\\\/2020\\\/11\\\/acceuil-3.png\",\"contentUrl\":\"https:\\\/\\\/bien-etreiris.ch\\\/wp-content\\\/uploads\\\/2020\\\/11\\\/acceuil-3.png\",\"width\":500,\"height\":371},{\"@type\":\"BreadcrumbList\",\"@id\":\"https:\\\/\\\/bien-etreiris.ch\\\/de\\\/produktpraesentation\\\/aromatherapie\\\/raumbeduftung\\\/vernebler\\\/jasmine\\\/#breadcrumb\",\"itemListElement\":[{\"@type\":\"ListItem\",\"position\":1,\"name\":\"Home\",\"item\":\"https:\\\/\\\/bien-etreiris.ch\\\/de\\\/\"},{\"@type\":\"ListItem\",\"position\":2,\"name\":\"PRODUKTPR\u00c4SENTATION\",\"item\":\"https:\\\/\\\/bien-etreiris.ch\\\/de\\\/produktpraesentation\\\/\"},{\"@type\":\"ListItem\",\"position\":3,\"name\":\"AROMATHERAPIE\",\"item\":\"https:\\\/\\\/bien-etreiris.ch\\\/de\\\/produktpraesentation\\\/aromatherapie\\\/\"},{\"@type\":\"ListItem\",\"position\":4,\"name\":\"RAUMBEDUFTUNG\",\"item\":\"https:\\\/\\\/bien-etreiris.ch\\\/de\\\/produktpraesentation\\\/aromatherapie\\\/raumbeduftung\\\/\"},{\"@type\":\"ListItem\",\"position\":5,\"name\":\"VERNEBLER\",\"item\":\"https:\\\/\\\/bien-etreiris.ch\\\/de\\\/produktpraesentation\\\/aromatherapie\\\/raumbeduftung\\\/vernebler\\\/\"},{\"@type\":\"ListItem\",\"position\":6,\"name\":\"JASMINE\"}]},{\"@type\":\"WebSite\",\"@id\":\"https:\\\/\\\/bien-etreiris.ch\\\/de\\\/#website\",\"url\":\"https:\\\/\\\/bien-etreiris.ch\\\/de\\\/\",\"name\":\"Bien-\u00eatre Iris\",\"description\":\"IHRE Gesundheit ist uns wichtig\",\"potentialAction\":[{\"@type\":\"SearchAction\",\"target\":{\"@type\":\"EntryPoint\",\"urlTemplate\":\"https:\\\/\\\/bien-etreiris.ch\\\/de\\\/?s={search_term_string}\"},\"query-input\":{\"@type\":\"PropertyValueSpecification\",\"valueRequired\":true,\"valueName\":\"search_term_string\"}}],\"inLanguage\":\"de\"}]}<\/script>\n<!-- \/ Yoast SEO plugin. -->","yoast_head_json":{"title":"JASMINE - WOHLBEFINDEN","robots":{"index":"index","follow":"follow","max-snippet":"max-snippet:-1","max-image-preview":"max-image-preview:large","max-video-preview":"max-video-preview:-1"},"canonical":"https:\/\/bien-etreiris.ch\/de\/produktpraesentation\/aromatherapie\/raumbeduftung\/vernebler\/jasmine\/","og_locale":"de_DE","og_type":"article","og_title":"JASMINE - WOHLBEFINDEN","og_description":"Diffusion des huiles par technologie \u00e0 ultrasons Jusqu\u2019\u00e0 24 heures d\u2019op\u00e9ration Mode intervalle &nbsp;Top 3 des diffuseurs par n\u00e9bulisation les plus puissants et attrayants de 2019 &nbsp; 1 pi\u00e8ce CHF 55.00 (livr\u00e9 avec un m\u00e9lange de parfum organique Damascena, de qualit\u00e9 100% biologique naturelle) &nbsp; &nbsp; Un arome discret, mais perceptible et un design sobre&nbsp;: tel est le diffuseur d'ar\u00f4mes&nbsp;Weiter lesen","og_url":"https:\/\/bien-etreiris.ch\/de\/produktpraesentation\/aromatherapie\/raumbeduftung\/vernebler\/jasmine\/","og_site_name":"WOHLBEFINDEN","article_publisher":"https:\/\/www.facebook.com\/bienetreiris\/","article_modified_time":"2021-06-16T05:04:48+00:00","og_image":[{"width":500,"height":371,"url":"https:\/\/bien-etreiris.ch\/wp-content\/uploads\/2020\/11\/acceuil-3.png","type":"image\/png"}],"twitter_misc":{"Gesch\u00e4tzte Lesezeit":"1\u00a0Minute"},"schema":{"@context":"https:\/\/schema.org","@graph":[{"@type":"WebPage","@id":"https:\/\/bien-etreiris.ch\/de\/produktpraesentation\/aromatherapie\/raumbeduftung\/vernebler\/jasmine\/","url":"https:\/\/bien-etreiris.ch\/de\/produktpraesentation\/aromatherapie\/raumbeduftung\/vernebler\/jasmine\/","name":"JASMINE - WOHLBEFINDEN","isPartOf":{"@id":"https:\/\/bien-etreiris.ch\/de\/#website"},"primaryImageOfPage":{"@id":"https:\/\/bien-etreiris.ch\/de\/produktpraesentation\/aromatherapie\/raumbeduftung\/vernebler\/jasmine\/#primaryimage"},"image":{"@id":"https:\/\/bien-etreiris.ch\/de\/produktpraesentation\/aromatherapie\/raumbeduftung\/vernebler\/jasmine\/#primaryimage"},"thumbnailUrl":"https:\/\/bien-etreiris.ch\/wp-content\/uploads\/2020\/11\/acceuil-3.png","datePublished":"2020-11-05T08:04:34+00:00","dateModified":"2021-06-16T05:04:48+00:00","breadcrumb":{"@id":"https:\/\/bien-etreiris.ch\/de\/produktpraesentation\/aromatherapie\/raumbeduftung\/vernebler\/jasmine\/#breadcrumb"},"inLanguage":"de","potentialAction":[{"@type":"ReadAction","target":["https:\/\/bien-etreiris.ch\/de\/produktpraesentation\/aromatherapie\/raumbeduftung\/vernebler\/jasmine\/"]}]},{"@type":"ImageObject","inLanguage":"de","@id":"https:\/\/bien-etreiris.ch\/de\/produktpraesentation\/aromatherapie\/raumbeduftung\/vernebler\/jasmine\/#primaryimage","url":"https:\/\/bien-etreiris.ch\/wp-content\/uploads\/2020\/11\/acceuil-3.png","contentUrl":"https:\/\/bien-etreiris.ch\/wp-content\/uploads\/2020\/11\/acceuil-3.png","width":500,"height":371},{"@type":"BreadcrumbList","@id":"https:\/\/bien-etreiris.ch\/de\/produktpraesentation\/aromatherapie\/raumbeduftung\/vernebler\/jasmine\/#breadcrumb","itemListElement":[{"@type":"ListItem","position":1,"name":"Home","item":"https:\/\/bien-etreiris.ch\/de\/"},{"@type":"ListItem","position":2,"name":"PRODUKTPR\u00c4SENTATION","item":"https:\/\/bien-etreiris.ch\/de\/produktpraesentation\/"},{"@type":"ListItem","position":3,"name":"AROMATHERAPIE","item":"https:\/\/bien-etreiris.ch\/de\/produktpraesentation\/aromatherapie\/"},{"@type":"ListItem","position":4,"name":"RAUMBEDUFTUNG","item":"https:\/\/bien-etreiris.ch\/de\/produktpraesentation\/aromatherapie\/raumbeduftung\/"},{"@type":"ListItem","position":5,"name":"VERNEBLER","item":"https:\/\/bien-etreiris.ch\/de\/produktpraesentation\/aromatherapie\/raumbeduftung\/vernebler\/"},{"@type":"ListItem","position":6,"name":"JASMINE"}]},{"@type":"WebSite","@id":"https:\/\/bien-etreiris.ch\/de\/#website","url":"https:\/\/bien-etreiris.ch\/de\/","name":"Bien-\u00eatre Iris","description":"IHRE Gesundheit ist uns wichtig","potentialAction":[{"@type":"SearchAction","target":{"@type":"EntryPoint","urlTemplate":"https:\/\/bien-etreiris.ch\/de\/?s={search_term_string}"},"query-input":{"@type":"PropertyValueSpecification","valueRequired":true,"valueName":"search_term_string"}}],"inLanguage":"de"}]}},"_links":{"self":[{"href":"https:\/\/bien-etreiris.ch\/de\/wp-json\/wp\/v2\/pages\/50249","targetHints":{"allow":["GET"]}}],"collection":[{"href":"https:\/\/bien-etreiris.ch\/de\/wp-json\/wp\/v2\/pages"}],"about":[{"href":"https:\/\/bien-etreiris.ch\/de\/wp-json\/wp\/v2\/types\/page"}],"author":[{"embeddable":true,"href":"https:\/\/bien-etreiris.ch\/de\/wp-json\/wp\/v2\/users\/1"}],"replies":[{"embeddable":true,"href":"https:\/\/bien-etreiris.ch\/de\/wp-json\/wp\/v2\/comments?post=50249"}],"version-history":[{"count":1,"href":"https:\/\/bien-etreiris.ch\/de\/wp-json\/wp\/v2\/pages\/50249\/revisions"}],"predecessor-version":[{"id":50251,"href":"https:\/\/bien-etreiris.ch\/de\/wp-json\/wp\/v2\/pages\/50249\/revisions\/50251"}],"up":[{"embeddable":true,"href":"https:\/\/bien-etreiris.ch\/de\/wp-json\/wp\/v2\/pages\/18415"}],"wp:featuredmedia":[{"embeddable":true,"href":"https:\/\/bien-etreiris.ch\/de\/wp-json\/wp\/v2\/media\/33766"}],"wp:attachment":[{"href":"https:\/\/bien-etreiris.ch\/de\/wp-json\/wp\/v2\/media?parent=50249"}],"curies":[{"name":"wp","href":"https:\/\/api.w.org\/{rel}","templated":true}]}}