{"id":50245,"date":"2020-11-05T05:32:38","date_gmt":"2020-11-05T05:32:38","guid":{"rendered":"https:\/\/bien-etreiris.ch\/produktpraesentation\/aromatherapie\/raumbeduftung\/vernebler\/mia\/"},"modified":"2021-06-16T17:07:13","modified_gmt":"2021-06-16T15:07:13","slug":"mia","status":"publish","type":"page","link":"https:\/\/bien-etreiris.ch\/de\/produktpraesentation\/aromatherapie\/raumbeduftung\/vernebler\/mia\/","title":{"rendered":"MIA"},"content":{"rendered":"<p><\/p>\n<h4>Diffuseur d'ar\u00f4mes petit et elegant<\/h4>\n<p><a href=\"https:\/\/decoiris.ch\/wp-content\/uploads\/2020\/11\/Mia-diffuseur.jpg\"><img loading=\"lazy\" decoding=\"async\" class=\"wp-image-33700 size-medium alignleft\" src=\"https:\/\/decoiris.ch\/wp-content\/uploads\/2020\/11\/Mia-diffuseur-300x300.jpg\" alt=\"\" width=\"300\" height=\"300\" srcset=\"https:\/\/bien-etreiris.ch\/wp-content\/uploads\/2020\/11\/Mia-diffuseur-300x300.jpg 300w, https:\/\/bien-etreiris.ch\/wp-content\/uploads\/2020\/11\/Mia-diffuseur-150x150.jpg 150w, https:\/\/bien-etreiris.ch\/wp-content\/uploads\/2020\/11\/Mia-diffuseur-768x768.jpg 768w, https:\/\/bien-etreiris.ch\/wp-content\/uploads\/2020\/11\/Mia-diffuseur.jpg 800w\" sizes=\"auto, (max-width: 300px) 100vw, 300px\" \/><\/a><\/p>\n<p>&nbsp;<\/p>\n<ul>\n<li>Diffusion des huiles essentielles jusqu\u2019\u00e0 10 heures d\u2019op\u00e9ration<\/li>\n<li>Fonctionnement silencieux<\/li>\n<li>Vapeur extrafin pour une diffusion d\u2019huiles essentielles optimale<\/li>\n<\/ul>\n<p>1 pi\u00e8ce <strong>CHF 40.00 <\/strong><span class=\"tlid-translation translation\" lang=\"fr\"><span class=\"\" title=\"\">(livr\u00e9 avec un m\u00e9lange de parfum organique Damascena, de qualit\u00e9 100% biologique naturelle)<\/span><\/span><\/p>\n<p>&nbsp;<\/p>\n<p>&nbsp;<\/p>\n<p>&nbsp;<\/p>\n<p>&nbsp;<\/p>\n<p>&nbsp;<\/p>\n<p>&nbsp;<\/p>\n<p>Envie d\u2019un environnement agr\u00e9ablement parfum\u00e9&nbsp;? D\u00e9couvrez Mia, l\u2019\u00e9l\u00e9gant et petit diffuseur d\u2019ar\u00f4mes de Stadler Form&nbsp;! Gr\u00e2ce \u00e0 la technologie ultrasonique, ce brumisateur diffuse parfums et huiles essentielles avec une vapeur extrafine. Son r\u00e9servoir d\u2019eau leur permet de diffuser des fragrances agr\u00e9ables jusqu'\u00e0 dix heures. Tr\u00e8s silencieux et muni d\u2019un t\u00e9moin LED discret se r\u00e9fl\u00e9chissant sur la surface en face de lui, Mia dispara\u00eet dans le d\u00e9cor. Pour un r\u00e9sultat optimal, utilisez les huiles essentielles 100&nbsp;% naturelles de Stadler Form. moins<\/p>\n<p>&nbsp;<\/p>\n<h4>Couleurs<\/h4>\n<p>&nbsp;<\/p>\n<ul>\n<li>white<\/li>\n<li>black<\/li>\n<li>chili red<\/li>\n<li>titanium<\/li>\n<\/ul>\n<p>&nbsp;<\/p>\n<p>&nbsp;<\/p>\n<p><a href=\"https:\/\/documentcloud.adobe.com\/link\/review?uri=urn:aaid:scds:US:9af7a82b-37cb-4520-b5e2-bfcf45c69e64\" target=\"_blank\" rel=\"noopener noreferrer\">Mode d\u2018emploie<\/a><\/p>\n\n\n<p><\/p>\n","protected":false},"excerpt":{"rendered":"<p>Diffuseur d'ar\u00f4mes petit et elegant &nbsp; Diffusion des huiles essentielles jusqu\u2019\u00e0 10 heures d\u2019op\u00e9ration Fonctionnement silencieux Vapeur extrafin pour une diffusion d\u2019huiles essentielles optimale 1 pi\u00e8ce CHF 40.00 (livr\u00e9 avec un m\u00e9lange de parfum organique Damascena, de qualit\u00e9 100% biologique naturelle) &nbsp; &nbsp; &nbsp; &nbsp; &nbsp; &nbsp; Envie d\u2019un environnement agr\u00e9ablement parfum\u00e9&nbsp;? D\u00e9couvrez Mia, l\u2019\u00e9l\u00e9gant et petit diffuseur d\u2019ar\u00f4mes de&nbsp;<a href=\"https:\/\/bien-etreiris.ch\/de\/produktpraesentation\/aromatherapie\/raumbeduftung\/vernebler\/mia\/\" class=\"read-more\">Weiter lesen<\/a><\/p>\n","protected":false},"author":1,"featured_media":33699,"parent":18415,"menu_order":6864,"comment_status":"closed","ping_status":"closed","template":"page-with-child.php","meta":{"_acf_changed":false,"ngg_post_thumbnail":0,"footnotes":""},"class_list":["post-50245","page","type-page","status-publish","has-post-thumbnail","hentry"],"acf":[],"yoast_head":"<!-- This site is optimized with the Yoast SEO plugin v27.5 - https:\/\/yoast.com\/product\/yoast-seo-wordpress\/ -->\n<title>MIA - WOHLBEFINDEN<\/title>\n<meta name=\"robots\" content=\"index, follow, max-snippet:-1, max-image-preview:large, max-video-preview:-1\" \/>\n<link rel=\"canonical\" href=\"https:\/\/bien-etreiris.ch\/de\/produktpraesentation\/aromatherapie\/raumbeduftung\/vernebler\/mia\/\" \/>\n<meta property=\"og:locale\" content=\"de_DE\" \/>\n<meta property=\"og:type\" content=\"article\" \/>\n<meta property=\"og:title\" content=\"MIA - WOHLBEFINDEN\" \/>\n<meta property=\"og:description\" content=\"Diffuseur d&#039;ar\u00f4mes petit et elegant &nbsp; Diffusion des huiles essentielles jusqu\u2019\u00e0 10 heures d\u2019op\u00e9ration Fonctionnement silencieux Vapeur extrafin pour une diffusion d\u2019huiles essentielles optimale 1 pi\u00e8ce CHF 40.00 (livr\u00e9 avec un m\u00e9lange de parfum organique Damascena, de qualit\u00e9 100% biologique naturelle) &nbsp; &nbsp; &nbsp; &nbsp; &nbsp; &nbsp; Envie d\u2019un environnement agr\u00e9ablement parfum\u00e9&nbsp;? D\u00e9couvrez Mia, l\u2019\u00e9l\u00e9gant et petit diffuseur d\u2019ar\u00f4mes de&nbsp;Weiter lesen\" \/>\n<meta property=\"og:url\" content=\"https:\/\/bien-etreiris.ch\/de\/produktpraesentation\/aromatherapie\/raumbeduftung\/vernebler\/mia\/\" \/>\n<meta property=\"og:site_name\" content=\"WOHLBEFINDEN\" \/>\n<meta property=\"article:publisher\" content=\"https:\/\/www.facebook.com\/bienetreiris\/\" \/>\n<meta property=\"article:modified_time\" content=\"2021-06-16T15:07:13+00:00\" \/>\n<meta property=\"og:image\" content=\"https:\/\/bien-etreiris.ch\/wp-content\/uploads\/2020\/11\/acceuil-2.png\" \/>\n\t<meta property=\"og:image:width\" content=\"500\" \/>\n\t<meta property=\"og:image:height\" content=\"349\" \/>\n\t<meta property=\"og:image:type\" content=\"image\/png\" \/>\n<meta name=\"twitter:label1\" content=\"Gesch\u00e4tzte Lesezeit\" \/>\n\t<meta name=\"twitter:data1\" content=\"1\u00a0Minute\" \/>\n<script type=\"application\/ld+json\" class=\"yoast-schema-graph\">{\"@context\":\"https:\\\/\\\/schema.org\",\"@graph\":[{\"@type\":\"WebPage\",\"@id\":\"https:\\\/\\\/bien-etreiris.ch\\\/de\\\/produktpraesentation\\\/aromatherapie\\\/raumbeduftung\\\/vernebler\\\/mia\\\/\",\"url\":\"https:\\\/\\\/bien-etreiris.ch\\\/de\\\/produktpraesentation\\\/aromatherapie\\\/raumbeduftung\\\/vernebler\\\/mia\\\/\",\"name\":\"MIA - WOHLBEFINDEN\",\"isPartOf\":{\"@id\":\"https:\\\/\\\/bien-etreiris.ch\\\/de\\\/#website\"},\"primaryImageOfPage\":{\"@id\":\"https:\\\/\\\/bien-etreiris.ch\\\/de\\\/produktpraesentation\\\/aromatherapie\\\/raumbeduftung\\\/vernebler\\\/mia\\\/#primaryimage\"},\"image\":{\"@id\":\"https:\\\/\\\/bien-etreiris.ch\\\/de\\\/produktpraesentation\\\/aromatherapie\\\/raumbeduftung\\\/vernebler\\\/mia\\\/#primaryimage\"},\"thumbnailUrl\":\"https:\\\/\\\/bien-etreiris.ch\\\/wp-content\\\/uploads\\\/2020\\\/11\\\/acceuil-2.png\",\"datePublished\":\"2020-11-05T05:32:38+00:00\",\"dateModified\":\"2021-06-16T15:07:13+00:00\",\"breadcrumb\":{\"@id\":\"https:\\\/\\\/bien-etreiris.ch\\\/de\\\/produktpraesentation\\\/aromatherapie\\\/raumbeduftung\\\/vernebler\\\/mia\\\/#breadcrumb\"},\"inLanguage\":\"de\",\"potentialAction\":[{\"@type\":\"ReadAction\",\"target\":[\"https:\\\/\\\/bien-etreiris.ch\\\/de\\\/produktpraesentation\\\/aromatherapie\\\/raumbeduftung\\\/vernebler\\\/mia\\\/\"]}]},{\"@type\":\"ImageObject\",\"inLanguage\":\"de\",\"@id\":\"https:\\\/\\\/bien-etreiris.ch\\\/de\\\/produktpraesentation\\\/aromatherapie\\\/raumbeduftung\\\/vernebler\\\/mia\\\/#primaryimage\",\"url\":\"https:\\\/\\\/bien-etreiris.ch\\\/wp-content\\\/uploads\\\/2020\\\/11\\\/acceuil-2.png\",\"contentUrl\":\"https:\\\/\\\/bien-etreiris.ch\\\/wp-content\\\/uploads\\\/2020\\\/11\\\/acceuil-2.png\",\"width\":500,\"height\":349},{\"@type\":\"BreadcrumbList\",\"@id\":\"https:\\\/\\\/bien-etreiris.ch\\\/de\\\/produktpraesentation\\\/aromatherapie\\\/raumbeduftung\\\/vernebler\\\/mia\\\/#breadcrumb\",\"itemListElement\":[{\"@type\":\"ListItem\",\"position\":1,\"name\":\"Home\",\"item\":\"https:\\\/\\\/bien-etreiris.ch\\\/de\\\/\"},{\"@type\":\"ListItem\",\"position\":2,\"name\":\"PRODUKTPR\u00c4SENTATION\",\"item\":\"https:\\\/\\\/bien-etreiris.ch\\\/de\\\/produktpraesentation\\\/\"},{\"@type\":\"ListItem\",\"position\":3,\"name\":\"AROMATHERAPIE\",\"item\":\"https:\\\/\\\/bien-etreiris.ch\\\/de\\\/produktpraesentation\\\/aromatherapie\\\/\"},{\"@type\":\"ListItem\",\"position\":4,\"name\":\"RAUMBEDUFTUNG\",\"item\":\"https:\\\/\\\/bien-etreiris.ch\\\/de\\\/produktpraesentation\\\/aromatherapie\\\/raumbeduftung\\\/\"},{\"@type\":\"ListItem\",\"position\":5,\"name\":\"VERNEBLER\",\"item\":\"https:\\\/\\\/bien-etreiris.ch\\\/de\\\/produktpraesentation\\\/aromatherapie\\\/raumbeduftung\\\/vernebler\\\/\"},{\"@type\":\"ListItem\",\"position\":6,\"name\":\"MIA\"}]},{\"@type\":\"WebSite\",\"@id\":\"https:\\\/\\\/bien-etreiris.ch\\\/de\\\/#website\",\"url\":\"https:\\\/\\\/bien-etreiris.ch\\\/de\\\/\",\"name\":\"Bien-\u00eatre Iris\",\"description\":\"IHRE Gesundheit ist uns wichtig\",\"potentialAction\":[{\"@type\":\"SearchAction\",\"target\":{\"@type\":\"EntryPoint\",\"urlTemplate\":\"https:\\\/\\\/bien-etreiris.ch\\\/de\\\/?s={search_term_string}\"},\"query-input\":{\"@type\":\"PropertyValueSpecification\",\"valueRequired\":true,\"valueName\":\"search_term_string\"}}],\"inLanguage\":\"de\"}]}<\/script>\n<!-- \/ Yoast SEO plugin. -->","yoast_head_json":{"title":"MIA - WOHLBEFINDEN","robots":{"index":"index","follow":"follow","max-snippet":"max-snippet:-1","max-image-preview":"max-image-preview:large","max-video-preview":"max-video-preview:-1"},"canonical":"https:\/\/bien-etreiris.ch\/de\/produktpraesentation\/aromatherapie\/raumbeduftung\/vernebler\/mia\/","og_locale":"de_DE","og_type":"article","og_title":"MIA - WOHLBEFINDEN","og_description":"Diffuseur d'ar\u00f4mes petit et elegant &nbsp; Diffusion des huiles essentielles jusqu\u2019\u00e0 10 heures d\u2019op\u00e9ration Fonctionnement silencieux Vapeur extrafin pour une diffusion d\u2019huiles essentielles optimale 1 pi\u00e8ce CHF 40.00 (livr\u00e9 avec un m\u00e9lange de parfum organique Damascena, de qualit\u00e9 100% biologique naturelle) &nbsp; &nbsp; &nbsp; &nbsp; &nbsp; &nbsp; Envie d\u2019un environnement agr\u00e9ablement parfum\u00e9&nbsp;? D\u00e9couvrez Mia, l\u2019\u00e9l\u00e9gant et petit diffuseur d\u2019ar\u00f4mes de&nbsp;Weiter lesen","og_url":"https:\/\/bien-etreiris.ch\/de\/produktpraesentation\/aromatherapie\/raumbeduftung\/vernebler\/mia\/","og_site_name":"WOHLBEFINDEN","article_publisher":"https:\/\/www.facebook.com\/bienetreiris\/","article_modified_time":"2021-06-16T15:07:13+00:00","og_image":[{"width":500,"height":349,"url":"https:\/\/bien-etreiris.ch\/wp-content\/uploads\/2020\/11\/acceuil-2.png","type":"image\/png"}],"twitter_misc":{"Gesch\u00e4tzte Lesezeit":"1\u00a0Minute"},"schema":{"@context":"https:\/\/schema.org","@graph":[{"@type":"WebPage","@id":"https:\/\/bien-etreiris.ch\/de\/produktpraesentation\/aromatherapie\/raumbeduftung\/vernebler\/mia\/","url":"https:\/\/bien-etreiris.ch\/de\/produktpraesentation\/aromatherapie\/raumbeduftung\/vernebler\/mia\/","name":"MIA - WOHLBEFINDEN","isPartOf":{"@id":"https:\/\/bien-etreiris.ch\/de\/#website"},"primaryImageOfPage":{"@id":"https:\/\/bien-etreiris.ch\/de\/produktpraesentation\/aromatherapie\/raumbeduftung\/vernebler\/mia\/#primaryimage"},"image":{"@id":"https:\/\/bien-etreiris.ch\/de\/produktpraesentation\/aromatherapie\/raumbeduftung\/vernebler\/mia\/#primaryimage"},"thumbnailUrl":"https:\/\/bien-etreiris.ch\/wp-content\/uploads\/2020\/11\/acceuil-2.png","datePublished":"2020-11-05T05:32:38+00:00","dateModified":"2021-06-16T15:07:13+00:00","breadcrumb":{"@id":"https:\/\/bien-etreiris.ch\/de\/produktpraesentation\/aromatherapie\/raumbeduftung\/vernebler\/mia\/#breadcrumb"},"inLanguage":"de","potentialAction":[{"@type":"ReadAction","target":["https:\/\/bien-etreiris.ch\/de\/produktpraesentation\/aromatherapie\/raumbeduftung\/vernebler\/mia\/"]}]},{"@type":"ImageObject","inLanguage":"de","@id":"https:\/\/bien-etreiris.ch\/de\/produktpraesentation\/aromatherapie\/raumbeduftung\/vernebler\/mia\/#primaryimage","url":"https:\/\/bien-etreiris.ch\/wp-content\/uploads\/2020\/11\/acceuil-2.png","contentUrl":"https:\/\/bien-etreiris.ch\/wp-content\/uploads\/2020\/11\/acceuil-2.png","width":500,"height":349},{"@type":"BreadcrumbList","@id":"https:\/\/bien-etreiris.ch\/de\/produktpraesentation\/aromatherapie\/raumbeduftung\/vernebler\/mia\/#breadcrumb","itemListElement":[{"@type":"ListItem","position":1,"name":"Home","item":"https:\/\/bien-etreiris.ch\/de\/"},{"@type":"ListItem","position":2,"name":"PRODUKTPR\u00c4SENTATION","item":"https:\/\/bien-etreiris.ch\/de\/produktpraesentation\/"},{"@type":"ListItem","position":3,"name":"AROMATHERAPIE","item":"https:\/\/bien-etreiris.ch\/de\/produktpraesentation\/aromatherapie\/"},{"@type":"ListItem","position":4,"name":"RAUMBEDUFTUNG","item":"https:\/\/bien-etreiris.ch\/de\/produktpraesentation\/aromatherapie\/raumbeduftung\/"},{"@type":"ListItem","position":5,"name":"VERNEBLER","item":"https:\/\/bien-etreiris.ch\/de\/produktpraesentation\/aromatherapie\/raumbeduftung\/vernebler\/"},{"@type":"ListItem","position":6,"name":"MIA"}]},{"@type":"WebSite","@id":"https:\/\/bien-etreiris.ch\/de\/#website","url":"https:\/\/bien-etreiris.ch\/de\/","name":"Bien-\u00eatre Iris","description":"IHRE Gesundheit ist uns wichtig","potentialAction":[{"@type":"SearchAction","target":{"@type":"EntryPoint","urlTemplate":"https:\/\/bien-etreiris.ch\/de\/?s={search_term_string}"},"query-input":{"@type":"PropertyValueSpecification","valueRequired":true,"valueName":"search_term_string"}}],"inLanguage":"de"}]}},"_links":{"self":[{"href":"https:\/\/bien-etreiris.ch\/de\/wp-json\/wp\/v2\/pages\/50245","targetHints":{"allow":["GET"]}}],"collection":[{"href":"https:\/\/bien-etreiris.ch\/de\/wp-json\/wp\/v2\/pages"}],"about":[{"href":"https:\/\/bien-etreiris.ch\/de\/wp-json\/wp\/v2\/types\/page"}],"author":[{"embeddable":true,"href":"https:\/\/bien-etreiris.ch\/de\/wp-json\/wp\/v2\/users\/1"}],"replies":[{"embeddable":true,"href":"https:\/\/bien-etreiris.ch\/de\/wp-json\/wp\/v2\/comments?post=50245"}],"version-history":[{"count":3,"href":"https:\/\/bien-etreiris.ch\/de\/wp-json\/wp\/v2\/pages\/50245\/revisions"}],"predecessor-version":[{"id":50474,"href":"https:\/\/bien-etreiris.ch\/de\/wp-json\/wp\/v2\/pages\/50245\/revisions\/50474"}],"up":[{"embeddable":true,"href":"https:\/\/bien-etreiris.ch\/de\/wp-json\/wp\/v2\/pages\/18415"}],"wp:featuredmedia":[{"embeddable":true,"href":"https:\/\/bien-etreiris.ch\/de\/wp-json\/wp\/v2\/media\/33699"}],"wp:attachment":[{"href":"https:\/\/bien-etreiris.ch\/de\/wp-json\/wp\/v2\/media?parent=50245"}],"curies":[{"name":"wp","href":"https:\/\/api.w.org\/{rel}","templated":true}]}}