{"id":50159,"date":"2021-05-21T19:54:36","date_gmt":"2021-05-21T17:54:36","guid":{"rendered":"https:\/\/bien-etreiris.ch\/unsere-marken\/swiss-pet-solution\/"},"modified":"2021-06-08T20:25:01","modified_gmt":"2021-06-08T18:25:01","slug":"swiss-pet-solution","status":"publish","type":"page","link":"https:\/\/bien-etreiris.ch\/de\/unsere-marken\/swiss-pet-solution\/","title":{"rendered":"SWISS PET SOLUTION"},"content":{"rendered":"\n<h2>Schweizer Pet Solution<\/h2>\n<p>ist eine Gesch\u00e4ftseinheit der Granovit SA. Es ist der gr\u00f6\u00dfte Schweizer Hersteller von Trockenfutter f\u00fcr Haustiere. Als modernes Schweizer KMU bieten wir Flexibilit\u00e4t, Innovation und N\u00e4he zu unseren Kunden.<\/p>\n<p>Seit mehr als 30 Jahren beliefern wir unsere Kunden mit hochwertiger Tiernahrung, die von unseren Tier\u00e4rzten und Ingenieuren entwickelt wurde. Dank unserer vielseitigen und automatisierten Anlagen produzieren wir sowohl extrudiertes Hunde- und Katzenfutter als auch kaltgepresste Pellets f\u00fcr andere Haustiere.<\/p>\n<h4>Unsere Philosophie<\/h4>\n<p>&nbsp;<\/p>\n<div class=\"bg-white\">\n<div class=\"cont-about-v2\">\n<div class=\"pl-21\">\n<div class=\"row nomargin usp-section\">\n<div class=\"col-sm-3 usp-horizontal\"><img decoding=\"async\" class=\"usp-icon\" src=\"https:\/\/www.swiss-pet-solution.ch\/pub\/static\/version1621558879\/frontend\/SwissPetSolution\/sps\/fr_CH\/images\/glutenfree.svg\" alt=\"Sans gluten\">\n<div class=\"entry-label\">Ohne Gluten<\/div>\n<\/div>\n<div class=\"col-sm-4 usp-horizontal\"><img decoding=\"async\" class=\"usp-icon\" src=\"https:\/\/www.swiss-pet-solution.ch\/pub\/static\/version1621558879\/frontend\/SwissPetSolution\/sps\/fr_CH\/images\/natural-raw-materials.svg\" alt=\"Mati\u00e8res premi\u00e8res s\u00e9lectionn\u00e9es 100% naturelles\">\n<div class=\"entry-label\">Ausgew\u00e4hlte 100% nat\u00fcrliche Rohstoffe<\/div>\n<\/div>\n<div class=\"col-sm-4 usp-horizontal\"><img decoding=\"async\" class=\"usp-icon\" src=\"https:\/\/www.swiss-pet-solution.ch\/pub\/static\/version1621558879\/frontend\/SwissPetSolution\/sps\/fr_CH\/images\/no-genetically-modified.svg\" alt=\"Aucune mati\u00e8re premi\u00e8re g\u00e9n\u00e9tiquement modifi\u00e9e\">\n<div class=\"entry-label\">Keine gentechnisch ver\u00e4nderten Rohstoffe<\/div>\n<\/div>\n<\/div>\n<\/div>\n<\/div>\n<\/div>\n<div>&nbsp;<\/div>\n<div>&nbsp;<\/div>\n<div>&nbsp;<\/div>\n<div>&nbsp;<\/div>\n<div>&nbsp;<\/div>\n<h2><a href=\"https:\/\/bien-etreiris.ch\/de\/produktpraesentation\/zoom-die-welt-der-tiere\/nutrition-animale\/\" target=\"_blank\" rel=\"noopener\"> TIERERN\u00c4HRUNG<\/a><\/h2>\n<p>&nbsp;<\/p>\n<p>&nbsp;<\/p>\n<p>&nbsp;<\/p>\n","protected":false},"excerpt":{"rendered":"<p>Schweizer Pet Solution ist eine Gesch\u00e4ftseinheit der Granovit SA. Es ist der gr\u00f6\u00dfte Schweizer Hersteller von Trockenfutter f\u00fcr Haustiere. Als modernes Schweizer KMU bieten wir Flexibilit\u00e4t, Innovation und N\u00e4he zu unseren Kunden. Seit mehr als 30 Jahren beliefern wir unsere Kunden mit hochwertiger Tiernahrung, die von unseren Tier\u00e4rzten und Ingenieuren entwickelt wurde. Dank unserer vielseitigen und automatisierten Anlagen produzieren wir&nbsp;<a href=\"https:\/\/bien-etreiris.ch\/de\/unsere-marken\/swiss-pet-solution\/\" class=\"read-more\">Weiter lesen<\/a><\/p>\n","protected":false},"author":1,"featured_media":45729,"parent":44406,"menu_order":5631,"comment_status":"closed","ping_status":"closed","template":"page-with-child.php","meta":{"_acf_changed":false,"ngg_post_thumbnail":0,"footnotes":""},"class_list":["post-50159","page","type-page","status-publish","has-post-thumbnail","hentry"],"acf":[],"yoast_head":"<!-- This site is optimized with the Yoast SEO plugin v27.4 - https:\/\/yoast.com\/product\/yoast-seo-wordpress\/ -->\n<title>SWISS PET SOLUTION - WOHLBEFINDEN<\/title>\n<meta name=\"robots\" content=\"index, follow, max-snippet:-1, max-image-preview:large, max-video-preview:-1\" \/>\n<link rel=\"canonical\" href=\"https:\/\/bien-etreiris.ch\/de\/unsere-marken\/swiss-pet-solution\/\" \/>\n<meta property=\"og:locale\" content=\"de_DE\" \/>\n<meta property=\"og:type\" content=\"article\" \/>\n<meta property=\"og:title\" content=\"SWISS PET SOLUTION - WOHLBEFINDEN\" \/>\n<meta property=\"og:description\" content=\"Schweizer Pet Solution ist eine Gesch\u00e4ftseinheit der Granovit SA. Es ist der gr\u00f6\u00dfte Schweizer Hersteller von Trockenfutter f\u00fcr Haustiere. Als modernes Schweizer KMU bieten wir Flexibilit\u00e4t, Innovation und N\u00e4he zu unseren Kunden. Seit mehr als 30 Jahren beliefern wir unsere Kunden mit hochwertiger Tiernahrung, die von unseren Tier\u00e4rzten und Ingenieuren entwickelt wurde. Dank unserer vielseitigen und automatisierten Anlagen produzieren wir&nbsp;Weiter lesen\" \/>\n<meta property=\"og:url\" content=\"https:\/\/bien-etreiris.ch\/de\/unsere-marken\/swiss-pet-solution\/\" \/>\n<meta property=\"og:site_name\" content=\"WOHLBEFINDEN\" \/>\n<meta property=\"article:publisher\" content=\"https:\/\/www.facebook.com\/bienetreiris\/\" \/>\n<meta property=\"article:modified_time\" content=\"2021-06-08T18:25:01+00:00\" \/>\n<meta property=\"og:image\" content=\"https:\/\/bien-etreiris.ch\/wp-content\/uploads\/2021\/05\/SWISS-PET-SOLUTION.png\" \/>\n\t<meta property=\"og:image:width\" content=\"500\" \/>\n\t<meta property=\"og:image:height\" content=\"363\" \/>\n\t<meta property=\"og:image:type\" content=\"image\/png\" \/>\n<meta name=\"twitter:label1\" content=\"Gesch\u00e4tzte Lesezeit\" \/>\n\t<meta name=\"twitter:data1\" content=\"2\u00a0Minuten\" \/>\n<script type=\"application\/ld+json\" class=\"yoast-schema-graph\">{\"@context\":\"https:\\\/\\\/schema.org\",\"@graph\":[{\"@type\":\"WebPage\",\"@id\":\"https:\\\/\\\/bien-etreiris.ch\\\/de\\\/unsere-marken\\\/swiss-pet-solution\\\/\",\"url\":\"https:\\\/\\\/bien-etreiris.ch\\\/de\\\/unsere-marken\\\/swiss-pet-solution\\\/\",\"name\":\"SWISS PET SOLUTION - WOHLBEFINDEN\",\"isPartOf\":{\"@id\":\"https:\\\/\\\/bien-etreiris.ch\\\/de\\\/#website\"},\"primaryImageOfPage\":{\"@id\":\"https:\\\/\\\/bien-etreiris.ch\\\/de\\\/unsere-marken\\\/swiss-pet-solution\\\/#primaryimage\"},\"image\":{\"@id\":\"https:\\\/\\\/bien-etreiris.ch\\\/de\\\/unsere-marken\\\/swiss-pet-solution\\\/#primaryimage\"},\"thumbnailUrl\":\"https:\\\/\\\/bien-etreiris.ch\\\/wp-content\\\/uploads\\\/2021\\\/05\\\/SWISS-PET-SOLUTION.png\",\"datePublished\":\"2021-05-21T17:54:36+00:00\",\"dateModified\":\"2021-06-08T18:25:01+00:00\",\"breadcrumb\":{\"@id\":\"https:\\\/\\\/bien-etreiris.ch\\\/de\\\/unsere-marken\\\/swiss-pet-solution\\\/#breadcrumb\"},\"inLanguage\":\"de\",\"potentialAction\":[{\"@type\":\"ReadAction\",\"target\":[\"https:\\\/\\\/bien-etreiris.ch\\\/de\\\/unsere-marken\\\/swiss-pet-solution\\\/\"]}]},{\"@type\":\"ImageObject\",\"inLanguage\":\"de\",\"@id\":\"https:\\\/\\\/bien-etreiris.ch\\\/de\\\/unsere-marken\\\/swiss-pet-solution\\\/#primaryimage\",\"url\":\"https:\\\/\\\/bien-etreiris.ch\\\/wp-content\\\/uploads\\\/2021\\\/05\\\/SWISS-PET-SOLUTION.png\",\"contentUrl\":\"https:\\\/\\\/bien-etreiris.ch\\\/wp-content\\\/uploads\\\/2021\\\/05\\\/SWISS-PET-SOLUTION.png\",\"width\":500,\"height\":363},{\"@type\":\"BreadcrumbList\",\"@id\":\"https:\\\/\\\/bien-etreiris.ch\\\/de\\\/unsere-marken\\\/swiss-pet-solution\\\/#breadcrumb\",\"itemListElement\":[{\"@type\":\"ListItem\",\"position\":1,\"name\":\"Home\",\"item\":\"https:\\\/\\\/bien-etreiris.ch\\\/de\\\/\"},{\"@type\":\"ListItem\",\"position\":2,\"name\":\"UNSERE MARKEN\",\"item\":\"https:\\\/\\\/bien-etreiris.ch\\\/de\\\/unsere-marken\\\/\"},{\"@type\":\"ListItem\",\"position\":3,\"name\":\"SWISS PET SOLUTION\"}]},{\"@type\":\"WebSite\",\"@id\":\"https:\\\/\\\/bien-etreiris.ch\\\/de\\\/#website\",\"url\":\"https:\\\/\\\/bien-etreiris.ch\\\/de\\\/\",\"name\":\"Bien-\u00eatre Iris\",\"description\":\"IHRE Gesundheit ist uns wichtig\",\"potentialAction\":[{\"@type\":\"SearchAction\",\"target\":{\"@type\":\"EntryPoint\",\"urlTemplate\":\"https:\\\/\\\/bien-etreiris.ch\\\/de\\\/?s={search_term_string}\"},\"query-input\":{\"@type\":\"PropertyValueSpecification\",\"valueRequired\":true,\"valueName\":\"search_term_string\"}}],\"inLanguage\":\"de\"}]}<\/script>\n<!-- \/ Yoast SEO plugin. -->","yoast_head_json":{"title":"SWISS PET SOLUTION - WOHLBEFINDEN","robots":{"index":"index","follow":"follow","max-snippet":"max-snippet:-1","max-image-preview":"max-image-preview:large","max-video-preview":"max-video-preview:-1"},"canonical":"https:\/\/bien-etreiris.ch\/de\/unsere-marken\/swiss-pet-solution\/","og_locale":"de_DE","og_type":"article","og_title":"SWISS PET SOLUTION - WOHLBEFINDEN","og_description":"Schweizer Pet Solution ist eine Gesch\u00e4ftseinheit der Granovit SA. Es ist der gr\u00f6\u00dfte Schweizer Hersteller von Trockenfutter f\u00fcr Haustiere. Als modernes Schweizer KMU bieten wir Flexibilit\u00e4t, Innovation und N\u00e4he zu unseren Kunden. Seit mehr als 30 Jahren beliefern wir unsere Kunden mit hochwertiger Tiernahrung, die von unseren Tier\u00e4rzten und Ingenieuren entwickelt wurde. Dank unserer vielseitigen und automatisierten Anlagen produzieren wir&nbsp;Weiter lesen","og_url":"https:\/\/bien-etreiris.ch\/de\/unsere-marken\/swiss-pet-solution\/","og_site_name":"WOHLBEFINDEN","article_publisher":"https:\/\/www.facebook.com\/bienetreiris\/","article_modified_time":"2021-06-08T18:25:01+00:00","og_image":[{"width":500,"height":363,"url":"https:\/\/bien-etreiris.ch\/wp-content\/uploads\/2021\/05\/SWISS-PET-SOLUTION.png","type":"image\/png"}],"twitter_misc":{"Gesch\u00e4tzte Lesezeit":"2\u00a0Minuten"},"schema":{"@context":"https:\/\/schema.org","@graph":[{"@type":"WebPage","@id":"https:\/\/bien-etreiris.ch\/de\/unsere-marken\/swiss-pet-solution\/","url":"https:\/\/bien-etreiris.ch\/de\/unsere-marken\/swiss-pet-solution\/","name":"SWISS PET SOLUTION - WOHLBEFINDEN","isPartOf":{"@id":"https:\/\/bien-etreiris.ch\/de\/#website"},"primaryImageOfPage":{"@id":"https:\/\/bien-etreiris.ch\/de\/unsere-marken\/swiss-pet-solution\/#primaryimage"},"image":{"@id":"https:\/\/bien-etreiris.ch\/de\/unsere-marken\/swiss-pet-solution\/#primaryimage"},"thumbnailUrl":"https:\/\/bien-etreiris.ch\/wp-content\/uploads\/2021\/05\/SWISS-PET-SOLUTION.png","datePublished":"2021-05-21T17:54:36+00:00","dateModified":"2021-06-08T18:25:01+00:00","breadcrumb":{"@id":"https:\/\/bien-etreiris.ch\/de\/unsere-marken\/swiss-pet-solution\/#breadcrumb"},"inLanguage":"de","potentialAction":[{"@type":"ReadAction","target":["https:\/\/bien-etreiris.ch\/de\/unsere-marken\/swiss-pet-solution\/"]}]},{"@type":"ImageObject","inLanguage":"de","@id":"https:\/\/bien-etreiris.ch\/de\/unsere-marken\/swiss-pet-solution\/#primaryimage","url":"https:\/\/bien-etreiris.ch\/wp-content\/uploads\/2021\/05\/SWISS-PET-SOLUTION.png","contentUrl":"https:\/\/bien-etreiris.ch\/wp-content\/uploads\/2021\/05\/SWISS-PET-SOLUTION.png","width":500,"height":363},{"@type":"BreadcrumbList","@id":"https:\/\/bien-etreiris.ch\/de\/unsere-marken\/swiss-pet-solution\/#breadcrumb","itemListElement":[{"@type":"ListItem","position":1,"name":"Home","item":"https:\/\/bien-etreiris.ch\/de\/"},{"@type":"ListItem","position":2,"name":"UNSERE MARKEN","item":"https:\/\/bien-etreiris.ch\/de\/unsere-marken\/"},{"@type":"ListItem","position":3,"name":"SWISS PET SOLUTION"}]},{"@type":"WebSite","@id":"https:\/\/bien-etreiris.ch\/de\/#website","url":"https:\/\/bien-etreiris.ch\/de\/","name":"Bien-\u00eatre Iris","description":"IHRE Gesundheit ist uns wichtig","potentialAction":[{"@type":"SearchAction","target":{"@type":"EntryPoint","urlTemplate":"https:\/\/bien-etreiris.ch\/de\/?s={search_term_string}"},"query-input":{"@type":"PropertyValueSpecification","valueRequired":true,"valueName":"search_term_string"}}],"inLanguage":"de"}]}},"_links":{"self":[{"href":"https:\/\/bien-etreiris.ch\/de\/wp-json\/wp\/v2\/pages\/50159","targetHints":{"allow":["GET"]}}],"collection":[{"href":"https:\/\/bien-etreiris.ch\/de\/wp-json\/wp\/v2\/pages"}],"about":[{"href":"https:\/\/bien-etreiris.ch\/de\/wp-json\/wp\/v2\/types\/page"}],"author":[{"embeddable":true,"href":"https:\/\/bien-etreiris.ch\/de\/wp-json\/wp\/v2\/users\/1"}],"replies":[{"embeddable":true,"href":"https:\/\/bien-etreiris.ch\/de\/wp-json\/wp\/v2\/comments?post=50159"}],"version-history":[{"count":3,"href":"https:\/\/bien-etreiris.ch\/de\/wp-json\/wp\/v2\/pages\/50159\/revisions"}],"predecessor-version":[{"id":50163,"href":"https:\/\/bien-etreiris.ch\/de\/wp-json\/wp\/v2\/pages\/50159\/revisions\/50163"}],"up":[{"embeddable":true,"href":"https:\/\/bien-etreiris.ch\/de\/wp-json\/wp\/v2\/pages\/44406"}],"wp:featuredmedia":[{"embeddable":true,"href":"https:\/\/bien-etreiris.ch\/de\/wp-json\/wp\/v2\/media\/45729"}],"wp:attachment":[{"href":"https:\/\/bien-etreiris.ch\/de\/wp-json\/wp\/v2\/media?parent=50159"}],"curies":[{"name":"wp","href":"https:\/\/api.w.org\/{rel}","templated":true}]}}