{"id":49906,"date":"2021-06-07T16:33:56","date_gmt":"2021-06-07T14:33:56","guid":{"rendered":"https:\/\/bien-etreiris.ch\/?page_id=49906"},"modified":"2023-03-07T20:52:48","modified_gmt":"2023-03-07T18:52:48","slug":"liniment","status":"publish","type":"page","link":"https:\/\/bien-etreiris.ch\/de\/produktpraesentation\/hygiene\/koerperpflege\/babys-und-kinder\/liniment\/","title":{"rendered":"LINIMENT"},"content":{"rendered":"\n<h2>Liniment<\/h2>\n<div class=\"_1FTz3 fggS- cell\">\n<section class=\"_2RbVQ\" data-hook=\"description-wrapper\">\n<div class=\"_3nbVj\">\n<div class=\"_3cRjW\" data-hook=\"content-wrapper\">\n<p><a href=\"https:\/\/bien-etreiris.ch\/wp-content\/uploads\/2023\/03\/liniment-jessica-perrin.jpg\"><img loading=\"lazy\" decoding=\"async\" class=\"size-full wp-image-67514 alignleft\" src=\"https:\/\/bien-etreiris.ch\/wp-content\/uploads\/2023\/03\/liniment-jessica-perrin.jpg\" alt=\"\" width=\"292\" height=\"564\" srcset=\"https:\/\/bien-etreiris.ch\/wp-content\/uploads\/2023\/03\/liniment-jessica-perrin.jpg 292w, https:\/\/bien-etreiris.ch\/wp-content\/uploads\/2023\/03\/liniment-jessica-perrin-155x300.jpg 155w\" sizes=\"auto, (max-width: 292px) 100vw, 292px\" \/><\/a><\/p>\n<p>&nbsp;<\/p>\n<p>&nbsp;<\/p>\n<p>&nbsp;<\/p>\n<\/div>\n<\/div>\n<\/section>\n<\/div>\n<p>&nbsp;<\/p>\n<p>&nbsp;<\/p>\n<p>&nbsp;<\/p>\n<p>&nbsp;<\/p>\n<div class=\"_1FTz3 fggS- cell\">\n<section class=\"_2RbVQ\" data-hook=\"description-wrapper\">\n<div class=\"_3nbVj\">\n<div class=\"_3cRjW\" data-hook=\"content-wrapper\">\n<p>&nbsp;<\/p>\n<\/div>\n<\/div>\n<\/section>\n<p>&nbsp;<\/p>\n<section class=\"_2RbVQ\" data-hook=\"description-wrapper\">\n<div class=\"_3nbVj\">\n<div class=\"_3cRjW\" data-hook=\"content-wrapper\">\n<p><strong><a href=\"https:\/\/bien-etreiris.ch\/de\/unsere-marken\/jessica-perrin\/\" target=\"_blank\" rel=\"noopener\"><span style=\"color: #99cc00;\">JESSICA PERRIN<\/span><\/a><\/strong><\/p>\n<p>Cette \u00e9mulsion&nbsp;100% naturelle convient \u00e0 toute la famille. Multifonction, elle est id\u00e9ale pour le change, elle nourrie&nbsp;les peaux de crocodiles et peut m\u00eame d\u00e9maquiller.&nbsp;Le liniment au mac\u00e9rat de calendula BIO&nbsp; nettoie, prot\u00e8ge et apaise d\u00e8s la naissance. Il est id\u00e9al pour les peaux m\u00eame les plus exigeantes. &nbsp;<\/p>\n<p><strong>1 bouteille en verre avec pompe 500 ml<\/strong> <strong>CHF 39.50<\/strong><\/p>\n<\/div>\n<\/div>\n<\/section>\n<\/div>\n<p>&nbsp;<\/p>\n<p>&nbsp;<\/p>\n<h4>TYPE DE PEAU ET UTILISATION<\/h4>\n<div class=\"rah-static rah-static--height-auto\" aria-hidden=\"false\">\n<div>\n<div class=\"_1yvxJ fggS- cell\">\n<div class=\"WncCi\" data-hook=\"info-section-description\">\n<div class=\"rah-static rah-static--height-auto\" aria-hidden=\"false\">\n<div>\n<div class=\"_1yvxJ fggS- cell\">\n<div class=\"WncCi\" data-hook=\"info-section-description\">\n<p>Cette \u00e9mulsion est destin\u00e9e aux peaux exigeantes.<\/p>\n<p>Convient \u00e9galement aux peaux normales.<\/p>\n<p>Agiter le flacon avant l'emploi. Appliquer \u00e0 chaque change \u00e0 l'aide d'une lingette lavable sur la zone des langes. S'utilise sans rin\u00e7age.<\/p>\n<\/div>\n<\/div>\n<\/div>\n<\/div>\n<\/div>\n<\/div>\n<\/div>\n<\/div>\n<h4>INGREDIENTS<\/h4>\n<p>Aqua, Helianthus Annuus Seed Oil*, Calendula Officinalis Flower Extract*, Cera alba, Calcium hydroxide. *Ingr\u00e9dients issus de l\u2019Agriculture biologique<\/p>\n<p>&nbsp;<\/p>\n<p>&nbsp;<\/p>\n<h2>&nbsp;<\/h2>\n<h2>&nbsp;<\/h2>\n<hr>\n<h2>Le Liniment ol\u00e9o-calcaire<\/h2>\n<div class=\"elementor-element elementor-element-f241740 elementor-widget elementor-widget-heading\" data-id=\"f241740\" data-element_type=\"widget\" data-widget_type=\"heading.default\">\n<div class=\"elementor-widget-container\">\n<h4 class=\"elementor-heading-title elementor-size-default\"><a href=\"https:\/\/decoiris.ch\/wp-content\/uploads\/2020\/12\/le-liniment-1.png\"><img loading=\"lazy\" decoding=\"async\" class=\"alignleft wp-image-36440\" src=\"https:\/\/decoiris.ch\/wp-content\/uploads\/2020\/12\/le-liniment-1-130x300.png\" sizes=\"auto, (max-width: 170px) 100vw, 170px\" srcset=\"https:\/\/bien-etreiris.ch\/wp-content\/uploads\/2020\/12\/le-liniment-1-130x300.png 130w, https:\/\/bien-etreiris.ch\/wp-content\/uploads\/2020\/12\/le-liniment-1.png 247w\" alt=\"\" width=\"170\" height=\"391\"><\/a><\/h4>\n<h4>&nbsp;<\/h4>\n<h4>&nbsp;<\/h4>\n<h4 class=\"elementor-heading-title elementor-size-default\">Descriptif<\/h4>\n<\/div>\n<\/div>\n<div class=\"elementor-element elementor-element-a638b50 elementor-widget elementor-widget-text-editor\" data-id=\"a638b50\" data-element_type=\"widget\" data-widget_type=\"text-editor.default\">\n<div class=\"elementor-widget-container\">\n<div class=\"elementor-text-editor elementor-clearfix\">\n<p>Le liniment est un produit traditionnel de soin aux multiples usages compos\u00e9 d\u2019huile v\u00e9g\u00e9tale et d\u2019eau de chaux. Le liniment Ana\u00e9\u00ae est sans conservateur ni \u00e9mulsifiant ni parfum et contient de l\u2019huile bio et fran\u00e7aise. Il respecte ainsi la peau des b\u00e9b\u00e9s mais aussi celle de la famille.<\/p>\n<\/div>\n<\/div>\n<\/div>\n<div class=\"elementor-element elementor-element-2edf2cc elementor-widget elementor-widget-heading\" data-id=\"2edf2cc\" data-element_type=\"widget\" data-widget_type=\"heading.default\">\n<div class=\"elementor-widget-container\">\n<h4 class=\"elementor-heading-title elementor-size-default\">Int\u00e9r\u00eats \u00e9cologiques<\/h4>\n<\/div>\n<\/div>\n<div class=\"elementor-element elementor-element-2a5bcdc elementor-widget elementor-widget-text-editor\" data-id=\"2a5bcdc\" data-element_type=\"widget\" data-widget_type=\"text-editor.default\">\n<div class=\"elementor-widget-container\">\n<div class=\"elementor-text-editor elementor-clearfix\">\n<p>Liniment ol\u00e9ocalcaire. 500ml. 40% du total des ingr\u00e9dients provient de l'agriculture biologique. 100% des ingr\u00e9dients sont d'origine naturelle. Emballage 100% recyclable.<\/p>\n<p>500 ml<strong> CHF 13.90<\/strong><\/p>\n<p>1000 ml CHF 22.90<\/p>\n<\/div>\n<\/div>\n<\/div>\n<p>&nbsp;<\/p>\n<p>&nbsp;<\/p>\n<p>&nbsp;<\/p>\n<h4><strong>Conseils d'utilisation :<\/strong><\/h4>\n<div class=\"starapps-tabs-section\" data-info=\"tabs\" data-value=\"tab2\" data-group=\"group0\">\n<section class=\"starapps-variant starapps_no_variants\">\n<ul style=\"list-style-type: disc;\">\n<li>Nettoyage du change de b\u00e9b\u00e9 et d\u00e9barbouillage.<\/li>\n<li>D\u00e9maquillant parfait !<\/li>\n<li>Hydratation des peaux s\u00e8ches.<\/li>\n<li>Lait de soin pour les irritations cutan\u00e9es.<\/li>\n<li>Traitement des coups de soleil.<\/li>\n<\/ul>\n<\/section>\n<\/div>\n<p>&nbsp;<\/p>\n<p>Le liniment ol\u00e9o-calcaire Ana\u00e9&nbsp;est un lait de toilette tr\u00e8s r\u00e9put\u00e9 pour le change des b\u00e9b\u00e9s (calme les rougeurs et les irritations). Il peut aussi \u00eatre utilis\u00e9 en d\u00e9maquillant visage ou en lait apaisant pour les peaux irrit\u00e9es.<\/p>\n<p>Formul\u00e9 pur <strong>sans aucun additif ni conservateur<\/strong>, il est <strong>non test\u00e9 sur les animaux<\/strong>.<\/p>\n<p>Fabriqu\u00e9 en France \u00e0 partir d'eau de chaux et d'huiles v\u00e9g\u00e9tales de tournesol&nbsp;fran\u00e7aises issues de l'agriculture biologique. Certification Cosmos Organic par Breau Veritas.<\/p>\n<p>&nbsp;<\/p>\n<p>Liniment ol\u00e9ocalcaire. 500ml. 40% du total des ingr\u00e9dients provient de l'agriculture biologique. 100% des ingr\u00e9dients sont d'origine naturelle. Emballage 100% recyclable.<\/p>\n<p>&nbsp;<\/p>\n<h4>Composition:<\/h4>\n<p>Aqua, Helianthus annuus seed oil, Calcium carbonate<\/p>\n<p>&nbsp;<\/p>\n<p>&nbsp;<\/p>\n","protected":false},"excerpt":{"rendered":"<p>Liniment &nbsp; &nbsp; &nbsp; &nbsp; &nbsp; &nbsp; &nbsp; &nbsp; &nbsp; JESSICA PERRIN Cette \u00e9mulsion&nbsp;100% naturelle convient \u00e0 toute la famille. Multifonction, elle est id\u00e9ale pour le change, elle nourrie&nbsp;les peaux de crocodiles et peut m\u00eame d\u00e9maquiller.&nbsp;Le liniment au mac\u00e9rat de calendula BIO&nbsp; nettoie, prot\u00e8ge et apaise d\u00e8s la naissance. Il est id\u00e9al pour les peaux m\u00eame les plus exigeantes. &nbsp;&nbsp;<a href=\"https:\/\/bien-etreiris.ch\/de\/produktpraesentation\/hygiene\/koerperpflege\/babys-und-kinder\/liniment\/\" class=\"read-more\">Weiter lesen<\/a><\/p>\n","protected":false},"author":1,"featured_media":49904,"parent":47833,"menu_order":5260,"comment_status":"closed","ping_status":"closed","template":"page-with-child.php","meta":{"_acf_changed":false,"ngg_post_thumbnail":0,"footnotes":""},"class_list":["post-49906","page","type-page","status-publish","has-post-thumbnail","hentry"],"acf":[],"yoast_head":"<!-- This site is optimized with the Yoast SEO plugin v27.4 - https:\/\/yoast.com\/product\/yoast-seo-wordpress\/ -->\n<title>LINIMENT - WOHLBEFINDEN<\/title>\n<meta name=\"robots\" content=\"index, follow, max-snippet:-1, max-image-preview:large, max-video-preview:-1\" \/>\n<link rel=\"canonical\" href=\"https:\/\/bien-etreiris.ch\/de\/produktpraesentation\/hygiene\/koerperpflege\/babys-und-kinder\/liniment\/\" \/>\n<meta property=\"og:locale\" content=\"de_DE\" \/>\n<meta property=\"og:type\" content=\"article\" \/>\n<meta property=\"og:title\" content=\"LINIMENT - WOHLBEFINDEN\" \/>\n<meta property=\"og:description\" content=\"Liniment &nbsp; &nbsp; &nbsp; &nbsp; &nbsp; &nbsp; &nbsp; &nbsp; &nbsp; JESSICA PERRIN Cette \u00e9mulsion&nbsp;100% naturelle convient \u00e0 toute la famille. Multifonction, elle est id\u00e9ale pour le change, elle nourrie&nbsp;les peaux de crocodiles et peut m\u00eame d\u00e9maquiller.&nbsp;Le liniment au mac\u00e9rat de calendula BIO&nbsp; nettoie, prot\u00e8ge et apaise d\u00e8s la naissance. Il est id\u00e9al pour les peaux m\u00eame les plus exigeantes. &nbsp;&nbsp;Weiter lesen\" \/>\n<meta property=\"og:url\" content=\"https:\/\/bien-etreiris.ch\/de\/produktpraesentation\/hygiene\/koerperpflege\/babys-und-kinder\/liniment\/\" \/>\n<meta property=\"og:site_name\" content=\"WOHLBEFINDEN\" \/>\n<meta property=\"article:publisher\" content=\"https:\/\/www.facebook.com\/bienetreiris\/\" \/>\n<meta property=\"article:modified_time\" content=\"2023-03-07T18:52:48+00:00\" \/>\n<meta property=\"og:image\" content=\"https:\/\/bien-etreiris.ch\/wp-content\/uploads\/2021\/06\/acceuil-liniment.png\" \/>\n\t<meta property=\"og:image:width\" content=\"500\" \/>\n\t<meta property=\"og:image:height\" content=\"359\" \/>\n\t<meta property=\"og:image:type\" content=\"image\/png\" \/>\n<meta name=\"twitter:label1\" content=\"Gesch\u00e4tzte Lesezeit\" \/>\n\t<meta name=\"twitter:data1\" content=\"3\u00a0Minuten\" \/>\n<script type=\"application\/ld+json\" class=\"yoast-schema-graph\">{\"@context\":\"https:\\\/\\\/schema.org\",\"@graph\":[{\"@type\":\"WebPage\",\"@id\":\"https:\\\/\\\/bien-etreiris.ch\\\/de\\\/produktpraesentation\\\/hygiene\\\/koerperpflege\\\/babys-und-kinder\\\/liniment\\\/\",\"url\":\"https:\\\/\\\/bien-etreiris.ch\\\/de\\\/produktpraesentation\\\/hygiene\\\/koerperpflege\\\/babys-und-kinder\\\/liniment\\\/\",\"name\":\"LINIMENT - WOHLBEFINDEN\",\"isPartOf\":{\"@id\":\"https:\\\/\\\/bien-etreiris.ch\\\/de\\\/#website\"},\"primaryImageOfPage\":{\"@id\":\"https:\\\/\\\/bien-etreiris.ch\\\/de\\\/produktpraesentation\\\/hygiene\\\/koerperpflege\\\/babys-und-kinder\\\/liniment\\\/#primaryimage\"},\"image\":{\"@id\":\"https:\\\/\\\/bien-etreiris.ch\\\/de\\\/produktpraesentation\\\/hygiene\\\/koerperpflege\\\/babys-und-kinder\\\/liniment\\\/#primaryimage\"},\"thumbnailUrl\":\"https:\\\/\\\/bien-etreiris.ch\\\/wp-content\\\/uploads\\\/2021\\\/06\\\/acceuil-liniment.png\",\"datePublished\":\"2021-06-07T14:33:56+00:00\",\"dateModified\":\"2023-03-07T18:52:48+00:00\",\"breadcrumb\":{\"@id\":\"https:\\\/\\\/bien-etreiris.ch\\\/de\\\/produktpraesentation\\\/hygiene\\\/koerperpflege\\\/babys-und-kinder\\\/liniment\\\/#breadcrumb\"},\"inLanguage\":\"de\",\"potentialAction\":[{\"@type\":\"ReadAction\",\"target\":[\"https:\\\/\\\/bien-etreiris.ch\\\/de\\\/produktpraesentation\\\/hygiene\\\/koerperpflege\\\/babys-und-kinder\\\/liniment\\\/\"]}]},{\"@type\":\"ImageObject\",\"inLanguage\":\"de\",\"@id\":\"https:\\\/\\\/bien-etreiris.ch\\\/de\\\/produktpraesentation\\\/hygiene\\\/koerperpflege\\\/babys-und-kinder\\\/liniment\\\/#primaryimage\",\"url\":\"https:\\\/\\\/bien-etreiris.ch\\\/wp-content\\\/uploads\\\/2021\\\/06\\\/acceuil-liniment.png\",\"contentUrl\":\"https:\\\/\\\/bien-etreiris.ch\\\/wp-content\\\/uploads\\\/2021\\\/06\\\/acceuil-liniment.png\",\"width\":500,\"height\":359},{\"@type\":\"BreadcrumbList\",\"@id\":\"https:\\\/\\\/bien-etreiris.ch\\\/de\\\/produktpraesentation\\\/hygiene\\\/koerperpflege\\\/babys-und-kinder\\\/liniment\\\/#breadcrumb\",\"itemListElement\":[{\"@type\":\"ListItem\",\"position\":1,\"name\":\"Home\",\"item\":\"https:\\\/\\\/bien-etreiris.ch\\\/de\\\/\"},{\"@type\":\"ListItem\",\"position\":2,\"name\":\"PRODUKTPR\u00c4SENTATION\",\"item\":\"https:\\\/\\\/bien-etreiris.ch\\\/de\\\/produktpraesentation\\\/\"},{\"@type\":\"ListItem\",\"position\":3,\"name\":\"HYGIENE\",\"item\":\"https:\\\/\\\/bien-etreiris.ch\\\/de\\\/produktpraesentation\\\/hygiene\\\/\"},{\"@type\":\"ListItem\",\"position\":4,\"name\":\"K\u00d6RPERPFLEGE\",\"item\":\"https:\\\/\\\/bien-etreiris.ch\\\/de\\\/produktpraesentation\\\/hygiene\\\/koerperpflege\\\/\"},{\"@type\":\"ListItem\",\"position\":5,\"name\":\"BABYS &#038; KINDER\",\"item\":\"https:\\\/\\\/bien-etreiris.ch\\\/de\\\/produktpraesentation\\\/hygiene\\\/koerperpflege\\\/babys-und-kinder\\\/\"},{\"@type\":\"ListItem\",\"position\":6,\"name\":\"LINIMENT\"}]},{\"@type\":\"WebSite\",\"@id\":\"https:\\\/\\\/bien-etreiris.ch\\\/de\\\/#website\",\"url\":\"https:\\\/\\\/bien-etreiris.ch\\\/de\\\/\",\"name\":\"Bien-\u00eatre Iris\",\"description\":\"IHRE Gesundheit ist uns wichtig\",\"potentialAction\":[{\"@type\":\"SearchAction\",\"target\":{\"@type\":\"EntryPoint\",\"urlTemplate\":\"https:\\\/\\\/bien-etreiris.ch\\\/de\\\/?s={search_term_string}\"},\"query-input\":{\"@type\":\"PropertyValueSpecification\",\"valueRequired\":true,\"valueName\":\"search_term_string\"}}],\"inLanguage\":\"de\"}]}<\/script>\n<!-- \/ Yoast SEO plugin. -->","yoast_head_json":{"title":"LINIMENT - WOHLBEFINDEN","robots":{"index":"index","follow":"follow","max-snippet":"max-snippet:-1","max-image-preview":"max-image-preview:large","max-video-preview":"max-video-preview:-1"},"canonical":"https:\/\/bien-etreiris.ch\/de\/produktpraesentation\/hygiene\/koerperpflege\/babys-und-kinder\/liniment\/","og_locale":"de_DE","og_type":"article","og_title":"LINIMENT - WOHLBEFINDEN","og_description":"Liniment &nbsp; &nbsp; &nbsp; &nbsp; &nbsp; &nbsp; &nbsp; &nbsp; &nbsp; JESSICA PERRIN Cette \u00e9mulsion&nbsp;100% naturelle convient \u00e0 toute la famille. Multifonction, elle est id\u00e9ale pour le change, elle nourrie&nbsp;les peaux de crocodiles et peut m\u00eame d\u00e9maquiller.&nbsp;Le liniment au mac\u00e9rat de calendula BIO&nbsp; nettoie, prot\u00e8ge et apaise d\u00e8s la naissance. Il est id\u00e9al pour les peaux m\u00eame les plus exigeantes. &nbsp;&nbsp;Weiter lesen","og_url":"https:\/\/bien-etreiris.ch\/de\/produktpraesentation\/hygiene\/koerperpflege\/babys-und-kinder\/liniment\/","og_site_name":"WOHLBEFINDEN","article_publisher":"https:\/\/www.facebook.com\/bienetreiris\/","article_modified_time":"2023-03-07T18:52:48+00:00","og_image":[{"width":500,"height":359,"url":"https:\/\/bien-etreiris.ch\/wp-content\/uploads\/2021\/06\/acceuil-liniment.png","type":"image\/png"}],"twitter_misc":{"Gesch\u00e4tzte Lesezeit":"3\u00a0Minuten"},"schema":{"@context":"https:\/\/schema.org","@graph":[{"@type":"WebPage","@id":"https:\/\/bien-etreiris.ch\/de\/produktpraesentation\/hygiene\/koerperpflege\/babys-und-kinder\/liniment\/","url":"https:\/\/bien-etreiris.ch\/de\/produktpraesentation\/hygiene\/koerperpflege\/babys-und-kinder\/liniment\/","name":"LINIMENT - WOHLBEFINDEN","isPartOf":{"@id":"https:\/\/bien-etreiris.ch\/de\/#website"},"primaryImageOfPage":{"@id":"https:\/\/bien-etreiris.ch\/de\/produktpraesentation\/hygiene\/koerperpflege\/babys-und-kinder\/liniment\/#primaryimage"},"image":{"@id":"https:\/\/bien-etreiris.ch\/de\/produktpraesentation\/hygiene\/koerperpflege\/babys-und-kinder\/liniment\/#primaryimage"},"thumbnailUrl":"https:\/\/bien-etreiris.ch\/wp-content\/uploads\/2021\/06\/acceuil-liniment.png","datePublished":"2021-06-07T14:33:56+00:00","dateModified":"2023-03-07T18:52:48+00:00","breadcrumb":{"@id":"https:\/\/bien-etreiris.ch\/de\/produktpraesentation\/hygiene\/koerperpflege\/babys-und-kinder\/liniment\/#breadcrumb"},"inLanguage":"de","potentialAction":[{"@type":"ReadAction","target":["https:\/\/bien-etreiris.ch\/de\/produktpraesentation\/hygiene\/koerperpflege\/babys-und-kinder\/liniment\/"]}]},{"@type":"ImageObject","inLanguage":"de","@id":"https:\/\/bien-etreiris.ch\/de\/produktpraesentation\/hygiene\/koerperpflege\/babys-und-kinder\/liniment\/#primaryimage","url":"https:\/\/bien-etreiris.ch\/wp-content\/uploads\/2021\/06\/acceuil-liniment.png","contentUrl":"https:\/\/bien-etreiris.ch\/wp-content\/uploads\/2021\/06\/acceuil-liniment.png","width":500,"height":359},{"@type":"BreadcrumbList","@id":"https:\/\/bien-etreiris.ch\/de\/produktpraesentation\/hygiene\/koerperpflege\/babys-und-kinder\/liniment\/#breadcrumb","itemListElement":[{"@type":"ListItem","position":1,"name":"Home","item":"https:\/\/bien-etreiris.ch\/de\/"},{"@type":"ListItem","position":2,"name":"PRODUKTPR\u00c4SENTATION","item":"https:\/\/bien-etreiris.ch\/de\/produktpraesentation\/"},{"@type":"ListItem","position":3,"name":"HYGIENE","item":"https:\/\/bien-etreiris.ch\/de\/produktpraesentation\/hygiene\/"},{"@type":"ListItem","position":4,"name":"K\u00d6RPERPFLEGE","item":"https:\/\/bien-etreiris.ch\/de\/produktpraesentation\/hygiene\/koerperpflege\/"},{"@type":"ListItem","position":5,"name":"BABYS &#038; KINDER","item":"https:\/\/bien-etreiris.ch\/de\/produktpraesentation\/hygiene\/koerperpflege\/babys-und-kinder\/"},{"@type":"ListItem","position":6,"name":"LINIMENT"}]},{"@type":"WebSite","@id":"https:\/\/bien-etreiris.ch\/de\/#website","url":"https:\/\/bien-etreiris.ch\/de\/","name":"Bien-\u00eatre Iris","description":"IHRE Gesundheit ist uns wichtig","potentialAction":[{"@type":"SearchAction","target":{"@type":"EntryPoint","urlTemplate":"https:\/\/bien-etreiris.ch\/de\/?s={search_term_string}"},"query-input":{"@type":"PropertyValueSpecification","valueRequired":true,"valueName":"search_term_string"}}],"inLanguage":"de"}]}},"_links":{"self":[{"href":"https:\/\/bien-etreiris.ch\/de\/wp-json\/wp\/v2\/pages\/49906","targetHints":{"allow":["GET"]}}],"collection":[{"href":"https:\/\/bien-etreiris.ch\/de\/wp-json\/wp\/v2\/pages"}],"about":[{"href":"https:\/\/bien-etreiris.ch\/de\/wp-json\/wp\/v2\/types\/page"}],"author":[{"embeddable":true,"href":"https:\/\/bien-etreiris.ch\/de\/wp-json\/wp\/v2\/users\/1"}],"replies":[{"embeddable":true,"href":"https:\/\/bien-etreiris.ch\/de\/wp-json\/wp\/v2\/comments?post=49906"}],"version-history":[{"count":7,"href":"https:\/\/bien-etreiris.ch\/de\/wp-json\/wp\/v2\/pages\/49906\/revisions"}],"predecessor-version":[{"id":67530,"href":"https:\/\/bien-etreiris.ch\/de\/wp-json\/wp\/v2\/pages\/49906\/revisions\/67530"}],"up":[{"embeddable":true,"href":"https:\/\/bien-etreiris.ch\/de\/wp-json\/wp\/v2\/pages\/47833"}],"wp:featuredmedia":[{"embeddable":true,"href":"https:\/\/bien-etreiris.ch\/de\/wp-json\/wp\/v2\/media\/49904"}],"wp:attachment":[{"href":"https:\/\/bien-etreiris.ch\/de\/wp-json\/wp\/v2\/media?parent=49906"}],"curies":[{"name":"wp","href":"https:\/\/api.w.org\/{rel}","templated":true}]}}